{"id":15594,"date":"2025-07-25T15:47:42","date_gmt":"2025-07-25T12:47:42","guid":{"rendered":"https:\/\/valika.eu\/?post_type=product&#038;p=15594"},"modified":"2026-03-07T18:41:49","modified_gmt":"2026-03-07T16:41:49","slug":"claresa-cleaner-wipe-off-500-ml","status":"publish","type":"product","link":"https:\/\/valika.eu\/fi\/toode\/claresa-cleaner-wipe-off-500-ml\/","title":{"rendered":"CLARESA CLEANER wipe off 500 ml"},"content":{"rendered":"<p>Etsitk\u00f6 tehokasta tapaa valmistella kynnet manikyyri\u00e4 varten?<\/p>\n<p>Tutustu Cleaner Wipe Off -puhdistusaineeseen! T\u00e4m\u00e4 erikoisneste poistaa rasvan ja puhdistaa kynsilevyn t\u00e4ydellisesti ja tarjoaa ihanteelliset olosuhteet geelilakan ja muiden muotoilutuotteiden levitt\u00e4miseen. Sen kevyt koostumus poistaa nopeasti ja tehokkaasti kaiken lian, rasvan ja j\u00e4\u00e4m\u00e4t, jolloin kynnet ovat valmiita parhaaseen mahdolliseen lopputulokseen.<\/p>\n<p>Helppok\u00e4ytt\u00f6inen, luotettava ja turvallinen \u2013 Cleaner Wipe Off on ehdoton lis\u00e4 manikyyriv\u00e4lineeseesi. Varmista virheett\u00f6m\u00e4t kynnet ja nauti pitk\u00e4kestoisista, kauniista tuloksista!<\/p>\n<p>Desinfioi ja poistaa rasvan kynsilevyst\u00e4<br \/>\nPoistaa tehokkaasti dispersiokerroksen<br \/>\nTakaa tuotteen paremman tarttumisen muotoilupintaan<br \/>\nAntaa korkeakiiltoisen lopputuloksen<br \/>\nHajusteeton<\/p>\n<p>Ainesosat: Isopropyylialkoholi, Vesi<\/p>","protected":false},"excerpt":{"rendered":"<p>Etsitk\u00f6 tehokasta tapaa valmistella kynnet manikyyri\u00e4 varten? Tutustu Cleaner Wipe Off -puhdistusaineeseen! T\u00e4m\u00e4 erikoisneste poistaa rasvan ja puhdistaa kynsilevyn t\u00e4ydellisesti<\/p>\n","protected":false},"featured_media":15595,"template":"","meta":[],"product_brand":[],"product_cat":[598],"product_tag":[],"class_list":{"0":"post-15594","1":"product","2":"type-product","3":"status-publish","4":"has-post-thumbnail","6":"product_cat-cleaner","8":"first","9":"instock","10":"taxable","11":"shipping-taxable","12":"purchasable","13":"product-type-simple"},"yoast_head":"<!-- This site is optimized with the Yoast SEO plugin v24.4 - https:\/\/yoast.com\/wordpress\/plugins\/seo\/ -->\n<title>CLARESA CLEANER wipe off 500 ml | Valika<\/title>\n<meta name=\"robots\" content=\"index, follow, max-snippet:-1, max-image-preview:large, max-video-preview:-1\" \/>\n<link rel=\"canonical\" href=\"https:\/\/valika.eu\/fi\/toode\/claresa-cleaner-wipe-off-500-ml\/\" \/>\n<meta property=\"og:locale\" content=\"fi_FI\" \/>\n<meta property=\"og:type\" content=\"article\" \/>\n<meta property=\"og:title\" content=\"CLARESA CLEANER wipe off 500 ml | Valika\" \/>\n<meta property=\"og:description\" content=\"Etsitk\u00f6 tehokasta tapaa valmistella kynnet manikyyri\u00e4 varten? Tutustu Cleaner Wipe Off -puhdistusaineeseen! T\u00e4m\u00e4 erikoisneste poistaa rasvan ja puhdistaa kynsilevyn t\u00e4ydellisesti\" \/>\n<meta property=\"og:url\" content=\"https:\/\/valika.eu\/fi\/toode\/claresa-cleaner-wipe-off-500-ml\/\" \/>\n<meta property=\"og:site_name\" content=\"Valika\" \/>\n<meta property=\"article:publisher\" content=\"https:\/\/www.facebook.com\/tipsi.net\" \/>\n<meta property=\"article:modified_time\" content=\"2026-03-07T16:41:49+00:00\" \/>\n<meta property=\"og:image\" content=\"https:\/\/valika.eu\/wp-content\/uploads\/2025\/07\/clener.webp\" \/>\n\t<meta property=\"og:image:width\" content=\"1500\" \/>\n\t<meta property=\"og:image:height\" content=\"1500\" \/>\n\t<meta property=\"og:image:type\" content=\"image\/webp\" \/>\n<meta name=\"twitter:card\" content=\"summary_large_image\" \/>\n<script type=\"application\/ld+json\" class=\"yoast-schema-graph\">{\"@context\":\"https:\/\/schema.org\",\"@graph\":[{\"@type\":\"WebPage\",\"@id\":\"https:\/\/valika.eu\/fi\/toode\/claresa-cleaner-wipe-off-500-ml\/\",\"url\":\"https:\/\/valika.eu\/fi\/toode\/claresa-cleaner-wipe-off-500-ml\/\",\"name\":\"CLARESA CLEANER wipe off 500 ml | Valika\",\"isPartOf\":{\"@id\":\"https:\/\/valika.eu\/fi\/#website\"},\"primaryImageOfPage\":{\"@id\":\"https:\/\/valika.eu\/fi\/toode\/claresa-cleaner-wipe-off-500-ml\/#primaryimage\"},\"image\":{\"@id\":\"https:\/\/valika.eu\/toode\/claresa-cleaner-wipe-off-500-ml\/#primaryimage\"},\"thumbnailUrl\":\"https:\/\/valika.eu\/wp-content\/uploads\/2025\/07\/clener.webp\",\"datePublished\":\"2025-07-25T12:47:42+00:00\",\"dateModified\":\"2026-03-07T16:41:49+00:00\",\"breadcrumb\":{\"@id\":\"https:\/\/valika.eu\/fi\/toode\/claresa-cleaner-wipe-off-500-ml\/#breadcrumb\"},\"inLanguage\":\"fi\",\"potentialAction\":[{\"@type\":\"ReadAction\",\"target\":[[\"https:\/\/valika.eu\/fi\/toode\/claresa-cleaner-wipe-off-500-ml\/\"]]}]},{\"@type\":\"ImageObject\",\"inLanguage\":\"fi\",\"@id\":\"https:\/\/valika.eu\/fi\/toode\/claresa-cleaner-wipe-off-500-ml\/#primaryimage\",\"url\":\"https:\/\/valika.eu\/wp-content\/uploads\/2025\/07\/clener.webp\",\"contentUrl\":\"https:\/\/valika.eu\/wp-content\/uploads\/2025\/07\/clener.webp\",\"width\":1500,\"height\":1500},{\"@type\":\"BreadcrumbList\",\"@id\":\"https:\/\/valika.eu\/fi\/toode\/claresa-cleaner-wipe-off-500-ml\/#breadcrumb\",\"itemListElement\":[{\"@type\":\"ListItem\",\"position\":1,\"name\":\"Koti\",\"item\":\"https:\/\/valika.eu\/fi\/\"},{\"@type\":\"ListItem\",\"position\":2,\"name\":\"Shop\",\"item\":\"https:\/\/valika.eu\/fi\/\"},{\"@type\":\"ListItem\",\"position\":3,\"name\":\"CLARESA CLEANER wipe off 500 ml\"}]},{\"@type\":\"WebSite\",\"@id\":\"https:\/\/valika.eu\/fi\/#website\",\"url\":\"https:\/\/valika.eu\/fi\/\",\"name\":\"Valika.eu\",\"description\":\"Salonkituotteet ja kauneudenhoitotuotteet - Valika tarjoaa laajan valikoiman tuotteita ja tarvikkeita kynsiteknikoille, kauneushoitoloille, kampaamoille ja kampaamoille.\",\"publisher\":{\"@id\":\"https:\/\/valika.eu\/fi\/#organization\"},\"alternateName\":\"Valika\",\"potentialAction\":[{\"@type\":\"SearchAction\",\"target\":{\"@type\":\"EntryPoint\",\"urlTemplate\":\"https:\/\/valika.eu\/fi\/?s={search_term_string}\"},\"query-input\":{\"@type\":\"PropertyValueSpecification\",\"valueRequired\":true,\"valueName\":\"search_term_string\"}}],\"inLanguage\":\"fi\"},{\"@type\":\"Organization\",\"@id\":\"https:\/\/valika.eu\/fi\/#organization\",\"name\":\"Salongitoode O\u00dc\",\"alternateName\":\"Valika\",\"url\":\"https:\/\/valika.eu\/fi\/\",\"logo\":{\"@type\":\"ImageObject\",\"inLanguage\":\"fi\",\"@id\":\"https:\/\/valika.eu\/fi\/#\/schema\/logo\/image\/\",\"url\":\"https:\/\/valika.eu\/wp-content\/uploads\/2023\/11\/logo2-valika-footer.png\",\"contentUrl\":\"https:\/\/valika.eu\/wp-content\/uploads\/2023\/11\/logo2-valika-footer.png\",\"width\":200,\"height\":129,\"caption\":\"Salongitoode O\u00dc\"},\"image\":{\"@id\":\"https:\/\/valika.eu\/fi\/#\/schema\/logo\/image\/\"},\"sameAs\":[\"https:\/\/www.facebook.com\/tipsi.net\"]}]}<\/script>\n<!-- \/ Yoast SEO plugin. -->","yoast_head_json":{"title":"CLARESA CLEANER wipe off 500 ml | Valika","robots":{"index":"index","follow":"follow","max-snippet":"max-snippet:-1","max-image-preview":"max-image-preview:large","max-video-preview":"max-video-preview:-1"},"canonical":"https:\/\/valika.eu\/fi\/toode\/claresa-cleaner-wipe-off-500-ml\/","og_locale":"fi_FI","og_type":"article","og_title":"CLARESA CLEANER wipe off 500 ml | Valika","og_description":"Etsitk\u00f6 tehokasta tapaa valmistella kynnet manikyyri\u00e4 varten? Tutustu Cleaner Wipe Off -puhdistusaineeseen! T\u00e4m\u00e4 erikoisneste poistaa rasvan ja puhdistaa kynsilevyn t\u00e4ydellisesti","og_url":"https:\/\/valika.eu\/fi\/toode\/claresa-cleaner-wipe-off-500-ml\/","og_site_name":"Valika","article_publisher":"https:\/\/www.facebook.com\/tipsi.net","article_modified_time":"2026-03-07T16:41:49+00:00","og_image":[{"width":1500,"height":1500,"url":"https:\/\/valika.eu\/wp-content\/uploads\/2025\/07\/clener.webp","type":"image\/webp"}],"twitter_card":"summary_large_image","schema":{"@context":"https:\/\/schema.org","@graph":[{"@type":"WebPage","@id":"https:\/\/valika.eu\/fi\/toode\/claresa-cleaner-wipe-off-500-ml\/","url":"https:\/\/valika.eu\/fi\/toode\/claresa-cleaner-wipe-off-500-ml\/","name":"CLARESA CLEANER wipe off 500 ml | Valika","isPartOf":{"@id":"https:\/\/valika.eu\/fi\/#website"},"primaryImageOfPage":{"@id":"https:\/\/valika.eu\/fi\/toode\/claresa-cleaner-wipe-off-500-ml\/#primaryimage"},"image":{"@id":"https:\/\/valika.eu\/toode\/claresa-cleaner-wipe-off-500-ml\/#primaryimage"},"thumbnailUrl":"https:\/\/valika.eu\/wp-content\/uploads\/2025\/07\/clener.webp","datePublished":"2025-07-25T12:47:42+00:00","dateModified":"2026-03-07T16:41:49+00:00","breadcrumb":{"@id":"https:\/\/valika.eu\/fi\/toode\/claresa-cleaner-wipe-off-500-ml\/#breadcrumb"},"inLanguage":"fi","potentialAction":[{"@type":"ReadAction","target":[["https:\/\/valika.eu\/fi\/toode\/claresa-cleaner-wipe-off-500-ml\/"]]}]},{"@type":"ImageObject","inLanguage":"fi","@id":"https:\/\/valika.eu\/fi\/toode\/claresa-cleaner-wipe-off-500-ml\/#primaryimage","url":"https:\/\/valika.eu\/wp-content\/uploads\/2025\/07\/clener.webp","contentUrl":"https:\/\/valika.eu\/wp-content\/uploads\/2025\/07\/clener.webp","width":1500,"height":1500},{"@type":"BreadcrumbList","@id":"https:\/\/valika.eu\/fi\/toode\/claresa-cleaner-wipe-off-500-ml\/#breadcrumb","itemListElement":[{"@type":"ListItem","position":1,"name":"Koti","item":"https:\/\/valika.eu\/fi\/"},{"@type":"ListItem","position":2,"name":"Shop","item":"https:\/\/valika.eu\/fi\/"},{"@type":"ListItem","position":3,"name":"CLARESA CLEANER wipe off 500 ml"}]},{"@type":"WebSite","@id":"https:\/\/valika.eu\/fi\/#website","url":"https:\/\/valika.eu\/fi\/","name":"Valika.eu","description":"Salonkituotteet ja kauneudenhoitotuotteet - Valika tarjoaa laajan valikoiman tuotteita ja tarvikkeita kynsiteknikoille, kauneushoitoloille, kampaamoille ja kampaamoille.","publisher":{"@id":"https:\/\/valika.eu\/fi\/#organization"},"alternateName":"Valika","potentialAction":[{"@type":"SearchAction","target":{"@type":"EntryPoint","urlTemplate":"https:\/\/valika.eu\/fi\/?s={search_term_string}"},"query-input":{"@type":"PropertyValueSpecification","valueRequired":true,"valueName":"search_term_string"}}],"inLanguage":"fi"},{"@type":"Organization","@id":"https:\/\/valika.eu\/fi\/#organization","name":"Salongitoode O\u00dc","alternateName":"Valika","url":"https:\/\/valika.eu\/fi\/","logo":{"@type":"ImageObject","inLanguage":"fi","@id":"https:\/\/valika.eu\/fi\/#\/schema\/logo\/image\/","url":"https:\/\/valika.eu\/wp-content\/uploads\/2023\/11\/logo2-valika-footer.png","contentUrl":"https:\/\/valika.eu\/wp-content\/uploads\/2023\/11\/logo2-valika-footer.png","width":200,"height":129,"caption":"Salongitoode O\u00dc"},"image":{"@id":"https:\/\/valika.eu\/fi\/#\/schema\/logo\/image\/"},"sameAs":["https:\/\/www.facebook.com\/tipsi.net"]}]}},"jetpack_sharing_enabled":true,"_links":{"self":[{"href":"https:\/\/valika.eu\/fi\/wp-json\/wp\/v2\/product\/15594","targetHints":{"allow":["GET"]}}],"collection":[{"href":"https:\/\/valika.eu\/fi\/wp-json\/wp\/v2\/product"}],"about":[{"href":"https:\/\/valika.eu\/fi\/wp-json\/wp\/v2\/types\/product"}],"wp:featuredmedia":[{"embeddable":true,"href":"https:\/\/valika.eu\/fi\/wp-json\/wp\/v2\/media\/15595"}],"wp:attachment":[{"href":"https:\/\/valika.eu\/fi\/wp-json\/wp\/v2\/media?parent=15594"}],"wp:term":[{"taxonomy":"product_brand","embeddable":true,"href":"https:\/\/valika.eu\/fi\/wp-json\/wp\/v2\/product_brand?post=15594"},{"taxonomy":"product_cat","embeddable":true,"href":"https:\/\/valika.eu\/fi\/wp-json\/wp\/v2\/product_cat?post=15594"},{"taxonomy":"product_tag","embeddable":true,"href":"https:\/\/valika.eu\/fi\/wp-json\/wp\/v2\/product_tag?post=15594"}],"curies":[{"name":"wp","href":"https:\/\/api.w.org\/{rel}","templated":true}]}}