{"id":15597,"date":"2025-07-26T20:17:36","date_gmt":"2025-07-26T17:17:36","guid":{"rendered":"https:\/\/valika.eu\/?post_type=product&#038;p=15597"},"modified":"2026-03-18T20:24:14","modified_gmt":"2026-03-18T18:24:14","slug":"palu-pro-master-bottle-gel-soft-harmony-11g","status":"publish","type":"product","link":"https:\/\/valika.eu\/fi\/toode\/palu-pro-master-bottle-gel-soft-harmony-11g\/","title":{"rendered":"PALU PRO MASTER BOTTLE GEL &#8211; SOFT HARMONY 11g"},"content":{"rendered":"<p>Etsitk\u00f6 tuotetta, joka tehostaa ja nopeuttaa p\u00e4ivitt\u00e4ist\u00e4 ty\u00f6t\u00e4si? Etsitk\u00f6 internetist\u00e4 jotain, joka tekee enemm\u00e4n yhdell\u00e4 kertaa? Pro Master Bottle Gel on tuote, joka tekee ty\u00f6st\u00e4si ehdottomasti helpompaa!<\/p>\n<p>Pro Master Bottle Gel on hapoton geeli pullossa ja siveltimell\u00e4, joka on suunniteltu lis\u00e4\u00e4m\u00e4\u00e4n ty\u00f6mukavuutta ja tehokkuutta kaiken tasoisille stylisteille. Sen keskipaksu koostumus ja itsest\u00e4\u00e4n tasoittuvat ominaisuudet mahdollistavat minimaalisen muotoiluajan ja &#8220;viilaamattoman&#8221; geelitekniikan k\u00e4yt\u00f6n. Pro Master Bottle Gel on keskikova, joten se sopii k\u00e4ytett\u00e4v\u00e4ksi luonnonkynsien kanssa ilman pohjalakkaa. Tarkasti s\u00e4\u00e4detty geelin viskositeetti varmistaa helpon siveltimen irtoamisen ja levitt\u00e4misen. Kovettumisen j\u00e4lkeen geelill\u00e4 on tahmea estokerros. Se sis\u00e4lt\u00e4\u00e4 liimoja ja tarttumista edist\u00e4v\u00e4\u00e4 ainetta, jotka lis\u00e4\u00e4v\u00e4t tarttumista luonnonkynsilevyyn, sek\u00e4 rakennusaineita.<\/p>\n<p>Erityisesti suositeltava nopeisiin lis\u00e4yksiin ja muotoilukorjauksiin. Se toimii hyvin my\u00f6s lyhyiden pidennysten (enint\u00e4\u00e4n 3 mm) kanssa ja luonnonkynsien kovettamiseen. Geeli on kest\u00e4v\u00e4 ja est\u00e4\u00e4 tyylien rikkoutumisen tai halkeilun.<\/p>\n<p>Saatavilla 11 v\u00e4riss\u00e4 (l\u00e4pin\u00e4kyv\u00e4 ja 10 peitt\u00e4v\u00e4 v\u00e4ri), se sopii hyvin sek\u00e4 yksin ett\u00e4 kynsienkoristelun, kuten ranskalaisen manikyyrin ja baby boomerien, kanssa. Se luo luonnollisen n\u00e4k\u00f6isen, vahvistetun kynsiefektin.<\/p>\n<p>KIRKAS \u2013 l\u00e4pin\u00e4kyv\u00e4<br \/>\nSOFT WHITE \u2013 herkk\u00e4 maitovalkoinen s\u00e4vy, peitt\u00e4\u00e4 60 %<br \/>\nBRIGHT WHITE \u2013 maitovalkoinen kimaltelevilla hiukkasilla, peitt\u00e4\u00e4 60 %<br \/>\nCLASSIC COVER \u2013 klassinen, suosituin peittogeelin v\u00e4ri, peitt\u00e4\u00e4 60 %<br \/>\nJUST PINK \u2013 yksinkertaisesti herkk\u00e4 vaaleanpunainen s\u00e4vy, peitt\u00e4\u00e4 60 %<br \/>\nGOLDEN PINK \u2013 kirkas, vaalea vaaleanpunainen s\u00e4vy kultaisilla hiukkasilla, peitt\u00e4\u00e4 60 %<br \/>\nPEARL SAND \u2013 hienovarainen, kermainen beigen s\u00e4vy hopeaisilla hiukkasilla, peitt\u00e4\u00e4 60 %<br \/>\nSOFT HARMONY \u2013 herkk\u00e4 persikkainen beigen s\u00e4vy, peitt\u00e4\u00e4 60 %<br \/>\nPALE PINK \u2013 hienovarainen, vaalea vaaleanpunainen s\u00e4vy, peitt\u00e4\u00e4 60 %<br \/>\nSILVER PETAL \u2013 vaaleanpunainen-violetti s\u00e4vy hopeaisilla hiukkasilla, peitt\u00e4\u00e4 60 %<br \/>\nROSE FLAKES \u2013 vaalea v\u00e4ri leikatulla ruusukultafoliolla, peitt\u00e4\u00e4 60 %<br \/>\nP\u00e4\u00e4ominaisuudet:<\/p>\n<p>itsetasoittuva<br \/>\nkeskipaksu koostumus<br \/>\nkorkea tarttuvuus<br \/>\nkeskikova polymeroinnin j\u00e4lkeen<br \/>\n60 % Peittokyky<br \/>\nYksi vaihe \u2013 ei tarvitse pohjamaalia<br \/>\nNopeuttaa ja helpottaa ty\u00f6t\u00e4<br \/>\nK\u00e4tev\u00e4 levitys pullosta siveltimell\u00e4<br \/>\nLevitys: lis\u00e4ykset, kynsien pidennykset, luonnollisten kynsien kovettaminen, vaurioituneiden kynsien korjaus<br \/>\nKovettumisaika: 60 sekuntia. UV-LED-lamppu<br \/>\nTilavuus: 11 g<br \/>\nK\u00e4ytt\u00f6ohjeet:<\/p>\n<p>Levit\u00e4 hapoton pohjustusvoide valmistellulle ja tahriintuneelle kynsilevylle ja odota noin 20\u201330 sekuntia. Levit\u00e4 sitten ohut kerros Pro Master -pullogeeli\u00e4. Hetken kuluttua lis\u00e4\u00e4 pieni geelivana kynnen keskelle ja levit\u00e4 se kynnen pinnalle. Voit k\u00e4ytt\u00e4\u00e4 apuna ohutta sivellint\u00e4. Koveta UV-LED-lampussa v\u00e4hint\u00e4\u00e4n 60 sekuntia. Puhdista tarvittaessa puhdistusaineella ja viilaa kynsilevy.<\/p>","protected":false},"excerpt":{"rendered":"<p>Etsitk\u00f6 tuotetta, joka tehostaa ja nopeuttaa p\u00e4ivitt\u00e4ist\u00e4 ty\u00f6t\u00e4si? Etsitk\u00f6 internetist\u00e4 jotain, joka tekee enemm\u00e4n yhdell\u00e4 kertaa? Pro Master Bottle Gel<\/p>\n","protected":false},"featured_media":15598,"template":"","meta":[],"product_brand":[],"product_cat":[567,37],"product_tag":[],"class_list":{"0":"post-15597","1":"product","2":"type-product","3":"status-publish","4":"has-post-thumbnail","6":"product_cat-palutopbase","7":"product_cat-alusgeelid","9":"first","10":"instock","11":"taxable","12":"shipping-taxable","13":"purchasable","14":"product-type-simple"},"yoast_head":"<!-- This site is optimized with the Yoast SEO plugin v24.4 - https:\/\/yoast.com\/wordpress\/plugins\/seo\/ -->\n<title>PALU PRO MASTER BOTTLE GEL - SOFT HARMONY 11g | Valika<\/title>\n<meta name=\"robots\" content=\"index, follow, max-snippet:-1, max-image-preview:large, max-video-preview:-1\" \/>\n<link rel=\"canonical\" href=\"https:\/\/valika.eu\/fi\/toode\/palu-pro-master-bottle-gel-soft-harmony-11g\/\" \/>\n<meta property=\"og:locale\" content=\"fi_FI\" \/>\n<meta property=\"og:type\" content=\"article\" \/>\n<meta property=\"og:title\" content=\"PALU PRO MASTER BOTTLE GEL - SOFT HARMONY 11g | Valika\" \/>\n<meta property=\"og:description\" content=\"Etsitk\u00f6 tuotetta, joka tehostaa ja nopeuttaa p\u00e4ivitt\u00e4ist\u00e4 ty\u00f6t\u00e4si? Etsitk\u00f6 internetist\u00e4 jotain, joka tekee enemm\u00e4n yhdell\u00e4 kertaa? Pro Master Bottle Gel\" \/>\n<meta property=\"og:url\" content=\"https:\/\/valika.eu\/fi\/toode\/palu-pro-master-bottle-gel-soft-harmony-11g\/\" \/>\n<meta property=\"og:site_name\" content=\"Valika\" \/>\n<meta property=\"article:publisher\" content=\"https:\/\/www.facebook.com\/tipsi.net\" \/>\n<meta property=\"article:modified_time\" content=\"2026-03-18T18:24:14+00:00\" \/>\n<meta property=\"og:image\" content=\"https:\/\/valika.eu\/wp-content\/uploads\/2025\/07\/soft.webp\" \/>\n\t<meta property=\"og:image:width\" content=\"1500\" \/>\n\t<meta property=\"og:image:height\" content=\"1500\" \/>\n\t<meta property=\"og:image:type\" content=\"image\/webp\" \/>\n<meta name=\"twitter:card\" content=\"summary_large_image\" \/>\n<script type=\"application\/ld+json\" class=\"yoast-schema-graph\">{\"@context\":\"https:\/\/schema.org\",\"@graph\":[{\"@type\":\"WebPage\",\"@id\":\"https:\/\/valika.eu\/fi\/toode\/palu-pro-master-bottle-gel-soft-harmony-11g\/\",\"url\":\"https:\/\/valika.eu\/fi\/toode\/palu-pro-master-bottle-gel-soft-harmony-11g\/\",\"name\":\"PALU PRO MASTER BOTTLE GEL - SOFT HARMONY 11g | Valika\",\"isPartOf\":{\"@id\":\"https:\/\/valika.eu\/fi\/#website\"},\"primaryImageOfPage\":{\"@id\":\"https:\/\/valika.eu\/fi\/toode\/palu-pro-master-bottle-gel-soft-harmony-11g\/#primaryimage\"},\"image\":{\"@id\":\"https:\/\/valika.eu\/toode\/palu-pro-master-bottle-gel-soft-harmony-11g\/#primaryimage\"},\"thumbnailUrl\":\"https:\/\/valika.eu\/wp-content\/uploads\/2025\/07\/soft.webp\",\"datePublished\":\"2025-07-26T17:17:36+00:00\",\"dateModified\":\"2026-03-18T18:24:14+00:00\",\"breadcrumb\":{\"@id\":\"https:\/\/valika.eu\/fi\/toode\/palu-pro-master-bottle-gel-soft-harmony-11g\/#breadcrumb\"},\"inLanguage\":\"fi\",\"potentialAction\":[{\"@type\":\"ReadAction\",\"target\":[[\"https:\/\/valika.eu\/fi\/toode\/palu-pro-master-bottle-gel-soft-harmony-11g\/\"]]}]},{\"@type\":\"ImageObject\",\"inLanguage\":\"fi\",\"@id\":\"https:\/\/valika.eu\/fi\/toode\/palu-pro-master-bottle-gel-soft-harmony-11g\/#primaryimage\",\"url\":\"https:\/\/valika.eu\/wp-content\/uploads\/2025\/07\/soft.webp\",\"contentUrl\":\"https:\/\/valika.eu\/wp-content\/uploads\/2025\/07\/soft.webp\",\"width\":1500,\"height\":1500},{\"@type\":\"BreadcrumbList\",\"@id\":\"https:\/\/valika.eu\/fi\/toode\/palu-pro-master-bottle-gel-soft-harmony-11g\/#breadcrumb\",\"itemListElement\":[{\"@type\":\"ListItem\",\"position\":1,\"name\":\"Koti\",\"item\":\"https:\/\/valika.eu\/fi\/\"},{\"@type\":\"ListItem\",\"position\":2,\"name\":\"Shop\",\"item\":\"https:\/\/valika.eu\/fi\/\"},{\"@type\":\"ListItem\",\"position\":3,\"name\":\"PALU PRO MASTER BOTTLE GEL &#8211; SOFT HARMONY 11g\"}]},{\"@type\":\"WebSite\",\"@id\":\"https:\/\/valika.eu\/fi\/#website\",\"url\":\"https:\/\/valika.eu\/fi\/\",\"name\":\"Valika.eu\",\"description\":\"Salonkituotteet ja kauneudenhoitotuotteet - Valika tarjoaa laajan valikoiman tuotteita ja tarvikkeita kynsiteknikoille, kauneushoitoloille, kampaamoille ja kampaamoille.\",\"publisher\":{\"@id\":\"https:\/\/valika.eu\/fi\/#organization\"},\"alternateName\":\"Valika\",\"potentialAction\":[{\"@type\":\"SearchAction\",\"target\":{\"@type\":\"EntryPoint\",\"urlTemplate\":\"https:\/\/valika.eu\/fi\/?s={search_term_string}\"},\"query-input\":{\"@type\":\"PropertyValueSpecification\",\"valueRequired\":true,\"valueName\":\"search_term_string\"}}],\"inLanguage\":\"fi\"},{\"@type\":\"Organization\",\"@id\":\"https:\/\/valika.eu\/fi\/#organization\",\"name\":\"Salongitoode O\u00dc\",\"alternateName\":\"Valika\",\"url\":\"https:\/\/valika.eu\/fi\/\",\"logo\":{\"@type\":\"ImageObject\",\"inLanguage\":\"fi\",\"@id\":\"https:\/\/valika.eu\/fi\/#\/schema\/logo\/image\/\",\"url\":\"https:\/\/valika.eu\/wp-content\/uploads\/2023\/11\/logo2-valika-footer.png\",\"contentUrl\":\"https:\/\/valika.eu\/wp-content\/uploads\/2023\/11\/logo2-valika-footer.png\",\"width\":200,\"height\":129,\"caption\":\"Salongitoode O\u00dc\"},\"image\":{\"@id\":\"https:\/\/valika.eu\/fi\/#\/schema\/logo\/image\/\"},\"sameAs\":[\"https:\/\/www.facebook.com\/tipsi.net\"]}]}<\/script>\n<!-- \/ Yoast SEO plugin. -->","yoast_head_json":{"title":"PALU PRO MASTER BOTTLE GEL - SOFT HARMONY 11g | Valika","robots":{"index":"index","follow":"follow","max-snippet":"max-snippet:-1","max-image-preview":"max-image-preview:large","max-video-preview":"max-video-preview:-1"},"canonical":"https:\/\/valika.eu\/fi\/toode\/palu-pro-master-bottle-gel-soft-harmony-11g\/","og_locale":"fi_FI","og_type":"article","og_title":"PALU PRO MASTER BOTTLE GEL - SOFT HARMONY 11g | Valika","og_description":"Etsitk\u00f6 tuotetta, joka tehostaa ja nopeuttaa p\u00e4ivitt\u00e4ist\u00e4 ty\u00f6t\u00e4si? Etsitk\u00f6 internetist\u00e4 jotain, joka tekee enemm\u00e4n yhdell\u00e4 kertaa? Pro Master Bottle Gel","og_url":"https:\/\/valika.eu\/fi\/toode\/palu-pro-master-bottle-gel-soft-harmony-11g\/","og_site_name":"Valika","article_publisher":"https:\/\/www.facebook.com\/tipsi.net","article_modified_time":"2026-03-18T18:24:14+00:00","og_image":[{"width":1500,"height":1500,"url":"https:\/\/valika.eu\/wp-content\/uploads\/2025\/07\/soft.webp","type":"image\/webp"}],"twitter_card":"summary_large_image","schema":{"@context":"https:\/\/schema.org","@graph":[{"@type":"WebPage","@id":"https:\/\/valika.eu\/fi\/toode\/palu-pro-master-bottle-gel-soft-harmony-11g\/","url":"https:\/\/valika.eu\/fi\/toode\/palu-pro-master-bottle-gel-soft-harmony-11g\/","name":"PALU PRO MASTER BOTTLE GEL - SOFT HARMONY 11g | Valika","isPartOf":{"@id":"https:\/\/valika.eu\/fi\/#website"},"primaryImageOfPage":{"@id":"https:\/\/valika.eu\/fi\/toode\/palu-pro-master-bottle-gel-soft-harmony-11g\/#primaryimage"},"image":{"@id":"https:\/\/valika.eu\/toode\/palu-pro-master-bottle-gel-soft-harmony-11g\/#primaryimage"},"thumbnailUrl":"https:\/\/valika.eu\/wp-content\/uploads\/2025\/07\/soft.webp","datePublished":"2025-07-26T17:17:36+00:00","dateModified":"2026-03-18T18:24:14+00:00","breadcrumb":{"@id":"https:\/\/valika.eu\/fi\/toode\/palu-pro-master-bottle-gel-soft-harmony-11g\/#breadcrumb"},"inLanguage":"fi","potentialAction":[{"@type":"ReadAction","target":[["https:\/\/valika.eu\/fi\/toode\/palu-pro-master-bottle-gel-soft-harmony-11g\/"]]}]},{"@type":"ImageObject","inLanguage":"fi","@id":"https:\/\/valika.eu\/fi\/toode\/palu-pro-master-bottle-gel-soft-harmony-11g\/#primaryimage","url":"https:\/\/valika.eu\/wp-content\/uploads\/2025\/07\/soft.webp","contentUrl":"https:\/\/valika.eu\/wp-content\/uploads\/2025\/07\/soft.webp","width":1500,"height":1500},{"@type":"BreadcrumbList","@id":"https:\/\/valika.eu\/fi\/toode\/palu-pro-master-bottle-gel-soft-harmony-11g\/#breadcrumb","itemListElement":[{"@type":"ListItem","position":1,"name":"Koti","item":"https:\/\/valika.eu\/fi\/"},{"@type":"ListItem","position":2,"name":"Shop","item":"https:\/\/valika.eu\/fi\/"},{"@type":"ListItem","position":3,"name":"PALU PRO MASTER BOTTLE GEL &#8211; SOFT HARMONY 11g"}]},{"@type":"WebSite","@id":"https:\/\/valika.eu\/fi\/#website","url":"https:\/\/valika.eu\/fi\/","name":"Valika.eu","description":"Salonkituotteet ja kauneudenhoitotuotteet - Valika tarjoaa laajan valikoiman tuotteita ja tarvikkeita kynsiteknikoille, kauneushoitoloille, kampaamoille ja kampaamoille.","publisher":{"@id":"https:\/\/valika.eu\/fi\/#organization"},"alternateName":"Valika","potentialAction":[{"@type":"SearchAction","target":{"@type":"EntryPoint","urlTemplate":"https:\/\/valika.eu\/fi\/?s={search_term_string}"},"query-input":{"@type":"PropertyValueSpecification","valueRequired":true,"valueName":"search_term_string"}}],"inLanguage":"fi"},{"@type":"Organization","@id":"https:\/\/valika.eu\/fi\/#organization","name":"Salongitoode O\u00dc","alternateName":"Valika","url":"https:\/\/valika.eu\/fi\/","logo":{"@type":"ImageObject","inLanguage":"fi","@id":"https:\/\/valika.eu\/fi\/#\/schema\/logo\/image\/","url":"https:\/\/valika.eu\/wp-content\/uploads\/2023\/11\/logo2-valika-footer.png","contentUrl":"https:\/\/valika.eu\/wp-content\/uploads\/2023\/11\/logo2-valika-footer.png","width":200,"height":129,"caption":"Salongitoode O\u00dc"},"image":{"@id":"https:\/\/valika.eu\/fi\/#\/schema\/logo\/image\/"},"sameAs":["https:\/\/www.facebook.com\/tipsi.net"]}]}},"jetpack_sharing_enabled":true,"_links":{"self":[{"href":"https:\/\/valika.eu\/fi\/wp-json\/wp\/v2\/product\/15597","targetHints":{"allow":["GET"]}}],"collection":[{"href":"https:\/\/valika.eu\/fi\/wp-json\/wp\/v2\/product"}],"about":[{"href":"https:\/\/valika.eu\/fi\/wp-json\/wp\/v2\/types\/product"}],"wp:featuredmedia":[{"embeddable":true,"href":"https:\/\/valika.eu\/fi\/wp-json\/wp\/v2\/media\/15598"}],"wp:attachment":[{"href":"https:\/\/valika.eu\/fi\/wp-json\/wp\/v2\/media?parent=15597"}],"wp:term":[{"taxonomy":"product_brand","embeddable":true,"href":"https:\/\/valika.eu\/fi\/wp-json\/wp\/v2\/product_brand?post=15597"},{"taxonomy":"product_cat","embeddable":true,"href":"https:\/\/valika.eu\/fi\/wp-json\/wp\/v2\/product_cat?post=15597"},{"taxonomy":"product_tag","embeddable":true,"href":"https:\/\/valika.eu\/fi\/wp-json\/wp\/v2\/product_tag?post=15597"}],"curies":[{"name":"wp","href":"https:\/\/api.w.org\/{rel}","templated":true}]}}