{"id":15612,"date":"2025-07-26T20:46:38","date_gmt":"2025-07-26T17:46:38","guid":{"rendered":"https:\/\/valika.eu\/?post_type=product&#038;p=15612"},"modified":"2026-02-10T17:10:38","modified_gmt":"2026-02-10T15:10:38","slug":"unicorn-glow-3","status":"publish","type":"product","link":"https:\/\/valika.eu\/fi\/toode\/unicorn-glow-3\/","title":{"rendered":"Unicorn Glow 3"},"content":{"rendered":"<p>Unicorn Glow -kokoelma yhdist\u00e4\u00e4 hienovaraisia, puolil\u00e4pin\u00e4kyvi\u00e4 s\u00e4vyj\u00e4 ja valoa taittavia opaalinhohtoisia hiukkasia luoden moniulotteisen vaikutelman. Jokainen v\u00e4ri muuttuu valokulman mukaan antaen kynsille satumaisen, maagisen hehkun.<\/p>\n<p>Tehosta vaikutusta ja peitt\u00e4vyytt\u00e4 levitt\u00e4m\u00e4ll\u00e4 kerroksia per\u00e4kk\u00e4in.<\/p>\n<p>UNICORN GLOW 3<\/p>\n<p>L\u00e4mmin, puolil\u00e4pin\u00e4kyv\u00e4 kulta-meripihkan s\u00e4vy, joka hohtaa helmi\u00e4ism\u00e4isin heijastuksin. T\u00e4m\u00e4 on t\u00e4ydellinen valinta niille, jotka rakastavat l\u00e4mpimi\u00e4, kultaisia s\u00e4vyj\u00e4 ja haluavat lis\u00e4t\u00e4 kynsiins\u00e4 elegantin, valoisan aksentin.<\/p>\n<p>UNICORN GLOW on:<\/p>\n<p>\u2728 Moniulotteisia, opaalinhohtoisia hiukkasia \u2013 luovat valoisan pintaefektin ja maagisen hehkun.<\/p>\n<p>\u2728 Puolil\u00e4pin\u00e4kyvi\u00e4 v\u00e4rej\u00e4 \u2013 mahdollistavat hienovaraisen tai intensiivisemm\u00e4n vaikutelman per\u00e4kk\u00e4isill\u00e4 kerroksilla. \u2728 Kameleonttiefekti \u2013 heijastukset muuttuvat valokulman mukaan.<\/p>\n<p>Mik\u00e4 v\u00e4ri varasti syd\u00e4mesi? \u2728<\/p>","protected":false},"excerpt":{"rendered":"<p>Unicorn Glow -kokoelma yhdist\u00e4\u00e4 hienovaraisia, puolil\u00e4pin\u00e4kyvi\u00e4 s\u00e4vyj\u00e4 ja valoa taittavia opaalinhohtoisia hiukkasia luoden moniulotteisen vaikutelman. Jokainen v\u00e4ri muuttuu valokulman mukaan<\/p>\n","protected":false},"featured_media":15613,"template":"","meta":[],"product_brand":[],"product_cat":[718],"product_tag":[],"class_list":{"0":"post-15612","1":"product","2":"type-product","3":"status-publish","4":"has-post-thumbnail","6":"product_cat-unicorn-glow","8":"first","9":"instock","10":"taxable","11":"shipping-taxable","12":"purchasable","13":"product-type-simple"},"yoast_head":"<!-- This site is optimized with the Yoast SEO plugin v24.4 - https:\/\/yoast.com\/wordpress\/plugins\/seo\/ -->\n<title>Unicorn Glow 3 | Valika<\/title>\n<meta name=\"robots\" content=\"index, follow, max-snippet:-1, max-image-preview:large, max-video-preview:-1\" \/>\n<link rel=\"canonical\" href=\"https:\/\/valika.eu\/fi\/toode\/unicorn-glow-3\/\" \/>\n<meta property=\"og:locale\" content=\"fi_FI\" \/>\n<meta property=\"og:type\" content=\"article\" \/>\n<meta property=\"og:title\" content=\"Unicorn Glow 3 | Valika\" \/>\n<meta property=\"og:description\" content=\"Unicorn Glow -kokoelma yhdist\u00e4\u00e4 hienovaraisia, puolil\u00e4pin\u00e4kyvi\u00e4 s\u00e4vyj\u00e4 ja valoa taittavia opaalinhohtoisia hiukkasia luoden moniulotteisen vaikutelman. Jokainen v\u00e4ri muuttuu valokulman mukaan\" \/>\n<meta property=\"og:url\" content=\"https:\/\/valika.eu\/fi\/toode\/unicorn-glow-3\/\" \/>\n<meta property=\"og:site_name\" content=\"Valika\" \/>\n<meta property=\"article:publisher\" content=\"https:\/\/www.facebook.com\/tipsi.net\" \/>\n<meta property=\"article:modified_time\" content=\"2026-02-10T15:10:38+00:00\" \/>\n<meta property=\"og:image\" content=\"https:\/\/valika.eu\/wp-content\/uploads\/2025\/07\/yellow.webp\" \/>\n\t<meta property=\"og:image:width\" content=\"1500\" \/>\n\t<meta property=\"og:image:height\" content=\"1500\" \/>\n\t<meta property=\"og:image:type\" content=\"image\/webp\" \/>\n<meta name=\"twitter:card\" content=\"summary_large_image\" \/>\n<script type=\"application\/ld+json\" class=\"yoast-schema-graph\">{\"@context\":\"https:\/\/schema.org\",\"@graph\":[{\"@type\":\"WebPage\",\"@id\":\"https:\/\/valika.eu\/fi\/toode\/unicorn-glow-3\/\",\"url\":\"https:\/\/valika.eu\/fi\/toode\/unicorn-glow-3\/\",\"name\":\"Unicorn Glow 3 | Valika\",\"isPartOf\":{\"@id\":\"https:\/\/valika.eu\/fi\/#website\"},\"primaryImageOfPage\":{\"@id\":\"https:\/\/valika.eu\/fi\/toode\/unicorn-glow-3\/#primaryimage\"},\"image\":{\"@id\":\"https:\/\/valika.eu\/toode\/unicorn-glow-3\/#primaryimage\"},\"thumbnailUrl\":\"https:\/\/valika.eu\/wp-content\/uploads\/2025\/07\/yellow.webp\",\"datePublished\":\"2025-07-26T17:46:38+00:00\",\"dateModified\":\"2026-02-10T15:10:38+00:00\",\"breadcrumb\":{\"@id\":\"https:\/\/valika.eu\/fi\/toode\/unicorn-glow-3\/#breadcrumb\"},\"inLanguage\":\"fi\",\"potentialAction\":[{\"@type\":\"ReadAction\",\"target\":[[\"https:\/\/valika.eu\/fi\/toode\/unicorn-glow-3\/\"]]}]},{\"@type\":\"ImageObject\",\"inLanguage\":\"fi\",\"@id\":\"https:\/\/valika.eu\/fi\/toode\/unicorn-glow-3\/#primaryimage\",\"url\":\"https:\/\/valika.eu\/wp-content\/uploads\/2025\/07\/yellow.webp\",\"contentUrl\":\"https:\/\/valika.eu\/wp-content\/uploads\/2025\/07\/yellow.webp\",\"width\":1500,\"height\":1500},{\"@type\":\"BreadcrumbList\",\"@id\":\"https:\/\/valika.eu\/fi\/toode\/unicorn-glow-3\/#breadcrumb\",\"itemListElement\":[{\"@type\":\"ListItem\",\"position\":1,\"name\":\"Koti\",\"item\":\"https:\/\/valika.eu\/fi\/\"},{\"@type\":\"ListItem\",\"position\":2,\"name\":\"Shop\",\"item\":\"https:\/\/valika.eu\/fi\/\"},{\"@type\":\"ListItem\",\"position\":3,\"name\":\"Unicorn Glow 3\"}]},{\"@type\":\"WebSite\",\"@id\":\"https:\/\/valika.eu\/fi\/#website\",\"url\":\"https:\/\/valika.eu\/fi\/\",\"name\":\"Valika.eu\",\"description\":\"Salonkituotteet ja kauneudenhoitotuotteet - Valika tarjoaa laajan valikoiman tuotteita ja tarvikkeita kynsiteknikoille, kauneushoitoloille, kampaamoille ja kampaamoille.\",\"publisher\":{\"@id\":\"https:\/\/valika.eu\/fi\/#organization\"},\"alternateName\":\"Valika\",\"potentialAction\":[{\"@type\":\"SearchAction\",\"target\":{\"@type\":\"EntryPoint\",\"urlTemplate\":\"https:\/\/valika.eu\/fi\/?s={search_term_string}\"},\"query-input\":{\"@type\":\"PropertyValueSpecification\",\"valueRequired\":true,\"valueName\":\"search_term_string\"}}],\"inLanguage\":\"fi\"},{\"@type\":\"Organization\",\"@id\":\"https:\/\/valika.eu\/fi\/#organization\",\"name\":\"Salongitoode O\u00dc\",\"alternateName\":\"Valika\",\"url\":\"https:\/\/valika.eu\/fi\/\",\"logo\":{\"@type\":\"ImageObject\",\"inLanguage\":\"fi\",\"@id\":\"https:\/\/valika.eu\/fi\/#\/schema\/logo\/image\/\",\"url\":\"https:\/\/valika.eu\/wp-content\/uploads\/2023\/11\/logo2-valika-footer.png\",\"contentUrl\":\"https:\/\/valika.eu\/wp-content\/uploads\/2023\/11\/logo2-valika-footer.png\",\"width\":200,\"height\":129,\"caption\":\"Salongitoode O\u00dc\"},\"image\":{\"@id\":\"https:\/\/valika.eu\/fi\/#\/schema\/logo\/image\/\"},\"sameAs\":[\"https:\/\/www.facebook.com\/tipsi.net\"]}]}<\/script>\n<!-- \/ Yoast SEO plugin. -->","yoast_head_json":{"title":"Unicorn Glow 3 | Valika","robots":{"index":"index","follow":"follow","max-snippet":"max-snippet:-1","max-image-preview":"max-image-preview:large","max-video-preview":"max-video-preview:-1"},"canonical":"https:\/\/valika.eu\/fi\/toode\/unicorn-glow-3\/","og_locale":"fi_FI","og_type":"article","og_title":"Unicorn Glow 3 | Valika","og_description":"Unicorn Glow -kokoelma yhdist\u00e4\u00e4 hienovaraisia, puolil\u00e4pin\u00e4kyvi\u00e4 s\u00e4vyj\u00e4 ja valoa taittavia opaalinhohtoisia hiukkasia luoden moniulotteisen vaikutelman. Jokainen v\u00e4ri muuttuu valokulman mukaan","og_url":"https:\/\/valika.eu\/fi\/toode\/unicorn-glow-3\/","og_site_name":"Valika","article_publisher":"https:\/\/www.facebook.com\/tipsi.net","article_modified_time":"2026-02-10T15:10:38+00:00","og_image":[{"width":1500,"height":1500,"url":"https:\/\/valika.eu\/wp-content\/uploads\/2025\/07\/yellow.webp","type":"image\/webp"}],"twitter_card":"summary_large_image","schema":{"@context":"https:\/\/schema.org","@graph":[{"@type":"WebPage","@id":"https:\/\/valika.eu\/fi\/toode\/unicorn-glow-3\/","url":"https:\/\/valika.eu\/fi\/toode\/unicorn-glow-3\/","name":"Unicorn Glow 3 | Valika","isPartOf":{"@id":"https:\/\/valika.eu\/fi\/#website"},"primaryImageOfPage":{"@id":"https:\/\/valika.eu\/fi\/toode\/unicorn-glow-3\/#primaryimage"},"image":{"@id":"https:\/\/valika.eu\/toode\/unicorn-glow-3\/#primaryimage"},"thumbnailUrl":"https:\/\/valika.eu\/wp-content\/uploads\/2025\/07\/yellow.webp","datePublished":"2025-07-26T17:46:38+00:00","dateModified":"2026-02-10T15:10:38+00:00","breadcrumb":{"@id":"https:\/\/valika.eu\/fi\/toode\/unicorn-glow-3\/#breadcrumb"},"inLanguage":"fi","potentialAction":[{"@type":"ReadAction","target":[["https:\/\/valika.eu\/fi\/toode\/unicorn-glow-3\/"]]}]},{"@type":"ImageObject","inLanguage":"fi","@id":"https:\/\/valika.eu\/fi\/toode\/unicorn-glow-3\/#primaryimage","url":"https:\/\/valika.eu\/wp-content\/uploads\/2025\/07\/yellow.webp","contentUrl":"https:\/\/valika.eu\/wp-content\/uploads\/2025\/07\/yellow.webp","width":1500,"height":1500},{"@type":"BreadcrumbList","@id":"https:\/\/valika.eu\/fi\/toode\/unicorn-glow-3\/#breadcrumb","itemListElement":[{"@type":"ListItem","position":1,"name":"Koti","item":"https:\/\/valika.eu\/fi\/"},{"@type":"ListItem","position":2,"name":"Shop","item":"https:\/\/valika.eu\/fi\/"},{"@type":"ListItem","position":3,"name":"Unicorn Glow 3"}]},{"@type":"WebSite","@id":"https:\/\/valika.eu\/fi\/#website","url":"https:\/\/valika.eu\/fi\/","name":"Valika.eu","description":"Salonkituotteet ja kauneudenhoitotuotteet - Valika tarjoaa laajan valikoiman tuotteita ja tarvikkeita kynsiteknikoille, kauneushoitoloille, kampaamoille ja kampaamoille.","publisher":{"@id":"https:\/\/valika.eu\/fi\/#organization"},"alternateName":"Valika","potentialAction":[{"@type":"SearchAction","target":{"@type":"EntryPoint","urlTemplate":"https:\/\/valika.eu\/fi\/?s={search_term_string}"},"query-input":{"@type":"PropertyValueSpecification","valueRequired":true,"valueName":"search_term_string"}}],"inLanguage":"fi"},{"@type":"Organization","@id":"https:\/\/valika.eu\/fi\/#organization","name":"Salongitoode O\u00dc","alternateName":"Valika","url":"https:\/\/valika.eu\/fi\/","logo":{"@type":"ImageObject","inLanguage":"fi","@id":"https:\/\/valika.eu\/fi\/#\/schema\/logo\/image\/","url":"https:\/\/valika.eu\/wp-content\/uploads\/2023\/11\/logo2-valika-footer.png","contentUrl":"https:\/\/valika.eu\/wp-content\/uploads\/2023\/11\/logo2-valika-footer.png","width":200,"height":129,"caption":"Salongitoode O\u00dc"},"image":{"@id":"https:\/\/valika.eu\/fi\/#\/schema\/logo\/image\/"},"sameAs":["https:\/\/www.facebook.com\/tipsi.net"]}]}},"jetpack_sharing_enabled":true,"_links":{"self":[{"href":"https:\/\/valika.eu\/fi\/wp-json\/wp\/v2\/product\/15612","targetHints":{"allow":["GET"]}}],"collection":[{"href":"https:\/\/valika.eu\/fi\/wp-json\/wp\/v2\/product"}],"about":[{"href":"https:\/\/valika.eu\/fi\/wp-json\/wp\/v2\/types\/product"}],"wp:featuredmedia":[{"embeddable":true,"href":"https:\/\/valika.eu\/fi\/wp-json\/wp\/v2\/media\/15613"}],"wp:attachment":[{"href":"https:\/\/valika.eu\/fi\/wp-json\/wp\/v2\/media?parent=15612"}],"wp:term":[{"taxonomy":"product_brand","embeddable":true,"href":"https:\/\/valika.eu\/fi\/wp-json\/wp\/v2\/product_brand?post=15612"},{"taxonomy":"product_cat","embeddable":true,"href":"https:\/\/valika.eu\/fi\/wp-json\/wp\/v2\/product_cat?post=15612"},{"taxonomy":"product_tag","embeddable":true,"href":"https:\/\/valika.eu\/fi\/wp-json\/wp\/v2\/product_tag?post=15612"}],"curies":[{"name":"wp","href":"https:\/\/api.w.org\/{rel}","templated":true}]}}