{"id":15641,"date":"2025-07-27T09:43:50","date_gmt":"2025-07-27T06:43:50","guid":{"rendered":"https:\/\/valika.eu\/?post_type=product&#038;p=15641"},"modified":"2026-04-02T12:11:10","modified_gmt":"2026-04-02T09:11:10","slug":"claresa-tropical-escape-5","status":"publish","type":"product","link":"https:\/\/valika.eu\/fi\/toode\/claresa-tropical-escape-5\/","title":{"rendered":"Claresa Tropical Escape 5"},"content":{"rendered":"<p>Tropical Escape \u2013 Pakene kes\u00e4paratiisin v\u00e4reihin<\/p>\n<p>Tropical Escape -mallisto on kutsu v\u00e4rien, l\u00e4mm\u00f6n ja trooppisen energian maailmaan. Paratiisisaarista, mehukkaista hedelmist\u00e4 ja aistillisista auringonlaskuista inspiroitunut mallisto yhdist\u00e4\u00e4 rohkeita neonv\u00e4rej\u00e4, romanttisia pastellis\u00e4vyj\u00e4 ja hohtavia yksityiskohtia. Jokainen v\u00e4ri edustaa erilaista naisellisuuden versiota \u2013 huolettomasta ja energisest\u00e4 hienovaraiseen ja aistilliseen.<\/p>\n<p>T\u00e4m\u00e4 mallisto on tarkoitettu naisille, jotka eiv\u00e4t pelk\u00e4\u00e4 unelmoida, rakastavat matkustamista ja haluavat kes\u00e4n olevan aina ulottuvilla \u2013 s\u00e4\u00e4st\u00e4 riippumatta. Tropical Escape vie sinut eksoottiselle rannalle joka kerta, kun katsot kynsi\u00e4si.<\/p>\n<p>TROPICAL ESCAPE 5<br \/>\nNeonlime, joka pursuaa raikkautta. T\u00e4m\u00e4 s\u00e4vy her\u00e4tt\u00e4\u00e4 huomiota kuin ensimm\u00e4iset auringons\u00e4teet, jotka heijastuvat palmunmakuisesta juomasta. T\u00e4m\u00e4 on valinta rohkeille \u2013 rohkeille, energisille ja t\u00e4ynn\u00e4 el\u00e4m\u00e4\u00e4.<\/p>\n<p>OMINAISUUDET:<\/p>\n<p>Vaivaton levitys, ei peit\u00e4 kynsinauhoja<br \/>\nIntensiivinen hehku<br \/>\nIhanteellinen, keskitihe\u00e4<br \/>\nKesto jopa 3 viikkoa<br \/>\nPakkaus: 5 g<\/p>\n<p>K\u00c4YTT\u00d6:<\/p>\n<p>Levit\u00e4 ohut kerros v\u00e4rillist\u00e4 hybridilakkaa aiemmin kovettuneelle Claresa-aluslakalle ja koveta se UV\/LED-lampussa. Toista prosessi saadaksesi tyydytt\u00e4v\u00e4n tuloksen. Kiinnit\u00e4 kuvio levitt\u00e4m\u00e4ll\u00e4 ja kovettamalla Claresa-p\u00e4\u00e4llyslakka.<\/p>","protected":false},"excerpt":{"rendered":"<p>Tropical Escape \u2013 Pakene kes\u00e4paratiisin v\u00e4reihin Tropical Escape -mallisto on kutsu v\u00e4rien, l\u00e4mm\u00f6n ja trooppisen energian maailmaan. Paratiisisaarista, mehukkaista hedelmist\u00e4<\/p>\n","protected":false},"featured_media":15642,"template":"","meta":[],"product_brand":[],"product_cat":[729],"product_tag":[],"class_list":{"0":"post-15641","1":"product","2":"type-product","3":"status-publish","4":"has-post-thumbnail","6":"product_cat-tropical-escape","8":"first","9":"instock","10":"taxable","11":"shipping-taxable","12":"purchasable","13":"product-type-simple"},"yoast_head":"<!-- This site is optimized with the Yoast SEO plugin v24.4 - https:\/\/yoast.com\/wordpress\/plugins\/seo\/ -->\n<title>Claresa Tropical Escape 5 | Valika<\/title>\n<meta name=\"robots\" content=\"index, follow, max-snippet:-1, max-image-preview:large, max-video-preview:-1\" \/>\n<link rel=\"canonical\" href=\"https:\/\/valika.eu\/fi\/toode\/claresa-tropical-escape-5\/\" \/>\n<meta property=\"og:locale\" content=\"fi_FI\" \/>\n<meta property=\"og:type\" content=\"article\" \/>\n<meta property=\"og:title\" content=\"Claresa Tropical Escape 5 | Valika\" \/>\n<meta property=\"og:description\" content=\"Tropical Escape \u2013 Pakene kes\u00e4paratiisin v\u00e4reihin Tropical Escape -mallisto on kutsu v\u00e4rien, l\u00e4mm\u00f6n ja trooppisen energian maailmaan. Paratiisisaarista, mehukkaista hedelmist\u00e4\" \/>\n<meta property=\"og:url\" content=\"https:\/\/valika.eu\/fi\/toode\/claresa-tropical-escape-5\/\" \/>\n<meta property=\"og:site_name\" content=\"Valika\" \/>\n<meta property=\"article:publisher\" content=\"https:\/\/www.facebook.com\/tipsi.net\" \/>\n<meta property=\"article:modified_time\" content=\"2026-04-02T09:11:10+00:00\" \/>\n<meta property=\"og:image\" content=\"https:\/\/valika.eu\/wp-content\/uploads\/2025\/07\/escape-5.webp\" \/>\n\t<meta property=\"og:image:width\" content=\"1500\" \/>\n\t<meta property=\"og:image:height\" content=\"1500\" \/>\n\t<meta property=\"og:image:type\" content=\"image\/webp\" \/>\n<meta name=\"twitter:card\" content=\"summary_large_image\" \/>\n<script type=\"application\/ld+json\" class=\"yoast-schema-graph\">{\"@context\":\"https:\/\/schema.org\",\"@graph\":[{\"@type\":\"WebPage\",\"@id\":\"https:\/\/valika.eu\/fi\/toode\/claresa-tropical-escape-5\/\",\"url\":\"https:\/\/valika.eu\/fi\/toode\/claresa-tropical-escape-5\/\",\"name\":\"Claresa Tropical Escape 5 | Valika\",\"isPartOf\":{\"@id\":\"https:\/\/valika.eu\/fi\/#website\"},\"primaryImageOfPage\":{\"@id\":\"https:\/\/valika.eu\/fi\/toode\/claresa-tropical-escape-5\/#primaryimage\"},\"image\":{\"@id\":\"https:\/\/valika.eu\/toode\/claresa-tropical-escape-5\/#primaryimage\"},\"thumbnailUrl\":\"https:\/\/valika.eu\/wp-content\/uploads\/2025\/07\/escape-5.webp\",\"datePublished\":\"2025-07-27T06:43:50+00:00\",\"dateModified\":\"2026-04-02T09:11:10+00:00\",\"breadcrumb\":{\"@id\":\"https:\/\/valika.eu\/fi\/toode\/claresa-tropical-escape-5\/#breadcrumb\"},\"inLanguage\":\"fi\",\"potentialAction\":[{\"@type\":\"ReadAction\",\"target\":[[\"https:\/\/valika.eu\/fi\/toode\/claresa-tropical-escape-5\/\"]]}]},{\"@type\":\"ImageObject\",\"inLanguage\":\"fi\",\"@id\":\"https:\/\/valika.eu\/fi\/toode\/claresa-tropical-escape-5\/#primaryimage\",\"url\":\"https:\/\/valika.eu\/wp-content\/uploads\/2025\/07\/escape-5.webp\",\"contentUrl\":\"https:\/\/valika.eu\/wp-content\/uploads\/2025\/07\/escape-5.webp\",\"width\":1500,\"height\":1500},{\"@type\":\"BreadcrumbList\",\"@id\":\"https:\/\/valika.eu\/fi\/toode\/claresa-tropical-escape-5\/#breadcrumb\",\"itemListElement\":[{\"@type\":\"ListItem\",\"position\":1,\"name\":\"Koti\",\"item\":\"https:\/\/valika.eu\/fi\/\"},{\"@type\":\"ListItem\",\"position\":2,\"name\":\"Shop\",\"item\":\"https:\/\/valika.eu\/fi\/\"},{\"@type\":\"ListItem\",\"position\":3,\"name\":\"Claresa Tropical Escape 5\"}]},{\"@type\":\"WebSite\",\"@id\":\"https:\/\/valika.eu\/fi\/#website\",\"url\":\"https:\/\/valika.eu\/fi\/\",\"name\":\"Valika.eu\",\"description\":\"Salonkituotteet ja kauneudenhoitotuotteet - Valika tarjoaa laajan valikoiman tuotteita ja tarvikkeita kynsiteknikoille, kauneushoitoloille, kampaamoille ja kampaamoille.\",\"publisher\":{\"@id\":\"https:\/\/valika.eu\/fi\/#organization\"},\"alternateName\":\"Valika\",\"potentialAction\":[{\"@type\":\"SearchAction\",\"target\":{\"@type\":\"EntryPoint\",\"urlTemplate\":\"https:\/\/valika.eu\/fi\/?s={search_term_string}\"},\"query-input\":{\"@type\":\"PropertyValueSpecification\",\"valueRequired\":true,\"valueName\":\"search_term_string\"}}],\"inLanguage\":\"fi\"},{\"@type\":\"Organization\",\"@id\":\"https:\/\/valika.eu\/fi\/#organization\",\"name\":\"Salongitoode O\u00dc\",\"alternateName\":\"Valika\",\"url\":\"https:\/\/valika.eu\/fi\/\",\"logo\":{\"@type\":\"ImageObject\",\"inLanguage\":\"fi\",\"@id\":\"https:\/\/valika.eu\/fi\/#\/schema\/logo\/image\/\",\"url\":\"https:\/\/valika.eu\/wp-content\/uploads\/2023\/11\/logo2-valika-footer.png\",\"contentUrl\":\"https:\/\/valika.eu\/wp-content\/uploads\/2023\/11\/logo2-valika-footer.png\",\"width\":200,\"height\":129,\"caption\":\"Salongitoode O\u00dc\"},\"image\":{\"@id\":\"https:\/\/valika.eu\/fi\/#\/schema\/logo\/image\/\"},\"sameAs\":[\"https:\/\/www.facebook.com\/tipsi.net\"]}]}<\/script>\n<!-- \/ Yoast SEO plugin. -->","yoast_head_json":{"title":"Claresa Tropical Escape 5 | Valika","robots":{"index":"index","follow":"follow","max-snippet":"max-snippet:-1","max-image-preview":"max-image-preview:large","max-video-preview":"max-video-preview:-1"},"canonical":"https:\/\/valika.eu\/fi\/toode\/claresa-tropical-escape-5\/","og_locale":"fi_FI","og_type":"article","og_title":"Claresa Tropical Escape 5 | Valika","og_description":"Tropical Escape \u2013 Pakene kes\u00e4paratiisin v\u00e4reihin Tropical Escape -mallisto on kutsu v\u00e4rien, l\u00e4mm\u00f6n ja trooppisen energian maailmaan. Paratiisisaarista, mehukkaista hedelmist\u00e4","og_url":"https:\/\/valika.eu\/fi\/toode\/claresa-tropical-escape-5\/","og_site_name":"Valika","article_publisher":"https:\/\/www.facebook.com\/tipsi.net","article_modified_time":"2026-04-02T09:11:10+00:00","og_image":[{"width":1500,"height":1500,"url":"https:\/\/valika.eu\/wp-content\/uploads\/2025\/07\/escape-5.webp","type":"image\/webp"}],"twitter_card":"summary_large_image","schema":{"@context":"https:\/\/schema.org","@graph":[{"@type":"WebPage","@id":"https:\/\/valika.eu\/fi\/toode\/claresa-tropical-escape-5\/","url":"https:\/\/valika.eu\/fi\/toode\/claresa-tropical-escape-5\/","name":"Claresa Tropical Escape 5 | Valika","isPartOf":{"@id":"https:\/\/valika.eu\/fi\/#website"},"primaryImageOfPage":{"@id":"https:\/\/valika.eu\/fi\/toode\/claresa-tropical-escape-5\/#primaryimage"},"image":{"@id":"https:\/\/valika.eu\/toode\/claresa-tropical-escape-5\/#primaryimage"},"thumbnailUrl":"https:\/\/valika.eu\/wp-content\/uploads\/2025\/07\/escape-5.webp","datePublished":"2025-07-27T06:43:50+00:00","dateModified":"2026-04-02T09:11:10+00:00","breadcrumb":{"@id":"https:\/\/valika.eu\/fi\/toode\/claresa-tropical-escape-5\/#breadcrumb"},"inLanguage":"fi","potentialAction":[{"@type":"ReadAction","target":[["https:\/\/valika.eu\/fi\/toode\/claresa-tropical-escape-5\/"]]}]},{"@type":"ImageObject","inLanguage":"fi","@id":"https:\/\/valika.eu\/fi\/toode\/claresa-tropical-escape-5\/#primaryimage","url":"https:\/\/valika.eu\/wp-content\/uploads\/2025\/07\/escape-5.webp","contentUrl":"https:\/\/valika.eu\/wp-content\/uploads\/2025\/07\/escape-5.webp","width":1500,"height":1500},{"@type":"BreadcrumbList","@id":"https:\/\/valika.eu\/fi\/toode\/claresa-tropical-escape-5\/#breadcrumb","itemListElement":[{"@type":"ListItem","position":1,"name":"Koti","item":"https:\/\/valika.eu\/fi\/"},{"@type":"ListItem","position":2,"name":"Shop","item":"https:\/\/valika.eu\/fi\/"},{"@type":"ListItem","position":3,"name":"Claresa Tropical Escape 5"}]},{"@type":"WebSite","@id":"https:\/\/valika.eu\/fi\/#website","url":"https:\/\/valika.eu\/fi\/","name":"Valika.eu","description":"Salonkituotteet ja kauneudenhoitotuotteet - Valika tarjoaa laajan valikoiman tuotteita ja tarvikkeita kynsiteknikoille, kauneushoitoloille, kampaamoille ja kampaamoille.","publisher":{"@id":"https:\/\/valika.eu\/fi\/#organization"},"alternateName":"Valika","potentialAction":[{"@type":"SearchAction","target":{"@type":"EntryPoint","urlTemplate":"https:\/\/valika.eu\/fi\/?s={search_term_string}"},"query-input":{"@type":"PropertyValueSpecification","valueRequired":true,"valueName":"search_term_string"}}],"inLanguage":"fi"},{"@type":"Organization","@id":"https:\/\/valika.eu\/fi\/#organization","name":"Salongitoode O\u00dc","alternateName":"Valika","url":"https:\/\/valika.eu\/fi\/","logo":{"@type":"ImageObject","inLanguage":"fi","@id":"https:\/\/valika.eu\/fi\/#\/schema\/logo\/image\/","url":"https:\/\/valika.eu\/wp-content\/uploads\/2023\/11\/logo2-valika-footer.png","contentUrl":"https:\/\/valika.eu\/wp-content\/uploads\/2023\/11\/logo2-valika-footer.png","width":200,"height":129,"caption":"Salongitoode O\u00dc"},"image":{"@id":"https:\/\/valika.eu\/fi\/#\/schema\/logo\/image\/"},"sameAs":["https:\/\/www.facebook.com\/tipsi.net"]}]}},"jetpack_sharing_enabled":true,"_links":{"self":[{"href":"https:\/\/valika.eu\/fi\/wp-json\/wp\/v2\/product\/15641","targetHints":{"allow":["GET"]}}],"collection":[{"href":"https:\/\/valika.eu\/fi\/wp-json\/wp\/v2\/product"}],"about":[{"href":"https:\/\/valika.eu\/fi\/wp-json\/wp\/v2\/types\/product"}],"wp:featuredmedia":[{"embeddable":true,"href":"https:\/\/valika.eu\/fi\/wp-json\/wp\/v2\/media\/15642"}],"wp:attachment":[{"href":"https:\/\/valika.eu\/fi\/wp-json\/wp\/v2\/media?parent=15641"}],"wp:term":[{"taxonomy":"product_brand","embeddable":true,"href":"https:\/\/valika.eu\/fi\/wp-json\/wp\/v2\/product_brand?post=15641"},{"taxonomy":"product_cat","embeddable":true,"href":"https:\/\/valika.eu\/fi\/wp-json\/wp\/v2\/product_cat?post=15641"},{"taxonomy":"product_tag","embeddable":true,"href":"https:\/\/valika.eu\/fi\/wp-json\/wp\/v2\/product_tag?post=15641"}],"curies":[{"name":"wp","href":"https:\/\/api.w.org\/{rel}","templated":true}]}}