{"id":15693,"date":"2025-07-28T13:27:56","date_gmt":"2025-07-28T10:27:56","guid":{"rendered":"https:\/\/valika.eu\/?post_type=product&#038;p=15693"},"modified":"2026-01-19T21:41:51","modified_gmt":"2026-01-19T19:41:51","slug":"shiny-pink-45g-pro-control-builder-gel-palu","status":"publish","type":"product","link":"https:\/\/valika.eu\/fi\/toode\/shiny-pink-45g-pro-control-builder-gel-palu\/","title":{"rendered":"SHINY PINK\/45g Pro Control Builder Gel Palu"},"content":{"rendered":"<p>Pro Control Builder Gel on geeli, jonka avulla voit luoda t\u00e4ydellisen kynnen muodon murehtimatta m\u00e4rki\u00e4 kynsinauhoja! Se tarjoaa maksimaalisen kest\u00e4vyyden ja luonnollisen ilmeen samalla, kun se on mukava levitt\u00e4\u00e4.<\/p>\n<p>Pro Control Builder Gel on hapoton geeli, jolla on &#8220;hyytel\u00f6m\u00e4inen&#8221; koostumus ja hieman itsetasoittuva ominaisuus, mik\u00e4 mahdollistaa tuotteen t\u00e4ydellisen hallinnan levityksen aikana. Tiksotrooppiset ominaisuudet helpottavat tuotteen levitt\u00e4mist\u00e4 kynnelle est\u00e4en sen valumisen kynsinauhoille. Geeli toimii helposti siveltimell\u00e4, levittyy tasaisesti ja nopeasti. Kovuudestaan huolimatta sit\u00e4 on eritt\u00e4in mukava viilata, eik\u00e4 se tarjoa juurikaan vastusta viilalla tai poranter\u00e4ll\u00e4 k\u00e4ytett\u00e4ess\u00e4. T\u00e4m\u00e4 tuote sopii kaiken tasoisille stylisteille.<\/p>\n<p>T\u00e4m\u00e4 geeli on suunniteltu kynsienpidennyksiin muottia ja kaksoismuottia k\u00e4ytt\u00e4en. Se sopii t\u00e4ydellisesti paikkauksiin ja luonnollisten kynsien kovettamiseen. Se luo pitk\u00e4t, vahvat ja kest\u00e4v\u00e4t kynnet. Se sopii puristamiseen ja suojaa kynsitunnelia laajenemiselta. Geeli s\u00e4ilytt\u00e4\u00e4 muotonsa my\u00f6s ankarissa olosuhteissa ja kest\u00e4\u00e4 vaurioita ja ulkoisia tekij\u00f6it\u00e4.<\/p>\n<p>T\u00e4m\u00e4 on kolmivaiheinen tuote, mik\u00e4 tarkoittaa, ett\u00e4 se vaatii aluslakan ja p\u00e4\u00e4llyslakan viimeistelyyn. Alhaisempi polymerointil\u00e4mp\u00f6tila minimoi kypsymisen lampussa, mink\u00e4 ansiosta asiakkaasi rakastavat sit\u00e4 entist\u00e4 enemm\u00e4n.<\/p>\n<p>Pro Control Builder Gel -lakka on saatavilla kahdeksassa toiminnallisessa, neutraalissa v\u00e4riss\u00e4, joiden peitt\u00e4vyys on 80\u201390 %:<\/p>\n<p>MILKY WHITE \u2013 herkk\u00e4 maitovalkoisen s\u00e4vy<br \/>\nFRENCH WHITE \u2013 puhtaan, intensiivisen valkoinen, t\u00e4ydellinen klassiseen ranskalaiseen manikyyriin<br \/>\nNEUTRAL GLOW \u2013 neutraali, beige-pinkki s\u00e4vy kimaltelevilla hiukkasilla<br \/>\nCLASSIC COVER \u2013 klassinen, suosituin peitegeelin v\u00e4ri<br \/>\nFRENCH COVER \u2013 l\u00e4mmin pinkin ja beigen s\u00e4vyinen s\u00e4vy, t\u00e4ydellinen ranskalaiseen muotoiluun<br \/>\nSHINY PINK \u2013 hienovarainen pinkki s\u00e4vy hohtavilla pinkki-sinisill\u00e4 hiukkasilla<br \/>\nFRENCH PINK \u2013 vaaleanpunainen s\u00e4vy, t\u00e4ydellinen ranskalaiseen muotoiluun<br \/>\nROUGE \u2013 keskivaaleanpunainen<br \/>\nT\u00e4m\u00e4 tuote toimii t\u00e4ydellisesti kaikkien muiden Palu-geelien kanssa, joten voit rakentaa kynsi\u00e4si kaikilla saatavilla olevilla Palu-geelisarjoilla.<\/p>\n<p>Palu-tuotteet valmistetaan Puolassa. Varmistamme, ett\u00e4 koko prosessi konseptista testaukseen ja lopullisen koostumuksen kehitt\u00e4miseen suoritetaan korkeimpien standardien ja laadun mukaisesti.<\/p>\n<p>T\u00e4rkeimm\u00e4t ominaisuudet:<\/p>\n<p>Minimaaliset itsetasoittuvuusominaisuudet;<br \/>\nPeittokyky 80\u201390 %;<br \/>\nPaksu &#8220;hyytel\u00f6m\u00e4inen&#8221; koostumus;<br \/>\nKova polymeroinnin j\u00e4lkeen (4,5\/5);<br \/>\nTiksotrooppinen;<br \/>\nKolmivaiheinen \u2013 vaatii alus- ja p\u00e4\u00e4llyslakan k\u00e4yt\u00f6n;<br \/>\nHapoton;<br \/>\nTunnelin kiristyminen 5\u20138 sekunnin kuluttua UV-LED-lampussa;<br \/>\nLevitys: kynnenpidennys muotti- ja kaksoismuottipohjaan, t\u00e4ydent\u00e4en ja kovettamalla luonnollista kynsilevy\u00e4;<br \/>\nKovetus: 60 sekunnin LED-UV-lamppu.<br \/>\nK\u00e4ytt\u00f6ohjeet: Valmistele kynsi levitt\u00e4m\u00e4ll\u00e4 ohut kerros aluslakkaa ja koveta ohjeiden mukaisesti. Levit\u00e4 geeli siveltimell\u00e4 ja levit\u00e4 haluttuun pituuteen ja muotoon. Koveta UV-LED-lampussa v\u00e4hint\u00e4\u00e4n 60 sekuntia. Poista dispersiokerros puhdistusaineeseen kostutetulla vanulapulla. Viilaa ja puhdista kynsi. Levit\u00e4 p\u00e4\u00e4llyslakka ohjeiden mukaisesti.<\/p>","protected":false},"excerpt":{"rendered":"<p>Pro Control Builder Gel on geeli, jonka avulla voit luoda t\u00e4ydellisen kynnen muodon murehtimatta m\u00e4rki\u00e4 kynsinauhoja! Se tarjoaa maksimaalisen kest\u00e4vyyden<\/p>\n","protected":false},"featured_media":15694,"template":"","meta":[],"product_brand":[],"product_cat":[73],"product_tag":[],"class_list":{"0":"post-15693","1":"product","2":"type-product","3":"status-publish","4":"has-post-thumbnail","6":"product_cat-palu-ehitusgeelid","8":"first","9":"instock","10":"taxable","11":"shipping-taxable","12":"purchasable","13":"product-type-simple"},"yoast_head":"<!-- This site is optimized with the Yoast SEO plugin v24.4 - https:\/\/yoast.com\/wordpress\/plugins\/seo\/ -->\n<title>SHINY PINK\/45g Pro Control Builder Gel Palu | Valika<\/title>\n<meta name=\"robots\" content=\"index, follow, max-snippet:-1, max-image-preview:large, max-video-preview:-1\" \/>\n<link rel=\"canonical\" href=\"https:\/\/valika.eu\/fi\/toode\/shiny-pink-45g-pro-control-builder-gel-palu\/\" \/>\n<meta property=\"og:locale\" content=\"fi_FI\" \/>\n<meta property=\"og:type\" content=\"article\" \/>\n<meta property=\"og:title\" content=\"SHINY PINK\/45g Pro Control Builder Gel Palu | Valika\" \/>\n<meta property=\"og:description\" content=\"Pro Control Builder Gel on geeli, jonka avulla voit luoda t\u00e4ydellisen kynnen muodon murehtimatta m\u00e4rki\u00e4 kynsinauhoja! Se tarjoaa maksimaalisen kest\u00e4vyyden\" \/>\n<meta property=\"og:url\" content=\"https:\/\/valika.eu\/fi\/toode\/shiny-pink-45g-pro-control-builder-gel-palu\/\" \/>\n<meta property=\"og:site_name\" content=\"Valika\" \/>\n<meta property=\"article:publisher\" content=\"https:\/\/www.facebook.com\/tipsi.net\" \/>\n<meta property=\"article:modified_time\" content=\"2026-01-19T19:41:51+00:00\" \/>\n<meta property=\"og:image\" content=\"https:\/\/valika.eu\/wp-content\/uploads\/2025\/07\/shiny-pink.jpg\" \/>\n\t<meta property=\"og:image:width\" content=\"500\" \/>\n\t<meta property=\"og:image:height\" content=\"500\" \/>\n\t<meta property=\"og:image:type\" content=\"image\/jpeg\" \/>\n<meta name=\"twitter:card\" content=\"summary_large_image\" \/>\n<script type=\"application\/ld+json\" class=\"yoast-schema-graph\">{\"@context\":\"https:\/\/schema.org\",\"@graph\":[{\"@type\":\"WebPage\",\"@id\":\"https:\/\/valika.eu\/fi\/toode\/shiny-pink-45g-pro-control-builder-gel-palu\/\",\"url\":\"https:\/\/valika.eu\/fi\/toode\/shiny-pink-45g-pro-control-builder-gel-palu\/\",\"name\":\"SHINY PINK\/45g Pro Control Builder Gel Palu | Valika\",\"isPartOf\":{\"@id\":\"https:\/\/valika.eu\/fi\/#website\"},\"primaryImageOfPage\":{\"@id\":\"https:\/\/valika.eu\/fi\/toode\/shiny-pink-45g-pro-control-builder-gel-palu\/#primaryimage\"},\"image\":{\"@id\":\"https:\/\/valika.eu\/toode\/shiny-pink-45g-pro-control-builder-gel-palu\/#primaryimage\"},\"thumbnailUrl\":\"https:\/\/valika.eu\/wp-content\/uploads\/2025\/07\/shiny-pink.jpg\",\"datePublished\":\"2025-07-28T10:27:56+00:00\",\"dateModified\":\"2026-01-19T19:41:51+00:00\",\"breadcrumb\":{\"@id\":\"https:\/\/valika.eu\/fi\/toode\/shiny-pink-45g-pro-control-builder-gel-palu\/#breadcrumb\"},\"inLanguage\":\"fi\",\"potentialAction\":[{\"@type\":\"ReadAction\",\"target\":[[\"https:\/\/valika.eu\/fi\/toode\/shiny-pink-45g-pro-control-builder-gel-palu\/\"]]}]},{\"@type\":\"ImageObject\",\"inLanguage\":\"fi\",\"@id\":\"https:\/\/valika.eu\/fi\/toode\/shiny-pink-45g-pro-control-builder-gel-palu\/#primaryimage\",\"url\":\"https:\/\/valika.eu\/wp-content\/uploads\/2025\/07\/shiny-pink.jpg\",\"contentUrl\":\"https:\/\/valika.eu\/wp-content\/uploads\/2025\/07\/shiny-pink.jpg\",\"width\":500,\"height\":500},{\"@type\":\"BreadcrumbList\",\"@id\":\"https:\/\/valika.eu\/fi\/toode\/shiny-pink-45g-pro-control-builder-gel-palu\/#breadcrumb\",\"itemListElement\":[{\"@type\":\"ListItem\",\"position\":1,\"name\":\"Koti\",\"item\":\"https:\/\/valika.eu\/fi\/\"},{\"@type\":\"ListItem\",\"position\":2,\"name\":\"Shop\",\"item\":\"https:\/\/valika.eu\/fi\/\"},{\"@type\":\"ListItem\",\"position\":3,\"name\":\"SHINY PINK\/45g Pro Control Builder Gel Palu\"}]},{\"@type\":\"WebSite\",\"@id\":\"https:\/\/valika.eu\/fi\/#website\",\"url\":\"https:\/\/valika.eu\/fi\/\",\"name\":\"Valika.eu\",\"description\":\"Salonkituotteet ja kauneudenhoitotuotteet - Valika tarjoaa laajan valikoiman tuotteita ja tarvikkeita kynsiteknikoille, kauneushoitoloille, kampaamoille ja kampaamoille.\",\"publisher\":{\"@id\":\"https:\/\/valika.eu\/fi\/#organization\"},\"alternateName\":\"Valika\",\"potentialAction\":[{\"@type\":\"SearchAction\",\"target\":{\"@type\":\"EntryPoint\",\"urlTemplate\":\"https:\/\/valika.eu\/fi\/?s={search_term_string}\"},\"query-input\":{\"@type\":\"PropertyValueSpecification\",\"valueRequired\":true,\"valueName\":\"search_term_string\"}}],\"inLanguage\":\"fi\"},{\"@type\":\"Organization\",\"@id\":\"https:\/\/valika.eu\/fi\/#organization\",\"name\":\"Salongitoode O\u00dc\",\"alternateName\":\"Valika\",\"url\":\"https:\/\/valika.eu\/fi\/\",\"logo\":{\"@type\":\"ImageObject\",\"inLanguage\":\"fi\",\"@id\":\"https:\/\/valika.eu\/fi\/#\/schema\/logo\/image\/\",\"url\":\"https:\/\/valika.eu\/wp-content\/uploads\/2023\/11\/logo2-valika-footer.png\",\"contentUrl\":\"https:\/\/valika.eu\/wp-content\/uploads\/2023\/11\/logo2-valika-footer.png\",\"width\":200,\"height\":129,\"caption\":\"Salongitoode O\u00dc\"},\"image\":{\"@id\":\"https:\/\/valika.eu\/fi\/#\/schema\/logo\/image\/\"},\"sameAs\":[\"https:\/\/www.facebook.com\/tipsi.net\"]}]}<\/script>\n<!-- \/ Yoast SEO plugin. -->","yoast_head_json":{"title":"SHINY PINK\/45g Pro Control Builder Gel Palu | Valika","robots":{"index":"index","follow":"follow","max-snippet":"max-snippet:-1","max-image-preview":"max-image-preview:large","max-video-preview":"max-video-preview:-1"},"canonical":"https:\/\/valika.eu\/fi\/toode\/shiny-pink-45g-pro-control-builder-gel-palu\/","og_locale":"fi_FI","og_type":"article","og_title":"SHINY PINK\/45g Pro Control Builder Gel Palu | Valika","og_description":"Pro Control Builder Gel on geeli, jonka avulla voit luoda t\u00e4ydellisen kynnen muodon murehtimatta m\u00e4rki\u00e4 kynsinauhoja! Se tarjoaa maksimaalisen kest\u00e4vyyden","og_url":"https:\/\/valika.eu\/fi\/toode\/shiny-pink-45g-pro-control-builder-gel-palu\/","og_site_name":"Valika","article_publisher":"https:\/\/www.facebook.com\/tipsi.net","article_modified_time":"2026-01-19T19:41:51+00:00","og_image":[{"width":500,"height":500,"url":"https:\/\/valika.eu\/wp-content\/uploads\/2025\/07\/shiny-pink.jpg","type":"image\/jpeg"}],"twitter_card":"summary_large_image","schema":{"@context":"https:\/\/schema.org","@graph":[{"@type":"WebPage","@id":"https:\/\/valika.eu\/fi\/toode\/shiny-pink-45g-pro-control-builder-gel-palu\/","url":"https:\/\/valika.eu\/fi\/toode\/shiny-pink-45g-pro-control-builder-gel-palu\/","name":"SHINY PINK\/45g Pro Control Builder Gel Palu | Valika","isPartOf":{"@id":"https:\/\/valika.eu\/fi\/#website"},"primaryImageOfPage":{"@id":"https:\/\/valika.eu\/fi\/toode\/shiny-pink-45g-pro-control-builder-gel-palu\/#primaryimage"},"image":{"@id":"https:\/\/valika.eu\/toode\/shiny-pink-45g-pro-control-builder-gel-palu\/#primaryimage"},"thumbnailUrl":"https:\/\/valika.eu\/wp-content\/uploads\/2025\/07\/shiny-pink.jpg","datePublished":"2025-07-28T10:27:56+00:00","dateModified":"2026-01-19T19:41:51+00:00","breadcrumb":{"@id":"https:\/\/valika.eu\/fi\/toode\/shiny-pink-45g-pro-control-builder-gel-palu\/#breadcrumb"},"inLanguage":"fi","potentialAction":[{"@type":"ReadAction","target":[["https:\/\/valika.eu\/fi\/toode\/shiny-pink-45g-pro-control-builder-gel-palu\/"]]}]},{"@type":"ImageObject","inLanguage":"fi","@id":"https:\/\/valika.eu\/fi\/toode\/shiny-pink-45g-pro-control-builder-gel-palu\/#primaryimage","url":"https:\/\/valika.eu\/wp-content\/uploads\/2025\/07\/shiny-pink.jpg","contentUrl":"https:\/\/valika.eu\/wp-content\/uploads\/2025\/07\/shiny-pink.jpg","width":500,"height":500},{"@type":"BreadcrumbList","@id":"https:\/\/valika.eu\/fi\/toode\/shiny-pink-45g-pro-control-builder-gel-palu\/#breadcrumb","itemListElement":[{"@type":"ListItem","position":1,"name":"Koti","item":"https:\/\/valika.eu\/fi\/"},{"@type":"ListItem","position":2,"name":"Shop","item":"https:\/\/valika.eu\/fi\/"},{"@type":"ListItem","position":3,"name":"SHINY PINK\/45g Pro Control Builder Gel Palu"}]},{"@type":"WebSite","@id":"https:\/\/valika.eu\/fi\/#website","url":"https:\/\/valika.eu\/fi\/","name":"Valika.eu","description":"Salonkituotteet ja kauneudenhoitotuotteet - Valika tarjoaa laajan valikoiman tuotteita ja tarvikkeita kynsiteknikoille, kauneushoitoloille, kampaamoille ja kampaamoille.","publisher":{"@id":"https:\/\/valika.eu\/fi\/#organization"},"alternateName":"Valika","potentialAction":[{"@type":"SearchAction","target":{"@type":"EntryPoint","urlTemplate":"https:\/\/valika.eu\/fi\/?s={search_term_string}"},"query-input":{"@type":"PropertyValueSpecification","valueRequired":true,"valueName":"search_term_string"}}],"inLanguage":"fi"},{"@type":"Organization","@id":"https:\/\/valika.eu\/fi\/#organization","name":"Salongitoode O\u00dc","alternateName":"Valika","url":"https:\/\/valika.eu\/fi\/","logo":{"@type":"ImageObject","inLanguage":"fi","@id":"https:\/\/valika.eu\/fi\/#\/schema\/logo\/image\/","url":"https:\/\/valika.eu\/wp-content\/uploads\/2023\/11\/logo2-valika-footer.png","contentUrl":"https:\/\/valika.eu\/wp-content\/uploads\/2023\/11\/logo2-valika-footer.png","width":200,"height":129,"caption":"Salongitoode O\u00dc"},"image":{"@id":"https:\/\/valika.eu\/fi\/#\/schema\/logo\/image\/"},"sameAs":["https:\/\/www.facebook.com\/tipsi.net"]}]}},"jetpack_sharing_enabled":true,"_links":{"self":[{"href":"https:\/\/valika.eu\/fi\/wp-json\/wp\/v2\/product\/15693","targetHints":{"allow":["GET"]}}],"collection":[{"href":"https:\/\/valika.eu\/fi\/wp-json\/wp\/v2\/product"}],"about":[{"href":"https:\/\/valika.eu\/fi\/wp-json\/wp\/v2\/types\/product"}],"wp:featuredmedia":[{"embeddable":true,"href":"https:\/\/valika.eu\/fi\/wp-json\/wp\/v2\/media\/15694"}],"wp:attachment":[{"href":"https:\/\/valika.eu\/fi\/wp-json\/wp\/v2\/media?parent=15693"}],"wp:term":[{"taxonomy":"product_brand","embeddable":true,"href":"https:\/\/valika.eu\/fi\/wp-json\/wp\/v2\/product_brand?post=15693"},{"taxonomy":"product_cat","embeddable":true,"href":"https:\/\/valika.eu\/fi\/wp-json\/wp\/v2\/product_cat?post=15693"},{"taxonomy":"product_tag","embeddable":true,"href":"https:\/\/valika.eu\/fi\/wp-json\/wp\/v2\/product_tag?post=15693"}],"curies":[{"name":"wp","href":"https:\/\/api.w.org\/{rel}","templated":true}]}}