{"id":15961,"date":"2025-08-12T13:16:46","date_gmt":"2025-08-12T10:16:46","guid":{"rendered":"https:\/\/valika.eu\/?post_type=product&#038;p=15961"},"modified":"2026-01-23T10:11:39","modified_gmt":"2026-01-23T08:11:39","slug":"base-one-gel-uv-milkshake-50-g","status":"publish","type":"product","link":"https:\/\/valika.eu\/fi\/toode\/base-one-gel-uv-milkshake-50-g\/","title":{"rendered":"Base One Gel UV Milkshake 50 g"},"content":{"rendered":"<p>Base One -geelit on luotu modernin reseptin mukaan, joka tuottaa eritt\u00e4in kest\u00e4vi\u00e4 polymeerisi\u00e4 geelimassasekvenssej\u00e4. Yksik\u00f6iden asianmukainen asettelu tekee massasta kest\u00e4v\u00e4\u00e4 ja joustavaa, ja samalla sill\u00e4 on eritt\u00e4in hyv\u00e4 tarttuvuus sek\u00e4 k\u00e4rkeen ett\u00e4 luonnolliseen kynnenlevyyn.<\/p>\n<p>Base One Gel UV Milkshake 50 g on keskitiheyksinen maitomainen UV-geeli. Sill\u00e4 on eritt\u00e4in hyv\u00e4t tasoittumisominaisuudet kynnen pinnalla. Se antaa kynnelle sen luonnollisen v\u00e4rin, peitt\u00e4\u00e4 kynsilevyn t\u00e4ydellisesti ja pident\u00e4\u00e4 kyntt\u00e4 optisesti. Geeli peitt\u00e4\u00e4 ihanteellisesti v\u00e4rj\u00e4ytymi\u00e4 ja ep\u00e4tasaisuuksia. Sit\u00e4 voidaan helposti yhdist\u00e4\u00e4 muiden geelien kanssa.<\/p>","protected":false},"excerpt":{"rendered":"<p>Base One -geelit on luotu modernin reseptin mukaan, joka tuottaa eritt\u00e4in kest\u00e4vi\u00e4 polymeerisi\u00e4 geelimassasekvenssej\u00e4. Yksik\u00f6iden asianmukainen asettelu tekee massasta kest\u00e4v\u00e4\u00e4<\/p>\n","protected":false},"featured_media":15962,"template":"","meta":[],"product_brand":[],"product_cat":[707],"product_tag":[],"class_list":{"0":"post-15961","1":"product","2":"type-product","3":"status-publish","4":"has-post-thumbnail","6":"product_cat-silcare","8":"first","9":"outofstock","10":"taxable","11":"shipping-taxable","12":"purchasable","13":"product-type-simple"},"yoast_head":"<!-- This site is optimized with the Yoast SEO plugin v24.4 - https:\/\/yoast.com\/wordpress\/plugins\/seo\/ -->\n<title>Base One Gel UV Milkshake 50 g | Valika<\/title>\n<meta name=\"robots\" content=\"index, follow, max-snippet:-1, max-image-preview:large, max-video-preview:-1\" \/>\n<link rel=\"canonical\" href=\"https:\/\/valika.eu\/fi\/toode\/base-one-gel-uv-milkshake-50-g\/\" \/>\n<meta property=\"og:locale\" content=\"fi_FI\" \/>\n<meta property=\"og:type\" content=\"article\" \/>\n<meta property=\"og:title\" content=\"Base One Gel UV Milkshake 50 g | Valika\" \/>\n<meta property=\"og:description\" content=\"Base One -geelit on luotu modernin reseptin mukaan, joka tuottaa eritt\u00e4in kest\u00e4vi\u00e4 polymeerisi\u00e4 geelimassasekvenssej\u00e4. Yksik\u00f6iden asianmukainen asettelu tekee massasta kest\u00e4v\u00e4\u00e4\" \/>\n<meta property=\"og:url\" content=\"https:\/\/valika.eu\/fi\/toode\/base-one-gel-uv-milkshake-50-g\/\" \/>\n<meta property=\"og:site_name\" content=\"Valika\" \/>\n<meta property=\"article:publisher\" content=\"https:\/\/www.facebook.com\/tipsi.net\" \/>\n<meta property=\"article:modified_time\" content=\"2026-01-23T08:11:39+00:00\" \/>\n<meta property=\"og:image\" content=\"https:\/\/valika.eu\/wp-content\/uploads\/2025\/08\/50892.jpg\" \/>\n\t<meta property=\"og:image:width\" content=\"800\" \/>\n\t<meta property=\"og:image:height\" content=\"800\" \/>\n\t<meta property=\"og:image:type\" content=\"image\/jpeg\" \/>\n<meta name=\"twitter:card\" content=\"summary_large_image\" \/>\n<script type=\"application\/ld+json\" class=\"yoast-schema-graph\">{\"@context\":\"https:\/\/schema.org\",\"@graph\":[{\"@type\":\"WebPage\",\"@id\":\"https:\/\/valika.eu\/fi\/toode\/base-one-gel-uv-milkshake-50-g\/\",\"url\":\"https:\/\/valika.eu\/fi\/toode\/base-one-gel-uv-milkshake-50-g\/\",\"name\":\"Base One Gel UV Milkshake 50 g | Valika\",\"isPartOf\":{\"@id\":\"https:\/\/valika.eu\/fi\/#website\"},\"primaryImageOfPage\":{\"@id\":\"https:\/\/valika.eu\/fi\/toode\/base-one-gel-uv-milkshake-50-g\/#primaryimage\"},\"image\":{\"@id\":\"https:\/\/valika.eu\/toode\/base-one-gel-uv-milkshake-50-g\/#primaryimage\"},\"thumbnailUrl\":\"https:\/\/valika.eu\/wp-content\/uploads\/2025\/08\/50892.jpg\",\"datePublished\":\"2025-08-12T10:16:46+00:00\",\"dateModified\":\"2026-01-23T08:11:39+00:00\",\"breadcrumb\":{\"@id\":\"https:\/\/valika.eu\/fi\/toode\/base-one-gel-uv-milkshake-50-g\/#breadcrumb\"},\"inLanguage\":\"fi\",\"potentialAction\":[{\"@type\":\"ReadAction\",\"target\":[[\"https:\/\/valika.eu\/fi\/toode\/base-one-gel-uv-milkshake-50-g\/\"]]}]},{\"@type\":\"ImageObject\",\"inLanguage\":\"fi\",\"@id\":\"https:\/\/valika.eu\/fi\/toode\/base-one-gel-uv-milkshake-50-g\/#primaryimage\",\"url\":\"https:\/\/valika.eu\/wp-content\/uploads\/2025\/08\/50892.jpg\",\"contentUrl\":\"https:\/\/valika.eu\/wp-content\/uploads\/2025\/08\/50892.jpg\",\"width\":800,\"height\":800},{\"@type\":\"BreadcrumbList\",\"@id\":\"https:\/\/valika.eu\/fi\/toode\/base-one-gel-uv-milkshake-50-g\/#breadcrumb\",\"itemListElement\":[{\"@type\":\"ListItem\",\"position\":1,\"name\":\"Koti\",\"item\":\"https:\/\/valika.eu\/fi\/\"},{\"@type\":\"ListItem\",\"position\":2,\"name\":\"Shop\",\"item\":\"https:\/\/valika.eu\/fi\/\"},{\"@type\":\"ListItem\",\"position\":3,\"name\":\"Base One Gel UV Milkshake 50 g\"}]},{\"@type\":\"WebSite\",\"@id\":\"https:\/\/valika.eu\/fi\/#website\",\"url\":\"https:\/\/valika.eu\/fi\/\",\"name\":\"Valika.eu\",\"description\":\"Salonkituotteet ja kauneudenhoitotuotteet - Valika tarjoaa laajan valikoiman tuotteita ja tarvikkeita kynsiteknikoille, kauneushoitoloille, kampaamoille ja kampaamoille.\",\"publisher\":{\"@id\":\"https:\/\/valika.eu\/fi\/#organization\"},\"alternateName\":\"Valika\",\"potentialAction\":[{\"@type\":\"SearchAction\",\"target\":{\"@type\":\"EntryPoint\",\"urlTemplate\":\"https:\/\/valika.eu\/fi\/?s={search_term_string}\"},\"query-input\":{\"@type\":\"PropertyValueSpecification\",\"valueRequired\":true,\"valueName\":\"search_term_string\"}}],\"inLanguage\":\"fi\"},{\"@type\":\"Organization\",\"@id\":\"https:\/\/valika.eu\/fi\/#organization\",\"name\":\"Salongitoode O\u00dc\",\"alternateName\":\"Valika\",\"url\":\"https:\/\/valika.eu\/fi\/\",\"logo\":{\"@type\":\"ImageObject\",\"inLanguage\":\"fi\",\"@id\":\"https:\/\/valika.eu\/fi\/#\/schema\/logo\/image\/\",\"url\":\"https:\/\/valika.eu\/wp-content\/uploads\/2023\/11\/logo2-valika-footer.png\",\"contentUrl\":\"https:\/\/valika.eu\/wp-content\/uploads\/2023\/11\/logo2-valika-footer.png\",\"width\":200,\"height\":129,\"caption\":\"Salongitoode O\u00dc\"},\"image\":{\"@id\":\"https:\/\/valika.eu\/fi\/#\/schema\/logo\/image\/\"},\"sameAs\":[\"https:\/\/www.facebook.com\/tipsi.net\"]}]}<\/script>\n<!-- \/ Yoast SEO plugin. -->","yoast_head_json":{"title":"Base One Gel UV Milkshake 50 g | Valika","robots":{"index":"index","follow":"follow","max-snippet":"max-snippet:-1","max-image-preview":"max-image-preview:large","max-video-preview":"max-video-preview:-1"},"canonical":"https:\/\/valika.eu\/fi\/toode\/base-one-gel-uv-milkshake-50-g\/","og_locale":"fi_FI","og_type":"article","og_title":"Base One Gel UV Milkshake 50 g | Valika","og_description":"Base One -geelit on luotu modernin reseptin mukaan, joka tuottaa eritt\u00e4in kest\u00e4vi\u00e4 polymeerisi\u00e4 geelimassasekvenssej\u00e4. Yksik\u00f6iden asianmukainen asettelu tekee massasta kest\u00e4v\u00e4\u00e4","og_url":"https:\/\/valika.eu\/fi\/toode\/base-one-gel-uv-milkshake-50-g\/","og_site_name":"Valika","article_publisher":"https:\/\/www.facebook.com\/tipsi.net","article_modified_time":"2026-01-23T08:11:39+00:00","og_image":[{"width":800,"height":800,"url":"https:\/\/valika.eu\/wp-content\/uploads\/2025\/08\/50892.jpg","type":"image\/jpeg"}],"twitter_card":"summary_large_image","schema":{"@context":"https:\/\/schema.org","@graph":[{"@type":"WebPage","@id":"https:\/\/valika.eu\/fi\/toode\/base-one-gel-uv-milkshake-50-g\/","url":"https:\/\/valika.eu\/fi\/toode\/base-one-gel-uv-milkshake-50-g\/","name":"Base One Gel UV Milkshake 50 g | Valika","isPartOf":{"@id":"https:\/\/valika.eu\/fi\/#website"},"primaryImageOfPage":{"@id":"https:\/\/valika.eu\/fi\/toode\/base-one-gel-uv-milkshake-50-g\/#primaryimage"},"image":{"@id":"https:\/\/valika.eu\/toode\/base-one-gel-uv-milkshake-50-g\/#primaryimage"},"thumbnailUrl":"https:\/\/valika.eu\/wp-content\/uploads\/2025\/08\/50892.jpg","datePublished":"2025-08-12T10:16:46+00:00","dateModified":"2026-01-23T08:11:39+00:00","breadcrumb":{"@id":"https:\/\/valika.eu\/fi\/toode\/base-one-gel-uv-milkshake-50-g\/#breadcrumb"},"inLanguage":"fi","potentialAction":[{"@type":"ReadAction","target":[["https:\/\/valika.eu\/fi\/toode\/base-one-gel-uv-milkshake-50-g\/"]]}]},{"@type":"ImageObject","inLanguage":"fi","@id":"https:\/\/valika.eu\/fi\/toode\/base-one-gel-uv-milkshake-50-g\/#primaryimage","url":"https:\/\/valika.eu\/wp-content\/uploads\/2025\/08\/50892.jpg","contentUrl":"https:\/\/valika.eu\/wp-content\/uploads\/2025\/08\/50892.jpg","width":800,"height":800},{"@type":"BreadcrumbList","@id":"https:\/\/valika.eu\/fi\/toode\/base-one-gel-uv-milkshake-50-g\/#breadcrumb","itemListElement":[{"@type":"ListItem","position":1,"name":"Koti","item":"https:\/\/valika.eu\/fi\/"},{"@type":"ListItem","position":2,"name":"Shop","item":"https:\/\/valika.eu\/fi\/"},{"@type":"ListItem","position":3,"name":"Base One Gel UV Milkshake 50 g"}]},{"@type":"WebSite","@id":"https:\/\/valika.eu\/fi\/#website","url":"https:\/\/valika.eu\/fi\/","name":"Valika.eu","description":"Salonkituotteet ja kauneudenhoitotuotteet - Valika tarjoaa laajan valikoiman tuotteita ja tarvikkeita kynsiteknikoille, kauneushoitoloille, kampaamoille ja kampaamoille.","publisher":{"@id":"https:\/\/valika.eu\/fi\/#organization"},"alternateName":"Valika","potentialAction":[{"@type":"SearchAction","target":{"@type":"EntryPoint","urlTemplate":"https:\/\/valika.eu\/fi\/?s={search_term_string}"},"query-input":{"@type":"PropertyValueSpecification","valueRequired":true,"valueName":"search_term_string"}}],"inLanguage":"fi"},{"@type":"Organization","@id":"https:\/\/valika.eu\/fi\/#organization","name":"Salongitoode O\u00dc","alternateName":"Valika","url":"https:\/\/valika.eu\/fi\/","logo":{"@type":"ImageObject","inLanguage":"fi","@id":"https:\/\/valika.eu\/fi\/#\/schema\/logo\/image\/","url":"https:\/\/valika.eu\/wp-content\/uploads\/2023\/11\/logo2-valika-footer.png","contentUrl":"https:\/\/valika.eu\/wp-content\/uploads\/2023\/11\/logo2-valika-footer.png","width":200,"height":129,"caption":"Salongitoode O\u00dc"},"image":{"@id":"https:\/\/valika.eu\/fi\/#\/schema\/logo\/image\/"},"sameAs":["https:\/\/www.facebook.com\/tipsi.net"]}]}},"jetpack_sharing_enabled":true,"_links":{"self":[{"href":"https:\/\/valika.eu\/fi\/wp-json\/wp\/v2\/product\/15961","targetHints":{"allow":["GET"]}}],"collection":[{"href":"https:\/\/valika.eu\/fi\/wp-json\/wp\/v2\/product"}],"about":[{"href":"https:\/\/valika.eu\/fi\/wp-json\/wp\/v2\/types\/product"}],"wp:featuredmedia":[{"embeddable":true,"href":"https:\/\/valika.eu\/fi\/wp-json\/wp\/v2\/media\/15962"}],"wp:attachment":[{"href":"https:\/\/valika.eu\/fi\/wp-json\/wp\/v2\/media?parent=15961"}],"wp:term":[{"taxonomy":"product_brand","embeddable":true,"href":"https:\/\/valika.eu\/fi\/wp-json\/wp\/v2\/product_brand?post=15961"},{"taxonomy":"product_cat","embeddable":true,"href":"https:\/\/valika.eu\/fi\/wp-json\/wp\/v2\/product_cat?post=15961"},{"taxonomy":"product_tag","embeddable":true,"href":"https:\/\/valika.eu\/fi\/wp-json\/wp\/v2\/product_tag?post=15961"}],"curies":[{"name":"wp","href":"https:\/\/api.w.org\/{rel}","templated":true}]}}