{"id":16253,"date":"2025-08-29T11:16:38","date_gmt":"2025-08-29T08:16:38","guid":{"rendered":"https:\/\/valika.eu\/?post_type=product&#038;p=16253"},"modified":"2025-08-29T11:16:38","modified_gmt":"2025-08-29T08:16:38","slug":"microstop-desinfitseerimismahuti-1l","status":"publish","type":"product","link":"https:\/\/valika.eu\/fi\/toode\/microstop-desinfitseerimismahuti-1l\/","title":{"rendered":"MicroStop-desinfiointiastia \u2013 1 l"},"content":{"rendered":"<p>Desinfiointiastia.<\/p>\n<p>Mitat: 255 x 135 x 85 mm.<\/p>\n<p>MicroStop-astiat:<\/p>\n<p>Valmistettu kest\u00e4v\u00e4st\u00e4, kemikaalinkest\u00e4v\u00e4st\u00e4 ja myrkytt\u00f6m\u00e4st\u00e4 muovista;<br \/>\nEi kellastu, koska se ei altistu ultraviolettis\u00e4teilylle;<br \/>\nVarustettu rei&#8217;itetyll\u00e4 alustalla desinfiointiliuoksen kierron parantamiseksi;<br \/>\nVarustettu levypr\u00e4ssill\u00e4 kevyiden ty\u00f6kalujen k\u00e4sittely\u00e4 varten;<br \/>\nS\u00e4ili\u00f6n sulkevalla kannella: neste ei haihdu ja s\u00e4ilytt\u00e4\u00e4 ominaisuutensa pidemp\u00e4\u00e4n.<\/p>","protected":false},"excerpt":{"rendered":"<p>Desinfiointiastia. Mitat: 255 x 135 x 85 mm. MicroStop-astiat: Valmistettu kest\u00e4v\u00e4st\u00e4, kemikaalinkest\u00e4v\u00e4st\u00e4 ja myrkytt\u00f6m\u00e4st\u00e4 muovista; Ei kellastu, koska se ei<\/p>\n","protected":false},"featured_media":16254,"template":"","meta":[],"product_brand":[],"product_cat":[351],"product_tag":[],"class_list":{"0":"post-16253","1":"product","2":"type-product","3":"status-publish","4":"has-post-thumbnail","6":"product_cat-sterilisaator-seadmed","8":"first","9":"instock","10":"taxable","11":"shipping-taxable","12":"purchasable","13":"product-type-simple"},"yoast_head":"<!-- This site is optimized with the Yoast SEO plugin v24.4 - https:\/\/yoast.com\/wordpress\/plugins\/seo\/ -->\n<title>MicroStop-desinfiointiastia \u2013 1 l | Valika<\/title>\n<meta name=\"robots\" content=\"index, follow, max-snippet:-1, max-image-preview:large, max-video-preview:-1\" \/>\n<link rel=\"canonical\" href=\"https:\/\/valika.eu\/fi\/toode\/microstop-desinfitseerimismahuti-1l\/\" \/>\n<meta property=\"og:locale\" content=\"fi_FI\" \/>\n<meta property=\"og:type\" content=\"article\" \/>\n<meta property=\"og:title\" content=\"MicroStop-desinfiointiastia \u2013 1 l | Valika\" \/>\n<meta property=\"og:description\" content=\"Desinfiointiastia. Mitat: 255 x 135 x 85 mm. MicroStop-astiat: Valmistettu kest\u00e4v\u00e4st\u00e4, kemikaalinkest\u00e4v\u00e4st\u00e4 ja myrkytt\u00f6m\u00e4st\u00e4 muovista; Ei kellastu, koska se ei\" \/>\n<meta property=\"og:url\" content=\"https:\/\/valika.eu\/fi\/toode\/microstop-desinfitseerimismahuti-1l\/\" \/>\n<meta property=\"og:site_name\" content=\"Valika\" \/>\n<meta property=\"article:publisher\" content=\"https:\/\/www.facebook.com\/tipsi.net\" \/>\n<meta property=\"og:image\" content=\"https:\/\/valika.eu\/wp-content\/uploads\/2025\/08\/micro-small.jpg\" \/>\n\t<meta property=\"og:image:width\" content=\"800\" \/>\n\t<meta property=\"og:image:height\" content=\"800\" \/>\n\t<meta property=\"og:image:type\" content=\"image\/jpeg\" \/>\n<meta name=\"twitter:card\" content=\"summary_large_image\" \/>\n<script type=\"application\/ld+json\" class=\"yoast-schema-graph\">{\"@context\":\"https:\/\/schema.org\",\"@graph\":[{\"@type\":\"WebPage\",\"@id\":\"https:\/\/valika.eu\/fi\/toode\/microstop-desinfitseerimismahuti-1l\/\",\"url\":\"https:\/\/valika.eu\/fi\/toode\/microstop-desinfitseerimismahuti-1l\/\",\"name\":\"MicroStop-desinfiointiastia \u2013 1 l | Valika\",\"isPartOf\":{\"@id\":\"https:\/\/valika.eu\/fi\/#website\"},\"primaryImageOfPage\":{\"@id\":\"https:\/\/valika.eu\/fi\/toode\/microstop-desinfitseerimismahuti-1l\/#primaryimage\"},\"image\":{\"@id\":\"https:\/\/valika.eu\/toode\/microstop-desinfitseerimismahuti-1l\/#primaryimage\"},\"thumbnailUrl\":\"https:\/\/valika.eu\/wp-content\/uploads\/2025\/08\/micro-small.jpg\",\"datePublished\":\"2025-08-29T08:16:38+00:00\",\"breadcrumb\":{\"@id\":\"https:\/\/valika.eu\/fi\/toode\/microstop-desinfitseerimismahuti-1l\/#breadcrumb\"},\"inLanguage\":\"fi\",\"potentialAction\":[{\"@type\":\"ReadAction\",\"target\":[[\"https:\/\/valika.eu\/fi\/toode\/microstop-desinfitseerimismahuti-1l\/\"]]}]},{\"@type\":\"ImageObject\",\"inLanguage\":\"fi\",\"@id\":\"https:\/\/valika.eu\/fi\/toode\/microstop-desinfitseerimismahuti-1l\/#primaryimage\",\"url\":\"https:\/\/valika.eu\/wp-content\/uploads\/2025\/08\/micro-small.jpg\",\"contentUrl\":\"https:\/\/valika.eu\/wp-content\/uploads\/2025\/08\/micro-small.jpg\",\"width\":800,\"height\":800},{\"@type\":\"BreadcrumbList\",\"@id\":\"https:\/\/valika.eu\/fi\/toode\/microstop-desinfitseerimismahuti-1l\/#breadcrumb\",\"itemListElement\":[{\"@type\":\"ListItem\",\"position\":1,\"name\":\"Koti\",\"item\":\"https:\/\/valika.eu\/fi\/\"},{\"@type\":\"ListItem\",\"position\":2,\"name\":\"Shop\",\"item\":\"https:\/\/valika.eu\/fi\/\"},{\"@type\":\"ListItem\",\"position\":3,\"name\":\"MicroStop desinfitseerimismahuti \u2013 1L\"}]},{\"@type\":\"WebSite\",\"@id\":\"https:\/\/valika.eu\/fi\/#website\",\"url\":\"https:\/\/valika.eu\/fi\/\",\"name\":\"Valika.eu\",\"description\":\"Salonkituotteet ja kauneudenhoitotuotteet - Valika tarjoaa laajan valikoiman tuotteita ja tarvikkeita kynsiteknikoille, kauneushoitoloille, kampaamoille ja kampaamoille.\",\"publisher\":{\"@id\":\"https:\/\/valika.eu\/fi\/#organization\"},\"alternateName\":\"Valika\",\"potentialAction\":[{\"@type\":\"SearchAction\",\"target\":{\"@type\":\"EntryPoint\",\"urlTemplate\":\"https:\/\/valika.eu\/fi\/?s={search_term_string}\"},\"query-input\":{\"@type\":\"PropertyValueSpecification\",\"valueRequired\":true,\"valueName\":\"search_term_string\"}}],\"inLanguage\":\"fi\"},{\"@type\":\"Organization\",\"@id\":\"https:\/\/valika.eu\/fi\/#organization\",\"name\":\"Salongitoode O\u00dc\",\"alternateName\":\"Valika\",\"url\":\"https:\/\/valika.eu\/fi\/\",\"logo\":{\"@type\":\"ImageObject\",\"inLanguage\":\"fi\",\"@id\":\"https:\/\/valika.eu\/fi\/#\/schema\/logo\/image\/\",\"url\":\"https:\/\/valika.eu\/wp-content\/uploads\/2023\/11\/logo2-valika-footer.png\",\"contentUrl\":\"https:\/\/valika.eu\/wp-content\/uploads\/2023\/11\/logo2-valika-footer.png\",\"width\":200,\"height\":129,\"caption\":\"Salongitoode O\u00dc\"},\"image\":{\"@id\":\"https:\/\/valika.eu\/fi\/#\/schema\/logo\/image\/\"},\"sameAs\":[\"https:\/\/www.facebook.com\/tipsi.net\"]}]}<\/script>\n<!-- \/ Yoast SEO plugin. -->","yoast_head_json":{"title":"MicroStop-desinfiointiastia \u2013 1 l | Valika","robots":{"index":"index","follow":"follow","max-snippet":"max-snippet:-1","max-image-preview":"max-image-preview:large","max-video-preview":"max-video-preview:-1"},"canonical":"https:\/\/valika.eu\/fi\/toode\/microstop-desinfitseerimismahuti-1l\/","og_locale":"fi_FI","og_type":"article","og_title":"MicroStop-desinfiointiastia \u2013 1 l | Valika","og_description":"Desinfiointiastia. Mitat: 255 x 135 x 85 mm. MicroStop-astiat: Valmistettu kest\u00e4v\u00e4st\u00e4, kemikaalinkest\u00e4v\u00e4st\u00e4 ja myrkytt\u00f6m\u00e4st\u00e4 muovista; Ei kellastu, koska se ei","og_url":"https:\/\/valika.eu\/fi\/toode\/microstop-desinfitseerimismahuti-1l\/","og_site_name":"Valika","article_publisher":"https:\/\/www.facebook.com\/tipsi.net","og_image":[{"width":800,"height":800,"url":"https:\/\/valika.eu\/wp-content\/uploads\/2025\/08\/micro-small.jpg","type":"image\/jpeg"}],"twitter_card":"summary_large_image","schema":{"@context":"https:\/\/schema.org","@graph":[{"@type":"WebPage","@id":"https:\/\/valika.eu\/fi\/toode\/microstop-desinfitseerimismahuti-1l\/","url":"https:\/\/valika.eu\/fi\/toode\/microstop-desinfitseerimismahuti-1l\/","name":"MicroStop-desinfiointiastia \u2013 1 l | Valika","isPartOf":{"@id":"https:\/\/valika.eu\/fi\/#website"},"primaryImageOfPage":{"@id":"https:\/\/valika.eu\/fi\/toode\/microstop-desinfitseerimismahuti-1l\/#primaryimage"},"image":{"@id":"https:\/\/valika.eu\/toode\/microstop-desinfitseerimismahuti-1l\/#primaryimage"},"thumbnailUrl":"https:\/\/valika.eu\/wp-content\/uploads\/2025\/08\/micro-small.jpg","datePublished":"2025-08-29T08:16:38+00:00","breadcrumb":{"@id":"https:\/\/valika.eu\/fi\/toode\/microstop-desinfitseerimismahuti-1l\/#breadcrumb"},"inLanguage":"fi","potentialAction":[{"@type":"ReadAction","target":[["https:\/\/valika.eu\/fi\/toode\/microstop-desinfitseerimismahuti-1l\/"]]}]},{"@type":"ImageObject","inLanguage":"fi","@id":"https:\/\/valika.eu\/fi\/toode\/microstop-desinfitseerimismahuti-1l\/#primaryimage","url":"https:\/\/valika.eu\/wp-content\/uploads\/2025\/08\/micro-small.jpg","contentUrl":"https:\/\/valika.eu\/wp-content\/uploads\/2025\/08\/micro-small.jpg","width":800,"height":800},{"@type":"BreadcrumbList","@id":"https:\/\/valika.eu\/fi\/toode\/microstop-desinfitseerimismahuti-1l\/#breadcrumb","itemListElement":[{"@type":"ListItem","position":1,"name":"Koti","item":"https:\/\/valika.eu\/fi\/"},{"@type":"ListItem","position":2,"name":"Shop","item":"https:\/\/valika.eu\/fi\/"},{"@type":"ListItem","position":3,"name":"MicroStop desinfitseerimismahuti \u2013 1L"}]},{"@type":"WebSite","@id":"https:\/\/valika.eu\/fi\/#website","url":"https:\/\/valika.eu\/fi\/","name":"Valika.eu","description":"Salonkituotteet ja kauneudenhoitotuotteet - Valika tarjoaa laajan valikoiman tuotteita ja tarvikkeita kynsiteknikoille, kauneushoitoloille, kampaamoille ja kampaamoille.","publisher":{"@id":"https:\/\/valika.eu\/fi\/#organization"},"alternateName":"Valika","potentialAction":[{"@type":"SearchAction","target":{"@type":"EntryPoint","urlTemplate":"https:\/\/valika.eu\/fi\/?s={search_term_string}"},"query-input":{"@type":"PropertyValueSpecification","valueRequired":true,"valueName":"search_term_string"}}],"inLanguage":"fi"},{"@type":"Organization","@id":"https:\/\/valika.eu\/fi\/#organization","name":"Salongitoode O\u00dc","alternateName":"Valika","url":"https:\/\/valika.eu\/fi\/","logo":{"@type":"ImageObject","inLanguage":"fi","@id":"https:\/\/valika.eu\/fi\/#\/schema\/logo\/image\/","url":"https:\/\/valika.eu\/wp-content\/uploads\/2023\/11\/logo2-valika-footer.png","contentUrl":"https:\/\/valika.eu\/wp-content\/uploads\/2023\/11\/logo2-valika-footer.png","width":200,"height":129,"caption":"Salongitoode O\u00dc"},"image":{"@id":"https:\/\/valika.eu\/fi\/#\/schema\/logo\/image\/"},"sameAs":["https:\/\/www.facebook.com\/tipsi.net"]}]}},"jetpack_sharing_enabled":true,"_links":{"self":[{"href":"https:\/\/valika.eu\/fi\/wp-json\/wp\/v2\/product\/16253","targetHints":{"allow":["GET"]}}],"collection":[{"href":"https:\/\/valika.eu\/fi\/wp-json\/wp\/v2\/product"}],"about":[{"href":"https:\/\/valika.eu\/fi\/wp-json\/wp\/v2\/types\/product"}],"wp:featuredmedia":[{"embeddable":true,"href":"https:\/\/valika.eu\/fi\/wp-json\/wp\/v2\/media\/16254"}],"wp:attachment":[{"href":"https:\/\/valika.eu\/fi\/wp-json\/wp\/v2\/media?parent=16253"}],"wp:term":[{"taxonomy":"product_brand","embeddable":true,"href":"https:\/\/valika.eu\/fi\/wp-json\/wp\/v2\/product_brand?post=16253"},{"taxonomy":"product_cat","embeddable":true,"href":"https:\/\/valika.eu\/fi\/wp-json\/wp\/v2\/product_cat?post=16253"},{"taxonomy":"product_tag","embeddable":true,"href":"https:\/\/valika.eu\/fi\/wp-json\/wp\/v2\/product_tag?post=16253"}],"curies":[{"name":"wp","href":"https:\/\/api.w.org\/{rel}","templated":true}]}}