{"id":16267,"date":"2025-08-29T14:34:40","date_gmt":"2025-08-29T11:34:40","guid":{"rendered":"https:\/\/valika.eu\/?post_type=product&#038;p=16267"},"modified":"2025-10-27T15:46:55","modified_gmt":"2025-10-27T13:46:55","slug":"2023-eunsung-coolshaping2-cryolipolyse-fat-freezing-machine","status":"publish","type":"product","link":"https:\/\/valika.eu\/fi\/toode\/2023-eunsung-coolshaping2-cryolipolyse-fat-freezing-machine\/","title":{"rendered":"2023 Eunsung Coolshaping2 cryolipolyse Fat Freezing Machine"},"content":{"rendered":"<p class=\"qtranxs-available-languages-message qtranxs-available-languages-message-fi\">T\u00e4m\u00e4 teksti on valitettavasti saatavilla vain kielill\u00e4: <a href=\"https:\/\/valika.eu\/et\/wp-json\/wp\/v2\/product\/16267\" class=\"qtranxs-available-language-link qtranxs-available-language-link-et\" title=\"Eesti\">Eesti<\/a>.<\/p><p><a href=\"https:\/\/valika.eu\/wp-content\/uploads\/2025\/08\/Coolshaping2-Brochure-Mar23.pdf\">Coolshaping2-Brochure-Mar23<\/a><\/p>\n<p>&nbsp;<\/p>\n<p>Used, like new<\/p>\n<p>Coolshaping RS2 Cryolipolysis Fat Freezing Machine<\/p>\n<p>Complete treatments in a fraction of the time. CoolShaping2\u2122 delivers larger targeted treatment area opportunity providing much quicker results. This proven technology enables up to four cryo-applicators to function at one time. The huge benefit of this is it cuts treatment time in two compared to standard duo technology, making it an impressive revenue generator for any salon, clinic or practice.<\/p>\n<p>METHODOLOGY<\/p>\n<p>\u2022\u00a0Quickly eliminate targeted unwanted fat<br \/>\n\u2022 Clinically proven to permanently reduce up to 40% of fat in treatment areas.<br \/>\n\u2022\u00a0Due to the crystallisation of targeted fat cells, the destroyed cells will not store fat again<br \/>\n\u2022\u00a0No down-time<br \/>\n\u2022\u00a0Short treatment times allow for more client bookings<\/p>\n<p>TECHNOLOGY<\/p>\n<p>\u2022\u00a0CoolShaping2\u2122 Technology \u2013 capability to treat four areas<br \/>\n\u2022\u00a0360\u00b0 applicators \u2013 integrated cooling<br \/>\n\u2022\u00a04 x applicator sizes \u2013 mini, small (optional), medium &amp; large<br \/>\n\u2022\u00a0Specialist mini applicator \u2013 treat smaller areas such as the chin<br \/>\n\u2022\u00a0Heating mode \u2013 increases blood circulation<br \/>\n\u2022\u00a0Pulsing mode \u2013 increased comfort<br \/>\n\u2022\u00a0Integrated safety features<br \/>\n\u2022\u00a0User friendly interface \u2013 with guide menu &amp; 60 minute timer<br \/>\n\u2022\u00a0Sleek design \u2013 with dual settings system<br \/>\n\u2022\u00a0Mobility \u2013 lockable castors for in-clinic safety<br \/>\n\u2022\u00a010\u2033 LCD Touchscreen including Touch Pen<\/p>\n<p>CoolShaping2 comes with 4 handpieces allowing you to treat up to 4 areas simultaneously. Not only is this great for clinic profitability, but it is also great for time-poor customers, who will be able to treat multiple areas in one session making each treatment both bore effective and efficient.<\/p>\n<p><strong>Treatment areas for CoolShaping2:<\/strong><br \/>\n\u00b7\u00a0Upper &amp; Lower Stomach<br \/>\n\u00b7\u00a0Arms<br \/>\n\u00b7\u00a0Bra Rolls<br \/>\n\u00b7\u00a0Love Handles &amp; Lower Back<br \/>\n\u00b7\u00a0Thighs &amp; Hips<br \/>\n\u00b7\u00a0Chin<br \/>\n\u00b7\u00a0Knees<br \/>\n\u00b7\u00a0Chest (Male)<\/p>","protected":false},"excerpt":{"rendered":"<p>T\u00e4m\u00e4 teksti on valitettavasti saatavilla vain kielill\u00e4: Eesti.Coolshaping2-Brochure-Mar23 &nbsp; Used, like new Coolshaping RS2 Cryolipolysis Fat Freezing Machine Complete treatments<\/p>\n","protected":false},"featured_media":16268,"template":"","meta":[],"product_brand":[],"product_cat":[24,352],"product_tag":[],"class_list":{"0":"post-16267","1":"product","2":"type-product","3":"status-publish","4":"has-post-thumbnail","6":"product_cat-ilusalongimoobel","7":"product_cat-kosmeetikaseadmed","9":"first","10":"instock","11":"taxable","12":"shipping-taxable","13":"purchasable","14":"product-type-simple"},"yoast_head":"<!-- This site is optimized with the Yoast SEO plugin v24.4 - https:\/\/yoast.com\/wordpress\/plugins\/seo\/ -->\n<title>2023 Eunsung Coolshaping2 cryolipolyse Fat Freezing Machine | Valika<\/title>\n<meta name=\"robots\" content=\"index, follow, max-snippet:-1, max-image-preview:large, max-video-preview:-1\" \/>\n<link rel=\"canonical\" href=\"https:\/\/valika.eu\/fi\/toode\/2023-eunsung-coolshaping2-cryolipolyse-fat-freezing-machine\/\" \/>\n<meta property=\"og:locale\" content=\"fi_FI\" \/>\n<meta property=\"og:type\" content=\"article\" \/>\n<meta property=\"og:title\" content=\"2023 Eunsung Coolshaping2 cryolipolyse Fat Freezing Machine | Valika\" \/>\n<meta property=\"og:description\" content=\"T\u00e4m\u00e4 teksti on valitettavasti saatavilla vain kielill\u00e4: Eesti.Coolshaping2-Brochure-Mar23 &nbsp; Used, like new Coolshaping RS2 Cryolipolysis Fat Freezing Machine Complete treatments\" \/>\n<meta property=\"og:url\" content=\"https:\/\/valika.eu\/fi\/toode\/2023-eunsung-coolshaping2-cryolipolyse-fat-freezing-machine\/\" \/>\n<meta property=\"og:site_name\" content=\"Valika\" \/>\n<meta property=\"article:publisher\" content=\"https:\/\/www.facebook.com\/tipsi.net\" \/>\n<meta property=\"article:modified_time\" content=\"2025-10-27T13:46:55+00:00\" \/>\n<meta property=\"og:image\" content=\"https:\/\/valika.eu\/wp-content\/uploads\/2025\/08\/coolshaping2.-img.jpg\" \/>\n\t<meta property=\"og:image:width\" content=\"750\" \/>\n\t<meta property=\"og:image:height\" content=\"1100\" \/>\n\t<meta property=\"og:image:type\" content=\"image\/jpeg\" \/>\n<meta name=\"twitter:card\" content=\"summary_large_image\" \/>\n<script type=\"application\/ld+json\" class=\"yoast-schema-graph\">{\"@context\":\"https:\/\/schema.org\",\"@graph\":[{\"@type\":\"WebPage\",\"@id\":\"https:\/\/valika.eu\/fi\/toode\/2023-eunsung-coolshaping2-cryolipolyse-fat-freezing-machine\/\",\"url\":\"https:\/\/valika.eu\/fi\/toode\/2023-eunsung-coolshaping2-cryolipolyse-fat-freezing-machine\/\",\"name\":\"2023 Eunsung Coolshaping2 cryolipolyse Fat Freezing Machine | Valika\",\"isPartOf\":{\"@id\":\"https:\/\/valika.eu\/fi\/#website\"},\"primaryImageOfPage\":{\"@id\":\"https:\/\/valika.eu\/fi\/toode\/2023-eunsung-coolshaping2-cryolipolyse-fat-freezing-machine\/#primaryimage\"},\"image\":{\"@id\":\"https:\/\/valika.eu\/toode\/2023-eunsung-coolshaping2-cryolipolyse-fat-freezing-machine\/#primaryimage\"},\"thumbnailUrl\":\"https:\/\/valika.eu\/wp-content\/uploads\/2025\/08\/coolshaping2.-img.jpg\",\"datePublished\":\"2025-08-29T11:34:40+00:00\",\"dateModified\":\"2025-10-27T13:46:55+00:00\",\"breadcrumb\":{\"@id\":\"https:\/\/valika.eu\/fi\/toode\/2023-eunsung-coolshaping2-cryolipolyse-fat-freezing-machine\/#breadcrumb\"},\"inLanguage\":\"fi\",\"potentialAction\":[{\"@type\":\"ReadAction\",\"target\":[[\"https:\/\/valika.eu\/fi\/toode\/2023-eunsung-coolshaping2-cryolipolyse-fat-freezing-machine\/\"]]}]},{\"@type\":\"ImageObject\",\"inLanguage\":\"fi\",\"@id\":\"https:\/\/valika.eu\/fi\/toode\/2023-eunsung-coolshaping2-cryolipolyse-fat-freezing-machine\/#primaryimage\",\"url\":\"https:\/\/valika.eu\/wp-content\/uploads\/2025\/08\/coolshaping2.-img.jpg\",\"contentUrl\":\"https:\/\/valika.eu\/wp-content\/uploads\/2025\/08\/coolshaping2.-img.jpg\",\"width\":750,\"height\":1100},{\"@type\":\"BreadcrumbList\",\"@id\":\"https:\/\/valika.eu\/fi\/toode\/2023-eunsung-coolshaping2-cryolipolyse-fat-freezing-machine\/#breadcrumb\",\"itemListElement\":[{\"@type\":\"ListItem\",\"position\":1,\"name\":\"Koti\",\"item\":\"https:\/\/valika.eu\/fi\/\"},{\"@type\":\"ListItem\",\"position\":2,\"name\":\"Shop\",\"item\":\"https:\/\/valika.eu\/fi\/\"},{\"@type\":\"ListItem\",\"position\":3,\"name\":\"2023 Eunsung Coolshaping2 cryolipolyse Fat Freezing Machine\"}]},{\"@type\":\"WebSite\",\"@id\":\"https:\/\/valika.eu\/fi\/#website\",\"url\":\"https:\/\/valika.eu\/fi\/\",\"name\":\"Valika.eu\",\"description\":\"Salonkituotteet ja kauneudenhoitotuotteet - Valika tarjoaa laajan valikoiman tuotteita ja tarvikkeita kynsiteknikoille, kauneushoitoloille, kampaamoille ja kampaamoille.\",\"publisher\":{\"@id\":\"https:\/\/valika.eu\/fi\/#organization\"},\"alternateName\":\"Valika\",\"potentialAction\":[{\"@type\":\"SearchAction\",\"target\":{\"@type\":\"EntryPoint\",\"urlTemplate\":\"https:\/\/valika.eu\/fi\/?s={search_term_string}\"},\"query-input\":{\"@type\":\"PropertyValueSpecification\",\"valueRequired\":true,\"valueName\":\"search_term_string\"}}],\"inLanguage\":\"fi\"},{\"@type\":\"Organization\",\"@id\":\"https:\/\/valika.eu\/fi\/#organization\",\"name\":\"Salongitoode O\u00dc\",\"alternateName\":\"Valika\",\"url\":\"https:\/\/valika.eu\/fi\/\",\"logo\":{\"@type\":\"ImageObject\",\"inLanguage\":\"fi\",\"@id\":\"https:\/\/valika.eu\/fi\/#\/schema\/logo\/image\/\",\"url\":\"https:\/\/valika.eu\/wp-content\/uploads\/2023\/11\/logo2-valika-footer.png\",\"contentUrl\":\"https:\/\/valika.eu\/wp-content\/uploads\/2023\/11\/logo2-valika-footer.png\",\"width\":200,\"height\":129,\"caption\":\"Salongitoode O\u00dc\"},\"image\":{\"@id\":\"https:\/\/valika.eu\/fi\/#\/schema\/logo\/image\/\"},\"sameAs\":[\"https:\/\/www.facebook.com\/tipsi.net\"]}]}<\/script>\n<!-- \/ Yoast SEO plugin. -->","yoast_head_json":{"title":"2023 Eunsung Coolshaping2 cryolipolyse Fat Freezing Machine | Valika","robots":{"index":"index","follow":"follow","max-snippet":"max-snippet:-1","max-image-preview":"max-image-preview:large","max-video-preview":"max-video-preview:-1"},"canonical":"https:\/\/valika.eu\/fi\/toode\/2023-eunsung-coolshaping2-cryolipolyse-fat-freezing-machine\/","og_locale":"fi_FI","og_type":"article","og_title":"2023 Eunsung Coolshaping2 cryolipolyse Fat Freezing Machine | Valika","og_description":"T\u00e4m\u00e4 teksti on valitettavasti saatavilla vain kielill\u00e4: Eesti.Coolshaping2-Brochure-Mar23 &nbsp; Used, like new Coolshaping RS2 Cryolipolysis Fat Freezing Machine Complete treatments","og_url":"https:\/\/valika.eu\/fi\/toode\/2023-eunsung-coolshaping2-cryolipolyse-fat-freezing-machine\/","og_site_name":"Valika","article_publisher":"https:\/\/www.facebook.com\/tipsi.net","article_modified_time":"2025-10-27T13:46:55+00:00","og_image":[{"width":750,"height":1100,"url":"https:\/\/valika.eu\/wp-content\/uploads\/2025\/08\/coolshaping2.-img.jpg","type":"image\/jpeg"}],"twitter_card":"summary_large_image","schema":{"@context":"https:\/\/schema.org","@graph":[{"@type":"WebPage","@id":"https:\/\/valika.eu\/fi\/toode\/2023-eunsung-coolshaping2-cryolipolyse-fat-freezing-machine\/","url":"https:\/\/valika.eu\/fi\/toode\/2023-eunsung-coolshaping2-cryolipolyse-fat-freezing-machine\/","name":"2023 Eunsung Coolshaping2 cryolipolyse Fat Freezing Machine | Valika","isPartOf":{"@id":"https:\/\/valika.eu\/fi\/#website"},"primaryImageOfPage":{"@id":"https:\/\/valika.eu\/fi\/toode\/2023-eunsung-coolshaping2-cryolipolyse-fat-freezing-machine\/#primaryimage"},"image":{"@id":"https:\/\/valika.eu\/toode\/2023-eunsung-coolshaping2-cryolipolyse-fat-freezing-machine\/#primaryimage"},"thumbnailUrl":"https:\/\/valika.eu\/wp-content\/uploads\/2025\/08\/coolshaping2.-img.jpg","datePublished":"2025-08-29T11:34:40+00:00","dateModified":"2025-10-27T13:46:55+00:00","breadcrumb":{"@id":"https:\/\/valika.eu\/fi\/toode\/2023-eunsung-coolshaping2-cryolipolyse-fat-freezing-machine\/#breadcrumb"},"inLanguage":"fi","potentialAction":[{"@type":"ReadAction","target":[["https:\/\/valika.eu\/fi\/toode\/2023-eunsung-coolshaping2-cryolipolyse-fat-freezing-machine\/"]]}]},{"@type":"ImageObject","inLanguage":"fi","@id":"https:\/\/valika.eu\/fi\/toode\/2023-eunsung-coolshaping2-cryolipolyse-fat-freezing-machine\/#primaryimage","url":"https:\/\/valika.eu\/wp-content\/uploads\/2025\/08\/coolshaping2.-img.jpg","contentUrl":"https:\/\/valika.eu\/wp-content\/uploads\/2025\/08\/coolshaping2.-img.jpg","width":750,"height":1100},{"@type":"BreadcrumbList","@id":"https:\/\/valika.eu\/fi\/toode\/2023-eunsung-coolshaping2-cryolipolyse-fat-freezing-machine\/#breadcrumb","itemListElement":[{"@type":"ListItem","position":1,"name":"Koti","item":"https:\/\/valika.eu\/fi\/"},{"@type":"ListItem","position":2,"name":"Shop","item":"https:\/\/valika.eu\/fi\/"},{"@type":"ListItem","position":3,"name":"2023 Eunsung Coolshaping2 cryolipolyse Fat Freezing Machine"}]},{"@type":"WebSite","@id":"https:\/\/valika.eu\/fi\/#website","url":"https:\/\/valika.eu\/fi\/","name":"Valika.eu","description":"Salonkituotteet ja kauneudenhoitotuotteet - Valika tarjoaa laajan valikoiman tuotteita ja tarvikkeita kynsiteknikoille, kauneushoitoloille, kampaamoille ja kampaamoille.","publisher":{"@id":"https:\/\/valika.eu\/fi\/#organization"},"alternateName":"Valika","potentialAction":[{"@type":"SearchAction","target":{"@type":"EntryPoint","urlTemplate":"https:\/\/valika.eu\/fi\/?s={search_term_string}"},"query-input":{"@type":"PropertyValueSpecification","valueRequired":true,"valueName":"search_term_string"}}],"inLanguage":"fi"},{"@type":"Organization","@id":"https:\/\/valika.eu\/fi\/#organization","name":"Salongitoode O\u00dc","alternateName":"Valika","url":"https:\/\/valika.eu\/fi\/","logo":{"@type":"ImageObject","inLanguage":"fi","@id":"https:\/\/valika.eu\/fi\/#\/schema\/logo\/image\/","url":"https:\/\/valika.eu\/wp-content\/uploads\/2023\/11\/logo2-valika-footer.png","contentUrl":"https:\/\/valika.eu\/wp-content\/uploads\/2023\/11\/logo2-valika-footer.png","width":200,"height":129,"caption":"Salongitoode O\u00dc"},"image":{"@id":"https:\/\/valika.eu\/fi\/#\/schema\/logo\/image\/"},"sameAs":["https:\/\/www.facebook.com\/tipsi.net"]}]}},"jetpack_sharing_enabled":true,"_links":{"self":[{"href":"https:\/\/valika.eu\/fi\/wp-json\/wp\/v2\/product\/16267","targetHints":{"allow":["GET"]}}],"collection":[{"href":"https:\/\/valika.eu\/fi\/wp-json\/wp\/v2\/product"}],"about":[{"href":"https:\/\/valika.eu\/fi\/wp-json\/wp\/v2\/types\/product"}],"wp:featuredmedia":[{"embeddable":true,"href":"https:\/\/valika.eu\/fi\/wp-json\/wp\/v2\/media\/16268"}],"wp:attachment":[{"href":"https:\/\/valika.eu\/fi\/wp-json\/wp\/v2\/media?parent=16267"}],"wp:term":[{"taxonomy":"product_brand","embeddable":true,"href":"https:\/\/valika.eu\/fi\/wp-json\/wp\/v2\/product_brand?post=16267"},{"taxonomy":"product_cat","embeddable":true,"href":"https:\/\/valika.eu\/fi\/wp-json\/wp\/v2\/product_cat?post=16267"},{"taxonomy":"product_tag","embeddable":true,"href":"https:\/\/valika.eu\/fi\/wp-json\/wp\/v2\/product_tag?post=16267"}],"curies":[{"name":"wp","href":"https:\/\/api.w.org\/{rel}","templated":true}]}}