{"id":17113,"date":"2025-10-20T14:03:39","date_gmt":"2025-10-20T11:03:39","guid":{"rendered":"https:\/\/valika.eu\/?post_type=product&#038;p=17113"},"modified":"2026-02-19T21:15:00","modified_gmt":"2026-02-19T19:15:00","slug":"pedikuuritool-3-mootoriga-silverfox-2250a","status":"publish","type":"product","link":"https:\/\/valika.eu\/fi\/toode\/pedikuuritool-3-mootoriga-silverfox-2250a\/","title":{"rendered":"Jalkahoitotuoli, jossa on 3 moottoria Silverfox 2250A"},"content":{"rendered":"<p><\/p>\n<p data-start=\"2873\" data-end=\"2956\">Yksi tunnetuimmista ja laadukkaimmista jalkahoitotuoleista \u2014 <strong data-start=\"2934\" data-end=\"2953\">Silverfox 2250A<\/strong>.<\/p>\n<p data-start=\"2958\" data-end=\"3113\">Kolme moottoria nostavat tuolia yl\u00f6s, s\u00e4\u00e4t\u00e4v\u00e4t selk\u00e4nojan ja istuinosan kallistusta \u2014 viimeinen ominaisuus tekee asiakkaan istumisesta erityisen mukavaa.<\/p>\n<p data-start=\"3115\" data-end=\"3285\">T\u00e4rkein ominaisuus jalkahoitotuoleissa on <strong data-start=\"3157\" data-end=\"3197\">asiakkaan jalkojen korkeus lattiasta<\/strong>. Mit\u00e4 korkeammalla, sit\u00e4 parempi \u2014 jotta kosmetologin selk\u00e4 ei v\u00e4sy ja pysyy suorana.<\/p>\n<p data-start=\"3287\" data-end=\"3394\">Tuolin tulisi my\u00f6s laskeutua riitt\u00e4v\u00e4n alas, jotta my\u00f6s vanhemmat asiakkaat voivat helposti istua siihen.<\/p>\n<p data-start=\"3396\" data-end=\"3564\">Jalkatuen korkeus lattiasta on <strong data-start=\"3427\" data-end=\"3451\">enint\u00e4\u00e4n noin 120 cm<\/strong>, mik\u00e4 tekee t\u00e4st\u00e4 tuolista todellisen <strong data-start=\"3490\" data-end=\"3527\">timantin kosmetologien maailmassa<\/strong> \u2014 hoito voidaan suorittaa seisten.<\/p>\n<p data-start=\"3566\" data-end=\"3653\">Jalkatuet k\u00e4\u00e4ntyv\u00e4t sivulle, jotta jalkakylpy voidaan asettaa mukavasti tuolin eteen.<\/p>\n<p data-start=\"3655\" data-end=\"3806\">On t\u00e4rke\u00e4\u00e4, ett\u00e4 jalkatuen viimeinen osa \u2014 <strong data-start=\"3698\" data-end=\"3711\">kantatuki<\/strong> \u2014 voidaan vet\u00e4\u00e4 sis\u00e4\u00e4n ja ulos, lukita haluttuun asentoon tai poistaa kokonaan tarvittaessa.<\/p>\n<p data-start=\"3808\" data-end=\"3875\">K\u00e4sinojat pysyv\u00e4t vaakasuorassa, kun selk\u00e4nojan kulmaa s\u00e4\u00e4det\u00e4\u00e4n.<\/p>\n<p data-start=\"3877\" data-end=\"3931\">P\u00e4\u00e4ntuki on s\u00e4\u00e4dett\u00e4viss\u00e4 yl\u00f6s-alas ja eteen-taakse.<\/p>\n<p data-start=\"3933\" data-end=\"4003\">Tarvittaessa tuoliin voidaan lis\u00e4t\u00e4 py\u00f6r\u00e4t erillist\u00e4 maksua vastaan.<\/p>\n<p data-start=\"4005\" data-end=\"4069\">S\u00e4\u00e4t\u00f6 tapahtuu istuinosan sivussa olevien painikkeiden avulla.<\/p>\n<p data-start=\"4071\" data-end=\"4184\">Paketin mitat: <strong data-start=\"4086\" data-end=\"4105\">1420x660x720 mm<\/strong><br data-start=\"4105\" data-end=\"4108\" \/>Paino: <strong data-start=\"4115\" data-end=\"4127\">105,5 kg<\/strong><br data-start=\"4127\" data-end=\"4130\" \/>Maksimikantavuus: <strong data-start=\"4148\" data-end=\"4158\">150 kg<\/strong><br data-start=\"4158\" data-end=\"4161\" \/>V\u00e4ri: vain valkoinen.<\/p>\n<p><\/p>","protected":false},"excerpt":{"rendered":"<p>Yksi tunnetuimmista ja laadukkaimmista jalkahoitotuoleista \u2014 Silverfox 2250A. Kolme moottoria nostavat tuolia yl\u00f6s, s\u00e4\u00e4t\u00e4v\u00e4t selk\u00e4nojan ja istuinosan kallistusta \u2014 viimeinen<\/p>\n","protected":false},"featured_media":17114,"template":"","meta":[],"product_brand":[],"product_cat":[24,344,734],"product_tag":[],"class_list":{"0":"post-17113","1":"product","2":"type-product","3":"status-publish","4":"has-post-thumbnail","6":"product_cat-ilusalongimoobel","7":"product_cat-kliendivoodid-ja-protseduurilauad","8":"product_cat-outlet-2","10":"first","11":"instock","12":"sale","13":"taxable","14":"shipping-taxable","15":"purchasable","16":"product-type-simple"},"yoast_head":"<!-- This site is optimized with the Yoast SEO plugin v24.4 - https:\/\/yoast.com\/wordpress\/plugins\/seo\/ -->\n<title>Jalkahoitotuoli, jossa on 3 moottoria Silverfox 2250A | Valika<\/title>\n<meta name=\"robots\" content=\"index, follow, max-snippet:-1, max-image-preview:large, max-video-preview:-1\" \/>\n<link rel=\"canonical\" href=\"https:\/\/valika.eu\/fi\/toode\/pedikuuritool-3-mootoriga-silverfox-2250a\/\" \/>\n<meta property=\"og:locale\" content=\"fi_FI\" \/>\n<meta property=\"og:type\" content=\"article\" \/>\n<meta property=\"og:title\" content=\"Jalkahoitotuoli, jossa on 3 moottoria Silverfox 2250A | Valika\" \/>\n<meta property=\"og:description\" content=\"Yksi tunnetuimmista ja laadukkaimmista jalkahoitotuoleista \u2014 Silverfox 2250A. Kolme moottoria nostavat tuolia yl\u00f6s, s\u00e4\u00e4t\u00e4v\u00e4t selk\u00e4nojan ja istuinosan kallistusta \u2014 viimeinen\" \/>\n<meta property=\"og:url\" content=\"https:\/\/valika.eu\/fi\/toode\/pedikuuritool-3-mootoriga-silverfox-2250a\/\" \/>\n<meta property=\"og:site_name\" content=\"Valika\" \/>\n<meta property=\"article:publisher\" content=\"https:\/\/www.facebook.com\/tipsi.net\" \/>\n<meta property=\"article:modified_time\" content=\"2026-02-19T19:15:00+00:00\" \/>\n<meta property=\"og:image\" content=\"https:\/\/valika.eu\/wp-content\/uploads\/2025\/10\/2250a_pedikuuritool_3_mootoriga_silverfox_7.jpg\" \/>\n\t<meta property=\"og:image:width\" content=\"800\" \/>\n\t<meta property=\"og:image:height\" content=\"800\" \/>\n\t<meta property=\"og:image:type\" content=\"image\/jpeg\" \/>\n<meta name=\"twitter:card\" content=\"summary_large_image\" \/>\n<script type=\"application\/ld+json\" class=\"yoast-schema-graph\">{\"@context\":\"https:\/\/schema.org\",\"@graph\":[{\"@type\":\"WebPage\",\"@id\":\"https:\/\/valika.eu\/fi\/toode\/pedikuuritool-3-mootoriga-silverfox-2250a\/\",\"url\":\"https:\/\/valika.eu\/fi\/toode\/pedikuuritool-3-mootoriga-silverfox-2250a\/\",\"name\":\"Jalkahoitotuoli, jossa on 3 moottoria Silverfox 2250A | Valika\",\"isPartOf\":{\"@id\":\"https:\/\/valika.eu\/fi\/#website\"},\"primaryImageOfPage\":{\"@id\":\"https:\/\/valika.eu\/fi\/toode\/pedikuuritool-3-mootoriga-silverfox-2250a\/#primaryimage\"},\"image\":{\"@id\":\"https:\/\/valika.eu\/toode\/pedikuuritool-3-mootoriga-silverfox-2250a\/#primaryimage\"},\"thumbnailUrl\":\"https:\/\/valika.eu\/wp-content\/uploads\/2025\/10\/2250a_pedikuuritool_3_mootoriga_silverfox_7.jpg\",\"datePublished\":\"2025-10-20T11:03:39+00:00\",\"dateModified\":\"2026-02-19T19:15:00+00:00\",\"breadcrumb\":{\"@id\":\"https:\/\/valika.eu\/fi\/toode\/pedikuuritool-3-mootoriga-silverfox-2250a\/#breadcrumb\"},\"inLanguage\":\"fi\",\"potentialAction\":[{\"@type\":\"ReadAction\",\"target\":[[\"https:\/\/valika.eu\/fi\/toode\/pedikuuritool-3-mootoriga-silverfox-2250a\/\"]]}]},{\"@type\":\"ImageObject\",\"inLanguage\":\"fi\",\"@id\":\"https:\/\/valika.eu\/fi\/toode\/pedikuuritool-3-mootoriga-silverfox-2250a\/#primaryimage\",\"url\":\"https:\/\/valika.eu\/wp-content\/uploads\/2025\/10\/2250a_pedikuuritool_3_mootoriga_silverfox_7.jpg\",\"contentUrl\":\"https:\/\/valika.eu\/wp-content\/uploads\/2025\/10\/2250a_pedikuuritool_3_mootoriga_silverfox_7.jpg\",\"width\":800,\"height\":800},{\"@type\":\"BreadcrumbList\",\"@id\":\"https:\/\/valika.eu\/fi\/toode\/pedikuuritool-3-mootoriga-silverfox-2250a\/#breadcrumb\",\"itemListElement\":[{\"@type\":\"ListItem\",\"position\":1,\"name\":\"Koti\",\"item\":\"https:\/\/valika.eu\/fi\/\"},{\"@type\":\"ListItem\",\"position\":2,\"name\":\"Shop\",\"item\":\"https:\/\/valika.eu\/fi\/\"},{\"@type\":\"ListItem\",\"position\":3,\"name\":\"Pedicure chair with 3 motors Silverfox 2250A\"}]},{\"@type\":\"WebSite\",\"@id\":\"https:\/\/valika.eu\/fi\/#website\",\"url\":\"https:\/\/valika.eu\/fi\/\",\"name\":\"Valika.eu\",\"description\":\"Salonkituotteet ja kauneudenhoitotuotteet - Valika tarjoaa laajan valikoiman tuotteita ja tarvikkeita kynsiteknikoille, kauneushoitoloille, kampaamoille ja kampaamoille.\",\"publisher\":{\"@id\":\"https:\/\/valika.eu\/fi\/#organization\"},\"alternateName\":\"Valika\",\"potentialAction\":[{\"@type\":\"SearchAction\",\"target\":{\"@type\":\"EntryPoint\",\"urlTemplate\":\"https:\/\/valika.eu\/fi\/?s={search_term_string}\"},\"query-input\":{\"@type\":\"PropertyValueSpecification\",\"valueRequired\":true,\"valueName\":\"search_term_string\"}}],\"inLanguage\":\"fi\"},{\"@type\":\"Organization\",\"@id\":\"https:\/\/valika.eu\/fi\/#organization\",\"name\":\"Salongitoode O\u00dc\",\"alternateName\":\"Valika\",\"url\":\"https:\/\/valika.eu\/fi\/\",\"logo\":{\"@type\":\"ImageObject\",\"inLanguage\":\"fi\",\"@id\":\"https:\/\/valika.eu\/fi\/#\/schema\/logo\/image\/\",\"url\":\"https:\/\/valika.eu\/wp-content\/uploads\/2023\/11\/logo2-valika-footer.png\",\"contentUrl\":\"https:\/\/valika.eu\/wp-content\/uploads\/2023\/11\/logo2-valika-footer.png\",\"width\":200,\"height\":129,\"caption\":\"Salongitoode O\u00dc\"},\"image\":{\"@id\":\"https:\/\/valika.eu\/fi\/#\/schema\/logo\/image\/\"},\"sameAs\":[\"https:\/\/www.facebook.com\/tipsi.net\"]}]}<\/script>\n<!-- \/ Yoast SEO plugin. -->","yoast_head_json":{"title":"Jalkahoitotuoli, jossa on 3 moottoria Silverfox 2250A | Valika","robots":{"index":"index","follow":"follow","max-snippet":"max-snippet:-1","max-image-preview":"max-image-preview:large","max-video-preview":"max-video-preview:-1"},"canonical":"https:\/\/valika.eu\/fi\/toode\/pedikuuritool-3-mootoriga-silverfox-2250a\/","og_locale":"fi_FI","og_type":"article","og_title":"Jalkahoitotuoli, jossa on 3 moottoria Silverfox 2250A | Valika","og_description":"Yksi tunnetuimmista ja laadukkaimmista jalkahoitotuoleista \u2014 Silverfox 2250A. Kolme moottoria nostavat tuolia yl\u00f6s, s\u00e4\u00e4t\u00e4v\u00e4t selk\u00e4nojan ja istuinosan kallistusta \u2014 viimeinen","og_url":"https:\/\/valika.eu\/fi\/toode\/pedikuuritool-3-mootoriga-silverfox-2250a\/","og_site_name":"Valika","article_publisher":"https:\/\/www.facebook.com\/tipsi.net","article_modified_time":"2026-02-19T19:15:00+00:00","og_image":[{"width":800,"height":800,"url":"https:\/\/valika.eu\/wp-content\/uploads\/2025\/10\/2250a_pedikuuritool_3_mootoriga_silverfox_7.jpg","type":"image\/jpeg"}],"twitter_card":"summary_large_image","schema":{"@context":"https:\/\/schema.org","@graph":[{"@type":"WebPage","@id":"https:\/\/valika.eu\/fi\/toode\/pedikuuritool-3-mootoriga-silverfox-2250a\/","url":"https:\/\/valika.eu\/fi\/toode\/pedikuuritool-3-mootoriga-silverfox-2250a\/","name":"Jalkahoitotuoli, jossa on 3 moottoria Silverfox 2250A | Valika","isPartOf":{"@id":"https:\/\/valika.eu\/fi\/#website"},"primaryImageOfPage":{"@id":"https:\/\/valika.eu\/fi\/toode\/pedikuuritool-3-mootoriga-silverfox-2250a\/#primaryimage"},"image":{"@id":"https:\/\/valika.eu\/toode\/pedikuuritool-3-mootoriga-silverfox-2250a\/#primaryimage"},"thumbnailUrl":"https:\/\/valika.eu\/wp-content\/uploads\/2025\/10\/2250a_pedikuuritool_3_mootoriga_silverfox_7.jpg","datePublished":"2025-10-20T11:03:39+00:00","dateModified":"2026-02-19T19:15:00+00:00","breadcrumb":{"@id":"https:\/\/valika.eu\/fi\/toode\/pedikuuritool-3-mootoriga-silverfox-2250a\/#breadcrumb"},"inLanguage":"fi","potentialAction":[{"@type":"ReadAction","target":[["https:\/\/valika.eu\/fi\/toode\/pedikuuritool-3-mootoriga-silverfox-2250a\/"]]}]},{"@type":"ImageObject","inLanguage":"fi","@id":"https:\/\/valika.eu\/fi\/toode\/pedikuuritool-3-mootoriga-silverfox-2250a\/#primaryimage","url":"https:\/\/valika.eu\/wp-content\/uploads\/2025\/10\/2250a_pedikuuritool_3_mootoriga_silverfox_7.jpg","contentUrl":"https:\/\/valika.eu\/wp-content\/uploads\/2025\/10\/2250a_pedikuuritool_3_mootoriga_silverfox_7.jpg","width":800,"height":800},{"@type":"BreadcrumbList","@id":"https:\/\/valika.eu\/fi\/toode\/pedikuuritool-3-mootoriga-silverfox-2250a\/#breadcrumb","itemListElement":[{"@type":"ListItem","position":1,"name":"Koti","item":"https:\/\/valika.eu\/fi\/"},{"@type":"ListItem","position":2,"name":"Shop","item":"https:\/\/valika.eu\/fi\/"},{"@type":"ListItem","position":3,"name":"Pedicure chair with 3 motors Silverfox 2250A"}]},{"@type":"WebSite","@id":"https:\/\/valika.eu\/fi\/#website","url":"https:\/\/valika.eu\/fi\/","name":"Valika.eu","description":"Salonkituotteet ja kauneudenhoitotuotteet - Valika tarjoaa laajan valikoiman tuotteita ja tarvikkeita kynsiteknikoille, kauneushoitoloille, kampaamoille ja kampaamoille.","publisher":{"@id":"https:\/\/valika.eu\/fi\/#organization"},"alternateName":"Valika","potentialAction":[{"@type":"SearchAction","target":{"@type":"EntryPoint","urlTemplate":"https:\/\/valika.eu\/fi\/?s={search_term_string}"},"query-input":{"@type":"PropertyValueSpecification","valueRequired":true,"valueName":"search_term_string"}}],"inLanguage":"fi"},{"@type":"Organization","@id":"https:\/\/valika.eu\/fi\/#organization","name":"Salongitoode O\u00dc","alternateName":"Valika","url":"https:\/\/valika.eu\/fi\/","logo":{"@type":"ImageObject","inLanguage":"fi","@id":"https:\/\/valika.eu\/fi\/#\/schema\/logo\/image\/","url":"https:\/\/valika.eu\/wp-content\/uploads\/2023\/11\/logo2-valika-footer.png","contentUrl":"https:\/\/valika.eu\/wp-content\/uploads\/2023\/11\/logo2-valika-footer.png","width":200,"height":129,"caption":"Salongitoode O\u00dc"},"image":{"@id":"https:\/\/valika.eu\/fi\/#\/schema\/logo\/image\/"},"sameAs":["https:\/\/www.facebook.com\/tipsi.net"]}]}},"jetpack_sharing_enabled":true,"_links":{"self":[{"href":"https:\/\/valika.eu\/fi\/wp-json\/wp\/v2\/product\/17113","targetHints":{"allow":["GET"]}}],"collection":[{"href":"https:\/\/valika.eu\/fi\/wp-json\/wp\/v2\/product"}],"about":[{"href":"https:\/\/valika.eu\/fi\/wp-json\/wp\/v2\/types\/product"}],"wp:featuredmedia":[{"embeddable":true,"href":"https:\/\/valika.eu\/fi\/wp-json\/wp\/v2\/media\/17114"}],"wp:attachment":[{"href":"https:\/\/valika.eu\/fi\/wp-json\/wp\/v2\/media?parent=17113"}],"wp:term":[{"taxonomy":"product_brand","embeddable":true,"href":"https:\/\/valika.eu\/fi\/wp-json\/wp\/v2\/product_brand?post=17113"},{"taxonomy":"product_cat","embeddable":true,"href":"https:\/\/valika.eu\/fi\/wp-json\/wp\/v2\/product_cat?post=17113"},{"taxonomy":"product_tag","embeddable":true,"href":"https:\/\/valika.eu\/fi\/wp-json\/wp\/v2\/product_tag?post=17113"}],"curies":[{"name":"wp","href":"https:\/\/api.w.org\/{rel}","templated":true}]}}