{"id":17129,"date":"2025-10-20T15:33:56","date_gmt":"2025-10-20T12:33:56","guid":{"rendered":"https:\/\/valika.eu\/?post_type=product&#038;p=17129"},"modified":"2025-10-27T15:46:55","modified_gmt":"2025-10-27T13:46:55","slug":"silverfox-1014-kosmeetiku-tookaru-riiul-ratastega","status":"publish","type":"product","link":"https:\/\/valika.eu\/fi\/toode\/silverfox-1014-kosmeetiku-tookaru-riiul-ratastega\/","title":{"rendered":"Kosmetologin vaunu \/ p\u00f6yt\u00e4, sopii my\u00f6s hammasl\u00e4\u00e4k\u00e4rille \u2014 lasinen kosmetologivaunu Silverfox 1014"},"content":{"rendered":"<p><\/p>\n<p data-start=\"2005\" data-end=\"2167\"><strong data-start=\"2005\" data-end=\"2035\">Kosmetologin ty\u00f6vaunu 1014<\/strong> \u2013 tyylik\u00e4s ja laadukas j\u00e4rjestelij\u00e4 kosmetologin ty\u00f6pisteeseen, johon voidaan sijoittaa erilaisia ty\u00f6v\u00e4lineit\u00e4 ja hoitotuotteita.<\/p>\n<p data-start=\"2169\" data-end=\"2334\">Vaunu koostuu <strong data-start=\"2183\" data-end=\"2202\">metallirungosta<\/strong>, <strong data-start=\"2204\" data-end=\"2252\">kolmesta karkaistusta himme\u00e4st\u00e4 lasihyllyst\u00e4<\/strong> sek\u00e4 <strong data-start=\"2258\" data-end=\"2300\">muovisista kumipinnoitetuista py\u00f6rist\u00e4<\/strong>, jotka helpottavat siirt\u00e4mist\u00e4.<\/p>\n<p data-start=\"2336\" data-end=\"2479\">T\u00e4ss\u00e4 mallissa on <strong data-start=\"2354\" data-end=\"2401\">aukko suurennuslampun kiinnitt\u00e4mist\u00e4 varten<\/strong> sek\u00e4 <strong data-start=\"2407\" data-end=\"2428\">metalliset reunat<\/strong>, jotka suojaavat v\u00e4lineit\u00e4 putoamasta hyllyilt\u00e4.<\/p>\n<p data-start=\"2481\" data-end=\"2503\"><strong data-start=\"2481\" data-end=\"2501\">Tekniset tiedot:<\/strong><\/p>\n<ul data-start=\"2504\" data-end=\"2746\">\n<li data-start=\"2504\" data-end=\"2522\">\n<p data-start=\"2506\" data-end=\"2522\">metallireunat;<\/p>\n<\/li>\n<li data-start=\"2523\" data-end=\"2551\">\n<p data-start=\"2525\" data-end=\"2551\">aukko suurennuslampulle;<\/p>\n<\/li>\n<li data-start=\"2552\" data-end=\"2588\">\n<p data-start=\"2554\" data-end=\"2588\">kolme lasihylly\u00e4 (paksuus 6 mm);<\/p>\n<\/li>\n<li data-start=\"2589\" data-end=\"2615\">\n<p data-start=\"2591\" data-end=\"2615\">karkaistu himme\u00e4 lasi;<\/p>\n<\/li>\n<li data-start=\"2616\" data-end=\"2650\">\n<p data-start=\"2618\" data-end=\"2650\">lasi kiinnitet\u00e4\u00e4n imukupeilla;<\/p>\n<\/li>\n<li data-start=\"2651\" data-end=\"2687\">\n<p data-start=\"2653\" data-end=\"2687\">muoviset kumipinnoitetut py\u00f6r\u00e4t;<\/p>\n<\/li>\n<li data-start=\"2688\" data-end=\"2721\">\n<p data-start=\"2690\" data-end=\"2721\">metallirunko, valkoinen v\u00e4ri;<\/p>\n<\/li>\n<li data-start=\"2722\" data-end=\"2746\">\n<p data-start=\"2724\" data-end=\"2746\">valmistusmaa: Kiina.<\/p>\n<\/li>\n<\/ul>\n<p data-start=\"2748\" data-end=\"2776\"><strong data-start=\"2748\" data-end=\"2758\">Mitat:<\/strong> 54 \u00d7 40 \u00d7 84 cm<\/p>\n<ul data-start=\"2777\" data-end=\"2879\">\n<li data-start=\"2777\" data-end=\"2811\">\n<p data-start=\"2779\" data-end=\"2811\">korkeus (lasin tasolle): 72 cm<\/p>\n<\/li>\n<li data-start=\"2812\" data-end=\"2840\">\n<p data-start=\"2814\" data-end=\"2840\">hyllyv\u00e4li: 31 cm (29 cm)<\/p>\n<\/li>\n<li data-start=\"2841\" data-end=\"2879\">\n<p data-start=\"2843\" data-end=\"2879\">hyllyjen sis\u00e4mitat: 45,5 \u00d7 35,5 cm<\/p>\n<\/li>\n<\/ul>\n<p><\/p>","protected":false},"excerpt":{"rendered":"<p>Kosmetologin ty\u00f6vaunu 1014 \u2013 tyylik\u00e4s ja laadukas j\u00e4rjestelij\u00e4 kosmetologin ty\u00f6pisteeseen, johon voidaan sijoittaa erilaisia ty\u00f6v\u00e4lineit\u00e4 ja hoitotuotteita. Vaunu koostuu metallirungosta,<\/p>\n","protected":false},"featured_media":17132,"template":"","meta":[],"product_brand":[],"product_cat":[24,345],"product_tag":[],"class_list":{"0":"post-17129","1":"product","2":"type-product","3":"status-publish","4":"has-post-thumbnail","6":"product_cat-ilusalongimoobel","7":"product_cat-riiulid-ja-karud","9":"first","10":"instock","11":"taxable","12":"shipping-taxable","13":"purchasable","14":"product-type-simple"},"yoast_head":"<!-- This site is optimized with the Yoast SEO plugin v24.4 - https:\/\/yoast.com\/wordpress\/plugins\/seo\/ -->\n<title>Kosmetologin vaunu \/ p\u00f6yt\u00e4, sopii my\u00f6s hammasl\u00e4\u00e4k\u00e4rille \u2014 lasinen kosmetologivaunu Silverfox 1014 | Valika<\/title>\n<meta name=\"robots\" content=\"index, follow, max-snippet:-1, max-image-preview:large, max-video-preview:-1\" \/>\n<link rel=\"canonical\" href=\"https:\/\/valika.eu\/fi\/toode\/silverfox-1014-kosmeetiku-tookaru-riiul-ratastega\/\" \/>\n<meta property=\"og:locale\" content=\"fi_FI\" \/>\n<meta property=\"og:type\" content=\"article\" \/>\n<meta property=\"og:title\" content=\"Kosmetologin vaunu \/ p\u00f6yt\u00e4, sopii my\u00f6s hammasl\u00e4\u00e4k\u00e4rille \u2014 lasinen kosmetologivaunu Silverfox 1014 | Valika\" \/>\n<meta property=\"og:description\" content=\"Kosmetologin ty\u00f6vaunu 1014 \u2013 tyylik\u00e4s ja laadukas j\u00e4rjestelij\u00e4 kosmetologin ty\u00f6pisteeseen, johon voidaan sijoittaa erilaisia ty\u00f6v\u00e4lineit\u00e4 ja hoitotuotteita. Vaunu koostuu metallirungosta,\" \/>\n<meta property=\"og:url\" content=\"https:\/\/valika.eu\/fi\/toode\/silverfox-1014-kosmeetiku-tookaru-riiul-ratastega\/\" \/>\n<meta property=\"og:site_name\" content=\"Valika\" \/>\n<meta property=\"article:publisher\" content=\"https:\/\/www.facebook.com\/tipsi.net\" \/>\n<meta property=\"article:modified_time\" content=\"2025-10-27T13:46:55+00:00\" \/>\n<meta property=\"og:image\" content=\"https:\/\/valika.eu\/wp-content\/uploads\/2025\/10\/1014_kosmeetiku_klaasriiul.jpg\" \/>\n\t<meta property=\"og:image:width\" content=\"1034\" \/>\n\t<meta property=\"og:image:height\" content=\"900\" \/>\n\t<meta property=\"og:image:type\" content=\"image\/jpeg\" \/>\n<meta name=\"twitter:card\" content=\"summary_large_image\" \/>\n<script type=\"application\/ld+json\" class=\"yoast-schema-graph\">{\"@context\":\"https:\/\/schema.org\",\"@graph\":[{\"@type\":\"WebPage\",\"@id\":\"https:\/\/valika.eu\/fi\/toode\/silverfox-1014-kosmeetiku-tookaru-riiul-ratastega\/\",\"url\":\"https:\/\/valika.eu\/fi\/toode\/silverfox-1014-kosmeetiku-tookaru-riiul-ratastega\/\",\"name\":\"Kosmetologin vaunu \/ p\u00f6yt\u00e4, sopii my\u00f6s hammasl\u00e4\u00e4k\u00e4rille \u2014 lasinen kosmetologivaunu Silverfox 1014 | Valika\",\"isPartOf\":{\"@id\":\"https:\/\/valika.eu\/fi\/#website\"},\"primaryImageOfPage\":{\"@id\":\"https:\/\/valika.eu\/fi\/toode\/silverfox-1014-kosmeetiku-tookaru-riiul-ratastega\/#primaryimage\"},\"image\":{\"@id\":\"https:\/\/valika.eu\/toode\/silverfox-1014-kosmeetiku-tookaru-riiul-ratastega\/#primaryimage\"},\"thumbnailUrl\":\"https:\/\/valika.eu\/wp-content\/uploads\/2025\/10\/1014_kosmeetiku_klaasriiul.jpg\",\"datePublished\":\"2025-10-20T12:33:56+00:00\",\"dateModified\":\"2025-10-27T13:46:55+00:00\",\"breadcrumb\":{\"@id\":\"https:\/\/valika.eu\/fi\/toode\/silverfox-1014-kosmeetiku-tookaru-riiul-ratastega\/#breadcrumb\"},\"inLanguage\":\"fi\",\"potentialAction\":[{\"@type\":\"ReadAction\",\"target\":[[\"https:\/\/valika.eu\/fi\/toode\/silverfox-1014-kosmeetiku-tookaru-riiul-ratastega\/\"]]}]},{\"@type\":\"ImageObject\",\"inLanguage\":\"fi\",\"@id\":\"https:\/\/valika.eu\/fi\/toode\/silverfox-1014-kosmeetiku-tookaru-riiul-ratastega\/#primaryimage\",\"url\":\"https:\/\/valika.eu\/wp-content\/uploads\/2025\/10\/1014_kosmeetiku_klaasriiul.jpg\",\"contentUrl\":\"https:\/\/valika.eu\/wp-content\/uploads\/2025\/10\/1014_kosmeetiku_klaasriiul.jpg\",\"width\":1034,\"height\":900},{\"@type\":\"BreadcrumbList\",\"@id\":\"https:\/\/valika.eu\/fi\/toode\/silverfox-1014-kosmeetiku-tookaru-riiul-ratastega\/#breadcrumb\",\"itemListElement\":[{\"@type\":\"ListItem\",\"position\":1,\"name\":\"Koti\",\"item\":\"https:\/\/valika.eu\/fi\/\"},{\"@type\":\"ListItem\",\"position\":2,\"name\":\"Shop\",\"item\":\"https:\/\/valika.eu\/fi\/\"},{\"@type\":\"ListItem\",\"position\":3,\"name\":\"Silverfox 1014 kosmeetiku t\u00f6\u00f6k\u00e4ru riiul ratastega\"}]},{\"@type\":\"WebSite\",\"@id\":\"https:\/\/valika.eu\/fi\/#website\",\"url\":\"https:\/\/valika.eu\/fi\/\",\"name\":\"Valika.eu\",\"description\":\"Salonkituotteet ja kauneudenhoitotuotteet - Valika tarjoaa laajan valikoiman tuotteita ja tarvikkeita kynsiteknikoille, kauneushoitoloille, kampaamoille ja kampaamoille.\",\"publisher\":{\"@id\":\"https:\/\/valika.eu\/fi\/#organization\"},\"alternateName\":\"Valika\",\"potentialAction\":[{\"@type\":\"SearchAction\",\"target\":{\"@type\":\"EntryPoint\",\"urlTemplate\":\"https:\/\/valika.eu\/fi\/?s={search_term_string}\"},\"query-input\":{\"@type\":\"PropertyValueSpecification\",\"valueRequired\":true,\"valueName\":\"search_term_string\"}}],\"inLanguage\":\"fi\"},{\"@type\":\"Organization\",\"@id\":\"https:\/\/valika.eu\/fi\/#organization\",\"name\":\"Salongitoode O\u00dc\",\"alternateName\":\"Valika\",\"url\":\"https:\/\/valika.eu\/fi\/\",\"logo\":{\"@type\":\"ImageObject\",\"inLanguage\":\"fi\",\"@id\":\"https:\/\/valika.eu\/fi\/#\/schema\/logo\/image\/\",\"url\":\"https:\/\/valika.eu\/wp-content\/uploads\/2023\/11\/logo2-valika-footer.png\",\"contentUrl\":\"https:\/\/valika.eu\/wp-content\/uploads\/2023\/11\/logo2-valika-footer.png\",\"width\":200,\"height\":129,\"caption\":\"Salongitoode O\u00dc\"},\"image\":{\"@id\":\"https:\/\/valika.eu\/fi\/#\/schema\/logo\/image\/\"},\"sameAs\":[\"https:\/\/www.facebook.com\/tipsi.net\"]}]}<\/script>\n<!-- \/ Yoast SEO plugin. -->","yoast_head_json":{"title":"Kosmetologin vaunu \/ p\u00f6yt\u00e4, sopii my\u00f6s hammasl\u00e4\u00e4k\u00e4rille \u2014 lasinen kosmetologivaunu Silverfox 1014 | Valika","robots":{"index":"index","follow":"follow","max-snippet":"max-snippet:-1","max-image-preview":"max-image-preview:large","max-video-preview":"max-video-preview:-1"},"canonical":"https:\/\/valika.eu\/fi\/toode\/silverfox-1014-kosmeetiku-tookaru-riiul-ratastega\/","og_locale":"fi_FI","og_type":"article","og_title":"Kosmetologin vaunu \/ p\u00f6yt\u00e4, sopii my\u00f6s hammasl\u00e4\u00e4k\u00e4rille \u2014 lasinen kosmetologivaunu Silverfox 1014 | Valika","og_description":"Kosmetologin ty\u00f6vaunu 1014 \u2013 tyylik\u00e4s ja laadukas j\u00e4rjestelij\u00e4 kosmetologin ty\u00f6pisteeseen, johon voidaan sijoittaa erilaisia ty\u00f6v\u00e4lineit\u00e4 ja hoitotuotteita. Vaunu koostuu metallirungosta,","og_url":"https:\/\/valika.eu\/fi\/toode\/silverfox-1014-kosmeetiku-tookaru-riiul-ratastega\/","og_site_name":"Valika","article_publisher":"https:\/\/www.facebook.com\/tipsi.net","article_modified_time":"2025-10-27T13:46:55+00:00","og_image":[{"width":1034,"height":900,"url":"https:\/\/valika.eu\/wp-content\/uploads\/2025\/10\/1014_kosmeetiku_klaasriiul.jpg","type":"image\/jpeg"}],"twitter_card":"summary_large_image","schema":{"@context":"https:\/\/schema.org","@graph":[{"@type":"WebPage","@id":"https:\/\/valika.eu\/fi\/toode\/silverfox-1014-kosmeetiku-tookaru-riiul-ratastega\/","url":"https:\/\/valika.eu\/fi\/toode\/silverfox-1014-kosmeetiku-tookaru-riiul-ratastega\/","name":"Kosmetologin vaunu \/ p\u00f6yt\u00e4, sopii my\u00f6s hammasl\u00e4\u00e4k\u00e4rille \u2014 lasinen kosmetologivaunu Silverfox 1014 | Valika","isPartOf":{"@id":"https:\/\/valika.eu\/fi\/#website"},"primaryImageOfPage":{"@id":"https:\/\/valika.eu\/fi\/toode\/silverfox-1014-kosmeetiku-tookaru-riiul-ratastega\/#primaryimage"},"image":{"@id":"https:\/\/valika.eu\/toode\/silverfox-1014-kosmeetiku-tookaru-riiul-ratastega\/#primaryimage"},"thumbnailUrl":"https:\/\/valika.eu\/wp-content\/uploads\/2025\/10\/1014_kosmeetiku_klaasriiul.jpg","datePublished":"2025-10-20T12:33:56+00:00","dateModified":"2025-10-27T13:46:55+00:00","breadcrumb":{"@id":"https:\/\/valika.eu\/fi\/toode\/silverfox-1014-kosmeetiku-tookaru-riiul-ratastega\/#breadcrumb"},"inLanguage":"fi","potentialAction":[{"@type":"ReadAction","target":[["https:\/\/valika.eu\/fi\/toode\/silverfox-1014-kosmeetiku-tookaru-riiul-ratastega\/"]]}]},{"@type":"ImageObject","inLanguage":"fi","@id":"https:\/\/valika.eu\/fi\/toode\/silverfox-1014-kosmeetiku-tookaru-riiul-ratastega\/#primaryimage","url":"https:\/\/valika.eu\/wp-content\/uploads\/2025\/10\/1014_kosmeetiku_klaasriiul.jpg","contentUrl":"https:\/\/valika.eu\/wp-content\/uploads\/2025\/10\/1014_kosmeetiku_klaasriiul.jpg","width":1034,"height":900},{"@type":"BreadcrumbList","@id":"https:\/\/valika.eu\/fi\/toode\/silverfox-1014-kosmeetiku-tookaru-riiul-ratastega\/#breadcrumb","itemListElement":[{"@type":"ListItem","position":1,"name":"Koti","item":"https:\/\/valika.eu\/fi\/"},{"@type":"ListItem","position":2,"name":"Shop","item":"https:\/\/valika.eu\/fi\/"},{"@type":"ListItem","position":3,"name":"Silverfox 1014 kosmeetiku t\u00f6\u00f6k\u00e4ru riiul ratastega"}]},{"@type":"WebSite","@id":"https:\/\/valika.eu\/fi\/#website","url":"https:\/\/valika.eu\/fi\/","name":"Valika.eu","description":"Salonkituotteet ja kauneudenhoitotuotteet - Valika tarjoaa laajan valikoiman tuotteita ja tarvikkeita kynsiteknikoille, kauneushoitoloille, kampaamoille ja kampaamoille.","publisher":{"@id":"https:\/\/valika.eu\/fi\/#organization"},"alternateName":"Valika","potentialAction":[{"@type":"SearchAction","target":{"@type":"EntryPoint","urlTemplate":"https:\/\/valika.eu\/fi\/?s={search_term_string}"},"query-input":{"@type":"PropertyValueSpecification","valueRequired":true,"valueName":"search_term_string"}}],"inLanguage":"fi"},{"@type":"Organization","@id":"https:\/\/valika.eu\/fi\/#organization","name":"Salongitoode O\u00dc","alternateName":"Valika","url":"https:\/\/valika.eu\/fi\/","logo":{"@type":"ImageObject","inLanguage":"fi","@id":"https:\/\/valika.eu\/fi\/#\/schema\/logo\/image\/","url":"https:\/\/valika.eu\/wp-content\/uploads\/2023\/11\/logo2-valika-footer.png","contentUrl":"https:\/\/valika.eu\/wp-content\/uploads\/2023\/11\/logo2-valika-footer.png","width":200,"height":129,"caption":"Salongitoode O\u00dc"},"image":{"@id":"https:\/\/valika.eu\/fi\/#\/schema\/logo\/image\/"},"sameAs":["https:\/\/www.facebook.com\/tipsi.net"]}]}},"jetpack_sharing_enabled":true,"_links":{"self":[{"href":"https:\/\/valika.eu\/fi\/wp-json\/wp\/v2\/product\/17129","targetHints":{"allow":["GET"]}}],"collection":[{"href":"https:\/\/valika.eu\/fi\/wp-json\/wp\/v2\/product"}],"about":[{"href":"https:\/\/valika.eu\/fi\/wp-json\/wp\/v2\/types\/product"}],"wp:featuredmedia":[{"embeddable":true,"href":"https:\/\/valika.eu\/fi\/wp-json\/wp\/v2\/media\/17132"}],"wp:attachment":[{"href":"https:\/\/valika.eu\/fi\/wp-json\/wp\/v2\/media?parent=17129"}],"wp:term":[{"taxonomy":"product_brand","embeddable":true,"href":"https:\/\/valika.eu\/fi\/wp-json\/wp\/v2\/product_brand?post=17129"},{"taxonomy":"product_cat","embeddable":true,"href":"https:\/\/valika.eu\/fi\/wp-json\/wp\/v2\/product_cat?post=17129"},{"taxonomy":"product_tag","embeddable":true,"href":"https:\/\/valika.eu\/fi\/wp-json\/wp\/v2\/product_tag?post=17129"}],"curies":[{"name":"wp","href":"https:\/\/api.w.org\/{rel}","templated":true}]}}