{"id":17148,"date":"2025-10-22T11:21:55","date_gmt":"2025-10-22T08:21:55","guid":{"rendered":"https:\/\/valika.eu\/?post_type=product&#038;p=17148"},"modified":"2026-03-27T11:49:41","modified_gmt":"2026-03-27T09:49:41","slug":"palu-cherry-crush-kirsi-kuunenaha-ja-kuuneoli-15ml","status":"publish","type":"product","link":"https:\/\/valika.eu\/fi\/toode\/palu-cherry-crush-kirsi-kuunenaha-ja-kuuneoli-15ml\/","title":{"rendered":"PALU CHERRY CRUSH Kirsikka Kynsinauha- ja Kynsi\u00f6ljy 15ml"},"content":{"rendered":"<p>Hyvin hoidetut k\u00e4det ovat k\u00e4yntikorttimme. Hoidetut kynnet ja sile\u00e4, silkkinen iho antavat meille itseluottamusta arkip\u00e4iv\u00e4n tilanteissa ja ovat todellinen koriste.<\/p>\n<p>Vaihteleva s\u00e4\u00e4, ty\u00f6ymp\u00e4rist\u00f6 sek\u00e4 kotit\u00f6iss\u00e4 k\u00e4ytt\u00e4m\u00e4mme tuotteet ja aineet tekev\u00e4t joskus k\u00e4sien ja erityisesti kynsien ymp\u00e4rill\u00e4 olevien kynsinauhojen kunnon yll\u00e4pit\u00e4misest\u00e4 vaikeaa.<\/p>\n<p>Palun kosteuttavien hedelm\u00e4\u00f6ljyjen sarja on luotu kaikille, jotka haaveilevat kauniista ja hoidetuista k\u00e4sist\u00e4. Makean mantelin ja persikan siemen\u00f6ljyill\u00e4 rikastettu koostumus kosteuttaa ja rauhoittaa, samalla s\u00e4ilytt\u00e4en ihon kimmoisuuden ja imeytyen helposti. N\u00e4m\u00e4 k\u00e4tev\u00e4ss\u00e4 pipettipullossa olevat \u00f6ljyt sopivat t\u00e4ydellisesti paitsi kampaamoon viimeistelyksi mihin tahansa tyyliin, my\u00f6s meikkip\u00f6yd\u00e4lle tai k\u00e4tev\u00e4\u00e4n meikkipussiin. Joten voit huolehtia k\u00e4sist\u00e4si my\u00f6s liikkeell\u00e4 ollessasi.<\/p>\n<p>Tuoksut:<\/p>\n<p>CHERRY CRUSH \u2013 mehukas, kirsikan tuoksu, joka tuo mieleen huolettomat kes\u00e4p\u00e4iv\u00e4t.<\/p>\n<p>&nbsp;<\/p>\n<p>Ominaisuudet:<\/p>\n<p>est\u00e4\u00e4 ihoa kuivumasta<br \/>\nkosteuttaa ja silottaa ihoa<br \/>\nmakean mantelin ja persikan siemen\u00f6ljyt ravitsevat ja antavat iholle kimmoisuutta<br \/>\nimeytyv\u00e4t helposti<br \/>\n3 trooppista tuoksua, joista valita<\/p>\n<p>K\u00e4ytt\u00f6ohje: Levit\u00e4 puhtaille kynsinauhoille kynsien ymp\u00e4rille ja hiero, kunnes imeytyy.<\/p>","protected":false},"excerpt":{"rendered":"<p>Hyvin hoidetut k\u00e4det ovat k\u00e4yntikorttimme. Hoidetut kynnet ja sile\u00e4, silkkinen iho antavat meille itseluottamusta arkip\u00e4iv\u00e4n tilanteissa ja ovat todellinen koriste.<\/p>\n","protected":false},"featured_media":17151,"template":"","meta":[],"product_brand":[],"product_cat":[596],"product_tag":[],"class_list":{"0":"post-17148","1":"product","2":"type-product","3":"status-publish","4":"has-post-thumbnail","6":"product_cat-kuunenahaoli","8":"first","9":"instock","10":"taxable","11":"shipping-taxable","12":"purchasable","13":"product-type-simple"},"yoast_head":"<!-- This site is optimized with the Yoast SEO plugin v24.4 - https:\/\/yoast.com\/wordpress\/plugins\/seo\/ -->\n<title>PALU CHERRY CRUSH Kirsikka Kynsinauha- ja Kynsi\u00f6ljy 15ml | Valika<\/title>\n<meta name=\"robots\" content=\"index, follow, max-snippet:-1, max-image-preview:large, max-video-preview:-1\" \/>\n<link rel=\"canonical\" href=\"https:\/\/valika.eu\/fi\/toode\/palu-cherry-crush-kirsi-kuunenaha-ja-kuuneoli-15ml\/\" \/>\n<meta property=\"og:locale\" content=\"fi_FI\" \/>\n<meta property=\"og:type\" content=\"article\" \/>\n<meta property=\"og:title\" content=\"PALU CHERRY CRUSH Kirsikka Kynsinauha- ja Kynsi\u00f6ljy 15ml | Valika\" \/>\n<meta property=\"og:description\" content=\"Hyvin hoidetut k\u00e4det ovat k\u00e4yntikorttimme. Hoidetut kynnet ja sile\u00e4, silkkinen iho antavat meille itseluottamusta arkip\u00e4iv\u00e4n tilanteissa ja ovat todellinen koriste.\" \/>\n<meta property=\"og:url\" content=\"https:\/\/valika.eu\/fi\/toode\/palu-cherry-crush-kirsi-kuunenaha-ja-kuuneoli-15ml\/\" \/>\n<meta property=\"og:site_name\" content=\"Valika\" \/>\n<meta property=\"article:publisher\" content=\"https:\/\/www.facebook.com\/tipsi.net\" \/>\n<meta property=\"article:modified_time\" content=\"2026-03-27T09:49:41+00:00\" \/>\n<meta property=\"og:image\" content=\"https:\/\/valika.eu\/wp-content\/uploads\/2025\/10\/cherry-crush.webp\" \/>\n\t<meta property=\"og:image:width\" content=\"1500\" \/>\n\t<meta property=\"og:image:height\" content=\"1500\" \/>\n\t<meta property=\"og:image:type\" content=\"image\/webp\" \/>\n<meta name=\"twitter:card\" content=\"summary_large_image\" \/>\n<script type=\"application\/ld+json\" class=\"yoast-schema-graph\">{\"@context\":\"https:\/\/schema.org\",\"@graph\":[{\"@type\":\"WebPage\",\"@id\":\"https:\/\/valika.eu\/fi\/toode\/palu-cherry-crush-kirsi-kuunenaha-ja-kuuneoli-15ml\/\",\"url\":\"https:\/\/valika.eu\/fi\/toode\/palu-cherry-crush-kirsi-kuunenaha-ja-kuuneoli-15ml\/\",\"name\":\"PALU CHERRY CRUSH Kirsikka Kynsinauha- ja Kynsi\u00f6ljy 15ml | Valika\",\"isPartOf\":{\"@id\":\"https:\/\/valika.eu\/fi\/#website\"},\"primaryImageOfPage\":{\"@id\":\"https:\/\/valika.eu\/fi\/toode\/palu-cherry-crush-kirsi-kuunenaha-ja-kuuneoli-15ml\/#primaryimage\"},\"image\":{\"@id\":\"https:\/\/valika.eu\/toode\/palu-cherry-crush-kirsi-kuunenaha-ja-kuuneoli-15ml\/#primaryimage\"},\"thumbnailUrl\":\"https:\/\/valika.eu\/wp-content\/uploads\/2025\/10\/cherry-crush.webp\",\"datePublished\":\"2025-10-22T08:21:55+00:00\",\"dateModified\":\"2026-03-27T09:49:41+00:00\",\"breadcrumb\":{\"@id\":\"https:\/\/valika.eu\/fi\/toode\/palu-cherry-crush-kirsi-kuunenaha-ja-kuuneoli-15ml\/#breadcrumb\"},\"inLanguage\":\"fi\",\"potentialAction\":[{\"@type\":\"ReadAction\",\"target\":[[\"https:\/\/valika.eu\/fi\/toode\/palu-cherry-crush-kirsi-kuunenaha-ja-kuuneoli-15ml\/\"]]}]},{\"@type\":\"ImageObject\",\"inLanguage\":\"fi\",\"@id\":\"https:\/\/valika.eu\/fi\/toode\/palu-cherry-crush-kirsi-kuunenaha-ja-kuuneoli-15ml\/#primaryimage\",\"url\":\"https:\/\/valika.eu\/wp-content\/uploads\/2025\/10\/cherry-crush.webp\",\"contentUrl\":\"https:\/\/valika.eu\/wp-content\/uploads\/2025\/10\/cherry-crush.webp\",\"width\":1500,\"height\":1500},{\"@type\":\"BreadcrumbList\",\"@id\":\"https:\/\/valika.eu\/fi\/toode\/palu-cherry-crush-kirsi-kuunenaha-ja-kuuneoli-15ml\/#breadcrumb\",\"itemListElement\":[{\"@type\":\"ListItem\",\"position\":1,\"name\":\"Koti\",\"item\":\"https:\/\/valika.eu\/fi\/\"},{\"@type\":\"ListItem\",\"position\":2,\"name\":\"Shop\",\"item\":\"https:\/\/valika.eu\/fi\/\"},{\"@type\":\"ListItem\",\"position\":3,\"name\":\"PALU CHERRY CRUSH Cherry 15 \u043c\u043b \u043c\u0430\u0441\u043b\u043e \u0434\u043b\u044f \u043a\u0443\u0442\u0438\u043a\u0443\u043b\u044b \u0438 \u043d\u043e\u0433\u0442\u0435\u0439\"}]},{\"@type\":\"WebSite\",\"@id\":\"https:\/\/valika.eu\/fi\/#website\",\"url\":\"https:\/\/valika.eu\/fi\/\",\"name\":\"Valika.eu\",\"description\":\"Salonkituotteet ja kauneudenhoitotuotteet - Valika tarjoaa laajan valikoiman tuotteita ja tarvikkeita kynsiteknikoille, kauneushoitoloille, kampaamoille ja kampaamoille.\",\"publisher\":{\"@id\":\"https:\/\/valika.eu\/fi\/#organization\"},\"alternateName\":\"Valika\",\"potentialAction\":[{\"@type\":\"SearchAction\",\"target\":{\"@type\":\"EntryPoint\",\"urlTemplate\":\"https:\/\/valika.eu\/fi\/?s={search_term_string}\"},\"query-input\":{\"@type\":\"PropertyValueSpecification\",\"valueRequired\":true,\"valueName\":\"search_term_string\"}}],\"inLanguage\":\"fi\"},{\"@type\":\"Organization\",\"@id\":\"https:\/\/valika.eu\/fi\/#organization\",\"name\":\"Salongitoode O\u00dc\",\"alternateName\":\"Valika\",\"url\":\"https:\/\/valika.eu\/fi\/\",\"logo\":{\"@type\":\"ImageObject\",\"inLanguage\":\"fi\",\"@id\":\"https:\/\/valika.eu\/fi\/#\/schema\/logo\/image\/\",\"url\":\"https:\/\/valika.eu\/wp-content\/uploads\/2023\/11\/logo2-valika-footer.png\",\"contentUrl\":\"https:\/\/valika.eu\/wp-content\/uploads\/2023\/11\/logo2-valika-footer.png\",\"width\":200,\"height\":129,\"caption\":\"Salongitoode O\u00dc\"},\"image\":{\"@id\":\"https:\/\/valika.eu\/fi\/#\/schema\/logo\/image\/\"},\"sameAs\":[\"https:\/\/www.facebook.com\/tipsi.net\"]}]}<\/script>\n<!-- \/ Yoast SEO plugin. -->","yoast_head_json":{"title":"PALU CHERRY CRUSH Kirsikka Kynsinauha- ja Kynsi\u00f6ljy 15ml | Valika","robots":{"index":"index","follow":"follow","max-snippet":"max-snippet:-1","max-image-preview":"max-image-preview:large","max-video-preview":"max-video-preview:-1"},"canonical":"https:\/\/valika.eu\/fi\/toode\/palu-cherry-crush-kirsi-kuunenaha-ja-kuuneoli-15ml\/","og_locale":"fi_FI","og_type":"article","og_title":"PALU CHERRY CRUSH Kirsikka Kynsinauha- ja Kynsi\u00f6ljy 15ml | Valika","og_description":"Hyvin hoidetut k\u00e4det ovat k\u00e4yntikorttimme. Hoidetut kynnet ja sile\u00e4, silkkinen iho antavat meille itseluottamusta arkip\u00e4iv\u00e4n tilanteissa ja ovat todellinen koriste.","og_url":"https:\/\/valika.eu\/fi\/toode\/palu-cherry-crush-kirsi-kuunenaha-ja-kuuneoli-15ml\/","og_site_name":"Valika","article_publisher":"https:\/\/www.facebook.com\/tipsi.net","article_modified_time":"2026-03-27T09:49:41+00:00","og_image":[{"width":1500,"height":1500,"url":"https:\/\/valika.eu\/wp-content\/uploads\/2025\/10\/cherry-crush.webp","type":"image\/webp"}],"twitter_card":"summary_large_image","schema":{"@context":"https:\/\/schema.org","@graph":[{"@type":"WebPage","@id":"https:\/\/valika.eu\/fi\/toode\/palu-cherry-crush-kirsi-kuunenaha-ja-kuuneoli-15ml\/","url":"https:\/\/valika.eu\/fi\/toode\/palu-cherry-crush-kirsi-kuunenaha-ja-kuuneoli-15ml\/","name":"PALU CHERRY CRUSH Kirsikka Kynsinauha- ja Kynsi\u00f6ljy 15ml | Valika","isPartOf":{"@id":"https:\/\/valika.eu\/fi\/#website"},"primaryImageOfPage":{"@id":"https:\/\/valika.eu\/fi\/toode\/palu-cherry-crush-kirsi-kuunenaha-ja-kuuneoli-15ml\/#primaryimage"},"image":{"@id":"https:\/\/valika.eu\/toode\/palu-cherry-crush-kirsi-kuunenaha-ja-kuuneoli-15ml\/#primaryimage"},"thumbnailUrl":"https:\/\/valika.eu\/wp-content\/uploads\/2025\/10\/cherry-crush.webp","datePublished":"2025-10-22T08:21:55+00:00","dateModified":"2026-03-27T09:49:41+00:00","breadcrumb":{"@id":"https:\/\/valika.eu\/fi\/toode\/palu-cherry-crush-kirsi-kuunenaha-ja-kuuneoli-15ml\/#breadcrumb"},"inLanguage":"fi","potentialAction":[{"@type":"ReadAction","target":[["https:\/\/valika.eu\/fi\/toode\/palu-cherry-crush-kirsi-kuunenaha-ja-kuuneoli-15ml\/"]]}]},{"@type":"ImageObject","inLanguage":"fi","@id":"https:\/\/valika.eu\/fi\/toode\/palu-cherry-crush-kirsi-kuunenaha-ja-kuuneoli-15ml\/#primaryimage","url":"https:\/\/valika.eu\/wp-content\/uploads\/2025\/10\/cherry-crush.webp","contentUrl":"https:\/\/valika.eu\/wp-content\/uploads\/2025\/10\/cherry-crush.webp","width":1500,"height":1500},{"@type":"BreadcrumbList","@id":"https:\/\/valika.eu\/fi\/toode\/palu-cherry-crush-kirsi-kuunenaha-ja-kuuneoli-15ml\/#breadcrumb","itemListElement":[{"@type":"ListItem","position":1,"name":"Koti","item":"https:\/\/valika.eu\/fi\/"},{"@type":"ListItem","position":2,"name":"Shop","item":"https:\/\/valika.eu\/fi\/"},{"@type":"ListItem","position":3,"name":"PALU CHERRY CRUSH Cherry 15 \u043c\u043b \u043c\u0430\u0441\u043b\u043e \u0434\u043b\u044f \u043a\u0443\u0442\u0438\u043a\u0443\u043b\u044b \u0438 \u043d\u043e\u0433\u0442\u0435\u0439"}]},{"@type":"WebSite","@id":"https:\/\/valika.eu\/fi\/#website","url":"https:\/\/valika.eu\/fi\/","name":"Valika.eu","description":"Salonkituotteet ja kauneudenhoitotuotteet - Valika tarjoaa laajan valikoiman tuotteita ja tarvikkeita kynsiteknikoille, kauneushoitoloille, kampaamoille ja kampaamoille.","publisher":{"@id":"https:\/\/valika.eu\/fi\/#organization"},"alternateName":"Valika","potentialAction":[{"@type":"SearchAction","target":{"@type":"EntryPoint","urlTemplate":"https:\/\/valika.eu\/fi\/?s={search_term_string}"},"query-input":{"@type":"PropertyValueSpecification","valueRequired":true,"valueName":"search_term_string"}}],"inLanguage":"fi"},{"@type":"Organization","@id":"https:\/\/valika.eu\/fi\/#organization","name":"Salongitoode O\u00dc","alternateName":"Valika","url":"https:\/\/valika.eu\/fi\/","logo":{"@type":"ImageObject","inLanguage":"fi","@id":"https:\/\/valika.eu\/fi\/#\/schema\/logo\/image\/","url":"https:\/\/valika.eu\/wp-content\/uploads\/2023\/11\/logo2-valika-footer.png","contentUrl":"https:\/\/valika.eu\/wp-content\/uploads\/2023\/11\/logo2-valika-footer.png","width":200,"height":129,"caption":"Salongitoode O\u00dc"},"image":{"@id":"https:\/\/valika.eu\/fi\/#\/schema\/logo\/image\/"},"sameAs":["https:\/\/www.facebook.com\/tipsi.net"]}]}},"jetpack_sharing_enabled":true,"_links":{"self":[{"href":"https:\/\/valika.eu\/fi\/wp-json\/wp\/v2\/product\/17148","targetHints":{"allow":["GET"]}}],"collection":[{"href":"https:\/\/valika.eu\/fi\/wp-json\/wp\/v2\/product"}],"about":[{"href":"https:\/\/valika.eu\/fi\/wp-json\/wp\/v2\/types\/product"}],"wp:featuredmedia":[{"embeddable":true,"href":"https:\/\/valika.eu\/fi\/wp-json\/wp\/v2\/media\/17151"}],"wp:attachment":[{"href":"https:\/\/valika.eu\/fi\/wp-json\/wp\/v2\/media?parent=17148"}],"wp:term":[{"taxonomy":"product_brand","embeddable":true,"href":"https:\/\/valika.eu\/fi\/wp-json\/wp\/v2\/product_brand?post=17148"},{"taxonomy":"product_cat","embeddable":true,"href":"https:\/\/valika.eu\/fi\/wp-json\/wp\/v2\/product_cat?post=17148"},{"taxonomy":"product_tag","embeddable":true,"href":"https:\/\/valika.eu\/fi\/wp-json\/wp\/v2\/product_tag?post=17148"}],"curies":[{"name":"wp","href":"https:\/\/api.w.org\/{rel}","templated":true}]}}