{"id":17162,"date":"2025-10-22T13:45:22","date_gmt":"2025-10-22T10:45:22","guid":{"rendered":"https:\/\/valika.eu\/?post_type=product&#038;p=17162"},"modified":"2026-03-07T07:42:34","modified_gmt":"2026-03-07T05:42:34","slug":"silverfox-1015a-kosmeetiku-tookaru-riiul-ratastega-klaasriiulitega","status":"publish","type":"product","link":"https:\/\/valika.eu\/fi\/toode\/silverfox-1015a-kosmeetiku-tookaru-riiul-ratastega-klaasriiulitega\/","title":{"rendered":"Kosmetologin vaunu \/ p\u00f6yt\u00e4, sopii my\u00f6s hammasl\u00e4\u00e4k\u00e4rille \u2014 lasinen kosmetologivaunu Silverfox 1015A"},"content":{"rendered":"<p><\/p>\n<p data-start=\"2067\" data-end=\"2333\">Ty\u00f6k\u00e4rry py\u00f6rill\u00e4 ja lasihyllyill\u00e4, jotka eiv\u00e4t pelk\u00e4\u00e4 likaa tai naarmuja ja on helppo puhdistaa \u2013 tyylik\u00e4s ja laadukas j\u00e4rjest\u00e4j\u00e4 kosmetologin ty\u00f6pisteeseen. K\u00e4rryyn voi sijoittaa erilaisia ty\u00f6kaluja ja kosmetiikkatuotteita, joita tarvitaan p\u00e4ivitt\u00e4isess\u00e4 ty\u00f6ss\u00e4.<\/p>\n<p data-start=\"2335\" data-end=\"2483\">K\u00e4rry koostuu metallirungosta, nelj\u00e4st\u00e4 mattapintaisesta karkaistusta lasihyllyst\u00e4 ja muovisista py\u00f6rist\u00e4, jotka takaavat helpon liikuteltavuuden.<\/p>\n<p data-start=\"2485\" data-end=\"2626\">T\u00e4ss\u00e4 mallissa on reik\u00e4 suurennuslasillisen lampun kiinnitt\u00e4mist\u00e4 varten sek\u00e4 metallireunat, jotka est\u00e4v\u00e4t ty\u00f6kalujen putoamisen hyllyilt\u00e4.<\/p>\n<p data-start=\"2628\" data-end=\"2650\"><strong data-start=\"2628\" data-end=\"2648\">Tekniset tiedot:<\/strong><\/p>\n<ul data-start=\"2651\" data-end=\"2907\">\n<li data-start=\"2651\" data-end=\"2669\">\n<p data-start=\"2653\" data-end=\"2669\">metallireunat;<\/p>\n<\/li>\n<li data-start=\"2670\" data-end=\"2729\">\n<p data-start=\"2672\" data-end=\"2729\">reik\u00e4 suurennuslasillisen lampun kiinnitt\u00e4mist\u00e4 varten;<\/p>\n<\/li>\n<li data-start=\"2730\" data-end=\"2766\">\n<p data-start=\"2732\" data-end=\"2766\">nelj\u00e4 lasihylly\u00e4 (paksuus 6 mm);<\/p>\n<\/li>\n<li data-start=\"2767\" data-end=\"2801\">\n<p data-start=\"2769\" data-end=\"2801\">mattapintainen karkaistu lasi;<\/p>\n<\/li>\n<li data-start=\"2802\" data-end=\"2838\">\n<p data-start=\"2804\" data-end=\"2838\">hyllyt kiinnittyv\u00e4t imukupeilla;<\/p>\n<\/li>\n<li data-start=\"2839\" data-end=\"2873\">\n<p data-start=\"2841\" data-end=\"2873\">muovipy\u00f6r\u00e4t kumip\u00e4\u00e4llysteell\u00e4;<\/p>\n<\/li>\n<li data-start=\"2874\" data-end=\"2907\">\n<p data-start=\"2876\" data-end=\"2907\">metallirunko, valkoinen v\u00e4ri.<\/p>\n<\/li>\n<\/ul>\n<p data-start=\"2909\" data-end=\"3010\"><strong data-start=\"2909\" data-end=\"2919\">Mitat:<\/strong><br data-start=\"2919\" data-end=\"2922\" \/>korkeus 88 \u00d7 pituus 70 \u00d7 leveys 42 cm<br data-start=\"2959\" data-end=\"2962\" \/>korkeus 88 cm<br data-start=\"2975\" data-end=\"2978\" \/>sis\u00e4hyllyjen mitat: 40 \u00d7 67 cm<\/p>\n<p><\/p>","protected":false},"excerpt":{"rendered":"<p>Ty\u00f6k\u00e4rry py\u00f6rill\u00e4 ja lasihyllyill\u00e4, jotka eiv\u00e4t pelk\u00e4\u00e4 likaa tai naarmuja ja on helppo puhdistaa \u2013 tyylik\u00e4s ja laadukas j\u00e4rjest\u00e4j\u00e4 kosmetologin<\/p>\n","protected":false},"featured_media":17165,"template":"","meta":[],"product_brand":[],"product_cat":[24,345],"product_tag":[],"class_list":{"0":"post-17162","1":"product","2":"type-product","3":"status-publish","4":"has-post-thumbnail","6":"product_cat-ilusalongimoobel","7":"product_cat-riiulid-ja-karud","9":"first","10":"instock","11":"taxable","12":"shipping-taxable","13":"purchasable","14":"product-type-simple"},"yoast_head":"<!-- This site is optimized with the Yoast SEO plugin v24.4 - https:\/\/yoast.com\/wordpress\/plugins\/seo\/ -->\n<title>Kosmetologin vaunu \/ p\u00f6yt\u00e4, sopii my\u00f6s hammasl\u00e4\u00e4k\u00e4rille \u2014 lasinen kosmetologivaunu Silverfox 1015A | Valika<\/title>\n<meta name=\"robots\" content=\"index, follow, max-snippet:-1, max-image-preview:large, max-video-preview:-1\" \/>\n<link rel=\"canonical\" href=\"https:\/\/valika.eu\/fi\/toode\/silverfox-1015a-kosmeetiku-tookaru-riiul-ratastega-klaasriiulitega\/\" \/>\n<meta property=\"og:locale\" content=\"fi_FI\" \/>\n<meta property=\"og:type\" content=\"article\" \/>\n<meta property=\"og:title\" content=\"Kosmetologin vaunu \/ p\u00f6yt\u00e4, sopii my\u00f6s hammasl\u00e4\u00e4k\u00e4rille \u2014 lasinen kosmetologivaunu Silverfox 1015A | Valika\" \/>\n<meta property=\"og:description\" content=\"Ty\u00f6k\u00e4rry py\u00f6rill\u00e4 ja lasihyllyill\u00e4, jotka eiv\u00e4t pelk\u00e4\u00e4 likaa tai naarmuja ja on helppo puhdistaa \u2013 tyylik\u00e4s ja laadukas j\u00e4rjest\u00e4j\u00e4 kosmetologin\" \/>\n<meta property=\"og:url\" content=\"https:\/\/valika.eu\/fi\/toode\/silverfox-1015a-kosmeetiku-tookaru-riiul-ratastega-klaasriiulitega\/\" \/>\n<meta property=\"og:site_name\" content=\"Valika\" \/>\n<meta property=\"article:publisher\" content=\"https:\/\/www.facebook.com\/tipsi.net\" \/>\n<meta property=\"article:modified_time\" content=\"2026-03-07T05:42:34+00:00\" \/>\n<meta property=\"og:image\" content=\"https:\/\/valika.eu\/wp-content\/uploads\/2025\/10\/kosmeetiline_riiul_klaasiga_1015a_.jpg\" \/>\n\t<meta property=\"og:image:width\" content=\"1034\" \/>\n\t<meta property=\"og:image:height\" content=\"900\" \/>\n\t<meta property=\"og:image:type\" content=\"image\/jpeg\" \/>\n<meta name=\"twitter:card\" content=\"summary_large_image\" \/>\n<script type=\"application\/ld+json\" class=\"yoast-schema-graph\">{\"@context\":\"https:\/\/schema.org\",\"@graph\":[{\"@type\":\"WebPage\",\"@id\":\"https:\/\/valika.eu\/fi\/toode\/silverfox-1015a-kosmeetiku-tookaru-riiul-ratastega-klaasriiulitega\/\",\"url\":\"https:\/\/valika.eu\/fi\/toode\/silverfox-1015a-kosmeetiku-tookaru-riiul-ratastega-klaasriiulitega\/\",\"name\":\"Kosmetologin vaunu \/ p\u00f6yt\u00e4, sopii my\u00f6s hammasl\u00e4\u00e4k\u00e4rille \u2014 lasinen kosmetologivaunu Silverfox 1015A | Valika\",\"isPartOf\":{\"@id\":\"https:\/\/valika.eu\/fi\/#website\"},\"primaryImageOfPage\":{\"@id\":\"https:\/\/valika.eu\/fi\/toode\/silverfox-1015a-kosmeetiku-tookaru-riiul-ratastega-klaasriiulitega\/#primaryimage\"},\"image\":{\"@id\":\"https:\/\/valika.eu\/toode\/silverfox-1015a-kosmeetiku-tookaru-riiul-ratastega-klaasriiulitega\/#primaryimage\"},\"thumbnailUrl\":\"https:\/\/valika.eu\/wp-content\/uploads\/2025\/10\/kosmeetiline_riiul_klaasiga_1015a_.jpg\",\"datePublished\":\"2025-10-22T10:45:22+00:00\",\"dateModified\":\"2026-03-07T05:42:34+00:00\",\"breadcrumb\":{\"@id\":\"https:\/\/valika.eu\/fi\/toode\/silverfox-1015a-kosmeetiku-tookaru-riiul-ratastega-klaasriiulitega\/#breadcrumb\"},\"inLanguage\":\"fi\",\"potentialAction\":[{\"@type\":\"ReadAction\",\"target\":[[\"https:\/\/valika.eu\/fi\/toode\/silverfox-1015a-kosmeetiku-tookaru-riiul-ratastega-klaasriiulitega\/\"]]}]},{\"@type\":\"ImageObject\",\"inLanguage\":\"fi\",\"@id\":\"https:\/\/valika.eu\/fi\/toode\/silverfox-1015a-kosmeetiku-tookaru-riiul-ratastega-klaasriiulitega\/#primaryimage\",\"url\":\"https:\/\/valika.eu\/wp-content\/uploads\/2025\/10\/kosmeetiline_riiul_klaasiga_1015a_.jpg\",\"contentUrl\":\"https:\/\/valika.eu\/wp-content\/uploads\/2025\/10\/kosmeetiline_riiul_klaasiga_1015a_.jpg\",\"width\":1034,\"height\":900},{\"@type\":\"BreadcrumbList\",\"@id\":\"https:\/\/valika.eu\/fi\/toode\/silverfox-1015a-kosmeetiku-tookaru-riiul-ratastega-klaasriiulitega\/#breadcrumb\",\"itemListElement\":[{\"@type\":\"ListItem\",\"position\":1,\"name\":\"Koti\",\"item\":\"https:\/\/valika.eu\/fi\/\"},{\"@type\":\"ListItem\",\"position\":2,\"name\":\"Shop\",\"item\":\"https:\/\/valika.eu\/fi\/\"},{\"@type\":\"ListItem\",\"position\":3,\"name\":\"Silverfox 1015A kosmeetiku t\u00f6\u00f6k\u00e4ru riiul ratastega klaasriiulitega\"}]},{\"@type\":\"WebSite\",\"@id\":\"https:\/\/valika.eu\/fi\/#website\",\"url\":\"https:\/\/valika.eu\/fi\/\",\"name\":\"Valika.eu\",\"description\":\"Salonkituotteet ja kauneudenhoitotuotteet - Valika tarjoaa laajan valikoiman tuotteita ja tarvikkeita kynsiteknikoille, kauneushoitoloille, kampaamoille ja kampaamoille.\",\"publisher\":{\"@id\":\"https:\/\/valika.eu\/fi\/#organization\"},\"alternateName\":\"Valika\",\"potentialAction\":[{\"@type\":\"SearchAction\",\"target\":{\"@type\":\"EntryPoint\",\"urlTemplate\":\"https:\/\/valika.eu\/fi\/?s={search_term_string}\"},\"query-input\":{\"@type\":\"PropertyValueSpecification\",\"valueRequired\":true,\"valueName\":\"search_term_string\"}}],\"inLanguage\":\"fi\"},{\"@type\":\"Organization\",\"@id\":\"https:\/\/valika.eu\/fi\/#organization\",\"name\":\"Salongitoode O\u00dc\",\"alternateName\":\"Valika\",\"url\":\"https:\/\/valika.eu\/fi\/\",\"logo\":{\"@type\":\"ImageObject\",\"inLanguage\":\"fi\",\"@id\":\"https:\/\/valika.eu\/fi\/#\/schema\/logo\/image\/\",\"url\":\"https:\/\/valika.eu\/wp-content\/uploads\/2023\/11\/logo2-valika-footer.png\",\"contentUrl\":\"https:\/\/valika.eu\/wp-content\/uploads\/2023\/11\/logo2-valika-footer.png\",\"width\":200,\"height\":129,\"caption\":\"Salongitoode O\u00dc\"},\"image\":{\"@id\":\"https:\/\/valika.eu\/fi\/#\/schema\/logo\/image\/\"},\"sameAs\":[\"https:\/\/www.facebook.com\/tipsi.net\"]}]}<\/script>\n<!-- \/ Yoast SEO plugin. -->","yoast_head_json":{"title":"Kosmetologin vaunu \/ p\u00f6yt\u00e4, sopii my\u00f6s hammasl\u00e4\u00e4k\u00e4rille \u2014 lasinen kosmetologivaunu Silverfox 1015A | Valika","robots":{"index":"index","follow":"follow","max-snippet":"max-snippet:-1","max-image-preview":"max-image-preview:large","max-video-preview":"max-video-preview:-1"},"canonical":"https:\/\/valika.eu\/fi\/toode\/silverfox-1015a-kosmeetiku-tookaru-riiul-ratastega-klaasriiulitega\/","og_locale":"fi_FI","og_type":"article","og_title":"Kosmetologin vaunu \/ p\u00f6yt\u00e4, sopii my\u00f6s hammasl\u00e4\u00e4k\u00e4rille \u2014 lasinen kosmetologivaunu Silverfox 1015A | Valika","og_description":"Ty\u00f6k\u00e4rry py\u00f6rill\u00e4 ja lasihyllyill\u00e4, jotka eiv\u00e4t pelk\u00e4\u00e4 likaa tai naarmuja ja on helppo puhdistaa \u2013 tyylik\u00e4s ja laadukas j\u00e4rjest\u00e4j\u00e4 kosmetologin","og_url":"https:\/\/valika.eu\/fi\/toode\/silverfox-1015a-kosmeetiku-tookaru-riiul-ratastega-klaasriiulitega\/","og_site_name":"Valika","article_publisher":"https:\/\/www.facebook.com\/tipsi.net","article_modified_time":"2026-03-07T05:42:34+00:00","og_image":[{"width":1034,"height":900,"url":"https:\/\/valika.eu\/wp-content\/uploads\/2025\/10\/kosmeetiline_riiul_klaasiga_1015a_.jpg","type":"image\/jpeg"}],"twitter_card":"summary_large_image","schema":{"@context":"https:\/\/schema.org","@graph":[{"@type":"WebPage","@id":"https:\/\/valika.eu\/fi\/toode\/silverfox-1015a-kosmeetiku-tookaru-riiul-ratastega-klaasriiulitega\/","url":"https:\/\/valika.eu\/fi\/toode\/silverfox-1015a-kosmeetiku-tookaru-riiul-ratastega-klaasriiulitega\/","name":"Kosmetologin vaunu \/ p\u00f6yt\u00e4, sopii my\u00f6s hammasl\u00e4\u00e4k\u00e4rille \u2014 lasinen kosmetologivaunu Silverfox 1015A | Valika","isPartOf":{"@id":"https:\/\/valika.eu\/fi\/#website"},"primaryImageOfPage":{"@id":"https:\/\/valika.eu\/fi\/toode\/silverfox-1015a-kosmeetiku-tookaru-riiul-ratastega-klaasriiulitega\/#primaryimage"},"image":{"@id":"https:\/\/valika.eu\/toode\/silverfox-1015a-kosmeetiku-tookaru-riiul-ratastega-klaasriiulitega\/#primaryimage"},"thumbnailUrl":"https:\/\/valika.eu\/wp-content\/uploads\/2025\/10\/kosmeetiline_riiul_klaasiga_1015a_.jpg","datePublished":"2025-10-22T10:45:22+00:00","dateModified":"2026-03-07T05:42:34+00:00","breadcrumb":{"@id":"https:\/\/valika.eu\/fi\/toode\/silverfox-1015a-kosmeetiku-tookaru-riiul-ratastega-klaasriiulitega\/#breadcrumb"},"inLanguage":"fi","potentialAction":[{"@type":"ReadAction","target":[["https:\/\/valika.eu\/fi\/toode\/silverfox-1015a-kosmeetiku-tookaru-riiul-ratastega-klaasriiulitega\/"]]}]},{"@type":"ImageObject","inLanguage":"fi","@id":"https:\/\/valika.eu\/fi\/toode\/silverfox-1015a-kosmeetiku-tookaru-riiul-ratastega-klaasriiulitega\/#primaryimage","url":"https:\/\/valika.eu\/wp-content\/uploads\/2025\/10\/kosmeetiline_riiul_klaasiga_1015a_.jpg","contentUrl":"https:\/\/valika.eu\/wp-content\/uploads\/2025\/10\/kosmeetiline_riiul_klaasiga_1015a_.jpg","width":1034,"height":900},{"@type":"BreadcrumbList","@id":"https:\/\/valika.eu\/fi\/toode\/silverfox-1015a-kosmeetiku-tookaru-riiul-ratastega-klaasriiulitega\/#breadcrumb","itemListElement":[{"@type":"ListItem","position":1,"name":"Koti","item":"https:\/\/valika.eu\/fi\/"},{"@type":"ListItem","position":2,"name":"Shop","item":"https:\/\/valika.eu\/fi\/"},{"@type":"ListItem","position":3,"name":"Silverfox 1015A kosmeetiku t\u00f6\u00f6k\u00e4ru riiul ratastega klaasriiulitega"}]},{"@type":"WebSite","@id":"https:\/\/valika.eu\/fi\/#website","url":"https:\/\/valika.eu\/fi\/","name":"Valika.eu","description":"Salonkituotteet ja kauneudenhoitotuotteet - Valika tarjoaa laajan valikoiman tuotteita ja tarvikkeita kynsiteknikoille, kauneushoitoloille, kampaamoille ja kampaamoille.","publisher":{"@id":"https:\/\/valika.eu\/fi\/#organization"},"alternateName":"Valika","potentialAction":[{"@type":"SearchAction","target":{"@type":"EntryPoint","urlTemplate":"https:\/\/valika.eu\/fi\/?s={search_term_string}"},"query-input":{"@type":"PropertyValueSpecification","valueRequired":true,"valueName":"search_term_string"}}],"inLanguage":"fi"},{"@type":"Organization","@id":"https:\/\/valika.eu\/fi\/#organization","name":"Salongitoode O\u00dc","alternateName":"Valika","url":"https:\/\/valika.eu\/fi\/","logo":{"@type":"ImageObject","inLanguage":"fi","@id":"https:\/\/valika.eu\/fi\/#\/schema\/logo\/image\/","url":"https:\/\/valika.eu\/wp-content\/uploads\/2023\/11\/logo2-valika-footer.png","contentUrl":"https:\/\/valika.eu\/wp-content\/uploads\/2023\/11\/logo2-valika-footer.png","width":200,"height":129,"caption":"Salongitoode O\u00dc"},"image":{"@id":"https:\/\/valika.eu\/fi\/#\/schema\/logo\/image\/"},"sameAs":["https:\/\/www.facebook.com\/tipsi.net"]}]}},"jetpack_sharing_enabled":true,"_links":{"self":[{"href":"https:\/\/valika.eu\/fi\/wp-json\/wp\/v2\/product\/17162","targetHints":{"allow":["GET"]}}],"collection":[{"href":"https:\/\/valika.eu\/fi\/wp-json\/wp\/v2\/product"}],"about":[{"href":"https:\/\/valika.eu\/fi\/wp-json\/wp\/v2\/types\/product"}],"wp:featuredmedia":[{"embeddable":true,"href":"https:\/\/valika.eu\/fi\/wp-json\/wp\/v2\/media\/17165"}],"wp:attachment":[{"href":"https:\/\/valika.eu\/fi\/wp-json\/wp\/v2\/media?parent=17162"}],"wp:term":[{"taxonomy":"product_brand","embeddable":true,"href":"https:\/\/valika.eu\/fi\/wp-json\/wp\/v2\/product_brand?post=17162"},{"taxonomy":"product_cat","embeddable":true,"href":"https:\/\/valika.eu\/fi\/wp-json\/wp\/v2\/product_cat?post=17162"},{"taxonomy":"product_tag","embeddable":true,"href":"https:\/\/valika.eu\/fi\/wp-json\/wp\/v2\/product_tag?post=17162"}],"curies":[{"name":"wp","href":"https:\/\/api.w.org\/{rel}","templated":true}]}}