{"id":17242,"date":"2025-10-27T10:13:32","date_gmt":"2025-10-27T08:13:32","guid":{"rendered":"https:\/\/valika.eu\/?post_type=product&#038;p=17242"},"modified":"2026-03-26T12:40:52","modified_gmt":"2026-03-26T10:40:52","slug":"palu-kuunenaha-ja-kuuneoli-botaanika-aed-15ml","status":"publish","type":"product","link":"https:\/\/valika.eu\/fi\/toode\/palu-kuunenaha-ja-kuuneoli-botaanika-aed-15ml\/","title":{"rendered":"PALU Kynsinauha- ja kynsi\u00f6ljy KASVITARHA 15ml"},"content":{"rendered":"<p>Halusimme varmistaa tuotteen saatavuuden ja p\u00e4\u00e4timme k\u00e4ytt\u00e4\u00e4 oliiveille hieman suurempaa pulloa, jossa 15 ml oliivi\u00f6ljy\u00e4 ulottuu etiketin reunaan asti, ei pullon kaulaan \u2013 takaamme, ett\u00e4 oliivi\u00f6ljysi sis\u00e4lt\u00e4\u00e4 varmasti 15 ml.<\/p>\n<p>Palun kosteuttava \u00f6ljysarja on luotu kaikille, jotka haaveilevat kauniista ja hyvin hoidetuista k\u00e4sist\u00e4. Makean mantelin ja persikan siemen\u00f6ljyill\u00e4 rikastettu koostumus kosteuttaa ja rauhoittaa samalla, kun se yll\u00e4pit\u00e4\u00e4 ihon kimmoisuutta ja imeytyy helposti. N\u00e4m\u00e4 k\u00e4tev\u00e4ss\u00e4 pipettipullossa olevat \u00f6ljyt sopivat t\u00e4ydellisesti paitsi kampaamoon viimeistelyksi mihin tahansa lookiin, my\u00f6s meikkip\u00f6yd\u00e4lle tai meikkipussiin. Joten voit huolehtia k\u00e4sist\u00e4si my\u00f6s liikkeell\u00e4 ollessasi.<\/p>\n<p>Tuoksut:<\/p>\n<p>WILD ISLAND \u2013 raikas sitrushedelmien tuoksu, joka tuoksuu villilt\u00e4 matkalta tuntemattoman maan halki.<\/p>\n<p>BOTANICALINICAL GARDEN \u2013 kukkainen, makea tuoksu, jossa on hallitseva valkoisten kukkien vivahde, joka muistuttaa k\u00e4vely\u00e4 v\u00e4rikk\u00e4iden, kukkivien kasvien keskell\u00e4.<\/p>\n<p>est\u00e4\u00e4 ihoa kuivumasta.<br \/>\nparantaa kynsinauhojen ulkon\u00e4k\u00f6\u00e4 ja kuntoa.<br \/>\nkosteuttaa ja pehment\u00e4\u00e4 kynsinauhoja.<br \/>\nmanteli- ja persikanjyv\u00e4\u00f6ljyt ravitsevat ja antavat kimmoisuutta.<br \/>\nimeytyv\u00e4t helposti.<br \/>\n2 ihastuttavaa tuoksua.<br \/>\nK\u00e4ytt\u00f6: Levit\u00e4 puhtaille kynsinauhoille kynsien ymp\u00e4rille ja hiero, kunnes imeytyy.<\/p>","protected":false},"excerpt":{"rendered":"<p>Halusimme varmistaa tuotteen saatavuuden ja p\u00e4\u00e4timme k\u00e4ytt\u00e4\u00e4 oliiveille hieman suurempaa pulloa, jossa 15 ml oliivi\u00f6ljy\u00e4 ulottuu etiketin reunaan asti, ei<\/p>\n","protected":false},"featured_media":17243,"template":"","meta":[],"product_brand":[],"product_cat":[596],"product_tag":[],"class_list":{"0":"post-17242","1":"product","2":"type-product","3":"status-publish","4":"has-post-thumbnail","6":"product_cat-kuunenahaoli","8":"first","9":"instock","10":"taxable","11":"shipping-taxable","12":"purchasable","13":"product-type-simple"},"yoast_head":"<!-- This site is optimized with the Yoast SEO plugin v24.4 - https:\/\/yoast.com\/wordpress\/plugins\/seo\/ -->\n<title>PALU Kynsinauha- ja kynsi\u00f6ljy KASVITARHA 15ml | Valika<\/title>\n<meta name=\"robots\" content=\"index, follow, max-snippet:-1, max-image-preview:large, max-video-preview:-1\" \/>\n<link rel=\"canonical\" href=\"https:\/\/valika.eu\/fi\/toode\/palu-kuunenaha-ja-kuuneoli-botaanika-aed-15ml\/\" \/>\n<meta property=\"og:locale\" content=\"fi_FI\" \/>\n<meta property=\"og:type\" content=\"article\" \/>\n<meta property=\"og:title\" content=\"PALU Kynsinauha- ja kynsi\u00f6ljy KASVITARHA 15ml | Valika\" \/>\n<meta property=\"og:description\" content=\"Halusimme varmistaa tuotteen saatavuuden ja p\u00e4\u00e4timme k\u00e4ytt\u00e4\u00e4 oliiveille hieman suurempaa pulloa, jossa 15 ml oliivi\u00f6ljy\u00e4 ulottuu etiketin reunaan asti, ei\" \/>\n<meta property=\"og:url\" content=\"https:\/\/valika.eu\/fi\/toode\/palu-kuunenaha-ja-kuuneoli-botaanika-aed-15ml\/\" \/>\n<meta property=\"og:site_name\" content=\"Valika\" \/>\n<meta property=\"article:publisher\" content=\"https:\/\/www.facebook.com\/tipsi.net\" \/>\n<meta property=\"article:modified_time\" content=\"2026-03-26T10:40:52+00:00\" \/>\n<meta property=\"og:image\" content=\"https:\/\/valika.eu\/wp-content\/uploads\/2025\/10\/botanical-garden.jpg\" \/>\n\t<meta property=\"og:image:width\" content=\"1500\" \/>\n\t<meta property=\"og:image:height\" content=\"1500\" \/>\n\t<meta property=\"og:image:type\" content=\"image\/jpeg\" \/>\n<meta name=\"twitter:card\" content=\"summary_large_image\" \/>\n<script type=\"application\/ld+json\" class=\"yoast-schema-graph\">{\"@context\":\"https:\/\/schema.org\",\"@graph\":[{\"@type\":\"WebPage\",\"@id\":\"https:\/\/valika.eu\/fi\/toode\/palu-kuunenaha-ja-kuuneoli-botaanika-aed-15ml\/\",\"url\":\"https:\/\/valika.eu\/fi\/toode\/palu-kuunenaha-ja-kuuneoli-botaanika-aed-15ml\/\",\"name\":\"PALU Kynsinauha- ja kynsi\u00f6ljy KASVITARHA 15ml | Valika\",\"isPartOf\":{\"@id\":\"https:\/\/valika.eu\/fi\/#website\"},\"primaryImageOfPage\":{\"@id\":\"https:\/\/valika.eu\/fi\/toode\/palu-kuunenaha-ja-kuuneoli-botaanika-aed-15ml\/#primaryimage\"},\"image\":{\"@id\":\"https:\/\/valika.eu\/toode\/palu-kuunenaha-ja-kuuneoli-botaanika-aed-15ml\/#primaryimage\"},\"thumbnailUrl\":\"https:\/\/valika.eu\/wp-content\/uploads\/2025\/10\/botanical-garden.jpg\",\"datePublished\":\"2025-10-27T08:13:32+00:00\",\"dateModified\":\"2026-03-26T10:40:52+00:00\",\"breadcrumb\":{\"@id\":\"https:\/\/valika.eu\/fi\/toode\/palu-kuunenaha-ja-kuuneoli-botaanika-aed-15ml\/#breadcrumb\"},\"inLanguage\":\"fi\",\"potentialAction\":[{\"@type\":\"ReadAction\",\"target\":[[\"https:\/\/valika.eu\/fi\/toode\/palu-kuunenaha-ja-kuuneoli-botaanika-aed-15ml\/\"]]}]},{\"@type\":\"ImageObject\",\"inLanguage\":\"fi\",\"@id\":\"https:\/\/valika.eu\/fi\/toode\/palu-kuunenaha-ja-kuuneoli-botaanika-aed-15ml\/#primaryimage\",\"url\":\"https:\/\/valika.eu\/wp-content\/uploads\/2025\/10\/botanical-garden.jpg\",\"contentUrl\":\"https:\/\/valika.eu\/wp-content\/uploads\/2025\/10\/botanical-garden.jpg\",\"width\":1500,\"height\":1500},{\"@type\":\"BreadcrumbList\",\"@id\":\"https:\/\/valika.eu\/fi\/toode\/palu-kuunenaha-ja-kuuneoli-botaanika-aed-15ml\/#breadcrumb\",\"itemListElement\":[{\"@type\":\"ListItem\",\"position\":1,\"name\":\"Koti\",\"item\":\"https:\/\/valika.eu\/fi\/\"},{\"@type\":\"ListItem\",\"position\":2,\"name\":\"Shop\",\"item\":\"https:\/\/valika.eu\/fi\/\"},{\"@type\":\"ListItem\",\"position\":3,\"name\":\"\u041c\u0430\u0441\u043b\u043e \u0434\u043b\u044f \u043a\u0443\u0442\u0438\u043a\u0443\u043b\u044b \u0438 \u043d\u043e\u0433\u0442\u0435\u0439 PALU \u0411\u043e\u0442\u0430\u043d\u0438\u0447\u0435\u0441\u043a\u0438\u0439 \u0441\u0430\u0434 15 \u043c\u043b\"}]},{\"@type\":\"WebSite\",\"@id\":\"https:\/\/valika.eu\/fi\/#website\",\"url\":\"https:\/\/valika.eu\/fi\/\",\"name\":\"Valika.eu\",\"description\":\"Salonkituotteet ja kauneudenhoitotuotteet - Valika tarjoaa laajan valikoiman tuotteita ja tarvikkeita kynsiteknikoille, kauneushoitoloille, kampaamoille ja kampaamoille.\",\"publisher\":{\"@id\":\"https:\/\/valika.eu\/fi\/#organization\"},\"alternateName\":\"Valika\",\"potentialAction\":[{\"@type\":\"SearchAction\",\"target\":{\"@type\":\"EntryPoint\",\"urlTemplate\":\"https:\/\/valika.eu\/fi\/?s={search_term_string}\"},\"query-input\":{\"@type\":\"PropertyValueSpecification\",\"valueRequired\":true,\"valueName\":\"search_term_string\"}}],\"inLanguage\":\"fi\"},{\"@type\":\"Organization\",\"@id\":\"https:\/\/valika.eu\/fi\/#organization\",\"name\":\"Salongitoode O\u00dc\",\"alternateName\":\"Valika\",\"url\":\"https:\/\/valika.eu\/fi\/\",\"logo\":{\"@type\":\"ImageObject\",\"inLanguage\":\"fi\",\"@id\":\"https:\/\/valika.eu\/fi\/#\/schema\/logo\/image\/\",\"url\":\"https:\/\/valika.eu\/wp-content\/uploads\/2023\/11\/logo2-valika-footer.png\",\"contentUrl\":\"https:\/\/valika.eu\/wp-content\/uploads\/2023\/11\/logo2-valika-footer.png\",\"width\":200,\"height\":129,\"caption\":\"Salongitoode O\u00dc\"},\"image\":{\"@id\":\"https:\/\/valika.eu\/fi\/#\/schema\/logo\/image\/\"},\"sameAs\":[\"https:\/\/www.facebook.com\/tipsi.net\"]}]}<\/script>\n<!-- \/ Yoast SEO plugin. -->","yoast_head_json":{"title":"PALU Kynsinauha- ja kynsi\u00f6ljy KASVITARHA 15ml | Valika","robots":{"index":"index","follow":"follow","max-snippet":"max-snippet:-1","max-image-preview":"max-image-preview:large","max-video-preview":"max-video-preview:-1"},"canonical":"https:\/\/valika.eu\/fi\/toode\/palu-kuunenaha-ja-kuuneoli-botaanika-aed-15ml\/","og_locale":"fi_FI","og_type":"article","og_title":"PALU Kynsinauha- ja kynsi\u00f6ljy KASVITARHA 15ml | Valika","og_description":"Halusimme varmistaa tuotteen saatavuuden ja p\u00e4\u00e4timme k\u00e4ytt\u00e4\u00e4 oliiveille hieman suurempaa pulloa, jossa 15 ml oliivi\u00f6ljy\u00e4 ulottuu etiketin reunaan asti, ei","og_url":"https:\/\/valika.eu\/fi\/toode\/palu-kuunenaha-ja-kuuneoli-botaanika-aed-15ml\/","og_site_name":"Valika","article_publisher":"https:\/\/www.facebook.com\/tipsi.net","article_modified_time":"2026-03-26T10:40:52+00:00","og_image":[{"width":1500,"height":1500,"url":"https:\/\/valika.eu\/wp-content\/uploads\/2025\/10\/botanical-garden.jpg","type":"image\/jpeg"}],"twitter_card":"summary_large_image","schema":{"@context":"https:\/\/schema.org","@graph":[{"@type":"WebPage","@id":"https:\/\/valika.eu\/fi\/toode\/palu-kuunenaha-ja-kuuneoli-botaanika-aed-15ml\/","url":"https:\/\/valika.eu\/fi\/toode\/palu-kuunenaha-ja-kuuneoli-botaanika-aed-15ml\/","name":"PALU Kynsinauha- ja kynsi\u00f6ljy KASVITARHA 15ml | Valika","isPartOf":{"@id":"https:\/\/valika.eu\/fi\/#website"},"primaryImageOfPage":{"@id":"https:\/\/valika.eu\/fi\/toode\/palu-kuunenaha-ja-kuuneoli-botaanika-aed-15ml\/#primaryimage"},"image":{"@id":"https:\/\/valika.eu\/toode\/palu-kuunenaha-ja-kuuneoli-botaanika-aed-15ml\/#primaryimage"},"thumbnailUrl":"https:\/\/valika.eu\/wp-content\/uploads\/2025\/10\/botanical-garden.jpg","datePublished":"2025-10-27T08:13:32+00:00","dateModified":"2026-03-26T10:40:52+00:00","breadcrumb":{"@id":"https:\/\/valika.eu\/fi\/toode\/palu-kuunenaha-ja-kuuneoli-botaanika-aed-15ml\/#breadcrumb"},"inLanguage":"fi","potentialAction":[{"@type":"ReadAction","target":[["https:\/\/valika.eu\/fi\/toode\/palu-kuunenaha-ja-kuuneoli-botaanika-aed-15ml\/"]]}]},{"@type":"ImageObject","inLanguage":"fi","@id":"https:\/\/valika.eu\/fi\/toode\/palu-kuunenaha-ja-kuuneoli-botaanika-aed-15ml\/#primaryimage","url":"https:\/\/valika.eu\/wp-content\/uploads\/2025\/10\/botanical-garden.jpg","contentUrl":"https:\/\/valika.eu\/wp-content\/uploads\/2025\/10\/botanical-garden.jpg","width":1500,"height":1500},{"@type":"BreadcrumbList","@id":"https:\/\/valika.eu\/fi\/toode\/palu-kuunenaha-ja-kuuneoli-botaanika-aed-15ml\/#breadcrumb","itemListElement":[{"@type":"ListItem","position":1,"name":"Koti","item":"https:\/\/valika.eu\/fi\/"},{"@type":"ListItem","position":2,"name":"Shop","item":"https:\/\/valika.eu\/fi\/"},{"@type":"ListItem","position":3,"name":"\u041c\u0430\u0441\u043b\u043e \u0434\u043b\u044f \u043a\u0443\u0442\u0438\u043a\u0443\u043b\u044b \u0438 \u043d\u043e\u0433\u0442\u0435\u0439 PALU \u0411\u043e\u0442\u0430\u043d\u0438\u0447\u0435\u0441\u043a\u0438\u0439 \u0441\u0430\u0434 15 \u043c\u043b"}]},{"@type":"WebSite","@id":"https:\/\/valika.eu\/fi\/#website","url":"https:\/\/valika.eu\/fi\/","name":"Valika.eu","description":"Salonkituotteet ja kauneudenhoitotuotteet - Valika tarjoaa laajan valikoiman tuotteita ja tarvikkeita kynsiteknikoille, kauneushoitoloille, kampaamoille ja kampaamoille.","publisher":{"@id":"https:\/\/valika.eu\/fi\/#organization"},"alternateName":"Valika","potentialAction":[{"@type":"SearchAction","target":{"@type":"EntryPoint","urlTemplate":"https:\/\/valika.eu\/fi\/?s={search_term_string}"},"query-input":{"@type":"PropertyValueSpecification","valueRequired":true,"valueName":"search_term_string"}}],"inLanguage":"fi"},{"@type":"Organization","@id":"https:\/\/valika.eu\/fi\/#organization","name":"Salongitoode O\u00dc","alternateName":"Valika","url":"https:\/\/valika.eu\/fi\/","logo":{"@type":"ImageObject","inLanguage":"fi","@id":"https:\/\/valika.eu\/fi\/#\/schema\/logo\/image\/","url":"https:\/\/valika.eu\/wp-content\/uploads\/2023\/11\/logo2-valika-footer.png","contentUrl":"https:\/\/valika.eu\/wp-content\/uploads\/2023\/11\/logo2-valika-footer.png","width":200,"height":129,"caption":"Salongitoode O\u00dc"},"image":{"@id":"https:\/\/valika.eu\/fi\/#\/schema\/logo\/image\/"},"sameAs":["https:\/\/www.facebook.com\/tipsi.net"]}]}},"jetpack_sharing_enabled":true,"_links":{"self":[{"href":"https:\/\/valika.eu\/fi\/wp-json\/wp\/v2\/product\/17242","targetHints":{"allow":["GET"]}}],"collection":[{"href":"https:\/\/valika.eu\/fi\/wp-json\/wp\/v2\/product"}],"about":[{"href":"https:\/\/valika.eu\/fi\/wp-json\/wp\/v2\/types\/product"}],"wp:featuredmedia":[{"embeddable":true,"href":"https:\/\/valika.eu\/fi\/wp-json\/wp\/v2\/media\/17243"}],"wp:attachment":[{"href":"https:\/\/valika.eu\/fi\/wp-json\/wp\/v2\/media?parent=17242"}],"wp:term":[{"taxonomy":"product_brand","embeddable":true,"href":"https:\/\/valika.eu\/fi\/wp-json\/wp\/v2\/product_brand?post=17242"},{"taxonomy":"product_cat","embeddable":true,"href":"https:\/\/valika.eu\/fi\/wp-json\/wp\/v2\/product_cat?post=17242"},{"taxonomy":"product_tag","embeddable":true,"href":"https:\/\/valika.eu\/fi\/wp-json\/wp\/v2\/product_tag?post=17242"}],"curies":[{"name":"wp","href":"https:\/\/api.w.org\/{rel}","templated":true}]}}