{"id":17294,"date":"2025-10-29T15:18:23","date_gmt":"2025-10-29T13:18:23","guid":{"rendered":"https:\/\/valika.eu\/?post_type=product&#038;p=17294"},"modified":"2025-10-29T22:26:22","modified_gmt":"2025-10-29T20:26:22","slug":"luuplamp-lauakinnitusega-silver-fox-1006at-led","status":"publish","type":"product","link":"https:\/\/valika.eu\/fi\/toode\/luuplamp-lauakinnitusega-silver-fox-1006at-led\/","title":{"rendered":"Suurennuslamppu p\u00f6yt\u00e4kiinnityksell\u00e4 Silver Fox 1006AT LED"},"content":{"rendered":"<p><\/p>\n<p data-start=\"1030\" data-end=\"1161\">LED-suurennuslamppu.<br data-start=\"1050\" data-end=\"1053\" \/>Patentoitu p\u00f6yt\u00e4kiinnitteinen suurennuslamppu, jossa on 3\u20135x suurennus ja s\u00e4\u00e4dett\u00e4v\u00e4 LED-valon voimakkuus.<\/p>\n<p data-start=\"1811\" data-end=\"2087\">Nelj\u00e4n kirkkaustason ansiosta voit s\u00e4\u00e4t\u00e4\u00e4 valaistuksen juuri tarpeidesi mukaan \u2013 t\u00e4ydellinen tarkkoihin tatuointit\u00f6ihin, yksityiskohtaiseen ihon analyysiin tai el\u00e4v\u00e4isiin manikyyreihin. Lampun suljettu varsi est\u00e4\u00e4 johtojen n\u00e4kymisen, ja suojalinssin kansi lis\u00e4\u00e4 kest\u00e4vyytt\u00e4.<\/p>\n<p data-start=\"2089\" data-end=\"2340\">Suurennuslampun jousivarsi on noin 152 cm pitk\u00e4 ja t\u00e4ysin s\u00e4\u00e4dett\u00e4v\u00e4, joten voit asettaa lampun juuri haluamaasi kohtaan. K\u00e4yt\u00e4 p\u00f6yt\u00e4kiinnikett\u00e4 tai valitse tukeva viisirenkainen jalusta, joka tarjoaa erinomaista vakautta ja liikkuvuutta.<\/p>\n<ul data-start=\"1163\" data-end=\"1391\" data-is-last-node=\"\" data-is-only-node=\"\">\n<li data-start=\"1163\" data-end=\"1246\">\n<p data-start=\"1165\" data-end=\"1246\">Tehokkailla LED-lampuilla varustettu suurennuslamppu, jossa s\u00e4\u00e4dett\u00e4v\u00e4 valoteho<\/p>\n<\/li>\n<li data-start=\"1247\" data-end=\"1279\">\n<p data-start=\"1249\" data-end=\"1279\">5 dioptria (225 % suurennus)<\/p>\n<\/li>\n<li data-start=\"1280\" data-end=\"1310\">\n<p data-start=\"1282\" data-end=\"1310\">Linssin halkaisija: 170 mm<\/p>\n<\/li>\n<li data-start=\"1311\" data-end=\"1391\" data-is-last-node=\"\">\n<p data-start=\"1313\" data-end=\"1391\" data-is-last-node=\"\">LED-lamppujen k\u00e4ytt\u00f6ik\u00e4 on kolme kertaa pidempi kuin tavallisilla lampuilla.<\/p>\n<\/li>\n<\/ul>\n<p><\/p>","protected":false},"excerpt":{"rendered":"<p>LED-suurennuslamppu.Patentoitu p\u00f6yt\u00e4kiinnitteinen suurennuslamppu, jossa on 3\u20135x suurennus ja s\u00e4\u00e4dett\u00e4v\u00e4 LED-valon voimakkuus. Nelj\u00e4n kirkkaustason ansiosta voit s\u00e4\u00e4t\u00e4\u00e4 valaistuksen juuri tarpeidesi mukaan<\/p>\n","protected":false},"featured_media":17299,"template":"","meta":[],"product_brand":[],"product_cat":[343],"product_tag":[],"class_list":{"0":"post-17294","1":"product","2":"type-product","3":"status-publish","4":"has-post-thumbnail","6":"product_cat-luuplambid-ja-lambid","8":"first","9":"instock","10":"taxable","11":"shipping-taxable","12":"purchasable","13":"product-type-simple"},"yoast_head":"<!-- This site is optimized with the Yoast SEO plugin v24.4 - https:\/\/yoast.com\/wordpress\/plugins\/seo\/ -->\n<title>Suurennuslamppu p\u00f6yt\u00e4kiinnityksell\u00e4 Silver Fox 1006AT LED | Valika<\/title>\n<meta name=\"robots\" content=\"index, follow, max-snippet:-1, max-image-preview:large, max-video-preview:-1\" \/>\n<link rel=\"canonical\" href=\"https:\/\/valika.eu\/fi\/toode\/luuplamp-lauakinnitusega-silver-fox-1006at-led\/\" \/>\n<meta property=\"og:locale\" content=\"fi_FI\" \/>\n<meta property=\"og:type\" content=\"article\" \/>\n<meta property=\"og:title\" content=\"Suurennuslamppu p\u00f6yt\u00e4kiinnityksell\u00e4 Silver Fox 1006AT LED | Valika\" \/>\n<meta property=\"og:description\" content=\"LED-suurennuslamppu.Patentoitu p\u00f6yt\u00e4kiinnitteinen suurennuslamppu, jossa on 3\u20135x suurennus ja s\u00e4\u00e4dett\u00e4v\u00e4 LED-valon voimakkuus. Nelj\u00e4n kirkkaustason ansiosta voit s\u00e4\u00e4t\u00e4\u00e4 valaistuksen juuri tarpeidesi mukaan\" \/>\n<meta property=\"og:url\" content=\"https:\/\/valika.eu\/fi\/toode\/luuplamp-lauakinnitusega-silver-fox-1006at-led\/\" \/>\n<meta property=\"og:site_name\" content=\"Valika\" \/>\n<meta property=\"article:publisher\" content=\"https:\/\/www.facebook.com\/tipsi.net\" \/>\n<meta property=\"article:modified_time\" content=\"2025-10-29T20:26:22+00:00\" \/>\n<meta property=\"og:image\" content=\"https:\/\/valika.eu\/wp-content\/uploads\/2025\/10\/lampara_lupa_1006t_1_l_3.jpg\" \/>\n\t<meta property=\"og:image:width\" content=\"1025\" \/>\n\t<meta property=\"og:image:height\" content=\"1025\" \/>\n\t<meta property=\"og:image:type\" content=\"image\/jpeg\" \/>\n<meta name=\"twitter:card\" content=\"summary_large_image\" \/>\n<script type=\"application\/ld+json\" class=\"yoast-schema-graph\">{\"@context\":\"https:\/\/schema.org\",\"@graph\":[{\"@type\":\"WebPage\",\"@id\":\"https:\/\/valika.eu\/fi\/toode\/luuplamp-lauakinnitusega-silver-fox-1006at-led\/\",\"url\":\"https:\/\/valika.eu\/fi\/toode\/luuplamp-lauakinnitusega-silver-fox-1006at-led\/\",\"name\":\"Suurennuslamppu p\u00f6yt\u00e4kiinnityksell\u00e4 Silver Fox 1006AT LED | Valika\",\"isPartOf\":{\"@id\":\"https:\/\/valika.eu\/fi\/#website\"},\"primaryImageOfPage\":{\"@id\":\"https:\/\/valika.eu\/fi\/toode\/luuplamp-lauakinnitusega-silver-fox-1006at-led\/#primaryimage\"},\"image\":{\"@id\":\"https:\/\/valika.eu\/toode\/luuplamp-lauakinnitusega-silver-fox-1006at-led\/#primaryimage\"},\"thumbnailUrl\":\"https:\/\/valika.eu\/wp-content\/uploads\/2025\/10\/lampara_lupa_1006t_1_l_3.jpg\",\"datePublished\":\"2025-10-29T13:18:23+00:00\",\"dateModified\":\"2025-10-29T20:26:22+00:00\",\"breadcrumb\":{\"@id\":\"https:\/\/valika.eu\/fi\/toode\/luuplamp-lauakinnitusega-silver-fox-1006at-led\/#breadcrumb\"},\"inLanguage\":\"fi\",\"potentialAction\":[{\"@type\":\"ReadAction\",\"target\":[[\"https:\/\/valika.eu\/fi\/toode\/luuplamp-lauakinnitusega-silver-fox-1006at-led\/\"]]}]},{\"@type\":\"ImageObject\",\"inLanguage\":\"fi\",\"@id\":\"https:\/\/valika.eu\/fi\/toode\/luuplamp-lauakinnitusega-silver-fox-1006at-led\/#primaryimage\",\"url\":\"https:\/\/valika.eu\/wp-content\/uploads\/2025\/10\/lampara_lupa_1006t_1_l_3.jpg\",\"contentUrl\":\"https:\/\/valika.eu\/wp-content\/uploads\/2025\/10\/lampara_lupa_1006t_1_l_3.jpg\",\"width\":1025,\"height\":1025},{\"@type\":\"BreadcrumbList\",\"@id\":\"https:\/\/valika.eu\/fi\/toode\/luuplamp-lauakinnitusega-silver-fox-1006at-led\/#breadcrumb\",\"itemListElement\":[{\"@type\":\"ListItem\",\"position\":1,\"name\":\"Koti\",\"item\":\"https:\/\/valika.eu\/fi\/\"},{\"@type\":\"ListItem\",\"position\":2,\"name\":\"Shop\",\"item\":\"https:\/\/valika.eu\/fi\/\"},{\"@type\":\"ListItem\",\"position\":3,\"name\":\"Luuplamp lauakinnitusega Silver Fox 1006AT LED\"}]},{\"@type\":\"WebSite\",\"@id\":\"https:\/\/valika.eu\/fi\/#website\",\"url\":\"https:\/\/valika.eu\/fi\/\",\"name\":\"Valika.eu\",\"description\":\"Salonkituotteet ja kauneudenhoitotuotteet - Valika tarjoaa laajan valikoiman tuotteita ja tarvikkeita kynsiteknikoille, kauneushoitoloille, kampaamoille ja kampaamoille.\",\"publisher\":{\"@id\":\"https:\/\/valika.eu\/fi\/#organization\"},\"alternateName\":\"Valika\",\"potentialAction\":[{\"@type\":\"SearchAction\",\"target\":{\"@type\":\"EntryPoint\",\"urlTemplate\":\"https:\/\/valika.eu\/fi\/?s={search_term_string}\"},\"query-input\":{\"@type\":\"PropertyValueSpecification\",\"valueRequired\":true,\"valueName\":\"search_term_string\"}}],\"inLanguage\":\"fi\"},{\"@type\":\"Organization\",\"@id\":\"https:\/\/valika.eu\/fi\/#organization\",\"name\":\"Salongitoode O\u00dc\",\"alternateName\":\"Valika\",\"url\":\"https:\/\/valika.eu\/fi\/\",\"logo\":{\"@type\":\"ImageObject\",\"inLanguage\":\"fi\",\"@id\":\"https:\/\/valika.eu\/fi\/#\/schema\/logo\/image\/\",\"url\":\"https:\/\/valika.eu\/wp-content\/uploads\/2023\/11\/logo2-valika-footer.png\",\"contentUrl\":\"https:\/\/valika.eu\/wp-content\/uploads\/2023\/11\/logo2-valika-footer.png\",\"width\":200,\"height\":129,\"caption\":\"Salongitoode O\u00dc\"},\"image\":{\"@id\":\"https:\/\/valika.eu\/fi\/#\/schema\/logo\/image\/\"},\"sameAs\":[\"https:\/\/www.facebook.com\/tipsi.net\"]}]}<\/script>\n<!-- \/ Yoast SEO plugin. -->","yoast_head_json":{"title":"Suurennuslamppu p\u00f6yt\u00e4kiinnityksell\u00e4 Silver Fox 1006AT LED | Valika","robots":{"index":"index","follow":"follow","max-snippet":"max-snippet:-1","max-image-preview":"max-image-preview:large","max-video-preview":"max-video-preview:-1"},"canonical":"https:\/\/valika.eu\/fi\/toode\/luuplamp-lauakinnitusega-silver-fox-1006at-led\/","og_locale":"fi_FI","og_type":"article","og_title":"Suurennuslamppu p\u00f6yt\u00e4kiinnityksell\u00e4 Silver Fox 1006AT LED | Valika","og_description":"LED-suurennuslamppu.Patentoitu p\u00f6yt\u00e4kiinnitteinen suurennuslamppu, jossa on 3\u20135x suurennus ja s\u00e4\u00e4dett\u00e4v\u00e4 LED-valon voimakkuus. Nelj\u00e4n kirkkaustason ansiosta voit s\u00e4\u00e4t\u00e4\u00e4 valaistuksen juuri tarpeidesi mukaan","og_url":"https:\/\/valika.eu\/fi\/toode\/luuplamp-lauakinnitusega-silver-fox-1006at-led\/","og_site_name":"Valika","article_publisher":"https:\/\/www.facebook.com\/tipsi.net","article_modified_time":"2025-10-29T20:26:22+00:00","og_image":[{"width":1025,"height":1025,"url":"https:\/\/valika.eu\/wp-content\/uploads\/2025\/10\/lampara_lupa_1006t_1_l_3.jpg","type":"image\/jpeg"}],"twitter_card":"summary_large_image","schema":{"@context":"https:\/\/schema.org","@graph":[{"@type":"WebPage","@id":"https:\/\/valika.eu\/fi\/toode\/luuplamp-lauakinnitusega-silver-fox-1006at-led\/","url":"https:\/\/valika.eu\/fi\/toode\/luuplamp-lauakinnitusega-silver-fox-1006at-led\/","name":"Suurennuslamppu p\u00f6yt\u00e4kiinnityksell\u00e4 Silver Fox 1006AT LED | Valika","isPartOf":{"@id":"https:\/\/valika.eu\/fi\/#website"},"primaryImageOfPage":{"@id":"https:\/\/valika.eu\/fi\/toode\/luuplamp-lauakinnitusega-silver-fox-1006at-led\/#primaryimage"},"image":{"@id":"https:\/\/valika.eu\/toode\/luuplamp-lauakinnitusega-silver-fox-1006at-led\/#primaryimage"},"thumbnailUrl":"https:\/\/valika.eu\/wp-content\/uploads\/2025\/10\/lampara_lupa_1006t_1_l_3.jpg","datePublished":"2025-10-29T13:18:23+00:00","dateModified":"2025-10-29T20:26:22+00:00","breadcrumb":{"@id":"https:\/\/valika.eu\/fi\/toode\/luuplamp-lauakinnitusega-silver-fox-1006at-led\/#breadcrumb"},"inLanguage":"fi","potentialAction":[{"@type":"ReadAction","target":[["https:\/\/valika.eu\/fi\/toode\/luuplamp-lauakinnitusega-silver-fox-1006at-led\/"]]}]},{"@type":"ImageObject","inLanguage":"fi","@id":"https:\/\/valika.eu\/fi\/toode\/luuplamp-lauakinnitusega-silver-fox-1006at-led\/#primaryimage","url":"https:\/\/valika.eu\/wp-content\/uploads\/2025\/10\/lampara_lupa_1006t_1_l_3.jpg","contentUrl":"https:\/\/valika.eu\/wp-content\/uploads\/2025\/10\/lampara_lupa_1006t_1_l_3.jpg","width":1025,"height":1025},{"@type":"BreadcrumbList","@id":"https:\/\/valika.eu\/fi\/toode\/luuplamp-lauakinnitusega-silver-fox-1006at-led\/#breadcrumb","itemListElement":[{"@type":"ListItem","position":1,"name":"Koti","item":"https:\/\/valika.eu\/fi\/"},{"@type":"ListItem","position":2,"name":"Shop","item":"https:\/\/valika.eu\/fi\/"},{"@type":"ListItem","position":3,"name":"Luuplamp lauakinnitusega Silver Fox 1006AT LED"}]},{"@type":"WebSite","@id":"https:\/\/valika.eu\/fi\/#website","url":"https:\/\/valika.eu\/fi\/","name":"Valika.eu","description":"Salonkituotteet ja kauneudenhoitotuotteet - Valika tarjoaa laajan valikoiman tuotteita ja tarvikkeita kynsiteknikoille, kauneushoitoloille, kampaamoille ja kampaamoille.","publisher":{"@id":"https:\/\/valika.eu\/fi\/#organization"},"alternateName":"Valika","potentialAction":[{"@type":"SearchAction","target":{"@type":"EntryPoint","urlTemplate":"https:\/\/valika.eu\/fi\/?s={search_term_string}"},"query-input":{"@type":"PropertyValueSpecification","valueRequired":true,"valueName":"search_term_string"}}],"inLanguage":"fi"},{"@type":"Organization","@id":"https:\/\/valika.eu\/fi\/#organization","name":"Salongitoode O\u00dc","alternateName":"Valika","url":"https:\/\/valika.eu\/fi\/","logo":{"@type":"ImageObject","inLanguage":"fi","@id":"https:\/\/valika.eu\/fi\/#\/schema\/logo\/image\/","url":"https:\/\/valika.eu\/wp-content\/uploads\/2023\/11\/logo2-valika-footer.png","contentUrl":"https:\/\/valika.eu\/wp-content\/uploads\/2023\/11\/logo2-valika-footer.png","width":200,"height":129,"caption":"Salongitoode O\u00dc"},"image":{"@id":"https:\/\/valika.eu\/fi\/#\/schema\/logo\/image\/"},"sameAs":["https:\/\/www.facebook.com\/tipsi.net"]}]}},"jetpack_sharing_enabled":true,"_links":{"self":[{"href":"https:\/\/valika.eu\/fi\/wp-json\/wp\/v2\/product\/17294","targetHints":{"allow":["GET"]}}],"collection":[{"href":"https:\/\/valika.eu\/fi\/wp-json\/wp\/v2\/product"}],"about":[{"href":"https:\/\/valika.eu\/fi\/wp-json\/wp\/v2\/types\/product"}],"wp:featuredmedia":[{"embeddable":true,"href":"https:\/\/valika.eu\/fi\/wp-json\/wp\/v2\/media\/17299"}],"wp:attachment":[{"href":"https:\/\/valika.eu\/fi\/wp-json\/wp\/v2\/media?parent=17294"}],"wp:term":[{"taxonomy":"product_brand","embeddable":true,"href":"https:\/\/valika.eu\/fi\/wp-json\/wp\/v2\/product_brand?post=17294"},{"taxonomy":"product_cat","embeddable":true,"href":"https:\/\/valika.eu\/fi\/wp-json\/wp\/v2\/product_cat?post=17294"},{"taxonomy":"product_tag","embeddable":true,"href":"https:\/\/valika.eu\/fi\/wp-json\/wp\/v2\/product_tag?post=17294"}],"curies":[{"name":"wp","href":"https:\/\/api.w.org\/{rel}","templated":true}]}}