{"id":17311,"date":"2025-10-29T21:19:21","date_gmt":"2025-10-29T19:19:21","guid":{"rendered":"https:\/\/valika.eu\/?post_type=product&#038;p=17311"},"modified":"2025-10-29T21:28:39","modified_gmt":"2025-10-29T19:28:39","slug":"silver-fox-luuplamp-1005-led-porandale","status":"publish","type":"product","link":"https:\/\/valika.eu\/fi\/toode\/silver-fox-luuplamp-1005-led-porandale\/","title":{"rendered":"SilverFox 1005 LED-suurennuslamppu lattiamalli"},"content":{"rendered":"<p><\/p>\n<p data-start=\"2653\" data-end=\"2672\"><strong data-start=\"2653\" data-end=\"2670\">Ominaisuudet:<\/strong><\/p>\n<ul data-start=\"2673\" data-end=\"3105\">\n<li data-start=\"2673\" data-end=\"2794\">\n<p data-start=\"2675\" data-end=\"2794\">Kolmen diopterin LED-suurennuslamppu suurentaa kohteen 75 % + 8 diopterin polttopiste tarjoaa jopa 200 % suurennuksen<\/p>\n<\/li>\n<li data-start=\"2795\" data-end=\"2914\">\n<p data-start=\"2797\" data-end=\"2914\">Kaksi kirkkaustasoa \u2013 oli s\u00e4\u00e4 sitten pilvinen tai aurinkoinen, kirkkauden s\u00e4\u00e4t\u00f6 auttaa n\u00e4kem\u00e4\u00e4n ty\u00f6pinnan selke\u00e4sti<\/p>\n<\/li>\n<li data-start=\"2915\" data-end=\"2979\">\n<p data-start=\"2917\" data-end=\"2979\">Suojakansi linssille ja suljettu varsi ilman n\u00e4kyvi\u00e4 johtoja<\/p>\n<\/li>\n<li data-start=\"2980\" data-end=\"3043\">\n<p data-start=\"2982\" data-end=\"3043\">Valittavana p\u00f6yt\u00e4kiinnike tai tukeva viisirenkainen jalusta<\/p>\n<\/li>\n<li data-start=\"3044\" data-end=\"3105\">\n<p data-start=\"3046\" data-end=\"3105\">Laadukas kirkas linssi ilman vihre\u00e4\u00e4 tai sinert\u00e4v\u00e4\u00e4 s\u00e4vy\u00e4<\/p>\n<\/li>\n<\/ul>\n<p data-start=\"3107\" data-end=\"3468\">Valaise jokainen kasvonpiirre, tatuoinnin yksityiskohta tai kynsitaidety\u00f6 <strong data-start=\"3181\" data-end=\"3199\">SilverFox 1005<\/strong> -suurennuslampulla. T\u00e4m\u00e4 korkealaatuinen 3-diopterin LED-lamppu tarjoaa erinomaisen kirkkaan suurennuslinssin tarkan katselun mahdollistamiseksi ilman v\u00e4riv\u00e4\u00e4ristymi\u00e4, sill\u00e4 vihre\u00e4t ja siniset s\u00e4vyt on poistettu. Polttopisteess\u00e4 on 8 diopterin suurennus \u2013 eli 200 %!<\/p>\n<p data-start=\"3107\" data-end=\"3468\"><img loading=\"lazy\" decoding=\"async\" class=\"\" src=\"https:\/\/cdn11.bigcommerce.com\/s-u09uyoiaun\/product_images\/uploaded_images\/magnifying-lens-demo-3-diopter.png\" alt=\"Magnifying Lens 3-Diopter\" width=\"479\" height=\"328\" \/><img loading=\"lazy\" decoding=\"async\" class=\"\" src=\"https:\/\/cdn11.bigcommerce.com\/s-u09uyoiaun\/product_images\/uploaded_images\/magnifying-lens-demo-8-diopter.png\" alt=\"Magnifying Lens 8-Diopter\" width=\"511\" height=\"332\" \/><\/p>\n<p data-start=\"1817\" data-end=\"2093\">Kahden kirkkaustason ansiosta voit s\u00e4\u00e4t\u00e4\u00e4 valaistuksen juuri tarpeidesi mukaan \u2013 t\u00e4ydellinen tarkkoihin tatuointit\u00f6ihin, yksityiskohtaiseen ihon analyysiin tai el\u00e4v\u00e4isiin manikyyreihin. Lampun suljettu varsi est\u00e4\u00e4 johtojen n\u00e4kymisen, ja suojalinssin kansi lis\u00e4\u00e4 kest\u00e4vyytt\u00e4.<\/p>\n<p data-start=\"2095\" data-end=\"2351\">Suurennuslampun jousivarsi on 4 jalkaa 3 tuumaa (noin 130 cm) pitk\u00e4 ja s\u00e4\u00e4dett\u00e4viss\u00e4, joten voit asettaa lampun juuri haluamaasi kohtaan. K\u00e4yt\u00e4 p\u00f6yt\u00e4kiinnikett\u00e4 tai valitse tukeva viisirenkainen jalusta, joka tarjoaa erinomaista vakautta ja liikkuvuutta.<\/p>\n<p data-start=\"1780\" data-end=\"1802\"><strong data-start=\"1780\" data-end=\"1800\">Tekniset tiedot:<\/strong><\/p>\n<ul data-start=\"1803\" data-end=\"2304\">\n<li data-start=\"1803\" data-end=\"1835\">\n<p data-start=\"1805\" data-end=\"1835\">Varren pituus: 130 cm (4\u20193\u201d)<\/p>\n<\/li>\n<li data-start=\"1836\" data-end=\"1854\">\n<p data-start=\"1838\" data-end=\"1854\">Paino: 11,8 kg<\/p>\n<\/li>\n<li data-start=\"1855\" data-end=\"1874\">\n<p data-start=\"1857\" data-end=\"1874\">Valonl\u00e4hde: LED<\/p>\n<\/li>\n<li data-start=\"1875\" data-end=\"1901\">\n<p data-start=\"1877\" data-end=\"1901\">Valovirta: 548 lumenia<\/p>\n<\/li>\n<li data-start=\"1902\" data-end=\"1948\">\n<p data-start=\"1904\" data-end=\"1948\">Valaistus 15 cm et\u00e4isyydell\u00e4: 5 500 luksia<\/p>\n<\/li>\n<li data-start=\"1949\" data-end=\"1975\">\n<p data-start=\"1951\" data-end=\"1975\">V\u00e4ril\u00e4mp\u00f6tila: 6 000\u00b0K<\/p>\n<\/li>\n<li data-start=\"1976\" data-end=\"2001\">\n<p data-start=\"1978\" data-end=\"2001\">Energiankulutus: 11 W<\/p>\n<\/li>\n<li data-start=\"2002\" data-end=\"2037\">\n<p data-start=\"2004\" data-end=\"2037\">LEDien k\u00e4ytt\u00f6ik\u00e4: 50 000 tuntia<\/p>\n<\/li>\n<li data-start=\"2038\" data-end=\"2117\">\n<p data-start=\"2040\" data-end=\"2117\">Kaksivaiheinen kosketushimmennin: 2 300 \u2013 1 000 luksia (20 cm et\u00e4isyydell\u00e4)<\/p>\n<\/li>\n<li data-start=\"2118\" data-end=\"2154\">\n<p data-start=\"2120\" data-end=\"2154\">Linssin halkaisija: 12,7 cm (5\u2033)<\/p>\n<\/li>\n<li data-start=\"2155\" data-end=\"2183\">\n<p data-start=\"2157\" data-end=\"2183\">Linssin materiaali: lasi<\/p>\n<\/li>\n<li data-start=\"2184\" data-end=\"2304\">\n<p data-start=\"2186\" data-end=\"2304\">Suurennus: 3 diopteria (1,75\u00d7) + 8 diopterin polttopiste (3\u00d7), joka tarjoaa suuremman suurennuksen tietyll\u00e4 alueella<\/p>\n<\/li>\n<\/ul>\n<p><\/p>","protected":false},"excerpt":{"rendered":"<p>Ominaisuudet: Kolmen diopterin LED-suurennuslamppu suurentaa kohteen 75 % + 8 diopterin polttopiste tarjoaa jopa 200 % suurennuksen Kaksi kirkkaustasoa \u2013<\/p>\n","protected":false},"featured_media":17312,"template":"","meta":[],"product_brand":[],"product_cat":[343],"product_tag":[],"class_list":{"0":"post-17311","1":"product","2":"type-product","3":"status-publish","4":"has-post-thumbnail","6":"product_cat-luuplambid-ja-lambid","8":"first","9":"instock","10":"taxable","11":"shipping-taxable","12":"purchasable","13":"product-type-simple"},"yoast_head":"<!-- This site is optimized with the Yoast SEO plugin v24.4 - https:\/\/yoast.com\/wordpress\/plugins\/seo\/ -->\n<title>SilverFox 1005 LED-suurennuslamppu lattiamalli | Valika<\/title>\n<meta name=\"robots\" content=\"index, follow, max-snippet:-1, max-image-preview:large, max-video-preview:-1\" \/>\n<link rel=\"canonical\" href=\"https:\/\/valika.eu\/fi\/toode\/silver-fox-luuplamp-1005-led-porandale\/\" \/>\n<meta property=\"og:locale\" content=\"fi_FI\" \/>\n<meta property=\"og:type\" content=\"article\" \/>\n<meta property=\"og:title\" content=\"SilverFox 1005 LED-suurennuslamppu lattiamalli | Valika\" \/>\n<meta property=\"og:description\" content=\"Ominaisuudet: Kolmen diopterin LED-suurennuslamppu suurentaa kohteen 75 % + 8 diopterin polttopiste tarjoaa jopa 200 % suurennuksen Kaksi kirkkaustasoa \u2013\" \/>\n<meta property=\"og:url\" content=\"https:\/\/valika.eu\/fi\/toode\/silver-fox-luuplamp-1005-led-porandale\/\" \/>\n<meta property=\"og:site_name\" content=\"Valika\" \/>\n<meta property=\"article:publisher\" content=\"https:\/\/www.facebook.com\/tipsi.net\" \/>\n<meta property=\"article:modified_time\" content=\"2025-10-29T19:28:39+00:00\" \/>\n<meta property=\"og:image\" content=\"https:\/\/valika.eu\/wp-content\/uploads\/2025\/10\/1005-3__54490__79298.webp\" \/>\n\t<meta property=\"og:image:width\" content=\"1200\" \/>\n\t<meta property=\"og:image:height\" content=\"1496\" \/>\n\t<meta property=\"og:image:type\" content=\"image\/webp\" \/>\n<meta name=\"twitter:card\" content=\"summary_large_image\" \/>\n<script type=\"application\/ld+json\" class=\"yoast-schema-graph\">{\"@context\":\"https:\/\/schema.org\",\"@graph\":[{\"@type\":\"WebPage\",\"@id\":\"https:\/\/valika.eu\/fi\/toode\/silver-fox-luuplamp-1005-led-porandale\/\",\"url\":\"https:\/\/valika.eu\/fi\/toode\/silver-fox-luuplamp-1005-led-porandale\/\",\"name\":\"SilverFox 1005 LED-suurennuslamppu lattiamalli | Valika\",\"isPartOf\":{\"@id\":\"https:\/\/valika.eu\/fi\/#website\"},\"primaryImageOfPage\":{\"@id\":\"https:\/\/valika.eu\/fi\/toode\/silver-fox-luuplamp-1005-led-porandale\/#primaryimage\"},\"image\":{\"@id\":\"https:\/\/valika.eu\/toode\/silver-fox-luuplamp-1005-led-porandale\/#primaryimage\"},\"thumbnailUrl\":\"https:\/\/valika.eu\/wp-content\/uploads\/2025\/10\/1005-3__54490__79298.webp\",\"datePublished\":\"2025-10-29T19:19:21+00:00\",\"dateModified\":\"2025-10-29T19:28:39+00:00\",\"breadcrumb\":{\"@id\":\"https:\/\/valika.eu\/fi\/toode\/silver-fox-luuplamp-1005-led-porandale\/#breadcrumb\"},\"inLanguage\":\"fi\",\"potentialAction\":[{\"@type\":\"ReadAction\",\"target\":[[\"https:\/\/valika.eu\/fi\/toode\/silver-fox-luuplamp-1005-led-porandale\/\"]]}]},{\"@type\":\"ImageObject\",\"inLanguage\":\"fi\",\"@id\":\"https:\/\/valika.eu\/fi\/toode\/silver-fox-luuplamp-1005-led-porandale\/#primaryimage\",\"url\":\"https:\/\/valika.eu\/wp-content\/uploads\/2025\/10\/1005-3__54490__79298.webp\",\"contentUrl\":\"https:\/\/valika.eu\/wp-content\/uploads\/2025\/10\/1005-3__54490__79298.webp\",\"width\":1200,\"height\":1496},{\"@type\":\"BreadcrumbList\",\"@id\":\"https:\/\/valika.eu\/fi\/toode\/silver-fox-luuplamp-1005-led-porandale\/#breadcrumb\",\"itemListElement\":[{\"@type\":\"ListItem\",\"position\":1,\"name\":\"Koti\",\"item\":\"https:\/\/valika.eu\/fi\/\"},{\"@type\":\"ListItem\",\"position\":2,\"name\":\"Shop\",\"item\":\"https:\/\/valika.eu\/fi\/\"},{\"@type\":\"ListItem\",\"position\":3,\"name\":\"Luuplamp p\u00f5randale SilverFox 1005 LED\"}]},{\"@type\":\"WebSite\",\"@id\":\"https:\/\/valika.eu\/fi\/#website\",\"url\":\"https:\/\/valika.eu\/fi\/\",\"name\":\"Valika.eu\",\"description\":\"Salonkituotteet ja kauneudenhoitotuotteet - Valika tarjoaa laajan valikoiman tuotteita ja tarvikkeita kynsiteknikoille, kauneushoitoloille, kampaamoille ja kampaamoille.\",\"publisher\":{\"@id\":\"https:\/\/valika.eu\/fi\/#organization\"},\"alternateName\":\"Valika\",\"potentialAction\":[{\"@type\":\"SearchAction\",\"target\":{\"@type\":\"EntryPoint\",\"urlTemplate\":\"https:\/\/valika.eu\/fi\/?s={search_term_string}\"},\"query-input\":{\"@type\":\"PropertyValueSpecification\",\"valueRequired\":true,\"valueName\":\"search_term_string\"}}],\"inLanguage\":\"fi\"},{\"@type\":\"Organization\",\"@id\":\"https:\/\/valika.eu\/fi\/#organization\",\"name\":\"Salongitoode O\u00dc\",\"alternateName\":\"Valika\",\"url\":\"https:\/\/valika.eu\/fi\/\",\"logo\":{\"@type\":\"ImageObject\",\"inLanguage\":\"fi\",\"@id\":\"https:\/\/valika.eu\/fi\/#\/schema\/logo\/image\/\",\"url\":\"https:\/\/valika.eu\/wp-content\/uploads\/2023\/11\/logo2-valika-footer.png\",\"contentUrl\":\"https:\/\/valika.eu\/wp-content\/uploads\/2023\/11\/logo2-valika-footer.png\",\"width\":200,\"height\":129,\"caption\":\"Salongitoode O\u00dc\"},\"image\":{\"@id\":\"https:\/\/valika.eu\/fi\/#\/schema\/logo\/image\/\"},\"sameAs\":[\"https:\/\/www.facebook.com\/tipsi.net\"]}]}<\/script>\n<!-- \/ Yoast SEO plugin. -->","yoast_head_json":{"title":"SilverFox 1005 LED-suurennuslamppu lattiamalli | Valika","robots":{"index":"index","follow":"follow","max-snippet":"max-snippet:-1","max-image-preview":"max-image-preview:large","max-video-preview":"max-video-preview:-1"},"canonical":"https:\/\/valika.eu\/fi\/toode\/silver-fox-luuplamp-1005-led-porandale\/","og_locale":"fi_FI","og_type":"article","og_title":"SilverFox 1005 LED-suurennuslamppu lattiamalli | Valika","og_description":"Ominaisuudet: Kolmen diopterin LED-suurennuslamppu suurentaa kohteen 75 % + 8 diopterin polttopiste tarjoaa jopa 200 % suurennuksen Kaksi kirkkaustasoa \u2013","og_url":"https:\/\/valika.eu\/fi\/toode\/silver-fox-luuplamp-1005-led-porandale\/","og_site_name":"Valika","article_publisher":"https:\/\/www.facebook.com\/tipsi.net","article_modified_time":"2025-10-29T19:28:39+00:00","og_image":[{"width":1200,"height":1496,"url":"https:\/\/valika.eu\/wp-content\/uploads\/2025\/10\/1005-3__54490__79298.webp","type":"image\/webp"}],"twitter_card":"summary_large_image","schema":{"@context":"https:\/\/schema.org","@graph":[{"@type":"WebPage","@id":"https:\/\/valika.eu\/fi\/toode\/silver-fox-luuplamp-1005-led-porandale\/","url":"https:\/\/valika.eu\/fi\/toode\/silver-fox-luuplamp-1005-led-porandale\/","name":"SilverFox 1005 LED-suurennuslamppu lattiamalli | Valika","isPartOf":{"@id":"https:\/\/valika.eu\/fi\/#website"},"primaryImageOfPage":{"@id":"https:\/\/valika.eu\/fi\/toode\/silver-fox-luuplamp-1005-led-porandale\/#primaryimage"},"image":{"@id":"https:\/\/valika.eu\/toode\/silver-fox-luuplamp-1005-led-porandale\/#primaryimage"},"thumbnailUrl":"https:\/\/valika.eu\/wp-content\/uploads\/2025\/10\/1005-3__54490__79298.webp","datePublished":"2025-10-29T19:19:21+00:00","dateModified":"2025-10-29T19:28:39+00:00","breadcrumb":{"@id":"https:\/\/valika.eu\/fi\/toode\/silver-fox-luuplamp-1005-led-porandale\/#breadcrumb"},"inLanguage":"fi","potentialAction":[{"@type":"ReadAction","target":[["https:\/\/valika.eu\/fi\/toode\/silver-fox-luuplamp-1005-led-porandale\/"]]}]},{"@type":"ImageObject","inLanguage":"fi","@id":"https:\/\/valika.eu\/fi\/toode\/silver-fox-luuplamp-1005-led-porandale\/#primaryimage","url":"https:\/\/valika.eu\/wp-content\/uploads\/2025\/10\/1005-3__54490__79298.webp","contentUrl":"https:\/\/valika.eu\/wp-content\/uploads\/2025\/10\/1005-3__54490__79298.webp","width":1200,"height":1496},{"@type":"BreadcrumbList","@id":"https:\/\/valika.eu\/fi\/toode\/silver-fox-luuplamp-1005-led-porandale\/#breadcrumb","itemListElement":[{"@type":"ListItem","position":1,"name":"Koti","item":"https:\/\/valika.eu\/fi\/"},{"@type":"ListItem","position":2,"name":"Shop","item":"https:\/\/valika.eu\/fi\/"},{"@type":"ListItem","position":3,"name":"Luuplamp p\u00f5randale SilverFox 1005 LED"}]},{"@type":"WebSite","@id":"https:\/\/valika.eu\/fi\/#website","url":"https:\/\/valika.eu\/fi\/","name":"Valika.eu","description":"Salonkituotteet ja kauneudenhoitotuotteet - Valika tarjoaa laajan valikoiman tuotteita ja tarvikkeita kynsiteknikoille, kauneushoitoloille, kampaamoille ja kampaamoille.","publisher":{"@id":"https:\/\/valika.eu\/fi\/#organization"},"alternateName":"Valika","potentialAction":[{"@type":"SearchAction","target":{"@type":"EntryPoint","urlTemplate":"https:\/\/valika.eu\/fi\/?s={search_term_string}"},"query-input":{"@type":"PropertyValueSpecification","valueRequired":true,"valueName":"search_term_string"}}],"inLanguage":"fi"},{"@type":"Organization","@id":"https:\/\/valika.eu\/fi\/#organization","name":"Salongitoode O\u00dc","alternateName":"Valika","url":"https:\/\/valika.eu\/fi\/","logo":{"@type":"ImageObject","inLanguage":"fi","@id":"https:\/\/valika.eu\/fi\/#\/schema\/logo\/image\/","url":"https:\/\/valika.eu\/wp-content\/uploads\/2023\/11\/logo2-valika-footer.png","contentUrl":"https:\/\/valika.eu\/wp-content\/uploads\/2023\/11\/logo2-valika-footer.png","width":200,"height":129,"caption":"Salongitoode O\u00dc"},"image":{"@id":"https:\/\/valika.eu\/fi\/#\/schema\/logo\/image\/"},"sameAs":["https:\/\/www.facebook.com\/tipsi.net"]}]}},"jetpack_sharing_enabled":true,"_links":{"self":[{"href":"https:\/\/valika.eu\/fi\/wp-json\/wp\/v2\/product\/17311","targetHints":{"allow":["GET"]}}],"collection":[{"href":"https:\/\/valika.eu\/fi\/wp-json\/wp\/v2\/product"}],"about":[{"href":"https:\/\/valika.eu\/fi\/wp-json\/wp\/v2\/types\/product"}],"wp:featuredmedia":[{"embeddable":true,"href":"https:\/\/valika.eu\/fi\/wp-json\/wp\/v2\/media\/17312"}],"wp:attachment":[{"href":"https:\/\/valika.eu\/fi\/wp-json\/wp\/v2\/media?parent=17311"}],"wp:term":[{"taxonomy":"product_brand","embeddable":true,"href":"https:\/\/valika.eu\/fi\/wp-json\/wp\/v2\/product_brand?post=17311"},{"taxonomy":"product_cat","embeddable":true,"href":"https:\/\/valika.eu\/fi\/wp-json\/wp\/v2\/product_cat?post=17311"},{"taxonomy":"product_tag","embeddable":true,"href":"https:\/\/valika.eu\/fi\/wp-json\/wp\/v2\/product_tag?post=17311"}],"curies":[{"name":"wp","href":"https:\/\/api.w.org\/{rel}","templated":true}]}}