{"id":17331,"date":"2025-10-29T23:05:52","date_gmt":"2025-10-29T21:05:52","guid":{"rendered":"https:\/\/valika.eu\/?post_type=product&#038;p=17331"},"modified":"2025-10-31T14:09:51","modified_gmt":"2025-10-31T12:09:51","slug":"sadultool-reguleeritava-seljatoega-purerelax-must","status":"publish","type":"product","link":"https:\/\/valika.eu\/fi\/toode\/sadultool-reguleeritava-seljatoega-purerelax-must\/","title":{"rendered":"PureRelax Satulatuoli s\u00e4\u00e4dett\u00e4v\u00e4ll\u00e4 selk\u00e4nojalla \u2013 musta"},"content":{"rendered":"<p><\/p>\n<p data-start=\"2622\" data-end=\"2641\"><strong data-start=\"2622\" data-end=\"2639\">Ominaisuudet:<\/strong><\/p>\n<ul data-start=\"2642\" data-end=\"2929\">\n<li data-start=\"2642\" data-end=\"2707\">\n<p data-start=\"2644\" data-end=\"2707\">Mukava satulatuolimalli ergonomisesti kaarevalla selk\u00e4nojalla<\/p>\n<\/li>\n<li data-start=\"2708\" data-end=\"2758\">\n<p data-start=\"2710\" data-end=\"2758\">Eritt\u00e4in vakaa viisirenkainen kromattu jalusta<\/p>\n<\/li>\n<li data-start=\"2759\" data-end=\"2830\">\n<p data-start=\"2761\" data-end=\"2830\">Kolme kaasujousivipua korkeuden, selk\u00e4nojan ja kallistuksen s\u00e4\u00e4t\u00f6\u00f6n<\/p>\n<\/li>\n<li data-start=\"2831\" data-end=\"2851\">\n<p data-start=\"2833\" data-end=\"2851\">Kantavuus 120 kg<\/p>\n<\/li>\n<li data-start=\"2831\" data-end=\"2851\">korkeus\u00a0ca. 50-72cm<\/li>\n<li data-start=\"2852\" data-end=\"2929\">\n<p data-start=\"2854\" data-end=\"2929\">Korkealaatuinen polyuretaaniverhoilu, helppo puhdistaa l\u00e4mpim\u00e4ll\u00e4 vedell\u00e4<\/p>\n<\/li>\n<\/ul>\n<p data-start=\"2931\" data-end=\"3434\">Koe vertaansa vailla oleva mukavuus ja vakaus <strong data-start=\"2977\" data-end=\"3016\">PureRelax-estetistin satulatuolilla<\/strong>. T\u00e4m\u00e4 asiantuntevasti suunniteltu ty\u00f6tuoli tarjoaa ergonomisesti kaarevan selk\u00e4nojan ja vakaan viisirenkkaisen kromijalustan, jotka takaavat mukavuuden my\u00f6s pitkien ty\u00f6jaksojen aikana. S\u00e4\u00e4dett\u00e4v\u00e4t pneumaattiset vivut mahdollistavat istuimen korkeuden, selk\u00e4nojan kulman ja kallistuksen hienos\u00e4\u00e4d\u00f6n eri ty\u00f6asentoihin. Kest\u00e4v\u00e4 ja helposti puhdistettava polyuretaaniverhoilu yhdist\u00e4\u00e4 k\u00e4yt\u00e4nn\u00f6llisyyden ja tyylikkyyden.<\/p>\n<p><\/p>","protected":false},"excerpt":{"rendered":"<p>Ominaisuudet: Mukava satulatuolimalli ergonomisesti kaarevalla selk\u00e4nojalla Eritt\u00e4in vakaa viisirenkainen kromattu jalusta Kolme kaasujousivipua korkeuden, selk\u00e4nojan ja kallistuksen s\u00e4\u00e4t\u00f6\u00f6n Kantavuus 120<\/p>\n","protected":false},"featured_media":17332,"template":"","meta":[],"product_brand":[],"product_cat":[24,356],"product_tag":[],"class_list":{"0":"post-17331","1":"product","2":"type-product","3":"status-publish","4":"has-post-thumbnail","6":"product_cat-ilusalongimoobel","7":"product_cat-meistritoolid","9":"first","10":"instock","11":"taxable","12":"shipping-taxable","13":"purchasable","14":"product-type-simple"},"yoast_head":"<!-- This site is optimized with the Yoast SEO plugin v24.4 - https:\/\/yoast.com\/wordpress\/plugins\/seo\/ -->\n<title>PureRelax Satulatuoli s\u00e4\u00e4dett\u00e4v\u00e4ll\u00e4 selk\u00e4nojalla \u2013 musta | Valika<\/title>\n<meta name=\"robots\" content=\"index, follow, max-snippet:-1, max-image-preview:large, max-video-preview:-1\" \/>\n<link rel=\"canonical\" href=\"https:\/\/valika.eu\/fi\/toode\/sadultool-reguleeritava-seljatoega-purerelax-must\/\" \/>\n<meta property=\"og:locale\" content=\"fi_FI\" \/>\n<meta property=\"og:type\" content=\"article\" \/>\n<meta property=\"og:title\" content=\"PureRelax Satulatuoli s\u00e4\u00e4dett\u00e4v\u00e4ll\u00e4 selk\u00e4nojalla \u2013 musta | Valika\" \/>\n<meta property=\"og:description\" content=\"Ominaisuudet: Mukava satulatuolimalli ergonomisesti kaarevalla selk\u00e4nojalla Eritt\u00e4in vakaa viisirenkainen kromattu jalusta Kolme kaasujousivipua korkeuden, selk\u00e4nojan ja kallistuksen s\u00e4\u00e4t\u00f6\u00f6n Kantavuus 120\" \/>\n<meta property=\"og:url\" content=\"https:\/\/valika.eu\/fi\/toode\/sadultool-reguleeritava-seljatoega-purerelax-must\/\" \/>\n<meta property=\"og:site_name\" content=\"Valika\" \/>\n<meta property=\"article:publisher\" content=\"https:\/\/www.facebook.com\/tipsi.net\" \/>\n<meta property=\"article:modified_time\" content=\"2025-10-31T12:09:51+00:00\" \/>\n<meta property=\"og:image\" content=\"https:\/\/valika.eu\/wp-content\/uploads\/2025\/10\/tool.webp\" \/>\n\t<meta property=\"og:image:width\" content=\"850\" \/>\n\t<meta property=\"og:image:height\" content=\"850\" \/>\n\t<meta property=\"og:image:type\" content=\"image\/webp\" \/>\n<meta name=\"twitter:card\" content=\"summary_large_image\" \/>\n<script type=\"application\/ld+json\" class=\"yoast-schema-graph\">{\"@context\":\"https:\/\/schema.org\",\"@graph\":[{\"@type\":\"WebPage\",\"@id\":\"https:\/\/valika.eu\/fi\/toode\/sadultool-reguleeritava-seljatoega-purerelax-must\/\",\"url\":\"https:\/\/valika.eu\/fi\/toode\/sadultool-reguleeritava-seljatoega-purerelax-must\/\",\"name\":\"PureRelax Satulatuoli s\u00e4\u00e4dett\u00e4v\u00e4ll\u00e4 selk\u00e4nojalla \u2013 musta | Valika\",\"isPartOf\":{\"@id\":\"https:\/\/valika.eu\/fi\/#website\"},\"primaryImageOfPage\":{\"@id\":\"https:\/\/valika.eu\/fi\/toode\/sadultool-reguleeritava-seljatoega-purerelax-must\/#primaryimage\"},\"image\":{\"@id\":\"https:\/\/valika.eu\/toode\/sadultool-reguleeritava-seljatoega-purerelax-must\/#primaryimage\"},\"thumbnailUrl\":\"https:\/\/valika.eu\/wp-content\/uploads\/2025\/10\/tool.webp\",\"datePublished\":\"2025-10-29T21:05:52+00:00\",\"dateModified\":\"2025-10-31T12:09:51+00:00\",\"breadcrumb\":{\"@id\":\"https:\/\/valika.eu\/fi\/toode\/sadultool-reguleeritava-seljatoega-purerelax-must\/#breadcrumb\"},\"inLanguage\":\"fi\",\"potentialAction\":[{\"@type\":\"ReadAction\",\"target\":[[\"https:\/\/valika.eu\/fi\/toode\/sadultool-reguleeritava-seljatoega-purerelax-must\/\"]]}]},{\"@type\":\"ImageObject\",\"inLanguage\":\"fi\",\"@id\":\"https:\/\/valika.eu\/fi\/toode\/sadultool-reguleeritava-seljatoega-purerelax-must\/#primaryimage\",\"url\":\"https:\/\/valika.eu\/wp-content\/uploads\/2025\/10\/tool.webp\",\"contentUrl\":\"https:\/\/valika.eu\/wp-content\/uploads\/2025\/10\/tool.webp\",\"width\":850,\"height\":850},{\"@type\":\"BreadcrumbList\",\"@id\":\"https:\/\/valika.eu\/fi\/toode\/sadultool-reguleeritava-seljatoega-purerelax-must\/#breadcrumb\",\"itemListElement\":[{\"@type\":\"ListItem\",\"position\":1,\"name\":\"Koti\",\"item\":\"https:\/\/valika.eu\/fi\/\"},{\"@type\":\"ListItem\",\"position\":2,\"name\":\"Shop\",\"item\":\"https:\/\/valika.eu\/fi\/\"},{\"@type\":\"ListItem\",\"position\":3,\"name\":\"Sadultool reguleeritava seljatoega PureRelax \u2013 must\"}]},{\"@type\":\"WebSite\",\"@id\":\"https:\/\/valika.eu\/fi\/#website\",\"url\":\"https:\/\/valika.eu\/fi\/\",\"name\":\"Valika.eu\",\"description\":\"Salonkituotteet ja kauneudenhoitotuotteet - Valika tarjoaa laajan valikoiman tuotteita ja tarvikkeita kynsiteknikoille, kauneushoitoloille, kampaamoille ja kampaamoille.\",\"publisher\":{\"@id\":\"https:\/\/valika.eu\/fi\/#organization\"},\"alternateName\":\"Valika\",\"potentialAction\":[{\"@type\":\"SearchAction\",\"target\":{\"@type\":\"EntryPoint\",\"urlTemplate\":\"https:\/\/valika.eu\/fi\/?s={search_term_string}\"},\"query-input\":{\"@type\":\"PropertyValueSpecification\",\"valueRequired\":true,\"valueName\":\"search_term_string\"}}],\"inLanguage\":\"fi\"},{\"@type\":\"Organization\",\"@id\":\"https:\/\/valika.eu\/fi\/#organization\",\"name\":\"Salongitoode O\u00dc\",\"alternateName\":\"Valika\",\"url\":\"https:\/\/valika.eu\/fi\/\",\"logo\":{\"@type\":\"ImageObject\",\"inLanguage\":\"fi\",\"@id\":\"https:\/\/valika.eu\/fi\/#\/schema\/logo\/image\/\",\"url\":\"https:\/\/valika.eu\/wp-content\/uploads\/2023\/11\/logo2-valika-footer.png\",\"contentUrl\":\"https:\/\/valika.eu\/wp-content\/uploads\/2023\/11\/logo2-valika-footer.png\",\"width\":200,\"height\":129,\"caption\":\"Salongitoode O\u00dc\"},\"image\":{\"@id\":\"https:\/\/valika.eu\/fi\/#\/schema\/logo\/image\/\"},\"sameAs\":[\"https:\/\/www.facebook.com\/tipsi.net\"]}]}<\/script>\n<!-- \/ Yoast SEO plugin. -->","yoast_head_json":{"title":"PureRelax Satulatuoli s\u00e4\u00e4dett\u00e4v\u00e4ll\u00e4 selk\u00e4nojalla \u2013 musta | Valika","robots":{"index":"index","follow":"follow","max-snippet":"max-snippet:-1","max-image-preview":"max-image-preview:large","max-video-preview":"max-video-preview:-1"},"canonical":"https:\/\/valika.eu\/fi\/toode\/sadultool-reguleeritava-seljatoega-purerelax-must\/","og_locale":"fi_FI","og_type":"article","og_title":"PureRelax Satulatuoli s\u00e4\u00e4dett\u00e4v\u00e4ll\u00e4 selk\u00e4nojalla \u2013 musta | Valika","og_description":"Ominaisuudet: Mukava satulatuolimalli ergonomisesti kaarevalla selk\u00e4nojalla Eritt\u00e4in vakaa viisirenkainen kromattu jalusta Kolme kaasujousivipua korkeuden, selk\u00e4nojan ja kallistuksen s\u00e4\u00e4t\u00f6\u00f6n Kantavuus 120","og_url":"https:\/\/valika.eu\/fi\/toode\/sadultool-reguleeritava-seljatoega-purerelax-must\/","og_site_name":"Valika","article_publisher":"https:\/\/www.facebook.com\/tipsi.net","article_modified_time":"2025-10-31T12:09:51+00:00","og_image":[{"width":850,"height":850,"url":"https:\/\/valika.eu\/wp-content\/uploads\/2025\/10\/tool.webp","type":"image\/webp"}],"twitter_card":"summary_large_image","schema":{"@context":"https:\/\/schema.org","@graph":[{"@type":"WebPage","@id":"https:\/\/valika.eu\/fi\/toode\/sadultool-reguleeritava-seljatoega-purerelax-must\/","url":"https:\/\/valika.eu\/fi\/toode\/sadultool-reguleeritava-seljatoega-purerelax-must\/","name":"PureRelax Satulatuoli s\u00e4\u00e4dett\u00e4v\u00e4ll\u00e4 selk\u00e4nojalla \u2013 musta | Valika","isPartOf":{"@id":"https:\/\/valika.eu\/fi\/#website"},"primaryImageOfPage":{"@id":"https:\/\/valika.eu\/fi\/toode\/sadultool-reguleeritava-seljatoega-purerelax-must\/#primaryimage"},"image":{"@id":"https:\/\/valika.eu\/toode\/sadultool-reguleeritava-seljatoega-purerelax-must\/#primaryimage"},"thumbnailUrl":"https:\/\/valika.eu\/wp-content\/uploads\/2025\/10\/tool.webp","datePublished":"2025-10-29T21:05:52+00:00","dateModified":"2025-10-31T12:09:51+00:00","breadcrumb":{"@id":"https:\/\/valika.eu\/fi\/toode\/sadultool-reguleeritava-seljatoega-purerelax-must\/#breadcrumb"},"inLanguage":"fi","potentialAction":[{"@type":"ReadAction","target":[["https:\/\/valika.eu\/fi\/toode\/sadultool-reguleeritava-seljatoega-purerelax-must\/"]]}]},{"@type":"ImageObject","inLanguage":"fi","@id":"https:\/\/valika.eu\/fi\/toode\/sadultool-reguleeritava-seljatoega-purerelax-must\/#primaryimage","url":"https:\/\/valika.eu\/wp-content\/uploads\/2025\/10\/tool.webp","contentUrl":"https:\/\/valika.eu\/wp-content\/uploads\/2025\/10\/tool.webp","width":850,"height":850},{"@type":"BreadcrumbList","@id":"https:\/\/valika.eu\/fi\/toode\/sadultool-reguleeritava-seljatoega-purerelax-must\/#breadcrumb","itemListElement":[{"@type":"ListItem","position":1,"name":"Koti","item":"https:\/\/valika.eu\/fi\/"},{"@type":"ListItem","position":2,"name":"Shop","item":"https:\/\/valika.eu\/fi\/"},{"@type":"ListItem","position":3,"name":"Sadultool reguleeritava seljatoega PureRelax \u2013 must"}]},{"@type":"WebSite","@id":"https:\/\/valika.eu\/fi\/#website","url":"https:\/\/valika.eu\/fi\/","name":"Valika.eu","description":"Salonkituotteet ja kauneudenhoitotuotteet - Valika tarjoaa laajan valikoiman tuotteita ja tarvikkeita kynsiteknikoille, kauneushoitoloille, kampaamoille ja kampaamoille.","publisher":{"@id":"https:\/\/valika.eu\/fi\/#organization"},"alternateName":"Valika","potentialAction":[{"@type":"SearchAction","target":{"@type":"EntryPoint","urlTemplate":"https:\/\/valika.eu\/fi\/?s={search_term_string}"},"query-input":{"@type":"PropertyValueSpecification","valueRequired":true,"valueName":"search_term_string"}}],"inLanguage":"fi"},{"@type":"Organization","@id":"https:\/\/valika.eu\/fi\/#organization","name":"Salongitoode O\u00dc","alternateName":"Valika","url":"https:\/\/valika.eu\/fi\/","logo":{"@type":"ImageObject","inLanguage":"fi","@id":"https:\/\/valika.eu\/fi\/#\/schema\/logo\/image\/","url":"https:\/\/valika.eu\/wp-content\/uploads\/2023\/11\/logo2-valika-footer.png","contentUrl":"https:\/\/valika.eu\/wp-content\/uploads\/2023\/11\/logo2-valika-footer.png","width":200,"height":129,"caption":"Salongitoode O\u00dc"},"image":{"@id":"https:\/\/valika.eu\/fi\/#\/schema\/logo\/image\/"},"sameAs":["https:\/\/www.facebook.com\/tipsi.net"]}]}},"jetpack_sharing_enabled":true,"_links":{"self":[{"href":"https:\/\/valika.eu\/fi\/wp-json\/wp\/v2\/product\/17331","targetHints":{"allow":["GET"]}}],"collection":[{"href":"https:\/\/valika.eu\/fi\/wp-json\/wp\/v2\/product"}],"about":[{"href":"https:\/\/valika.eu\/fi\/wp-json\/wp\/v2\/types\/product"}],"wp:featuredmedia":[{"embeddable":true,"href":"https:\/\/valika.eu\/fi\/wp-json\/wp\/v2\/media\/17332"}],"wp:attachment":[{"href":"https:\/\/valika.eu\/fi\/wp-json\/wp\/v2\/media?parent=17331"}],"wp:term":[{"taxonomy":"product_brand","embeddable":true,"href":"https:\/\/valika.eu\/fi\/wp-json\/wp\/v2\/product_brand?post=17331"},{"taxonomy":"product_cat","embeddable":true,"href":"https:\/\/valika.eu\/fi\/wp-json\/wp\/v2\/product_cat?post=17331"},{"taxonomy":"product_tag","embeddable":true,"href":"https:\/\/valika.eu\/fi\/wp-json\/wp\/v2\/product_tag?post=17331"}],"curies":[{"name":"wp","href":"https:\/\/api.w.org\/{rel}","templated":true}]}}