{"id":17372,"date":"2025-10-31T14:45:41","date_gmt":"2025-10-31T12:45:41","guid":{"rendered":"https:\/\/valika.eu\/?post_type=product&#038;p=17372"},"modified":"2025-10-31T14:49:46","modified_gmt":"2025-10-31T12:49:46","slug":"tootool-simple-therapist-52-73cm-must","status":"publish","type":"product","link":"https:\/\/valika.eu\/fi\/toode\/tootool-simple-therapist-52-73cm-must\/","title":{"rendered":"Ty\u00f6tuoli SIMPLE Therapist 52-73cm musta"},"content":{"rendered":"<p><\/p>\n<p data-start=\"1650\" data-end=\"1669\"><strong data-start=\"1650\" data-end=\"1667\">Ominaisuudet:<\/strong><\/p>\n<ul data-start=\"1670\" data-end=\"1877\">\n<li data-start=\"1670\" data-end=\"1724\">\n<p data-start=\"1672\" data-end=\"1724\">Yhden vivun kaasujousis\u00e4\u00e4t\u00f6 korkeuden muuttamiseen<\/p>\n<\/li>\n<li data-start=\"1725\" data-end=\"1803\">\n<p data-start=\"1727\" data-end=\"1803\">Korkealaatuinen polyuretaaniverhoilu \u2013 helppo puhdistaa l\u00e4mpim\u00e4ll\u00e4 vedell\u00e4<\/p>\n<\/li>\n<li data-start=\"1804\" data-end=\"1842\">\n<p data-start=\"1806\" data-end=\"1842\">Vakaa 5-py\u00f6r\u00e4inen kromattu jalusta<\/p>\n<\/li>\n<li data-start=\"1843\" data-end=\"1877\">\n<p data-start=\"1845\" data-end=\"1877\">Kantavuus jopa 125 kg<\/p>\n<\/li>\n<\/ul>\n<p data-start=\"1879\" data-end=\"2322\"><strong data-start=\"1879\" data-end=\"1890\">Kuvaus:<\/strong><br data-start=\"1890\" data-end=\"1893\" \/>Koe erinomainen mukavuus ja k\u00e4yt\u00e4nn\u00f6llisyys <strong data-start=\"1937\" data-end=\"1980\">SIMPLE Terapeutin ja Teknikon Ty\u00f6tuolin<\/strong> avulla. Sopii ihanteellisesti hyvinvointi-, kauneus- ja l\u00e4\u00e4kint\u00e4ymp\u00e4rist\u00f6ihin. S\u00e4\u00e4dett\u00e4v\u00e4 korkeus 52-73<strong data-start=\"2079\" data-end=\"2101\">\u00a0cm <\/strong>\u00a0mahdollistaa t\u00e4ydellisen ty\u00f6asennon. Korkealaatuinen polyuretaaniverhoilu on tyylik\u00e4s ja helppo pit\u00e4\u00e4 puhtaana. Tukeva 5-py\u00f6r\u00e4inen kromijalusta tarjoaa erinomaisen vakauden ja kest\u00e4vyyden p\u00e4ivitt\u00e4iseen ammattik\u00e4ytt\u00f6\u00f6n.<\/p>\n<p><\/p>","protected":false},"excerpt":{"rendered":"<p>Ominaisuudet: Yhden vivun kaasujousis\u00e4\u00e4t\u00f6 korkeuden muuttamiseen Korkealaatuinen polyuretaaniverhoilu \u2013 helppo puhdistaa l\u00e4mpim\u00e4ll\u00e4 vedell\u00e4 Vakaa 5-py\u00f6r\u00e4inen kromattu jalusta Kantavuus jopa 125<\/p>\n","protected":false},"featured_media":17373,"template":"","meta":[],"product_brand":[],"product_cat":[356],"product_tag":[],"class_list":{"0":"post-17372","1":"product","2":"type-product","3":"status-publish","4":"has-post-thumbnail","6":"product_cat-meistritoolid","8":"first","9":"instock","10":"taxable","11":"shipping-taxable","12":"purchasable","13":"product-type-simple"},"yoast_head":"<!-- This site is optimized with the Yoast SEO plugin v24.4 - https:\/\/yoast.com\/wordpress\/plugins\/seo\/ -->\n<title>Ty\u00f6tuoli SIMPLE Therapist 52-73cm musta | Valika<\/title>\n<meta name=\"robots\" content=\"index, follow, max-snippet:-1, max-image-preview:large, max-video-preview:-1\" \/>\n<link rel=\"canonical\" href=\"https:\/\/valika.eu\/fi\/toode\/tootool-simple-therapist-52-73cm-must\/\" \/>\n<meta property=\"og:locale\" content=\"fi_FI\" \/>\n<meta property=\"og:type\" content=\"article\" \/>\n<meta property=\"og:title\" content=\"Ty\u00f6tuoli SIMPLE Therapist 52-73cm musta | Valika\" \/>\n<meta property=\"og:description\" content=\"Ominaisuudet: Yhden vivun kaasujousis\u00e4\u00e4t\u00f6 korkeuden muuttamiseen Korkealaatuinen polyuretaaniverhoilu \u2013 helppo puhdistaa l\u00e4mpim\u00e4ll\u00e4 vedell\u00e4 Vakaa 5-py\u00f6r\u00e4inen kromattu jalusta Kantavuus jopa 125\" \/>\n<meta property=\"og:url\" content=\"https:\/\/valika.eu\/fi\/toode\/tootool-simple-therapist-52-73cm-must\/\" \/>\n<meta property=\"og:site_name\" content=\"Valika\" \/>\n<meta property=\"article:publisher\" content=\"https:\/\/www.facebook.com\/tipsi.net\" \/>\n<meta property=\"article:modified_time\" content=\"2025-10-31T12:49:46+00:00\" \/>\n<meta property=\"og:image\" content=\"https:\/\/valika.eu\/wp-content\/uploads\/2025\/10\/simple-therapist-stool-adjustable-height.webp\" \/>\n\t<meta property=\"og:image:width\" content=\"1200\" \/>\n\t<meta property=\"og:image:height\" content=\"583\" \/>\n\t<meta property=\"og:image:type\" content=\"image\/webp\" \/>\n<meta name=\"twitter:card\" content=\"summary_large_image\" \/>\n<script type=\"application\/ld+json\" class=\"yoast-schema-graph\">{\"@context\":\"https:\/\/schema.org\",\"@graph\":[{\"@type\":\"WebPage\",\"@id\":\"https:\/\/valika.eu\/fi\/toode\/tootool-simple-therapist-52-73cm-must\/\",\"url\":\"https:\/\/valika.eu\/fi\/toode\/tootool-simple-therapist-52-73cm-must\/\",\"name\":\"Ty\u00f6tuoli SIMPLE Therapist 52-73cm musta | Valika\",\"isPartOf\":{\"@id\":\"https:\/\/valika.eu\/fi\/#website\"},\"primaryImageOfPage\":{\"@id\":\"https:\/\/valika.eu\/fi\/toode\/tootool-simple-therapist-52-73cm-must\/#primaryimage\"},\"image\":{\"@id\":\"https:\/\/valika.eu\/toode\/tootool-simple-therapist-52-73cm-must\/#primaryimage\"},\"thumbnailUrl\":\"https:\/\/valika.eu\/wp-content\/uploads\/2025\/10\/simple-therapist-stool-adjustable-height.webp\",\"datePublished\":\"2025-10-31T12:45:41+00:00\",\"dateModified\":\"2025-10-31T12:49:46+00:00\",\"breadcrumb\":{\"@id\":\"https:\/\/valika.eu\/fi\/toode\/tootool-simple-therapist-52-73cm-must\/#breadcrumb\"},\"inLanguage\":\"fi\",\"potentialAction\":[{\"@type\":\"ReadAction\",\"target\":[[\"https:\/\/valika.eu\/fi\/toode\/tootool-simple-therapist-52-73cm-must\/\"]]}]},{\"@type\":\"ImageObject\",\"inLanguage\":\"fi\",\"@id\":\"https:\/\/valika.eu\/fi\/toode\/tootool-simple-therapist-52-73cm-must\/#primaryimage\",\"url\":\"https:\/\/valika.eu\/wp-content\/uploads\/2025\/10\/simple-therapist-stool-adjustable-height.webp\",\"contentUrl\":\"https:\/\/valika.eu\/wp-content\/uploads\/2025\/10\/simple-therapist-stool-adjustable-height.webp\",\"width\":1200,\"height\":583},{\"@type\":\"BreadcrumbList\",\"@id\":\"https:\/\/valika.eu\/fi\/toode\/tootool-simple-therapist-52-73cm-must\/#breadcrumb\",\"itemListElement\":[{\"@type\":\"ListItem\",\"position\":1,\"name\":\"Koti\",\"item\":\"https:\/\/valika.eu\/fi\/\"},{\"@type\":\"ListItem\",\"position\":2,\"name\":\"Shop\",\"item\":\"https:\/\/valika.eu\/fi\/\"},{\"@type\":\"ListItem\",\"position\":3,\"name\":\"T\u00f6\u00f6tool SIMPLE Therapist 52-73cm must\"}]},{\"@type\":\"WebSite\",\"@id\":\"https:\/\/valika.eu\/fi\/#website\",\"url\":\"https:\/\/valika.eu\/fi\/\",\"name\":\"Valika.eu\",\"description\":\"Salonkituotteet ja kauneudenhoitotuotteet - Valika tarjoaa laajan valikoiman tuotteita ja tarvikkeita kynsiteknikoille, kauneushoitoloille, kampaamoille ja kampaamoille.\",\"publisher\":{\"@id\":\"https:\/\/valika.eu\/fi\/#organization\"},\"alternateName\":\"Valika\",\"potentialAction\":[{\"@type\":\"SearchAction\",\"target\":{\"@type\":\"EntryPoint\",\"urlTemplate\":\"https:\/\/valika.eu\/fi\/?s={search_term_string}\"},\"query-input\":{\"@type\":\"PropertyValueSpecification\",\"valueRequired\":true,\"valueName\":\"search_term_string\"}}],\"inLanguage\":\"fi\"},{\"@type\":\"Organization\",\"@id\":\"https:\/\/valika.eu\/fi\/#organization\",\"name\":\"Salongitoode O\u00dc\",\"alternateName\":\"Valika\",\"url\":\"https:\/\/valika.eu\/fi\/\",\"logo\":{\"@type\":\"ImageObject\",\"inLanguage\":\"fi\",\"@id\":\"https:\/\/valika.eu\/fi\/#\/schema\/logo\/image\/\",\"url\":\"https:\/\/valika.eu\/wp-content\/uploads\/2023\/11\/logo2-valika-footer.png\",\"contentUrl\":\"https:\/\/valika.eu\/wp-content\/uploads\/2023\/11\/logo2-valika-footer.png\",\"width\":200,\"height\":129,\"caption\":\"Salongitoode O\u00dc\"},\"image\":{\"@id\":\"https:\/\/valika.eu\/fi\/#\/schema\/logo\/image\/\"},\"sameAs\":[\"https:\/\/www.facebook.com\/tipsi.net\"]}]}<\/script>\n<!-- \/ Yoast SEO plugin. -->","yoast_head_json":{"title":"Ty\u00f6tuoli SIMPLE Therapist 52-73cm musta | Valika","robots":{"index":"index","follow":"follow","max-snippet":"max-snippet:-1","max-image-preview":"max-image-preview:large","max-video-preview":"max-video-preview:-1"},"canonical":"https:\/\/valika.eu\/fi\/toode\/tootool-simple-therapist-52-73cm-must\/","og_locale":"fi_FI","og_type":"article","og_title":"Ty\u00f6tuoli SIMPLE Therapist 52-73cm musta | Valika","og_description":"Ominaisuudet: Yhden vivun kaasujousis\u00e4\u00e4t\u00f6 korkeuden muuttamiseen Korkealaatuinen polyuretaaniverhoilu \u2013 helppo puhdistaa l\u00e4mpim\u00e4ll\u00e4 vedell\u00e4 Vakaa 5-py\u00f6r\u00e4inen kromattu jalusta Kantavuus jopa 125","og_url":"https:\/\/valika.eu\/fi\/toode\/tootool-simple-therapist-52-73cm-must\/","og_site_name":"Valika","article_publisher":"https:\/\/www.facebook.com\/tipsi.net","article_modified_time":"2025-10-31T12:49:46+00:00","og_image":[{"width":1200,"height":583,"url":"https:\/\/valika.eu\/wp-content\/uploads\/2025\/10\/simple-therapist-stool-adjustable-height.webp","type":"image\/webp"}],"twitter_card":"summary_large_image","schema":{"@context":"https:\/\/schema.org","@graph":[{"@type":"WebPage","@id":"https:\/\/valika.eu\/fi\/toode\/tootool-simple-therapist-52-73cm-must\/","url":"https:\/\/valika.eu\/fi\/toode\/tootool-simple-therapist-52-73cm-must\/","name":"Ty\u00f6tuoli SIMPLE Therapist 52-73cm musta | Valika","isPartOf":{"@id":"https:\/\/valika.eu\/fi\/#website"},"primaryImageOfPage":{"@id":"https:\/\/valika.eu\/fi\/toode\/tootool-simple-therapist-52-73cm-must\/#primaryimage"},"image":{"@id":"https:\/\/valika.eu\/toode\/tootool-simple-therapist-52-73cm-must\/#primaryimage"},"thumbnailUrl":"https:\/\/valika.eu\/wp-content\/uploads\/2025\/10\/simple-therapist-stool-adjustable-height.webp","datePublished":"2025-10-31T12:45:41+00:00","dateModified":"2025-10-31T12:49:46+00:00","breadcrumb":{"@id":"https:\/\/valika.eu\/fi\/toode\/tootool-simple-therapist-52-73cm-must\/#breadcrumb"},"inLanguage":"fi","potentialAction":[{"@type":"ReadAction","target":[["https:\/\/valika.eu\/fi\/toode\/tootool-simple-therapist-52-73cm-must\/"]]}]},{"@type":"ImageObject","inLanguage":"fi","@id":"https:\/\/valika.eu\/fi\/toode\/tootool-simple-therapist-52-73cm-must\/#primaryimage","url":"https:\/\/valika.eu\/wp-content\/uploads\/2025\/10\/simple-therapist-stool-adjustable-height.webp","contentUrl":"https:\/\/valika.eu\/wp-content\/uploads\/2025\/10\/simple-therapist-stool-adjustable-height.webp","width":1200,"height":583},{"@type":"BreadcrumbList","@id":"https:\/\/valika.eu\/fi\/toode\/tootool-simple-therapist-52-73cm-must\/#breadcrumb","itemListElement":[{"@type":"ListItem","position":1,"name":"Koti","item":"https:\/\/valika.eu\/fi\/"},{"@type":"ListItem","position":2,"name":"Shop","item":"https:\/\/valika.eu\/fi\/"},{"@type":"ListItem","position":3,"name":"T\u00f6\u00f6tool SIMPLE Therapist 52-73cm must"}]},{"@type":"WebSite","@id":"https:\/\/valika.eu\/fi\/#website","url":"https:\/\/valika.eu\/fi\/","name":"Valika.eu","description":"Salonkituotteet ja kauneudenhoitotuotteet - Valika tarjoaa laajan valikoiman tuotteita ja tarvikkeita kynsiteknikoille, kauneushoitoloille, kampaamoille ja kampaamoille.","publisher":{"@id":"https:\/\/valika.eu\/fi\/#organization"},"alternateName":"Valika","potentialAction":[{"@type":"SearchAction","target":{"@type":"EntryPoint","urlTemplate":"https:\/\/valika.eu\/fi\/?s={search_term_string}"},"query-input":{"@type":"PropertyValueSpecification","valueRequired":true,"valueName":"search_term_string"}}],"inLanguage":"fi"},{"@type":"Organization","@id":"https:\/\/valika.eu\/fi\/#organization","name":"Salongitoode O\u00dc","alternateName":"Valika","url":"https:\/\/valika.eu\/fi\/","logo":{"@type":"ImageObject","inLanguage":"fi","@id":"https:\/\/valika.eu\/fi\/#\/schema\/logo\/image\/","url":"https:\/\/valika.eu\/wp-content\/uploads\/2023\/11\/logo2-valika-footer.png","contentUrl":"https:\/\/valika.eu\/wp-content\/uploads\/2023\/11\/logo2-valika-footer.png","width":200,"height":129,"caption":"Salongitoode O\u00dc"},"image":{"@id":"https:\/\/valika.eu\/fi\/#\/schema\/logo\/image\/"},"sameAs":["https:\/\/www.facebook.com\/tipsi.net"]}]}},"jetpack_sharing_enabled":true,"_links":{"self":[{"href":"https:\/\/valika.eu\/fi\/wp-json\/wp\/v2\/product\/17372","targetHints":{"allow":["GET"]}}],"collection":[{"href":"https:\/\/valika.eu\/fi\/wp-json\/wp\/v2\/product"}],"about":[{"href":"https:\/\/valika.eu\/fi\/wp-json\/wp\/v2\/types\/product"}],"wp:featuredmedia":[{"embeddable":true,"href":"https:\/\/valika.eu\/fi\/wp-json\/wp\/v2\/media\/17373"}],"wp:attachment":[{"href":"https:\/\/valika.eu\/fi\/wp-json\/wp\/v2\/media?parent=17372"}],"wp:term":[{"taxonomy":"product_brand","embeddable":true,"href":"https:\/\/valika.eu\/fi\/wp-json\/wp\/v2\/product_brand?post=17372"},{"taxonomy":"product_cat","embeddable":true,"href":"https:\/\/valika.eu\/fi\/wp-json\/wp\/v2\/product_cat?post=17372"},{"taxonomy":"product_tag","embeddable":true,"href":"https:\/\/valika.eu\/fi\/wp-json\/wp\/v2\/product_tag?post=17372"}],"curies":[{"name":"wp","href":"https:\/\/api.w.org\/{rel}","templated":true}]}}