{"id":17449,"date":"2025-11-06T15:40:23","date_gmt":"2025-11-06T13:40:23","guid":{"rendered":"https:\/\/valika.eu\/?post_type=product&#038;p=17449"},"modified":"2026-03-31T10:30:18","modified_gmt":"2026-03-31T07:30:18","slug":"claresa-top-no-wipe-ice-disco-5g","status":"publish","type":"product","link":"https:\/\/valika.eu\/fi\/toode\/claresa-top-no-wipe-ice-disco-5g\/","title":{"rendered":"l\u00e4pin\u00e4kyv\u00e4 p\u00e4\u00e4llyslakka CLARESA TOP NO WIPE ICE DISCO 5G"},"content":{"rendered":"<p><\/p>\n<div class=\"flex max-w-full flex-col grow\">\n<div class=\"min-h-8 text-message relative flex w-full flex-col items-end gap-2 text-start break-words whitespace-normal [.text-message+&amp;]:mt-1\" dir=\"auto\" data-message-author-role=\"assistant\" data-message-id=\"68ba272b-4e1a-4100-b925-b24fa16eef48\" data-message-model-slug=\"gpt-5\">\n<div class=\"flex w-full flex-col gap-1 empty:hidden first:pt-[1px]\">\n<div class=\"markdown prose dark:prose-invert w-full break-words light markdown-new-styling\">\n<p data-start=\"2044\" data-end=\"2259\">Sukella viile\u00e4n eleganssin hehkuun!<br data-start=\"2092\" data-end=\"2095\" \/><strong data-start=\"2095\" data-end=\"2123\">TOP NO WIPE ICE DISCO 5g<\/strong> on l\u00e4pin\u00e4kyv\u00e4 p\u00e4\u00e4llyslakka, jossa on hopeafoliopaloja. Se muuttaa klassisen manikyyrin hetkess\u00e4 s\u00e4ihkyv\u00e4ksi ja tyylikk\u00e4\u00e4ksi lookiksi.<\/p>\n<p data-start=\"2261\" data-end=\"2392\">Hienot leikatut hopeafoliopartikkelit luovat herk\u00e4n, j\u00e4isen heijastuksen, antaen kynsille ainutlaatuisen, moniulotteisen kiillon.<\/p>\n<p data-start=\"2394\" data-end=\"2525\">L\u00e4pin\u00e4kyv\u00e4 pohja sopii t\u00e4ydellisesti yhteen kaikkien v\u00e4rien kanssa \u2013 hillityist\u00e4 nude-s\u00e4vyist\u00e4 syviin ja intensiivisiin v\u00e4reihin.<\/p>\n<p data-start=\"2527\" data-end=\"2719\" data-is-last-node=\"\" data-is-only-node=\"\">Keskipaksu koostumus tekee levityksest\u00e4 helppoa ja hallittua \u2013 ilman, ett\u00e4 lakka levi\u00e4\u00e4 kynsinauhoille. P\u00e4\u00e4llyslakka ei vaadi puhdistusta ja antaa kest\u00e4v\u00e4n suojan sek\u00e4 upean kiillon viikoiksi.<\/p>\n<\/div>\n<\/div>\n<\/div>\n<\/div>\n<div class=\"z-0 flex min-h-[46px] justify-start\"><strong data-start=\"1107\" data-end=\"1122\">K\u00c4YTT\u00d6OHJE:<\/strong> Levit\u00e4 yksi kerros <strong data-start=\"1142\" data-end=\"1151\">BASEA<\/strong> rasvattomalle kynsilevylle ja koveta UV\/LED-lampussa v\u00e4hint\u00e4\u00e4n 60 sekuntia. Levit\u00e4 sitten kovettuneen <strong data-start=\"1254\" data-end=\"1263\">BASEN<\/strong> p\u00e4\u00e4lle ensimm\u00e4inen kerros v\u00e4rillist\u00e4 hybridi\u00adlakkaa <strong data-start=\"1316\" data-end=\"1325\">KOLOR<\/strong> ja koveta UV\/LED-lampussa (tarvittaessa toista). Lopuksi levit\u00e4 yksi kerros <strong data-start=\"1402\" data-end=\"1412\">TOPPIA<\/strong> ja koveta UV\/LED-lampussa v\u00e4hint\u00e4\u00e4n 60 sekuntia.<\/div>\n<div class=\"mt-3 w-full empty:hidden\">\n<div class=\"text-center\">\n<div>\n<div class=\"inline-flex border border-gray-100 dark:border-gray-700 rounded-xl\">\n<div class=\"text-token-text-secondary flex items-center justify-center gap-4 px-4 py-2.5 text-sm whitespace-nowrap\"><\/div>\n<\/div>\n<\/div>\n<\/div>\n<\/div>\n<p><\/p>","protected":false},"excerpt":{"rendered":"<p>Sukella viile\u00e4n eleganssin hehkuun!TOP NO WIPE ICE DISCO 5g on l\u00e4pin\u00e4kyv\u00e4 p\u00e4\u00e4llyslakka, jossa on hopeafoliopaloja. Se muuttaa klassisen manikyyrin hetkess\u00e4<\/p>\n","protected":false},"featured_media":17455,"template":"","meta":[],"product_brand":[],"product_cat":[361],"product_tag":[],"class_list":{"0":"post-17449","1":"product","2":"type-product","3":"status-publish","4":"has-post-thumbnail","6":"product_cat-claresa-top","8":"first","9":"instock","10":"taxable","11":"shipping-taxable","12":"purchasable","13":"product-type-simple"},"yoast_head":"<!-- This site is optimized with the Yoast SEO plugin v24.4 - https:\/\/yoast.com\/wordpress\/plugins\/seo\/ -->\n<title>l\u00e4pin\u00e4kyv\u00e4 p\u00e4\u00e4llyslakka CLARESA TOP NO WIPE ICE DISCO 5G | Valika<\/title>\n<meta name=\"robots\" content=\"index, follow, max-snippet:-1, max-image-preview:large, max-video-preview:-1\" \/>\n<link rel=\"canonical\" href=\"https:\/\/valika.eu\/fi\/toode\/claresa-top-no-wipe-ice-disco-5g\/\" \/>\n<meta property=\"og:locale\" content=\"fi_FI\" \/>\n<meta property=\"og:type\" content=\"article\" \/>\n<meta property=\"og:title\" content=\"l\u00e4pin\u00e4kyv\u00e4 p\u00e4\u00e4llyslakka CLARESA TOP NO WIPE ICE DISCO 5G | Valika\" \/>\n<meta property=\"og:description\" content=\"Sukella viile\u00e4n eleganssin hehkuun!TOP NO WIPE ICE DISCO 5g on l\u00e4pin\u00e4kyv\u00e4 p\u00e4\u00e4llyslakka, jossa on hopeafoliopaloja. Se muuttaa klassisen manikyyrin hetkess\u00e4\" \/>\n<meta property=\"og:url\" content=\"https:\/\/valika.eu\/fi\/toode\/claresa-top-no-wipe-ice-disco-5g\/\" \/>\n<meta property=\"og:site_name\" content=\"Valika\" \/>\n<meta property=\"article:publisher\" content=\"https:\/\/www.facebook.com\/tipsi.net\" \/>\n<meta property=\"article:modified_time\" content=\"2026-03-31T07:30:18+00:00\" \/>\n<meta property=\"og:image\" content=\"https:\/\/valika.eu\/wp-content\/uploads\/2025\/11\/claresa-top-no-wipe-ice-disco.webp\" \/>\n\t<meta property=\"og:image:width\" content=\"1500\" \/>\n\t<meta property=\"og:image:height\" content=\"1500\" \/>\n\t<meta property=\"og:image:type\" content=\"image\/webp\" \/>\n<meta name=\"twitter:card\" content=\"summary_large_image\" \/>\n<script type=\"application\/ld+json\" class=\"yoast-schema-graph\">{\"@context\":\"https:\/\/schema.org\",\"@graph\":[{\"@type\":\"WebPage\",\"@id\":\"https:\/\/valika.eu\/fi\/toode\/claresa-top-no-wipe-ice-disco-5g\/\",\"url\":\"https:\/\/valika.eu\/fi\/toode\/claresa-top-no-wipe-ice-disco-5g\/\",\"name\":\"l\u00e4pin\u00e4kyv\u00e4 p\u00e4\u00e4llyslakka CLARESA TOP NO WIPE ICE DISCO 5G | Valika\",\"isPartOf\":{\"@id\":\"https:\/\/valika.eu\/fi\/#website\"},\"primaryImageOfPage\":{\"@id\":\"https:\/\/valika.eu\/fi\/toode\/claresa-top-no-wipe-ice-disco-5g\/#primaryimage\"},\"image\":{\"@id\":\"https:\/\/valika.eu\/toode\/claresa-top-no-wipe-ice-disco-5g\/#primaryimage\"},\"thumbnailUrl\":\"https:\/\/valika.eu\/wp-content\/uploads\/2025\/11\/claresa-top-no-wipe-ice-disco.webp\",\"datePublished\":\"2025-11-06T13:40:23+00:00\",\"dateModified\":\"2026-03-31T07:30:18+00:00\",\"breadcrumb\":{\"@id\":\"https:\/\/valika.eu\/fi\/toode\/claresa-top-no-wipe-ice-disco-5g\/#breadcrumb\"},\"inLanguage\":\"fi\",\"potentialAction\":[{\"@type\":\"ReadAction\",\"target\":[[\"https:\/\/valika.eu\/fi\/toode\/claresa-top-no-wipe-ice-disco-5g\/\"]]}]},{\"@type\":\"ImageObject\",\"inLanguage\":\"fi\",\"@id\":\"https:\/\/valika.eu\/fi\/toode\/claresa-top-no-wipe-ice-disco-5g\/#primaryimage\",\"url\":\"https:\/\/valika.eu\/wp-content\/uploads\/2025\/11\/claresa-top-no-wipe-ice-disco.webp\",\"contentUrl\":\"https:\/\/valika.eu\/wp-content\/uploads\/2025\/11\/claresa-top-no-wipe-ice-disco.webp\",\"width\":1500,\"height\":1500},{\"@type\":\"BreadcrumbList\",\"@id\":\"https:\/\/valika.eu\/fi\/toode\/claresa-top-no-wipe-ice-disco-5g\/#breadcrumb\",\"itemListElement\":[{\"@type\":\"ListItem\",\"position\":1,\"name\":\"Koti\",\"item\":\"https:\/\/valika.eu\/fi\/\"},{\"@type\":\"ListItem\",\"position\":2,\"name\":\"Shop\",\"item\":\"https:\/\/valika.eu\/fi\/\"},{\"@type\":\"ListItem\",\"position\":3,\"name\":\"CLARESA TOP NO WIPE ICE DISCO 5G\"}]},{\"@type\":\"WebSite\",\"@id\":\"https:\/\/valika.eu\/fi\/#website\",\"url\":\"https:\/\/valika.eu\/fi\/\",\"name\":\"Valika.eu\",\"description\":\"Salonkituotteet ja kauneudenhoitotuotteet - Valika tarjoaa laajan valikoiman tuotteita ja tarvikkeita kynsiteknikoille, kauneushoitoloille, kampaamoille ja kampaamoille.\",\"publisher\":{\"@id\":\"https:\/\/valika.eu\/fi\/#organization\"},\"alternateName\":\"Valika\",\"potentialAction\":[{\"@type\":\"SearchAction\",\"target\":{\"@type\":\"EntryPoint\",\"urlTemplate\":\"https:\/\/valika.eu\/fi\/?s={search_term_string}\"},\"query-input\":{\"@type\":\"PropertyValueSpecification\",\"valueRequired\":true,\"valueName\":\"search_term_string\"}}],\"inLanguage\":\"fi\"},{\"@type\":\"Organization\",\"@id\":\"https:\/\/valika.eu\/fi\/#organization\",\"name\":\"Salongitoode O\u00dc\",\"alternateName\":\"Valika\",\"url\":\"https:\/\/valika.eu\/fi\/\",\"logo\":{\"@type\":\"ImageObject\",\"inLanguage\":\"fi\",\"@id\":\"https:\/\/valika.eu\/fi\/#\/schema\/logo\/image\/\",\"url\":\"https:\/\/valika.eu\/wp-content\/uploads\/2023\/11\/logo2-valika-footer.png\",\"contentUrl\":\"https:\/\/valika.eu\/wp-content\/uploads\/2023\/11\/logo2-valika-footer.png\",\"width\":200,\"height\":129,\"caption\":\"Salongitoode O\u00dc\"},\"image\":{\"@id\":\"https:\/\/valika.eu\/fi\/#\/schema\/logo\/image\/\"},\"sameAs\":[\"https:\/\/www.facebook.com\/tipsi.net\"]}]}<\/script>\n<!-- \/ Yoast SEO plugin. -->","yoast_head_json":{"title":"l\u00e4pin\u00e4kyv\u00e4 p\u00e4\u00e4llyslakka CLARESA TOP NO WIPE ICE DISCO 5G | Valika","robots":{"index":"index","follow":"follow","max-snippet":"max-snippet:-1","max-image-preview":"max-image-preview:large","max-video-preview":"max-video-preview:-1"},"canonical":"https:\/\/valika.eu\/fi\/toode\/claresa-top-no-wipe-ice-disco-5g\/","og_locale":"fi_FI","og_type":"article","og_title":"l\u00e4pin\u00e4kyv\u00e4 p\u00e4\u00e4llyslakka CLARESA TOP NO WIPE ICE DISCO 5G | Valika","og_description":"Sukella viile\u00e4n eleganssin hehkuun!TOP NO WIPE ICE DISCO 5g on l\u00e4pin\u00e4kyv\u00e4 p\u00e4\u00e4llyslakka, jossa on hopeafoliopaloja. Se muuttaa klassisen manikyyrin hetkess\u00e4","og_url":"https:\/\/valika.eu\/fi\/toode\/claresa-top-no-wipe-ice-disco-5g\/","og_site_name":"Valika","article_publisher":"https:\/\/www.facebook.com\/tipsi.net","article_modified_time":"2026-03-31T07:30:18+00:00","og_image":[{"width":1500,"height":1500,"url":"https:\/\/valika.eu\/wp-content\/uploads\/2025\/11\/claresa-top-no-wipe-ice-disco.webp","type":"image\/webp"}],"twitter_card":"summary_large_image","schema":{"@context":"https:\/\/schema.org","@graph":[{"@type":"WebPage","@id":"https:\/\/valika.eu\/fi\/toode\/claresa-top-no-wipe-ice-disco-5g\/","url":"https:\/\/valika.eu\/fi\/toode\/claresa-top-no-wipe-ice-disco-5g\/","name":"l\u00e4pin\u00e4kyv\u00e4 p\u00e4\u00e4llyslakka CLARESA TOP NO WIPE ICE DISCO 5G | Valika","isPartOf":{"@id":"https:\/\/valika.eu\/fi\/#website"},"primaryImageOfPage":{"@id":"https:\/\/valika.eu\/fi\/toode\/claresa-top-no-wipe-ice-disco-5g\/#primaryimage"},"image":{"@id":"https:\/\/valika.eu\/toode\/claresa-top-no-wipe-ice-disco-5g\/#primaryimage"},"thumbnailUrl":"https:\/\/valika.eu\/wp-content\/uploads\/2025\/11\/claresa-top-no-wipe-ice-disco.webp","datePublished":"2025-11-06T13:40:23+00:00","dateModified":"2026-03-31T07:30:18+00:00","breadcrumb":{"@id":"https:\/\/valika.eu\/fi\/toode\/claresa-top-no-wipe-ice-disco-5g\/#breadcrumb"},"inLanguage":"fi","potentialAction":[{"@type":"ReadAction","target":[["https:\/\/valika.eu\/fi\/toode\/claresa-top-no-wipe-ice-disco-5g\/"]]}]},{"@type":"ImageObject","inLanguage":"fi","@id":"https:\/\/valika.eu\/fi\/toode\/claresa-top-no-wipe-ice-disco-5g\/#primaryimage","url":"https:\/\/valika.eu\/wp-content\/uploads\/2025\/11\/claresa-top-no-wipe-ice-disco.webp","contentUrl":"https:\/\/valika.eu\/wp-content\/uploads\/2025\/11\/claresa-top-no-wipe-ice-disco.webp","width":1500,"height":1500},{"@type":"BreadcrumbList","@id":"https:\/\/valika.eu\/fi\/toode\/claresa-top-no-wipe-ice-disco-5g\/#breadcrumb","itemListElement":[{"@type":"ListItem","position":1,"name":"Koti","item":"https:\/\/valika.eu\/fi\/"},{"@type":"ListItem","position":2,"name":"Shop","item":"https:\/\/valika.eu\/fi\/"},{"@type":"ListItem","position":3,"name":"CLARESA TOP NO WIPE ICE DISCO 5G"}]},{"@type":"WebSite","@id":"https:\/\/valika.eu\/fi\/#website","url":"https:\/\/valika.eu\/fi\/","name":"Valika.eu","description":"Salonkituotteet ja kauneudenhoitotuotteet - Valika tarjoaa laajan valikoiman tuotteita ja tarvikkeita kynsiteknikoille, kauneushoitoloille, kampaamoille ja kampaamoille.","publisher":{"@id":"https:\/\/valika.eu\/fi\/#organization"},"alternateName":"Valika","potentialAction":[{"@type":"SearchAction","target":{"@type":"EntryPoint","urlTemplate":"https:\/\/valika.eu\/fi\/?s={search_term_string}"},"query-input":{"@type":"PropertyValueSpecification","valueRequired":true,"valueName":"search_term_string"}}],"inLanguage":"fi"},{"@type":"Organization","@id":"https:\/\/valika.eu\/fi\/#organization","name":"Salongitoode O\u00dc","alternateName":"Valika","url":"https:\/\/valika.eu\/fi\/","logo":{"@type":"ImageObject","inLanguage":"fi","@id":"https:\/\/valika.eu\/fi\/#\/schema\/logo\/image\/","url":"https:\/\/valika.eu\/wp-content\/uploads\/2023\/11\/logo2-valika-footer.png","contentUrl":"https:\/\/valika.eu\/wp-content\/uploads\/2023\/11\/logo2-valika-footer.png","width":200,"height":129,"caption":"Salongitoode O\u00dc"},"image":{"@id":"https:\/\/valika.eu\/fi\/#\/schema\/logo\/image\/"},"sameAs":["https:\/\/www.facebook.com\/tipsi.net"]}]}},"jetpack_sharing_enabled":true,"_links":{"self":[{"href":"https:\/\/valika.eu\/fi\/wp-json\/wp\/v2\/product\/17449","targetHints":{"allow":["GET"]}}],"collection":[{"href":"https:\/\/valika.eu\/fi\/wp-json\/wp\/v2\/product"}],"about":[{"href":"https:\/\/valika.eu\/fi\/wp-json\/wp\/v2\/types\/product"}],"wp:featuredmedia":[{"embeddable":true,"href":"https:\/\/valika.eu\/fi\/wp-json\/wp\/v2\/media\/17455"}],"wp:attachment":[{"href":"https:\/\/valika.eu\/fi\/wp-json\/wp\/v2\/media?parent=17449"}],"wp:term":[{"taxonomy":"product_brand","embeddable":true,"href":"https:\/\/valika.eu\/fi\/wp-json\/wp\/v2\/product_brand?post=17449"},{"taxonomy":"product_cat","embeddable":true,"href":"https:\/\/valika.eu\/fi\/wp-json\/wp\/v2\/product_cat?post=17449"},{"taxonomy":"product_tag","embeddable":true,"href":"https:\/\/valika.eu\/fi\/wp-json\/wp\/v2\/product_tag?post=17449"}],"curies":[{"name":"wp","href":"https:\/\/api.w.org\/{rel}","templated":true}]}}