{"id":17511,"date":"2025-11-11T13:01:54","date_gmt":"2025-11-11T11:01:54","guid":{"rendered":"https:\/\/valika.eu\/?post_type=product&#038;p=17511"},"modified":"2026-03-18T13:20:05","modified_gmt":"2026-03-18T11:20:05","slug":"claresa-poli-base-5g","status":"publish","type":"product","link":"https:\/\/valika.eu\/fi\/toode\/claresa-poli-base-5g\/","title":{"rendered":"Claresa POLI BASE 5g"},"content":{"rendered":"<p>POLI BASE on innovatiivinen hybridipohja, joka on rikastettu akryylijauheella. Se parantaa sen kovettumisominaisuuksia ja varmistaa muotoilun poikkeuksellisen kest\u00e4vyyden. T\u00e4m\u00e4 tekee kynsist\u00e4 kest\u00e4v\u00e4mpi\u00e4 vaurioita vastaan \u200b\u200bja manikyyri kest\u00e4\u00e4 entist\u00e4 pidemp\u00e4\u00e4n.<\/p>\n<p>Sen hapoton koostumus tekee siit\u00e4 hell\u00e4varaisen luonnolliselle kynsilevylle. Paksu koostumus helpottaa levitt\u00e4mist\u00e4 ja mahdollistaa kynsien pident\u00e4misen ja pident\u00e4misen, antaen niille t\u00e4ydellisen muodon.<\/p>\n<p>POLI BASE on monipuolinen tuote \u2013 se on yhteensopiva Claresin geelikynsilakan, geelien ja akryyligeelien kanssa, joten se on erinomainen valinta sek\u00e4 jokap\u00e4iv\u00e4iseen muotoiluun ett\u00e4 edistyneisiin manikyyritekniikoihin. Se toimii t\u00e4ydellisesti kaikille kynsityypeille, ohuista ja heikentyneist\u00e4 kynsist\u00e4, jotka vaativat lis\u00e4kovetusta, koviin kynsiin, jotka vaativat erinomaista tarttuvuutta.<\/p>\n<p>Rikastettu akryylijauheella &#8211; lis\u00e4\u00e4ntynyt kest\u00e4vyys ja vaurioidenkest\u00e4vyys<br \/>\nHappoton koostumus &#8211; hell\u00e4varainen kynsilevylle<br \/>\nPaksu koostumus &#8211; ihanteellinen kynsien rakentamiseen ja pidennyksiin<br \/>\nMonik\u00e4ytt\u00f6inen: yhteensopiva Claresin hybridilakka-, geeli- ja akryyligeelilakkojen kanssa<br \/>\nSopii kaikille kynsityypeille<br \/>\nPitk\u00e4kestoinen vaikutus<br \/>\nTilavuus: 5G<\/p>\n<p>K\u00c4YTT\u00d6OHJEET<\/p>\n<p>Levit\u00e4 ohut kerros pohjalakkaa valmistellulle, rasvattomalle kynnelle ja levit\u00e4 tuote. Koveta sitten lampussa. Voit levitt\u00e4\u00e4 hapotonta pohjustusvoidetta pohjalakan alle.<\/p>\n<p>KOVETUSAIKA \u2013 v\u00e4hint\u00e4\u00e4n 60 sekuntia.<\/p>","protected":false},"excerpt":{"rendered":"<p>POLI BASE on innovatiivinen hybridipohja, joka on rikastettu akryylijauheella. Se parantaa sen kovettumisominaisuuksia ja varmistaa muotoilun poikkeuksellisen kest\u00e4vyyden. T\u00e4m\u00e4 tekee<\/p>\n","protected":false},"featured_media":17512,"template":"","meta":[],"product_brand":[],"product_cat":[37],"product_tag":[],"class_list":{"0":"post-17511","1":"product","2":"type-product","3":"status-publish","4":"has-post-thumbnail","6":"product_cat-alusgeelid","8":"first","9":"instock","10":"taxable","11":"shipping-taxable","12":"purchasable","13":"product-type-simple"},"yoast_head":"<!-- This site is optimized with the Yoast SEO plugin v24.4 - https:\/\/yoast.com\/wordpress\/plugins\/seo\/ -->\n<title>Claresa POLI BASE 5g | Valika<\/title>\n<meta name=\"robots\" content=\"index, follow, max-snippet:-1, max-image-preview:large, max-video-preview:-1\" \/>\n<link rel=\"canonical\" href=\"https:\/\/valika.eu\/fi\/toode\/claresa-poli-base-5g\/\" \/>\n<meta property=\"og:locale\" content=\"fi_FI\" \/>\n<meta property=\"og:type\" content=\"article\" \/>\n<meta property=\"og:title\" content=\"Claresa POLI BASE 5g | Valika\" \/>\n<meta property=\"og:description\" content=\"POLI BASE on innovatiivinen hybridipohja, joka on rikastettu akryylijauheella. Se parantaa sen kovettumisominaisuuksia ja varmistaa muotoilun poikkeuksellisen kest\u00e4vyyden. T\u00e4m\u00e4 tekee\" \/>\n<meta property=\"og:url\" content=\"https:\/\/valika.eu\/fi\/toode\/claresa-poli-base-5g\/\" \/>\n<meta property=\"og:site_name\" content=\"Valika\" \/>\n<meta property=\"article:publisher\" content=\"https:\/\/www.facebook.com\/tipsi.net\" \/>\n<meta property=\"article:modified_time\" content=\"2026-03-18T11:20:05+00:00\" \/>\n<meta property=\"og:image\" content=\"https:\/\/valika.eu\/wp-content\/uploads\/2025\/11\/base-poli.webp\" \/>\n\t<meta property=\"og:image:width\" content=\"1200\" \/>\n\t<meta property=\"og:image:height\" content=\"1200\" \/>\n\t<meta property=\"og:image:type\" content=\"image\/webp\" \/>\n<meta name=\"twitter:card\" content=\"summary_large_image\" \/>\n<script type=\"application\/ld+json\" class=\"yoast-schema-graph\">{\"@context\":\"https:\/\/schema.org\",\"@graph\":[{\"@type\":\"WebPage\",\"@id\":\"https:\/\/valika.eu\/fi\/toode\/claresa-poli-base-5g\/\",\"url\":\"https:\/\/valika.eu\/fi\/toode\/claresa-poli-base-5g\/\",\"name\":\"Claresa POLI BASE 5g | Valika\",\"isPartOf\":{\"@id\":\"https:\/\/valika.eu\/fi\/#website\"},\"primaryImageOfPage\":{\"@id\":\"https:\/\/valika.eu\/fi\/toode\/claresa-poli-base-5g\/#primaryimage\"},\"image\":{\"@id\":\"https:\/\/valika.eu\/toode\/claresa-poli-base-5g\/#primaryimage\"},\"thumbnailUrl\":\"https:\/\/valika.eu\/wp-content\/uploads\/2025\/11\/base-poli.webp\",\"datePublished\":\"2025-11-11T11:01:54+00:00\",\"dateModified\":\"2026-03-18T11:20:05+00:00\",\"breadcrumb\":{\"@id\":\"https:\/\/valika.eu\/fi\/toode\/claresa-poli-base-5g\/#breadcrumb\"},\"inLanguage\":\"fi\",\"potentialAction\":[{\"@type\":\"ReadAction\",\"target\":[[\"https:\/\/valika.eu\/fi\/toode\/claresa-poli-base-5g\/\"]]}]},{\"@type\":\"ImageObject\",\"inLanguage\":\"fi\",\"@id\":\"https:\/\/valika.eu\/fi\/toode\/claresa-poli-base-5g\/#primaryimage\",\"url\":\"https:\/\/valika.eu\/wp-content\/uploads\/2025\/11\/base-poli.webp\",\"contentUrl\":\"https:\/\/valika.eu\/wp-content\/uploads\/2025\/11\/base-poli.webp\",\"width\":1200,\"height\":1200},{\"@type\":\"BreadcrumbList\",\"@id\":\"https:\/\/valika.eu\/fi\/toode\/claresa-poli-base-5g\/#breadcrumb\",\"itemListElement\":[{\"@type\":\"ListItem\",\"position\":1,\"name\":\"Koti\",\"item\":\"https:\/\/valika.eu\/fi\/\"},{\"@type\":\"ListItem\",\"position\":2,\"name\":\"Shop\",\"item\":\"https:\/\/valika.eu\/fi\/\"},{\"@type\":\"ListItem\",\"position\":3,\"name\":\"Claresa POLI BASE 5g\"}]},{\"@type\":\"WebSite\",\"@id\":\"https:\/\/valika.eu\/fi\/#website\",\"url\":\"https:\/\/valika.eu\/fi\/\",\"name\":\"Valika.eu\",\"description\":\"Salonkituotteet ja kauneudenhoitotuotteet - Valika tarjoaa laajan valikoiman tuotteita ja tarvikkeita kynsiteknikoille, kauneushoitoloille, kampaamoille ja kampaamoille.\",\"publisher\":{\"@id\":\"https:\/\/valika.eu\/fi\/#organization\"},\"alternateName\":\"Valika\",\"potentialAction\":[{\"@type\":\"SearchAction\",\"target\":{\"@type\":\"EntryPoint\",\"urlTemplate\":\"https:\/\/valika.eu\/fi\/?s={search_term_string}\"},\"query-input\":{\"@type\":\"PropertyValueSpecification\",\"valueRequired\":true,\"valueName\":\"search_term_string\"}}],\"inLanguage\":\"fi\"},{\"@type\":\"Organization\",\"@id\":\"https:\/\/valika.eu\/fi\/#organization\",\"name\":\"Salongitoode O\u00dc\",\"alternateName\":\"Valika\",\"url\":\"https:\/\/valika.eu\/fi\/\",\"logo\":{\"@type\":\"ImageObject\",\"inLanguage\":\"fi\",\"@id\":\"https:\/\/valika.eu\/fi\/#\/schema\/logo\/image\/\",\"url\":\"https:\/\/valika.eu\/wp-content\/uploads\/2023\/11\/logo2-valika-footer.png\",\"contentUrl\":\"https:\/\/valika.eu\/wp-content\/uploads\/2023\/11\/logo2-valika-footer.png\",\"width\":200,\"height\":129,\"caption\":\"Salongitoode O\u00dc\"},\"image\":{\"@id\":\"https:\/\/valika.eu\/fi\/#\/schema\/logo\/image\/\"},\"sameAs\":[\"https:\/\/www.facebook.com\/tipsi.net\"]}]}<\/script>\n<!-- \/ Yoast SEO plugin. -->","yoast_head_json":{"title":"Claresa POLI BASE 5g | Valika","robots":{"index":"index","follow":"follow","max-snippet":"max-snippet:-1","max-image-preview":"max-image-preview:large","max-video-preview":"max-video-preview:-1"},"canonical":"https:\/\/valika.eu\/fi\/toode\/claresa-poli-base-5g\/","og_locale":"fi_FI","og_type":"article","og_title":"Claresa POLI BASE 5g | Valika","og_description":"POLI BASE on innovatiivinen hybridipohja, joka on rikastettu akryylijauheella. Se parantaa sen kovettumisominaisuuksia ja varmistaa muotoilun poikkeuksellisen kest\u00e4vyyden. T\u00e4m\u00e4 tekee","og_url":"https:\/\/valika.eu\/fi\/toode\/claresa-poli-base-5g\/","og_site_name":"Valika","article_publisher":"https:\/\/www.facebook.com\/tipsi.net","article_modified_time":"2026-03-18T11:20:05+00:00","og_image":[{"width":1200,"height":1200,"url":"https:\/\/valika.eu\/wp-content\/uploads\/2025\/11\/base-poli.webp","type":"image\/webp"}],"twitter_card":"summary_large_image","schema":{"@context":"https:\/\/schema.org","@graph":[{"@type":"WebPage","@id":"https:\/\/valika.eu\/fi\/toode\/claresa-poli-base-5g\/","url":"https:\/\/valika.eu\/fi\/toode\/claresa-poli-base-5g\/","name":"Claresa POLI BASE 5g | Valika","isPartOf":{"@id":"https:\/\/valika.eu\/fi\/#website"},"primaryImageOfPage":{"@id":"https:\/\/valika.eu\/fi\/toode\/claresa-poli-base-5g\/#primaryimage"},"image":{"@id":"https:\/\/valika.eu\/toode\/claresa-poli-base-5g\/#primaryimage"},"thumbnailUrl":"https:\/\/valika.eu\/wp-content\/uploads\/2025\/11\/base-poli.webp","datePublished":"2025-11-11T11:01:54+00:00","dateModified":"2026-03-18T11:20:05+00:00","breadcrumb":{"@id":"https:\/\/valika.eu\/fi\/toode\/claresa-poli-base-5g\/#breadcrumb"},"inLanguage":"fi","potentialAction":[{"@type":"ReadAction","target":[["https:\/\/valika.eu\/fi\/toode\/claresa-poli-base-5g\/"]]}]},{"@type":"ImageObject","inLanguage":"fi","@id":"https:\/\/valika.eu\/fi\/toode\/claresa-poli-base-5g\/#primaryimage","url":"https:\/\/valika.eu\/wp-content\/uploads\/2025\/11\/base-poli.webp","contentUrl":"https:\/\/valika.eu\/wp-content\/uploads\/2025\/11\/base-poli.webp","width":1200,"height":1200},{"@type":"BreadcrumbList","@id":"https:\/\/valika.eu\/fi\/toode\/claresa-poli-base-5g\/#breadcrumb","itemListElement":[{"@type":"ListItem","position":1,"name":"Koti","item":"https:\/\/valika.eu\/fi\/"},{"@type":"ListItem","position":2,"name":"Shop","item":"https:\/\/valika.eu\/fi\/"},{"@type":"ListItem","position":3,"name":"Claresa POLI BASE 5g"}]},{"@type":"WebSite","@id":"https:\/\/valika.eu\/fi\/#website","url":"https:\/\/valika.eu\/fi\/","name":"Valika.eu","description":"Salonkituotteet ja kauneudenhoitotuotteet - Valika tarjoaa laajan valikoiman tuotteita ja tarvikkeita kynsiteknikoille, kauneushoitoloille, kampaamoille ja kampaamoille.","publisher":{"@id":"https:\/\/valika.eu\/fi\/#organization"},"alternateName":"Valika","potentialAction":[{"@type":"SearchAction","target":{"@type":"EntryPoint","urlTemplate":"https:\/\/valika.eu\/fi\/?s={search_term_string}"},"query-input":{"@type":"PropertyValueSpecification","valueRequired":true,"valueName":"search_term_string"}}],"inLanguage":"fi"},{"@type":"Organization","@id":"https:\/\/valika.eu\/fi\/#organization","name":"Salongitoode O\u00dc","alternateName":"Valika","url":"https:\/\/valika.eu\/fi\/","logo":{"@type":"ImageObject","inLanguage":"fi","@id":"https:\/\/valika.eu\/fi\/#\/schema\/logo\/image\/","url":"https:\/\/valika.eu\/wp-content\/uploads\/2023\/11\/logo2-valika-footer.png","contentUrl":"https:\/\/valika.eu\/wp-content\/uploads\/2023\/11\/logo2-valika-footer.png","width":200,"height":129,"caption":"Salongitoode O\u00dc"},"image":{"@id":"https:\/\/valika.eu\/fi\/#\/schema\/logo\/image\/"},"sameAs":["https:\/\/www.facebook.com\/tipsi.net"]}]}},"jetpack_sharing_enabled":true,"_links":{"self":[{"href":"https:\/\/valika.eu\/fi\/wp-json\/wp\/v2\/product\/17511","targetHints":{"allow":["GET"]}}],"collection":[{"href":"https:\/\/valika.eu\/fi\/wp-json\/wp\/v2\/product"}],"about":[{"href":"https:\/\/valika.eu\/fi\/wp-json\/wp\/v2\/types\/product"}],"wp:featuredmedia":[{"embeddable":true,"href":"https:\/\/valika.eu\/fi\/wp-json\/wp\/v2\/media\/17512"}],"wp:attachment":[{"href":"https:\/\/valika.eu\/fi\/wp-json\/wp\/v2\/media?parent=17511"}],"wp:term":[{"taxonomy":"product_brand","embeddable":true,"href":"https:\/\/valika.eu\/fi\/wp-json\/wp\/v2\/product_brand?post=17511"},{"taxonomy":"product_cat","embeddable":true,"href":"https:\/\/valika.eu\/fi\/wp-json\/wp\/v2\/product_cat?post=17511"},{"taxonomy":"product_tag","embeddable":true,"href":"https:\/\/valika.eu\/fi\/wp-json\/wp\/v2\/product_tag?post=17511"}],"curies":[{"name":"wp","href":"https:\/\/api.w.org\/{rel}","templated":true}]}}