{"id":17552,"date":"2025-11-13T12:54:59","date_gmt":"2025-11-13T10:54:59","guid":{"rendered":"https:\/\/valika.eu\/?post_type=product&#038;p=17552"},"modified":"2026-03-25T13:06:17","modified_gmt":"2026-03-25T11:06:17","slug":"palu-cuticle-and-nail-oil-spicy-orange-15ml","status":"publish","type":"product","link":"https:\/\/valika.eu\/fi\/toode\/palu-cuticle-and-nail-oil-spicy-orange-15ml\/","title":{"rendered":"PALU CUTICLE AND NAIL OIL SPICY ORANGE 15ML"},"content":{"rendered":"<p>K\u00c4\u00c4RIYTY TALVEN MAUSTEIDEN TUOKSUUN!<\/p>\n<p>T\u00e4m\u00e4 kynsinauha\u00f6ljyjen ja k\u00e4sivoiteiden sarja on saanut inspiraationsa syksyn ja talven aromeista. Mausteinen appelsiini ja chai-tee kietovat ihon mausteisten vivahteiden l\u00e4mp\u00f6\u00f6n, kun taas t\u00e4ytel\u00e4iset koostumukset ravitsevat, uudistavat ja kosteuttavat kynsinauhoja ja k\u00e4si\u00e4 tehokkaasti. T\u00e4m\u00e4 hoito rauhoittaa k\u00e4si\u00e4 ja aisteja.<\/p>\n<p>MAUSTEAPPELSIINI on energisoiva, l\u00e4mmin koostumus, jossa mehukas appelsiini yhdistyy kanelin ja neilikan mausteisiin vivahteisiin. Tuoksu on intensiivinen, kiehtova ja t\u00e4ynn\u00e4 miellytt\u00e4v\u00e4\u00e4 l\u00e4mp\u00f6\u00e4 \u2013 t\u00e4ydellinen l\u00e4mmitt\u00e4vien sitrushedelmien yst\u00e4ville.<\/p>\n<p>Palun kynsinauha\u00f6ljyt on luotu kaikille, jotka haaveilevat kauniista ja hyvin hoidetuista k\u00e4sist\u00e4. Makean mantelin ja persikanjyv\u00e4\u00f6ljyill\u00e4 rikastettu koostumus kosteuttaa ja rauhoittaa ihoa samalla s\u00e4ilytt\u00e4en ihon kimmoisuuden ja imeytyen helposti. N\u00e4m\u00e4 k\u00e4tev\u00e4ss\u00e4 pipetiss\u00e4 olevat \u00f6ljyt sopivat t\u00e4ydellisesti paitsi kampaamollesi viimeistelyksi mihin tahansa tyyliin, my\u00f6s meikkip\u00f6yd\u00e4llesi tai meikkipussiin. Joten voit hoitaa k\u00e4si\u00e4si my\u00f6s liikkeell\u00e4 ollessasi.<\/p>\n<p>T\u00e4rkeimm\u00e4t ominaisuudet:<\/p>\n<p>est\u00e4v\u00e4t ihon kuivumista<br \/>\nparantavat kynsinauhojen ulkon\u00e4k\u00f6\u00e4 ja kuntoa<br \/>\nkosteuttavat ja pehment\u00e4v\u00e4t kynsinauhoja<br \/>\nmanteli- ja persikanjyv\u00e4\u00f6ljyt ravitsevat ja antavat kimmoisuutta<br \/>\nimeytyv\u00e4t helposti<\/p>\n<p>K\u00e4ytt\u00f6: Levit\u00e4 puhtaille kynsinauhoille kynsien ymp\u00e4rille ja hiero, kunnes imeytyy.<\/p>","protected":false},"excerpt":{"rendered":"<p>K\u00c4\u00c4RIYTY TALVEN MAUSTEIDEN TUOKSUUN! T\u00e4m\u00e4 kynsinauha\u00f6ljyjen ja k\u00e4sivoiteiden sarja on saanut inspiraationsa syksyn ja talven aromeista. Mausteinen appelsiini ja chai-tee<\/p>\n","protected":false},"featured_media":17551,"template":"","meta":[],"product_brand":[],"product_cat":[596],"product_tag":[],"class_list":{"0":"post-17552","1":"product","2":"type-product","3":"status-publish","4":"has-post-thumbnail","6":"product_cat-kuunenahaoli","8":"first","9":"outofstock","10":"taxable","11":"shipping-taxable","12":"purchasable","13":"product-type-simple"},"yoast_head":"<!-- This site is optimized with the Yoast SEO plugin v24.4 - https:\/\/yoast.com\/wordpress\/plugins\/seo\/ -->\n<title>PALU CUTICLE AND NAIL OIL SPICY ORANGE 15ML | Valika<\/title>\n<meta name=\"robots\" content=\"index, follow, max-snippet:-1, max-image-preview:large, max-video-preview:-1\" \/>\n<link rel=\"canonical\" href=\"https:\/\/valika.eu\/fi\/toode\/palu-cuticle-and-nail-oil-spicy-orange-15ml\/\" \/>\n<meta property=\"og:locale\" content=\"fi_FI\" \/>\n<meta property=\"og:type\" content=\"article\" \/>\n<meta property=\"og:title\" content=\"PALU CUTICLE AND NAIL OIL SPICY ORANGE 15ML | Valika\" \/>\n<meta property=\"og:description\" content=\"K\u00c4\u00c4RIYTY TALVEN MAUSTEIDEN TUOKSUUN! T\u00e4m\u00e4 kynsinauha\u00f6ljyjen ja k\u00e4sivoiteiden sarja on saanut inspiraationsa syksyn ja talven aromeista. Mausteinen appelsiini ja chai-tee\" \/>\n<meta property=\"og:url\" content=\"https:\/\/valika.eu\/fi\/toode\/palu-cuticle-and-nail-oil-spicy-orange-15ml\/\" \/>\n<meta property=\"og:site_name\" content=\"Valika\" \/>\n<meta property=\"article:publisher\" content=\"https:\/\/www.facebook.com\/tipsi.net\" \/>\n<meta property=\"article:modified_time\" content=\"2026-03-25T11:06:17+00:00\" \/>\n<meta property=\"og:image\" content=\"https:\/\/valika.eu\/wp-content\/uploads\/2025\/11\/spiced-orange.webp\" \/>\n\t<meta property=\"og:image:width\" content=\"1500\" \/>\n\t<meta property=\"og:image:height\" content=\"1500\" \/>\n\t<meta property=\"og:image:type\" content=\"image\/webp\" \/>\n<meta name=\"twitter:card\" content=\"summary_large_image\" \/>\n<script type=\"application\/ld+json\" class=\"yoast-schema-graph\">{\"@context\":\"https:\/\/schema.org\",\"@graph\":[{\"@type\":\"WebPage\",\"@id\":\"https:\/\/valika.eu\/fi\/toode\/palu-cuticle-and-nail-oil-spicy-orange-15ml\/\",\"url\":\"https:\/\/valika.eu\/fi\/toode\/palu-cuticle-and-nail-oil-spicy-orange-15ml\/\",\"name\":\"PALU CUTICLE AND NAIL OIL SPICY ORANGE 15ML | Valika\",\"isPartOf\":{\"@id\":\"https:\/\/valika.eu\/fi\/#website\"},\"primaryImageOfPage\":{\"@id\":\"https:\/\/valika.eu\/fi\/toode\/palu-cuticle-and-nail-oil-spicy-orange-15ml\/#primaryimage\"},\"image\":{\"@id\":\"https:\/\/valika.eu\/toode\/palu-cuticle-and-nail-oil-spicy-orange-15ml\/#primaryimage\"},\"thumbnailUrl\":\"https:\/\/valika.eu\/wp-content\/uploads\/2025\/11\/spiced-orange.webp\",\"datePublished\":\"2025-11-13T10:54:59+00:00\",\"dateModified\":\"2026-03-25T11:06:17+00:00\",\"breadcrumb\":{\"@id\":\"https:\/\/valika.eu\/fi\/toode\/palu-cuticle-and-nail-oil-spicy-orange-15ml\/#breadcrumb\"},\"inLanguage\":\"fi\",\"potentialAction\":[{\"@type\":\"ReadAction\",\"target\":[[\"https:\/\/valika.eu\/fi\/toode\/palu-cuticle-and-nail-oil-spicy-orange-15ml\/\"]]}]},{\"@type\":\"ImageObject\",\"inLanguage\":\"fi\",\"@id\":\"https:\/\/valika.eu\/fi\/toode\/palu-cuticle-and-nail-oil-spicy-orange-15ml\/#primaryimage\",\"url\":\"https:\/\/valika.eu\/wp-content\/uploads\/2025\/11\/spiced-orange.webp\",\"contentUrl\":\"https:\/\/valika.eu\/wp-content\/uploads\/2025\/11\/spiced-orange.webp\",\"width\":1500,\"height\":1500},{\"@type\":\"BreadcrumbList\",\"@id\":\"https:\/\/valika.eu\/fi\/toode\/palu-cuticle-and-nail-oil-spicy-orange-15ml\/#breadcrumb\",\"itemListElement\":[{\"@type\":\"ListItem\",\"position\":1,\"name\":\"Koti\",\"item\":\"https:\/\/valika.eu\/fi\/\"},{\"@type\":\"ListItem\",\"position\":2,\"name\":\"Shop\",\"item\":\"https:\/\/valika.eu\/fi\/\"},{\"@type\":\"ListItem\",\"position\":3,\"name\":\"PALU CUTICLE AND NAIL OIL SPICY ORANGE 15ML\"}]},{\"@type\":\"WebSite\",\"@id\":\"https:\/\/valika.eu\/fi\/#website\",\"url\":\"https:\/\/valika.eu\/fi\/\",\"name\":\"Valika.eu\",\"description\":\"Salonkituotteet ja kauneudenhoitotuotteet - Valika tarjoaa laajan valikoiman tuotteita ja tarvikkeita kynsiteknikoille, kauneushoitoloille, kampaamoille ja kampaamoille.\",\"publisher\":{\"@id\":\"https:\/\/valika.eu\/fi\/#organization\"},\"alternateName\":\"Valika\",\"potentialAction\":[{\"@type\":\"SearchAction\",\"target\":{\"@type\":\"EntryPoint\",\"urlTemplate\":\"https:\/\/valika.eu\/fi\/?s={search_term_string}\"},\"query-input\":{\"@type\":\"PropertyValueSpecification\",\"valueRequired\":true,\"valueName\":\"search_term_string\"}}],\"inLanguage\":\"fi\"},{\"@type\":\"Organization\",\"@id\":\"https:\/\/valika.eu\/fi\/#organization\",\"name\":\"Salongitoode O\u00dc\",\"alternateName\":\"Valika\",\"url\":\"https:\/\/valika.eu\/fi\/\",\"logo\":{\"@type\":\"ImageObject\",\"inLanguage\":\"fi\",\"@id\":\"https:\/\/valika.eu\/fi\/#\/schema\/logo\/image\/\",\"url\":\"https:\/\/valika.eu\/wp-content\/uploads\/2023\/11\/logo2-valika-footer.png\",\"contentUrl\":\"https:\/\/valika.eu\/wp-content\/uploads\/2023\/11\/logo2-valika-footer.png\",\"width\":200,\"height\":129,\"caption\":\"Salongitoode O\u00dc\"},\"image\":{\"@id\":\"https:\/\/valika.eu\/fi\/#\/schema\/logo\/image\/\"},\"sameAs\":[\"https:\/\/www.facebook.com\/tipsi.net\"]}]}<\/script>\n<!-- \/ Yoast SEO plugin. -->","yoast_head_json":{"title":"PALU CUTICLE AND NAIL OIL SPICY ORANGE 15ML | Valika","robots":{"index":"index","follow":"follow","max-snippet":"max-snippet:-1","max-image-preview":"max-image-preview:large","max-video-preview":"max-video-preview:-1"},"canonical":"https:\/\/valika.eu\/fi\/toode\/palu-cuticle-and-nail-oil-spicy-orange-15ml\/","og_locale":"fi_FI","og_type":"article","og_title":"PALU CUTICLE AND NAIL OIL SPICY ORANGE 15ML | Valika","og_description":"K\u00c4\u00c4RIYTY TALVEN MAUSTEIDEN TUOKSUUN! T\u00e4m\u00e4 kynsinauha\u00f6ljyjen ja k\u00e4sivoiteiden sarja on saanut inspiraationsa syksyn ja talven aromeista. Mausteinen appelsiini ja chai-tee","og_url":"https:\/\/valika.eu\/fi\/toode\/palu-cuticle-and-nail-oil-spicy-orange-15ml\/","og_site_name":"Valika","article_publisher":"https:\/\/www.facebook.com\/tipsi.net","article_modified_time":"2026-03-25T11:06:17+00:00","og_image":[{"width":1500,"height":1500,"url":"https:\/\/valika.eu\/wp-content\/uploads\/2025\/11\/spiced-orange.webp","type":"image\/webp"}],"twitter_card":"summary_large_image","schema":{"@context":"https:\/\/schema.org","@graph":[{"@type":"WebPage","@id":"https:\/\/valika.eu\/fi\/toode\/palu-cuticle-and-nail-oil-spicy-orange-15ml\/","url":"https:\/\/valika.eu\/fi\/toode\/palu-cuticle-and-nail-oil-spicy-orange-15ml\/","name":"PALU CUTICLE AND NAIL OIL SPICY ORANGE 15ML | Valika","isPartOf":{"@id":"https:\/\/valika.eu\/fi\/#website"},"primaryImageOfPage":{"@id":"https:\/\/valika.eu\/fi\/toode\/palu-cuticle-and-nail-oil-spicy-orange-15ml\/#primaryimage"},"image":{"@id":"https:\/\/valika.eu\/toode\/palu-cuticle-and-nail-oil-spicy-orange-15ml\/#primaryimage"},"thumbnailUrl":"https:\/\/valika.eu\/wp-content\/uploads\/2025\/11\/spiced-orange.webp","datePublished":"2025-11-13T10:54:59+00:00","dateModified":"2026-03-25T11:06:17+00:00","breadcrumb":{"@id":"https:\/\/valika.eu\/fi\/toode\/palu-cuticle-and-nail-oil-spicy-orange-15ml\/#breadcrumb"},"inLanguage":"fi","potentialAction":[{"@type":"ReadAction","target":[["https:\/\/valika.eu\/fi\/toode\/palu-cuticle-and-nail-oil-spicy-orange-15ml\/"]]}]},{"@type":"ImageObject","inLanguage":"fi","@id":"https:\/\/valika.eu\/fi\/toode\/palu-cuticle-and-nail-oil-spicy-orange-15ml\/#primaryimage","url":"https:\/\/valika.eu\/wp-content\/uploads\/2025\/11\/spiced-orange.webp","contentUrl":"https:\/\/valika.eu\/wp-content\/uploads\/2025\/11\/spiced-orange.webp","width":1500,"height":1500},{"@type":"BreadcrumbList","@id":"https:\/\/valika.eu\/fi\/toode\/palu-cuticle-and-nail-oil-spicy-orange-15ml\/#breadcrumb","itemListElement":[{"@type":"ListItem","position":1,"name":"Koti","item":"https:\/\/valika.eu\/fi\/"},{"@type":"ListItem","position":2,"name":"Shop","item":"https:\/\/valika.eu\/fi\/"},{"@type":"ListItem","position":3,"name":"PALU CUTICLE AND NAIL OIL SPICY ORANGE 15ML"}]},{"@type":"WebSite","@id":"https:\/\/valika.eu\/fi\/#website","url":"https:\/\/valika.eu\/fi\/","name":"Valika.eu","description":"Salonkituotteet ja kauneudenhoitotuotteet - Valika tarjoaa laajan valikoiman tuotteita ja tarvikkeita kynsiteknikoille, kauneushoitoloille, kampaamoille ja kampaamoille.","publisher":{"@id":"https:\/\/valika.eu\/fi\/#organization"},"alternateName":"Valika","potentialAction":[{"@type":"SearchAction","target":{"@type":"EntryPoint","urlTemplate":"https:\/\/valika.eu\/fi\/?s={search_term_string}"},"query-input":{"@type":"PropertyValueSpecification","valueRequired":true,"valueName":"search_term_string"}}],"inLanguage":"fi"},{"@type":"Organization","@id":"https:\/\/valika.eu\/fi\/#organization","name":"Salongitoode O\u00dc","alternateName":"Valika","url":"https:\/\/valika.eu\/fi\/","logo":{"@type":"ImageObject","inLanguage":"fi","@id":"https:\/\/valika.eu\/fi\/#\/schema\/logo\/image\/","url":"https:\/\/valika.eu\/wp-content\/uploads\/2023\/11\/logo2-valika-footer.png","contentUrl":"https:\/\/valika.eu\/wp-content\/uploads\/2023\/11\/logo2-valika-footer.png","width":200,"height":129,"caption":"Salongitoode O\u00dc"},"image":{"@id":"https:\/\/valika.eu\/fi\/#\/schema\/logo\/image\/"},"sameAs":["https:\/\/www.facebook.com\/tipsi.net"]}]}},"jetpack_sharing_enabled":true,"_links":{"self":[{"href":"https:\/\/valika.eu\/fi\/wp-json\/wp\/v2\/product\/17552","targetHints":{"allow":["GET"]}}],"collection":[{"href":"https:\/\/valika.eu\/fi\/wp-json\/wp\/v2\/product"}],"about":[{"href":"https:\/\/valika.eu\/fi\/wp-json\/wp\/v2\/types\/product"}],"wp:featuredmedia":[{"embeddable":true,"href":"https:\/\/valika.eu\/fi\/wp-json\/wp\/v2\/media\/17551"}],"wp:attachment":[{"href":"https:\/\/valika.eu\/fi\/wp-json\/wp\/v2\/media?parent=17552"}],"wp:term":[{"taxonomy":"product_brand","embeddable":true,"href":"https:\/\/valika.eu\/fi\/wp-json\/wp\/v2\/product_brand?post=17552"},{"taxonomy":"product_cat","embeddable":true,"href":"https:\/\/valika.eu\/fi\/wp-json\/wp\/v2\/product_cat?post=17552"},{"taxonomy":"product_tag","embeddable":true,"href":"https:\/\/valika.eu\/fi\/wp-json\/wp\/v2\/product_tag?post=17552"}],"curies":[{"name":"wp","href":"https:\/\/api.w.org\/{rel}","templated":true}]}}