{"id":17553,"date":"2025-11-13T13:01:26","date_gmt":"2025-11-13T11:01:26","guid":{"rendered":"https:\/\/valika.eu\/?post_type=product&#038;p=17553"},"modified":"2026-03-24T15:35:51","modified_gmt":"2026-03-24T13:35:51","slug":"palu-pro-light-builder-gold-beige-cover-45g","status":"publish","type":"product","link":"https:\/\/valika.eu\/fi\/toode\/palu-pro-light-builder-gold-beige-cover-45g\/","title":{"rendered":"PALU PRO LIGHT BUILDER GOLD BEIGE COVER 45g"},"content":{"rendered":"<p>PRO LIGHT BUILDER GEL on monitoimigeeli, joka on suunniteltu ammattik\u00e4ytt\u00f6\u00f6n salonkik\u00e4ytt\u00f6\u00f6n. Sen erityinen koostumus, joka on kehitetty stylistien kokemuksella, nopeuttaa ja yksinkertaistaa p\u00e4ivitt\u00e4ist\u00e4 ty\u00f6t\u00e4. Tiksotropia yhdistettyn\u00e4 erinomaisiin itsetasoittuviin ominaisuuksiin takaa t\u00e4ydellisen, valumattoman geelin.<\/p>\n<p>PRO LIGHT BUILDER GELill\u00e4 on alhainen polymeroitumisl\u00e4mp\u00f6tila, mik\u00e4 minimoi polttavan tunteen lampussa. Geelill\u00e4 on lineaarinen molekyylirakenne, ja sen t\u00e4ysin tasapainoinen koostumus, viskositeetti ja tiheys takaavat erinomaisen ty\u00f6n laadun. Moderni koostumus on luotu mahdollistamaan &#8220;viilaamaton&#8221; geelitekniikka, suojaamaan pidennetty\u00e4 kynsitunnelia laajenemiselta ja minimoimaan levitysaikaa. Erityisesti suositellaan nopeisiin lis\u00e4yksiin ja muotoilukorjauksiin.<\/p>\n<p>PRO LIGHT BUILDER GEL on geeli, joka yhdist\u00e4\u00e4 pohjan, rakenneaineen ja lakan ominaisuudet. Se sis\u00e4lt\u00e4\u00e4 liimoja, jotka lis\u00e4\u00e4v\u00e4t tarttumista luonnolliseen kynsilevyyn, sek\u00e4 rakenne- ja kiillotusaineita. Optimaalisen tarttuvuuden saavuttamiseksi ohuilla ja ongelmallisilla kynsill\u00e4 kannattaa k\u00e4ytt\u00e4\u00e4 mink\u00e4 tahansa Palu-pohjan lakkaa.<\/p>\n<p>Geelin tarkasti s\u00e4\u00e4detty viskositeetti varmistaa keskipaksun koostumuksen, joka levittyy nopeasti kynnelle. T\u00e4m\u00e4n viskositeetin omaava geeli irtoaa helposti siveltimest\u00e4. Geeli on kest\u00e4v\u00e4, naarmuuntumaton ja sill\u00e4 on korkea, pitk\u00e4kestoinen kiilto.<\/p>\n<p>PRO LIGHT BUILDER GEL on saatavilla huolella valituissa v\u00e4reiss\u00e4:<\/p>\n<p>GOLD BEIGE COVER \u2013 t\u00e4ydellinen beige-s\u00e4vy, sopii erilaisille ihons\u00e4vyille, luotu yhteisty\u00f6ss\u00e4 ohjaaja Kalina Kalinowskan kanssa;<br \/>\nCLEAR \u2013 l\u00e4pin\u00e4kyv\u00e4;<br \/>\nNEUTRAL \u2013 neutraali, luonnolliseen ihonv\u00e4riin sovitettu, peitt\u00e4\u00e4 90 %;<br \/>\nCLASSIC COVER \u2013 klassinen, suosituin peitt\u00e4v\u00e4 geelin v\u00e4ri, peitt\u00e4\u00e4 90 %;<br \/>\nWARM COVER \u2013 l\u00e4mmin peitt\u00e4v\u00e4 s\u00e4vy;<br \/>\nMILKY BROWN \u2013 herkk\u00e4, neutraali ruskea;<br \/>\nFIZZY COVER \u2013 l\u00e4mmin peitt\u00e4v\u00e4 s\u00e4vy kimaltelevalla foliolla;<br \/>\nPOWDER PINK \u2013 eritt\u00e4in naisellinen, hienovarainen pinkki s\u00e4vy, peitt\u00e4\u00e4 90 %;<br \/>\nPRINCESS PINK \u2013 tytt\u00f6m\u00e4inen, vaalea pinkki s\u00e4vy kimaltelevalla helmiefektill\u00e4, peitt\u00e4\u00e4 90 %;<br \/>\nSPARKLING PINK \u2013 viile\u00e4mpi, keskis\u00e4vyinen pinkki hopeanhohtoisella hohteella;<br \/>\nSHINY ROUGE \u2013 poskipuna kimaltelevalla foliolla;<br \/>\nPRETTY SHINE \u2013 luonnollinen s\u00e4vy ruusukullanv\u00e4risill\u00e4 hiutaleilla ja kultaisilla t\u00e4plill\u00e4;<br \/>\nCHARMING COVER \u2013 luonnollinen nude-s\u00e4vy upeilla kultahiukkasilla, peitt\u00e4\u00e4 90 %;<br \/>\nGLOWY BEIGE \u2013 herkk\u00e4 beige kimaltelevalla foliolla;<br \/>\nSOFT WHITE \u2013 herkk\u00e4 maitovalkoinen s\u00e4vy, t\u00e4ydellinen prinsessakynsien muotoiluun, peitt\u00e4\u00e4 90 %;<br \/>\nSOFT PINK \u2013 hienovarainen pinkki, koko paletin vaalein, t\u00e4ydellinen prinsessakynsien muotoiluun, peitt\u00e4\u00e4 90 %.<\/p>\n<p>T\u00e4rkeimm\u00e4t ominaisuudet:<\/p>\n<p>Itsetasoittuva;<br \/>\nTiksotrooppinen;<br \/>\nMonitoiminen;<br \/>\nIntensiivisen kiilt\u00e4v\u00e4, kest\u00e4v\u00e4 ja naarmuuntumaton;<br \/>\nHapoton;<br \/>\nNopeuttaa ja helpottaa ty\u00f6skentely\u00e4;<br \/>\nTiivist\u00e4\u00e4 tunnelin 5\u20138 sekunnin kuluttua UV-LED-lampussa;<br \/>\nKovettuminen: 60 sekunnin LED-UV-lamppu.<\/p>","protected":false},"excerpt":{"rendered":"<p>PRO LIGHT BUILDER GEL on monitoimigeeli, joka on suunniteltu ammattik\u00e4ytt\u00f6\u00f6n salonkik\u00e4ytt\u00f6\u00f6n. Sen erityinen koostumus, joka on kehitetty stylistien kokemuksella, nopeuttaa<\/p>\n","protected":false},"featured_media":17554,"template":"","meta":[],"product_brand":[],"product_cat":[732,73],"product_tag":[],"class_list":{"0":"post-17553","1":"product","2":"type-product","3":"status-publish","4":"has-post-thumbnail","6":"product_cat-hardeasy","7":"product_cat-palu-ehitusgeelid","9":"first","10":"instock","11":"taxable","12":"shipping-taxable","13":"purchasable","14":"product-type-simple"},"yoast_head":"<!-- This site is optimized with the Yoast SEO plugin v24.4 - https:\/\/yoast.com\/wordpress\/plugins\/seo\/ -->\n<title>PALU PRO LIGHT BUILDER GOLD BEIGE COVER 45g | Valika<\/title>\n<meta name=\"robots\" content=\"index, follow, max-snippet:-1, max-image-preview:large, max-video-preview:-1\" \/>\n<link rel=\"canonical\" href=\"https:\/\/valika.eu\/fi\/toode\/palu-pro-light-builder-gold-beige-cover-45g\/\" \/>\n<meta property=\"og:locale\" content=\"fi_FI\" \/>\n<meta property=\"og:type\" content=\"article\" \/>\n<meta property=\"og:title\" content=\"PALU PRO LIGHT BUILDER GOLD BEIGE COVER 45g | Valika\" \/>\n<meta property=\"og:description\" content=\"PRO LIGHT BUILDER GEL on monitoimigeeli, joka on suunniteltu ammattik\u00e4ytt\u00f6\u00f6n salonkik\u00e4ytt\u00f6\u00f6n. Sen erityinen koostumus, joka on kehitetty stylistien kokemuksella, nopeuttaa\" \/>\n<meta property=\"og:url\" content=\"https:\/\/valika.eu\/fi\/toode\/palu-pro-light-builder-gold-beige-cover-45g\/\" \/>\n<meta property=\"og:site_name\" content=\"Valika\" \/>\n<meta property=\"article:publisher\" content=\"https:\/\/www.facebook.com\/tipsi.net\" \/>\n<meta property=\"article:modified_time\" content=\"2026-03-24T13:35:51+00:00\" \/>\n<meta property=\"og:image\" content=\"https:\/\/valika.eu\/wp-content\/uploads\/2025\/11\/gold-beige.webp\" \/>\n\t<meta property=\"og:image:width\" content=\"1500\" \/>\n\t<meta property=\"og:image:height\" content=\"1500\" \/>\n\t<meta property=\"og:image:type\" content=\"image\/webp\" \/>\n<meta name=\"twitter:card\" content=\"summary_large_image\" \/>\n<script type=\"application\/ld+json\" class=\"yoast-schema-graph\">{\"@context\":\"https:\/\/schema.org\",\"@graph\":[{\"@type\":\"WebPage\",\"@id\":\"https:\/\/valika.eu\/fi\/toode\/palu-pro-light-builder-gold-beige-cover-45g\/\",\"url\":\"https:\/\/valika.eu\/fi\/toode\/palu-pro-light-builder-gold-beige-cover-45g\/\",\"name\":\"PALU PRO LIGHT BUILDER GOLD BEIGE COVER 45g | Valika\",\"isPartOf\":{\"@id\":\"https:\/\/valika.eu\/fi\/#website\"},\"primaryImageOfPage\":{\"@id\":\"https:\/\/valika.eu\/fi\/toode\/palu-pro-light-builder-gold-beige-cover-45g\/#primaryimage\"},\"image\":{\"@id\":\"https:\/\/valika.eu\/toode\/palu-pro-light-builder-gold-beige-cover-45g\/#primaryimage\"},\"thumbnailUrl\":\"https:\/\/valika.eu\/wp-content\/uploads\/2025\/11\/gold-beige.webp\",\"datePublished\":\"2025-11-13T11:01:26+00:00\",\"dateModified\":\"2026-03-24T13:35:51+00:00\",\"breadcrumb\":{\"@id\":\"https:\/\/valika.eu\/fi\/toode\/palu-pro-light-builder-gold-beige-cover-45g\/#breadcrumb\"},\"inLanguage\":\"fi\",\"potentialAction\":[{\"@type\":\"ReadAction\",\"target\":[[\"https:\/\/valika.eu\/fi\/toode\/palu-pro-light-builder-gold-beige-cover-45g\/\"]]}]},{\"@type\":\"ImageObject\",\"inLanguage\":\"fi\",\"@id\":\"https:\/\/valika.eu\/fi\/toode\/palu-pro-light-builder-gold-beige-cover-45g\/#primaryimage\",\"url\":\"https:\/\/valika.eu\/wp-content\/uploads\/2025\/11\/gold-beige.webp\",\"contentUrl\":\"https:\/\/valika.eu\/wp-content\/uploads\/2025\/11\/gold-beige.webp\",\"width\":1500,\"height\":1500},{\"@type\":\"BreadcrumbList\",\"@id\":\"https:\/\/valika.eu\/fi\/toode\/palu-pro-light-builder-gold-beige-cover-45g\/#breadcrumb\",\"itemListElement\":[{\"@type\":\"ListItem\",\"position\":1,\"name\":\"Koti\",\"item\":\"https:\/\/valika.eu\/fi\/\"},{\"@type\":\"ListItem\",\"position\":2,\"name\":\"Shop\",\"item\":\"https:\/\/valika.eu\/fi\/\"},{\"@type\":\"ListItem\",\"position\":3,\"name\":\"PALU PRO LIGHT BUILDER GOLD BEIGE COVER 45g\"}]},{\"@type\":\"WebSite\",\"@id\":\"https:\/\/valika.eu\/fi\/#website\",\"url\":\"https:\/\/valika.eu\/fi\/\",\"name\":\"Valika.eu\",\"description\":\"Salonkituotteet ja kauneudenhoitotuotteet - Valika tarjoaa laajan valikoiman tuotteita ja tarvikkeita kynsiteknikoille, kauneushoitoloille, kampaamoille ja kampaamoille.\",\"publisher\":{\"@id\":\"https:\/\/valika.eu\/fi\/#organization\"},\"alternateName\":\"Valika\",\"potentialAction\":[{\"@type\":\"SearchAction\",\"target\":{\"@type\":\"EntryPoint\",\"urlTemplate\":\"https:\/\/valika.eu\/fi\/?s={search_term_string}\"},\"query-input\":{\"@type\":\"PropertyValueSpecification\",\"valueRequired\":true,\"valueName\":\"search_term_string\"}}],\"inLanguage\":\"fi\"},{\"@type\":\"Organization\",\"@id\":\"https:\/\/valika.eu\/fi\/#organization\",\"name\":\"Salongitoode O\u00dc\",\"alternateName\":\"Valika\",\"url\":\"https:\/\/valika.eu\/fi\/\",\"logo\":{\"@type\":\"ImageObject\",\"inLanguage\":\"fi\",\"@id\":\"https:\/\/valika.eu\/fi\/#\/schema\/logo\/image\/\",\"url\":\"https:\/\/valika.eu\/wp-content\/uploads\/2023\/11\/logo2-valika-footer.png\",\"contentUrl\":\"https:\/\/valika.eu\/wp-content\/uploads\/2023\/11\/logo2-valika-footer.png\",\"width\":200,\"height\":129,\"caption\":\"Salongitoode O\u00dc\"},\"image\":{\"@id\":\"https:\/\/valika.eu\/fi\/#\/schema\/logo\/image\/\"},\"sameAs\":[\"https:\/\/www.facebook.com\/tipsi.net\"]}]}<\/script>\n<!-- \/ Yoast SEO plugin. -->","yoast_head_json":{"title":"PALU PRO LIGHT BUILDER GOLD BEIGE COVER 45g | Valika","robots":{"index":"index","follow":"follow","max-snippet":"max-snippet:-1","max-image-preview":"max-image-preview:large","max-video-preview":"max-video-preview:-1"},"canonical":"https:\/\/valika.eu\/fi\/toode\/palu-pro-light-builder-gold-beige-cover-45g\/","og_locale":"fi_FI","og_type":"article","og_title":"PALU PRO LIGHT BUILDER GOLD BEIGE COVER 45g | Valika","og_description":"PRO LIGHT BUILDER GEL on monitoimigeeli, joka on suunniteltu ammattik\u00e4ytt\u00f6\u00f6n salonkik\u00e4ytt\u00f6\u00f6n. Sen erityinen koostumus, joka on kehitetty stylistien kokemuksella, nopeuttaa","og_url":"https:\/\/valika.eu\/fi\/toode\/palu-pro-light-builder-gold-beige-cover-45g\/","og_site_name":"Valika","article_publisher":"https:\/\/www.facebook.com\/tipsi.net","article_modified_time":"2026-03-24T13:35:51+00:00","og_image":[{"width":1500,"height":1500,"url":"https:\/\/valika.eu\/wp-content\/uploads\/2025\/11\/gold-beige.webp","type":"image\/webp"}],"twitter_card":"summary_large_image","schema":{"@context":"https:\/\/schema.org","@graph":[{"@type":"WebPage","@id":"https:\/\/valika.eu\/fi\/toode\/palu-pro-light-builder-gold-beige-cover-45g\/","url":"https:\/\/valika.eu\/fi\/toode\/palu-pro-light-builder-gold-beige-cover-45g\/","name":"PALU PRO LIGHT BUILDER GOLD BEIGE COVER 45g | Valika","isPartOf":{"@id":"https:\/\/valika.eu\/fi\/#website"},"primaryImageOfPage":{"@id":"https:\/\/valika.eu\/fi\/toode\/palu-pro-light-builder-gold-beige-cover-45g\/#primaryimage"},"image":{"@id":"https:\/\/valika.eu\/toode\/palu-pro-light-builder-gold-beige-cover-45g\/#primaryimage"},"thumbnailUrl":"https:\/\/valika.eu\/wp-content\/uploads\/2025\/11\/gold-beige.webp","datePublished":"2025-11-13T11:01:26+00:00","dateModified":"2026-03-24T13:35:51+00:00","breadcrumb":{"@id":"https:\/\/valika.eu\/fi\/toode\/palu-pro-light-builder-gold-beige-cover-45g\/#breadcrumb"},"inLanguage":"fi","potentialAction":[{"@type":"ReadAction","target":[["https:\/\/valika.eu\/fi\/toode\/palu-pro-light-builder-gold-beige-cover-45g\/"]]}]},{"@type":"ImageObject","inLanguage":"fi","@id":"https:\/\/valika.eu\/fi\/toode\/palu-pro-light-builder-gold-beige-cover-45g\/#primaryimage","url":"https:\/\/valika.eu\/wp-content\/uploads\/2025\/11\/gold-beige.webp","contentUrl":"https:\/\/valika.eu\/wp-content\/uploads\/2025\/11\/gold-beige.webp","width":1500,"height":1500},{"@type":"BreadcrumbList","@id":"https:\/\/valika.eu\/fi\/toode\/palu-pro-light-builder-gold-beige-cover-45g\/#breadcrumb","itemListElement":[{"@type":"ListItem","position":1,"name":"Koti","item":"https:\/\/valika.eu\/fi\/"},{"@type":"ListItem","position":2,"name":"Shop","item":"https:\/\/valika.eu\/fi\/"},{"@type":"ListItem","position":3,"name":"PALU PRO LIGHT BUILDER GOLD BEIGE COVER 45g"}]},{"@type":"WebSite","@id":"https:\/\/valika.eu\/fi\/#website","url":"https:\/\/valika.eu\/fi\/","name":"Valika.eu","description":"Salonkituotteet ja kauneudenhoitotuotteet - Valika tarjoaa laajan valikoiman tuotteita ja tarvikkeita kynsiteknikoille, kauneushoitoloille, kampaamoille ja kampaamoille.","publisher":{"@id":"https:\/\/valika.eu\/fi\/#organization"},"alternateName":"Valika","potentialAction":[{"@type":"SearchAction","target":{"@type":"EntryPoint","urlTemplate":"https:\/\/valika.eu\/fi\/?s={search_term_string}"},"query-input":{"@type":"PropertyValueSpecification","valueRequired":true,"valueName":"search_term_string"}}],"inLanguage":"fi"},{"@type":"Organization","@id":"https:\/\/valika.eu\/fi\/#organization","name":"Salongitoode O\u00dc","alternateName":"Valika","url":"https:\/\/valika.eu\/fi\/","logo":{"@type":"ImageObject","inLanguage":"fi","@id":"https:\/\/valika.eu\/fi\/#\/schema\/logo\/image\/","url":"https:\/\/valika.eu\/wp-content\/uploads\/2023\/11\/logo2-valika-footer.png","contentUrl":"https:\/\/valika.eu\/wp-content\/uploads\/2023\/11\/logo2-valika-footer.png","width":200,"height":129,"caption":"Salongitoode O\u00dc"},"image":{"@id":"https:\/\/valika.eu\/fi\/#\/schema\/logo\/image\/"},"sameAs":["https:\/\/www.facebook.com\/tipsi.net"]}]}},"jetpack_sharing_enabled":true,"_links":{"self":[{"href":"https:\/\/valika.eu\/fi\/wp-json\/wp\/v2\/product\/17553","targetHints":{"allow":["GET"]}}],"collection":[{"href":"https:\/\/valika.eu\/fi\/wp-json\/wp\/v2\/product"}],"about":[{"href":"https:\/\/valika.eu\/fi\/wp-json\/wp\/v2\/types\/product"}],"wp:featuredmedia":[{"embeddable":true,"href":"https:\/\/valika.eu\/fi\/wp-json\/wp\/v2\/media\/17554"}],"wp:attachment":[{"href":"https:\/\/valika.eu\/fi\/wp-json\/wp\/v2\/media?parent=17553"}],"wp:term":[{"taxonomy":"product_brand","embeddable":true,"href":"https:\/\/valika.eu\/fi\/wp-json\/wp\/v2\/product_brand?post=17553"},{"taxonomy":"product_cat","embeddable":true,"href":"https:\/\/valika.eu\/fi\/wp-json\/wp\/v2\/product_cat?post=17553"},{"taxonomy":"product_tag","embeddable":true,"href":"https:\/\/valika.eu\/fi\/wp-json\/wp\/v2\/product_tag?post=17553"}],"curies":[{"name":"wp","href":"https:\/\/api.w.org\/{rel}","templated":true}]}}