{"id":17858,"date":"2025-12-04T15:08:22","date_gmt":"2025-12-04T13:08:22","guid":{"rendered":"https:\/\/valika.eu\/?post_type=product&#038;p=17858"},"modified":"2026-01-12T11:07:18","modified_gmt":"2026-01-12T09:07:18","slug":"claresa-vanilla-muffin-cuticle-oil-5ml","status":"publish","type":"product","link":"https:\/\/valika.eu\/fi\/toode\/claresa-vanilla-muffin-cuticle-oil-5ml\/","title":{"rendered":"Claresa Vanilla Muffin Cuticle Oil 5ml"},"content":{"rendered":"<p>Rakastatko jouluherkkujen tuoksua? Etk\u00f6 malta odottaa, ett\u00e4 kotisi t\u00e4yttyy paistettujen maustettujen kakkujen tai makeiden muffinien tuoksusta? Oletko aina miettinyt, miksi joulut loppuvat niin nopeasti?<\/p>\n<p>Juuri nyt, erityisesti joulun yst\u00e4ville, joulun tuoksut ovat kapseloitu kynsinauha\u00f6ljyihin!<br \/>\nL\u00e4mpim\u00e4n vanilja-kaneli-muffinin makea, herkullinen tuoksu on kapseloitu vaniljamuffini\u00f6ljyyn!<br \/>\nSamalla ne ravitsevat kuivia, halkeilevia kynsinauhoja ja heikentyneit\u00e4, vaurioituneita kynsi\u00e4. Ne auttavat suojaamaan ulkoisten tekij\u00f6iden haitallisilta vaikutuksilta ja ehk\u00e4isev\u00e4t kuivia kynsinauhoja. Ne sis\u00e4lt\u00e4v\u00e4t ravitsevia \u00f6ljyj\u00e4, jotka kosteuttavat ja pehment\u00e4v\u00e4t kynsinauhoja ja vahvistavat kynsi\u00e4.<\/p>\n<p>Kynsinauha\u00f6ljyill\u00e4 on hy\u00f6dyllinen vaikutus kynsimatriisin uudistumiseen, tehden kynsilevyst\u00e4 vahvemman ja v\u00e4hemm\u00e4n alttiin vaurioille. Kynsinauha\u00f6ljyt ovat t\u00e4ydellinen viimeistely mihin tahansa kynsisuunnitteluun, mutta ne tarjoavat my\u00f6s erinomaista ravintoa paljaille kynsille.<\/p>\n<p>KIINNOSTAVA FAKTA:<br \/>\nOliiviresepti\u00e4 on rikastettu:<br \/>\n\u2022 Manteli\u00f6ljyll\u00e4 &#8211; vahvistaa kynsilevy\u00e4, ravitsee, kosteuttaa ja pehment\u00e4\u00e4 kynsinauhoja t\u00e4ydellisesti;<br \/>\n\u2022 Persikanjyv\u00e4\u00f6ljy &#8211; ehk\u00e4isee kynsien haurautta ja stimuloi niiden kasvua, vahvistaa kynsilevy\u00e4.<\/p>\n<p>K\u00c4YTT\u00d6:<br \/>\nLevit\u00e4 pieni m\u00e4\u00e4r\u00e4 \u00f6ljy\u00e4 kynsien ymp\u00e4rill\u00e4 oleviin kynsinauhoihin. Hiero hell\u00e4varaisesti, kunnes tuote on imeytynyt. \u00d6ljy sopii erinomaisesti sek\u00e4 heti manikyyrin j\u00e4lkeen ett\u00e4 osana p\u00e4ivitt\u00e4ist\u00e4 ihonhoitorutiinia.<\/p>","protected":false},"excerpt":{"rendered":"<p>Rakastatko jouluherkkujen tuoksua? Etk\u00f6 malta odottaa, ett\u00e4 kotisi t\u00e4yttyy paistettujen maustettujen kakkujen tai makeiden muffinien tuoksusta? Oletko aina miettinyt, miksi<\/p>\n","protected":false},"featured_media":17859,"template":"","meta":[],"product_brand":[],"product_cat":[596],"product_tag":[],"class_list":{"0":"post-17858","1":"product","2":"type-product","3":"status-publish","4":"has-post-thumbnail","6":"product_cat-kuunenahaoli","8":"first","9":"outofstock","10":"taxable","11":"shipping-taxable","12":"purchasable","13":"product-type-simple"},"yoast_head":"<!-- This site is optimized with the Yoast SEO plugin v24.4 - https:\/\/yoast.com\/wordpress\/plugins\/seo\/ -->\n<title>Claresa Vanilla Muffin Cuticle Oil 5ml | Valika<\/title>\n<meta name=\"robots\" content=\"index, follow, max-snippet:-1, max-image-preview:large, max-video-preview:-1\" \/>\n<link rel=\"canonical\" href=\"https:\/\/valika.eu\/fi\/toode\/claresa-vanilla-muffin-cuticle-oil-5ml\/\" \/>\n<meta property=\"og:locale\" content=\"fi_FI\" \/>\n<meta property=\"og:type\" content=\"article\" \/>\n<meta property=\"og:title\" content=\"Claresa Vanilla Muffin Cuticle Oil 5ml | Valika\" \/>\n<meta property=\"og:description\" content=\"Rakastatko jouluherkkujen tuoksua? Etk\u00f6 malta odottaa, ett\u00e4 kotisi t\u00e4yttyy paistettujen maustettujen kakkujen tai makeiden muffinien tuoksusta? Oletko aina miettinyt, miksi\" \/>\n<meta property=\"og:url\" content=\"https:\/\/valika.eu\/fi\/toode\/claresa-vanilla-muffin-cuticle-oil-5ml\/\" \/>\n<meta property=\"og:site_name\" content=\"Valika\" \/>\n<meta property=\"article:publisher\" content=\"https:\/\/www.facebook.com\/tipsi.net\" \/>\n<meta property=\"article:modified_time\" content=\"2026-01-12T09:07:18+00:00\" \/>\n<meta property=\"og:image\" content=\"https:\/\/valika.eu\/wp-content\/uploads\/2025\/12\/vanilla-muffin.jpg\" \/>\n\t<meta property=\"og:image:width\" content=\"1500\" \/>\n\t<meta property=\"og:image:height\" content=\"1500\" \/>\n\t<meta property=\"og:image:type\" content=\"image\/jpeg\" \/>\n<meta name=\"twitter:card\" content=\"summary_large_image\" \/>\n<script type=\"application\/ld+json\" class=\"yoast-schema-graph\">{\"@context\":\"https:\/\/schema.org\",\"@graph\":[{\"@type\":\"WebPage\",\"@id\":\"https:\/\/valika.eu\/fi\/toode\/claresa-vanilla-muffin-cuticle-oil-5ml\/\",\"url\":\"https:\/\/valika.eu\/fi\/toode\/claresa-vanilla-muffin-cuticle-oil-5ml\/\",\"name\":\"Claresa Vanilla Muffin Cuticle Oil 5ml | Valika\",\"isPartOf\":{\"@id\":\"https:\/\/valika.eu\/fi\/#website\"},\"primaryImageOfPage\":{\"@id\":\"https:\/\/valika.eu\/fi\/toode\/claresa-vanilla-muffin-cuticle-oil-5ml\/#primaryimage\"},\"image\":{\"@id\":\"https:\/\/valika.eu\/toode\/claresa-vanilla-muffin-cuticle-oil-5ml\/#primaryimage\"},\"thumbnailUrl\":\"https:\/\/valika.eu\/wp-content\/uploads\/2025\/12\/vanilla-muffin.jpg\",\"datePublished\":\"2025-12-04T13:08:22+00:00\",\"dateModified\":\"2026-01-12T09:07:18+00:00\",\"breadcrumb\":{\"@id\":\"https:\/\/valika.eu\/fi\/toode\/claresa-vanilla-muffin-cuticle-oil-5ml\/#breadcrumb\"},\"inLanguage\":\"fi\",\"potentialAction\":[{\"@type\":\"ReadAction\",\"target\":[[\"https:\/\/valika.eu\/fi\/toode\/claresa-vanilla-muffin-cuticle-oil-5ml\/\"]]}]},{\"@type\":\"ImageObject\",\"inLanguage\":\"fi\",\"@id\":\"https:\/\/valika.eu\/fi\/toode\/claresa-vanilla-muffin-cuticle-oil-5ml\/#primaryimage\",\"url\":\"https:\/\/valika.eu\/wp-content\/uploads\/2025\/12\/vanilla-muffin.jpg\",\"contentUrl\":\"https:\/\/valika.eu\/wp-content\/uploads\/2025\/12\/vanilla-muffin.jpg\",\"width\":1500,\"height\":1500},{\"@type\":\"BreadcrumbList\",\"@id\":\"https:\/\/valika.eu\/fi\/toode\/claresa-vanilla-muffin-cuticle-oil-5ml\/#breadcrumb\",\"itemListElement\":[{\"@type\":\"ListItem\",\"position\":1,\"name\":\"Koti\",\"item\":\"https:\/\/valika.eu\/fi\/\"},{\"@type\":\"ListItem\",\"position\":2,\"name\":\"Shop\",\"item\":\"https:\/\/valika.eu\/fi\/\"},{\"@type\":\"ListItem\",\"position\":3,\"name\":\"Claresa Vanilla Muffin Cuticle Oil 5ml\"}]},{\"@type\":\"WebSite\",\"@id\":\"https:\/\/valika.eu\/fi\/#website\",\"url\":\"https:\/\/valika.eu\/fi\/\",\"name\":\"Valika.eu\",\"description\":\"Salonkituotteet ja kauneudenhoitotuotteet - Valika tarjoaa laajan valikoiman tuotteita ja tarvikkeita kynsiteknikoille, kauneushoitoloille, kampaamoille ja kampaamoille.\",\"publisher\":{\"@id\":\"https:\/\/valika.eu\/fi\/#organization\"},\"alternateName\":\"Valika\",\"potentialAction\":[{\"@type\":\"SearchAction\",\"target\":{\"@type\":\"EntryPoint\",\"urlTemplate\":\"https:\/\/valika.eu\/fi\/?s={search_term_string}\"},\"query-input\":{\"@type\":\"PropertyValueSpecification\",\"valueRequired\":true,\"valueName\":\"search_term_string\"}}],\"inLanguage\":\"fi\"},{\"@type\":\"Organization\",\"@id\":\"https:\/\/valika.eu\/fi\/#organization\",\"name\":\"Salongitoode O\u00dc\",\"alternateName\":\"Valika\",\"url\":\"https:\/\/valika.eu\/fi\/\",\"logo\":{\"@type\":\"ImageObject\",\"inLanguage\":\"fi\",\"@id\":\"https:\/\/valika.eu\/fi\/#\/schema\/logo\/image\/\",\"url\":\"https:\/\/valika.eu\/wp-content\/uploads\/2023\/11\/logo2-valika-footer.png\",\"contentUrl\":\"https:\/\/valika.eu\/wp-content\/uploads\/2023\/11\/logo2-valika-footer.png\",\"width\":200,\"height\":129,\"caption\":\"Salongitoode O\u00dc\"},\"image\":{\"@id\":\"https:\/\/valika.eu\/fi\/#\/schema\/logo\/image\/\"},\"sameAs\":[\"https:\/\/www.facebook.com\/tipsi.net\"]}]}<\/script>\n<!-- \/ Yoast SEO plugin. -->","yoast_head_json":{"title":"Claresa Vanilla Muffin Cuticle Oil 5ml | Valika","robots":{"index":"index","follow":"follow","max-snippet":"max-snippet:-1","max-image-preview":"max-image-preview:large","max-video-preview":"max-video-preview:-1"},"canonical":"https:\/\/valika.eu\/fi\/toode\/claresa-vanilla-muffin-cuticle-oil-5ml\/","og_locale":"fi_FI","og_type":"article","og_title":"Claresa Vanilla Muffin Cuticle Oil 5ml | Valika","og_description":"Rakastatko jouluherkkujen tuoksua? Etk\u00f6 malta odottaa, ett\u00e4 kotisi t\u00e4yttyy paistettujen maustettujen kakkujen tai makeiden muffinien tuoksusta? Oletko aina miettinyt, miksi","og_url":"https:\/\/valika.eu\/fi\/toode\/claresa-vanilla-muffin-cuticle-oil-5ml\/","og_site_name":"Valika","article_publisher":"https:\/\/www.facebook.com\/tipsi.net","article_modified_time":"2026-01-12T09:07:18+00:00","og_image":[{"width":1500,"height":1500,"url":"https:\/\/valika.eu\/wp-content\/uploads\/2025\/12\/vanilla-muffin.jpg","type":"image\/jpeg"}],"twitter_card":"summary_large_image","schema":{"@context":"https:\/\/schema.org","@graph":[{"@type":"WebPage","@id":"https:\/\/valika.eu\/fi\/toode\/claresa-vanilla-muffin-cuticle-oil-5ml\/","url":"https:\/\/valika.eu\/fi\/toode\/claresa-vanilla-muffin-cuticle-oil-5ml\/","name":"Claresa Vanilla Muffin Cuticle Oil 5ml | Valika","isPartOf":{"@id":"https:\/\/valika.eu\/fi\/#website"},"primaryImageOfPage":{"@id":"https:\/\/valika.eu\/fi\/toode\/claresa-vanilla-muffin-cuticle-oil-5ml\/#primaryimage"},"image":{"@id":"https:\/\/valika.eu\/toode\/claresa-vanilla-muffin-cuticle-oil-5ml\/#primaryimage"},"thumbnailUrl":"https:\/\/valika.eu\/wp-content\/uploads\/2025\/12\/vanilla-muffin.jpg","datePublished":"2025-12-04T13:08:22+00:00","dateModified":"2026-01-12T09:07:18+00:00","breadcrumb":{"@id":"https:\/\/valika.eu\/fi\/toode\/claresa-vanilla-muffin-cuticle-oil-5ml\/#breadcrumb"},"inLanguage":"fi","potentialAction":[{"@type":"ReadAction","target":[["https:\/\/valika.eu\/fi\/toode\/claresa-vanilla-muffin-cuticle-oil-5ml\/"]]}]},{"@type":"ImageObject","inLanguage":"fi","@id":"https:\/\/valika.eu\/fi\/toode\/claresa-vanilla-muffin-cuticle-oil-5ml\/#primaryimage","url":"https:\/\/valika.eu\/wp-content\/uploads\/2025\/12\/vanilla-muffin.jpg","contentUrl":"https:\/\/valika.eu\/wp-content\/uploads\/2025\/12\/vanilla-muffin.jpg","width":1500,"height":1500},{"@type":"BreadcrumbList","@id":"https:\/\/valika.eu\/fi\/toode\/claresa-vanilla-muffin-cuticle-oil-5ml\/#breadcrumb","itemListElement":[{"@type":"ListItem","position":1,"name":"Koti","item":"https:\/\/valika.eu\/fi\/"},{"@type":"ListItem","position":2,"name":"Shop","item":"https:\/\/valika.eu\/fi\/"},{"@type":"ListItem","position":3,"name":"Claresa Vanilla Muffin Cuticle Oil 5ml"}]},{"@type":"WebSite","@id":"https:\/\/valika.eu\/fi\/#website","url":"https:\/\/valika.eu\/fi\/","name":"Valika.eu","description":"Salonkituotteet ja kauneudenhoitotuotteet - Valika tarjoaa laajan valikoiman tuotteita ja tarvikkeita kynsiteknikoille, kauneushoitoloille, kampaamoille ja kampaamoille.","publisher":{"@id":"https:\/\/valika.eu\/fi\/#organization"},"alternateName":"Valika","potentialAction":[{"@type":"SearchAction","target":{"@type":"EntryPoint","urlTemplate":"https:\/\/valika.eu\/fi\/?s={search_term_string}"},"query-input":{"@type":"PropertyValueSpecification","valueRequired":true,"valueName":"search_term_string"}}],"inLanguage":"fi"},{"@type":"Organization","@id":"https:\/\/valika.eu\/fi\/#organization","name":"Salongitoode O\u00dc","alternateName":"Valika","url":"https:\/\/valika.eu\/fi\/","logo":{"@type":"ImageObject","inLanguage":"fi","@id":"https:\/\/valika.eu\/fi\/#\/schema\/logo\/image\/","url":"https:\/\/valika.eu\/wp-content\/uploads\/2023\/11\/logo2-valika-footer.png","contentUrl":"https:\/\/valika.eu\/wp-content\/uploads\/2023\/11\/logo2-valika-footer.png","width":200,"height":129,"caption":"Salongitoode O\u00dc"},"image":{"@id":"https:\/\/valika.eu\/fi\/#\/schema\/logo\/image\/"},"sameAs":["https:\/\/www.facebook.com\/tipsi.net"]}]}},"jetpack_sharing_enabled":true,"_links":{"self":[{"href":"https:\/\/valika.eu\/fi\/wp-json\/wp\/v2\/product\/17858","targetHints":{"allow":["GET"]}}],"collection":[{"href":"https:\/\/valika.eu\/fi\/wp-json\/wp\/v2\/product"}],"about":[{"href":"https:\/\/valika.eu\/fi\/wp-json\/wp\/v2\/types\/product"}],"wp:featuredmedia":[{"embeddable":true,"href":"https:\/\/valika.eu\/fi\/wp-json\/wp\/v2\/media\/17859"}],"wp:attachment":[{"href":"https:\/\/valika.eu\/fi\/wp-json\/wp\/v2\/media?parent=17858"}],"wp:term":[{"taxonomy":"product_brand","embeddable":true,"href":"https:\/\/valika.eu\/fi\/wp-json\/wp\/v2\/product_brand?post=17858"},{"taxonomy":"product_cat","embeddable":true,"href":"https:\/\/valika.eu\/fi\/wp-json\/wp\/v2\/product_cat?post=17858"},{"taxonomy":"product_tag","embeddable":true,"href":"https:\/\/valika.eu\/fi\/wp-json\/wp\/v2\/product_tag?post=17858"}],"curies":[{"name":"wp","href":"https:\/\/api.w.org\/{rel}","templated":true}]}}