{"id":17860,"date":"2025-12-04T15:19:12","date_gmt":"2025-12-04T13:19:12","guid":{"rendered":"https:\/\/valika.eu\/?post_type=product&#038;p=17860"},"modified":"2026-04-04T18:16:14","modified_gmt":"2026-04-04T15:16:14","slug":"palu-pro-light-builder-neutral-45g","status":"publish","type":"product","link":"https:\/\/valika.eu\/fi\/toode\/palu-pro-light-builder-neutral-45g\/","title":{"rendered":"PALU PRO LIGHT BUILDER NEUTRAL \/45g"},"content":{"rendered":"<p>PRO LIGHT BUILDER GEL on monitoimigeeli, joka on suunniteltu ammattik\u00e4ytt\u00f6\u00f6n salonkik\u00e4ytt\u00f6\u00f6n. Sen erityinen koostumus, joka on kehitetty stylistien kokemuksella, nopeuttaa ja yksinkertaistaa p\u00e4ivitt\u00e4ist\u00e4 ty\u00f6t\u00e4. Tiksotropia yhdistettyn\u00e4 erinomaisiin itsetasoittuviin ominaisuuksiin takaa t\u00e4ydellisen, valumattoman geelin.<\/p>\n<p>PRO LIGHT BUILDER GELill\u00e4 on alhainen polymeroitumisl\u00e4mp\u00f6tila, mik\u00e4 minimoi polttavan tunteen lampussa. Geelill\u00e4 on lineaarinen molekyylirakenne, ja sen t\u00e4ysin tasapainoinen koostumus, viskositeetti ja geelin tiheys parantavat ty\u00f6n laatua. Moderni koostumus on luotu mahdollistamaan &#8220;viilaamaton&#8221; geelitekniikka, suojaamaan pidennetty\u00e4 kynsitunnelia laajenemiselta ja minimoimaan levitysaikaa. Erityisesti suositellaan nopeisiin lis\u00e4yksiin ja muotoilukorjauksiin.<\/p>\n<p>PRO LIGHT BUILDER GEL on geeli, joka yhdist\u00e4\u00e4 pohjan, rakenneaineen ja lakan ominaisuudet. Se sis\u00e4lt\u00e4\u00e4 liimoja, jotka lis\u00e4\u00e4v\u00e4t tarttumista luonnolliseen kynsilevyyn, sek\u00e4 rakenne- ja kiillotusaineita. Optimaalisen tarttuvuuden saavuttamiseksi ohuilla ja ongelmallisilla kynsill\u00e4 kannattaa k\u00e4ytt\u00e4\u00e4 mink\u00e4 tahansa Palu-pohjan lakkaa.<\/p>\n<p>Geelin tarkasti s\u00e4\u00e4detty viskositeetti varmistaa keskipaksun koostumuksen, joka levittyy nopeasti kynnelle. T\u00e4m\u00e4n viskositeetin geelit irtoavat helposti siveltimest\u00e4. Geeli on kest\u00e4v\u00e4, naarmuuntumaton ja sill\u00e4 on korkea, pitk\u00e4kestoinen kiilto.<\/p>","protected":false},"excerpt":{"rendered":"<p>PRO LIGHT BUILDER GEL on monitoimigeeli, joka on suunniteltu ammattik\u00e4ytt\u00f6\u00f6n salonkik\u00e4ytt\u00f6\u00f6n. Sen erityinen koostumus, joka on kehitetty stylistien kokemuksella, nopeuttaa<\/p>\n","protected":false},"featured_media":17861,"template":"","meta":[],"product_brand":[],"product_cat":[73],"product_tag":[],"class_list":{"0":"post-17860","1":"product","2":"type-product","3":"status-publish","4":"has-post-thumbnail","6":"product_cat-palu-ehitusgeelid","8":"first","9":"instock","10":"taxable","11":"shipping-taxable","12":"purchasable","13":"product-type-simple"},"yoast_head":"<!-- This site is optimized with the Yoast SEO plugin v24.4 - https:\/\/yoast.com\/wordpress\/plugins\/seo\/ -->\n<title>PALU PRO LIGHT BUILDER NEUTRAL \/45g | Valika<\/title>\n<meta name=\"robots\" content=\"index, follow, max-snippet:-1, max-image-preview:large, max-video-preview:-1\" \/>\n<link rel=\"canonical\" href=\"https:\/\/valika.eu\/fi\/toode\/palu-pro-light-builder-neutral-45g\/\" \/>\n<meta property=\"og:locale\" content=\"fi_FI\" \/>\n<meta property=\"og:type\" content=\"article\" \/>\n<meta property=\"og:title\" content=\"PALU PRO LIGHT BUILDER NEUTRAL \/45g | Valika\" \/>\n<meta property=\"og:description\" content=\"PRO LIGHT BUILDER GEL on monitoimigeeli, joka on suunniteltu ammattik\u00e4ytt\u00f6\u00f6n salonkik\u00e4ytt\u00f6\u00f6n. Sen erityinen koostumus, joka on kehitetty stylistien kokemuksella, nopeuttaa\" \/>\n<meta property=\"og:url\" content=\"https:\/\/valika.eu\/fi\/toode\/palu-pro-light-builder-neutral-45g\/\" \/>\n<meta property=\"og:site_name\" content=\"Valika\" \/>\n<meta property=\"article:publisher\" content=\"https:\/\/www.facebook.com\/tipsi.net\" \/>\n<meta property=\"article:modified_time\" content=\"2026-04-04T15:16:14+00:00\" \/>\n<meta property=\"og:image\" content=\"https:\/\/valika.eu\/wp-content\/uploads\/2025\/12\/neutralll.jpeg\" \/>\n\t<meta property=\"og:image:width\" content=\"600\" \/>\n\t<meta property=\"og:image:height\" content=\"600\" \/>\n\t<meta property=\"og:image:type\" content=\"image\/jpeg\" \/>\n<meta name=\"twitter:card\" content=\"summary_large_image\" \/>\n<script type=\"application\/ld+json\" class=\"yoast-schema-graph\">{\"@context\":\"https:\/\/schema.org\",\"@graph\":[{\"@type\":\"WebPage\",\"@id\":\"https:\/\/valika.eu\/fi\/toode\/palu-pro-light-builder-neutral-45g\/\",\"url\":\"https:\/\/valika.eu\/fi\/toode\/palu-pro-light-builder-neutral-45g\/\",\"name\":\"PALU PRO LIGHT BUILDER NEUTRAL \/45g | Valika\",\"isPartOf\":{\"@id\":\"https:\/\/valika.eu\/fi\/#website\"},\"primaryImageOfPage\":{\"@id\":\"https:\/\/valika.eu\/fi\/toode\/palu-pro-light-builder-neutral-45g\/#primaryimage\"},\"image\":{\"@id\":\"https:\/\/valika.eu\/toode\/palu-pro-light-builder-neutral-45g\/#primaryimage\"},\"thumbnailUrl\":\"https:\/\/valika.eu\/wp-content\/uploads\/2025\/12\/neutralll.jpeg\",\"datePublished\":\"2025-12-04T13:19:12+00:00\",\"dateModified\":\"2026-04-04T15:16:14+00:00\",\"breadcrumb\":{\"@id\":\"https:\/\/valika.eu\/fi\/toode\/palu-pro-light-builder-neutral-45g\/#breadcrumb\"},\"inLanguage\":\"fi\",\"potentialAction\":[{\"@type\":\"ReadAction\",\"target\":[[\"https:\/\/valika.eu\/fi\/toode\/palu-pro-light-builder-neutral-45g\/\"]]}]},{\"@type\":\"ImageObject\",\"inLanguage\":\"fi\",\"@id\":\"https:\/\/valika.eu\/fi\/toode\/palu-pro-light-builder-neutral-45g\/#primaryimage\",\"url\":\"https:\/\/valika.eu\/wp-content\/uploads\/2025\/12\/neutralll.jpeg\",\"contentUrl\":\"https:\/\/valika.eu\/wp-content\/uploads\/2025\/12\/neutralll.jpeg\",\"width\":600,\"height\":600},{\"@type\":\"BreadcrumbList\",\"@id\":\"https:\/\/valika.eu\/fi\/toode\/palu-pro-light-builder-neutral-45g\/#breadcrumb\",\"itemListElement\":[{\"@type\":\"ListItem\",\"position\":1,\"name\":\"Koti\",\"item\":\"https:\/\/valika.eu\/fi\/\"},{\"@type\":\"ListItem\",\"position\":2,\"name\":\"Shop\",\"item\":\"https:\/\/valika.eu\/fi\/\"},{\"@type\":\"ListItem\",\"position\":3,\"name\":\"PALU PRO LIGHT BUILDER NEUTRAL \/45g\"}]},{\"@type\":\"WebSite\",\"@id\":\"https:\/\/valika.eu\/fi\/#website\",\"url\":\"https:\/\/valika.eu\/fi\/\",\"name\":\"Valika.eu\",\"description\":\"Salonkituotteet ja kauneudenhoitotuotteet - Valika tarjoaa laajan valikoiman tuotteita ja tarvikkeita kynsiteknikoille, kauneushoitoloille, kampaamoille ja kampaamoille.\",\"publisher\":{\"@id\":\"https:\/\/valika.eu\/fi\/#organization\"},\"alternateName\":\"Valika\",\"potentialAction\":[{\"@type\":\"SearchAction\",\"target\":{\"@type\":\"EntryPoint\",\"urlTemplate\":\"https:\/\/valika.eu\/fi\/?s={search_term_string}\"},\"query-input\":{\"@type\":\"PropertyValueSpecification\",\"valueRequired\":true,\"valueName\":\"search_term_string\"}}],\"inLanguage\":\"fi\"},{\"@type\":\"Organization\",\"@id\":\"https:\/\/valika.eu\/fi\/#organization\",\"name\":\"Salongitoode O\u00dc\",\"alternateName\":\"Valika\",\"url\":\"https:\/\/valika.eu\/fi\/\",\"logo\":{\"@type\":\"ImageObject\",\"inLanguage\":\"fi\",\"@id\":\"https:\/\/valika.eu\/fi\/#\/schema\/logo\/image\/\",\"url\":\"https:\/\/valika.eu\/wp-content\/uploads\/2023\/11\/logo2-valika-footer.png\",\"contentUrl\":\"https:\/\/valika.eu\/wp-content\/uploads\/2023\/11\/logo2-valika-footer.png\",\"width\":200,\"height\":129,\"caption\":\"Salongitoode O\u00dc\"},\"image\":{\"@id\":\"https:\/\/valika.eu\/fi\/#\/schema\/logo\/image\/\"},\"sameAs\":[\"https:\/\/www.facebook.com\/tipsi.net\"]}]}<\/script>\n<!-- \/ Yoast SEO plugin. -->","yoast_head_json":{"title":"PALU PRO LIGHT BUILDER NEUTRAL \/45g | Valika","robots":{"index":"index","follow":"follow","max-snippet":"max-snippet:-1","max-image-preview":"max-image-preview:large","max-video-preview":"max-video-preview:-1"},"canonical":"https:\/\/valika.eu\/fi\/toode\/palu-pro-light-builder-neutral-45g\/","og_locale":"fi_FI","og_type":"article","og_title":"PALU PRO LIGHT BUILDER NEUTRAL \/45g | Valika","og_description":"PRO LIGHT BUILDER GEL on monitoimigeeli, joka on suunniteltu ammattik\u00e4ytt\u00f6\u00f6n salonkik\u00e4ytt\u00f6\u00f6n. Sen erityinen koostumus, joka on kehitetty stylistien kokemuksella, nopeuttaa","og_url":"https:\/\/valika.eu\/fi\/toode\/palu-pro-light-builder-neutral-45g\/","og_site_name":"Valika","article_publisher":"https:\/\/www.facebook.com\/tipsi.net","article_modified_time":"2026-04-04T15:16:14+00:00","og_image":[{"width":600,"height":600,"url":"https:\/\/valika.eu\/wp-content\/uploads\/2025\/12\/neutralll.jpeg","type":"image\/jpeg"}],"twitter_card":"summary_large_image","schema":{"@context":"https:\/\/schema.org","@graph":[{"@type":"WebPage","@id":"https:\/\/valika.eu\/fi\/toode\/palu-pro-light-builder-neutral-45g\/","url":"https:\/\/valika.eu\/fi\/toode\/palu-pro-light-builder-neutral-45g\/","name":"PALU PRO LIGHT BUILDER NEUTRAL \/45g | Valika","isPartOf":{"@id":"https:\/\/valika.eu\/fi\/#website"},"primaryImageOfPage":{"@id":"https:\/\/valika.eu\/fi\/toode\/palu-pro-light-builder-neutral-45g\/#primaryimage"},"image":{"@id":"https:\/\/valika.eu\/toode\/palu-pro-light-builder-neutral-45g\/#primaryimage"},"thumbnailUrl":"https:\/\/valika.eu\/wp-content\/uploads\/2025\/12\/neutralll.jpeg","datePublished":"2025-12-04T13:19:12+00:00","dateModified":"2026-04-04T15:16:14+00:00","breadcrumb":{"@id":"https:\/\/valika.eu\/fi\/toode\/palu-pro-light-builder-neutral-45g\/#breadcrumb"},"inLanguage":"fi","potentialAction":[{"@type":"ReadAction","target":[["https:\/\/valika.eu\/fi\/toode\/palu-pro-light-builder-neutral-45g\/"]]}]},{"@type":"ImageObject","inLanguage":"fi","@id":"https:\/\/valika.eu\/fi\/toode\/palu-pro-light-builder-neutral-45g\/#primaryimage","url":"https:\/\/valika.eu\/wp-content\/uploads\/2025\/12\/neutralll.jpeg","contentUrl":"https:\/\/valika.eu\/wp-content\/uploads\/2025\/12\/neutralll.jpeg","width":600,"height":600},{"@type":"BreadcrumbList","@id":"https:\/\/valika.eu\/fi\/toode\/palu-pro-light-builder-neutral-45g\/#breadcrumb","itemListElement":[{"@type":"ListItem","position":1,"name":"Koti","item":"https:\/\/valika.eu\/fi\/"},{"@type":"ListItem","position":2,"name":"Shop","item":"https:\/\/valika.eu\/fi\/"},{"@type":"ListItem","position":3,"name":"PALU PRO LIGHT BUILDER NEUTRAL \/45g"}]},{"@type":"WebSite","@id":"https:\/\/valika.eu\/fi\/#website","url":"https:\/\/valika.eu\/fi\/","name":"Valika.eu","description":"Salonkituotteet ja kauneudenhoitotuotteet - Valika tarjoaa laajan valikoiman tuotteita ja tarvikkeita kynsiteknikoille, kauneushoitoloille, kampaamoille ja kampaamoille.","publisher":{"@id":"https:\/\/valika.eu\/fi\/#organization"},"alternateName":"Valika","potentialAction":[{"@type":"SearchAction","target":{"@type":"EntryPoint","urlTemplate":"https:\/\/valika.eu\/fi\/?s={search_term_string}"},"query-input":{"@type":"PropertyValueSpecification","valueRequired":true,"valueName":"search_term_string"}}],"inLanguage":"fi"},{"@type":"Organization","@id":"https:\/\/valika.eu\/fi\/#organization","name":"Salongitoode O\u00dc","alternateName":"Valika","url":"https:\/\/valika.eu\/fi\/","logo":{"@type":"ImageObject","inLanguage":"fi","@id":"https:\/\/valika.eu\/fi\/#\/schema\/logo\/image\/","url":"https:\/\/valika.eu\/wp-content\/uploads\/2023\/11\/logo2-valika-footer.png","contentUrl":"https:\/\/valika.eu\/wp-content\/uploads\/2023\/11\/logo2-valika-footer.png","width":200,"height":129,"caption":"Salongitoode O\u00dc"},"image":{"@id":"https:\/\/valika.eu\/fi\/#\/schema\/logo\/image\/"},"sameAs":["https:\/\/www.facebook.com\/tipsi.net"]}]}},"jetpack_sharing_enabled":true,"_links":{"self":[{"href":"https:\/\/valika.eu\/fi\/wp-json\/wp\/v2\/product\/17860","targetHints":{"allow":["GET"]}}],"collection":[{"href":"https:\/\/valika.eu\/fi\/wp-json\/wp\/v2\/product"}],"about":[{"href":"https:\/\/valika.eu\/fi\/wp-json\/wp\/v2\/types\/product"}],"wp:featuredmedia":[{"embeddable":true,"href":"https:\/\/valika.eu\/fi\/wp-json\/wp\/v2\/media\/17861"}],"wp:attachment":[{"href":"https:\/\/valika.eu\/fi\/wp-json\/wp\/v2\/media?parent=17860"}],"wp:term":[{"taxonomy":"product_brand","embeddable":true,"href":"https:\/\/valika.eu\/fi\/wp-json\/wp\/v2\/product_brand?post=17860"},{"taxonomy":"product_cat","embeddable":true,"href":"https:\/\/valika.eu\/fi\/wp-json\/wp\/v2\/product_cat?post=17860"},{"taxonomy":"product_tag","embeddable":true,"href":"https:\/\/valika.eu\/fi\/wp-json\/wp\/v2\/product_tag?post=17860"}],"curies":[{"name":"wp","href":"https:\/\/api.w.org\/{rel}","templated":true}]}}