{"id":17868,"date":"2025-12-04T15:34:51","date_gmt":"2025-12-04T13:34:51","guid":{"rendered":"https:\/\/valika.eu\/?post_type=product&#038;p=17868"},"modified":"2026-04-02T11:18:09","modified_gmt":"2026-04-02T08:18:09","slug":"palu-flexi-gel-1-11g","status":"publish","type":"product","link":"https:\/\/valika.eu\/fi\/toode\/palu-flexi-gel-1-11g\/","title":{"rendered":"PALU FLEXI BASE GEL 1 \/11g"},"content":{"rendered":"<p>Flexi Palu -aluslakka on luotu manikyyreille, jotka arvostavat tarkkuutta, kest\u00e4vyytt\u00e4 ja helppok\u00e4ytt\u00f6isyytt\u00e4. Sen keskivahva koostumus tarjoaa t\u00e4ydellisen hallinnan levityksen aikana, ja sen korkea tarttuvuus varmistaa manikyyrin erinomaisen pidon.<\/p>\n<p>Aluslakka tasoittuu t\u00e4ydellisesti itsest\u00e4\u00e4n luoden sile\u00e4n ja tasaisen pinnan. Sen nopea ja helppo levitys s\u00e4\u00e4st\u00e4\u00e4 arvokasta aikaa, ja sen hapoton koostumus on hell\u00e4varainen luonnolliselle kynnelle ja takaa samalla pitk\u00e4kestoisen kest\u00e4vyyden. Se on luja mutta joustava ja mukautuu kynnen luonnollisiin liikkeisiin, mik\u00e4 lis\u00e4\u00e4 manikyyrin kest\u00e4vyytt\u00e4 ja joustavuutta.<\/p>\n<p>T\u00e4m\u00e4 aluslakka yhdist\u00e4\u00e4 ammattimaisen laadun ja jokap\u00e4iv\u00e4isen k\u00e4yt\u00f6n helppouden: luotettava salonkiratkaisu.<\/p>\n<p>KESKEISET OMINAISUUDET:<\/p>\n<p>* Keskivahva koostumus<br \/>\n* Korkea tarttuvuus<br \/>\n* T\u00e4ydellinen tasoitus<br \/>\n* Kova mutta joustava<br \/>\n* Nopea ja helppo levitys<br \/>\n* Hapoton koostumus<br \/>\n* V\u00e4ri: Kirkas<\/p>\n<p>* Levitys: Kynsien tasoitus, rakentaminen ja pidennys<br \/>\n* Kovettumisaika: 60 sekuntia UV\/LED-lampun alla<br \/>\n* Sis\u00e4lt\u00f6: 11 g<\/p>\n<p>K\u00c4YTT\u00d6OHJEET:<\/p>\n<p>Levit\u00e4 aluslakka valmistellulle kynnelle. Koveta UV\/LED-lampun alla v\u00e4hint\u00e4\u00e4n 60 sekuntia.<\/p>","protected":false},"excerpt":{"rendered":"<p>Flexi Palu -aluslakka on luotu manikyyreille, jotka arvostavat tarkkuutta, kest\u00e4vyytt\u00e4 ja helppok\u00e4ytt\u00f6isyytt\u00e4. Sen keskivahva koostumus tarjoaa t\u00e4ydellisen hallinnan levityksen aikana,<\/p>\n","protected":false},"featured_media":17869,"template":"","meta":[],"product_brand":[],"product_cat":[37],"product_tag":[],"class_list":{"0":"post-17868","1":"product","2":"type-product","3":"status-publish","4":"has-post-thumbnail","6":"product_cat-alusgeelid","8":"first","9":"instock","10":"taxable","11":"shipping-taxable","12":"purchasable","13":"product-type-simple"},"yoast_head":"<!-- This site is optimized with the Yoast SEO plugin v24.4 - https:\/\/yoast.com\/wordpress\/plugins\/seo\/ -->\n<title>PALU FLEXI BASE GEL 1 \/11g | Valika<\/title>\n<meta name=\"robots\" content=\"index, follow, max-snippet:-1, max-image-preview:large, max-video-preview:-1\" \/>\n<link rel=\"canonical\" href=\"https:\/\/valika.eu\/fi\/toode\/palu-flexi-gel-1-11g\/\" \/>\n<meta property=\"og:locale\" content=\"fi_FI\" \/>\n<meta property=\"og:type\" content=\"article\" \/>\n<meta property=\"og:title\" content=\"PALU FLEXI BASE GEL 1 \/11g | Valika\" \/>\n<meta property=\"og:description\" content=\"Flexi Palu -aluslakka on luotu manikyyreille, jotka arvostavat tarkkuutta, kest\u00e4vyytt\u00e4 ja helppok\u00e4ytt\u00f6isyytt\u00e4. Sen keskivahva koostumus tarjoaa t\u00e4ydellisen hallinnan levityksen aikana,\" \/>\n<meta property=\"og:url\" content=\"https:\/\/valika.eu\/fi\/toode\/palu-flexi-gel-1-11g\/\" \/>\n<meta property=\"og:site_name\" content=\"Valika\" \/>\n<meta property=\"article:publisher\" content=\"https:\/\/www.facebook.com\/tipsi.net\" \/>\n<meta property=\"article:modified_time\" content=\"2026-04-02T08:18:09+00:00\" \/>\n<meta property=\"og:image\" content=\"https:\/\/valika.eu\/wp-content\/uploads\/2025\/12\/flexi.png\" \/>\n\t<meta property=\"og:image:width\" content=\"600\" \/>\n\t<meta property=\"og:image:height\" content=\"600\" \/>\n\t<meta property=\"og:image:type\" content=\"image\/png\" \/>\n<meta name=\"twitter:card\" content=\"summary_large_image\" \/>\n<script type=\"application\/ld+json\" class=\"yoast-schema-graph\">{\"@context\":\"https:\/\/schema.org\",\"@graph\":[{\"@type\":\"WebPage\",\"@id\":\"https:\/\/valika.eu\/fi\/toode\/palu-flexi-gel-1-11g\/\",\"url\":\"https:\/\/valika.eu\/fi\/toode\/palu-flexi-gel-1-11g\/\",\"name\":\"PALU FLEXI BASE GEL 1 \/11g | Valika\",\"isPartOf\":{\"@id\":\"https:\/\/valika.eu\/fi\/#website\"},\"primaryImageOfPage\":{\"@id\":\"https:\/\/valika.eu\/fi\/toode\/palu-flexi-gel-1-11g\/#primaryimage\"},\"image\":{\"@id\":\"https:\/\/valika.eu\/toode\/palu-flexi-gel-1-11g\/#primaryimage\"},\"thumbnailUrl\":\"https:\/\/valika.eu\/wp-content\/uploads\/2025\/12\/flexi.png\",\"datePublished\":\"2025-12-04T13:34:51+00:00\",\"dateModified\":\"2026-04-02T08:18:09+00:00\",\"breadcrumb\":{\"@id\":\"https:\/\/valika.eu\/fi\/toode\/palu-flexi-gel-1-11g\/#breadcrumb\"},\"inLanguage\":\"fi\",\"potentialAction\":[{\"@type\":\"ReadAction\",\"target\":[[\"https:\/\/valika.eu\/fi\/toode\/palu-flexi-gel-1-11g\/\"]]}]},{\"@type\":\"ImageObject\",\"inLanguage\":\"fi\",\"@id\":\"https:\/\/valika.eu\/fi\/toode\/palu-flexi-gel-1-11g\/#primaryimage\",\"url\":\"https:\/\/valika.eu\/wp-content\/uploads\/2025\/12\/flexi.png\",\"contentUrl\":\"https:\/\/valika.eu\/wp-content\/uploads\/2025\/12\/flexi.png\",\"width\":600,\"height\":600},{\"@type\":\"BreadcrumbList\",\"@id\":\"https:\/\/valika.eu\/fi\/toode\/palu-flexi-gel-1-11g\/#breadcrumb\",\"itemListElement\":[{\"@type\":\"ListItem\",\"position\":1,\"name\":\"Koti\",\"item\":\"https:\/\/valika.eu\/fi\/\"},{\"@type\":\"ListItem\",\"position\":2,\"name\":\"Shop\",\"item\":\"https:\/\/valika.eu\/fi\/\"},{\"@type\":\"ListItem\",\"position\":3,\"name\":\"PALU FLEXI BASE GEL 1 \/11g\"}]},{\"@type\":\"WebSite\",\"@id\":\"https:\/\/valika.eu\/fi\/#website\",\"url\":\"https:\/\/valika.eu\/fi\/\",\"name\":\"Valika.eu\",\"description\":\"Salonkituotteet ja kauneudenhoitotuotteet - Valika tarjoaa laajan valikoiman tuotteita ja tarvikkeita kynsiteknikoille, kauneushoitoloille, kampaamoille ja kampaamoille.\",\"publisher\":{\"@id\":\"https:\/\/valika.eu\/fi\/#organization\"},\"alternateName\":\"Valika\",\"potentialAction\":[{\"@type\":\"SearchAction\",\"target\":{\"@type\":\"EntryPoint\",\"urlTemplate\":\"https:\/\/valika.eu\/fi\/?s={search_term_string}\"},\"query-input\":{\"@type\":\"PropertyValueSpecification\",\"valueRequired\":true,\"valueName\":\"search_term_string\"}}],\"inLanguage\":\"fi\"},{\"@type\":\"Organization\",\"@id\":\"https:\/\/valika.eu\/fi\/#organization\",\"name\":\"Salongitoode O\u00dc\",\"alternateName\":\"Valika\",\"url\":\"https:\/\/valika.eu\/fi\/\",\"logo\":{\"@type\":\"ImageObject\",\"inLanguage\":\"fi\",\"@id\":\"https:\/\/valika.eu\/fi\/#\/schema\/logo\/image\/\",\"url\":\"https:\/\/valika.eu\/wp-content\/uploads\/2023\/11\/logo2-valika-footer.png\",\"contentUrl\":\"https:\/\/valika.eu\/wp-content\/uploads\/2023\/11\/logo2-valika-footer.png\",\"width\":200,\"height\":129,\"caption\":\"Salongitoode O\u00dc\"},\"image\":{\"@id\":\"https:\/\/valika.eu\/fi\/#\/schema\/logo\/image\/\"},\"sameAs\":[\"https:\/\/www.facebook.com\/tipsi.net\"]}]}<\/script>\n<!-- \/ Yoast SEO plugin. -->","yoast_head_json":{"title":"PALU FLEXI BASE GEL 1 \/11g | Valika","robots":{"index":"index","follow":"follow","max-snippet":"max-snippet:-1","max-image-preview":"max-image-preview:large","max-video-preview":"max-video-preview:-1"},"canonical":"https:\/\/valika.eu\/fi\/toode\/palu-flexi-gel-1-11g\/","og_locale":"fi_FI","og_type":"article","og_title":"PALU FLEXI BASE GEL 1 \/11g | Valika","og_description":"Flexi Palu -aluslakka on luotu manikyyreille, jotka arvostavat tarkkuutta, kest\u00e4vyytt\u00e4 ja helppok\u00e4ytt\u00f6isyytt\u00e4. Sen keskivahva koostumus tarjoaa t\u00e4ydellisen hallinnan levityksen aikana,","og_url":"https:\/\/valika.eu\/fi\/toode\/palu-flexi-gel-1-11g\/","og_site_name":"Valika","article_publisher":"https:\/\/www.facebook.com\/tipsi.net","article_modified_time":"2026-04-02T08:18:09+00:00","og_image":[{"width":600,"height":600,"url":"https:\/\/valika.eu\/wp-content\/uploads\/2025\/12\/flexi.png","type":"image\/png"}],"twitter_card":"summary_large_image","schema":{"@context":"https:\/\/schema.org","@graph":[{"@type":"WebPage","@id":"https:\/\/valika.eu\/fi\/toode\/palu-flexi-gel-1-11g\/","url":"https:\/\/valika.eu\/fi\/toode\/palu-flexi-gel-1-11g\/","name":"PALU FLEXI BASE GEL 1 \/11g | Valika","isPartOf":{"@id":"https:\/\/valika.eu\/fi\/#website"},"primaryImageOfPage":{"@id":"https:\/\/valika.eu\/fi\/toode\/palu-flexi-gel-1-11g\/#primaryimage"},"image":{"@id":"https:\/\/valika.eu\/toode\/palu-flexi-gel-1-11g\/#primaryimage"},"thumbnailUrl":"https:\/\/valika.eu\/wp-content\/uploads\/2025\/12\/flexi.png","datePublished":"2025-12-04T13:34:51+00:00","dateModified":"2026-04-02T08:18:09+00:00","breadcrumb":{"@id":"https:\/\/valika.eu\/fi\/toode\/palu-flexi-gel-1-11g\/#breadcrumb"},"inLanguage":"fi","potentialAction":[{"@type":"ReadAction","target":[["https:\/\/valika.eu\/fi\/toode\/palu-flexi-gel-1-11g\/"]]}]},{"@type":"ImageObject","inLanguage":"fi","@id":"https:\/\/valika.eu\/fi\/toode\/palu-flexi-gel-1-11g\/#primaryimage","url":"https:\/\/valika.eu\/wp-content\/uploads\/2025\/12\/flexi.png","contentUrl":"https:\/\/valika.eu\/wp-content\/uploads\/2025\/12\/flexi.png","width":600,"height":600},{"@type":"BreadcrumbList","@id":"https:\/\/valika.eu\/fi\/toode\/palu-flexi-gel-1-11g\/#breadcrumb","itemListElement":[{"@type":"ListItem","position":1,"name":"Koti","item":"https:\/\/valika.eu\/fi\/"},{"@type":"ListItem","position":2,"name":"Shop","item":"https:\/\/valika.eu\/fi\/"},{"@type":"ListItem","position":3,"name":"PALU FLEXI BASE GEL 1 \/11g"}]},{"@type":"WebSite","@id":"https:\/\/valika.eu\/fi\/#website","url":"https:\/\/valika.eu\/fi\/","name":"Valika.eu","description":"Salonkituotteet ja kauneudenhoitotuotteet - Valika tarjoaa laajan valikoiman tuotteita ja tarvikkeita kynsiteknikoille, kauneushoitoloille, kampaamoille ja kampaamoille.","publisher":{"@id":"https:\/\/valika.eu\/fi\/#organization"},"alternateName":"Valika","potentialAction":[{"@type":"SearchAction","target":{"@type":"EntryPoint","urlTemplate":"https:\/\/valika.eu\/fi\/?s={search_term_string}"},"query-input":{"@type":"PropertyValueSpecification","valueRequired":true,"valueName":"search_term_string"}}],"inLanguage":"fi"},{"@type":"Organization","@id":"https:\/\/valika.eu\/fi\/#organization","name":"Salongitoode O\u00dc","alternateName":"Valika","url":"https:\/\/valika.eu\/fi\/","logo":{"@type":"ImageObject","inLanguage":"fi","@id":"https:\/\/valika.eu\/fi\/#\/schema\/logo\/image\/","url":"https:\/\/valika.eu\/wp-content\/uploads\/2023\/11\/logo2-valika-footer.png","contentUrl":"https:\/\/valika.eu\/wp-content\/uploads\/2023\/11\/logo2-valika-footer.png","width":200,"height":129,"caption":"Salongitoode O\u00dc"},"image":{"@id":"https:\/\/valika.eu\/fi\/#\/schema\/logo\/image\/"},"sameAs":["https:\/\/www.facebook.com\/tipsi.net"]}]}},"jetpack_sharing_enabled":true,"_links":{"self":[{"href":"https:\/\/valika.eu\/fi\/wp-json\/wp\/v2\/product\/17868","targetHints":{"allow":["GET"]}}],"collection":[{"href":"https:\/\/valika.eu\/fi\/wp-json\/wp\/v2\/product"}],"about":[{"href":"https:\/\/valika.eu\/fi\/wp-json\/wp\/v2\/types\/product"}],"wp:featuredmedia":[{"embeddable":true,"href":"https:\/\/valika.eu\/fi\/wp-json\/wp\/v2\/media\/17869"}],"wp:attachment":[{"href":"https:\/\/valika.eu\/fi\/wp-json\/wp\/v2\/media?parent=17868"}],"wp:term":[{"taxonomy":"product_brand","embeddable":true,"href":"https:\/\/valika.eu\/fi\/wp-json\/wp\/v2\/product_brand?post=17868"},{"taxonomy":"product_cat","embeddable":true,"href":"https:\/\/valika.eu\/fi\/wp-json\/wp\/v2\/product_cat?post=17868"},{"taxonomy":"product_tag","embeddable":true,"href":"https:\/\/valika.eu\/fi\/wp-json\/wp\/v2\/product_tag?post=17868"}],"curies":[{"name":"wp","href":"https:\/\/api.w.org\/{rel}","templated":true}]}}