{"id":18372,"date":"2026-01-12T16:40:17","date_gmt":"2026-01-12T14:40:17","guid":{"rendered":"https:\/\/valika.eu\/?post_type=product&#038;p=18372"},"modified":"2026-02-13T15:28:36","modified_gmt":"2026-02-13T13:28:36","slug":"15ml-cat-magnetic-gel-polish-t025","status":"publish","type":"product","link":"https:\/\/valika.eu\/fi\/toode\/15ml-cat-magnetic-gel-polish-t025\/","title":{"rendered":"15ml Cat Magnetic Gel Polish T025"},"content":{"rendered":"<p class=\"qtranxs-available-languages-message qtranxs-available-languages-message-fi\">T\u00e4m\u00e4 teksti on valitettavasti saatavilla vain kielill\u00e4: <a href=\"https:\/\/valika.eu\/et\/wp-json\/wp\/v2\/product\/18372\" class=\"qtranxs-available-language-link qtranxs-available-language-link-et\" title=\"Eesti\">Eesti<\/a>.<\/p><p>Specification:<br \/>\nBrand: BORN PRETTY<br \/>\nType: Gel Polish<br \/>\nColor\uff1aAs the picture shown<br \/>\nQuantity: 1 Bottle<br \/>\nCapacity: 15ml<br \/>\nLong Period: About 30 Days<br \/>\nSuitable Lamp: UV Lamp or LED Lamp<\/p>\n<p>Package Contents:<br \/>\nBORN PRETTY PRO 1 Bottles 10ml Gel Polish<\/p>\n<p>Feature:<br \/>\nIt is made of healthy, environmental, friendly, no poisonous, pungent chemical materials.<br \/>\nIt is quick-drying with any UV Light.<br \/>\nThis nail gel polish is easy to apply and soak off.<br \/>\nAllow you for professional or home nail art design.<br \/>\nA professional Nail Art Gift for yourself or your girlfriend.<\/p>\n<p>Professional usage:<br \/>\nStep 1.Clean Nails then polish nail surface as normal manicures process.<br \/>\nStep 2.Fully shake up the gel polish, it can make the gel polish color balanced.\u00a0 (Important)<br \/>\nStep 3.Apply Base gel first,which can make polish lasting longer, cure with UV lamp or LED lamp.\u00a0 (Necessary)<br \/>\nStep 4.Apply first layer Cat Magnetic Gel,and use magnetic stick\u00a0 push the shape you want,then cure it.<br \/>\nStep 5.Apply second layer Cat Magnetic Gel and use magnetic stick\u00a0 push the shape again,then cure in 30-60s.<br \/>\nStep 6.Coat with top coat,cured by UV lamp or LED lamp.<\/p>\n<p>Remove Our UV Gel Nail Polish Step:<br \/>\n\u2022 Soak nails in a glass bowl filled with a small amount of acetone, or wrap each nail in cotton pad soaked with acetone for around 5 to 10 minutes.<br \/>\n\u2022 Product will start to become soft and you can gently file it away or slide it off using a small wooden stick.<\/p>\n<p>Warm Reminder:<br \/>\n1.NOTICE: Please avoid contact with skin.In case of accident or if you feel unwell, seek medical advice immediately.(show the label whenever possible)<br \/>\n2.Keep tightly sealed.Keep out of sunlight.Keep out of reach of children.<\/p>","protected":false},"excerpt":{"rendered":"<p>T\u00e4m\u00e4 teksti on valitettavasti saatavilla vain kielill\u00e4: Eesti.Specification: Brand: BORN PRETTY Type: Gel Polish Color\uff1aAs the picture shown Quantity: 1<\/p>\n","protected":false},"featured_media":18373,"template":"","meta":[],"product_brand":[],"product_cat":[737],"product_tag":[],"class_list":{"0":"post-18372","1":"product","2":"type-product","3":"status-publish","4":"has-post-thumbnail","6":"product_cat-born-pretty-geellakid","8":"first","9":"instock","10":"taxable","11":"shipping-taxable","12":"purchasable","13":"product-type-simple"},"yoast_head":"<!-- This site is optimized with the Yoast SEO plugin v24.4 - https:\/\/yoast.com\/wordpress\/plugins\/seo\/ -->\n<title>15ml Cat Magnetic Gel Polish T025 | Valika<\/title>\n<meta name=\"robots\" content=\"index, follow, max-snippet:-1, max-image-preview:large, max-video-preview:-1\" \/>\n<link rel=\"canonical\" href=\"https:\/\/valika.eu\/fi\/toode\/15ml-cat-magnetic-gel-polish-t025\/\" \/>\n<meta property=\"og:locale\" content=\"fi_FI\" \/>\n<meta property=\"og:type\" content=\"article\" \/>\n<meta property=\"og:title\" content=\"15ml Cat Magnetic Gel Polish T025 | Valika\" \/>\n<meta property=\"og:description\" content=\"T\u00e4m\u00e4 teksti on valitettavasti saatavilla vain kielill\u00e4: Eesti.Specification: Brand: BORN PRETTY Type: Gel Polish Color\uff1aAs the picture shown Quantity: 1\" \/>\n<meta property=\"og:url\" content=\"https:\/\/valika.eu\/fi\/toode\/15ml-cat-magnetic-gel-polish-t025\/\" \/>\n<meta property=\"og:site_name\" content=\"Valika\" \/>\n<meta property=\"article:publisher\" content=\"https:\/\/www.facebook.com\/tipsi.net\" \/>\n<meta property=\"article:modified_time\" content=\"2026-02-13T13:28:36+00:00\" \/>\n<meta property=\"og:image\" content=\"https:\/\/valika.eu\/wp-content\/uploads\/2026\/01\/t025.jpg\" \/>\n\t<meta property=\"og:image:width\" content=\"225\" \/>\n\t<meta property=\"og:image:height\" content=\"225\" \/>\n\t<meta property=\"og:image:type\" content=\"image\/jpeg\" \/>\n<meta name=\"twitter:card\" content=\"summary_large_image\" \/>\n<script type=\"application\/ld+json\" class=\"yoast-schema-graph\">{\"@context\":\"https:\/\/schema.org\",\"@graph\":[{\"@type\":\"WebPage\",\"@id\":\"https:\/\/valika.eu\/fi\/toode\/15ml-cat-magnetic-gel-polish-t025\/\",\"url\":\"https:\/\/valika.eu\/fi\/toode\/15ml-cat-magnetic-gel-polish-t025\/\",\"name\":\"15ml Cat Magnetic Gel Polish T025 | Valika\",\"isPartOf\":{\"@id\":\"https:\/\/valika.eu\/fi\/#website\"},\"primaryImageOfPage\":{\"@id\":\"https:\/\/valika.eu\/fi\/toode\/15ml-cat-magnetic-gel-polish-t025\/#primaryimage\"},\"image\":{\"@id\":\"https:\/\/valika.eu\/toode\/15ml-cat-magnetic-gel-polish-t025\/#primaryimage\"},\"thumbnailUrl\":\"https:\/\/valika.eu\/wp-content\/uploads\/2026\/01\/t025.jpg\",\"datePublished\":\"2026-01-12T14:40:17+00:00\",\"dateModified\":\"2026-02-13T13:28:36+00:00\",\"breadcrumb\":{\"@id\":\"https:\/\/valika.eu\/fi\/toode\/15ml-cat-magnetic-gel-polish-t025\/#breadcrumb\"},\"inLanguage\":\"fi\",\"potentialAction\":[{\"@type\":\"ReadAction\",\"target\":[[\"https:\/\/valika.eu\/fi\/toode\/15ml-cat-magnetic-gel-polish-t025\/\"]]}]},{\"@type\":\"ImageObject\",\"inLanguage\":\"fi\",\"@id\":\"https:\/\/valika.eu\/fi\/toode\/15ml-cat-magnetic-gel-polish-t025\/#primaryimage\",\"url\":\"https:\/\/valika.eu\/wp-content\/uploads\/2026\/01\/t025.jpg\",\"contentUrl\":\"https:\/\/valika.eu\/wp-content\/uploads\/2026\/01\/t025.jpg\",\"width\":225,\"height\":225},{\"@type\":\"BreadcrumbList\",\"@id\":\"https:\/\/valika.eu\/fi\/toode\/15ml-cat-magnetic-gel-polish-t025\/#breadcrumb\",\"itemListElement\":[{\"@type\":\"ListItem\",\"position\":1,\"name\":\"Koti\",\"item\":\"https:\/\/valika.eu\/fi\/\"},{\"@type\":\"ListItem\",\"position\":2,\"name\":\"Shop\",\"item\":\"https:\/\/valika.eu\/fi\/\"},{\"@type\":\"ListItem\",\"position\":3,\"name\":\"15ml Cat Magnetic Gel Polish T025\"}]},{\"@type\":\"WebSite\",\"@id\":\"https:\/\/valika.eu\/fi\/#website\",\"url\":\"https:\/\/valika.eu\/fi\/\",\"name\":\"Valika.eu\",\"description\":\"Salonkituotteet ja kauneudenhoitotuotteet - Valika tarjoaa laajan valikoiman tuotteita ja tarvikkeita kynsiteknikoille, kauneushoitoloille, kampaamoille ja kampaamoille.\",\"publisher\":{\"@id\":\"https:\/\/valika.eu\/fi\/#organization\"},\"alternateName\":\"Valika\",\"potentialAction\":[{\"@type\":\"SearchAction\",\"target\":{\"@type\":\"EntryPoint\",\"urlTemplate\":\"https:\/\/valika.eu\/fi\/?s={search_term_string}\"},\"query-input\":{\"@type\":\"PropertyValueSpecification\",\"valueRequired\":true,\"valueName\":\"search_term_string\"}}],\"inLanguage\":\"fi\"},{\"@type\":\"Organization\",\"@id\":\"https:\/\/valika.eu\/fi\/#organization\",\"name\":\"Salongitoode O\u00dc\",\"alternateName\":\"Valika\",\"url\":\"https:\/\/valika.eu\/fi\/\",\"logo\":{\"@type\":\"ImageObject\",\"inLanguage\":\"fi\",\"@id\":\"https:\/\/valika.eu\/fi\/#\/schema\/logo\/image\/\",\"url\":\"https:\/\/valika.eu\/wp-content\/uploads\/2023\/11\/logo2-valika-footer.png\",\"contentUrl\":\"https:\/\/valika.eu\/wp-content\/uploads\/2023\/11\/logo2-valika-footer.png\",\"width\":200,\"height\":129,\"caption\":\"Salongitoode O\u00dc\"},\"image\":{\"@id\":\"https:\/\/valika.eu\/fi\/#\/schema\/logo\/image\/\"},\"sameAs\":[\"https:\/\/www.facebook.com\/tipsi.net\"]}]}<\/script>\n<!-- \/ Yoast SEO plugin. -->","yoast_head_json":{"title":"15ml Cat Magnetic Gel Polish T025 | Valika","robots":{"index":"index","follow":"follow","max-snippet":"max-snippet:-1","max-image-preview":"max-image-preview:large","max-video-preview":"max-video-preview:-1"},"canonical":"https:\/\/valika.eu\/fi\/toode\/15ml-cat-magnetic-gel-polish-t025\/","og_locale":"fi_FI","og_type":"article","og_title":"15ml Cat Magnetic Gel Polish T025 | Valika","og_description":"T\u00e4m\u00e4 teksti on valitettavasti saatavilla vain kielill\u00e4: Eesti.Specification: Brand: BORN PRETTY Type: Gel Polish Color\uff1aAs the picture shown Quantity: 1","og_url":"https:\/\/valika.eu\/fi\/toode\/15ml-cat-magnetic-gel-polish-t025\/","og_site_name":"Valika","article_publisher":"https:\/\/www.facebook.com\/tipsi.net","article_modified_time":"2026-02-13T13:28:36+00:00","og_image":[{"width":225,"height":225,"url":"https:\/\/valika.eu\/wp-content\/uploads\/2026\/01\/t025.jpg","type":"image\/jpeg"}],"twitter_card":"summary_large_image","schema":{"@context":"https:\/\/schema.org","@graph":[{"@type":"WebPage","@id":"https:\/\/valika.eu\/fi\/toode\/15ml-cat-magnetic-gel-polish-t025\/","url":"https:\/\/valika.eu\/fi\/toode\/15ml-cat-magnetic-gel-polish-t025\/","name":"15ml Cat Magnetic Gel Polish T025 | Valika","isPartOf":{"@id":"https:\/\/valika.eu\/fi\/#website"},"primaryImageOfPage":{"@id":"https:\/\/valika.eu\/fi\/toode\/15ml-cat-magnetic-gel-polish-t025\/#primaryimage"},"image":{"@id":"https:\/\/valika.eu\/toode\/15ml-cat-magnetic-gel-polish-t025\/#primaryimage"},"thumbnailUrl":"https:\/\/valika.eu\/wp-content\/uploads\/2026\/01\/t025.jpg","datePublished":"2026-01-12T14:40:17+00:00","dateModified":"2026-02-13T13:28:36+00:00","breadcrumb":{"@id":"https:\/\/valika.eu\/fi\/toode\/15ml-cat-magnetic-gel-polish-t025\/#breadcrumb"},"inLanguage":"fi","potentialAction":[{"@type":"ReadAction","target":[["https:\/\/valika.eu\/fi\/toode\/15ml-cat-magnetic-gel-polish-t025\/"]]}]},{"@type":"ImageObject","inLanguage":"fi","@id":"https:\/\/valika.eu\/fi\/toode\/15ml-cat-magnetic-gel-polish-t025\/#primaryimage","url":"https:\/\/valika.eu\/wp-content\/uploads\/2026\/01\/t025.jpg","contentUrl":"https:\/\/valika.eu\/wp-content\/uploads\/2026\/01\/t025.jpg","width":225,"height":225},{"@type":"BreadcrumbList","@id":"https:\/\/valika.eu\/fi\/toode\/15ml-cat-magnetic-gel-polish-t025\/#breadcrumb","itemListElement":[{"@type":"ListItem","position":1,"name":"Koti","item":"https:\/\/valika.eu\/fi\/"},{"@type":"ListItem","position":2,"name":"Shop","item":"https:\/\/valika.eu\/fi\/"},{"@type":"ListItem","position":3,"name":"15ml Cat Magnetic Gel Polish T025"}]},{"@type":"WebSite","@id":"https:\/\/valika.eu\/fi\/#website","url":"https:\/\/valika.eu\/fi\/","name":"Valika.eu","description":"Salonkituotteet ja kauneudenhoitotuotteet - Valika tarjoaa laajan valikoiman tuotteita ja tarvikkeita kynsiteknikoille, kauneushoitoloille, kampaamoille ja kampaamoille.","publisher":{"@id":"https:\/\/valika.eu\/fi\/#organization"},"alternateName":"Valika","potentialAction":[{"@type":"SearchAction","target":{"@type":"EntryPoint","urlTemplate":"https:\/\/valika.eu\/fi\/?s={search_term_string}"},"query-input":{"@type":"PropertyValueSpecification","valueRequired":true,"valueName":"search_term_string"}}],"inLanguage":"fi"},{"@type":"Organization","@id":"https:\/\/valika.eu\/fi\/#organization","name":"Salongitoode O\u00dc","alternateName":"Valika","url":"https:\/\/valika.eu\/fi\/","logo":{"@type":"ImageObject","inLanguage":"fi","@id":"https:\/\/valika.eu\/fi\/#\/schema\/logo\/image\/","url":"https:\/\/valika.eu\/wp-content\/uploads\/2023\/11\/logo2-valika-footer.png","contentUrl":"https:\/\/valika.eu\/wp-content\/uploads\/2023\/11\/logo2-valika-footer.png","width":200,"height":129,"caption":"Salongitoode O\u00dc"},"image":{"@id":"https:\/\/valika.eu\/fi\/#\/schema\/logo\/image\/"},"sameAs":["https:\/\/www.facebook.com\/tipsi.net"]}]}},"jetpack_sharing_enabled":true,"_links":{"self":[{"href":"https:\/\/valika.eu\/fi\/wp-json\/wp\/v2\/product\/18372","targetHints":{"allow":["GET"]}}],"collection":[{"href":"https:\/\/valika.eu\/fi\/wp-json\/wp\/v2\/product"}],"about":[{"href":"https:\/\/valika.eu\/fi\/wp-json\/wp\/v2\/types\/product"}],"wp:featuredmedia":[{"embeddable":true,"href":"https:\/\/valika.eu\/fi\/wp-json\/wp\/v2\/media\/18373"}],"wp:attachment":[{"href":"https:\/\/valika.eu\/fi\/wp-json\/wp\/v2\/media?parent=18372"}],"wp:term":[{"taxonomy":"product_brand","embeddable":true,"href":"https:\/\/valika.eu\/fi\/wp-json\/wp\/v2\/product_brand?post=18372"},{"taxonomy":"product_cat","embeddable":true,"href":"https:\/\/valika.eu\/fi\/wp-json\/wp\/v2\/product_cat?post=18372"},{"taxonomy":"product_tag","embeddable":true,"href":"https:\/\/valika.eu\/fi\/wp-json\/wp\/v2\/product_tag?post=18372"}],"curies":[{"name":"wp","href":"https:\/\/api.w.org\/{rel}","templated":true}]}}