{"id":19080,"date":"2026-02-05T13:38:32","date_gmt":"2026-02-05T11:38:32","guid":{"rendered":"https:\/\/valika.eu\/?post_type=product&#038;p=19080"},"modified":"2026-04-28T15:53:54","modified_gmt":"2026-04-28T12:53:54","slug":"claresa-ilusion-pink-5g","status":"publish","type":"product","link":"https:\/\/valika.eu\/fi\/toode\/claresa-ilusion-pink-5g\/","title":{"rendered":"Claresa Ilusion Pink 5g"},"content":{"rendered":"<p>hybridikynsilakka \u2022 V\u00c4RIALKEMIAA<\/p>\n<p>Muinaisissa alkemistien kirjoissa v\u00e4rill\u00e4 oli muodonmuutoksen voima \u2013 tavallinen metalli saattoi muuttua kullaksi ja valo paljasti piilotettuja v\u00e4rej\u00e4.<\/p>\n<p>T\u00e4st\u00e4 inspiraatiosta syntyi\u00a0V\u00c4RIALKEMIAA\u00a0\u2013 kokoelma hybridi-eliksiirej\u00e4, jotka yhdist\u00e4v\u00e4t kolme mystist\u00e4 efekti\u00e4:\u00a0kissansilm\u00e4, illuusio ja hydrolasi\u00a0. Sekoita niit\u00e4 yhteen, kerrosta niit\u00e4 ja kokeile valoa ja kulmaa.<\/p>\n<p>T\u00e4m\u00e4 ei ole vain tavallinen kokoelma \u2013 se on\u00a0sinun v\u00e4rilaboratoriosi\u00a0.<\/p>\n<p>L\u00e4pin\u00e4kyvi\u00e4, moniulotteisia s\u00e4vyj\u00e4 kameleonttiefektill\u00e4. Jokainen v\u00e4ri on illuusio \u2013 se muuttuu valon, katselukulman ja pohjan mukaan, johon sit\u00e4 levitet\u00e4\u00e4n. Se on kuin nestem\u00e4ist\u00e4 valoa, joka saa uuden muodon jokaisella k\u00e4den liikkeell\u00e4. Alkemiallinen symboli: muutos ja mysteeri. Inspiraatio: kangastukset, sumu ja lasi revontulien v\u00e4reiss\u00e4.<\/p>\n<p>Levit\u00e4 yksi kerros POHTIMAA rasvattomalle kynsilevylle ja anna kuivua v\u00e4hint\u00e4\u00e4n 60 sekuntia UV\/LED-lampussa.<\/p>\n<p>Levit\u00e4 sitten ensimm\u00e4inen kerros COLOR-hybridilakkaa kovettuneelle POHJALLE ja koveta UV\/LED-lampussa (toista tarvittaessa toimenpide).<\/p>\n<p>Levit\u00e4 lopuksi yksi kerros P\u00c4\u00c4LLYSLAKKAA ja koveta v\u00e4hint\u00e4\u00e4n 60 sekuntia UV\/LED-lampussa.<\/p>","protected":false},"excerpt":{"rendered":"<p>hybridikynsilakka \u2022 V\u00c4RIALKEMIAA Muinaisissa alkemistien kirjoissa v\u00e4rill\u00e4 oli muodonmuutoksen voima \u2013 tavallinen metalli saattoi muuttua kullaksi ja valo paljasti piilotettuja<\/p>\n","protected":false},"featured_media":19081,"template":"","meta":[],"product_brand":[],"product_cat":[743],"product_tag":[],"class_list":{"0":"post-19080","1":"product","2":"type-product","3":"status-publish","4":"has-post-thumbnail","6":"product_cat-color-alchemy","8":"first","9":"instock","10":"taxable","11":"shipping-taxable","12":"purchasable","13":"product-type-simple"},"yoast_head":"<!-- This site is optimized with the Yoast SEO plugin v24.4 - https:\/\/yoast.com\/wordpress\/plugins\/seo\/ -->\n<title>Claresa Ilusion Pink 5g | Valika<\/title>\n<meta name=\"robots\" content=\"index, follow, max-snippet:-1, max-image-preview:large, max-video-preview:-1\" \/>\n<link rel=\"canonical\" href=\"https:\/\/valika.eu\/fi\/toode\/claresa-ilusion-pink-5g\/\" \/>\n<meta property=\"og:locale\" content=\"fi_FI\" \/>\n<meta property=\"og:type\" content=\"article\" \/>\n<meta property=\"og:title\" content=\"Claresa Ilusion Pink 5g | Valika\" \/>\n<meta property=\"og:description\" content=\"hybridikynsilakka \u2022 V\u00c4RIALKEMIAA Muinaisissa alkemistien kirjoissa v\u00e4rill\u00e4 oli muodonmuutoksen voima \u2013 tavallinen metalli saattoi muuttua kullaksi ja valo paljasti piilotettuja\" \/>\n<meta property=\"og:url\" content=\"https:\/\/valika.eu\/fi\/toode\/claresa-ilusion-pink-5g\/\" \/>\n<meta property=\"og:site_name\" content=\"Valika\" \/>\n<meta property=\"article:publisher\" content=\"https:\/\/www.facebook.com\/tipsi.net\" \/>\n<meta property=\"article:modified_time\" content=\"2026-04-28T12:53:54+00:00\" \/>\n<meta property=\"og:image\" content=\"https:\/\/valika.eu\/wp-content\/uploads\/2026\/02\/pink-il.jpg\" \/>\n\t<meta property=\"og:image:width\" content=\"800\" \/>\n\t<meta property=\"og:image:height\" content=\"800\" \/>\n\t<meta property=\"og:image:type\" content=\"image\/jpeg\" \/>\n<meta name=\"twitter:card\" content=\"summary_large_image\" \/>\n<script type=\"application\/ld+json\" class=\"yoast-schema-graph\">{\"@context\":\"https:\/\/schema.org\",\"@graph\":[{\"@type\":\"WebPage\",\"@id\":\"https:\/\/valika.eu\/fi\/toode\/claresa-ilusion-pink-5g\/\",\"url\":\"https:\/\/valika.eu\/fi\/toode\/claresa-ilusion-pink-5g\/\",\"name\":\"Claresa Ilusion Pink 5g | Valika\",\"isPartOf\":{\"@id\":\"https:\/\/valika.eu\/fi\/#website\"},\"primaryImageOfPage\":{\"@id\":\"https:\/\/valika.eu\/fi\/toode\/claresa-ilusion-pink-5g\/#primaryimage\"},\"image\":{\"@id\":\"https:\/\/valika.eu\/toode\/claresa-ilusion-pink-5g\/#primaryimage\"},\"thumbnailUrl\":\"https:\/\/valika.eu\/wp-content\/uploads\/2026\/02\/pink-il.jpg\",\"datePublished\":\"2026-02-05T11:38:32+00:00\",\"dateModified\":\"2026-04-28T12:53:54+00:00\",\"breadcrumb\":{\"@id\":\"https:\/\/valika.eu\/fi\/toode\/claresa-ilusion-pink-5g\/#breadcrumb\"},\"inLanguage\":\"fi\",\"potentialAction\":[{\"@type\":\"ReadAction\",\"target\":[[\"https:\/\/valika.eu\/fi\/toode\/claresa-ilusion-pink-5g\/\"]]}]},{\"@type\":\"ImageObject\",\"inLanguage\":\"fi\",\"@id\":\"https:\/\/valika.eu\/fi\/toode\/claresa-ilusion-pink-5g\/#primaryimage\",\"url\":\"https:\/\/valika.eu\/wp-content\/uploads\/2026\/02\/pink-il.jpg\",\"contentUrl\":\"https:\/\/valika.eu\/wp-content\/uploads\/2026\/02\/pink-il.jpg\",\"width\":800,\"height\":800},{\"@type\":\"BreadcrumbList\",\"@id\":\"https:\/\/valika.eu\/fi\/toode\/claresa-ilusion-pink-5g\/#breadcrumb\",\"itemListElement\":[{\"@type\":\"ListItem\",\"position\":1,\"name\":\"Koti\",\"item\":\"https:\/\/valika.eu\/fi\/\"},{\"@type\":\"ListItem\",\"position\":2,\"name\":\"Shop\",\"item\":\"https:\/\/valika.eu\/fi\/\"},{\"@type\":\"ListItem\",\"position\":3,\"name\":\"Claresa Ilusion Pink 5g\"}]},{\"@type\":\"WebSite\",\"@id\":\"https:\/\/valika.eu\/fi\/#website\",\"url\":\"https:\/\/valika.eu\/fi\/\",\"name\":\"Valika.eu\",\"description\":\"Salonkituotteet ja kauneudenhoitotuotteet - Valika tarjoaa laajan valikoiman tuotteita ja tarvikkeita kynsiteknikoille, kauneushoitoloille, kampaamoille ja kampaamoille.\",\"publisher\":{\"@id\":\"https:\/\/valika.eu\/fi\/#organization\"},\"alternateName\":\"Valika\",\"potentialAction\":[{\"@type\":\"SearchAction\",\"target\":{\"@type\":\"EntryPoint\",\"urlTemplate\":\"https:\/\/valika.eu\/fi\/?s={search_term_string}\"},\"query-input\":{\"@type\":\"PropertyValueSpecification\",\"valueRequired\":true,\"valueName\":\"search_term_string\"}}],\"inLanguage\":\"fi\"},{\"@type\":\"Organization\",\"@id\":\"https:\/\/valika.eu\/fi\/#organization\",\"name\":\"Salongitoode O\u00dc\",\"alternateName\":\"Valika\",\"url\":\"https:\/\/valika.eu\/fi\/\",\"logo\":{\"@type\":\"ImageObject\",\"inLanguage\":\"fi\",\"@id\":\"https:\/\/valika.eu\/fi\/#\/schema\/logo\/image\/\",\"url\":\"https:\/\/valika.eu\/wp-content\/uploads\/2023\/11\/logo2-valika-footer.png\",\"contentUrl\":\"https:\/\/valika.eu\/wp-content\/uploads\/2023\/11\/logo2-valika-footer.png\",\"width\":200,\"height\":129,\"caption\":\"Salongitoode O\u00dc\"},\"image\":{\"@id\":\"https:\/\/valika.eu\/fi\/#\/schema\/logo\/image\/\"},\"sameAs\":[\"https:\/\/www.facebook.com\/tipsi.net\"]}]}<\/script>\n<!-- \/ Yoast SEO plugin. -->","yoast_head_json":{"title":"Claresa Ilusion Pink 5g | Valika","robots":{"index":"index","follow":"follow","max-snippet":"max-snippet:-1","max-image-preview":"max-image-preview:large","max-video-preview":"max-video-preview:-1"},"canonical":"https:\/\/valika.eu\/fi\/toode\/claresa-ilusion-pink-5g\/","og_locale":"fi_FI","og_type":"article","og_title":"Claresa Ilusion Pink 5g | Valika","og_description":"hybridikynsilakka \u2022 V\u00c4RIALKEMIAA Muinaisissa alkemistien kirjoissa v\u00e4rill\u00e4 oli muodonmuutoksen voima \u2013 tavallinen metalli saattoi muuttua kullaksi ja valo paljasti piilotettuja","og_url":"https:\/\/valika.eu\/fi\/toode\/claresa-ilusion-pink-5g\/","og_site_name":"Valika","article_publisher":"https:\/\/www.facebook.com\/tipsi.net","article_modified_time":"2026-04-28T12:53:54+00:00","og_image":[{"width":800,"height":800,"url":"https:\/\/valika.eu\/wp-content\/uploads\/2026\/02\/pink-il.jpg","type":"image\/jpeg"}],"twitter_card":"summary_large_image","schema":{"@context":"https:\/\/schema.org","@graph":[{"@type":"WebPage","@id":"https:\/\/valika.eu\/fi\/toode\/claresa-ilusion-pink-5g\/","url":"https:\/\/valika.eu\/fi\/toode\/claresa-ilusion-pink-5g\/","name":"Claresa Ilusion Pink 5g | Valika","isPartOf":{"@id":"https:\/\/valika.eu\/fi\/#website"},"primaryImageOfPage":{"@id":"https:\/\/valika.eu\/fi\/toode\/claresa-ilusion-pink-5g\/#primaryimage"},"image":{"@id":"https:\/\/valika.eu\/toode\/claresa-ilusion-pink-5g\/#primaryimage"},"thumbnailUrl":"https:\/\/valika.eu\/wp-content\/uploads\/2026\/02\/pink-il.jpg","datePublished":"2026-02-05T11:38:32+00:00","dateModified":"2026-04-28T12:53:54+00:00","breadcrumb":{"@id":"https:\/\/valika.eu\/fi\/toode\/claresa-ilusion-pink-5g\/#breadcrumb"},"inLanguage":"fi","potentialAction":[{"@type":"ReadAction","target":[["https:\/\/valika.eu\/fi\/toode\/claresa-ilusion-pink-5g\/"]]}]},{"@type":"ImageObject","inLanguage":"fi","@id":"https:\/\/valika.eu\/fi\/toode\/claresa-ilusion-pink-5g\/#primaryimage","url":"https:\/\/valika.eu\/wp-content\/uploads\/2026\/02\/pink-il.jpg","contentUrl":"https:\/\/valika.eu\/wp-content\/uploads\/2026\/02\/pink-il.jpg","width":800,"height":800},{"@type":"BreadcrumbList","@id":"https:\/\/valika.eu\/fi\/toode\/claresa-ilusion-pink-5g\/#breadcrumb","itemListElement":[{"@type":"ListItem","position":1,"name":"Koti","item":"https:\/\/valika.eu\/fi\/"},{"@type":"ListItem","position":2,"name":"Shop","item":"https:\/\/valika.eu\/fi\/"},{"@type":"ListItem","position":3,"name":"Claresa Ilusion Pink 5g"}]},{"@type":"WebSite","@id":"https:\/\/valika.eu\/fi\/#website","url":"https:\/\/valika.eu\/fi\/","name":"Valika.eu","description":"Salonkituotteet ja kauneudenhoitotuotteet - Valika tarjoaa laajan valikoiman tuotteita ja tarvikkeita kynsiteknikoille, kauneushoitoloille, kampaamoille ja kampaamoille.","publisher":{"@id":"https:\/\/valika.eu\/fi\/#organization"},"alternateName":"Valika","potentialAction":[{"@type":"SearchAction","target":{"@type":"EntryPoint","urlTemplate":"https:\/\/valika.eu\/fi\/?s={search_term_string}"},"query-input":{"@type":"PropertyValueSpecification","valueRequired":true,"valueName":"search_term_string"}}],"inLanguage":"fi"},{"@type":"Organization","@id":"https:\/\/valika.eu\/fi\/#organization","name":"Salongitoode O\u00dc","alternateName":"Valika","url":"https:\/\/valika.eu\/fi\/","logo":{"@type":"ImageObject","inLanguage":"fi","@id":"https:\/\/valika.eu\/fi\/#\/schema\/logo\/image\/","url":"https:\/\/valika.eu\/wp-content\/uploads\/2023\/11\/logo2-valika-footer.png","contentUrl":"https:\/\/valika.eu\/wp-content\/uploads\/2023\/11\/logo2-valika-footer.png","width":200,"height":129,"caption":"Salongitoode O\u00dc"},"image":{"@id":"https:\/\/valika.eu\/fi\/#\/schema\/logo\/image\/"},"sameAs":["https:\/\/www.facebook.com\/tipsi.net"]}]}},"jetpack_sharing_enabled":true,"_links":{"self":[{"href":"https:\/\/valika.eu\/fi\/wp-json\/wp\/v2\/product\/19080","targetHints":{"allow":["GET"]}}],"collection":[{"href":"https:\/\/valika.eu\/fi\/wp-json\/wp\/v2\/product"}],"about":[{"href":"https:\/\/valika.eu\/fi\/wp-json\/wp\/v2\/types\/product"}],"wp:featuredmedia":[{"embeddable":true,"href":"https:\/\/valika.eu\/fi\/wp-json\/wp\/v2\/media\/19081"}],"wp:attachment":[{"href":"https:\/\/valika.eu\/fi\/wp-json\/wp\/v2\/media?parent=19080"}],"wp:term":[{"taxonomy":"product_brand","embeddable":true,"href":"https:\/\/valika.eu\/fi\/wp-json\/wp\/v2\/product_brand?post=19080"},{"taxonomy":"product_cat","embeddable":true,"href":"https:\/\/valika.eu\/fi\/wp-json\/wp\/v2\/product_cat?post=19080"},{"taxonomy":"product_tag","embeddable":true,"href":"https:\/\/valika.eu\/fi\/wp-json\/wp\/v2\/product_tag?post=19080"}],"curies":[{"name":"wp","href":"https:\/\/api.w.org\/{rel}","templated":true}]}}