{"id":19099,"date":"2026-02-05T14:07:10","date_gmt":"2026-02-05T12:07:10","guid":{"rendered":"https:\/\/valika.eu\/?post_type=product&#038;p=19099"},"modified":"2026-03-19T10:16:28","modified_gmt":"2026-03-19T08:16:28","slug":"claresa-hydro-purple-5g","status":"publish","type":"product","link":"https:\/\/valika.eu\/fi\/toode\/claresa-hydro-purple-5g\/","title":{"rendered":"Claresa Hydro Purple 5g"},"content":{"rendered":"<p>Muinaisissa alkemistien kirjoissa v\u00e4rill\u00e4 oli muuntautumisvoima \u2013 tavallinen metalli saattoi muuttua kullaksi ja valo paljasti piilotettuja v\u00e4rej\u00e4.<\/p>\n<p>T\u00e4st\u00e4 inspiraatiosta syntyi\u00a0COLOR ALCHEMY\u00a0\u2013 kokoelma hybridi-eliksiirej\u00e4, jotka yhdist\u00e4v\u00e4t kolme mystist\u00e4 efekti\u00e4:\u00a0kissansilm\u00e4, illuusio ja hydrolasi\u00a0. Sekoita niit\u00e4 yhteen, kerrosta niit\u00e4 ja kokeile valolla ja kulmalla.<\/p>\n<p>T\u00e4m\u00e4 ei ole vain tavallinen kokoelma \u2013 se on\u00a0v\u00e4rilaboratoriosi\u00a0.<\/p>\n<p>HYDRO \u2013 &#8220;Puhdas hehkun olemus&#8221;<\/p>\n<p>Nelj\u00e4 kiteist\u00e4 s\u00e4vy\u00e4, joissa on &#8220;lasi&#8221;-efekti \u2013 l\u00e4pin\u00e4kyv\u00e4, valoisa ja t\u00e4ynn\u00e4 syvyytt\u00e4. Ne luovat lasiefektin, joka heijastaa valoa kuin vesipisara iholla. T\u00e4ydellinen pohjaksi tai yhdistett\u00e4v\u00e4ksi muiden efektien kanssa. Alkemiallinen symboli: puhdistus ja harmonia. Inspiraatio: eliksiirit, tisleet, kastepisarat.<\/p>\n<p>Puolil\u00e4pin\u00e4kyv\u00e4, kahvikaramelliruskea, jossa on pehme\u00e4, l\u00e4mmin syvyys. Se n\u00e4ytt\u00e4\u00e4 valoon upotetulta karamellisiirapilta \u2013 hienovarainen, elegantti ja eritt\u00e4in moderni. T\u00e4ydellinen luonnolliseen nude-lookiin, mutta omalla twistill\u00e4\u00e4n.<\/p>","protected":false},"excerpt":{"rendered":"<p>Muinaisissa alkemistien kirjoissa v\u00e4rill\u00e4 oli muuntautumisvoima \u2013 tavallinen metalli saattoi muuttua kullaksi ja valo paljasti piilotettuja v\u00e4rej\u00e4. T\u00e4st\u00e4 inspiraatiosta syntyi\u00a0COLOR<\/p>\n","protected":false},"featured_media":19101,"template":"","meta":[],"product_brand":[],"product_cat":[743],"product_tag":[],"class_list":{"0":"post-19099","1":"product","2":"type-product","3":"status-publish","4":"has-post-thumbnail","6":"product_cat-color-alchemy","8":"first","9":"instock","10":"taxable","11":"shipping-taxable","12":"purchasable","13":"product-type-simple"},"yoast_head":"<!-- This site is optimized with the Yoast SEO plugin v24.4 - https:\/\/yoast.com\/wordpress\/plugins\/seo\/ -->\n<title>Claresa Hydro Purple 5g | Valika<\/title>\n<meta name=\"robots\" content=\"index, follow, max-snippet:-1, max-image-preview:large, max-video-preview:-1\" \/>\n<link rel=\"canonical\" href=\"https:\/\/valika.eu\/fi\/toode\/claresa-hydro-purple-5g\/\" \/>\n<meta property=\"og:locale\" content=\"fi_FI\" \/>\n<meta property=\"og:type\" content=\"article\" \/>\n<meta property=\"og:title\" content=\"Claresa Hydro Purple 5g | Valika\" \/>\n<meta property=\"og:description\" content=\"Muinaisissa alkemistien kirjoissa v\u00e4rill\u00e4 oli muuntautumisvoima \u2013 tavallinen metalli saattoi muuttua kullaksi ja valo paljasti piilotettuja v\u00e4rej\u00e4. T\u00e4st\u00e4 inspiraatiosta syntyi\u00a0COLOR\" \/>\n<meta property=\"og:url\" content=\"https:\/\/valika.eu\/fi\/toode\/claresa-hydro-purple-5g\/\" \/>\n<meta property=\"og:site_name\" content=\"Valika\" \/>\n<meta property=\"article:publisher\" content=\"https:\/\/www.facebook.com\/tipsi.net\" \/>\n<meta property=\"article:modified_time\" content=\"2026-03-19T08:16:28+00:00\" \/>\n<meta property=\"og:image\" content=\"https:\/\/valika.eu\/wp-content\/uploads\/2026\/02\/hydro-pr.webp\" \/>\n\t<meta property=\"og:image:width\" content=\"1200\" \/>\n\t<meta property=\"og:image:height\" content=\"1200\" \/>\n\t<meta property=\"og:image:type\" content=\"image\/webp\" \/>\n<meta name=\"twitter:card\" content=\"summary_large_image\" \/>\n<script type=\"application\/ld+json\" class=\"yoast-schema-graph\">{\"@context\":\"https:\/\/schema.org\",\"@graph\":[{\"@type\":\"WebPage\",\"@id\":\"https:\/\/valika.eu\/fi\/toode\/claresa-hydro-purple-5g\/\",\"url\":\"https:\/\/valika.eu\/fi\/toode\/claresa-hydro-purple-5g\/\",\"name\":\"Claresa Hydro Purple 5g | Valika\",\"isPartOf\":{\"@id\":\"https:\/\/valika.eu\/fi\/#website\"},\"primaryImageOfPage\":{\"@id\":\"https:\/\/valika.eu\/fi\/toode\/claresa-hydro-purple-5g\/#primaryimage\"},\"image\":{\"@id\":\"https:\/\/valika.eu\/toode\/claresa-hydro-purple-5g\/#primaryimage\"},\"thumbnailUrl\":\"https:\/\/valika.eu\/wp-content\/uploads\/2026\/02\/hydro-pr.webp\",\"datePublished\":\"2026-02-05T12:07:10+00:00\",\"dateModified\":\"2026-03-19T08:16:28+00:00\",\"breadcrumb\":{\"@id\":\"https:\/\/valika.eu\/fi\/toode\/claresa-hydro-purple-5g\/#breadcrumb\"},\"inLanguage\":\"fi\",\"potentialAction\":[{\"@type\":\"ReadAction\",\"target\":[[\"https:\/\/valika.eu\/fi\/toode\/claresa-hydro-purple-5g\/\"]]}]},{\"@type\":\"ImageObject\",\"inLanguage\":\"fi\",\"@id\":\"https:\/\/valika.eu\/fi\/toode\/claresa-hydro-purple-5g\/#primaryimage\",\"url\":\"https:\/\/valika.eu\/wp-content\/uploads\/2026\/02\/hydro-pr.webp\",\"contentUrl\":\"https:\/\/valika.eu\/wp-content\/uploads\/2026\/02\/hydro-pr.webp\",\"width\":1200,\"height\":1200},{\"@type\":\"BreadcrumbList\",\"@id\":\"https:\/\/valika.eu\/fi\/toode\/claresa-hydro-purple-5g\/#breadcrumb\",\"itemListElement\":[{\"@type\":\"ListItem\",\"position\":1,\"name\":\"Koti\",\"item\":\"https:\/\/valika.eu\/fi\/\"},{\"@type\":\"ListItem\",\"position\":2,\"name\":\"Shop\",\"item\":\"https:\/\/valika.eu\/fi\/\"},{\"@type\":\"ListItem\",\"position\":3,\"name\":\"Claresa Hydro Purple 5g\"}]},{\"@type\":\"WebSite\",\"@id\":\"https:\/\/valika.eu\/fi\/#website\",\"url\":\"https:\/\/valika.eu\/fi\/\",\"name\":\"Valika.eu\",\"description\":\"Salonkituotteet ja kauneudenhoitotuotteet - Valika tarjoaa laajan valikoiman tuotteita ja tarvikkeita kynsiteknikoille, kauneushoitoloille, kampaamoille ja kampaamoille.\",\"publisher\":{\"@id\":\"https:\/\/valika.eu\/fi\/#organization\"},\"alternateName\":\"Valika\",\"potentialAction\":[{\"@type\":\"SearchAction\",\"target\":{\"@type\":\"EntryPoint\",\"urlTemplate\":\"https:\/\/valika.eu\/fi\/?s={search_term_string}\"},\"query-input\":{\"@type\":\"PropertyValueSpecification\",\"valueRequired\":true,\"valueName\":\"search_term_string\"}}],\"inLanguage\":\"fi\"},{\"@type\":\"Organization\",\"@id\":\"https:\/\/valika.eu\/fi\/#organization\",\"name\":\"Salongitoode O\u00dc\",\"alternateName\":\"Valika\",\"url\":\"https:\/\/valika.eu\/fi\/\",\"logo\":{\"@type\":\"ImageObject\",\"inLanguage\":\"fi\",\"@id\":\"https:\/\/valika.eu\/fi\/#\/schema\/logo\/image\/\",\"url\":\"https:\/\/valika.eu\/wp-content\/uploads\/2023\/11\/logo2-valika-footer.png\",\"contentUrl\":\"https:\/\/valika.eu\/wp-content\/uploads\/2023\/11\/logo2-valika-footer.png\",\"width\":200,\"height\":129,\"caption\":\"Salongitoode O\u00dc\"},\"image\":{\"@id\":\"https:\/\/valika.eu\/fi\/#\/schema\/logo\/image\/\"},\"sameAs\":[\"https:\/\/www.facebook.com\/tipsi.net\"]}]}<\/script>\n<!-- \/ Yoast SEO plugin. -->","yoast_head_json":{"title":"Claresa Hydro Purple 5g | Valika","robots":{"index":"index","follow":"follow","max-snippet":"max-snippet:-1","max-image-preview":"max-image-preview:large","max-video-preview":"max-video-preview:-1"},"canonical":"https:\/\/valika.eu\/fi\/toode\/claresa-hydro-purple-5g\/","og_locale":"fi_FI","og_type":"article","og_title":"Claresa Hydro Purple 5g | Valika","og_description":"Muinaisissa alkemistien kirjoissa v\u00e4rill\u00e4 oli muuntautumisvoima \u2013 tavallinen metalli saattoi muuttua kullaksi ja valo paljasti piilotettuja v\u00e4rej\u00e4. T\u00e4st\u00e4 inspiraatiosta syntyi\u00a0COLOR","og_url":"https:\/\/valika.eu\/fi\/toode\/claresa-hydro-purple-5g\/","og_site_name":"Valika","article_publisher":"https:\/\/www.facebook.com\/tipsi.net","article_modified_time":"2026-03-19T08:16:28+00:00","og_image":[{"width":1200,"height":1200,"url":"https:\/\/valika.eu\/wp-content\/uploads\/2026\/02\/hydro-pr.webp","type":"image\/webp"}],"twitter_card":"summary_large_image","schema":{"@context":"https:\/\/schema.org","@graph":[{"@type":"WebPage","@id":"https:\/\/valika.eu\/fi\/toode\/claresa-hydro-purple-5g\/","url":"https:\/\/valika.eu\/fi\/toode\/claresa-hydro-purple-5g\/","name":"Claresa Hydro Purple 5g | Valika","isPartOf":{"@id":"https:\/\/valika.eu\/fi\/#website"},"primaryImageOfPage":{"@id":"https:\/\/valika.eu\/fi\/toode\/claresa-hydro-purple-5g\/#primaryimage"},"image":{"@id":"https:\/\/valika.eu\/toode\/claresa-hydro-purple-5g\/#primaryimage"},"thumbnailUrl":"https:\/\/valika.eu\/wp-content\/uploads\/2026\/02\/hydro-pr.webp","datePublished":"2026-02-05T12:07:10+00:00","dateModified":"2026-03-19T08:16:28+00:00","breadcrumb":{"@id":"https:\/\/valika.eu\/fi\/toode\/claresa-hydro-purple-5g\/#breadcrumb"},"inLanguage":"fi","potentialAction":[{"@type":"ReadAction","target":[["https:\/\/valika.eu\/fi\/toode\/claresa-hydro-purple-5g\/"]]}]},{"@type":"ImageObject","inLanguage":"fi","@id":"https:\/\/valika.eu\/fi\/toode\/claresa-hydro-purple-5g\/#primaryimage","url":"https:\/\/valika.eu\/wp-content\/uploads\/2026\/02\/hydro-pr.webp","contentUrl":"https:\/\/valika.eu\/wp-content\/uploads\/2026\/02\/hydro-pr.webp","width":1200,"height":1200},{"@type":"BreadcrumbList","@id":"https:\/\/valika.eu\/fi\/toode\/claresa-hydro-purple-5g\/#breadcrumb","itemListElement":[{"@type":"ListItem","position":1,"name":"Koti","item":"https:\/\/valika.eu\/fi\/"},{"@type":"ListItem","position":2,"name":"Shop","item":"https:\/\/valika.eu\/fi\/"},{"@type":"ListItem","position":3,"name":"Claresa Hydro Purple 5g"}]},{"@type":"WebSite","@id":"https:\/\/valika.eu\/fi\/#website","url":"https:\/\/valika.eu\/fi\/","name":"Valika.eu","description":"Salonkituotteet ja kauneudenhoitotuotteet - Valika tarjoaa laajan valikoiman tuotteita ja tarvikkeita kynsiteknikoille, kauneushoitoloille, kampaamoille ja kampaamoille.","publisher":{"@id":"https:\/\/valika.eu\/fi\/#organization"},"alternateName":"Valika","potentialAction":[{"@type":"SearchAction","target":{"@type":"EntryPoint","urlTemplate":"https:\/\/valika.eu\/fi\/?s={search_term_string}"},"query-input":{"@type":"PropertyValueSpecification","valueRequired":true,"valueName":"search_term_string"}}],"inLanguage":"fi"},{"@type":"Organization","@id":"https:\/\/valika.eu\/fi\/#organization","name":"Salongitoode O\u00dc","alternateName":"Valika","url":"https:\/\/valika.eu\/fi\/","logo":{"@type":"ImageObject","inLanguage":"fi","@id":"https:\/\/valika.eu\/fi\/#\/schema\/logo\/image\/","url":"https:\/\/valika.eu\/wp-content\/uploads\/2023\/11\/logo2-valika-footer.png","contentUrl":"https:\/\/valika.eu\/wp-content\/uploads\/2023\/11\/logo2-valika-footer.png","width":200,"height":129,"caption":"Salongitoode O\u00dc"},"image":{"@id":"https:\/\/valika.eu\/fi\/#\/schema\/logo\/image\/"},"sameAs":["https:\/\/www.facebook.com\/tipsi.net"]}]}},"jetpack_sharing_enabled":true,"_links":{"self":[{"href":"https:\/\/valika.eu\/fi\/wp-json\/wp\/v2\/product\/19099","targetHints":{"allow":["GET"]}}],"collection":[{"href":"https:\/\/valika.eu\/fi\/wp-json\/wp\/v2\/product"}],"about":[{"href":"https:\/\/valika.eu\/fi\/wp-json\/wp\/v2\/types\/product"}],"wp:featuredmedia":[{"embeddable":true,"href":"https:\/\/valika.eu\/fi\/wp-json\/wp\/v2\/media\/19101"}],"wp:attachment":[{"href":"https:\/\/valika.eu\/fi\/wp-json\/wp\/v2\/media?parent=19099"}],"wp:term":[{"taxonomy":"product_brand","embeddable":true,"href":"https:\/\/valika.eu\/fi\/wp-json\/wp\/v2\/product_brand?post=19099"},{"taxonomy":"product_cat","embeddable":true,"href":"https:\/\/valika.eu\/fi\/wp-json\/wp\/v2\/product_cat?post=19099"},{"taxonomy":"product_tag","embeddable":true,"href":"https:\/\/valika.eu\/fi\/wp-json\/wp\/v2\/product_tag?post=19099"}],"curies":[{"name":"wp","href":"https:\/\/api.w.org\/{rel}","templated":true}]}}