{"id":19139,"date":"2026-02-06T10:52:20","date_gmt":"2026-02-06T08:52:20","guid":{"rendered":"https:\/\/valika.eu\/?post_type=product&#038;p=19139"},"modified":"2026-02-07T13:54:01","modified_gmt":"2026-02-07T11:54:01","slug":"palu-smooth-base-7-11g","status":"publish","type":"product","link":"https:\/\/valika.eu\/fi\/toode\/palu-smooth-base-7-11g\/","title":{"rendered":"PALU SMOOTH BASE 7 11g"},"content":{"rendered":"<p>Palu Smooth Base on ammattimainen hybridipohja kynsiteknikkoille ja -ohjaajille, jotka arvostavat luonnollista vaikutelmaa, estetiikkaa ja mukavuutta. Sen itsest\u00e4\u00e4n tasoittuva koostumus helpottaa kynnen asettamista, tasoittaa pintaa ja kovettaa luonnolliset kynnet hell\u00e4varaisesti lis\u00e4\u00e4m\u00e4tt\u00e4 massaa.<\/p>\n<p>Keskiohuen, itsest\u00e4\u00e4n tasoittuvan koostumuksensa ansiosta Smooth Base levittyy helposti kynnelle ja luo tasaisen pinnan ilman raitoja. Pohjan koostumus kovettaa ja vahvistaa luonnollisia kynsi\u00e4 hell\u00e4varaisesti, joten se on erinomainen valinta jokap\u00e4iv\u00e4iseen salonkik\u00e4ytt\u00f6\u00f6n, erityisesti normaaleille kynsille.<\/p>\n<p>Smooth Basea on saatavilla kahdeksassa hienovaraisessa, neutraalissa s\u00e4vyss\u00e4, jotka peitt\u00e4v\u00e4t ep\u00e4tasaisuudet hienovaraisesti ja tasoittavat kynnen s\u00e4vy\u00e4. Se toimii hyvin itsen\u00e4isen\u00e4, luonnollisen n\u00e4k\u00f6isen\u00e4 kynsisuunnitteluna tai pohjana ranskalaiselle manikyyrille ja baby boomereille. Sen hapoton koostumus, johon on lis\u00e4tty tarttuvuutta edist\u00e4v\u00e4\u00e4 ainetta ja hienovarainen tuoksu, lis\u00e4\u00e4v\u00e4t mukavuutta ja kest\u00e4vyytt\u00e4 sek\u00e4 stylistille ett\u00e4 asiakkaalle.<\/p>\n<p>Smooth Basea on saatavilla kahdeksassa v\u00e4riss\u00e4:<\/p>\n<p>1 \u2013 l\u00e4pin\u00e4kyv\u00e4;<br \/>\n2 \u2013 herkk\u00e4 maitomainen valkoinen s\u00e4vy; 3 \u2013 hienovarainen, vaalennettu pinkki<br \/>\n4 \u2013 vaaleanpunainen s\u00e4vy<br \/>\n5 \u2013 makean pinkin s\u00e4vy<br \/>\n6 \u2013 vaaleanpunaisen peitt\u00e4v\u00e4 s\u00e4vy<br \/>\n7 \u2013 keskivaalea, l\u00e4mpim\u00e4mpi pinkki<br \/>\n8 \u2013 luonnollinen peitt\u00e4v\u00e4 s\u00e4vy, jossa on ripaus pinkki\u00e4<br \/>\nPalu on ammattilaisten kosmetiikkaa ammattilaisille. Haluamme tarjota sinulle valinnanvapautta, taattua laatua ja helppok\u00e4ytt\u00f6isyytt\u00e4. Oletko luonut tuotteillamme ilmeen? Kerro meille ja merkitse kuvasi Instagramissa hashtagilla #palusalonsystem<\/p>\n<p>Tuote on tarkoitettu ammattik\u00e4ytt\u00f6\u00f6n.<\/p>\n<p>P\u00e4\u00e4ominaisuudet:<\/p>\n<p>Keskiohut koostumus<br \/>\nHappoa sis\u00e4lt\u00e4m\u00e4t\u00f6n koostumus tartuntapromoottorilla<br \/>\nHieno tuoksu<br \/>\nOhuiden, luonnollisten kynsien ilme<br \/>\nHieno ep\u00e4t\u00e4ydellisyyksien peitt\u00e4minen<br \/>\nSuositellaan normaaleille laatoille<br \/>\nT\u00e4ydellinen tasoitus<br \/>\nNopea ja vaivaton levitys<br \/>\nV\u00e4ri: l\u00e4pin\u00e4kyv\u00e4 ja 7 v\u00e4ri\u00e4<br \/>\nLevitys: laatan tasoitus, siloittaminen ja kovettaminen<br \/>\nKovettumisaika: 60 sekuntia UV-LED-lampussa<br \/>\nTilavuus: 11 g<br \/>\nK\u00e4ytt\u00f6ohjeet: Levit\u00e4 pohjalakka aiemmin valmistellulle kynsilevylle. Koveta UV-LED-lampussa v\u00e4hint\u00e4\u00e4n 60 sekuntia.<\/p>","protected":false},"excerpt":{"rendered":"<p>Palu Smooth Base on ammattimainen hybridipohja kynsiteknikkoille ja -ohjaajille, jotka arvostavat luonnollista vaikutelmaa, estetiikkaa ja mukavuutta. Sen itsest\u00e4\u00e4n tasoittuva koostumus<\/p>\n","protected":false},"featured_media":19140,"template":"","meta":[],"product_brand":[],"product_cat":[567],"product_tag":[],"class_list":{"0":"post-19139","1":"product","2":"type-product","3":"status-publish","4":"has-post-thumbnail","6":"product_cat-palutopbase","8":"first","9":"instock","10":"taxable","11":"shipping-taxable","12":"purchasable","13":"product-type-simple"},"yoast_head":"<!-- This site is optimized with the Yoast SEO plugin v24.4 - https:\/\/yoast.com\/wordpress\/plugins\/seo\/ -->\n<title>PALU SMOOTH BASE 7 11g | Valika<\/title>\n<meta name=\"robots\" content=\"index, follow, max-snippet:-1, max-image-preview:large, max-video-preview:-1\" \/>\n<link rel=\"canonical\" href=\"https:\/\/valika.eu\/fi\/toode\/palu-smooth-base-7-11g\/\" \/>\n<meta property=\"og:locale\" content=\"fi_FI\" \/>\n<meta property=\"og:type\" content=\"article\" \/>\n<meta property=\"og:title\" content=\"PALU SMOOTH BASE 7 11g | Valika\" \/>\n<meta property=\"og:description\" content=\"Palu Smooth Base on ammattimainen hybridipohja kynsiteknikkoille ja -ohjaajille, jotka arvostavat luonnollista vaikutelmaa, estetiikkaa ja mukavuutta. Sen itsest\u00e4\u00e4n tasoittuva koostumus\" \/>\n<meta property=\"og:url\" content=\"https:\/\/valika.eu\/fi\/toode\/palu-smooth-base-7-11g\/\" \/>\n<meta property=\"og:site_name\" content=\"Valika\" \/>\n<meta property=\"article:publisher\" content=\"https:\/\/www.facebook.com\/tipsi.net\" \/>\n<meta property=\"article:modified_time\" content=\"2026-02-07T11:54:01+00:00\" \/>\n<meta property=\"og:image\" content=\"https:\/\/valika.eu\/wp-content\/uploads\/2026\/02\/smt-bs-7.webp\" \/>\n\t<meta property=\"og:image:width\" content=\"500\" \/>\n\t<meta property=\"og:image:height\" content=\"500\" \/>\n\t<meta property=\"og:image:type\" content=\"image\/webp\" \/>\n<meta name=\"twitter:card\" content=\"summary_large_image\" \/>\n<script type=\"application\/ld+json\" class=\"yoast-schema-graph\">{\"@context\":\"https:\/\/schema.org\",\"@graph\":[{\"@type\":\"WebPage\",\"@id\":\"https:\/\/valika.eu\/fi\/toode\/palu-smooth-base-7-11g\/\",\"url\":\"https:\/\/valika.eu\/fi\/toode\/palu-smooth-base-7-11g\/\",\"name\":\"PALU SMOOTH BASE 7 11g | Valika\",\"isPartOf\":{\"@id\":\"https:\/\/valika.eu\/fi\/#website\"},\"primaryImageOfPage\":{\"@id\":\"https:\/\/valika.eu\/fi\/toode\/palu-smooth-base-7-11g\/#primaryimage\"},\"image\":{\"@id\":\"https:\/\/valika.eu\/toode\/palu-smooth-base-7-11g\/#primaryimage\"},\"thumbnailUrl\":\"https:\/\/valika.eu\/wp-content\/uploads\/2026\/02\/smt-bs-7.webp\",\"datePublished\":\"2026-02-06T08:52:20+00:00\",\"dateModified\":\"2026-02-07T11:54:01+00:00\",\"breadcrumb\":{\"@id\":\"https:\/\/valika.eu\/fi\/toode\/palu-smooth-base-7-11g\/#breadcrumb\"},\"inLanguage\":\"fi\",\"potentialAction\":[{\"@type\":\"ReadAction\",\"target\":[[\"https:\/\/valika.eu\/fi\/toode\/palu-smooth-base-7-11g\/\"]]}]},{\"@type\":\"ImageObject\",\"inLanguage\":\"fi\",\"@id\":\"https:\/\/valika.eu\/fi\/toode\/palu-smooth-base-7-11g\/#primaryimage\",\"url\":\"https:\/\/valika.eu\/wp-content\/uploads\/2026\/02\/smt-bs-7.webp\",\"contentUrl\":\"https:\/\/valika.eu\/wp-content\/uploads\/2026\/02\/smt-bs-7.webp\",\"width\":500,\"height\":500},{\"@type\":\"BreadcrumbList\",\"@id\":\"https:\/\/valika.eu\/fi\/toode\/palu-smooth-base-7-11g\/#breadcrumb\",\"itemListElement\":[{\"@type\":\"ListItem\",\"position\":1,\"name\":\"Koti\",\"item\":\"https:\/\/valika.eu\/fi\/\"},{\"@type\":\"ListItem\",\"position\":2,\"name\":\"Shop\",\"item\":\"https:\/\/valika.eu\/fi\/\"},{\"@type\":\"ListItem\",\"position\":3,\"name\":\"PALU SMOOTH BASE 7 11g\"}]},{\"@type\":\"WebSite\",\"@id\":\"https:\/\/valika.eu\/fi\/#website\",\"url\":\"https:\/\/valika.eu\/fi\/\",\"name\":\"Valika.eu\",\"description\":\"Salonkituotteet ja kauneudenhoitotuotteet - Valika tarjoaa laajan valikoiman tuotteita ja tarvikkeita kynsiteknikoille, kauneushoitoloille, kampaamoille ja kampaamoille.\",\"publisher\":{\"@id\":\"https:\/\/valika.eu\/fi\/#organization\"},\"alternateName\":\"Valika\",\"potentialAction\":[{\"@type\":\"SearchAction\",\"target\":{\"@type\":\"EntryPoint\",\"urlTemplate\":\"https:\/\/valika.eu\/fi\/?s={search_term_string}\"},\"query-input\":{\"@type\":\"PropertyValueSpecification\",\"valueRequired\":true,\"valueName\":\"search_term_string\"}}],\"inLanguage\":\"fi\"},{\"@type\":\"Organization\",\"@id\":\"https:\/\/valika.eu\/fi\/#organization\",\"name\":\"Salongitoode O\u00dc\",\"alternateName\":\"Valika\",\"url\":\"https:\/\/valika.eu\/fi\/\",\"logo\":{\"@type\":\"ImageObject\",\"inLanguage\":\"fi\",\"@id\":\"https:\/\/valika.eu\/fi\/#\/schema\/logo\/image\/\",\"url\":\"https:\/\/valika.eu\/wp-content\/uploads\/2023\/11\/logo2-valika-footer.png\",\"contentUrl\":\"https:\/\/valika.eu\/wp-content\/uploads\/2023\/11\/logo2-valika-footer.png\",\"width\":200,\"height\":129,\"caption\":\"Salongitoode O\u00dc\"},\"image\":{\"@id\":\"https:\/\/valika.eu\/fi\/#\/schema\/logo\/image\/\"},\"sameAs\":[\"https:\/\/www.facebook.com\/tipsi.net\"]}]}<\/script>\n<!-- \/ Yoast SEO plugin. -->","yoast_head_json":{"title":"PALU SMOOTH BASE 7 11g | Valika","robots":{"index":"index","follow":"follow","max-snippet":"max-snippet:-1","max-image-preview":"max-image-preview:large","max-video-preview":"max-video-preview:-1"},"canonical":"https:\/\/valika.eu\/fi\/toode\/palu-smooth-base-7-11g\/","og_locale":"fi_FI","og_type":"article","og_title":"PALU SMOOTH BASE 7 11g | Valika","og_description":"Palu Smooth Base on ammattimainen hybridipohja kynsiteknikkoille ja -ohjaajille, jotka arvostavat luonnollista vaikutelmaa, estetiikkaa ja mukavuutta. Sen itsest\u00e4\u00e4n tasoittuva koostumus","og_url":"https:\/\/valika.eu\/fi\/toode\/palu-smooth-base-7-11g\/","og_site_name":"Valika","article_publisher":"https:\/\/www.facebook.com\/tipsi.net","article_modified_time":"2026-02-07T11:54:01+00:00","og_image":[{"width":500,"height":500,"url":"https:\/\/valika.eu\/wp-content\/uploads\/2026\/02\/smt-bs-7.webp","type":"image\/webp"}],"twitter_card":"summary_large_image","schema":{"@context":"https:\/\/schema.org","@graph":[{"@type":"WebPage","@id":"https:\/\/valika.eu\/fi\/toode\/palu-smooth-base-7-11g\/","url":"https:\/\/valika.eu\/fi\/toode\/palu-smooth-base-7-11g\/","name":"PALU SMOOTH BASE 7 11g | Valika","isPartOf":{"@id":"https:\/\/valika.eu\/fi\/#website"},"primaryImageOfPage":{"@id":"https:\/\/valika.eu\/fi\/toode\/palu-smooth-base-7-11g\/#primaryimage"},"image":{"@id":"https:\/\/valika.eu\/toode\/palu-smooth-base-7-11g\/#primaryimage"},"thumbnailUrl":"https:\/\/valika.eu\/wp-content\/uploads\/2026\/02\/smt-bs-7.webp","datePublished":"2026-02-06T08:52:20+00:00","dateModified":"2026-02-07T11:54:01+00:00","breadcrumb":{"@id":"https:\/\/valika.eu\/fi\/toode\/palu-smooth-base-7-11g\/#breadcrumb"},"inLanguage":"fi","potentialAction":[{"@type":"ReadAction","target":[["https:\/\/valika.eu\/fi\/toode\/palu-smooth-base-7-11g\/"]]}]},{"@type":"ImageObject","inLanguage":"fi","@id":"https:\/\/valika.eu\/fi\/toode\/palu-smooth-base-7-11g\/#primaryimage","url":"https:\/\/valika.eu\/wp-content\/uploads\/2026\/02\/smt-bs-7.webp","contentUrl":"https:\/\/valika.eu\/wp-content\/uploads\/2026\/02\/smt-bs-7.webp","width":500,"height":500},{"@type":"BreadcrumbList","@id":"https:\/\/valika.eu\/fi\/toode\/palu-smooth-base-7-11g\/#breadcrumb","itemListElement":[{"@type":"ListItem","position":1,"name":"Koti","item":"https:\/\/valika.eu\/fi\/"},{"@type":"ListItem","position":2,"name":"Shop","item":"https:\/\/valika.eu\/fi\/"},{"@type":"ListItem","position":3,"name":"PALU SMOOTH BASE 7 11g"}]},{"@type":"WebSite","@id":"https:\/\/valika.eu\/fi\/#website","url":"https:\/\/valika.eu\/fi\/","name":"Valika.eu","description":"Salonkituotteet ja kauneudenhoitotuotteet - Valika tarjoaa laajan valikoiman tuotteita ja tarvikkeita kynsiteknikoille, kauneushoitoloille, kampaamoille ja kampaamoille.","publisher":{"@id":"https:\/\/valika.eu\/fi\/#organization"},"alternateName":"Valika","potentialAction":[{"@type":"SearchAction","target":{"@type":"EntryPoint","urlTemplate":"https:\/\/valika.eu\/fi\/?s={search_term_string}"},"query-input":{"@type":"PropertyValueSpecification","valueRequired":true,"valueName":"search_term_string"}}],"inLanguage":"fi"},{"@type":"Organization","@id":"https:\/\/valika.eu\/fi\/#organization","name":"Salongitoode O\u00dc","alternateName":"Valika","url":"https:\/\/valika.eu\/fi\/","logo":{"@type":"ImageObject","inLanguage":"fi","@id":"https:\/\/valika.eu\/fi\/#\/schema\/logo\/image\/","url":"https:\/\/valika.eu\/wp-content\/uploads\/2023\/11\/logo2-valika-footer.png","contentUrl":"https:\/\/valika.eu\/wp-content\/uploads\/2023\/11\/logo2-valika-footer.png","width":200,"height":129,"caption":"Salongitoode O\u00dc"},"image":{"@id":"https:\/\/valika.eu\/fi\/#\/schema\/logo\/image\/"},"sameAs":["https:\/\/www.facebook.com\/tipsi.net"]}]}},"jetpack_sharing_enabled":true,"_links":{"self":[{"href":"https:\/\/valika.eu\/fi\/wp-json\/wp\/v2\/product\/19139","targetHints":{"allow":["GET"]}}],"collection":[{"href":"https:\/\/valika.eu\/fi\/wp-json\/wp\/v2\/product"}],"about":[{"href":"https:\/\/valika.eu\/fi\/wp-json\/wp\/v2\/types\/product"}],"wp:featuredmedia":[{"embeddable":true,"href":"https:\/\/valika.eu\/fi\/wp-json\/wp\/v2\/media\/19140"}],"wp:attachment":[{"href":"https:\/\/valika.eu\/fi\/wp-json\/wp\/v2\/media?parent=19139"}],"wp:term":[{"taxonomy":"product_brand","embeddable":true,"href":"https:\/\/valika.eu\/fi\/wp-json\/wp\/v2\/product_brand?post=19139"},{"taxonomy":"product_cat","embeddable":true,"href":"https:\/\/valika.eu\/fi\/wp-json\/wp\/v2\/product_cat?post=19139"},{"taxonomy":"product_tag","embeddable":true,"href":"https:\/\/valika.eu\/fi\/wp-json\/wp\/v2\/product_tag?post=19139"}],"curies":[{"name":"wp","href":"https:\/\/api.w.org\/{rel}","templated":true}]}}