{"id":19153,"date":"2026-02-06T14:45:16","date_gmt":"2026-02-06T12:45:16","guid":{"rendered":"https:\/\/valika.eu\/?post_type=product&#038;p=19153"},"modified":"2026-04-06T19:37:21","modified_gmt":"2026-04-06T16:37:21","slug":"claresa-hardeasy-builder-gel-milky-pink-15g","status":"publish","type":"product","link":"https:\/\/valika.eu\/fi\/toode\/claresa-hardeasy-builder-gel-milky-pink-15g\/","title":{"rendered":"CLARESA HARD&amp;EASY BUILDER GEL MILKY PINK 12g"},"content":{"rendered":"<p>Uutta! Hard&amp;Easy-geeli<br \/>\nHARD&amp;EASY \u2013 geeli, joka sopii kaikkiin tyyleihin. Luotettava sek\u00e4 ammattik\u00e4ytt\u00f6\u00f6n ett\u00e4 kotik\u00e4ytt\u00f6\u00f6n.<\/p>\n<p>Tutustu kovaan, keskipaksuun rakennusgeeliin, joka tarjoaa t\u00e4yden hallinnan ty\u00f6skentelyn aikana ja takaa poikkeuksellisen muotoilun kest\u00e4vyyden.<\/p>\n<p>Kova ja vakaa \u2013 alhaisen elastisuutensa ansiosta se sopii erinomaisesti vakaan rungon rakentamiseen ja laajentamiseen mallineen tai kaksoismuotojen avulla. Se on my\u00f6s erinomainen valinta luonnollisten kynsien t\u00e4ydent\u00e4miseen ja vahvistamiseen.<\/p>","protected":false},"excerpt":{"rendered":"<p>Uutta! Hard&amp;Easy-geeli HARD&amp;EASY \u2013 geeli, joka sopii kaikkiin tyyleihin. Luotettava sek\u00e4 ammattik\u00e4ytt\u00f6\u00f6n ett\u00e4 kotik\u00e4ytt\u00f6\u00f6n. Tutustu kovaan, keskipaksuun rakennusgeeliin, joka tarjoaa<\/p>\n","protected":false},"featured_media":16838,"template":"","meta":[],"product_brand":[],"product_cat":[732],"product_tag":[],"class_list":{"0":"post-19153","1":"product","2":"type-product","3":"status-publish","4":"has-post-thumbnail","6":"product_cat-hardeasy","8":"first","9":"instock","10":"taxable","11":"shipping-taxable","12":"purchasable","13":"product-type-simple"},"yoast_head":"<!-- This site is optimized with the Yoast SEO plugin v24.4 - https:\/\/yoast.com\/wordpress\/plugins\/seo\/ -->\n<title>CLARESA HARD&amp;EASY BUILDER GEL MILKY PINK 12g | Valika<\/title>\n<meta name=\"robots\" content=\"index, follow, max-snippet:-1, max-image-preview:large, max-video-preview:-1\" \/>\n<link rel=\"canonical\" href=\"https:\/\/valika.eu\/fi\/toode\/claresa-hardeasy-builder-gel-milky-pink-15g\/\" \/>\n<meta property=\"og:locale\" content=\"fi_FI\" \/>\n<meta property=\"og:type\" content=\"article\" \/>\n<meta property=\"og:title\" content=\"CLARESA HARD&amp;EASY BUILDER GEL MILKY PINK 12g | Valika\" \/>\n<meta property=\"og:description\" content=\"Uutta! Hard&amp;Easy-geeli HARD&amp;EASY \u2013 geeli, joka sopii kaikkiin tyyleihin. Luotettava sek\u00e4 ammattik\u00e4ytt\u00f6\u00f6n ett\u00e4 kotik\u00e4ytt\u00f6\u00f6n. Tutustu kovaan, keskipaksuun rakennusgeeliin, joka tarjoaa\" \/>\n<meta property=\"og:url\" content=\"https:\/\/valika.eu\/fi\/toode\/claresa-hardeasy-builder-gel-milky-pink-15g\/\" \/>\n<meta property=\"og:site_name\" content=\"Valika\" \/>\n<meta property=\"article:publisher\" content=\"https:\/\/www.facebook.com\/tipsi.net\" \/>\n<meta property=\"article:modified_time\" content=\"2026-04-06T16:37:21+00:00\" \/>\n<meta property=\"og:image\" content=\"https:\/\/valika.eu\/wp-content\/uploads\/2025\/10\/MILKY-HARD-PINK.webp\" \/>\n\t<meta property=\"og:image:width\" content=\"1500\" \/>\n\t<meta property=\"og:image:height\" content=\"1500\" \/>\n\t<meta property=\"og:image:type\" content=\"image\/webp\" \/>\n<meta name=\"twitter:card\" content=\"summary_large_image\" \/>\n<script type=\"application\/ld+json\" class=\"yoast-schema-graph\">{\"@context\":\"https:\/\/schema.org\",\"@graph\":[{\"@type\":\"WebPage\",\"@id\":\"https:\/\/valika.eu\/fi\/toode\/claresa-hardeasy-builder-gel-milky-pink-15g\/\",\"url\":\"https:\/\/valika.eu\/fi\/toode\/claresa-hardeasy-builder-gel-milky-pink-15g\/\",\"name\":\"CLARESA HARD&amp;EASY BUILDER GEL MILKY PINK 12g | Valika\",\"isPartOf\":{\"@id\":\"https:\/\/valika.eu\/fi\/#website\"},\"primaryImageOfPage\":{\"@id\":\"https:\/\/valika.eu\/fi\/toode\/claresa-hardeasy-builder-gel-milky-pink-15g\/#primaryimage\"},\"image\":{\"@id\":\"https:\/\/valika.eu\/toode\/claresa-hardeasy-builder-gel-milky-pink-15g\/#primaryimage\"},\"thumbnailUrl\":\"https:\/\/valika.eu\/wp-content\/uploads\/2025\/10\/MILKY-HARD-PINK.webp\",\"datePublished\":\"2026-02-06T12:45:16+00:00\",\"dateModified\":\"2026-04-06T16:37:21+00:00\",\"breadcrumb\":{\"@id\":\"https:\/\/valika.eu\/fi\/toode\/claresa-hardeasy-builder-gel-milky-pink-15g\/#breadcrumb\"},\"inLanguage\":\"fi\",\"potentialAction\":[{\"@type\":\"ReadAction\",\"target\":[[\"https:\/\/valika.eu\/fi\/toode\/claresa-hardeasy-builder-gel-milky-pink-15g\/\"]]}]},{\"@type\":\"ImageObject\",\"inLanguage\":\"fi\",\"@id\":\"https:\/\/valika.eu\/fi\/toode\/claresa-hardeasy-builder-gel-milky-pink-15g\/#primaryimage\",\"url\":\"https:\/\/valika.eu\/wp-content\/uploads\/2025\/10\/MILKY-HARD-PINK.webp\",\"contentUrl\":\"https:\/\/valika.eu\/wp-content\/uploads\/2025\/10\/MILKY-HARD-PINK.webp\",\"width\":1500,\"height\":1500},{\"@type\":\"BreadcrumbList\",\"@id\":\"https:\/\/valika.eu\/fi\/toode\/claresa-hardeasy-builder-gel-milky-pink-15g\/#breadcrumb\",\"itemListElement\":[{\"@type\":\"ListItem\",\"position\":1,\"name\":\"Koti\",\"item\":\"https:\/\/valika.eu\/fi\/\"},{\"@type\":\"ListItem\",\"position\":2,\"name\":\"Shop\",\"item\":\"https:\/\/valika.eu\/fi\/\"},{\"@type\":\"ListItem\",\"position\":3,\"name\":\"CLARESA HARD&#038;EASY BUILDER GEL MILKY PINK 12g\"}]},{\"@type\":\"WebSite\",\"@id\":\"https:\/\/valika.eu\/fi\/#website\",\"url\":\"https:\/\/valika.eu\/fi\/\",\"name\":\"Valika.eu\",\"description\":\"Salonkituotteet ja kauneudenhoitotuotteet - Valika tarjoaa laajan valikoiman tuotteita ja tarvikkeita kynsiteknikoille, kauneushoitoloille, kampaamoille ja kampaamoille.\",\"publisher\":{\"@id\":\"https:\/\/valika.eu\/fi\/#organization\"},\"alternateName\":\"Valika\",\"potentialAction\":[{\"@type\":\"SearchAction\",\"target\":{\"@type\":\"EntryPoint\",\"urlTemplate\":\"https:\/\/valika.eu\/fi\/?s={search_term_string}\"},\"query-input\":{\"@type\":\"PropertyValueSpecification\",\"valueRequired\":true,\"valueName\":\"search_term_string\"}}],\"inLanguage\":\"fi\"},{\"@type\":\"Organization\",\"@id\":\"https:\/\/valika.eu\/fi\/#organization\",\"name\":\"Salongitoode O\u00dc\",\"alternateName\":\"Valika\",\"url\":\"https:\/\/valika.eu\/fi\/\",\"logo\":{\"@type\":\"ImageObject\",\"inLanguage\":\"fi\",\"@id\":\"https:\/\/valika.eu\/fi\/#\/schema\/logo\/image\/\",\"url\":\"https:\/\/valika.eu\/wp-content\/uploads\/2023\/11\/logo2-valika-footer.png\",\"contentUrl\":\"https:\/\/valika.eu\/wp-content\/uploads\/2023\/11\/logo2-valika-footer.png\",\"width\":200,\"height\":129,\"caption\":\"Salongitoode O\u00dc\"},\"image\":{\"@id\":\"https:\/\/valika.eu\/fi\/#\/schema\/logo\/image\/\"},\"sameAs\":[\"https:\/\/www.facebook.com\/tipsi.net\"]}]}<\/script>\n<!-- \/ Yoast SEO plugin. -->","yoast_head_json":{"title":"CLARESA HARD&amp;EASY BUILDER GEL MILKY PINK 12g | Valika","robots":{"index":"index","follow":"follow","max-snippet":"max-snippet:-1","max-image-preview":"max-image-preview:large","max-video-preview":"max-video-preview:-1"},"canonical":"https:\/\/valika.eu\/fi\/toode\/claresa-hardeasy-builder-gel-milky-pink-15g\/","og_locale":"fi_FI","og_type":"article","og_title":"CLARESA HARD&amp;EASY BUILDER GEL MILKY PINK 12g | Valika","og_description":"Uutta! Hard&amp;Easy-geeli HARD&amp;EASY \u2013 geeli, joka sopii kaikkiin tyyleihin. Luotettava sek\u00e4 ammattik\u00e4ytt\u00f6\u00f6n ett\u00e4 kotik\u00e4ytt\u00f6\u00f6n. Tutustu kovaan, keskipaksuun rakennusgeeliin, joka tarjoaa","og_url":"https:\/\/valika.eu\/fi\/toode\/claresa-hardeasy-builder-gel-milky-pink-15g\/","og_site_name":"Valika","article_publisher":"https:\/\/www.facebook.com\/tipsi.net","article_modified_time":"2026-04-06T16:37:21+00:00","og_image":[{"width":1500,"height":1500,"url":"https:\/\/valika.eu\/wp-content\/uploads\/2025\/10\/MILKY-HARD-PINK.webp","type":"image\/webp"}],"twitter_card":"summary_large_image","schema":{"@context":"https:\/\/schema.org","@graph":[{"@type":"WebPage","@id":"https:\/\/valika.eu\/fi\/toode\/claresa-hardeasy-builder-gel-milky-pink-15g\/","url":"https:\/\/valika.eu\/fi\/toode\/claresa-hardeasy-builder-gel-milky-pink-15g\/","name":"CLARESA HARD&amp;EASY BUILDER GEL MILKY PINK 12g | Valika","isPartOf":{"@id":"https:\/\/valika.eu\/fi\/#website"},"primaryImageOfPage":{"@id":"https:\/\/valika.eu\/fi\/toode\/claresa-hardeasy-builder-gel-milky-pink-15g\/#primaryimage"},"image":{"@id":"https:\/\/valika.eu\/toode\/claresa-hardeasy-builder-gel-milky-pink-15g\/#primaryimage"},"thumbnailUrl":"https:\/\/valika.eu\/wp-content\/uploads\/2025\/10\/MILKY-HARD-PINK.webp","datePublished":"2026-02-06T12:45:16+00:00","dateModified":"2026-04-06T16:37:21+00:00","breadcrumb":{"@id":"https:\/\/valika.eu\/fi\/toode\/claresa-hardeasy-builder-gel-milky-pink-15g\/#breadcrumb"},"inLanguage":"fi","potentialAction":[{"@type":"ReadAction","target":[["https:\/\/valika.eu\/fi\/toode\/claresa-hardeasy-builder-gel-milky-pink-15g\/"]]}]},{"@type":"ImageObject","inLanguage":"fi","@id":"https:\/\/valika.eu\/fi\/toode\/claresa-hardeasy-builder-gel-milky-pink-15g\/#primaryimage","url":"https:\/\/valika.eu\/wp-content\/uploads\/2025\/10\/MILKY-HARD-PINK.webp","contentUrl":"https:\/\/valika.eu\/wp-content\/uploads\/2025\/10\/MILKY-HARD-PINK.webp","width":1500,"height":1500},{"@type":"BreadcrumbList","@id":"https:\/\/valika.eu\/fi\/toode\/claresa-hardeasy-builder-gel-milky-pink-15g\/#breadcrumb","itemListElement":[{"@type":"ListItem","position":1,"name":"Koti","item":"https:\/\/valika.eu\/fi\/"},{"@type":"ListItem","position":2,"name":"Shop","item":"https:\/\/valika.eu\/fi\/"},{"@type":"ListItem","position":3,"name":"CLARESA HARD&#038;EASY BUILDER GEL MILKY PINK 12g"}]},{"@type":"WebSite","@id":"https:\/\/valika.eu\/fi\/#website","url":"https:\/\/valika.eu\/fi\/","name":"Valika.eu","description":"Salonkituotteet ja kauneudenhoitotuotteet - Valika tarjoaa laajan valikoiman tuotteita ja tarvikkeita kynsiteknikoille, kauneushoitoloille, kampaamoille ja kampaamoille.","publisher":{"@id":"https:\/\/valika.eu\/fi\/#organization"},"alternateName":"Valika","potentialAction":[{"@type":"SearchAction","target":{"@type":"EntryPoint","urlTemplate":"https:\/\/valika.eu\/fi\/?s={search_term_string}"},"query-input":{"@type":"PropertyValueSpecification","valueRequired":true,"valueName":"search_term_string"}}],"inLanguage":"fi"},{"@type":"Organization","@id":"https:\/\/valika.eu\/fi\/#organization","name":"Salongitoode O\u00dc","alternateName":"Valika","url":"https:\/\/valika.eu\/fi\/","logo":{"@type":"ImageObject","inLanguage":"fi","@id":"https:\/\/valika.eu\/fi\/#\/schema\/logo\/image\/","url":"https:\/\/valika.eu\/wp-content\/uploads\/2023\/11\/logo2-valika-footer.png","contentUrl":"https:\/\/valika.eu\/wp-content\/uploads\/2023\/11\/logo2-valika-footer.png","width":200,"height":129,"caption":"Salongitoode O\u00dc"},"image":{"@id":"https:\/\/valika.eu\/fi\/#\/schema\/logo\/image\/"},"sameAs":["https:\/\/www.facebook.com\/tipsi.net"]}]}},"jetpack_sharing_enabled":true,"_links":{"self":[{"href":"https:\/\/valika.eu\/fi\/wp-json\/wp\/v2\/product\/19153","targetHints":{"allow":["GET"]}}],"collection":[{"href":"https:\/\/valika.eu\/fi\/wp-json\/wp\/v2\/product"}],"about":[{"href":"https:\/\/valika.eu\/fi\/wp-json\/wp\/v2\/types\/product"}],"wp:featuredmedia":[{"embeddable":true,"href":"https:\/\/valika.eu\/fi\/wp-json\/wp\/v2\/media\/16838"}],"wp:attachment":[{"href":"https:\/\/valika.eu\/fi\/wp-json\/wp\/v2\/media?parent=19153"}],"wp:term":[{"taxonomy":"product_brand","embeddable":true,"href":"https:\/\/valika.eu\/fi\/wp-json\/wp\/v2\/product_brand?post=19153"},{"taxonomy":"product_cat","embeddable":true,"href":"https:\/\/valika.eu\/fi\/wp-json\/wp\/v2\/product_cat?post=19153"},{"taxonomy":"product_tag","embeddable":true,"href":"https:\/\/valika.eu\/fi\/wp-json\/wp\/v2\/product_tag?post=19153"}],"curies":[{"name":"wp","href":"https:\/\/api.w.org\/{rel}","templated":true}]}}