{"id":19577,"date":"2026-03-07T19:08:38","date_gmt":"2026-03-07T17:08:38","guid":{"rendered":"https:\/\/valika.eu\/?post_type=product&#038;p=19577"},"modified":"2026-03-12T15:22:23","modified_gmt":"2026-03-12T13:22:23","slug":"claresa-softeasy-dusty-bloom-building-gel-45g","status":"publish","type":"product","link":"https:\/\/valika.eu\/fi\/toode\/claresa-softeasy-dusty-bloom-building-gel-45g\/","title":{"rendered":"CLARESA SOFT&amp;EASY DUSTY BLOOM BUILDING GEL 45G"},"content":{"rendered":"<p>PRO LIGHT BUILDER GEL on monitoimigeeli, joka on suunniteltu ammattik\u00e4ytt\u00f6\u00f6n salonkik\u00e4ytt\u00f6\u00f6n. Sen erityinen, stylistien kokemuksella kehitetty koostumus nopeuttaa ja yksinkertaistaa p\u00e4ivitt\u00e4ist\u00e4 ty\u00f6t\u00e4. Tiksotropia yhdistettyn\u00e4 erinomaisiin itsetasoittuviin ominaisuuksiin takaa t\u00e4ydellisen, valumattoman geelin.<\/p>\n<p>PRO LIGHT BUILDER GELill\u00e4 on alhainen polymeroitumisl\u00e4mp\u00f6tila, mik\u00e4 minimoi polttavan tunteen lampussa. Geelill\u00e4 on lineaarinen molekyylirakenne, ja sen t\u00e4ysin tasapainoinen koostumus, viskositeetti ja geelin tiheys parantavat ty\u00f6n laatua. Moderni koostumus on luotu mahdollistamaan &#8220;viilaamaton&#8221; geelitekniikka, suojaamaan pidennetty\u00e4 kynsitunnelia laajenemiselta ja minimoimaan levitysaikaa. Erityisesti suositellaan nopeisiin lis\u00e4yksiin ja muotoilukorjauksiin.<\/p>\n<p>PRO LIGHT BUILDER GEL on geeli, joka yhdist\u00e4\u00e4 pohjan, rakenneaineen ja lakan ominaisuudet. Se sis\u00e4lt\u00e4\u00e4 liimoja, jotka lis\u00e4\u00e4v\u00e4t tarttumista luonnolliseen kynsilevyyn, sek\u00e4 rakenne- ja kiillotusaineita. Optimaalisen tarttuvuuden saavuttamiseksi ohuilla ja ongelmallisilla kynsill\u00e4 kannattaa k\u00e4ytt\u00e4\u00e4 mink\u00e4 tahansa Palu-pohjan lakkaa.<\/p>\n<p>Geelin tarkasti s\u00e4\u00e4detty viskositeetti varmistaa keskipaksun koostumuksen, joka levittyy nopeasti kynnelle. T\u00e4m\u00e4n viskositeetin geelit irtoavat helposti siveltimest\u00e4. Geeli on kest\u00e4v\u00e4\u00e4, naarmuuntumatonta ja sill\u00e4 on korkea, pitk\u00e4kestoinen kiilto.<\/p>","protected":false},"excerpt":{"rendered":"<p>PRO LIGHT BUILDER GEL on monitoimigeeli, joka on suunniteltu ammattik\u00e4ytt\u00f6\u00f6n salonkik\u00e4ytt\u00f6\u00f6n. Sen erityinen, stylistien kokemuksella kehitetty koostumus nopeuttaa ja yksinkertaistaa<\/p>\n","protected":false},"featured_media":19578,"template":"","meta":[],"product_brand":[],"product_cat":[647],"product_tag":[],"class_list":{"0":"post-19577","1":"product","2":"type-product","3":"status-publish","4":"has-post-thumbnail","6":"product_cat-softeasy","8":"first","9":"outofstock","10":"taxable","11":"shipping-taxable","12":"purchasable","13":"product-type-simple"},"yoast_head":"<!-- This site is optimized with the Yoast SEO plugin v24.4 - https:\/\/yoast.com\/wordpress\/plugins\/seo\/ -->\n<title>CLARESA SOFT&amp;EASY DUSTY BLOOM BUILDING GEL 45G | Valika<\/title>\n<meta name=\"robots\" content=\"index, follow, max-snippet:-1, max-image-preview:large, max-video-preview:-1\" \/>\n<link rel=\"canonical\" href=\"https:\/\/valika.eu\/fi\/toode\/claresa-softeasy-dusty-bloom-building-gel-45g\/\" \/>\n<meta property=\"og:locale\" content=\"fi_FI\" \/>\n<meta property=\"og:type\" content=\"article\" \/>\n<meta property=\"og:title\" content=\"CLARESA SOFT&amp;EASY DUSTY BLOOM BUILDING GEL 45G | Valika\" \/>\n<meta property=\"og:description\" content=\"PRO LIGHT BUILDER GEL on monitoimigeeli, joka on suunniteltu ammattik\u00e4ytt\u00f6\u00f6n salonkik\u00e4ytt\u00f6\u00f6n. Sen erityinen, stylistien kokemuksella kehitetty koostumus nopeuttaa ja yksinkertaistaa\" \/>\n<meta property=\"og:url\" content=\"https:\/\/valika.eu\/fi\/toode\/claresa-softeasy-dusty-bloom-building-gel-45g\/\" \/>\n<meta property=\"og:site_name\" content=\"Valika\" \/>\n<meta property=\"article:publisher\" content=\"https:\/\/www.facebook.com\/tipsi.net\" \/>\n<meta property=\"article:modified_time\" content=\"2026-03-12T13:22:23+00:00\" \/>\n<meta property=\"og:image\" content=\"https:\/\/valika.eu\/wp-content\/uploads\/2026\/03\/dusty-bloom.webp\" \/>\n\t<meta property=\"og:image:width\" content=\"500\" \/>\n\t<meta property=\"og:image:height\" content=\"500\" \/>\n\t<meta property=\"og:image:type\" content=\"image\/webp\" \/>\n<meta name=\"twitter:card\" content=\"summary_large_image\" \/>\n<script type=\"application\/ld+json\" class=\"yoast-schema-graph\">{\"@context\":\"https:\/\/schema.org\",\"@graph\":[{\"@type\":\"WebPage\",\"@id\":\"https:\/\/valika.eu\/fi\/toode\/claresa-softeasy-dusty-bloom-building-gel-45g\/\",\"url\":\"https:\/\/valika.eu\/fi\/toode\/claresa-softeasy-dusty-bloom-building-gel-45g\/\",\"name\":\"CLARESA SOFT&amp;EASY DUSTY BLOOM BUILDING GEL 45G | Valika\",\"isPartOf\":{\"@id\":\"https:\/\/valika.eu\/fi\/#website\"},\"primaryImageOfPage\":{\"@id\":\"https:\/\/valika.eu\/fi\/toode\/claresa-softeasy-dusty-bloom-building-gel-45g\/#primaryimage\"},\"image\":{\"@id\":\"https:\/\/valika.eu\/toode\/claresa-softeasy-dusty-bloom-building-gel-45g\/#primaryimage\"},\"thumbnailUrl\":\"https:\/\/valika.eu\/wp-content\/uploads\/2026\/03\/dusty-bloom.webp\",\"datePublished\":\"2026-03-07T17:08:38+00:00\",\"dateModified\":\"2026-03-12T13:22:23+00:00\",\"breadcrumb\":{\"@id\":\"https:\/\/valika.eu\/fi\/toode\/claresa-softeasy-dusty-bloom-building-gel-45g\/#breadcrumb\"},\"inLanguage\":\"fi\",\"potentialAction\":[{\"@type\":\"ReadAction\",\"target\":[[\"https:\/\/valika.eu\/fi\/toode\/claresa-softeasy-dusty-bloom-building-gel-45g\/\"]]}]},{\"@type\":\"ImageObject\",\"inLanguage\":\"fi\",\"@id\":\"https:\/\/valika.eu\/fi\/toode\/claresa-softeasy-dusty-bloom-building-gel-45g\/#primaryimage\",\"url\":\"https:\/\/valika.eu\/wp-content\/uploads\/2026\/03\/dusty-bloom.webp\",\"contentUrl\":\"https:\/\/valika.eu\/wp-content\/uploads\/2026\/03\/dusty-bloom.webp\",\"width\":500,\"height\":500},{\"@type\":\"BreadcrumbList\",\"@id\":\"https:\/\/valika.eu\/fi\/toode\/claresa-softeasy-dusty-bloom-building-gel-45g\/#breadcrumb\",\"itemListElement\":[{\"@type\":\"ListItem\",\"position\":1,\"name\":\"Koti\",\"item\":\"https:\/\/valika.eu\/fi\/\"},{\"@type\":\"ListItem\",\"position\":2,\"name\":\"Shop\",\"item\":\"https:\/\/valika.eu\/fi\/\"},{\"@type\":\"ListItem\",\"position\":3,\"name\":\"CLARESA SOFT&#038;EASY DUSTY BLOOM BUILDING GEL 45G\"}]},{\"@type\":\"WebSite\",\"@id\":\"https:\/\/valika.eu\/fi\/#website\",\"url\":\"https:\/\/valika.eu\/fi\/\",\"name\":\"Valika.eu\",\"description\":\"Salonkituotteet ja kauneudenhoitotuotteet - Valika tarjoaa laajan valikoiman tuotteita ja tarvikkeita kynsiteknikoille, kauneushoitoloille, kampaamoille ja kampaamoille.\",\"publisher\":{\"@id\":\"https:\/\/valika.eu\/fi\/#organization\"},\"alternateName\":\"Valika\",\"potentialAction\":[{\"@type\":\"SearchAction\",\"target\":{\"@type\":\"EntryPoint\",\"urlTemplate\":\"https:\/\/valika.eu\/fi\/?s={search_term_string}\"},\"query-input\":{\"@type\":\"PropertyValueSpecification\",\"valueRequired\":true,\"valueName\":\"search_term_string\"}}],\"inLanguage\":\"fi\"},{\"@type\":\"Organization\",\"@id\":\"https:\/\/valika.eu\/fi\/#organization\",\"name\":\"Salongitoode O\u00dc\",\"alternateName\":\"Valika\",\"url\":\"https:\/\/valika.eu\/fi\/\",\"logo\":{\"@type\":\"ImageObject\",\"inLanguage\":\"fi\",\"@id\":\"https:\/\/valika.eu\/fi\/#\/schema\/logo\/image\/\",\"url\":\"https:\/\/valika.eu\/wp-content\/uploads\/2023\/11\/logo2-valika-footer.png\",\"contentUrl\":\"https:\/\/valika.eu\/wp-content\/uploads\/2023\/11\/logo2-valika-footer.png\",\"width\":200,\"height\":129,\"caption\":\"Salongitoode O\u00dc\"},\"image\":{\"@id\":\"https:\/\/valika.eu\/fi\/#\/schema\/logo\/image\/\"},\"sameAs\":[\"https:\/\/www.facebook.com\/tipsi.net\"]}]}<\/script>\n<!-- \/ Yoast SEO plugin. -->","yoast_head_json":{"title":"CLARESA SOFT&amp;EASY DUSTY BLOOM BUILDING GEL 45G | Valika","robots":{"index":"index","follow":"follow","max-snippet":"max-snippet:-1","max-image-preview":"max-image-preview:large","max-video-preview":"max-video-preview:-1"},"canonical":"https:\/\/valika.eu\/fi\/toode\/claresa-softeasy-dusty-bloom-building-gel-45g\/","og_locale":"fi_FI","og_type":"article","og_title":"CLARESA SOFT&amp;EASY DUSTY BLOOM BUILDING GEL 45G | Valika","og_description":"PRO LIGHT BUILDER GEL on monitoimigeeli, joka on suunniteltu ammattik\u00e4ytt\u00f6\u00f6n salonkik\u00e4ytt\u00f6\u00f6n. Sen erityinen, stylistien kokemuksella kehitetty koostumus nopeuttaa ja yksinkertaistaa","og_url":"https:\/\/valika.eu\/fi\/toode\/claresa-softeasy-dusty-bloom-building-gel-45g\/","og_site_name":"Valika","article_publisher":"https:\/\/www.facebook.com\/tipsi.net","article_modified_time":"2026-03-12T13:22:23+00:00","og_image":[{"width":500,"height":500,"url":"https:\/\/valika.eu\/wp-content\/uploads\/2026\/03\/dusty-bloom.webp","type":"image\/webp"}],"twitter_card":"summary_large_image","schema":{"@context":"https:\/\/schema.org","@graph":[{"@type":"WebPage","@id":"https:\/\/valika.eu\/fi\/toode\/claresa-softeasy-dusty-bloom-building-gel-45g\/","url":"https:\/\/valika.eu\/fi\/toode\/claresa-softeasy-dusty-bloom-building-gel-45g\/","name":"CLARESA SOFT&amp;EASY DUSTY BLOOM BUILDING GEL 45G | Valika","isPartOf":{"@id":"https:\/\/valika.eu\/fi\/#website"},"primaryImageOfPage":{"@id":"https:\/\/valika.eu\/fi\/toode\/claresa-softeasy-dusty-bloom-building-gel-45g\/#primaryimage"},"image":{"@id":"https:\/\/valika.eu\/toode\/claresa-softeasy-dusty-bloom-building-gel-45g\/#primaryimage"},"thumbnailUrl":"https:\/\/valika.eu\/wp-content\/uploads\/2026\/03\/dusty-bloom.webp","datePublished":"2026-03-07T17:08:38+00:00","dateModified":"2026-03-12T13:22:23+00:00","breadcrumb":{"@id":"https:\/\/valika.eu\/fi\/toode\/claresa-softeasy-dusty-bloom-building-gel-45g\/#breadcrumb"},"inLanguage":"fi","potentialAction":[{"@type":"ReadAction","target":[["https:\/\/valika.eu\/fi\/toode\/claresa-softeasy-dusty-bloom-building-gel-45g\/"]]}]},{"@type":"ImageObject","inLanguage":"fi","@id":"https:\/\/valika.eu\/fi\/toode\/claresa-softeasy-dusty-bloom-building-gel-45g\/#primaryimage","url":"https:\/\/valika.eu\/wp-content\/uploads\/2026\/03\/dusty-bloom.webp","contentUrl":"https:\/\/valika.eu\/wp-content\/uploads\/2026\/03\/dusty-bloom.webp","width":500,"height":500},{"@type":"BreadcrumbList","@id":"https:\/\/valika.eu\/fi\/toode\/claresa-softeasy-dusty-bloom-building-gel-45g\/#breadcrumb","itemListElement":[{"@type":"ListItem","position":1,"name":"Koti","item":"https:\/\/valika.eu\/fi\/"},{"@type":"ListItem","position":2,"name":"Shop","item":"https:\/\/valika.eu\/fi\/"},{"@type":"ListItem","position":3,"name":"CLARESA SOFT&#038;EASY DUSTY BLOOM BUILDING GEL 45G"}]},{"@type":"WebSite","@id":"https:\/\/valika.eu\/fi\/#website","url":"https:\/\/valika.eu\/fi\/","name":"Valika.eu","description":"Salonkituotteet ja kauneudenhoitotuotteet - Valika tarjoaa laajan valikoiman tuotteita ja tarvikkeita kynsiteknikoille, kauneushoitoloille, kampaamoille ja kampaamoille.","publisher":{"@id":"https:\/\/valika.eu\/fi\/#organization"},"alternateName":"Valika","potentialAction":[{"@type":"SearchAction","target":{"@type":"EntryPoint","urlTemplate":"https:\/\/valika.eu\/fi\/?s={search_term_string}"},"query-input":{"@type":"PropertyValueSpecification","valueRequired":true,"valueName":"search_term_string"}}],"inLanguage":"fi"},{"@type":"Organization","@id":"https:\/\/valika.eu\/fi\/#organization","name":"Salongitoode O\u00dc","alternateName":"Valika","url":"https:\/\/valika.eu\/fi\/","logo":{"@type":"ImageObject","inLanguage":"fi","@id":"https:\/\/valika.eu\/fi\/#\/schema\/logo\/image\/","url":"https:\/\/valika.eu\/wp-content\/uploads\/2023\/11\/logo2-valika-footer.png","contentUrl":"https:\/\/valika.eu\/wp-content\/uploads\/2023\/11\/logo2-valika-footer.png","width":200,"height":129,"caption":"Salongitoode O\u00dc"},"image":{"@id":"https:\/\/valika.eu\/fi\/#\/schema\/logo\/image\/"},"sameAs":["https:\/\/www.facebook.com\/tipsi.net"]}]}},"jetpack_sharing_enabled":true,"_links":{"self":[{"href":"https:\/\/valika.eu\/fi\/wp-json\/wp\/v2\/product\/19577","targetHints":{"allow":["GET"]}}],"collection":[{"href":"https:\/\/valika.eu\/fi\/wp-json\/wp\/v2\/product"}],"about":[{"href":"https:\/\/valika.eu\/fi\/wp-json\/wp\/v2\/types\/product"}],"wp:featuredmedia":[{"embeddable":true,"href":"https:\/\/valika.eu\/fi\/wp-json\/wp\/v2\/media\/19578"}],"wp:attachment":[{"href":"https:\/\/valika.eu\/fi\/wp-json\/wp\/v2\/media?parent=19577"}],"wp:term":[{"taxonomy":"product_brand","embeddable":true,"href":"https:\/\/valika.eu\/fi\/wp-json\/wp\/v2\/product_brand?post=19577"},{"taxonomy":"product_cat","embeddable":true,"href":"https:\/\/valika.eu\/fi\/wp-json\/wp\/v2\/product_cat?post=19577"},{"taxonomy":"product_tag","embeddable":true,"href":"https:\/\/valika.eu\/fi\/wp-json\/wp\/v2\/product_tag?post=19577"}],"curies":[{"name":"wp","href":"https:\/\/api.w.org\/{rel}","templated":true}]}}