{"id":19583,"date":"2026-03-07T22:46:34","date_gmt":"2026-03-07T20:46:34","guid":{"rendered":"https:\/\/valika.eu\/?post_type=product&#038;p=19583"},"modified":"2026-03-07T23:09:11","modified_gmt":"2026-03-07T21:09:11","slug":"diversey-intellicare-hybrid-sensoriga-seebi-ja-desinfitseerija-hoidik-dosaator-must","status":"publish","type":"product","link":"https:\/\/valika.eu\/fi\/toode\/diversey-intellicare-hybrid-sensoriga-seebi-ja-desinfitseerija-hoidik-dosaator-must\/","title":{"rendered":"Diversey IntelliCare annostelijat musta"},"content":{"rendered":"<p><strong>Manuaalisen annostelijan ominaisuudet:<\/strong><br \/>\n\u2022 Kest\u00e4v\u00e4 ja luotettava annostelija, joka on valmistettu ABS-muovista, se ei naarmuunnu ja siet\u00e4\u00e4 UV-valoa<br \/>\n\u2022 Vaivaton pit\u00e4\u00e4 puhtaana<br \/>\n\u2022 Annostelijan isosta ikkunasta n\u00e4kee helposti, mik\u00e4 tuote on k\u00e4yt\u00f6ss\u00e4 ja paljonko sit\u00e4 on j\u00e4ljell\u00e4<br \/>\n\u2022 Yksinkertainen k\u00e4ytt\u00e4\u00e4, iso painike<br \/>\n\u2022 Annosm\u00e4\u00e4r\u00e4 s\u00e4\u00e4dett\u00e4viss\u00e4<br \/>\n\u2022 Kannen alareunassa, sis\u00e4puolella on tila pidikkeineen, johon voi laittaa yrityksen nimikyltin, mainoksen, toimintaohjeita, v\u00e4rikoodin jne.<br \/>\n\u2022 Saatavissa tippa-alusta, kyyn\u00e4rvarsivipu ja lattiateline, jotka auttavat hyv\u00e4n k\u00e4sihygienian toteutumisessa<br \/>\n<strong>Manuaalisen annostelijan edut:<\/strong><br \/>\n\u2022 Miellytt\u00e4v\u00e4 ja helppo k\u00e4ytt\u00e4\u00e4, mik\u00e4 kannustaa ty\u00f6ntekij\u00f6it\u00e4 ja asiakkaita hyv\u00e4\u00e4n k\u00e4sihygieniaan<br \/>\n\u2022 Monipuolinen, sill\u00e4 annostelija annostelee sek\u00e4 nesteit\u00e4, vaahtoa ett\u00e4 voiteita<br \/>\n\u2022 Annosm\u00e4\u00e4r\u00e4 s\u00e4\u00e4dett\u00e4viss\u00e4 tuotteen ja k\u00e4ytt\u00f6alueen mukaan<br \/>\n\u2022 Varmatoiminen ja luotettava annostelija, joka on helppo pit\u00e4\u00e4 puhtaana my\u00f6s korkean k\u00e4ytt\u00f6asteen alueilla<br \/>\n\u2022 Ty\u00f6t\u00e4 s\u00e4\u00e4styy, kun isosta ikkunasta n\u00e4kee helposti tuotteen ja j\u00e4ljell\u00e4 olevan aineen m\u00e4\u00e4r\u00e4n. Lis\u00e4ksi tyhjentyneen pullon vaihto vie vain muutaman sekunnin<br \/>\n\u2022 Innovatiivinen toiminnallisuus ja annostelun helppous parantavat k\u00e4ytt\u00e4j\u00e4- ja asiakaskokemusta<br \/>\n<strong>Hybridi annostelijan ominaisuudet:<\/strong><br \/>\n\u2022\u2022 Patentoitu hybriditoiminto<br \/>\n\u2022\u2022 Alhainen nesteraja -h\u00e4lytys kertoo henkil\u00f6kunnalle tuotteen loppumisesta, jolloin v\u00e4ltyt\u00e4\u00e4n tyhj\u00e4lt\u00e4 annostelijalta<br \/>\n\u2022\u2022 Kest\u00e4v\u00e4 ja luotettava annostelija, joka on valmistettu ABS-muovista, se ei naarmuunnu ja siet\u00e4\u00e4 UV-valoa<br \/>\n\u2022\u2022 Vaivaton pit\u00e4\u00e4 puhtaana<br \/>\n\u2022\u2022 Pitk\u00e4\u00e4n kest\u00e4v\u00e4t patterit ja vesitiiviit osat varmistavat annostelijan luotettavan toiminnan pienell\u00e4 yll\u00e4pidolla<br \/>\n\u2022\u2022 Annostelijan isosta ikkunasta n\u00e4kee helposti, mik\u00e4 tuote on k\u00e4yt\u00f6ss\u00e4 ja paljonko sit\u00e4 on j\u00e4ljell\u00e4<br \/>\n\u2022\u2022 Yksinkertainen k\u00e4ytt\u00e4\u00e4. Kun patterit on vaihdettava, ilmestyy annostelijan alaosaan valaistu teksti \u201cPUSH\u201d<br \/>\n\u2022\u2022 Annosm\u00e4\u00e4r\u00e4 s\u00e4\u00e4dett\u00e4viss\u00e4<br \/>\n\u2022\u2022 Kannen alareunassa, sis\u00e4puolella on tila pidikkeineen, johon voi laittaa yrityksen nimikyltin, mainoksen, toimintaohjeita, v\u00e4rikoodin jne.<br \/>\n\u2022\u2022 Saatavissa tippa-alusta ja lattiateline, jotka auttavat hyv\u00e4n k\u00e4sihygienian toteutumisessa<br \/>\n<strong>Hybridi annostelijan edut:<\/strong><br \/>\n\u2022\u2022 Aina toimiva annostelija v\u00e4hent\u00e4\u00e4 infektioiden riski\u00e4 terveydenhuollossa, ammattikeitti\u00f6iss\u00e4 ym. korkean hygieniavaatimusten alueilla<br \/>\n\u2022\u2022 Ty\u00f6 sujuu, kun isosta ikkunasta n\u00e4kee vaivattomasti k\u00e4yt\u00f6ss\u00e4 olevan tuotteen ja kun annostelija toimii nopeasti ja helposti. Lis\u00e4ksi tyhjentyneen pakkauksen vaihto vie vain muutaman sekunnin<br \/>\n\u2022\u2022 Innovatiivinen toiminnallisuus ja kosketusvapaa annostelu parantavat k\u00e4ytt\u00e4j\u00e4- ja asiakaskokemusta<br \/>\n\u2022\u2022 Miellytt\u00e4v\u00e4 ja helppo k\u00e4ytt\u00e4\u00e4, mik\u00e4 kannustaa ty\u00f6ntekij\u00f6it\u00e4 ja asiakkaita hyv\u00e4\u00e4n k\u00e4sihygieniaan<br \/>\n\u2022\u2022 Moderni, yksinkertainen muotoilu sopii hyvin erilaisiin k\u00e4ytt\u00f6ymp\u00e4rist\u00f6ihin<\/p>\n<p><span id=\"ctl00_cphBody_lblProductName\">IntelliCare lattiateline<\/span>\u00a0on tyylik\u00e4s musta lattiateline annostelijoille. Pysyy hyvin pystyss\u00e4, vie v\u00e4h\u00e4n tilaa. Sopii hyvin sek\u00e4 perinteiseen ett\u00e4 moderniin sisustukseen. Etuosan muovitaskuun mahdollista laittaa yritys-, tuotenimi tai muuta informaatiota.<\/p>\n<p>jalusta myyd\u00e4\u00e4n erikseen<\/p>","protected":false},"excerpt":{"rendered":"<p>Manuaalisen annostelijan ominaisuudet: \u2022 Kest\u00e4v\u00e4 ja luotettava annostelija, joka on valmistettu ABS-muovista, se ei naarmuunnu ja siet\u00e4\u00e4 UV-valoa \u2022 Vaivaton<\/p>\n","protected":false},"featured_media":19586,"template":"","meta":[],"product_brand":[],"product_cat":[599],"product_tag":[],"class_list":{"0":"post-19583","1":"product","2":"type-product","3":"status-publish","4":"has-post-thumbnail","6":"product_cat-desinfitseerimisvahendid","8":"first","9":"instock","10":"taxable","11":"shipping-taxable","12":"purchasable","13":"product-type-simple"},"yoast_head":"<!-- This site is optimized with the Yoast SEO plugin v24.4 - https:\/\/yoast.com\/wordpress\/plugins\/seo\/ -->\n<title>Diversey IntelliCare annostelijat musta | Valika<\/title>\n<meta name=\"robots\" content=\"index, follow, max-snippet:-1, max-image-preview:large, max-video-preview:-1\" \/>\n<link rel=\"canonical\" href=\"https:\/\/valika.eu\/fi\/toode\/diversey-intellicare-hybrid-sensoriga-seebi-ja-desinfitseerija-hoidik-dosaator-must\/\" \/>\n<meta property=\"og:locale\" content=\"fi_FI\" \/>\n<meta property=\"og:type\" content=\"article\" \/>\n<meta property=\"og:title\" content=\"Diversey IntelliCare annostelijat musta | Valika\" \/>\n<meta property=\"og:description\" content=\"Manuaalisen annostelijan ominaisuudet: \u2022 Kest\u00e4v\u00e4 ja luotettava annostelija, joka on valmistettu ABS-muovista, se ei naarmuunnu ja siet\u00e4\u00e4 UV-valoa \u2022 Vaivaton\" \/>\n<meta property=\"og:url\" content=\"https:\/\/valika.eu\/fi\/toode\/diversey-intellicare-hybrid-sensoriga-seebi-ja-desinfitseerija-hoidik-dosaator-must\/\" \/>\n<meta property=\"og:site_name\" content=\"Valika\" \/>\n<meta property=\"article:publisher\" content=\"https:\/\/www.facebook.com\/tipsi.net\" \/>\n<meta property=\"article:modified_time\" content=\"2026-03-07T21:09:11+00:00\" \/>\n<meta property=\"og:image\" content=\"https:\/\/valika.eu\/wp-content\/uploads\/2026\/03\/dosaator.jpg\" \/>\n\t<meta property=\"og:image:width\" content=\"1500\" \/>\n\t<meta property=\"og:image:height\" content=\"1463\" \/>\n\t<meta property=\"og:image:type\" content=\"image\/jpeg\" \/>\n<meta name=\"twitter:card\" content=\"summary_large_image\" \/>\n<script type=\"application\/ld+json\" class=\"yoast-schema-graph\">{\"@context\":\"https:\/\/schema.org\",\"@graph\":[{\"@type\":\"WebPage\",\"@id\":\"https:\/\/valika.eu\/fi\/toode\/diversey-intellicare-hybrid-sensoriga-seebi-ja-desinfitseerija-hoidik-dosaator-must\/\",\"url\":\"https:\/\/valika.eu\/fi\/toode\/diversey-intellicare-hybrid-sensoriga-seebi-ja-desinfitseerija-hoidik-dosaator-must\/\",\"name\":\"Diversey IntelliCare annostelijat musta | Valika\",\"isPartOf\":{\"@id\":\"https:\/\/valika.eu\/fi\/#website\"},\"primaryImageOfPage\":{\"@id\":\"https:\/\/valika.eu\/fi\/toode\/diversey-intellicare-hybrid-sensoriga-seebi-ja-desinfitseerija-hoidik-dosaator-must\/#primaryimage\"},\"image\":{\"@id\":\"https:\/\/valika.eu\/toode\/diversey-intellicare-hybrid-sensoriga-seebi-ja-desinfitseerija-hoidik-dosaator-must\/#primaryimage\"},\"thumbnailUrl\":\"https:\/\/valika.eu\/wp-content\/uploads\/2026\/03\/dosaator.jpg\",\"datePublished\":\"2026-03-07T20:46:34+00:00\",\"dateModified\":\"2026-03-07T21:09:11+00:00\",\"breadcrumb\":{\"@id\":\"https:\/\/valika.eu\/fi\/toode\/diversey-intellicare-hybrid-sensoriga-seebi-ja-desinfitseerija-hoidik-dosaator-must\/#breadcrumb\"},\"inLanguage\":\"fi\",\"potentialAction\":[{\"@type\":\"ReadAction\",\"target\":[[\"https:\/\/valika.eu\/fi\/toode\/diversey-intellicare-hybrid-sensoriga-seebi-ja-desinfitseerija-hoidik-dosaator-must\/\"]]}]},{\"@type\":\"ImageObject\",\"inLanguage\":\"fi\",\"@id\":\"https:\/\/valika.eu\/fi\/toode\/diversey-intellicare-hybrid-sensoriga-seebi-ja-desinfitseerija-hoidik-dosaator-must\/#primaryimage\",\"url\":\"https:\/\/valika.eu\/wp-content\/uploads\/2026\/03\/dosaator.jpg\",\"contentUrl\":\"https:\/\/valika.eu\/wp-content\/uploads\/2026\/03\/dosaator.jpg\",\"width\":1500,\"height\":1463},{\"@type\":\"BreadcrumbList\",\"@id\":\"https:\/\/valika.eu\/fi\/toode\/diversey-intellicare-hybrid-sensoriga-seebi-ja-desinfitseerija-hoidik-dosaator-must\/#breadcrumb\",\"itemListElement\":[{\"@type\":\"ListItem\",\"position\":1,\"name\":\"Koti\",\"item\":\"https:\/\/valika.eu\/fi\/\"},{\"@type\":\"ListItem\",\"position\":2,\"name\":\"Shop\",\"item\":\"https:\/\/valika.eu\/fi\/\"},{\"@type\":\"ListItem\",\"position\":3,\"name\":\"Diversey IntelliCare Hybrid Dispenser\"}]},{\"@type\":\"WebSite\",\"@id\":\"https:\/\/valika.eu\/fi\/#website\",\"url\":\"https:\/\/valika.eu\/fi\/\",\"name\":\"Valika.eu\",\"description\":\"Salonkituotteet ja kauneudenhoitotuotteet - Valika tarjoaa laajan valikoiman tuotteita ja tarvikkeita kynsiteknikoille, kauneushoitoloille, kampaamoille ja kampaamoille.\",\"publisher\":{\"@id\":\"https:\/\/valika.eu\/fi\/#organization\"},\"alternateName\":\"Valika\",\"potentialAction\":[{\"@type\":\"SearchAction\",\"target\":{\"@type\":\"EntryPoint\",\"urlTemplate\":\"https:\/\/valika.eu\/fi\/?s={search_term_string}\"},\"query-input\":{\"@type\":\"PropertyValueSpecification\",\"valueRequired\":true,\"valueName\":\"search_term_string\"}}],\"inLanguage\":\"fi\"},{\"@type\":\"Organization\",\"@id\":\"https:\/\/valika.eu\/fi\/#organization\",\"name\":\"Salongitoode O\u00dc\",\"alternateName\":\"Valika\",\"url\":\"https:\/\/valika.eu\/fi\/\",\"logo\":{\"@type\":\"ImageObject\",\"inLanguage\":\"fi\",\"@id\":\"https:\/\/valika.eu\/fi\/#\/schema\/logo\/image\/\",\"url\":\"https:\/\/valika.eu\/wp-content\/uploads\/2023\/11\/logo2-valika-footer.png\",\"contentUrl\":\"https:\/\/valika.eu\/wp-content\/uploads\/2023\/11\/logo2-valika-footer.png\",\"width\":200,\"height\":129,\"caption\":\"Salongitoode O\u00dc\"},\"image\":{\"@id\":\"https:\/\/valika.eu\/fi\/#\/schema\/logo\/image\/\"},\"sameAs\":[\"https:\/\/www.facebook.com\/tipsi.net\"]}]}<\/script>\n<!-- \/ Yoast SEO plugin. -->","yoast_head_json":{"title":"Diversey IntelliCare annostelijat musta | Valika","robots":{"index":"index","follow":"follow","max-snippet":"max-snippet:-1","max-image-preview":"max-image-preview:large","max-video-preview":"max-video-preview:-1"},"canonical":"https:\/\/valika.eu\/fi\/toode\/diversey-intellicare-hybrid-sensoriga-seebi-ja-desinfitseerija-hoidik-dosaator-must\/","og_locale":"fi_FI","og_type":"article","og_title":"Diversey IntelliCare annostelijat musta | Valika","og_description":"Manuaalisen annostelijan ominaisuudet: \u2022 Kest\u00e4v\u00e4 ja luotettava annostelija, joka on valmistettu ABS-muovista, se ei naarmuunnu ja siet\u00e4\u00e4 UV-valoa \u2022 Vaivaton","og_url":"https:\/\/valika.eu\/fi\/toode\/diversey-intellicare-hybrid-sensoriga-seebi-ja-desinfitseerija-hoidik-dosaator-must\/","og_site_name":"Valika","article_publisher":"https:\/\/www.facebook.com\/tipsi.net","article_modified_time":"2026-03-07T21:09:11+00:00","og_image":[{"width":1500,"height":1463,"url":"https:\/\/valika.eu\/wp-content\/uploads\/2026\/03\/dosaator.jpg","type":"image\/jpeg"}],"twitter_card":"summary_large_image","schema":{"@context":"https:\/\/schema.org","@graph":[{"@type":"WebPage","@id":"https:\/\/valika.eu\/fi\/toode\/diversey-intellicare-hybrid-sensoriga-seebi-ja-desinfitseerija-hoidik-dosaator-must\/","url":"https:\/\/valika.eu\/fi\/toode\/diversey-intellicare-hybrid-sensoriga-seebi-ja-desinfitseerija-hoidik-dosaator-must\/","name":"Diversey IntelliCare annostelijat musta | Valika","isPartOf":{"@id":"https:\/\/valika.eu\/fi\/#website"},"primaryImageOfPage":{"@id":"https:\/\/valika.eu\/fi\/toode\/diversey-intellicare-hybrid-sensoriga-seebi-ja-desinfitseerija-hoidik-dosaator-must\/#primaryimage"},"image":{"@id":"https:\/\/valika.eu\/toode\/diversey-intellicare-hybrid-sensoriga-seebi-ja-desinfitseerija-hoidik-dosaator-must\/#primaryimage"},"thumbnailUrl":"https:\/\/valika.eu\/wp-content\/uploads\/2026\/03\/dosaator.jpg","datePublished":"2026-03-07T20:46:34+00:00","dateModified":"2026-03-07T21:09:11+00:00","breadcrumb":{"@id":"https:\/\/valika.eu\/fi\/toode\/diversey-intellicare-hybrid-sensoriga-seebi-ja-desinfitseerija-hoidik-dosaator-must\/#breadcrumb"},"inLanguage":"fi","potentialAction":[{"@type":"ReadAction","target":[["https:\/\/valika.eu\/fi\/toode\/diversey-intellicare-hybrid-sensoriga-seebi-ja-desinfitseerija-hoidik-dosaator-must\/"]]}]},{"@type":"ImageObject","inLanguage":"fi","@id":"https:\/\/valika.eu\/fi\/toode\/diversey-intellicare-hybrid-sensoriga-seebi-ja-desinfitseerija-hoidik-dosaator-must\/#primaryimage","url":"https:\/\/valika.eu\/wp-content\/uploads\/2026\/03\/dosaator.jpg","contentUrl":"https:\/\/valika.eu\/wp-content\/uploads\/2026\/03\/dosaator.jpg","width":1500,"height":1463},{"@type":"BreadcrumbList","@id":"https:\/\/valika.eu\/fi\/toode\/diversey-intellicare-hybrid-sensoriga-seebi-ja-desinfitseerija-hoidik-dosaator-must\/#breadcrumb","itemListElement":[{"@type":"ListItem","position":1,"name":"Koti","item":"https:\/\/valika.eu\/fi\/"},{"@type":"ListItem","position":2,"name":"Shop","item":"https:\/\/valika.eu\/fi\/"},{"@type":"ListItem","position":3,"name":"Diversey IntelliCare Hybrid Dispenser"}]},{"@type":"WebSite","@id":"https:\/\/valika.eu\/fi\/#website","url":"https:\/\/valika.eu\/fi\/","name":"Valika.eu","description":"Salonkituotteet ja kauneudenhoitotuotteet - Valika tarjoaa laajan valikoiman tuotteita ja tarvikkeita kynsiteknikoille, kauneushoitoloille, kampaamoille ja kampaamoille.","publisher":{"@id":"https:\/\/valika.eu\/fi\/#organization"},"alternateName":"Valika","potentialAction":[{"@type":"SearchAction","target":{"@type":"EntryPoint","urlTemplate":"https:\/\/valika.eu\/fi\/?s={search_term_string}"},"query-input":{"@type":"PropertyValueSpecification","valueRequired":true,"valueName":"search_term_string"}}],"inLanguage":"fi"},{"@type":"Organization","@id":"https:\/\/valika.eu\/fi\/#organization","name":"Salongitoode O\u00dc","alternateName":"Valika","url":"https:\/\/valika.eu\/fi\/","logo":{"@type":"ImageObject","inLanguage":"fi","@id":"https:\/\/valika.eu\/fi\/#\/schema\/logo\/image\/","url":"https:\/\/valika.eu\/wp-content\/uploads\/2023\/11\/logo2-valika-footer.png","contentUrl":"https:\/\/valika.eu\/wp-content\/uploads\/2023\/11\/logo2-valika-footer.png","width":200,"height":129,"caption":"Salongitoode O\u00dc"},"image":{"@id":"https:\/\/valika.eu\/fi\/#\/schema\/logo\/image\/"},"sameAs":["https:\/\/www.facebook.com\/tipsi.net"]}]}},"jetpack_sharing_enabled":true,"_links":{"self":[{"href":"https:\/\/valika.eu\/fi\/wp-json\/wp\/v2\/product\/19583","targetHints":{"allow":["GET"]}}],"collection":[{"href":"https:\/\/valika.eu\/fi\/wp-json\/wp\/v2\/product"}],"about":[{"href":"https:\/\/valika.eu\/fi\/wp-json\/wp\/v2\/types\/product"}],"wp:featuredmedia":[{"embeddable":true,"href":"https:\/\/valika.eu\/fi\/wp-json\/wp\/v2\/media\/19586"}],"wp:attachment":[{"href":"https:\/\/valika.eu\/fi\/wp-json\/wp\/v2\/media?parent=19583"}],"wp:term":[{"taxonomy":"product_brand","embeddable":true,"href":"https:\/\/valika.eu\/fi\/wp-json\/wp\/v2\/product_brand?post=19583"},{"taxonomy":"product_cat","embeddable":true,"href":"https:\/\/valika.eu\/fi\/wp-json\/wp\/v2\/product_cat?post=19583"},{"taxonomy":"product_tag","embeddable":true,"href":"https:\/\/valika.eu\/fi\/wp-json\/wp\/v2\/product_tag?post=19583"}],"curies":[{"name":"wp","href":"https:\/\/api.w.org\/{rel}","templated":true}]}}