{"id":19628,"date":"2026-03-09T13:27:33","date_gmt":"2026-03-09T11:27:33","guid":{"rendered":"https:\/\/valika.eu\/?post_type=product&#038;p=19628"},"modified":"2026-03-09T13:33:20","modified_gmt":"2026-03-09T11:33:20","slug":"acrylgel-flexi-gel-palu-candy-pink-30-g","status":"publish","type":"product","link":"https:\/\/valika.eu\/fi\/toode\/acrylgel-flexi-gel-palu-candy-pink-30-g\/","title":{"rendered":"Acrylgel &#8211; Flexi Gel Palu, Candy Pink &#8211; 30 g"},"content":{"rendered":"<p><strong>Palun Flexi Gelin uusi versio<\/strong>\u00a0&#8211; on viel\u00e4kin parempi tuote, joka sopii sek\u00e4 aloittelijoille ett\u00e4 kokeneille kynsiteknikoille, jotka arvostavat aikaa ja mukavuutta. Flexi Gel ei kovetu ty\u00f6n aikana eik\u00e4 valu kynsinauhoille, joten voit muotoilla kynsi\u00e4si vapaasti. Sen optimaalinen konsistenssi mahdollistaa 5 kynnen ty\u00f6st\u00e4misen kerralla tarpeidesi mukaisessa tahdissa.<\/p>\n<p><strong>T\u00e4m\u00e4 joustava tuote<\/strong>\u00a0on kest\u00e4v\u00e4mpi kuin tavallinen pidennysgeeli, mik\u00e4 varmistaa, ett\u00e4 tyylisi kest\u00e4\u00e4 jopa 4 viikkoa. \u00c4l\u00e4 huolehdi \u00e4rsytt\u00e4vist\u00e4 hajuista &#8211; Flexi Gel -koostumus on hell\u00e4varainen aisteille ja sopii my\u00f6s UV-s\u00e4teilylle herkille asiakkaille.<\/p>\n<p><strong>Flexi Gel<\/strong>\u00a0yhdistet\u00e4\u00e4n ihanteellisesti v\u00e4rillisten geelilakkojen kanssa, mutta se n\u00e4ytt\u00e4\u00e4 hyv\u00e4lt\u00e4 my\u00f6s sellaisenaan antaen kynsille luonnollisen ilmeen. Saatavana kolmessa v\u00e4riss\u00e4: l\u00e4pin\u00e4kyv\u00e4, pehme\u00e4 vaaleanpunainen ja beige, se sopii erinomaisesti ranskalaisen manikyyrin mallintamiseen.<\/p>","protected":false},"excerpt":{"rendered":"<p>Palun Flexi Gelin uusi versio\u00a0&#8211; on viel\u00e4kin parempi tuote, joka sopii sek\u00e4 aloittelijoille ett\u00e4 kokeneille kynsiteknikoille, jotka arvostavat aikaa ja<\/p>\n","protected":false},"featured_media":19629,"template":"","meta":[],"product_brand":[],"product_cat":[73,704],"product_tag":[],"class_list":{"0":"post-19628","1":"product","2":"type-product","3":"status-publish","4":"has-post-thumbnail","6":"product_cat-palu-ehitusgeelid","7":"product_cat-polygel","9":"first","10":"instock","11":"taxable","12":"shipping-taxable","13":"purchasable","14":"product-type-simple"},"yoast_head":"<!-- This site is optimized with the Yoast SEO plugin v24.4 - https:\/\/yoast.com\/wordpress\/plugins\/seo\/ -->\n<title>Acrylgel - Flexi Gel Palu, Candy Pink - 30 g | Valika<\/title>\n<meta name=\"robots\" content=\"index, follow, max-snippet:-1, max-image-preview:large, max-video-preview:-1\" \/>\n<link rel=\"canonical\" href=\"https:\/\/valika.eu\/fi\/toode\/acrylgel-flexi-gel-palu-candy-pink-30-g\/\" \/>\n<meta property=\"og:locale\" content=\"fi_FI\" \/>\n<meta property=\"og:type\" content=\"article\" \/>\n<meta property=\"og:title\" content=\"Acrylgel - Flexi Gel Palu, Candy Pink - 30 g | Valika\" \/>\n<meta property=\"og:description\" content=\"Palun Flexi Gelin uusi versio\u00a0&#8211; on viel\u00e4kin parempi tuote, joka sopii sek\u00e4 aloittelijoille ett\u00e4 kokeneille kynsiteknikoille, jotka arvostavat aikaa ja\" \/>\n<meta property=\"og:url\" content=\"https:\/\/valika.eu\/fi\/toode\/acrylgel-flexi-gel-palu-candy-pink-30-g\/\" \/>\n<meta property=\"og:site_name\" content=\"Valika\" \/>\n<meta property=\"article:publisher\" content=\"https:\/\/www.facebook.com\/tipsi.net\" \/>\n<meta property=\"article:modified_time\" content=\"2026-03-09T11:33:20+00:00\" \/>\n<meta property=\"og:image\" content=\"https:\/\/valika.eu\/wp-content\/uploads\/2026\/03\/candy-pink.jpg\" \/>\n\t<meta property=\"og:image:width\" content=\"800\" \/>\n\t<meta property=\"og:image:height\" content=\"800\" \/>\n\t<meta property=\"og:image:type\" content=\"image\/jpeg\" \/>\n<meta name=\"twitter:card\" content=\"summary_large_image\" \/>\n<script type=\"application\/ld+json\" class=\"yoast-schema-graph\">{\"@context\":\"https:\/\/schema.org\",\"@graph\":[{\"@type\":\"WebPage\",\"@id\":\"https:\/\/valika.eu\/fi\/toode\/acrylgel-flexi-gel-palu-candy-pink-30-g\/\",\"url\":\"https:\/\/valika.eu\/fi\/toode\/acrylgel-flexi-gel-palu-candy-pink-30-g\/\",\"name\":\"Acrylgel - Flexi Gel Palu, Candy Pink - 30 g | Valika\",\"isPartOf\":{\"@id\":\"https:\/\/valika.eu\/fi\/#website\"},\"primaryImageOfPage\":{\"@id\":\"https:\/\/valika.eu\/fi\/toode\/acrylgel-flexi-gel-palu-candy-pink-30-g\/#primaryimage\"},\"image\":{\"@id\":\"https:\/\/valika.eu\/toode\/acrylgel-flexi-gel-palu-candy-pink-30-g\/#primaryimage\"},\"thumbnailUrl\":\"https:\/\/valika.eu\/wp-content\/uploads\/2026\/03\/candy-pink.jpg\",\"datePublished\":\"2026-03-09T11:27:33+00:00\",\"dateModified\":\"2026-03-09T11:33:20+00:00\",\"breadcrumb\":{\"@id\":\"https:\/\/valika.eu\/fi\/toode\/acrylgel-flexi-gel-palu-candy-pink-30-g\/#breadcrumb\"},\"inLanguage\":\"fi\",\"potentialAction\":[{\"@type\":\"ReadAction\",\"target\":[[\"https:\/\/valika.eu\/fi\/toode\/acrylgel-flexi-gel-palu-candy-pink-30-g\/\"]]}]},{\"@type\":\"ImageObject\",\"inLanguage\":\"fi\",\"@id\":\"https:\/\/valika.eu\/fi\/toode\/acrylgel-flexi-gel-palu-candy-pink-30-g\/#primaryimage\",\"url\":\"https:\/\/valika.eu\/wp-content\/uploads\/2026\/03\/candy-pink.jpg\",\"contentUrl\":\"https:\/\/valika.eu\/wp-content\/uploads\/2026\/03\/candy-pink.jpg\",\"width\":800,\"height\":800},{\"@type\":\"BreadcrumbList\",\"@id\":\"https:\/\/valika.eu\/fi\/toode\/acrylgel-flexi-gel-palu-candy-pink-30-g\/#breadcrumb\",\"itemListElement\":[{\"@type\":\"ListItem\",\"position\":1,\"name\":\"Koti\",\"item\":\"https:\/\/valika.eu\/fi\/\"},{\"@type\":\"ListItem\",\"position\":2,\"name\":\"Shop\",\"item\":\"https:\/\/valika.eu\/fi\/\"},{\"@type\":\"ListItem\",\"position\":3,\"name\":\"Acrylgel &#8211; Flexi Gel Palu, Candy Pink &#8211; 30 g\"}]},{\"@type\":\"WebSite\",\"@id\":\"https:\/\/valika.eu\/fi\/#website\",\"url\":\"https:\/\/valika.eu\/fi\/\",\"name\":\"Valika.eu\",\"description\":\"Salonkituotteet ja kauneudenhoitotuotteet - Valika tarjoaa laajan valikoiman tuotteita ja tarvikkeita kynsiteknikoille, kauneushoitoloille, kampaamoille ja kampaamoille.\",\"publisher\":{\"@id\":\"https:\/\/valika.eu\/fi\/#organization\"},\"alternateName\":\"Valika\",\"potentialAction\":[{\"@type\":\"SearchAction\",\"target\":{\"@type\":\"EntryPoint\",\"urlTemplate\":\"https:\/\/valika.eu\/fi\/?s={search_term_string}\"},\"query-input\":{\"@type\":\"PropertyValueSpecification\",\"valueRequired\":true,\"valueName\":\"search_term_string\"}}],\"inLanguage\":\"fi\"},{\"@type\":\"Organization\",\"@id\":\"https:\/\/valika.eu\/fi\/#organization\",\"name\":\"Salongitoode O\u00dc\",\"alternateName\":\"Valika\",\"url\":\"https:\/\/valika.eu\/fi\/\",\"logo\":{\"@type\":\"ImageObject\",\"inLanguage\":\"fi\",\"@id\":\"https:\/\/valika.eu\/fi\/#\/schema\/logo\/image\/\",\"url\":\"https:\/\/valika.eu\/wp-content\/uploads\/2023\/11\/logo2-valika-footer.png\",\"contentUrl\":\"https:\/\/valika.eu\/wp-content\/uploads\/2023\/11\/logo2-valika-footer.png\",\"width\":200,\"height\":129,\"caption\":\"Salongitoode O\u00dc\"},\"image\":{\"@id\":\"https:\/\/valika.eu\/fi\/#\/schema\/logo\/image\/\"},\"sameAs\":[\"https:\/\/www.facebook.com\/tipsi.net\"]}]}<\/script>\n<!-- \/ Yoast SEO plugin. -->","yoast_head_json":{"title":"Acrylgel - Flexi Gel Palu, Candy Pink - 30 g | Valika","robots":{"index":"index","follow":"follow","max-snippet":"max-snippet:-1","max-image-preview":"max-image-preview:large","max-video-preview":"max-video-preview:-1"},"canonical":"https:\/\/valika.eu\/fi\/toode\/acrylgel-flexi-gel-palu-candy-pink-30-g\/","og_locale":"fi_FI","og_type":"article","og_title":"Acrylgel - Flexi Gel Palu, Candy Pink - 30 g | Valika","og_description":"Palun Flexi Gelin uusi versio\u00a0&#8211; on viel\u00e4kin parempi tuote, joka sopii sek\u00e4 aloittelijoille ett\u00e4 kokeneille kynsiteknikoille, jotka arvostavat aikaa ja","og_url":"https:\/\/valika.eu\/fi\/toode\/acrylgel-flexi-gel-palu-candy-pink-30-g\/","og_site_name":"Valika","article_publisher":"https:\/\/www.facebook.com\/tipsi.net","article_modified_time":"2026-03-09T11:33:20+00:00","og_image":[{"width":800,"height":800,"url":"https:\/\/valika.eu\/wp-content\/uploads\/2026\/03\/candy-pink.jpg","type":"image\/jpeg"}],"twitter_card":"summary_large_image","schema":{"@context":"https:\/\/schema.org","@graph":[{"@type":"WebPage","@id":"https:\/\/valika.eu\/fi\/toode\/acrylgel-flexi-gel-palu-candy-pink-30-g\/","url":"https:\/\/valika.eu\/fi\/toode\/acrylgel-flexi-gel-palu-candy-pink-30-g\/","name":"Acrylgel - Flexi Gel Palu, Candy Pink - 30 g | Valika","isPartOf":{"@id":"https:\/\/valika.eu\/fi\/#website"},"primaryImageOfPage":{"@id":"https:\/\/valika.eu\/fi\/toode\/acrylgel-flexi-gel-palu-candy-pink-30-g\/#primaryimage"},"image":{"@id":"https:\/\/valika.eu\/toode\/acrylgel-flexi-gel-palu-candy-pink-30-g\/#primaryimage"},"thumbnailUrl":"https:\/\/valika.eu\/wp-content\/uploads\/2026\/03\/candy-pink.jpg","datePublished":"2026-03-09T11:27:33+00:00","dateModified":"2026-03-09T11:33:20+00:00","breadcrumb":{"@id":"https:\/\/valika.eu\/fi\/toode\/acrylgel-flexi-gel-palu-candy-pink-30-g\/#breadcrumb"},"inLanguage":"fi","potentialAction":[{"@type":"ReadAction","target":[["https:\/\/valika.eu\/fi\/toode\/acrylgel-flexi-gel-palu-candy-pink-30-g\/"]]}]},{"@type":"ImageObject","inLanguage":"fi","@id":"https:\/\/valika.eu\/fi\/toode\/acrylgel-flexi-gel-palu-candy-pink-30-g\/#primaryimage","url":"https:\/\/valika.eu\/wp-content\/uploads\/2026\/03\/candy-pink.jpg","contentUrl":"https:\/\/valika.eu\/wp-content\/uploads\/2026\/03\/candy-pink.jpg","width":800,"height":800},{"@type":"BreadcrumbList","@id":"https:\/\/valika.eu\/fi\/toode\/acrylgel-flexi-gel-palu-candy-pink-30-g\/#breadcrumb","itemListElement":[{"@type":"ListItem","position":1,"name":"Koti","item":"https:\/\/valika.eu\/fi\/"},{"@type":"ListItem","position":2,"name":"Shop","item":"https:\/\/valika.eu\/fi\/"},{"@type":"ListItem","position":3,"name":"Acrylgel &#8211; Flexi Gel Palu, Candy Pink &#8211; 30 g"}]},{"@type":"WebSite","@id":"https:\/\/valika.eu\/fi\/#website","url":"https:\/\/valika.eu\/fi\/","name":"Valika.eu","description":"Salonkituotteet ja kauneudenhoitotuotteet - Valika tarjoaa laajan valikoiman tuotteita ja tarvikkeita kynsiteknikoille, kauneushoitoloille, kampaamoille ja kampaamoille.","publisher":{"@id":"https:\/\/valika.eu\/fi\/#organization"},"alternateName":"Valika","potentialAction":[{"@type":"SearchAction","target":{"@type":"EntryPoint","urlTemplate":"https:\/\/valika.eu\/fi\/?s={search_term_string}"},"query-input":{"@type":"PropertyValueSpecification","valueRequired":true,"valueName":"search_term_string"}}],"inLanguage":"fi"},{"@type":"Organization","@id":"https:\/\/valika.eu\/fi\/#organization","name":"Salongitoode O\u00dc","alternateName":"Valika","url":"https:\/\/valika.eu\/fi\/","logo":{"@type":"ImageObject","inLanguage":"fi","@id":"https:\/\/valika.eu\/fi\/#\/schema\/logo\/image\/","url":"https:\/\/valika.eu\/wp-content\/uploads\/2023\/11\/logo2-valika-footer.png","contentUrl":"https:\/\/valika.eu\/wp-content\/uploads\/2023\/11\/logo2-valika-footer.png","width":200,"height":129,"caption":"Salongitoode O\u00dc"},"image":{"@id":"https:\/\/valika.eu\/fi\/#\/schema\/logo\/image\/"},"sameAs":["https:\/\/www.facebook.com\/tipsi.net"]}]}},"jetpack_sharing_enabled":true,"_links":{"self":[{"href":"https:\/\/valika.eu\/fi\/wp-json\/wp\/v2\/product\/19628","targetHints":{"allow":["GET"]}}],"collection":[{"href":"https:\/\/valika.eu\/fi\/wp-json\/wp\/v2\/product"}],"about":[{"href":"https:\/\/valika.eu\/fi\/wp-json\/wp\/v2\/types\/product"}],"wp:featuredmedia":[{"embeddable":true,"href":"https:\/\/valika.eu\/fi\/wp-json\/wp\/v2\/media\/19629"}],"wp:attachment":[{"href":"https:\/\/valika.eu\/fi\/wp-json\/wp\/v2\/media?parent=19628"}],"wp:term":[{"taxonomy":"product_brand","embeddable":true,"href":"https:\/\/valika.eu\/fi\/wp-json\/wp\/v2\/product_brand?post=19628"},{"taxonomy":"product_cat","embeddable":true,"href":"https:\/\/valika.eu\/fi\/wp-json\/wp\/v2\/product_cat?post=19628"},{"taxonomy":"product_tag","embeddable":true,"href":"https:\/\/valika.eu\/fi\/wp-json\/wp\/v2\/product_tag?post=19628"}],"curies":[{"name":"wp","href":"https:\/\/api.w.org\/{rel}","templated":true}]}}