{"id":19850,"date":"2026-03-20T12:28:39","date_gmt":"2026-03-20T10:28:39","guid":{"rendered":"https:\/\/valika.eu\/?post_type=product&#038;p=19850"},"modified":"2026-03-20T12:42:42","modified_gmt":"2026-03-20T10:42:42","slug":"diwa-bac-desinfitseeriv-norgalt-aluseline-uldpesuaine-5l","status":"publish","type":"product","link":"https:\/\/valika.eu\/fi\/toode\/diwa-bac-desinfitseeriv-norgalt-aluseline-uldpesuaine-5l\/","title":{"rendered":"Diwa Bac kontsentraat\u2013 desinfitseeriv, n\u00f5rgalt aluseline \u00fcldpesuaine 5L"},"content":{"rendered":"<p class=\"qtranxs-available-languages-message qtranxs-available-languages-message-fi\">T\u00e4m\u00e4 teksti on valitettavasti saatavilla vain kielill\u00e4: <a href=\"https:\/\/valika.eu\/et\/wp-json\/wp\/v2\/product\/19850\" class=\"qtranxs-available-language-link qtranxs-available-language-link-et\" title=\"Eesti\">Eesti<\/a> ja <a href=\"https:\/\/valika.eu\/ru\/wp-json\/wp\/v2\/product\/19850\" class=\"qtranxs-available-language-link qtranxs-available-language-link-ru\" title=\"\u0420\u0443\u0441\u0441\u043a\u0438\u0439\">\u0420\u0443\u0441\u0441\u043a\u0438\u0439<\/a>.<\/p><p>Igap\u00e4evane desinfitseeriv puhastamine toiduainetet\u00f6\u00f6stuses, suurk\u00f6\u00f6kides, hotellides, laste- ja tervishoiuasutustes \u2013 kohtades, kus k\u00f5rgendatud h\u00fcgieenin\u00f5uded on normiks. Sobib kasutada ka koduses majapidamises, sauna-, du\u0161i- ja tualettruumides.<br \/>\nTootes on \u00fchendatud nii pesevad kui ka desinfitseerivad omadused, tootele ei ole lisatud l\u00f5hnaainet. Sobib k\u00f5ikide vett-taluvate pinnamaterjalide (v\u00e4rvitud, lakitud, kahhel-, fajanss-, plast-, puit- jm. pinnad) ja seadmete desinfitseerivaks puhastamiseks. K\u00f5rvaldab ebameeldivad l\u00f5hnad. M\u00f5jub bakteritsiidselt Gram+ ja Gram- eoseid moodustavatele ja mittemoodustavatele bakteritele, p\u00e4rmiseentele, hallitustele.<\/p>\n<p>Kasutage biotsiidi ohutult. Enne kasutamist lugege alati l\u00e4bi m\u00e4rgistus ja teave toote kohta.<\/p>\n<p>Aine pH 10,5<\/p>\n<h3 data-section-id=\"1o6ypl7\" data-start=\"318\" data-end=\"354\">1. Lahjendamine (k\u00f5ige olulisem)<\/h3>\n<p data-start=\"355\" data-end=\"372\">Tavaline kasutus:<\/p>\n<ul data-start=\"373\" data-end=\"427\">\n<li data-section-id=\"1nori3w\" data-start=\"373\" data-end=\"427\">\n<p data-start=\"375\" data-end=\"427\"><strong data-start=\"375\" data-end=\"412\">10\u201320 ml ainet 1 liitri vee kohta<\/strong> (\u2248 1\u20132% lahus)<\/p>\n<\/li>\n<\/ul>\n<p data-start=\"429\" data-end=\"460\">Tugevamaks desinfitseerimiseks:<\/p>\n<ul data-start=\"461\" data-end=\"493\">\n<li data-section-id=\"11wnv0o\" data-start=\"461\" data-end=\"493\">\n<p data-start=\"463\" data-end=\"493\">kuni <strong data-start=\"468\" data-end=\"493\">50 ml \/ 1 L vee kohta<\/strong><\/p>\n<\/li>\n<\/ul>\n<p data-start=\"495\" data-end=\"616\">\ud83d\udc49 See p\u00f5hineb sarnaste desinfitseerivate \u00fcldpuhastusainete t\u00fc\u00fcpilisel doseerimisel<\/p>\n<hr data-start=\"618\" data-end=\"621\" \/>\n<h3 data-section-id=\"n5wiov\" data-start=\"623\" data-end=\"641\">2. Puhastamine<\/h3>\n<ul data-start=\"642\" data-end=\"714\">\n<li data-section-id=\"hpkv9v\" data-start=\"642\" data-end=\"692\">\n<p data-start=\"644\" data-end=\"692\">Kanna lahus pinnale (lapi, mopiga v\u00f5i pihustiga)<\/p>\n<\/li>\n<li data-section-id=\"1dqt84b\" data-start=\"693\" data-end=\"714\">\n<p data-start=\"695\" data-end=\"714\">Pese pind \u00fchtlaselt<\/p>\n<\/li>\n<\/ul>\n<p data-start=\"716\" data-end=\"722\">Sobib:<\/p>\n<ul data-start=\"723\" data-end=\"863\">\n<li data-section-id=\"1fn6duo\" data-start=\"723\" data-end=\"744\">\n<p data-start=\"725\" data-end=\"744\">k\u00f6\u00f6k, vannituba, WC<\/p>\n<\/li>\n<li data-section-id=\"e9xn57\" data-start=\"745\" data-end=\"761\">\n<p data-start=\"747\" data-end=\"761\">saun, du\u0161iruum<\/p>\n<\/li>\n<li data-section-id=\"1hc2wsi\" data-start=\"762\" data-end=\"863\">\n<p data-start=\"764\" data-end=\"863\">k\u00f5ik <strong data-start=\"769\" data-end=\"792\">vett taluvad pinnad<\/strong> (plaat, plast, puit, metall jne)<\/p>\n<\/li>\n<\/ul>\n<hr data-start=\"865\" data-end=\"868\" \/>\n<h3 data-section-id=\"fwvvoi\" data-start=\"870\" data-end=\"885\">3. Toimeaeg<\/h3>\n<ul data-start=\"886\" data-end=\"1007\">\n<li data-section-id=\"18z6wpe\" data-start=\"886\" data-end=\"960\">\n<p data-start=\"888\" data-end=\"960\">Lase m\u00f5juda <strong data-start=\"900\" data-end=\"925\">v\u00e4hemalt 5\u201310 minutit<\/strong>, et desinfitseeriv toime toimiks<\/p>\n<\/li>\n<li data-section-id=\"krnnvm\" data-start=\"961\" data-end=\"1007\">\n<p data-start=\"963\" data-end=\"1007\">Vajadusel hoia pind niiske selle aja jooksul<\/p>\n<\/li>\n<\/ul>\n<hr data-start=\"1009\" data-end=\"1012\" \/>\n<h3 data-section-id=\"144vk4g\" data-start=\"1014\" data-end=\"1031\">4. Loputamine<\/h3>\n<ul data-start=\"1032\" data-end=\"1131\">\n<li data-section-id=\"1aozktx\" data-start=\"1032\" data-end=\"1071\">\n<p data-start=\"1034\" data-end=\"1071\">Toidupindadel: <strong data-start=\"1049\" data-end=\"1071\">loputa puhta veega<\/strong><\/p>\n<\/li>\n<li data-section-id=\"1lp5cmm\" data-start=\"1072\" data-end=\"1131\">\n<p data-start=\"1074\" data-end=\"1131\">Muudel pindadel: tavaliselt pole vaja, kui juhend ei n\u00f5ua<\/p>\n<\/li>\n<\/ul>\n<hr data-start=\"1133\" data-end=\"1136\" \/>\n<h3 data-section-id=\"xsl0qv\" data-start=\"1138\" data-end=\"1156\">5. Kuivatamine<\/h3>\n<ul data-start=\"1157\" data-end=\"1188\">\n<li data-section-id=\"ospmdl\" data-start=\"1157\" data-end=\"1188\">\n<p data-start=\"1159\" data-end=\"1188\">Lase kuivada v\u00f5i p\u00fchi kuivaks<\/p>\n<\/li>\n<\/ul>\n<hr data-start=\"1190\" data-end=\"1193\" \/>\n<h2 data-section-id=\"1angkn0\" data-start=\"1195\" data-end=\"1222\">\u26a0\ufe0f Oluline meeles pidada<\/h2>\n<ul data-start=\"1223\" data-end=\"1433\">\n<li data-section-id=\"14n4pgu\" data-start=\"1223\" data-end=\"1294\">\n<p data-start=\"1225\" data-end=\"1294\">Tegemist on <strong data-start=\"1237\" data-end=\"1265\">n\u00f5rgalt aluselise ainega<\/strong> \u2192 kasuta vajadusel kindaid<\/p>\n<\/li>\n<li data-section-id=\"1nwdsnq\" data-start=\"1295\" data-end=\"1328\">\n<p data-start=\"1297\" data-end=\"1328\">\u00c4ra sega teiste kemikaalidega<\/p>\n<\/li>\n<li data-section-id=\"v7be0f\" data-start=\"1329\" data-end=\"1348\">\n<p data-start=\"1331\" data-end=\"1348\">Hoia laste eest<\/p>\n<\/li>\n<li data-section-id=\"3xq7zv\" data-start=\"1349\" data-end=\"1433\">\n<p data-start=\"1351\" data-end=\"1433\">Loe alati pakendi etiketti enne kasutamist<\/p>\n<\/li>\n<\/ul>\n<p><\/p>","protected":false},"excerpt":{"rendered":"<p>T\u00e4m\u00e4 teksti on valitettavasti saatavilla vain kielill\u00e4: Eesti ja \u0420\u0443\u0441\u0441\u043a\u0438\u0439.Igap\u00e4evane desinfitseeriv puhastamine toiduainetet\u00f6\u00f6stuses, suurk\u00f6\u00f6kides, hotellides, laste- ja tervishoiuasutustes \u2013 kohtades,<\/p>\n","protected":false},"featured_media":19852,"template":"","meta":[],"product_brand":[],"product_cat":[599],"product_tag":[],"class_list":{"0":"post-19850","1":"product","2":"type-product","3":"status-publish","4":"has-post-thumbnail","6":"product_cat-desinfitseerimisvahendid","8":"first","9":"instock","10":"taxable","11":"shipping-taxable","12":"purchasable","13":"product-type-simple"},"yoast_head":"<!-- This site is optimized with the Yoast SEO plugin v24.4 - https:\/\/yoast.com\/wordpress\/plugins\/seo\/ -->\n<title>Diwa Bac kontsentraat\u2013 desinfitseeriv, n\u00f5rgalt aluseline \u00fcldpesuaine 5L | Valika<\/title>\n<meta name=\"robots\" content=\"index, follow, max-snippet:-1, max-image-preview:large, max-video-preview:-1\" \/>\n<link rel=\"canonical\" href=\"https:\/\/valika.eu\/fi\/toode\/diwa-bac-desinfitseeriv-norgalt-aluseline-uldpesuaine-5l\/\" \/>\n<meta property=\"og:locale\" content=\"fi_FI\" \/>\n<meta property=\"og:type\" content=\"article\" \/>\n<meta property=\"og:title\" content=\"Diwa Bac kontsentraat\u2013 desinfitseeriv, n\u00f5rgalt aluseline \u00fcldpesuaine 5L | Valika\" \/>\n<meta property=\"og:description\" content=\"T\u00e4m\u00e4 teksti on valitettavasti saatavilla vain kielill\u00e4: Eesti ja \u0420\u0443\u0441\u0441\u043a\u0438\u0439.Igap\u00e4evane desinfitseeriv puhastamine toiduainetet\u00f6\u00f6stuses, suurk\u00f6\u00f6kides, hotellides, laste- ja tervishoiuasutustes \u2013 kohtades,\" \/>\n<meta property=\"og:url\" content=\"https:\/\/valika.eu\/fi\/toode\/diwa-bac-desinfitseeriv-norgalt-aluseline-uldpesuaine-5l\/\" \/>\n<meta property=\"og:site_name\" content=\"Valika\" \/>\n<meta property=\"article:publisher\" content=\"https:\/\/www.facebook.com\/tipsi.net\" \/>\n<meta property=\"article:modified_time\" content=\"2026-03-20T10:42:42+00:00\" \/>\n<meta property=\"og:image\" content=\"https:\/\/valika.eu\/wp-content\/uploads\/2026\/03\/diwa-bac.jpg\" \/>\n\t<meta property=\"og:image:width\" content=\"1707\" \/>\n\t<meta property=\"og:image:height\" content=\"2560\" \/>\n\t<meta property=\"og:image:type\" content=\"image\/jpeg\" \/>\n<meta name=\"twitter:card\" content=\"summary_large_image\" \/>\n<script type=\"application\/ld+json\" class=\"yoast-schema-graph\">{\"@context\":\"https:\/\/schema.org\",\"@graph\":[{\"@type\":\"WebPage\",\"@id\":\"https:\/\/valika.eu\/fi\/toode\/diwa-bac-desinfitseeriv-norgalt-aluseline-uldpesuaine-5l\/\",\"url\":\"https:\/\/valika.eu\/fi\/toode\/diwa-bac-desinfitseeriv-norgalt-aluseline-uldpesuaine-5l\/\",\"name\":\"Diwa Bac kontsentraat\u2013 desinfitseeriv, n\u00f5rgalt aluseline \u00fcldpesuaine 5L | Valika\",\"isPartOf\":{\"@id\":\"https:\/\/valika.eu\/fi\/#website\"},\"primaryImageOfPage\":{\"@id\":\"https:\/\/valika.eu\/fi\/toode\/diwa-bac-desinfitseeriv-norgalt-aluseline-uldpesuaine-5l\/#primaryimage\"},\"image\":{\"@id\":\"https:\/\/valika.eu\/toode\/diwa-bac-desinfitseeriv-norgalt-aluseline-uldpesuaine-5l\/#primaryimage\"},\"thumbnailUrl\":\"https:\/\/valika.eu\/wp-content\/uploads\/2026\/03\/diwa-bac.jpg\",\"datePublished\":\"2026-03-20T10:28:39+00:00\",\"dateModified\":\"2026-03-20T10:42:42+00:00\",\"breadcrumb\":{\"@id\":\"https:\/\/valika.eu\/fi\/toode\/diwa-bac-desinfitseeriv-norgalt-aluseline-uldpesuaine-5l\/#breadcrumb\"},\"inLanguage\":\"fi\",\"potentialAction\":[{\"@type\":\"ReadAction\",\"target\":[[\"https:\/\/valika.eu\/fi\/toode\/diwa-bac-desinfitseeriv-norgalt-aluseline-uldpesuaine-5l\/\"]]}]},{\"@type\":\"ImageObject\",\"inLanguage\":\"fi\",\"@id\":\"https:\/\/valika.eu\/fi\/toode\/diwa-bac-desinfitseeriv-norgalt-aluseline-uldpesuaine-5l\/#primaryimage\",\"url\":\"https:\/\/valika.eu\/wp-content\/uploads\/2026\/03\/diwa-bac.jpg\",\"contentUrl\":\"https:\/\/valika.eu\/wp-content\/uploads\/2026\/03\/diwa-bac.jpg\",\"width\":1707,\"height\":2560},{\"@type\":\"BreadcrumbList\",\"@id\":\"https:\/\/valika.eu\/fi\/toode\/diwa-bac-desinfitseeriv-norgalt-aluseline-uldpesuaine-5l\/#breadcrumb\",\"itemListElement\":[{\"@type\":\"ListItem\",\"position\":1,\"name\":\"Koti\",\"item\":\"https:\/\/valika.eu\/fi\/\"},{\"@type\":\"ListItem\",\"position\":2,\"name\":\"Shop\",\"item\":\"https:\/\/valika.eu\/fi\/\"},{\"@type\":\"ListItem\",\"position\":3,\"name\":\"Diwa Bac \u043a\u043e\u043d\u0446\u0435\u043d\u0442\u0440\u0430\u0442\u2013 \u0414\u0435\u0437\u0438\u043d\u0444\u0438\u0446\u0438\u0440\u0443\u044e\u0449\u0435\u0435, \u0441\u043b\u0430\u0431\u043e\u0449\u0435\u043b\u043e\u0447\u043d\u043e\u0435 \u0443\u043d\u0438\u0432\u0435\u0440\u0441\u0430\u043b\u044c\u043d\u043e\u0435 \u043c\u043e\u044e\u0449\u0435\u0435 \u0441\u0440\u0435\u0434\u0441\u0442\u0432\u043e, 5 \u043b.\"}]},{\"@type\":\"WebSite\",\"@id\":\"https:\/\/valika.eu\/fi\/#website\",\"url\":\"https:\/\/valika.eu\/fi\/\",\"name\":\"Valika.eu\",\"description\":\"Salonkituotteet ja kauneudenhoitotuotteet - Valika tarjoaa laajan valikoiman tuotteita ja tarvikkeita kynsiteknikoille, kauneushoitoloille, kampaamoille ja kampaamoille.\",\"publisher\":{\"@id\":\"https:\/\/valika.eu\/fi\/#organization\"},\"alternateName\":\"Valika\",\"potentialAction\":[{\"@type\":\"SearchAction\",\"target\":{\"@type\":\"EntryPoint\",\"urlTemplate\":\"https:\/\/valika.eu\/fi\/?s={search_term_string}\"},\"query-input\":{\"@type\":\"PropertyValueSpecification\",\"valueRequired\":true,\"valueName\":\"search_term_string\"}}],\"inLanguage\":\"fi\"},{\"@type\":\"Organization\",\"@id\":\"https:\/\/valika.eu\/fi\/#organization\",\"name\":\"Salongitoode O\u00dc\",\"alternateName\":\"Valika\",\"url\":\"https:\/\/valika.eu\/fi\/\",\"logo\":{\"@type\":\"ImageObject\",\"inLanguage\":\"fi\",\"@id\":\"https:\/\/valika.eu\/fi\/#\/schema\/logo\/image\/\",\"url\":\"https:\/\/valika.eu\/wp-content\/uploads\/2023\/11\/logo2-valika-footer.png\",\"contentUrl\":\"https:\/\/valika.eu\/wp-content\/uploads\/2023\/11\/logo2-valika-footer.png\",\"width\":200,\"height\":129,\"caption\":\"Salongitoode O\u00dc\"},\"image\":{\"@id\":\"https:\/\/valika.eu\/fi\/#\/schema\/logo\/image\/\"},\"sameAs\":[\"https:\/\/www.facebook.com\/tipsi.net\"]}]}<\/script>\n<!-- \/ Yoast SEO plugin. -->","yoast_head_json":{"title":"Diwa Bac kontsentraat\u2013 desinfitseeriv, n\u00f5rgalt aluseline \u00fcldpesuaine 5L | Valika","robots":{"index":"index","follow":"follow","max-snippet":"max-snippet:-1","max-image-preview":"max-image-preview:large","max-video-preview":"max-video-preview:-1"},"canonical":"https:\/\/valika.eu\/fi\/toode\/diwa-bac-desinfitseeriv-norgalt-aluseline-uldpesuaine-5l\/","og_locale":"fi_FI","og_type":"article","og_title":"Diwa Bac kontsentraat\u2013 desinfitseeriv, n\u00f5rgalt aluseline \u00fcldpesuaine 5L | Valika","og_description":"T\u00e4m\u00e4 teksti on valitettavasti saatavilla vain kielill\u00e4: Eesti ja \u0420\u0443\u0441\u0441\u043a\u0438\u0439.Igap\u00e4evane desinfitseeriv puhastamine toiduainetet\u00f6\u00f6stuses, suurk\u00f6\u00f6kides, hotellides, laste- ja tervishoiuasutustes \u2013 kohtades,","og_url":"https:\/\/valika.eu\/fi\/toode\/diwa-bac-desinfitseeriv-norgalt-aluseline-uldpesuaine-5l\/","og_site_name":"Valika","article_publisher":"https:\/\/www.facebook.com\/tipsi.net","article_modified_time":"2026-03-20T10:42:42+00:00","og_image":[{"width":1707,"height":2560,"url":"https:\/\/valika.eu\/wp-content\/uploads\/2026\/03\/diwa-bac.jpg","type":"image\/jpeg"}],"twitter_card":"summary_large_image","schema":{"@context":"https:\/\/schema.org","@graph":[{"@type":"WebPage","@id":"https:\/\/valika.eu\/fi\/toode\/diwa-bac-desinfitseeriv-norgalt-aluseline-uldpesuaine-5l\/","url":"https:\/\/valika.eu\/fi\/toode\/diwa-bac-desinfitseeriv-norgalt-aluseline-uldpesuaine-5l\/","name":"Diwa Bac kontsentraat\u2013 desinfitseeriv, n\u00f5rgalt aluseline \u00fcldpesuaine 5L | Valika","isPartOf":{"@id":"https:\/\/valika.eu\/fi\/#website"},"primaryImageOfPage":{"@id":"https:\/\/valika.eu\/fi\/toode\/diwa-bac-desinfitseeriv-norgalt-aluseline-uldpesuaine-5l\/#primaryimage"},"image":{"@id":"https:\/\/valika.eu\/toode\/diwa-bac-desinfitseeriv-norgalt-aluseline-uldpesuaine-5l\/#primaryimage"},"thumbnailUrl":"https:\/\/valika.eu\/wp-content\/uploads\/2026\/03\/diwa-bac.jpg","datePublished":"2026-03-20T10:28:39+00:00","dateModified":"2026-03-20T10:42:42+00:00","breadcrumb":{"@id":"https:\/\/valika.eu\/fi\/toode\/diwa-bac-desinfitseeriv-norgalt-aluseline-uldpesuaine-5l\/#breadcrumb"},"inLanguage":"fi","potentialAction":[{"@type":"ReadAction","target":[["https:\/\/valika.eu\/fi\/toode\/diwa-bac-desinfitseeriv-norgalt-aluseline-uldpesuaine-5l\/"]]}]},{"@type":"ImageObject","inLanguage":"fi","@id":"https:\/\/valika.eu\/fi\/toode\/diwa-bac-desinfitseeriv-norgalt-aluseline-uldpesuaine-5l\/#primaryimage","url":"https:\/\/valika.eu\/wp-content\/uploads\/2026\/03\/diwa-bac.jpg","contentUrl":"https:\/\/valika.eu\/wp-content\/uploads\/2026\/03\/diwa-bac.jpg","width":1707,"height":2560},{"@type":"BreadcrumbList","@id":"https:\/\/valika.eu\/fi\/toode\/diwa-bac-desinfitseeriv-norgalt-aluseline-uldpesuaine-5l\/#breadcrumb","itemListElement":[{"@type":"ListItem","position":1,"name":"Koti","item":"https:\/\/valika.eu\/fi\/"},{"@type":"ListItem","position":2,"name":"Shop","item":"https:\/\/valika.eu\/fi\/"},{"@type":"ListItem","position":3,"name":"Diwa Bac \u043a\u043e\u043d\u0446\u0435\u043d\u0442\u0440\u0430\u0442\u2013 \u0414\u0435\u0437\u0438\u043d\u0444\u0438\u0446\u0438\u0440\u0443\u044e\u0449\u0435\u0435, \u0441\u043b\u0430\u0431\u043e\u0449\u0435\u043b\u043e\u0447\u043d\u043e\u0435 \u0443\u043d\u0438\u0432\u0435\u0440\u0441\u0430\u043b\u044c\u043d\u043e\u0435 \u043c\u043e\u044e\u0449\u0435\u0435 \u0441\u0440\u0435\u0434\u0441\u0442\u0432\u043e, 5 \u043b."}]},{"@type":"WebSite","@id":"https:\/\/valika.eu\/fi\/#website","url":"https:\/\/valika.eu\/fi\/","name":"Valika.eu","description":"Salonkituotteet ja kauneudenhoitotuotteet - Valika tarjoaa laajan valikoiman tuotteita ja tarvikkeita kynsiteknikoille, kauneushoitoloille, kampaamoille ja kampaamoille.","publisher":{"@id":"https:\/\/valika.eu\/fi\/#organization"},"alternateName":"Valika","potentialAction":[{"@type":"SearchAction","target":{"@type":"EntryPoint","urlTemplate":"https:\/\/valika.eu\/fi\/?s={search_term_string}"},"query-input":{"@type":"PropertyValueSpecification","valueRequired":true,"valueName":"search_term_string"}}],"inLanguage":"fi"},{"@type":"Organization","@id":"https:\/\/valika.eu\/fi\/#organization","name":"Salongitoode O\u00dc","alternateName":"Valika","url":"https:\/\/valika.eu\/fi\/","logo":{"@type":"ImageObject","inLanguage":"fi","@id":"https:\/\/valika.eu\/fi\/#\/schema\/logo\/image\/","url":"https:\/\/valika.eu\/wp-content\/uploads\/2023\/11\/logo2-valika-footer.png","contentUrl":"https:\/\/valika.eu\/wp-content\/uploads\/2023\/11\/logo2-valika-footer.png","width":200,"height":129,"caption":"Salongitoode O\u00dc"},"image":{"@id":"https:\/\/valika.eu\/fi\/#\/schema\/logo\/image\/"},"sameAs":["https:\/\/www.facebook.com\/tipsi.net"]}]}},"jetpack_sharing_enabled":true,"_links":{"self":[{"href":"https:\/\/valika.eu\/fi\/wp-json\/wp\/v2\/product\/19850","targetHints":{"allow":["GET"]}}],"collection":[{"href":"https:\/\/valika.eu\/fi\/wp-json\/wp\/v2\/product"}],"about":[{"href":"https:\/\/valika.eu\/fi\/wp-json\/wp\/v2\/types\/product"}],"wp:featuredmedia":[{"embeddable":true,"href":"https:\/\/valika.eu\/fi\/wp-json\/wp\/v2\/media\/19852"}],"wp:attachment":[{"href":"https:\/\/valika.eu\/fi\/wp-json\/wp\/v2\/media?parent=19850"}],"wp:term":[{"taxonomy":"product_brand","embeddable":true,"href":"https:\/\/valika.eu\/fi\/wp-json\/wp\/v2\/product_brand?post=19850"},{"taxonomy":"product_cat","embeddable":true,"href":"https:\/\/valika.eu\/fi\/wp-json\/wp\/v2\/product_cat?post=19850"},{"taxonomy":"product_tag","embeddable":true,"href":"https:\/\/valika.eu\/fi\/wp-json\/wp\/v2\/product_tag?post=19850"}],"curies":[{"name":"wp","href":"https:\/\/api.w.org\/{rel}","templated":true}]}}