{"id":20216,"date":"2026-04-10T15:20:35","date_gmt":"2026-04-10T12:20:35","guid":{"rendered":"https:\/\/valika.eu\/?post_type=product&#038;p=20216"},"modified":"2026-05-05T13:39:22","modified_gmt":"2026-05-05T10:39:22","slug":"sterisept-ready-to-use-spray-1000ml","status":"publish","type":"product","link":"https:\/\/valika.eu\/fi\/toode\/sterisept-ready-to-use-spray-1000ml\/","title":{"rendered":"Sterisept Ready to Use  Spray 1000ml"},"content":{"rendered":"<p>Sterisept Ready to Use on laajatehoinen bakterisidinen (mukaan lukien MRSA, VRE), mykobakterisidinen (mukaan lukien *Mycobacterium avium* ja *Mycobacterium terrae*), fungisidinen ja hiivasieni\u00e4 torjuva valmiste. Lis\u00e4ksi sill\u00e4 on tehoa viruksiin (kuten HBV, HIV, HCV, Vaccinia, Rota, Noro) sek\u00e4 iti\u00f6ihin (kuten *Clostridium difficile*).<\/p>\n<p>Sterisept Ready to Use soveltuu my\u00f6s kontaminoituneiden l\u00e4\u00e4kinn\u00e4llisten instrumenttien liotukseen ja esidesinfiointiin. Kirurgisten instrumenttien k\u00e4sittely ennen sterilointia on t\u00e4rke\u00e4 vaihe tehokkaan ja turvallisen sterilointiprosessin varmistamiseksi. T\u00e4m\u00e4 toimenpide v\u00e4hent\u00e4\u00e4 mikrobikuormitusta ja poistaa instrumenteista verta, kudoksia ja muuta orgaanista ainesta.<\/p>\n<p>Sterisept Ready to Use soveltuu seuraavien pintojen ja instrumenttien k\u00e4sittelyyn: ruostumaton ter\u00e4s, lasi, alumiini, kupari, messinki, keramiikka, PVC, kumi, muovi, silikoni, nahkapinnat sek\u00e4 akryyli- ja pleksilasi.<\/p>\n<p>K\u00c4YTT\u00d6:<br \/>\nSterisept Ready to Use on k\u00e4ytt\u00f6valmis tuote. Levit\u00e4 pinnalle siten, ett\u00e4 koko alue peittyy desinfiointiaineella tasaisesti. Vaikutusaika on v\u00e4hint\u00e4\u00e4n 60 sekuntia tai mikrobiologista tehoa vastaava aika (ks. taulukko alla). Tuotetta voidaan levitt\u00e4\u00e4 joko suihkuttamalla tai pyyhkim\u00e4ll\u00e4 esikostutetulla liinalla.<\/p>\n<p>Suihkutusta suositellaan vain vaikeap\u00e4\u00e4syisten alueiden k\u00e4sittelyyn. Suihkuta noin 30 cm et\u00e4isyydelt\u00e4 ja levit\u00e4 sen j\u00e4lkeen liinalla tasaisesti pinnalle.<\/p>\n<p>Pyyhkimisess\u00e4 liina kostutetaan etuk\u00e4teen riitt\u00e4v\u00e4ll\u00e4 m\u00e4\u00e4r\u00e4ll\u00e4 tuotetta ja pinta pyyhit\u00e4\u00e4n huolellisesti.<br \/>\nPinnat ja instrumentit, jotka k\u00e4sittelyn j\u00e4lkeen joutuvat kosketuksiin ihmisen tai elintarvikkeiden kanssa, tulee pyyhki\u00e4 puhtaalla kostealla liinalla vaikutusajan j\u00e4lkeen desinfiointiainej\u00e4\u00e4mien poistamiseksi.<\/p>\n<p>Kirurgisten instrumenttien esik\u00e4sittely ennen sterilointia:<br \/>\nKontaminaation ja orgaanisten j\u00e4\u00e4mien kuivumisen est\u00e4miseksi suihkuta k\u00e4ytetyt instrumentit, jotka on ker\u00e4tty astiaan, kauttaaltaan Sterisept Ready to Use -valmisteella niin, ett\u00e4 kaikki instrumentit ovat hyvin kostutettuja. Jatka t\u00e4m\u00e4n j\u00e4lkeen sterilointiprosessia instrumentin valmistajan ohjeiden mukaisesti.<\/p>\n<p>MIKRO-ORGANISMI \u2013 TESTIMENETELM\u00c4 \u2013 VAIKUTUSAIKA:<br \/>\nBakteerit (ml. MRSA, VRE) \u2013 EN13727, EN14561, EN13697 \u2013 1 minuutti<br \/>\nHiivasienet \u2013 EN13624, EN13697 \u2013 1 minuutti<br \/>\nKaikki vaipalliset virukset \u2013 EN14476 \u2013 30 sekuntia<br \/>\nRotavirus, Norovirus \u2013 EN14476 \u2013 30 sekuntia<br \/>\nMykobakteerit \u2013 EN14348 \u2013 5 minuuttia<br \/>\nHomeet (*Aspergillus brasiliensis*) \u2013 EN13624 \u2013 10 minuuttia<br \/>\nIti\u00f6t (*Clostridium difficile*) \u2013 EN13704 \u2013 15 minuuttia<\/p>","protected":false},"excerpt":{"rendered":"<p>Sterisept Ready to Use on alkoholiton pikadesinfektio- ja puhdistusaine invasiivisten ja ei-invasiivisten l\u00e4\u00e4kinn\u00e4llisten laitteiden sek\u00e4 alkoholia herkempien pintojen desinfiointiin ja puhdistukseen.<\/p>\n<p>Tuote ei sis\u00e4ll\u00e4 alkoholeja, aldehydej\u00e4 eik\u00e4 biguanideja (PHMB), ja se soveltuu terveydenhuollossa kaikkien vesipesua kest\u00e4vien pintojen puhdistukseen. Erityisen koostumuksensa ansiosta tuotteella on sek\u00e4 hyv\u00e4t desinfioivat ett\u00e4 puhdistavat ominaisuudet.<\/p>\n","protected":false},"featured_media":20217,"template":"","meta":[],"product_brand":[],"product_cat":[599],"product_tag":[],"class_list":{"0":"post-20216","1":"product","2":"type-product","3":"status-publish","4":"has-post-thumbnail","6":"product_cat-desinfitseerimisvahendid","8":"first","9":"instock","10":"taxable","11":"shipping-taxable","12":"purchasable","13":"product-type-simple"},"yoast_head":"<!-- This site is optimized with the Yoast SEO plugin v24.4 - https:\/\/yoast.com\/wordpress\/plugins\/seo\/ -->\n<title>Sterisept Ready to Use Spray 1000ml | Valika<\/title>\n<meta name=\"robots\" content=\"index, follow, max-snippet:-1, max-image-preview:large, max-video-preview:-1\" \/>\n<link rel=\"canonical\" href=\"https:\/\/valika.eu\/fi\/toode\/sterisept-ready-to-use-spray-1000ml\/\" \/>\n<meta property=\"og:locale\" content=\"fi_FI\" \/>\n<meta property=\"og:type\" content=\"article\" \/>\n<meta property=\"og:title\" content=\"Sterisept Ready to Use Spray 1000ml | Valika\" \/>\n<meta property=\"og:description\" content=\"Sterisept Ready to Use on alkoholiton pikadesinfektio- ja puhdistusaine invasiivisten ja ei-invasiivisten l\u00e4\u00e4kinn\u00e4llisten laitteiden sek\u00e4 alkoholia herkempien pintojen desinfiointiin ja puhdistukseen.  Tuote ei sis\u00e4ll\u00e4 alkoholeja, aldehydej\u00e4 eik\u00e4 biguanideja (PHMB), ja se soveltuu terveydenhuollossa kaikkien vesipesua kest\u00e4vien pintojen puhdistukseen. Erityisen koostumuksensa ansiosta tuotteella on sek\u00e4 hyv\u00e4t desinfioivat ett\u00e4 puhdistavat ominaisuudet.\" \/>\n<meta property=\"og:url\" content=\"https:\/\/valika.eu\/fi\/toode\/sterisept-ready-to-use-spray-1000ml\/\" \/>\n<meta property=\"og:site_name\" content=\"Valika\" \/>\n<meta property=\"article:publisher\" content=\"https:\/\/www.facebook.com\/tipsi.net\" \/>\n<meta property=\"article:modified_time\" content=\"2026-05-05T10:39:22+00:00\" \/>\n<meta property=\"og:image\" content=\"https:\/\/valika.eu\/wp-content\/uploads\/2026\/04\/sterisept-ready-to-use-1000ml.webp\" \/>\n\t<meta property=\"og:image:width\" content=\"1000\" \/>\n\t<meta property=\"og:image:height\" content=\"1000\" \/>\n\t<meta property=\"og:image:type\" content=\"image\/webp\" \/>\n<meta name=\"twitter:card\" content=\"summary_large_image\" \/>\n<script type=\"application\/ld+json\" class=\"yoast-schema-graph\">{\"@context\":\"https:\/\/schema.org\",\"@graph\":[{\"@type\":\"WebPage\",\"@id\":\"https:\/\/valika.eu\/fi\/toode\/sterisept-ready-to-use-spray-1000ml\/\",\"url\":\"https:\/\/valika.eu\/fi\/toode\/sterisept-ready-to-use-spray-1000ml\/\",\"name\":\"Sterisept Ready to Use Spray 1000ml | Valika\",\"isPartOf\":{\"@id\":\"https:\/\/valika.eu\/fi\/#website\"},\"primaryImageOfPage\":{\"@id\":\"https:\/\/valika.eu\/fi\/toode\/sterisept-ready-to-use-spray-1000ml\/#primaryimage\"},\"image\":{\"@id\":\"https:\/\/valika.eu\/toode\/sterisept-ready-to-use-spray-1000ml\/#primaryimage\"},\"thumbnailUrl\":\"https:\/\/valika.eu\/wp-content\/uploads\/2026\/04\/sterisept-ready-to-use-1000ml.webp\",\"datePublished\":\"2026-04-10T12:20:35+00:00\",\"dateModified\":\"2026-05-05T10:39:22+00:00\",\"breadcrumb\":{\"@id\":\"https:\/\/valika.eu\/fi\/toode\/sterisept-ready-to-use-spray-1000ml\/#breadcrumb\"},\"inLanguage\":\"fi\",\"potentialAction\":[{\"@type\":\"ReadAction\",\"target\":[[\"https:\/\/valika.eu\/fi\/toode\/sterisept-ready-to-use-spray-1000ml\/\"]]}]},{\"@type\":\"ImageObject\",\"inLanguage\":\"fi\",\"@id\":\"https:\/\/valika.eu\/fi\/toode\/sterisept-ready-to-use-spray-1000ml\/#primaryimage\",\"url\":\"https:\/\/valika.eu\/wp-content\/uploads\/2026\/04\/sterisept-ready-to-use-1000ml.webp\",\"contentUrl\":\"https:\/\/valika.eu\/wp-content\/uploads\/2026\/04\/sterisept-ready-to-use-1000ml.webp\",\"width\":1000,\"height\":1000},{\"@type\":\"BreadcrumbList\",\"@id\":\"https:\/\/valika.eu\/fi\/toode\/sterisept-ready-to-use-spray-1000ml\/#breadcrumb\",\"itemListElement\":[{\"@type\":\"ListItem\",\"position\":1,\"name\":\"Koti\",\"item\":\"https:\/\/valika.eu\/fi\/\"},{\"@type\":\"ListItem\",\"position\":2,\"name\":\"Shop\",\"item\":\"https:\/\/valika.eu\/fi\/\"},{\"@type\":\"ListItem\",\"position\":3,\"name\":\"Sterisept Ready to Use Spray 1000ml\"}]},{\"@type\":\"WebSite\",\"@id\":\"https:\/\/valika.eu\/fi\/#website\",\"url\":\"https:\/\/valika.eu\/fi\/\",\"name\":\"Valika.eu\",\"description\":\"Salonkituotteet ja kauneudenhoitotuotteet - Valika tarjoaa laajan valikoiman tuotteita ja tarvikkeita kynsiteknikoille, kauneushoitoloille, kampaamoille ja kampaamoille.\",\"publisher\":{\"@id\":\"https:\/\/valika.eu\/fi\/#organization\"},\"alternateName\":\"Valika\",\"potentialAction\":[{\"@type\":\"SearchAction\",\"target\":{\"@type\":\"EntryPoint\",\"urlTemplate\":\"https:\/\/valika.eu\/fi\/?s={search_term_string}\"},\"query-input\":{\"@type\":\"PropertyValueSpecification\",\"valueRequired\":true,\"valueName\":\"search_term_string\"}}],\"inLanguage\":\"fi\"},{\"@type\":\"Organization\",\"@id\":\"https:\/\/valika.eu\/fi\/#organization\",\"name\":\"Salongitoode O\u00dc\",\"alternateName\":\"Valika\",\"url\":\"https:\/\/valika.eu\/fi\/\",\"logo\":{\"@type\":\"ImageObject\",\"inLanguage\":\"fi\",\"@id\":\"https:\/\/valika.eu\/fi\/#\/schema\/logo\/image\/\",\"url\":\"https:\/\/valika.eu\/wp-content\/uploads\/2023\/11\/logo2-valika-footer.png\",\"contentUrl\":\"https:\/\/valika.eu\/wp-content\/uploads\/2023\/11\/logo2-valika-footer.png\",\"width\":200,\"height\":129,\"caption\":\"Salongitoode O\u00dc\"},\"image\":{\"@id\":\"https:\/\/valika.eu\/fi\/#\/schema\/logo\/image\/\"},\"sameAs\":[\"https:\/\/www.facebook.com\/tipsi.net\"]}]}<\/script>\n<!-- \/ Yoast SEO plugin. -->","yoast_head_json":{"title":"Sterisept Ready to Use Spray 1000ml | Valika","robots":{"index":"index","follow":"follow","max-snippet":"max-snippet:-1","max-image-preview":"max-image-preview:large","max-video-preview":"max-video-preview:-1"},"canonical":"https:\/\/valika.eu\/fi\/toode\/sterisept-ready-to-use-spray-1000ml\/","og_locale":"fi_FI","og_type":"article","og_title":"Sterisept Ready to Use Spray 1000ml | Valika","og_description":"Sterisept Ready to Use on alkoholiton pikadesinfektio- ja puhdistusaine invasiivisten ja ei-invasiivisten l\u00e4\u00e4kinn\u00e4llisten laitteiden sek\u00e4 alkoholia herkempien pintojen desinfiointiin ja puhdistukseen.  Tuote ei sis\u00e4ll\u00e4 alkoholeja, aldehydej\u00e4 eik\u00e4 biguanideja (PHMB), ja se soveltuu terveydenhuollossa kaikkien vesipesua kest\u00e4vien pintojen puhdistukseen. Erityisen koostumuksensa ansiosta tuotteella on sek\u00e4 hyv\u00e4t desinfioivat ett\u00e4 puhdistavat ominaisuudet.","og_url":"https:\/\/valika.eu\/fi\/toode\/sterisept-ready-to-use-spray-1000ml\/","og_site_name":"Valika","article_publisher":"https:\/\/www.facebook.com\/tipsi.net","article_modified_time":"2026-05-05T10:39:22+00:00","og_image":[{"width":1000,"height":1000,"url":"https:\/\/valika.eu\/wp-content\/uploads\/2026\/04\/sterisept-ready-to-use-1000ml.webp","type":"image\/webp"}],"twitter_card":"summary_large_image","schema":{"@context":"https:\/\/schema.org","@graph":[{"@type":"WebPage","@id":"https:\/\/valika.eu\/fi\/toode\/sterisept-ready-to-use-spray-1000ml\/","url":"https:\/\/valika.eu\/fi\/toode\/sterisept-ready-to-use-spray-1000ml\/","name":"Sterisept Ready to Use Spray 1000ml | Valika","isPartOf":{"@id":"https:\/\/valika.eu\/fi\/#website"},"primaryImageOfPage":{"@id":"https:\/\/valika.eu\/fi\/toode\/sterisept-ready-to-use-spray-1000ml\/#primaryimage"},"image":{"@id":"https:\/\/valika.eu\/toode\/sterisept-ready-to-use-spray-1000ml\/#primaryimage"},"thumbnailUrl":"https:\/\/valika.eu\/wp-content\/uploads\/2026\/04\/sterisept-ready-to-use-1000ml.webp","datePublished":"2026-04-10T12:20:35+00:00","dateModified":"2026-05-05T10:39:22+00:00","breadcrumb":{"@id":"https:\/\/valika.eu\/fi\/toode\/sterisept-ready-to-use-spray-1000ml\/#breadcrumb"},"inLanguage":"fi","potentialAction":[{"@type":"ReadAction","target":[["https:\/\/valika.eu\/fi\/toode\/sterisept-ready-to-use-spray-1000ml\/"]]}]},{"@type":"ImageObject","inLanguage":"fi","@id":"https:\/\/valika.eu\/fi\/toode\/sterisept-ready-to-use-spray-1000ml\/#primaryimage","url":"https:\/\/valika.eu\/wp-content\/uploads\/2026\/04\/sterisept-ready-to-use-1000ml.webp","contentUrl":"https:\/\/valika.eu\/wp-content\/uploads\/2026\/04\/sterisept-ready-to-use-1000ml.webp","width":1000,"height":1000},{"@type":"BreadcrumbList","@id":"https:\/\/valika.eu\/fi\/toode\/sterisept-ready-to-use-spray-1000ml\/#breadcrumb","itemListElement":[{"@type":"ListItem","position":1,"name":"Koti","item":"https:\/\/valika.eu\/fi\/"},{"@type":"ListItem","position":2,"name":"Shop","item":"https:\/\/valika.eu\/fi\/"},{"@type":"ListItem","position":3,"name":"Sterisept Ready to Use Spray 1000ml"}]},{"@type":"WebSite","@id":"https:\/\/valika.eu\/fi\/#website","url":"https:\/\/valika.eu\/fi\/","name":"Valika.eu","description":"Salonkituotteet ja kauneudenhoitotuotteet - Valika tarjoaa laajan valikoiman tuotteita ja tarvikkeita kynsiteknikoille, kauneushoitoloille, kampaamoille ja kampaamoille.","publisher":{"@id":"https:\/\/valika.eu\/fi\/#organization"},"alternateName":"Valika","potentialAction":[{"@type":"SearchAction","target":{"@type":"EntryPoint","urlTemplate":"https:\/\/valika.eu\/fi\/?s={search_term_string}"},"query-input":{"@type":"PropertyValueSpecification","valueRequired":true,"valueName":"search_term_string"}}],"inLanguage":"fi"},{"@type":"Organization","@id":"https:\/\/valika.eu\/fi\/#organization","name":"Salongitoode O\u00dc","alternateName":"Valika","url":"https:\/\/valika.eu\/fi\/","logo":{"@type":"ImageObject","inLanguage":"fi","@id":"https:\/\/valika.eu\/fi\/#\/schema\/logo\/image\/","url":"https:\/\/valika.eu\/wp-content\/uploads\/2023\/11\/logo2-valika-footer.png","contentUrl":"https:\/\/valika.eu\/wp-content\/uploads\/2023\/11\/logo2-valika-footer.png","width":200,"height":129,"caption":"Salongitoode O\u00dc"},"image":{"@id":"https:\/\/valika.eu\/fi\/#\/schema\/logo\/image\/"},"sameAs":["https:\/\/www.facebook.com\/tipsi.net"]}]}},"jetpack_sharing_enabled":true,"_links":{"self":[{"href":"https:\/\/valika.eu\/fi\/wp-json\/wp\/v2\/product\/20216","targetHints":{"allow":["GET"]}}],"collection":[{"href":"https:\/\/valika.eu\/fi\/wp-json\/wp\/v2\/product"}],"about":[{"href":"https:\/\/valika.eu\/fi\/wp-json\/wp\/v2\/types\/product"}],"wp:featuredmedia":[{"embeddable":true,"href":"https:\/\/valika.eu\/fi\/wp-json\/wp\/v2\/media\/20217"}],"wp:attachment":[{"href":"https:\/\/valika.eu\/fi\/wp-json\/wp\/v2\/media?parent=20216"}],"wp:term":[{"taxonomy":"product_brand","embeddable":true,"href":"https:\/\/valika.eu\/fi\/wp-json\/wp\/v2\/product_brand?post=20216"},{"taxonomy":"product_cat","embeddable":true,"href":"https:\/\/valika.eu\/fi\/wp-json\/wp\/v2\/product_cat?post=20216"},{"taxonomy":"product_tag","embeddable":true,"href":"https:\/\/valika.eu\/fi\/wp-json\/wp\/v2\/product_tag?post=20216"}],"curies":[{"name":"wp","href":"https:\/\/api.w.org\/{rel}","templated":true}]}}