{"id":20523,"date":"2026-04-30T14:42:17","date_gmt":"2026-04-30T11:42:17","guid":{"rendered":"https:\/\/valika.eu\/?post_type=product&#038;p=20523"},"modified":"2026-04-30T14:46:14","modified_gmt":"2026-04-30T11:46:14","slug":"palu-gelpolish-lima-lm6","status":"publish","type":"product","link":"https:\/\/valika.eu\/fi\/toode\/palu-gelpolish-lima-lm6\/","title":{"rendered":"PALU Gelpolish Lima LM6"},"content":{"rendered":"<p>LM1 on raikas turkoosi s\u00e4vy, joka on saanut inspiraationsa viile\u00e4st\u00e4 Tyynenmeren tuulesta ja Liman rannikon tunnelmasta. Pastelliv\u00e4ri tuo mieleen Mirafloresin rannikkoa liplattavat valtameren aallot. T\u00e4m\u00e4 herkk\u00e4 mutta eloisa v\u00e4ri tuo kevyen ja kes\u00e4isen s\u00e4v\u00e4yksen mihin tahansa tyyliin.<\/p>\n<p>Lima-mallisto on saanut inspiraationsa Perun p\u00e4\u00e4kaupungin v\u00e4rikk\u00e4\u00e4st\u00e4 energiasta \u2013 kaupungista, joka on t\u00e4ynn\u00e4 v\u00e4ri\u00e4, valoa ja trooppista raikkautta. Paletti sis\u00e4lt\u00e4\u00e4 kymmenen s\u00e4vy\u00e4, jotka yhdist\u00e4v\u00e4t pastellis\u00e4vyn herkkyyden kirkkaisiin v\u00e4ripilkkuihin. Liman v\u00e4rit ovat t\u00e4ynn\u00e4 keveytt\u00e4 ja positiivista energiaa, muistuttaen l\u00e4mmint\u00e4 ilmaa, trooppisia kasveja ja vilkkaita kaupungin katuja.<\/p>\n<p>Palu on ammattilaisten valmistamaa kosmetiikkaa ammattilaisille. Haluamme tarjota sinulle valinnanvapautta, taattua laatua ja helppok\u00e4ytt\u00f6isyytt\u00e4. Oletko luonut oman tyylisi tuotteillamme? Kerro meille ja merkitse kuvasi Instagramissa hashtagilla #palusalonsystem.<\/p>\n<p>Tuote on tarkoitettu ammattik\u00e4ytt\u00f6\u00f6n.<\/p>\n<p>peitt\u00e4vyys 1-2 kerroksen j\u00e4lkeen<br \/>\nhelppo levitt\u00e4\u00e4<br \/>\nintensiivinen kiilto<br \/>\nkoostumus: keskipaksu<br \/>\nkesto jopa 3 viikkoa<br \/>\ntilavuus: 11 g<\/p>","protected":false},"excerpt":{"rendered":"<p>LM1 on raikas turkoosi s\u00e4vy, joka on saanut inspiraationsa viile\u00e4st\u00e4 Tyynenmeren tuulesta ja Liman rannikon tunnelmasta. Pastelliv\u00e4ri tuo mieleen Mirafloresin<\/p>\n","protected":false},"featured_media":20524,"template":"","meta":[],"product_brand":[],"product_cat":[341],"product_tag":[],"class_list":{"0":"post-20523","1":"product","2":"type-product","3":"status-publish","4":"has-post-thumbnail","6":"product_cat-hollywood","8":"first","9":"instock","10":"taxable","11":"shipping-taxable","12":"purchasable","13":"product-type-simple"},"yoast_head":"<!-- This site is optimized with the Yoast SEO plugin v24.4 - https:\/\/yoast.com\/wordpress\/plugins\/seo\/ -->\n<title>PALU Gelpolish Lima LM6 | Valika<\/title>\n<meta name=\"robots\" content=\"index, follow, max-snippet:-1, max-image-preview:large, max-video-preview:-1\" \/>\n<link rel=\"canonical\" href=\"https:\/\/valika.eu\/fi\/toode\/palu-gelpolish-lima-lm6\/\" \/>\n<meta property=\"og:locale\" content=\"fi_FI\" \/>\n<meta property=\"og:type\" content=\"article\" \/>\n<meta property=\"og:title\" content=\"PALU Gelpolish Lima LM6 | Valika\" \/>\n<meta property=\"og:description\" content=\"LM1 on raikas turkoosi s\u00e4vy, joka on saanut inspiraationsa viile\u00e4st\u00e4 Tyynenmeren tuulesta ja Liman rannikon tunnelmasta. Pastelliv\u00e4ri tuo mieleen Mirafloresin\" \/>\n<meta property=\"og:url\" content=\"https:\/\/valika.eu\/fi\/toode\/palu-gelpolish-lima-lm6\/\" \/>\n<meta property=\"og:site_name\" content=\"Valika\" \/>\n<meta property=\"article:publisher\" content=\"https:\/\/www.facebook.com\/tipsi.net\" \/>\n<meta property=\"article:modified_time\" content=\"2026-04-30T11:46:14+00:00\" \/>\n<meta property=\"og:image\" content=\"https:\/\/valika.eu\/wp-content\/uploads\/2026\/04\/lm6.webp\" \/>\n\t<meta property=\"og:image:width\" content=\"1500\" \/>\n\t<meta property=\"og:image:height\" content=\"1500\" \/>\n\t<meta property=\"og:image:type\" content=\"image\/webp\" \/>\n<meta name=\"twitter:card\" content=\"summary_large_image\" \/>\n<script type=\"application\/ld+json\" class=\"yoast-schema-graph\">{\"@context\":\"https:\/\/schema.org\",\"@graph\":[{\"@type\":\"WebPage\",\"@id\":\"https:\/\/valika.eu\/fi\/toode\/palu-gelpolish-lima-lm6\/\",\"url\":\"https:\/\/valika.eu\/fi\/toode\/palu-gelpolish-lima-lm6\/\",\"name\":\"PALU Gelpolish Lima LM6 | Valika\",\"isPartOf\":{\"@id\":\"https:\/\/valika.eu\/fi\/#website\"},\"primaryImageOfPage\":{\"@id\":\"https:\/\/valika.eu\/fi\/toode\/palu-gelpolish-lima-lm6\/#primaryimage\"},\"image\":{\"@id\":\"https:\/\/valika.eu\/toode\/palu-gelpolish-lima-lm6\/#primaryimage\"},\"thumbnailUrl\":\"https:\/\/valika.eu\/wp-content\/uploads\/2026\/04\/lm6.webp\",\"datePublished\":\"2026-04-30T11:42:17+00:00\",\"dateModified\":\"2026-04-30T11:46:14+00:00\",\"breadcrumb\":{\"@id\":\"https:\/\/valika.eu\/fi\/toode\/palu-gelpolish-lima-lm6\/#breadcrumb\"},\"inLanguage\":\"fi\",\"potentialAction\":[{\"@type\":\"ReadAction\",\"target\":[[\"https:\/\/valika.eu\/fi\/toode\/palu-gelpolish-lima-lm6\/\"]]}]},{\"@type\":\"ImageObject\",\"inLanguage\":\"fi\",\"@id\":\"https:\/\/valika.eu\/fi\/toode\/palu-gelpolish-lima-lm6\/#primaryimage\",\"url\":\"https:\/\/valika.eu\/wp-content\/uploads\/2026\/04\/lm6.webp\",\"contentUrl\":\"https:\/\/valika.eu\/wp-content\/uploads\/2026\/04\/lm6.webp\",\"width\":1500,\"height\":1500},{\"@type\":\"BreadcrumbList\",\"@id\":\"https:\/\/valika.eu\/fi\/toode\/palu-gelpolish-lima-lm6\/#breadcrumb\",\"itemListElement\":[{\"@type\":\"ListItem\",\"position\":1,\"name\":\"Koti\",\"item\":\"https:\/\/valika.eu\/fi\/\"},{\"@type\":\"ListItem\",\"position\":2,\"name\":\"Shop\",\"item\":\"https:\/\/valika.eu\/fi\/\"},{\"@type\":\"ListItem\",\"position\":3,\"name\":\"PALU Gelpolish Lima LM6\"}]},{\"@type\":\"WebSite\",\"@id\":\"https:\/\/valika.eu\/fi\/#website\",\"url\":\"https:\/\/valika.eu\/fi\/\",\"name\":\"Valika.eu\",\"description\":\"Salonkituotteet ja kauneudenhoitotuotteet - Valika tarjoaa laajan valikoiman tuotteita ja tarvikkeita kynsiteknikoille, kauneushoitoloille, kampaamoille ja kampaamoille.\",\"publisher\":{\"@id\":\"https:\/\/valika.eu\/fi\/#organization\"},\"alternateName\":\"Valika\",\"potentialAction\":[{\"@type\":\"SearchAction\",\"target\":{\"@type\":\"EntryPoint\",\"urlTemplate\":\"https:\/\/valika.eu\/fi\/?s={search_term_string}\"},\"query-input\":{\"@type\":\"PropertyValueSpecification\",\"valueRequired\":true,\"valueName\":\"search_term_string\"}}],\"inLanguage\":\"fi\"},{\"@type\":\"Organization\",\"@id\":\"https:\/\/valika.eu\/fi\/#organization\",\"name\":\"Salongitoode O\u00dc\",\"alternateName\":\"Valika\",\"url\":\"https:\/\/valika.eu\/fi\/\",\"logo\":{\"@type\":\"ImageObject\",\"inLanguage\":\"fi\",\"@id\":\"https:\/\/valika.eu\/fi\/#\/schema\/logo\/image\/\",\"url\":\"https:\/\/valika.eu\/wp-content\/uploads\/2023\/11\/logo2-valika-footer.png\",\"contentUrl\":\"https:\/\/valika.eu\/wp-content\/uploads\/2023\/11\/logo2-valika-footer.png\",\"width\":200,\"height\":129,\"caption\":\"Salongitoode O\u00dc\"},\"image\":{\"@id\":\"https:\/\/valika.eu\/fi\/#\/schema\/logo\/image\/\"},\"sameAs\":[\"https:\/\/www.facebook.com\/tipsi.net\"]}]}<\/script>\n<!-- \/ Yoast SEO plugin. -->","yoast_head_json":{"title":"PALU Gelpolish Lima LM6 | Valika","robots":{"index":"index","follow":"follow","max-snippet":"max-snippet:-1","max-image-preview":"max-image-preview:large","max-video-preview":"max-video-preview:-1"},"canonical":"https:\/\/valika.eu\/fi\/toode\/palu-gelpolish-lima-lm6\/","og_locale":"fi_FI","og_type":"article","og_title":"PALU Gelpolish Lima LM6 | Valika","og_description":"LM1 on raikas turkoosi s\u00e4vy, joka on saanut inspiraationsa viile\u00e4st\u00e4 Tyynenmeren tuulesta ja Liman rannikon tunnelmasta. Pastelliv\u00e4ri tuo mieleen Mirafloresin","og_url":"https:\/\/valika.eu\/fi\/toode\/palu-gelpolish-lima-lm6\/","og_site_name":"Valika","article_publisher":"https:\/\/www.facebook.com\/tipsi.net","article_modified_time":"2026-04-30T11:46:14+00:00","og_image":[{"width":1500,"height":1500,"url":"https:\/\/valika.eu\/wp-content\/uploads\/2026\/04\/lm6.webp","type":"image\/webp"}],"twitter_card":"summary_large_image","schema":{"@context":"https:\/\/schema.org","@graph":[{"@type":"WebPage","@id":"https:\/\/valika.eu\/fi\/toode\/palu-gelpolish-lima-lm6\/","url":"https:\/\/valika.eu\/fi\/toode\/palu-gelpolish-lima-lm6\/","name":"PALU Gelpolish Lima LM6 | Valika","isPartOf":{"@id":"https:\/\/valika.eu\/fi\/#website"},"primaryImageOfPage":{"@id":"https:\/\/valika.eu\/fi\/toode\/palu-gelpolish-lima-lm6\/#primaryimage"},"image":{"@id":"https:\/\/valika.eu\/toode\/palu-gelpolish-lima-lm6\/#primaryimage"},"thumbnailUrl":"https:\/\/valika.eu\/wp-content\/uploads\/2026\/04\/lm6.webp","datePublished":"2026-04-30T11:42:17+00:00","dateModified":"2026-04-30T11:46:14+00:00","breadcrumb":{"@id":"https:\/\/valika.eu\/fi\/toode\/palu-gelpolish-lima-lm6\/#breadcrumb"},"inLanguage":"fi","potentialAction":[{"@type":"ReadAction","target":[["https:\/\/valika.eu\/fi\/toode\/palu-gelpolish-lima-lm6\/"]]}]},{"@type":"ImageObject","inLanguage":"fi","@id":"https:\/\/valika.eu\/fi\/toode\/palu-gelpolish-lima-lm6\/#primaryimage","url":"https:\/\/valika.eu\/wp-content\/uploads\/2026\/04\/lm6.webp","contentUrl":"https:\/\/valika.eu\/wp-content\/uploads\/2026\/04\/lm6.webp","width":1500,"height":1500},{"@type":"BreadcrumbList","@id":"https:\/\/valika.eu\/fi\/toode\/palu-gelpolish-lima-lm6\/#breadcrumb","itemListElement":[{"@type":"ListItem","position":1,"name":"Koti","item":"https:\/\/valika.eu\/fi\/"},{"@type":"ListItem","position":2,"name":"Shop","item":"https:\/\/valika.eu\/fi\/"},{"@type":"ListItem","position":3,"name":"PALU Gelpolish Lima LM6"}]},{"@type":"WebSite","@id":"https:\/\/valika.eu\/fi\/#website","url":"https:\/\/valika.eu\/fi\/","name":"Valika.eu","description":"Salonkituotteet ja kauneudenhoitotuotteet - Valika tarjoaa laajan valikoiman tuotteita ja tarvikkeita kynsiteknikoille, kauneushoitoloille, kampaamoille ja kampaamoille.","publisher":{"@id":"https:\/\/valika.eu\/fi\/#organization"},"alternateName":"Valika","potentialAction":[{"@type":"SearchAction","target":{"@type":"EntryPoint","urlTemplate":"https:\/\/valika.eu\/fi\/?s={search_term_string}"},"query-input":{"@type":"PropertyValueSpecification","valueRequired":true,"valueName":"search_term_string"}}],"inLanguage":"fi"},{"@type":"Organization","@id":"https:\/\/valika.eu\/fi\/#organization","name":"Salongitoode O\u00dc","alternateName":"Valika","url":"https:\/\/valika.eu\/fi\/","logo":{"@type":"ImageObject","inLanguage":"fi","@id":"https:\/\/valika.eu\/fi\/#\/schema\/logo\/image\/","url":"https:\/\/valika.eu\/wp-content\/uploads\/2023\/11\/logo2-valika-footer.png","contentUrl":"https:\/\/valika.eu\/wp-content\/uploads\/2023\/11\/logo2-valika-footer.png","width":200,"height":129,"caption":"Salongitoode O\u00dc"},"image":{"@id":"https:\/\/valika.eu\/fi\/#\/schema\/logo\/image\/"},"sameAs":["https:\/\/www.facebook.com\/tipsi.net"]}]}},"jetpack_sharing_enabled":true,"_links":{"self":[{"href":"https:\/\/valika.eu\/fi\/wp-json\/wp\/v2\/product\/20523","targetHints":{"allow":["GET"]}}],"collection":[{"href":"https:\/\/valika.eu\/fi\/wp-json\/wp\/v2\/product"}],"about":[{"href":"https:\/\/valika.eu\/fi\/wp-json\/wp\/v2\/types\/product"}],"wp:featuredmedia":[{"embeddable":true,"href":"https:\/\/valika.eu\/fi\/wp-json\/wp\/v2\/media\/20524"}],"wp:attachment":[{"href":"https:\/\/valika.eu\/fi\/wp-json\/wp\/v2\/media?parent=20523"}],"wp:term":[{"taxonomy":"product_brand","embeddable":true,"href":"https:\/\/valika.eu\/fi\/wp-json\/wp\/v2\/product_brand?post=20523"},{"taxonomy":"product_cat","embeddable":true,"href":"https:\/\/valika.eu\/fi\/wp-json\/wp\/v2\/product_cat?post=20523"},{"taxonomy":"product_tag","embeddable":true,"href":"https:\/\/valika.eu\/fi\/wp-json\/wp\/v2\/product_tag?post=20523"}],"curies":[{"name":"wp","href":"https:\/\/api.w.org\/{rel}","templated":true}]}}