{"id":20566,"date":"2026-05-01T12:00:02","date_gmt":"2026-05-01T09:00:02","guid":{"rendered":"https:\/\/valika.eu\/?post_type=product&#038;p=20566"},"modified":"2026-05-02T15:44:28","modified_gmt":"2026-05-02T12:44:28","slug":"palu-pro-hard-shape-builder-gel-powder-pink-45g","status":"publish","type":"product","link":"https:\/\/valika.eu\/fi\/toode\/palu-pro-hard-shape-builder-gel-powder-pink-45g\/","title":{"rendered":"PALU PRO HARD SHAPE BUILDER GEL POWDER PINK 45g"},"content":{"rendered":"<p>Kova rakennegeeli vakaaseen muotoiluun ja pidennyksiin<\/p>\n<p>Pro Hard Shape on tehokas geeli, joka on luotu stylisteille, jotka vaativat tinkim\u00e4t\u00f6nt\u00e4 kest\u00e4vyytt\u00e4 ja t\u00e4ydellist\u00e4 muotoilun hallintaa. Se on suunniteltu tyyleille, jotka n\u00e4ytt\u00e4v\u00e4t t\u00e4ydellisilt\u00e4 ensimm\u00e4isest\u00e4 viimeiseen p\u00e4iv\u00e4\u00e4n, ja se yhdist\u00e4\u00e4 lujuuden, vakauden ja mukavuuden \u2013 jopa salonkityylin intensiivisess\u00e4 tahdissa.<\/p>\n<p>T\u00e4m\u00e4 kova rakennegeeli on keskipaksu ja eritt\u00e4in itsest\u00e4\u00e4n tasoittuva. Se tasoittaa kynsilevyn t\u00e4ydellisesti, luo tasaisen, esteettisesti miellytt\u00e4v\u00e4n pinnan ja lyhent\u00e4\u00e4 vaikutusaikaa. Samalla sen tiksotrooppinen koostumus varmistaa, ett\u00e4 geeli pysyy t\u00e4sm\u00e4lleen siin\u00e4, mihin sit\u00e4 levitet\u00e4\u00e4n \u2013 se ei valu tai tulvi kynsinauhoja, mik\u00e4 varmistaa tarkan muotoilun vaativimmissakin malleissa.<\/p>\n<p>Kovettumisen j\u00e4lkeen Pro Hard Shape muuttuu huomattavasti kovaksi ja vakaaksi (4,5\/5) luoden vankan kynsirungon. Se on t\u00e4ydellinen valinta lujuutta vaativille rakenteille \u2013 sek\u00e4 lyhyille ett\u00e4 pitkille pidennyksille muotteissa ja kaksoismuoteissa. Se sopii my\u00f6s luonnollisten kynsien t\u00e4ytt\u00e4miseen ja vahvistamiseen.<\/p>\n<p>Itsetasoittuvuuden ansiosta se toimii hyvin my\u00f6s viilaamattomalla tekniikalla, erityisesti kampaamoty\u00f6ss\u00e4, jossa nopeus ja tulosten toistettavuus ovat avainasemassa. Tarvittaessa geelin levitt\u00e4minen on helppoa, nopeaa ja k\u00e4tev\u00e4\u00e4 \u2013 se viilaa t\u00e4ydellisesti ja mahdollistaa tarkan muotoilun.<\/p>\n<p>Maksimaalisen muotoilukest\u00e4vyyden saavuttamiseksi tuotteen rakenne on suunniteltava oikein ja pohjustettava asianmukaisesti.<\/p>\n<p>Pro Hard Shape -geeli\u00e4 on saatavilla seitsem\u00e4ss\u00e4 v\u00e4riss\u00e4:<\/p>\n<p>CLEAR \u2013 l\u00e4pin\u00e4kyv\u00e4;<\/p>\n<p>SOFT WHITE \u2013 herkk\u00e4 maitomainen valkoinen s\u00e4vy, t\u00e4ydellinen prinsessakynsien muotoiluun;<\/p>\n<p>SOFT PINK \u2013 hienovarainen pinkki, koko paletin vaalein, t\u00e4ydellinen prinsessakynsien muotoiluun;<\/p>\n<p>POWDER PINK \u2013 eritt\u00e4in naisellinen, hienovarainen pinkki s\u00e4vy;<\/p>\n<p>CUTE PINK \u2013 makea, raikas pinkin s\u00e4vy;<\/p>\n<p>SOFT HARMONY \u2013 herkk\u00e4 persikanv\u00e4rinen beigen s\u00e4vy;<\/p>\n<p>NEUTRAL \u2013 neutraali, vastaa ihon luonnollista v\u00e4ri\u00e4.<br \/>\nT\u00e4rkeimm\u00e4t ominaisuudet:<\/p>\n<p>itsetasoittuva<br \/>\nkeskipaksu koostumus<br \/>\ntiksotrooppinen koostumus<br \/>\nkova ja vakaa kovettumisen j\u00e4lkeen (4,5\/5)<br \/>\nt\u00e4ydellinen nopeaan kampaamoty\u00f6h\u00f6n<br \/>\nsuositellaan lyhyille ja pitkille hiustenpidennyksille<br \/>\ntoimii hyvin sahaamattomassa tekniikassa<br \/>\npeittokyky noin 80 %<br \/>\nvaatii tietokannan k\u00e4yt\u00f6n<br \/>\ntilavuus: 45 g<\/p>\n<p>K\u00e4ytt\u00f6ohjeet: Valmistele kynsi levitt\u00e4m\u00e4ll\u00e4 ohut kerros Base for Gel -pohjageeli\u00e4 ja koveta ohjeiden mukaisesti. Levit\u00e4 geeli siveltimell\u00e4 ja levit\u00e4 haluttuun pituuteen ja muotoon. Koveta UV-LED-lampussa v\u00e4hint\u00e4\u00e4n 60 sekuntia. Poista dispersiokerros puhdistusaineeseen kostutetulla vanulapulla. Viilaa ja puhdista kynsi. Levit\u00e4 p\u00e4\u00e4llyslakka ohjeiden mukaisesti.<\/p>","protected":false},"excerpt":{"rendered":"<p>Kova rakennegeeli vakaaseen muotoiluun ja pidennyksiin Pro Hard Shape on tehokas geeli, joka on luotu stylisteille, jotka vaativat tinkim\u00e4t\u00f6nt\u00e4 kest\u00e4vyytt\u00e4<\/p>\n","protected":false},"featured_media":20567,"template":"","meta":[],"product_brand":[],"product_cat":[73],"product_tag":[],"class_list":{"0":"post-20566","1":"product","2":"type-product","3":"status-publish","4":"has-post-thumbnail","6":"product_cat-palu-ehitusgeelid","8":"first","9":"instock","10":"taxable","11":"shipping-taxable","12":"purchasable","13":"product-type-simple"},"yoast_head":"<!-- This site is optimized with the Yoast SEO plugin v24.4 - https:\/\/yoast.com\/wordpress\/plugins\/seo\/ -->\n<title>PALU PRO HARD SHAPE BUILDER GEL POWDER PINK 45g | Valika<\/title>\n<meta name=\"robots\" content=\"index, follow, max-snippet:-1, max-image-preview:large, max-video-preview:-1\" \/>\n<link rel=\"canonical\" href=\"https:\/\/valika.eu\/fi\/toode\/palu-pro-hard-shape-builder-gel-powder-pink-45g\/\" \/>\n<meta property=\"og:locale\" content=\"fi_FI\" \/>\n<meta property=\"og:type\" content=\"article\" \/>\n<meta property=\"og:title\" content=\"PALU PRO HARD SHAPE BUILDER GEL POWDER PINK 45g | Valika\" \/>\n<meta property=\"og:description\" content=\"Kova rakennegeeli vakaaseen muotoiluun ja pidennyksiin Pro Hard Shape on tehokas geeli, joka on luotu stylisteille, jotka vaativat tinkim\u00e4t\u00f6nt\u00e4 kest\u00e4vyytt\u00e4\" \/>\n<meta property=\"og:url\" content=\"https:\/\/valika.eu\/fi\/toode\/palu-pro-hard-shape-builder-gel-powder-pink-45g\/\" \/>\n<meta property=\"og:site_name\" content=\"Valika\" \/>\n<meta property=\"article:publisher\" content=\"https:\/\/www.facebook.com\/tipsi.net\" \/>\n<meta property=\"article:modified_time\" content=\"2026-05-02T12:44:28+00:00\" \/>\n<meta property=\"og:image\" content=\"https:\/\/valika.eu\/wp-content\/uploads\/2026\/05\/powder-pink-pr-hr.webp\" \/>\n\t<meta property=\"og:image:width\" content=\"1500\" \/>\n\t<meta property=\"og:image:height\" content=\"1500\" \/>\n\t<meta property=\"og:image:type\" content=\"image\/webp\" \/>\n<meta name=\"twitter:card\" content=\"summary_large_image\" \/>\n<script type=\"application\/ld+json\" class=\"yoast-schema-graph\">{\"@context\":\"https:\/\/schema.org\",\"@graph\":[{\"@type\":\"WebPage\",\"@id\":\"https:\/\/valika.eu\/fi\/toode\/palu-pro-hard-shape-builder-gel-powder-pink-45g\/\",\"url\":\"https:\/\/valika.eu\/fi\/toode\/palu-pro-hard-shape-builder-gel-powder-pink-45g\/\",\"name\":\"PALU PRO HARD SHAPE BUILDER GEL POWDER PINK 45g | Valika\",\"isPartOf\":{\"@id\":\"https:\/\/valika.eu\/fi\/#website\"},\"primaryImageOfPage\":{\"@id\":\"https:\/\/valika.eu\/fi\/toode\/palu-pro-hard-shape-builder-gel-powder-pink-45g\/#primaryimage\"},\"image\":{\"@id\":\"https:\/\/valika.eu\/toode\/palu-pro-hard-shape-builder-gel-powder-pink-45g\/#primaryimage\"},\"thumbnailUrl\":\"https:\/\/valika.eu\/wp-content\/uploads\/2026\/05\/powder-pink-pr-hr.webp\",\"datePublished\":\"2026-05-01T09:00:02+00:00\",\"dateModified\":\"2026-05-02T12:44:28+00:00\",\"breadcrumb\":{\"@id\":\"https:\/\/valika.eu\/fi\/toode\/palu-pro-hard-shape-builder-gel-powder-pink-45g\/#breadcrumb\"},\"inLanguage\":\"fi\",\"potentialAction\":[{\"@type\":\"ReadAction\",\"target\":[[\"https:\/\/valika.eu\/fi\/toode\/palu-pro-hard-shape-builder-gel-powder-pink-45g\/\"]]}]},{\"@type\":\"ImageObject\",\"inLanguage\":\"fi\",\"@id\":\"https:\/\/valika.eu\/fi\/toode\/palu-pro-hard-shape-builder-gel-powder-pink-45g\/#primaryimage\",\"url\":\"https:\/\/valika.eu\/wp-content\/uploads\/2026\/05\/powder-pink-pr-hr.webp\",\"contentUrl\":\"https:\/\/valika.eu\/wp-content\/uploads\/2026\/05\/powder-pink-pr-hr.webp\",\"width\":1500,\"height\":1500},{\"@type\":\"BreadcrumbList\",\"@id\":\"https:\/\/valika.eu\/fi\/toode\/palu-pro-hard-shape-builder-gel-powder-pink-45g\/#breadcrumb\",\"itemListElement\":[{\"@type\":\"ListItem\",\"position\":1,\"name\":\"Koti\",\"item\":\"https:\/\/valika.eu\/fi\/\"},{\"@type\":\"ListItem\",\"position\":2,\"name\":\"Shop\",\"item\":\"https:\/\/valika.eu\/fi\/\"},{\"@type\":\"ListItem\",\"position\":3,\"name\":\"PALU PRO HARD SHAPE BUILDER GEL POWDER PINK 45g\"}]},{\"@type\":\"WebSite\",\"@id\":\"https:\/\/valika.eu\/fi\/#website\",\"url\":\"https:\/\/valika.eu\/fi\/\",\"name\":\"Valika.eu\",\"description\":\"Salonkituotteet ja kauneudenhoitotuotteet - Valika tarjoaa laajan valikoiman tuotteita ja tarvikkeita kynsiteknikoille, kauneushoitoloille, kampaamoille ja kampaamoille.\",\"publisher\":{\"@id\":\"https:\/\/valika.eu\/fi\/#organization\"},\"alternateName\":\"Valika\",\"potentialAction\":[{\"@type\":\"SearchAction\",\"target\":{\"@type\":\"EntryPoint\",\"urlTemplate\":\"https:\/\/valika.eu\/fi\/?s={search_term_string}\"},\"query-input\":{\"@type\":\"PropertyValueSpecification\",\"valueRequired\":true,\"valueName\":\"search_term_string\"}}],\"inLanguage\":\"fi\"},{\"@type\":\"Organization\",\"@id\":\"https:\/\/valika.eu\/fi\/#organization\",\"name\":\"Salongitoode O\u00dc\",\"alternateName\":\"Valika\",\"url\":\"https:\/\/valika.eu\/fi\/\",\"logo\":{\"@type\":\"ImageObject\",\"inLanguage\":\"fi\",\"@id\":\"https:\/\/valika.eu\/fi\/#\/schema\/logo\/image\/\",\"url\":\"https:\/\/valika.eu\/wp-content\/uploads\/2023\/11\/logo2-valika-footer.png\",\"contentUrl\":\"https:\/\/valika.eu\/wp-content\/uploads\/2023\/11\/logo2-valika-footer.png\",\"width\":200,\"height\":129,\"caption\":\"Salongitoode O\u00dc\"},\"image\":{\"@id\":\"https:\/\/valika.eu\/fi\/#\/schema\/logo\/image\/\"},\"sameAs\":[\"https:\/\/www.facebook.com\/tipsi.net\"]}]}<\/script>\n<!-- \/ Yoast SEO plugin. -->","yoast_head_json":{"title":"PALU PRO HARD SHAPE BUILDER GEL POWDER PINK 45g | Valika","robots":{"index":"index","follow":"follow","max-snippet":"max-snippet:-1","max-image-preview":"max-image-preview:large","max-video-preview":"max-video-preview:-1"},"canonical":"https:\/\/valika.eu\/fi\/toode\/palu-pro-hard-shape-builder-gel-powder-pink-45g\/","og_locale":"fi_FI","og_type":"article","og_title":"PALU PRO HARD SHAPE BUILDER GEL POWDER PINK 45g | Valika","og_description":"Kova rakennegeeli vakaaseen muotoiluun ja pidennyksiin Pro Hard Shape on tehokas geeli, joka on luotu stylisteille, jotka vaativat tinkim\u00e4t\u00f6nt\u00e4 kest\u00e4vyytt\u00e4","og_url":"https:\/\/valika.eu\/fi\/toode\/palu-pro-hard-shape-builder-gel-powder-pink-45g\/","og_site_name":"Valika","article_publisher":"https:\/\/www.facebook.com\/tipsi.net","article_modified_time":"2026-05-02T12:44:28+00:00","og_image":[{"width":1500,"height":1500,"url":"https:\/\/valika.eu\/wp-content\/uploads\/2026\/05\/powder-pink-pr-hr.webp","type":"image\/webp"}],"twitter_card":"summary_large_image","schema":{"@context":"https:\/\/schema.org","@graph":[{"@type":"WebPage","@id":"https:\/\/valika.eu\/fi\/toode\/palu-pro-hard-shape-builder-gel-powder-pink-45g\/","url":"https:\/\/valika.eu\/fi\/toode\/palu-pro-hard-shape-builder-gel-powder-pink-45g\/","name":"PALU PRO HARD SHAPE BUILDER GEL POWDER PINK 45g | Valika","isPartOf":{"@id":"https:\/\/valika.eu\/fi\/#website"},"primaryImageOfPage":{"@id":"https:\/\/valika.eu\/fi\/toode\/palu-pro-hard-shape-builder-gel-powder-pink-45g\/#primaryimage"},"image":{"@id":"https:\/\/valika.eu\/toode\/palu-pro-hard-shape-builder-gel-powder-pink-45g\/#primaryimage"},"thumbnailUrl":"https:\/\/valika.eu\/wp-content\/uploads\/2026\/05\/powder-pink-pr-hr.webp","datePublished":"2026-05-01T09:00:02+00:00","dateModified":"2026-05-02T12:44:28+00:00","breadcrumb":{"@id":"https:\/\/valika.eu\/fi\/toode\/palu-pro-hard-shape-builder-gel-powder-pink-45g\/#breadcrumb"},"inLanguage":"fi","potentialAction":[{"@type":"ReadAction","target":[["https:\/\/valika.eu\/fi\/toode\/palu-pro-hard-shape-builder-gel-powder-pink-45g\/"]]}]},{"@type":"ImageObject","inLanguage":"fi","@id":"https:\/\/valika.eu\/fi\/toode\/palu-pro-hard-shape-builder-gel-powder-pink-45g\/#primaryimage","url":"https:\/\/valika.eu\/wp-content\/uploads\/2026\/05\/powder-pink-pr-hr.webp","contentUrl":"https:\/\/valika.eu\/wp-content\/uploads\/2026\/05\/powder-pink-pr-hr.webp","width":1500,"height":1500},{"@type":"BreadcrumbList","@id":"https:\/\/valika.eu\/fi\/toode\/palu-pro-hard-shape-builder-gel-powder-pink-45g\/#breadcrumb","itemListElement":[{"@type":"ListItem","position":1,"name":"Koti","item":"https:\/\/valika.eu\/fi\/"},{"@type":"ListItem","position":2,"name":"Shop","item":"https:\/\/valika.eu\/fi\/"},{"@type":"ListItem","position":3,"name":"PALU PRO HARD SHAPE BUILDER GEL POWDER PINK 45g"}]},{"@type":"WebSite","@id":"https:\/\/valika.eu\/fi\/#website","url":"https:\/\/valika.eu\/fi\/","name":"Valika.eu","description":"Salonkituotteet ja kauneudenhoitotuotteet - Valika tarjoaa laajan valikoiman tuotteita ja tarvikkeita kynsiteknikoille, kauneushoitoloille, kampaamoille ja kampaamoille.","publisher":{"@id":"https:\/\/valika.eu\/fi\/#organization"},"alternateName":"Valika","potentialAction":[{"@type":"SearchAction","target":{"@type":"EntryPoint","urlTemplate":"https:\/\/valika.eu\/fi\/?s={search_term_string}"},"query-input":{"@type":"PropertyValueSpecification","valueRequired":true,"valueName":"search_term_string"}}],"inLanguage":"fi"},{"@type":"Organization","@id":"https:\/\/valika.eu\/fi\/#organization","name":"Salongitoode O\u00dc","alternateName":"Valika","url":"https:\/\/valika.eu\/fi\/","logo":{"@type":"ImageObject","inLanguage":"fi","@id":"https:\/\/valika.eu\/fi\/#\/schema\/logo\/image\/","url":"https:\/\/valika.eu\/wp-content\/uploads\/2023\/11\/logo2-valika-footer.png","contentUrl":"https:\/\/valika.eu\/wp-content\/uploads\/2023\/11\/logo2-valika-footer.png","width":200,"height":129,"caption":"Salongitoode O\u00dc"},"image":{"@id":"https:\/\/valika.eu\/fi\/#\/schema\/logo\/image\/"},"sameAs":["https:\/\/www.facebook.com\/tipsi.net"]}]}},"jetpack_sharing_enabled":true,"_links":{"self":[{"href":"https:\/\/valika.eu\/fi\/wp-json\/wp\/v2\/product\/20566","targetHints":{"allow":["GET"]}}],"collection":[{"href":"https:\/\/valika.eu\/fi\/wp-json\/wp\/v2\/product"}],"about":[{"href":"https:\/\/valika.eu\/fi\/wp-json\/wp\/v2\/types\/product"}],"wp:featuredmedia":[{"embeddable":true,"href":"https:\/\/valika.eu\/fi\/wp-json\/wp\/v2\/media\/20567"}],"wp:attachment":[{"href":"https:\/\/valika.eu\/fi\/wp-json\/wp\/v2\/media?parent=20566"}],"wp:term":[{"taxonomy":"product_brand","embeddable":true,"href":"https:\/\/valika.eu\/fi\/wp-json\/wp\/v2\/product_brand?post=20566"},{"taxonomy":"product_cat","embeddable":true,"href":"https:\/\/valika.eu\/fi\/wp-json\/wp\/v2\/product_cat?post=20566"},{"taxonomy":"product_tag","embeddable":true,"href":"https:\/\/valika.eu\/fi\/wp-json\/wp\/v2\/product_tag?post=20566"}],"curies":[{"name":"wp","href":"https:\/\/api.w.org\/{rel}","templated":true}]}}