{"id":5565,"date":"2024-10-12T00:37:05","date_gmt":"2024-10-11T21:37:05","guid":{"rendered":"https:\/\/valika.eu\/toode\/claresa-base-gel-ultra-uv-led-5-g\/"},"modified":"2026-04-02T13:56:07","modified_gmt":"2026-04-02T10:56:07","slug":"claresa-base-gel-ultra-uv-led-5-g","status":"publish","type":"product","link":"https:\/\/valika.eu\/fi\/toode\/claresa-base-gel-ultra-uv-led-5-g\/","title":{"rendered":"Claresa Clear Base gel Ultra uv\/led 5 g"},"content":{"rendered":"<p><strong>Claresa Ultra Base<\/strong><\/p>\n<p>Etsitk\u00f6 aloittelijalle sopivaa aluslakkaa, jonka voit levitt\u00e4\u00e4 ilman ongelmia ja joka helpottaa kynnen pident\u00e4mist\u00e4?<\/p>\n<p><strong>Ultra Base<\/strong> on paksu hybridialusta, joka tunnetaan kovuudestaan ja korkeasta tarttuvuudestaan. Se tasoittaa ja rakentaa kynnen pintaa t\u00e4ydellisesti, ja sit\u00e4 voi k\u00e4ytt\u00e4\u00e4 my\u00f6s kynsien pident\u00e4miseen. Tuotteen koostumus on \u00e4\u00e4rimm\u00e4isen mukava k\u00e4ytt\u00e4\u00e4, joten jopa v\u00e4h\u00e4n kokemusta omaava henkil\u00f6 voi nauttia helposta levitt\u00e4misest\u00e4 ilman kynnen ymp\u00e4rist\u00f6n sotkemista. Sopii kaikentyyppisille kynsipinnoille, ja ongelmallisille voi k\u00e4ytt\u00e4\u00e4 happovapaata pohjustetta.<\/p>\n<p><strong>OMINAISUUDET:<\/strong><\/p>\n<ul>\n<li>paksu koostumus<\/li>\n<li>korkea tarttuvuus ja helppo levitt\u00e4\u00e4<\/li>\n<li>v\u00e4ri: l\u00e4pin\u00e4kyv\u00e4<\/li>\n<li>tasoittaa ja rakentaa kynnen pintaa<\/li>\n<li>mahdollistaa kynsien pident\u00e4misen<\/li>\n<li>tilavuus: 5 g<\/li>\n<\/ul>\n<p><strong>K\u00c4YTT\u00d6:<\/strong> Levit\u00e4 Ultra Base -kerros valmistellulle kynsipinnalle ja koveta lampussa.<\/p>\n<p><strong>KOVETUSAIKA<\/strong> \u2013 v\u00e4hint\u00e4\u00e4n 60 sekuntia<\/p>","protected":false},"excerpt":{"rendered":"<p>Claresa Ultra Base Etsitk\u00f6 aloittelijalle sopivaa aluslakkaa, jonka voit levitt\u00e4\u00e4 ilman ongelmia ja joka helpottaa kynnen pident\u00e4mist\u00e4? Ultra Base on<\/p>\n","protected":false},"featured_media":5555,"template":"","meta":[],"product_brand":[],"product_cat":[362,37],"product_tag":[],"class_list":{"0":"post-5565","1":"product","2":"type-product","3":"status-publish","4":"has-post-thumbnail","6":"product_cat-claresabasegel","7":"product_cat-alusgeelid","9":"first","10":"instock","11":"taxable","12":"shipping-taxable","13":"purchasable","14":"product-type-simple"},"yoast_head":"<!-- This site is optimized with the Yoast SEO plugin v24.4 - https:\/\/yoast.com\/wordpress\/plugins\/seo\/ -->\n<title>Claresa Clear Base gel Ultra uv\/led 5 g | Valika<\/title>\n<meta name=\"robots\" content=\"index, follow, max-snippet:-1, max-image-preview:large, max-video-preview:-1\" \/>\n<link rel=\"canonical\" href=\"https:\/\/valika.eu\/fi\/toode\/claresa-base-gel-ultra-uv-led-5-g\/\" \/>\n<meta property=\"og:locale\" content=\"fi_FI\" \/>\n<meta property=\"og:type\" content=\"article\" \/>\n<meta property=\"og:title\" content=\"Claresa Clear Base gel Ultra uv\/led 5 g | Valika\" \/>\n<meta property=\"og:description\" content=\"Claresa Ultra Base Etsitk\u00f6 aloittelijalle sopivaa aluslakkaa, jonka voit levitt\u00e4\u00e4 ilman ongelmia ja joka helpottaa kynnen pident\u00e4mist\u00e4? Ultra Base on\" \/>\n<meta property=\"og:url\" content=\"https:\/\/valika.eu\/fi\/toode\/claresa-base-gel-ultra-uv-led-5-g\/\" \/>\n<meta property=\"og:site_name\" content=\"Valika\" \/>\n<meta property=\"article:publisher\" content=\"https:\/\/www.facebook.com\/tipsi.net\" \/>\n<meta property=\"article:modified_time\" content=\"2026-04-02T10:56:07+00:00\" \/>\n<meta property=\"og:image\" content=\"https:\/\/valika.eu\/wp-content\/uploads\/2024\/10\/7829.jpg\" \/>\n\t<meta property=\"og:image:width\" content=\"1500\" \/>\n\t<meta property=\"og:image:height\" content=\"1500\" \/>\n\t<meta property=\"og:image:type\" content=\"image\/jpeg\" \/>\n<meta name=\"twitter:card\" content=\"summary_large_image\" \/>\n<script type=\"application\/ld+json\" class=\"yoast-schema-graph\">{\"@context\":\"https:\/\/schema.org\",\"@graph\":[{\"@type\":\"WebPage\",\"@id\":\"https:\/\/valika.eu\/fi\/toode\/claresa-base-gel-ultra-uv-led-5-g\/\",\"url\":\"https:\/\/valika.eu\/fi\/toode\/claresa-base-gel-ultra-uv-led-5-g\/\",\"name\":\"Claresa Clear Base gel Ultra uv\/led 5 g | Valika\",\"isPartOf\":{\"@id\":\"https:\/\/valika.eu\/fi\/#website\"},\"primaryImageOfPage\":{\"@id\":\"https:\/\/valika.eu\/fi\/toode\/claresa-base-gel-ultra-uv-led-5-g\/#primaryimage\"},\"image\":{\"@id\":\"https:\/\/valika.eu\/toode\/claresa-base-gel-ultra-uv-led-5-g\/#primaryimage\"},\"thumbnailUrl\":\"https:\/\/valika.eu\/wp-content\/uploads\/2024\/10\/7829.jpg\",\"datePublished\":\"2024-10-11T21:37:05+00:00\",\"dateModified\":\"2026-04-02T10:56:07+00:00\",\"breadcrumb\":{\"@id\":\"https:\/\/valika.eu\/fi\/toode\/claresa-base-gel-ultra-uv-led-5-g\/#breadcrumb\"},\"inLanguage\":\"fi\",\"potentialAction\":[{\"@type\":\"ReadAction\",\"target\":[[\"https:\/\/valika.eu\/fi\/toode\/claresa-base-gel-ultra-uv-led-5-g\/\"]]}]},{\"@type\":\"ImageObject\",\"inLanguage\":\"fi\",\"@id\":\"https:\/\/valika.eu\/fi\/toode\/claresa-base-gel-ultra-uv-led-5-g\/#primaryimage\",\"url\":\"https:\/\/valika.eu\/wp-content\/uploads\/2024\/10\/7829.jpg\",\"contentUrl\":\"https:\/\/valika.eu\/wp-content\/uploads\/2024\/10\/7829.jpg\",\"width\":1500,\"height\":1500},{\"@type\":\"BreadcrumbList\",\"@id\":\"https:\/\/valika.eu\/fi\/toode\/claresa-base-gel-ultra-uv-led-5-g\/#breadcrumb\",\"itemListElement\":[{\"@type\":\"ListItem\",\"position\":1,\"name\":\"Koti\",\"item\":\"https:\/\/valika.eu\/fi\/\"},{\"@type\":\"ListItem\",\"position\":2,\"name\":\"Shop\",\"item\":\"https:\/\/valika.eu\/fi\/\"},{\"@type\":\"ListItem\",\"position\":3,\"name\":\"Claresa Clear Base gel Ultra uv\/led 5 g\"}]},{\"@type\":\"WebSite\",\"@id\":\"https:\/\/valika.eu\/fi\/#website\",\"url\":\"https:\/\/valika.eu\/fi\/\",\"name\":\"Valika.eu\",\"description\":\"Salonkituotteet ja kauneudenhoitotuotteet - Valika tarjoaa laajan valikoiman tuotteita ja tarvikkeita kynsiteknikoille, kauneushoitoloille, kampaamoille ja kampaamoille.\",\"publisher\":{\"@id\":\"https:\/\/valika.eu\/fi\/#organization\"},\"alternateName\":\"Valika\",\"potentialAction\":[{\"@type\":\"SearchAction\",\"target\":{\"@type\":\"EntryPoint\",\"urlTemplate\":\"https:\/\/valika.eu\/fi\/?s={search_term_string}\"},\"query-input\":{\"@type\":\"PropertyValueSpecification\",\"valueRequired\":true,\"valueName\":\"search_term_string\"}}],\"inLanguage\":\"fi\"},{\"@type\":\"Organization\",\"@id\":\"https:\/\/valika.eu\/fi\/#organization\",\"name\":\"Salongitoode O\u00dc\",\"alternateName\":\"Valika\",\"url\":\"https:\/\/valika.eu\/fi\/\",\"logo\":{\"@type\":\"ImageObject\",\"inLanguage\":\"fi\",\"@id\":\"https:\/\/valika.eu\/fi\/#\/schema\/logo\/image\/\",\"url\":\"https:\/\/valika.eu\/wp-content\/uploads\/2023\/11\/logo2-valika-footer.png\",\"contentUrl\":\"https:\/\/valika.eu\/wp-content\/uploads\/2023\/11\/logo2-valika-footer.png\",\"width\":200,\"height\":129,\"caption\":\"Salongitoode O\u00dc\"},\"image\":{\"@id\":\"https:\/\/valika.eu\/fi\/#\/schema\/logo\/image\/\"},\"sameAs\":[\"https:\/\/www.facebook.com\/tipsi.net\"]}]}<\/script>\n<!-- \/ Yoast SEO plugin. -->","yoast_head_json":{"title":"Claresa Clear Base gel Ultra uv\/led 5 g | Valika","robots":{"index":"index","follow":"follow","max-snippet":"max-snippet:-1","max-image-preview":"max-image-preview:large","max-video-preview":"max-video-preview:-1"},"canonical":"https:\/\/valika.eu\/fi\/toode\/claresa-base-gel-ultra-uv-led-5-g\/","og_locale":"fi_FI","og_type":"article","og_title":"Claresa Clear Base gel Ultra uv\/led 5 g | Valika","og_description":"Claresa Ultra Base Etsitk\u00f6 aloittelijalle sopivaa aluslakkaa, jonka voit levitt\u00e4\u00e4 ilman ongelmia ja joka helpottaa kynnen pident\u00e4mist\u00e4? Ultra Base on","og_url":"https:\/\/valika.eu\/fi\/toode\/claresa-base-gel-ultra-uv-led-5-g\/","og_site_name":"Valika","article_publisher":"https:\/\/www.facebook.com\/tipsi.net","article_modified_time":"2026-04-02T10:56:07+00:00","og_image":[{"width":1500,"height":1500,"url":"https:\/\/valika.eu\/wp-content\/uploads\/2024\/10\/7829.jpg","type":"image\/jpeg"}],"twitter_card":"summary_large_image","schema":{"@context":"https:\/\/schema.org","@graph":[{"@type":"WebPage","@id":"https:\/\/valika.eu\/fi\/toode\/claresa-base-gel-ultra-uv-led-5-g\/","url":"https:\/\/valika.eu\/fi\/toode\/claresa-base-gel-ultra-uv-led-5-g\/","name":"Claresa Clear Base gel Ultra uv\/led 5 g | Valika","isPartOf":{"@id":"https:\/\/valika.eu\/fi\/#website"},"primaryImageOfPage":{"@id":"https:\/\/valika.eu\/fi\/toode\/claresa-base-gel-ultra-uv-led-5-g\/#primaryimage"},"image":{"@id":"https:\/\/valika.eu\/toode\/claresa-base-gel-ultra-uv-led-5-g\/#primaryimage"},"thumbnailUrl":"https:\/\/valika.eu\/wp-content\/uploads\/2024\/10\/7829.jpg","datePublished":"2024-10-11T21:37:05+00:00","dateModified":"2026-04-02T10:56:07+00:00","breadcrumb":{"@id":"https:\/\/valika.eu\/fi\/toode\/claresa-base-gel-ultra-uv-led-5-g\/#breadcrumb"},"inLanguage":"fi","potentialAction":[{"@type":"ReadAction","target":[["https:\/\/valika.eu\/fi\/toode\/claresa-base-gel-ultra-uv-led-5-g\/"]]}]},{"@type":"ImageObject","inLanguage":"fi","@id":"https:\/\/valika.eu\/fi\/toode\/claresa-base-gel-ultra-uv-led-5-g\/#primaryimage","url":"https:\/\/valika.eu\/wp-content\/uploads\/2024\/10\/7829.jpg","contentUrl":"https:\/\/valika.eu\/wp-content\/uploads\/2024\/10\/7829.jpg","width":1500,"height":1500},{"@type":"BreadcrumbList","@id":"https:\/\/valika.eu\/fi\/toode\/claresa-base-gel-ultra-uv-led-5-g\/#breadcrumb","itemListElement":[{"@type":"ListItem","position":1,"name":"Koti","item":"https:\/\/valika.eu\/fi\/"},{"@type":"ListItem","position":2,"name":"Shop","item":"https:\/\/valika.eu\/fi\/"},{"@type":"ListItem","position":3,"name":"Claresa Clear Base gel Ultra uv\/led 5 g"}]},{"@type":"WebSite","@id":"https:\/\/valika.eu\/fi\/#website","url":"https:\/\/valika.eu\/fi\/","name":"Valika.eu","description":"Salonkituotteet ja kauneudenhoitotuotteet - Valika tarjoaa laajan valikoiman tuotteita ja tarvikkeita kynsiteknikoille, kauneushoitoloille, kampaamoille ja kampaamoille.","publisher":{"@id":"https:\/\/valika.eu\/fi\/#organization"},"alternateName":"Valika","potentialAction":[{"@type":"SearchAction","target":{"@type":"EntryPoint","urlTemplate":"https:\/\/valika.eu\/fi\/?s={search_term_string}"},"query-input":{"@type":"PropertyValueSpecification","valueRequired":true,"valueName":"search_term_string"}}],"inLanguage":"fi"},{"@type":"Organization","@id":"https:\/\/valika.eu\/fi\/#organization","name":"Salongitoode O\u00dc","alternateName":"Valika","url":"https:\/\/valika.eu\/fi\/","logo":{"@type":"ImageObject","inLanguage":"fi","@id":"https:\/\/valika.eu\/fi\/#\/schema\/logo\/image\/","url":"https:\/\/valika.eu\/wp-content\/uploads\/2023\/11\/logo2-valika-footer.png","contentUrl":"https:\/\/valika.eu\/wp-content\/uploads\/2023\/11\/logo2-valika-footer.png","width":200,"height":129,"caption":"Salongitoode O\u00dc"},"image":{"@id":"https:\/\/valika.eu\/fi\/#\/schema\/logo\/image\/"},"sameAs":["https:\/\/www.facebook.com\/tipsi.net"]}]}},"jetpack_sharing_enabled":true,"_links":{"self":[{"href":"https:\/\/valika.eu\/fi\/wp-json\/wp\/v2\/product\/5565","targetHints":{"allow":["GET"]}}],"collection":[{"href":"https:\/\/valika.eu\/fi\/wp-json\/wp\/v2\/product"}],"about":[{"href":"https:\/\/valika.eu\/fi\/wp-json\/wp\/v2\/types\/product"}],"wp:featuredmedia":[{"embeddable":true,"href":"https:\/\/valika.eu\/fi\/wp-json\/wp\/v2\/media\/5555"}],"wp:attachment":[{"href":"https:\/\/valika.eu\/fi\/wp-json\/wp\/v2\/media?parent=5565"}],"wp:term":[{"taxonomy":"product_brand","embeddable":true,"href":"https:\/\/valika.eu\/fi\/wp-json\/wp\/v2\/product_brand?post=5565"},{"taxonomy":"product_cat","embeddable":true,"href":"https:\/\/valika.eu\/fi\/wp-json\/wp\/v2\/product_cat?post=5565"},{"taxonomy":"product_tag","embeddable":true,"href":"https:\/\/valika.eu\/fi\/wp-json\/wp\/v2\/product_tag?post=5565"}],"curies":[{"name":"wp","href":"https:\/\/api.w.org\/{rel}","templated":true}]}}