{"id":5566,"date":"2024-10-12T00:37:06","date_gmt":"2024-10-11T21:37:06","guid":{"rendered":"https:\/\/valika.eu\/toode\/claresa-base-gel-uv-led-5g\/"},"modified":"2026-03-07T18:26:02","modified_gmt":"2026-03-07T16:26:02","slug":"claresa-base-gel-uv-led-5g","status":"publish","type":"product","link":"https:\/\/valika.eu\/fi\/toode\/claresa-base-gel-uv-led-5g\/","title":{"rendered":"Claresa Clear Base Base gel uv\/led 5g"},"content":{"rendered":"<p><\/p>\n<p>Base Base on universaali hybridialusta, joka toimii t\u00e4ydellisen\u00e4 pohjana k\u00e4sien ja jalkojen muotoilulle. Sen koostumus on itsetasoittuva ja takaa helpon ja mukavan k\u00e4yt\u00f6n. Sopii suoraan hybridilakan alle, mutta my\u00f6s geelien ja Poly Gels -tuotteiden alle hierottavaksi. Alustalla on korkea tarttuvuus, ja se sallii kynnen pinnan kevyen tasoittamisen. Sopii kaikentyyppisille kynsille, ja ongelmallisissa tapauksissa voi k\u00e4ytt\u00e4\u00e4 happovapaata pohjustetta.<\/p>\n<p>OMINAISUUDET:<\/p>\n<p>ohut koostumus<br \/>\nkorkea tarttuvuus ja helppo levitt\u00e4\u00e4<br \/>\nv\u00e4ri: l\u00e4pin\u00e4kyv\u00e4<br \/>\nitsetasoittuva<br \/>\nmahdollistaa kynsipinnan kevyen tasoituksen<br \/>\ntilavuus: 5 g<br \/>\nK\u00c4YTT\u00d6: Levit\u00e4 Base Base -kerros valmistellulle kynsipinnalle ja koveta lampussa.<\/p>\n<p>KOVETUSAIKA \u2013 v\u00e4hint\u00e4\u00e4n 60 sekuntia<\/p>\n<p><\/p>","protected":false},"excerpt":{"rendered":"<p>Base Base on universaali hybridialusta, joka toimii t\u00e4ydellisen\u00e4 pohjana k\u00e4sien ja jalkojen muotoilulle. Sen koostumus on itsetasoittuva ja takaa helpon<\/p>\n","protected":false},"featured_media":5558,"template":"","meta":[],"product_brand":[],"product_cat":[362,37],"product_tag":[],"class_list":{"0":"post-5566","1":"product","2":"type-product","3":"status-publish","4":"has-post-thumbnail","6":"product_cat-claresabasegel","7":"product_cat-alusgeelid","9":"first","10":"instock","11":"taxable","12":"shipping-taxable","13":"purchasable","14":"product-type-simple"},"yoast_head":"<!-- This site is optimized with the Yoast SEO plugin v24.4 - https:\/\/yoast.com\/wordpress\/plugins\/seo\/ -->\n<title>Claresa Clear Base Base gel uv\/led 5g | Valika<\/title>\n<meta name=\"robots\" content=\"index, follow, max-snippet:-1, max-image-preview:large, max-video-preview:-1\" \/>\n<link rel=\"canonical\" href=\"https:\/\/valika.eu\/fi\/toode\/claresa-base-gel-uv-led-5g\/\" \/>\n<meta property=\"og:locale\" content=\"fi_FI\" \/>\n<meta property=\"og:type\" content=\"article\" \/>\n<meta property=\"og:title\" content=\"Claresa Clear Base Base gel uv\/led 5g | Valika\" \/>\n<meta property=\"og:description\" content=\"Base Base on universaali hybridialusta, joka toimii t\u00e4ydellisen\u00e4 pohjana k\u00e4sien ja jalkojen muotoilulle. Sen koostumus on itsetasoittuva ja takaa helpon\" \/>\n<meta property=\"og:url\" content=\"https:\/\/valika.eu\/fi\/toode\/claresa-base-gel-uv-led-5g\/\" \/>\n<meta property=\"og:site_name\" content=\"Valika\" \/>\n<meta property=\"article:publisher\" content=\"https:\/\/www.facebook.com\/tipsi.net\" \/>\n<meta property=\"article:modified_time\" content=\"2026-03-07T16:26:02+00:00\" \/>\n<meta property=\"og:image\" content=\"https:\/\/valika.eu\/wp-content\/uploads\/2024\/10\/7828.jpg\" \/>\n\t<meta property=\"og:image:width\" content=\"1500\" \/>\n\t<meta property=\"og:image:height\" content=\"1500\" \/>\n\t<meta property=\"og:image:type\" content=\"image\/jpeg\" \/>\n<meta name=\"twitter:card\" content=\"summary_large_image\" \/>\n<script type=\"application\/ld+json\" class=\"yoast-schema-graph\">{\"@context\":\"https:\/\/schema.org\",\"@graph\":[{\"@type\":\"WebPage\",\"@id\":\"https:\/\/valika.eu\/fi\/toode\/claresa-base-gel-uv-led-5g\/\",\"url\":\"https:\/\/valika.eu\/fi\/toode\/claresa-base-gel-uv-led-5g\/\",\"name\":\"Claresa Clear Base Base gel uv\/led 5g | Valika\",\"isPartOf\":{\"@id\":\"https:\/\/valika.eu\/fi\/#website\"},\"primaryImageOfPage\":{\"@id\":\"https:\/\/valika.eu\/fi\/toode\/claresa-base-gel-uv-led-5g\/#primaryimage\"},\"image\":{\"@id\":\"https:\/\/valika.eu\/toode\/claresa-base-gel-uv-led-5g\/#primaryimage\"},\"thumbnailUrl\":\"https:\/\/valika.eu\/wp-content\/uploads\/2024\/10\/7828.jpg\",\"datePublished\":\"2024-10-11T21:37:06+00:00\",\"dateModified\":\"2026-03-07T16:26:02+00:00\",\"breadcrumb\":{\"@id\":\"https:\/\/valika.eu\/fi\/toode\/claresa-base-gel-uv-led-5g\/#breadcrumb\"},\"inLanguage\":\"fi\",\"potentialAction\":[{\"@type\":\"ReadAction\",\"target\":[[\"https:\/\/valika.eu\/fi\/toode\/claresa-base-gel-uv-led-5g\/\"]]}]},{\"@type\":\"ImageObject\",\"inLanguage\":\"fi\",\"@id\":\"https:\/\/valika.eu\/fi\/toode\/claresa-base-gel-uv-led-5g\/#primaryimage\",\"url\":\"https:\/\/valika.eu\/wp-content\/uploads\/2024\/10\/7828.jpg\",\"contentUrl\":\"https:\/\/valika.eu\/wp-content\/uploads\/2024\/10\/7828.jpg\",\"width\":1500,\"height\":1500},{\"@type\":\"BreadcrumbList\",\"@id\":\"https:\/\/valika.eu\/fi\/toode\/claresa-base-gel-uv-led-5g\/#breadcrumb\",\"itemListElement\":[{\"@type\":\"ListItem\",\"position\":1,\"name\":\"Koti\",\"item\":\"https:\/\/valika.eu\/fi\/\"},{\"@type\":\"ListItem\",\"position\":2,\"name\":\"Shop\",\"item\":\"https:\/\/valika.eu\/fi\/\"},{\"@type\":\"ListItem\",\"position\":3,\"name\":\"Claresa Clear Base Base gel uv\/led 5g\"}]},{\"@type\":\"WebSite\",\"@id\":\"https:\/\/valika.eu\/fi\/#website\",\"url\":\"https:\/\/valika.eu\/fi\/\",\"name\":\"Valika.eu\",\"description\":\"Salonkituotteet ja kauneudenhoitotuotteet - Valika tarjoaa laajan valikoiman tuotteita ja tarvikkeita kynsiteknikoille, kauneushoitoloille, kampaamoille ja kampaamoille.\",\"publisher\":{\"@id\":\"https:\/\/valika.eu\/fi\/#organization\"},\"alternateName\":\"Valika\",\"potentialAction\":[{\"@type\":\"SearchAction\",\"target\":{\"@type\":\"EntryPoint\",\"urlTemplate\":\"https:\/\/valika.eu\/fi\/?s={search_term_string}\"},\"query-input\":{\"@type\":\"PropertyValueSpecification\",\"valueRequired\":true,\"valueName\":\"search_term_string\"}}],\"inLanguage\":\"fi\"},{\"@type\":\"Organization\",\"@id\":\"https:\/\/valika.eu\/fi\/#organization\",\"name\":\"Salongitoode O\u00dc\",\"alternateName\":\"Valika\",\"url\":\"https:\/\/valika.eu\/fi\/\",\"logo\":{\"@type\":\"ImageObject\",\"inLanguage\":\"fi\",\"@id\":\"https:\/\/valika.eu\/fi\/#\/schema\/logo\/image\/\",\"url\":\"https:\/\/valika.eu\/wp-content\/uploads\/2023\/11\/logo2-valika-footer.png\",\"contentUrl\":\"https:\/\/valika.eu\/wp-content\/uploads\/2023\/11\/logo2-valika-footer.png\",\"width\":200,\"height\":129,\"caption\":\"Salongitoode O\u00dc\"},\"image\":{\"@id\":\"https:\/\/valika.eu\/fi\/#\/schema\/logo\/image\/\"},\"sameAs\":[\"https:\/\/www.facebook.com\/tipsi.net\"]}]}<\/script>\n<!-- \/ Yoast SEO plugin. -->","yoast_head_json":{"title":"Claresa Clear Base Base gel uv\/led 5g | Valika","robots":{"index":"index","follow":"follow","max-snippet":"max-snippet:-1","max-image-preview":"max-image-preview:large","max-video-preview":"max-video-preview:-1"},"canonical":"https:\/\/valika.eu\/fi\/toode\/claresa-base-gel-uv-led-5g\/","og_locale":"fi_FI","og_type":"article","og_title":"Claresa Clear Base Base gel uv\/led 5g | Valika","og_description":"Base Base on universaali hybridialusta, joka toimii t\u00e4ydellisen\u00e4 pohjana k\u00e4sien ja jalkojen muotoilulle. Sen koostumus on itsetasoittuva ja takaa helpon","og_url":"https:\/\/valika.eu\/fi\/toode\/claresa-base-gel-uv-led-5g\/","og_site_name":"Valika","article_publisher":"https:\/\/www.facebook.com\/tipsi.net","article_modified_time":"2026-03-07T16:26:02+00:00","og_image":[{"width":1500,"height":1500,"url":"https:\/\/valika.eu\/wp-content\/uploads\/2024\/10\/7828.jpg","type":"image\/jpeg"}],"twitter_card":"summary_large_image","schema":{"@context":"https:\/\/schema.org","@graph":[{"@type":"WebPage","@id":"https:\/\/valika.eu\/fi\/toode\/claresa-base-gel-uv-led-5g\/","url":"https:\/\/valika.eu\/fi\/toode\/claresa-base-gel-uv-led-5g\/","name":"Claresa Clear Base Base gel uv\/led 5g | Valika","isPartOf":{"@id":"https:\/\/valika.eu\/fi\/#website"},"primaryImageOfPage":{"@id":"https:\/\/valika.eu\/fi\/toode\/claresa-base-gel-uv-led-5g\/#primaryimage"},"image":{"@id":"https:\/\/valika.eu\/toode\/claresa-base-gel-uv-led-5g\/#primaryimage"},"thumbnailUrl":"https:\/\/valika.eu\/wp-content\/uploads\/2024\/10\/7828.jpg","datePublished":"2024-10-11T21:37:06+00:00","dateModified":"2026-03-07T16:26:02+00:00","breadcrumb":{"@id":"https:\/\/valika.eu\/fi\/toode\/claresa-base-gel-uv-led-5g\/#breadcrumb"},"inLanguage":"fi","potentialAction":[{"@type":"ReadAction","target":[["https:\/\/valika.eu\/fi\/toode\/claresa-base-gel-uv-led-5g\/"]]}]},{"@type":"ImageObject","inLanguage":"fi","@id":"https:\/\/valika.eu\/fi\/toode\/claresa-base-gel-uv-led-5g\/#primaryimage","url":"https:\/\/valika.eu\/wp-content\/uploads\/2024\/10\/7828.jpg","contentUrl":"https:\/\/valika.eu\/wp-content\/uploads\/2024\/10\/7828.jpg","width":1500,"height":1500},{"@type":"BreadcrumbList","@id":"https:\/\/valika.eu\/fi\/toode\/claresa-base-gel-uv-led-5g\/#breadcrumb","itemListElement":[{"@type":"ListItem","position":1,"name":"Koti","item":"https:\/\/valika.eu\/fi\/"},{"@type":"ListItem","position":2,"name":"Shop","item":"https:\/\/valika.eu\/fi\/"},{"@type":"ListItem","position":3,"name":"Claresa Clear Base Base gel uv\/led 5g"}]},{"@type":"WebSite","@id":"https:\/\/valika.eu\/fi\/#website","url":"https:\/\/valika.eu\/fi\/","name":"Valika.eu","description":"Salonkituotteet ja kauneudenhoitotuotteet - Valika tarjoaa laajan valikoiman tuotteita ja tarvikkeita kynsiteknikoille, kauneushoitoloille, kampaamoille ja kampaamoille.","publisher":{"@id":"https:\/\/valika.eu\/fi\/#organization"},"alternateName":"Valika","potentialAction":[{"@type":"SearchAction","target":{"@type":"EntryPoint","urlTemplate":"https:\/\/valika.eu\/fi\/?s={search_term_string}"},"query-input":{"@type":"PropertyValueSpecification","valueRequired":true,"valueName":"search_term_string"}}],"inLanguage":"fi"},{"@type":"Organization","@id":"https:\/\/valika.eu\/fi\/#organization","name":"Salongitoode O\u00dc","alternateName":"Valika","url":"https:\/\/valika.eu\/fi\/","logo":{"@type":"ImageObject","inLanguage":"fi","@id":"https:\/\/valika.eu\/fi\/#\/schema\/logo\/image\/","url":"https:\/\/valika.eu\/wp-content\/uploads\/2023\/11\/logo2-valika-footer.png","contentUrl":"https:\/\/valika.eu\/wp-content\/uploads\/2023\/11\/logo2-valika-footer.png","width":200,"height":129,"caption":"Salongitoode O\u00dc"},"image":{"@id":"https:\/\/valika.eu\/fi\/#\/schema\/logo\/image\/"},"sameAs":["https:\/\/www.facebook.com\/tipsi.net"]}]}},"jetpack_sharing_enabled":true,"_links":{"self":[{"href":"https:\/\/valika.eu\/fi\/wp-json\/wp\/v2\/product\/5566","targetHints":{"allow":["GET"]}}],"collection":[{"href":"https:\/\/valika.eu\/fi\/wp-json\/wp\/v2\/product"}],"about":[{"href":"https:\/\/valika.eu\/fi\/wp-json\/wp\/v2\/types\/product"}],"wp:featuredmedia":[{"embeddable":true,"href":"https:\/\/valika.eu\/fi\/wp-json\/wp\/v2\/media\/5558"}],"wp:attachment":[{"href":"https:\/\/valika.eu\/fi\/wp-json\/wp\/v2\/media?parent=5566"}],"wp:term":[{"taxonomy":"product_brand","embeddable":true,"href":"https:\/\/valika.eu\/fi\/wp-json\/wp\/v2\/product_brand?post=5566"},{"taxonomy":"product_cat","embeddable":true,"href":"https:\/\/valika.eu\/fi\/wp-json\/wp\/v2\/product_cat?post=5566"},{"taxonomy":"product_tag","embeddable":true,"href":"https:\/\/valika.eu\/fi\/wp-json\/wp\/v2\/product_tag?post=5566"}],"curies":[{"name":"wp","href":"https:\/\/api.w.org\/{rel}","templated":true}]}}