{"id":5568,"date":"2024-10-12T00:37:08","date_gmt":"2024-10-11T21:37:08","guid":{"rendered":"https:\/\/valika.eu\/toode\/claresa-bonding-base-for-gel-5g\/"},"modified":"2026-03-07T18:27:49","modified_gmt":"2026-03-07T16:27:49","slug":"claresa-bonding-base-for-gel-5g","status":"publish","type":"product","link":"https:\/\/valika.eu\/fi\/toode\/claresa-bonding-base-for-gel-5g\/","title":{"rendered":"Claresa Clear Bonding Base for Gel 5g"},"content":{"rendered":"<p><\/p>\n<p>Bonding Base for Gel on happovapaa pohjageeli, jolla on poikkeukselliset pohjustusominaisuudet. Sen koostumus parantaa geelin tarttuvuutta ja auttaa pident\u00e4m\u00e4\u00e4n manikyyrin kestoa suojaten sit\u00e4 lohkeamiselta. Tuote on yhteensopiva kaikkien Claresan geelien kanssa.<\/p>\n<p>OMINAISUUDET:<\/p>\n<p>yhteensopiva kaikkien Claresan geelien kanssa<br \/>\nhappovapaa koostumus<br \/>\nparantaa geelin tarttuvuutta<br \/>\nK\u00c4YTT\u00d6OHJEET: Levit\u00e4 ohut kerros aluslakkaa valmistellulle, rasvattomalle kynnelle ja levit\u00e4 tuotetta esim. hankaavin liikkein. Koveta sitten lampussa. Voit levitt\u00e4\u00e4 happovapaan primerin aluslakan alle.<\/p>\n<p>Ainesosat: Uretaaniakrylaatti, Isopropylidenediphenyl Bisoxyhydroxypropyl Methacrylate, HEMA, Isobornyylimetakrylaatti, Selluloosa-asetaattibutyraatti, Hydroksisyklosheksyyli-fenyyliketon, HEMA-fosfaatti, Etyylitrimetyylibentsoyylifenyyli-fosfinaatti, Silika-dimetyylisilylaatti, Polyhydroksikarboksyylihappoamidit, PPG-3, Hydrokinoni, p-Hydroksianisoli, Polyeteeriakrylaatti, Dipropyleeniglykolidiasrylaatti, Polyesteriakrylaatti +\/- Mica, CI 77891, CI 74260, CI 74160, CI 60725, CI 45410, CI 77742, CI 77491, CI 77492, CI 77499, CI 19140, CI 77007<\/p>\n<p><\/p>","protected":false},"excerpt":{"rendered":"<p>Bonding Base for Gel on happovapaa pohjageeli, jolla on poikkeukselliset pohjustusominaisuudet. Sen koostumus parantaa geelin tarttuvuutta ja auttaa pident\u00e4m\u00e4\u00e4n manikyyrin<\/p>\n","protected":false},"featured_media":5567,"template":"","meta":[],"product_brand":[],"product_cat":[362,37],"product_tag":[],"class_list":{"0":"post-5568","1":"product","2":"type-product","3":"status-publish","4":"has-post-thumbnail","6":"product_cat-claresabasegel","7":"product_cat-alusgeelid","9":"first","10":"instock","11":"taxable","12":"shipping-taxable","13":"purchasable","14":"product-type-simple"},"yoast_head":"<!-- This site is optimized with the Yoast SEO plugin v24.4 - https:\/\/yoast.com\/wordpress\/plugins\/seo\/ -->\n<title>Claresa Clear Bonding Base for Gel 5g | Valika<\/title>\n<meta name=\"robots\" content=\"index, follow, max-snippet:-1, max-image-preview:large, max-video-preview:-1\" \/>\n<link rel=\"canonical\" href=\"https:\/\/valika.eu\/fi\/toode\/claresa-bonding-base-for-gel-5g\/\" \/>\n<meta property=\"og:locale\" content=\"fi_FI\" \/>\n<meta property=\"og:type\" content=\"article\" \/>\n<meta property=\"og:title\" content=\"Claresa Clear Bonding Base for Gel 5g | Valika\" \/>\n<meta property=\"og:description\" content=\"Bonding Base for Gel on happovapaa pohjageeli, jolla on poikkeukselliset pohjustusominaisuudet. Sen koostumus parantaa geelin tarttuvuutta ja auttaa pident\u00e4m\u00e4\u00e4n manikyyrin\" \/>\n<meta property=\"og:url\" content=\"https:\/\/valika.eu\/fi\/toode\/claresa-bonding-base-for-gel-5g\/\" \/>\n<meta property=\"og:site_name\" content=\"Valika\" \/>\n<meta property=\"article:publisher\" content=\"https:\/\/www.facebook.com\/tipsi.net\" \/>\n<meta property=\"article:modified_time\" content=\"2026-03-07T16:27:49+00:00\" \/>\n<meta property=\"og:image\" content=\"https:\/\/valika.eu\/wp-content\/uploads\/2024\/10\/8820.jpg\" \/>\n\t<meta property=\"og:image:width\" content=\"1500\" \/>\n\t<meta property=\"og:image:height\" content=\"1500\" \/>\n\t<meta property=\"og:image:type\" content=\"image\/jpeg\" \/>\n<meta name=\"twitter:card\" content=\"summary_large_image\" \/>\n<script type=\"application\/ld+json\" class=\"yoast-schema-graph\">{\"@context\":\"https:\/\/schema.org\",\"@graph\":[{\"@type\":\"WebPage\",\"@id\":\"https:\/\/valika.eu\/fi\/toode\/claresa-bonding-base-for-gel-5g\/\",\"url\":\"https:\/\/valika.eu\/fi\/toode\/claresa-bonding-base-for-gel-5g\/\",\"name\":\"Claresa Clear Bonding Base for Gel 5g | Valika\",\"isPartOf\":{\"@id\":\"https:\/\/valika.eu\/fi\/#website\"},\"primaryImageOfPage\":{\"@id\":\"https:\/\/valika.eu\/fi\/toode\/claresa-bonding-base-for-gel-5g\/#primaryimage\"},\"image\":{\"@id\":\"https:\/\/valika.eu\/toode\/claresa-bonding-base-for-gel-5g\/#primaryimage\"},\"thumbnailUrl\":\"https:\/\/valika.eu\/wp-content\/uploads\/2024\/10\/8820.jpg\",\"datePublished\":\"2024-10-11T21:37:08+00:00\",\"dateModified\":\"2026-03-07T16:27:49+00:00\",\"breadcrumb\":{\"@id\":\"https:\/\/valika.eu\/fi\/toode\/claresa-bonding-base-for-gel-5g\/#breadcrumb\"},\"inLanguage\":\"fi\",\"potentialAction\":[{\"@type\":\"ReadAction\",\"target\":[[\"https:\/\/valika.eu\/fi\/toode\/claresa-bonding-base-for-gel-5g\/\"]]}]},{\"@type\":\"ImageObject\",\"inLanguage\":\"fi\",\"@id\":\"https:\/\/valika.eu\/fi\/toode\/claresa-bonding-base-for-gel-5g\/#primaryimage\",\"url\":\"https:\/\/valika.eu\/wp-content\/uploads\/2024\/10\/8820.jpg\",\"contentUrl\":\"https:\/\/valika.eu\/wp-content\/uploads\/2024\/10\/8820.jpg\",\"width\":1500,\"height\":1500},{\"@type\":\"BreadcrumbList\",\"@id\":\"https:\/\/valika.eu\/fi\/toode\/claresa-bonding-base-for-gel-5g\/#breadcrumb\",\"itemListElement\":[{\"@type\":\"ListItem\",\"position\":1,\"name\":\"Koti\",\"item\":\"https:\/\/valika.eu\/fi\/\"},{\"@type\":\"ListItem\",\"position\":2,\"name\":\"Shop\",\"item\":\"https:\/\/valika.eu\/fi\/\"},{\"@type\":\"ListItem\",\"position\":3,\"name\":\"Claresa Clear Bonding Base for Gel 5g\"}]},{\"@type\":\"WebSite\",\"@id\":\"https:\/\/valika.eu\/fi\/#website\",\"url\":\"https:\/\/valika.eu\/fi\/\",\"name\":\"Valika.eu\",\"description\":\"Salonkituotteet ja kauneudenhoitotuotteet - Valika tarjoaa laajan valikoiman tuotteita ja tarvikkeita kynsiteknikoille, kauneushoitoloille, kampaamoille ja kampaamoille.\",\"publisher\":{\"@id\":\"https:\/\/valika.eu\/fi\/#organization\"},\"alternateName\":\"Valika\",\"potentialAction\":[{\"@type\":\"SearchAction\",\"target\":{\"@type\":\"EntryPoint\",\"urlTemplate\":\"https:\/\/valika.eu\/fi\/?s={search_term_string}\"},\"query-input\":{\"@type\":\"PropertyValueSpecification\",\"valueRequired\":true,\"valueName\":\"search_term_string\"}}],\"inLanguage\":\"fi\"},{\"@type\":\"Organization\",\"@id\":\"https:\/\/valika.eu\/fi\/#organization\",\"name\":\"Salongitoode O\u00dc\",\"alternateName\":\"Valika\",\"url\":\"https:\/\/valika.eu\/fi\/\",\"logo\":{\"@type\":\"ImageObject\",\"inLanguage\":\"fi\",\"@id\":\"https:\/\/valika.eu\/fi\/#\/schema\/logo\/image\/\",\"url\":\"https:\/\/valika.eu\/wp-content\/uploads\/2023\/11\/logo2-valika-footer.png\",\"contentUrl\":\"https:\/\/valika.eu\/wp-content\/uploads\/2023\/11\/logo2-valika-footer.png\",\"width\":200,\"height\":129,\"caption\":\"Salongitoode O\u00dc\"},\"image\":{\"@id\":\"https:\/\/valika.eu\/fi\/#\/schema\/logo\/image\/\"},\"sameAs\":[\"https:\/\/www.facebook.com\/tipsi.net\"]}]}<\/script>\n<!-- \/ Yoast SEO plugin. -->","yoast_head_json":{"title":"Claresa Clear Bonding Base for Gel 5g | Valika","robots":{"index":"index","follow":"follow","max-snippet":"max-snippet:-1","max-image-preview":"max-image-preview:large","max-video-preview":"max-video-preview:-1"},"canonical":"https:\/\/valika.eu\/fi\/toode\/claresa-bonding-base-for-gel-5g\/","og_locale":"fi_FI","og_type":"article","og_title":"Claresa Clear Bonding Base for Gel 5g | Valika","og_description":"Bonding Base for Gel on happovapaa pohjageeli, jolla on poikkeukselliset pohjustusominaisuudet. Sen koostumus parantaa geelin tarttuvuutta ja auttaa pident\u00e4m\u00e4\u00e4n manikyyrin","og_url":"https:\/\/valika.eu\/fi\/toode\/claresa-bonding-base-for-gel-5g\/","og_site_name":"Valika","article_publisher":"https:\/\/www.facebook.com\/tipsi.net","article_modified_time":"2026-03-07T16:27:49+00:00","og_image":[{"width":1500,"height":1500,"url":"https:\/\/valika.eu\/wp-content\/uploads\/2024\/10\/8820.jpg","type":"image\/jpeg"}],"twitter_card":"summary_large_image","schema":{"@context":"https:\/\/schema.org","@graph":[{"@type":"WebPage","@id":"https:\/\/valika.eu\/fi\/toode\/claresa-bonding-base-for-gel-5g\/","url":"https:\/\/valika.eu\/fi\/toode\/claresa-bonding-base-for-gel-5g\/","name":"Claresa Clear Bonding Base for Gel 5g | Valika","isPartOf":{"@id":"https:\/\/valika.eu\/fi\/#website"},"primaryImageOfPage":{"@id":"https:\/\/valika.eu\/fi\/toode\/claresa-bonding-base-for-gel-5g\/#primaryimage"},"image":{"@id":"https:\/\/valika.eu\/toode\/claresa-bonding-base-for-gel-5g\/#primaryimage"},"thumbnailUrl":"https:\/\/valika.eu\/wp-content\/uploads\/2024\/10\/8820.jpg","datePublished":"2024-10-11T21:37:08+00:00","dateModified":"2026-03-07T16:27:49+00:00","breadcrumb":{"@id":"https:\/\/valika.eu\/fi\/toode\/claresa-bonding-base-for-gel-5g\/#breadcrumb"},"inLanguage":"fi","potentialAction":[{"@type":"ReadAction","target":[["https:\/\/valika.eu\/fi\/toode\/claresa-bonding-base-for-gel-5g\/"]]}]},{"@type":"ImageObject","inLanguage":"fi","@id":"https:\/\/valika.eu\/fi\/toode\/claresa-bonding-base-for-gel-5g\/#primaryimage","url":"https:\/\/valika.eu\/wp-content\/uploads\/2024\/10\/8820.jpg","contentUrl":"https:\/\/valika.eu\/wp-content\/uploads\/2024\/10\/8820.jpg","width":1500,"height":1500},{"@type":"BreadcrumbList","@id":"https:\/\/valika.eu\/fi\/toode\/claresa-bonding-base-for-gel-5g\/#breadcrumb","itemListElement":[{"@type":"ListItem","position":1,"name":"Koti","item":"https:\/\/valika.eu\/fi\/"},{"@type":"ListItem","position":2,"name":"Shop","item":"https:\/\/valika.eu\/fi\/"},{"@type":"ListItem","position":3,"name":"Claresa Clear Bonding Base for Gel 5g"}]},{"@type":"WebSite","@id":"https:\/\/valika.eu\/fi\/#website","url":"https:\/\/valika.eu\/fi\/","name":"Valika.eu","description":"Salonkituotteet ja kauneudenhoitotuotteet - Valika tarjoaa laajan valikoiman tuotteita ja tarvikkeita kynsiteknikoille, kauneushoitoloille, kampaamoille ja kampaamoille.","publisher":{"@id":"https:\/\/valika.eu\/fi\/#organization"},"alternateName":"Valika","potentialAction":[{"@type":"SearchAction","target":{"@type":"EntryPoint","urlTemplate":"https:\/\/valika.eu\/fi\/?s={search_term_string}"},"query-input":{"@type":"PropertyValueSpecification","valueRequired":true,"valueName":"search_term_string"}}],"inLanguage":"fi"},{"@type":"Organization","@id":"https:\/\/valika.eu\/fi\/#organization","name":"Salongitoode O\u00dc","alternateName":"Valika","url":"https:\/\/valika.eu\/fi\/","logo":{"@type":"ImageObject","inLanguage":"fi","@id":"https:\/\/valika.eu\/fi\/#\/schema\/logo\/image\/","url":"https:\/\/valika.eu\/wp-content\/uploads\/2023\/11\/logo2-valika-footer.png","contentUrl":"https:\/\/valika.eu\/wp-content\/uploads\/2023\/11\/logo2-valika-footer.png","width":200,"height":129,"caption":"Salongitoode O\u00dc"},"image":{"@id":"https:\/\/valika.eu\/fi\/#\/schema\/logo\/image\/"},"sameAs":["https:\/\/www.facebook.com\/tipsi.net"]}]}},"jetpack_sharing_enabled":true,"_links":{"self":[{"href":"https:\/\/valika.eu\/fi\/wp-json\/wp\/v2\/product\/5568","targetHints":{"allow":["GET"]}}],"collection":[{"href":"https:\/\/valika.eu\/fi\/wp-json\/wp\/v2\/product"}],"about":[{"href":"https:\/\/valika.eu\/fi\/wp-json\/wp\/v2\/types\/product"}],"wp:featuredmedia":[{"embeddable":true,"href":"https:\/\/valika.eu\/fi\/wp-json\/wp\/v2\/media\/5567"}],"wp:attachment":[{"href":"https:\/\/valika.eu\/fi\/wp-json\/wp\/v2\/media?parent=5568"}],"wp:term":[{"taxonomy":"product_brand","embeddable":true,"href":"https:\/\/valika.eu\/fi\/wp-json\/wp\/v2\/product_brand?post=5568"},{"taxonomy":"product_cat","embeddable":true,"href":"https:\/\/valika.eu\/fi\/wp-json\/wp\/v2\/product_cat?post=5568"},{"taxonomy":"product_tag","embeddable":true,"href":"https:\/\/valika.eu\/fi\/wp-json\/wp\/v2\/product_tag?post=5568"}],"curies":[{"name":"wp","href":"https:\/\/api.w.org\/{rel}","templated":true}]}}