{"id":5751,"date":"2024-10-12T00:40:38","date_gmt":"2024-10-11T21:40:38","guid":{"rendered":"https:\/\/valika.eu\/toode\/claresa-base-gel-rubber-11-5g\/"},"modified":"2026-01-14T15:52:30","modified_gmt":"2026-01-14T13:52:30","slug":"claresa-base-gel-rubber-11-5g","status":"publish","type":"product","link":"https:\/\/valika.eu\/fi\/toode\/claresa-base-gel-rubber-11-5g\/","title":{"rendered":"Claresa Base gel RUBBER 11 -5g"},"content":{"rendered":"<p><\/p>\n<p><strong>Claresa Rubber Base 11<\/strong><\/p>\n<p>Rubber Base 11 on l\u00e4pin\u00e4kyv\u00e4 kumialusta, joka toimii erinomaisesti jopa ohuille, kosteille ja ongelmallisille kynsipinnoille. Sen koostumus on eritt\u00e4in joustava ja siin\u00e4 on korkea tarttuvuus, mik\u00e4 tekee siit\u00e4 yhteensopivan geelien ja Poly Gelin kanssa. Alus tasoittaa ja rakentaa kynnen pintaa ilman lis\u00e4pohjusteen tarvetta.<\/p>\n<p><strong>OMINAISUUDET:<\/strong><\/p>\n<ul>\n<li>keskivahva koostumus<\/li>\n<li>korkea tarttuvuus ja joustavuus<\/li>\n<li>v\u00e4ri: l\u00e4pin\u00e4kyv\u00e4<\/li>\n<li>hapan<\/li>\n<li>mahdollistaa kynnen tason tasoittamisen ja rakentamisen<\/li>\n<li>tilavuus: 5 g<\/li>\n<\/ul>\n<p><strong>K\u00c4YTT\u00d6:<\/strong> Levit\u00e4 Rubber Base -kerros valmistellulle kynsipinnalle ja koveta lampussa.<\/p>\n<p><strong>KOVETUSAIKA<\/strong> \u2013 v\u00e4hint\u00e4\u00e4n 60 sekuntia<\/p>\n<p><\/p>","protected":false},"excerpt":{"rendered":"<p>Claresa Rubber Base 11 Rubber Base 11 on l\u00e4pin\u00e4kyv\u00e4 kumialusta, joka toimii erinomaisesti jopa ohuille, kosteille ja ongelmallisille kynsipinnoille. Sen<\/p>\n","protected":false},"featured_media":5750,"template":"","meta":[],"product_brand":[],"product_cat":[362,37],"product_tag":[],"class_list":{"0":"post-5751","1":"product","2":"type-product","3":"status-publish","4":"has-post-thumbnail","6":"product_cat-claresabasegel","7":"product_cat-alusgeelid","9":"first","10":"outofstock","11":"taxable","12":"shipping-taxable","13":"purchasable","14":"product-type-simple"},"yoast_head":"<!-- This site is optimized with the Yoast SEO plugin v24.4 - https:\/\/yoast.com\/wordpress\/plugins\/seo\/ -->\n<title>Claresa Base gel RUBBER 11 -5g | Valika<\/title>\n<meta name=\"robots\" content=\"index, follow, max-snippet:-1, max-image-preview:large, max-video-preview:-1\" \/>\n<link rel=\"canonical\" href=\"https:\/\/valika.eu\/fi\/toode\/claresa-base-gel-rubber-11-5g\/\" \/>\n<meta property=\"og:locale\" content=\"fi_FI\" \/>\n<meta property=\"og:type\" content=\"article\" \/>\n<meta property=\"og:title\" content=\"Claresa Base gel RUBBER 11 -5g | Valika\" \/>\n<meta property=\"og:description\" content=\"Claresa Rubber Base 11 Rubber Base 11 on l\u00e4pin\u00e4kyv\u00e4 kumialusta, joka toimii erinomaisesti jopa ohuille, kosteille ja ongelmallisille kynsipinnoille. Sen\" \/>\n<meta property=\"og:url\" content=\"https:\/\/valika.eu\/fi\/toode\/claresa-base-gel-rubber-11-5g\/\" \/>\n<meta property=\"og:site_name\" content=\"Valika\" \/>\n<meta property=\"article:publisher\" content=\"https:\/\/www.facebook.com\/tipsi.net\" \/>\n<meta property=\"article:modified_time\" content=\"2026-01-14T13:52:30+00:00\" \/>\n<meta property=\"og:image\" content=\"https:\/\/valika.eu\/wp-content\/uploads\/2024\/10\/7849.jpg\" \/>\n\t<meta property=\"og:image:width\" content=\"1500\" \/>\n\t<meta property=\"og:image:height\" content=\"1500\" \/>\n\t<meta property=\"og:image:type\" content=\"image\/jpeg\" \/>\n<meta name=\"twitter:card\" content=\"summary_large_image\" \/>\n<script type=\"application\/ld+json\" class=\"yoast-schema-graph\">{\"@context\":\"https:\/\/schema.org\",\"@graph\":[{\"@type\":\"WebPage\",\"@id\":\"https:\/\/valika.eu\/fi\/toode\/claresa-base-gel-rubber-11-5g\/\",\"url\":\"https:\/\/valika.eu\/fi\/toode\/claresa-base-gel-rubber-11-5g\/\",\"name\":\"Claresa Base gel RUBBER 11 -5g | Valika\",\"isPartOf\":{\"@id\":\"https:\/\/valika.eu\/fi\/#website\"},\"primaryImageOfPage\":{\"@id\":\"https:\/\/valika.eu\/fi\/toode\/claresa-base-gel-rubber-11-5g\/#primaryimage\"},\"image\":{\"@id\":\"https:\/\/valika.eu\/toode\/claresa-base-gel-rubber-11-5g\/#primaryimage\"},\"thumbnailUrl\":\"https:\/\/valika.eu\/wp-content\/uploads\/2024\/10\/7849.jpg\",\"datePublished\":\"2024-10-11T21:40:38+00:00\",\"dateModified\":\"2026-01-14T13:52:30+00:00\",\"breadcrumb\":{\"@id\":\"https:\/\/valika.eu\/fi\/toode\/claresa-base-gel-rubber-11-5g\/#breadcrumb\"},\"inLanguage\":\"fi\",\"potentialAction\":[{\"@type\":\"ReadAction\",\"target\":[[\"https:\/\/valika.eu\/fi\/toode\/claresa-base-gel-rubber-11-5g\/\"]]}]},{\"@type\":\"ImageObject\",\"inLanguage\":\"fi\",\"@id\":\"https:\/\/valika.eu\/fi\/toode\/claresa-base-gel-rubber-11-5g\/#primaryimage\",\"url\":\"https:\/\/valika.eu\/wp-content\/uploads\/2024\/10\/7849.jpg\",\"contentUrl\":\"https:\/\/valika.eu\/wp-content\/uploads\/2024\/10\/7849.jpg\",\"width\":1500,\"height\":1500},{\"@type\":\"BreadcrumbList\",\"@id\":\"https:\/\/valika.eu\/fi\/toode\/claresa-base-gel-rubber-11-5g\/#breadcrumb\",\"itemListElement\":[{\"@type\":\"ListItem\",\"position\":1,\"name\":\"Koti\",\"item\":\"https:\/\/valika.eu\/fi\/\"},{\"@type\":\"ListItem\",\"position\":2,\"name\":\"Shop\",\"item\":\"https:\/\/valika.eu\/fi\/\"},{\"@type\":\"ListItem\",\"position\":3,\"name\":\"Claresa Base gel RUBBER 11 -5g\"}]},{\"@type\":\"WebSite\",\"@id\":\"https:\/\/valika.eu\/fi\/#website\",\"url\":\"https:\/\/valika.eu\/fi\/\",\"name\":\"Valika.eu\",\"description\":\"Salonkituotteet ja kauneudenhoitotuotteet - Valika tarjoaa laajan valikoiman tuotteita ja tarvikkeita kynsiteknikoille, kauneushoitoloille, kampaamoille ja kampaamoille.\",\"publisher\":{\"@id\":\"https:\/\/valika.eu\/fi\/#organization\"},\"alternateName\":\"Valika\",\"potentialAction\":[{\"@type\":\"SearchAction\",\"target\":{\"@type\":\"EntryPoint\",\"urlTemplate\":\"https:\/\/valika.eu\/fi\/?s={search_term_string}\"},\"query-input\":{\"@type\":\"PropertyValueSpecification\",\"valueRequired\":true,\"valueName\":\"search_term_string\"}}],\"inLanguage\":\"fi\"},{\"@type\":\"Organization\",\"@id\":\"https:\/\/valika.eu\/fi\/#organization\",\"name\":\"Salongitoode O\u00dc\",\"alternateName\":\"Valika\",\"url\":\"https:\/\/valika.eu\/fi\/\",\"logo\":{\"@type\":\"ImageObject\",\"inLanguage\":\"fi\",\"@id\":\"https:\/\/valika.eu\/fi\/#\/schema\/logo\/image\/\",\"url\":\"https:\/\/valika.eu\/wp-content\/uploads\/2023\/11\/logo2-valika-footer.png\",\"contentUrl\":\"https:\/\/valika.eu\/wp-content\/uploads\/2023\/11\/logo2-valika-footer.png\",\"width\":200,\"height\":129,\"caption\":\"Salongitoode O\u00dc\"},\"image\":{\"@id\":\"https:\/\/valika.eu\/fi\/#\/schema\/logo\/image\/\"},\"sameAs\":[\"https:\/\/www.facebook.com\/tipsi.net\"]}]}<\/script>\n<!-- \/ Yoast SEO plugin. -->","yoast_head_json":{"title":"Claresa Base gel RUBBER 11 -5g | Valika","robots":{"index":"index","follow":"follow","max-snippet":"max-snippet:-1","max-image-preview":"max-image-preview:large","max-video-preview":"max-video-preview:-1"},"canonical":"https:\/\/valika.eu\/fi\/toode\/claresa-base-gel-rubber-11-5g\/","og_locale":"fi_FI","og_type":"article","og_title":"Claresa Base gel RUBBER 11 -5g | Valika","og_description":"Claresa Rubber Base 11 Rubber Base 11 on l\u00e4pin\u00e4kyv\u00e4 kumialusta, joka toimii erinomaisesti jopa ohuille, kosteille ja ongelmallisille kynsipinnoille. Sen","og_url":"https:\/\/valika.eu\/fi\/toode\/claresa-base-gel-rubber-11-5g\/","og_site_name":"Valika","article_publisher":"https:\/\/www.facebook.com\/tipsi.net","article_modified_time":"2026-01-14T13:52:30+00:00","og_image":[{"width":1500,"height":1500,"url":"https:\/\/valika.eu\/wp-content\/uploads\/2024\/10\/7849.jpg","type":"image\/jpeg"}],"twitter_card":"summary_large_image","schema":{"@context":"https:\/\/schema.org","@graph":[{"@type":"WebPage","@id":"https:\/\/valika.eu\/fi\/toode\/claresa-base-gel-rubber-11-5g\/","url":"https:\/\/valika.eu\/fi\/toode\/claresa-base-gel-rubber-11-5g\/","name":"Claresa Base gel RUBBER 11 -5g | Valika","isPartOf":{"@id":"https:\/\/valika.eu\/fi\/#website"},"primaryImageOfPage":{"@id":"https:\/\/valika.eu\/fi\/toode\/claresa-base-gel-rubber-11-5g\/#primaryimage"},"image":{"@id":"https:\/\/valika.eu\/toode\/claresa-base-gel-rubber-11-5g\/#primaryimage"},"thumbnailUrl":"https:\/\/valika.eu\/wp-content\/uploads\/2024\/10\/7849.jpg","datePublished":"2024-10-11T21:40:38+00:00","dateModified":"2026-01-14T13:52:30+00:00","breadcrumb":{"@id":"https:\/\/valika.eu\/fi\/toode\/claresa-base-gel-rubber-11-5g\/#breadcrumb"},"inLanguage":"fi","potentialAction":[{"@type":"ReadAction","target":[["https:\/\/valika.eu\/fi\/toode\/claresa-base-gel-rubber-11-5g\/"]]}]},{"@type":"ImageObject","inLanguage":"fi","@id":"https:\/\/valika.eu\/fi\/toode\/claresa-base-gel-rubber-11-5g\/#primaryimage","url":"https:\/\/valika.eu\/wp-content\/uploads\/2024\/10\/7849.jpg","contentUrl":"https:\/\/valika.eu\/wp-content\/uploads\/2024\/10\/7849.jpg","width":1500,"height":1500},{"@type":"BreadcrumbList","@id":"https:\/\/valika.eu\/fi\/toode\/claresa-base-gel-rubber-11-5g\/#breadcrumb","itemListElement":[{"@type":"ListItem","position":1,"name":"Koti","item":"https:\/\/valika.eu\/fi\/"},{"@type":"ListItem","position":2,"name":"Shop","item":"https:\/\/valika.eu\/fi\/"},{"@type":"ListItem","position":3,"name":"Claresa Base gel RUBBER 11 -5g"}]},{"@type":"WebSite","@id":"https:\/\/valika.eu\/fi\/#website","url":"https:\/\/valika.eu\/fi\/","name":"Valika.eu","description":"Salonkituotteet ja kauneudenhoitotuotteet - Valika tarjoaa laajan valikoiman tuotteita ja tarvikkeita kynsiteknikoille, kauneushoitoloille, kampaamoille ja kampaamoille.","publisher":{"@id":"https:\/\/valika.eu\/fi\/#organization"},"alternateName":"Valika","potentialAction":[{"@type":"SearchAction","target":{"@type":"EntryPoint","urlTemplate":"https:\/\/valika.eu\/fi\/?s={search_term_string}"},"query-input":{"@type":"PropertyValueSpecification","valueRequired":true,"valueName":"search_term_string"}}],"inLanguage":"fi"},{"@type":"Organization","@id":"https:\/\/valika.eu\/fi\/#organization","name":"Salongitoode O\u00dc","alternateName":"Valika","url":"https:\/\/valika.eu\/fi\/","logo":{"@type":"ImageObject","inLanguage":"fi","@id":"https:\/\/valika.eu\/fi\/#\/schema\/logo\/image\/","url":"https:\/\/valika.eu\/wp-content\/uploads\/2023\/11\/logo2-valika-footer.png","contentUrl":"https:\/\/valika.eu\/wp-content\/uploads\/2023\/11\/logo2-valika-footer.png","width":200,"height":129,"caption":"Salongitoode O\u00dc"},"image":{"@id":"https:\/\/valika.eu\/fi\/#\/schema\/logo\/image\/"},"sameAs":["https:\/\/www.facebook.com\/tipsi.net"]}]}},"jetpack_sharing_enabled":true,"_links":{"self":[{"href":"https:\/\/valika.eu\/fi\/wp-json\/wp\/v2\/product\/5751","targetHints":{"allow":["GET"]}}],"collection":[{"href":"https:\/\/valika.eu\/fi\/wp-json\/wp\/v2\/product"}],"about":[{"href":"https:\/\/valika.eu\/fi\/wp-json\/wp\/v2\/types\/product"}],"wp:featuredmedia":[{"embeddable":true,"href":"https:\/\/valika.eu\/fi\/wp-json\/wp\/v2\/media\/5750"}],"wp:attachment":[{"href":"https:\/\/valika.eu\/fi\/wp-json\/wp\/v2\/media?parent=5751"}],"wp:term":[{"taxonomy":"product_brand","embeddable":true,"href":"https:\/\/valika.eu\/fi\/wp-json\/wp\/v2\/product_brand?post=5751"},{"taxonomy":"product_cat","embeddable":true,"href":"https:\/\/valika.eu\/fi\/wp-json\/wp\/v2\/product_cat?post=5751"},{"taxonomy":"product_tag","embeddable":true,"href":"https:\/\/valika.eu\/fi\/wp-json\/wp\/v2\/product_tag?post=5751"}],"curies":[{"name":"wp","href":"https:\/\/api.w.org\/{rel}","templated":true}]}}