{"id":6024,"date":"2024-10-12T22:49:27","date_gmt":"2024-10-12T19:49:27","guid":{"rendered":"https:\/\/valika.eu\/toode\/palu-pro-master-bottle-gel-clear-11g\/"},"modified":"2026-03-07T18:05:17","modified_gmt":"2026-03-07T16:05:17","slug":"palu-pro-master-bottle-gel-clear-11g","status":"publish","type":"product","link":"https:\/\/valika.eu\/fi\/toode\/palu-pro-master-bottle-gel-clear-11g\/","title":{"rendered":"PALU   PRO MASTER BOTTLE GEL &#8211; CLEAR 11g"},"content":{"rendered":"<p><\/p>\n<p>Etsitk\u00f6 tuotetta, joka tehostaisi ja nopeuttaisi p\u00e4ivitt\u00e4ist\u00e4 ty\u00f6t\u00e4si? Etsitk\u00f6 netist\u00e4 jotain, joka tekee enemm\u00e4n yhdell\u00e4 kerralla? Pro Master Bottle Gel on tuote, joka ehdottomasti helpottaa ty\u00f6t\u00e4si!<\/p>\n<p>Pro Master Bottle Gel on happovapaa geeli pullossa harjan kanssa, suunniteltu parantamaan mukavuutta ja ty\u00f6n tehokkuutta kaikentasoisille kynsiteknikoille. Keskiviskoosinen ja itse tasoittuva koostumus mahdollistavat nopeamman ty\u00f6skentelyn ja &#8220;geeli ilman viilausta&#8221; -tekniikan. Pro Master Bottle Gel on keskikovaa, joten se toimii luonnollisen kynsilevyn kanssa ilman aluskerrosta. Geelin sopiva viskositeetti tekee siit\u00e4 helposti levitett\u00e4v\u00e4n. Kovettumisen j\u00e4lkeen geeliin j\u00e4\u00e4 tahmea inhibiokerros. Geeliss\u00e4 on adheesiota parantavia aineita ja adheesion tehostajaa, jotka parantavat tarttuvuutta luonnolliseen kynteen sek\u00e4 rakenneaineita.<\/p>\n<p>Erityisesti suositeltu nopeisiin t\u00e4ydennyksiin ja korjauksiin. Sopii my\u00f6s lyhyisiin jatkoihin (enint\u00e4\u00e4n 3 mm) ja luonnollisen kynnen vahvistamiseen. Geeli on kest\u00e4v\u00e4\u00e4, mik\u00e4 est\u00e4\u00e4 tyylien murtumisen ja halkeamisen.<\/p>\n<p>Saatavilla 6 v\u00e4riss\u00e4 (l\u00e4pin\u00e4kyv\u00e4 ja 5 peitt\u00e4v\u00e4\u00e4 s\u00e4vy\u00e4), mik\u00e4 tekee siit\u00e4 sopivan sek\u00e4 yksin\u00e4\u00e4n k\u00e4ytett\u00e4v\u00e4ksi ett\u00e4 koristeluihin, kuten ranskalaisiin manikyyreihin ja baby boomer -tyyliin. Antaa luonnollisen n\u00e4k\u00f6isen, vahvistetun kynnen vaikutelman.<\/p>\n<p>CLEAR \u2013 l\u00e4pin\u00e4kyv\u00e4 SOFT WHITE \u2013 pehme\u00e4 maitomainen valkoinen, peitt\u00e4vyys 60% BRIGHT WHITE \u2013 maitomainen valkoinen kimaltavalla partikkelilla, peitt\u00e4vyys 60% CLASSIC COVER \u2013 klassinen, suosituin peitt\u00e4v\u00e4 geelis\u00e4vy, peitt\u00e4vyys 60% JUST PINK \u2013 herkk\u00e4 vaaleanpunainen s\u00e4vy, peitt\u00e4vyys 60% GOLDEN PINK \u2013 hohtava, vaalea vaaleanpunainen kultahiukkasilla, peitt\u00e4vyys 60%<\/p>\n<p>T\u00e4rkeimm\u00e4t ominaisuudet:<\/p>\n<p>itse tasoittuva<br \/>\nkeskiviskoosinen<br \/>\nkorkea tarttuvuus<br \/>\nkeskikova kovettumisen j\u00e4lkeen<br \/>\npeitt\u00e4vyys 60%<br \/>\nyksivaiheinen \u2013 ei tarvitse alustaa<br \/>\nnopeuttaa ja helpottaa ty\u00f6t\u00e4<br \/>\nhelppo levitt\u00e4\u00e4 pullon harjalla<br \/>\nk\u00e4ytt\u00f6: t\u00e4ydennykset, kynsien pident\u00e4minen, luonnollisten kynsien vahvistaminen, vahingoittuneiden kynsien korjaus<br \/>\nkovettuminen: 60 sek. UV-LED-lamppu<br \/>\ntilavuus: 11 g<br \/>\nK\u00e4ytt\u00f6ohje:<\/p>\n<p>Levit\u00e4 happovapaa primer valmistellulle ja mattapintaiselle kynsilevylle ja odota noin 20\u201330 sekuntia. Levit\u00e4 sitten ohut kerros Pro Master Bottle Gel -geeli\u00e4 ja hetken kuluttua lis\u00e4\u00e4 pieni geelitippa kynnen keskelle ja levit\u00e4 se kynnen pinnalle. Voit tarvittaessa k\u00e4ytt\u00e4\u00e4 ohutta sivellint\u00e4. Koveta UV LED -lampussa v\u00e4hint\u00e4\u00e4n 60 sekuntia. Pyyhi tarvittaessa cleanerilla ja viilaa kynsilevy.\n<\/p>\n<\/p>\n<div class=\"video-container\"><\/div>\n<div class=\"video- container\"><\/div>\n<\/p>\n<p><\/p>","protected":false},"excerpt":{"rendered":"<p>Etsitk\u00f6 tuotetta, joka tehostaisi ja nopeuttaisi p\u00e4ivitt\u00e4ist\u00e4 ty\u00f6t\u00e4si? Etsitk\u00f6 netist\u00e4 jotain, joka tekee enemm\u00e4n yhdell\u00e4 kerralla? Pro Master Bottle Gel<\/p>\n","protected":false},"featured_media":6208,"template":"","meta":[],"product_brand":[],"product_cat":[567,37],"product_tag":[],"class_list":{"0":"post-6024","1":"product","2":"type-product","3":"status-publish","4":"has-post-thumbnail","6":"product_cat-palutopbase","7":"product_cat-alusgeelid","9":"first","10":"instock","11":"taxable","12":"shipping-taxable","13":"purchasable","14":"product-type-simple"},"yoast_head":"<!-- This site is optimized with the Yoast SEO plugin v24.4 - https:\/\/yoast.com\/wordpress\/plugins\/seo\/ -->\n<title>PALU  PRO MASTER BOTTLE GEL - CLEAR 11g | Valika<\/title>\n<meta name=\"robots\" content=\"index, follow, max-snippet:-1, max-image-preview:large, max-video-preview:-1\" \/>\n<link rel=\"canonical\" href=\"https:\/\/valika.eu\/fi\/toode\/palu-pro-master-bottle-gel-clear-11g\/\" \/>\n<meta property=\"og:locale\" content=\"fi_FI\" \/>\n<meta property=\"og:type\" content=\"article\" \/>\n<meta property=\"og:title\" content=\"PALU  PRO MASTER BOTTLE GEL - CLEAR 11g | Valika\" \/>\n<meta property=\"og:description\" content=\"Etsitk\u00f6 tuotetta, joka tehostaisi ja nopeuttaisi p\u00e4ivitt\u00e4ist\u00e4 ty\u00f6t\u00e4si? Etsitk\u00f6 netist\u00e4 jotain, joka tekee enemm\u00e4n yhdell\u00e4 kerralla? Pro Master Bottle Gel\" \/>\n<meta property=\"og:url\" content=\"https:\/\/valika.eu\/fi\/toode\/palu-pro-master-bottle-gel-clear-11g\/\" \/>\n<meta property=\"og:site_name\" content=\"Valika\" \/>\n<meta property=\"article:publisher\" content=\"https:\/\/www.facebook.com\/tipsi.net\" \/>\n<meta property=\"article:modified_time\" content=\"2026-03-07T16:05:17+00:00\" \/>\n<meta property=\"og:image\" content=\"https:\/\/valika.eu\/wp-content\/uploads\/2024\/10\/Zel-w-butelce-clear-1.webp\" \/>\n\t<meta property=\"og:image:width\" content=\"1080\" \/>\n\t<meta property=\"og:image:height\" content=\"1080\" \/>\n\t<meta property=\"og:image:type\" content=\"image\/webp\" \/>\n<meta name=\"twitter:card\" content=\"summary_large_image\" \/>\n<script type=\"application\/ld+json\" class=\"yoast-schema-graph\">{\"@context\":\"https:\/\/schema.org\",\"@graph\":[{\"@type\":\"WebPage\",\"@id\":\"https:\/\/valika.eu\/fi\/toode\/palu-pro-master-bottle-gel-clear-11g\/\",\"url\":\"https:\/\/valika.eu\/fi\/toode\/palu-pro-master-bottle-gel-clear-11g\/\",\"name\":\"PALU PRO MASTER BOTTLE GEL - CLEAR 11g | Valika\",\"isPartOf\":{\"@id\":\"https:\/\/valika.eu\/fi\/#website\"},\"primaryImageOfPage\":{\"@id\":\"https:\/\/valika.eu\/fi\/toode\/palu-pro-master-bottle-gel-clear-11g\/#primaryimage\"},\"image\":{\"@id\":\"https:\/\/valika.eu\/toode\/palu-pro-master-bottle-gel-clear-11g\/#primaryimage\"},\"thumbnailUrl\":\"https:\/\/valika.eu\/wp-content\/uploads\/2024\/10\/Zel-w-butelce-clear-1.webp\",\"datePublished\":\"2024-10-12T19:49:27+00:00\",\"dateModified\":\"2026-03-07T16:05:17+00:00\",\"breadcrumb\":{\"@id\":\"https:\/\/valika.eu\/fi\/toode\/palu-pro-master-bottle-gel-clear-11g\/#breadcrumb\"},\"inLanguage\":\"fi\",\"potentialAction\":[{\"@type\":\"ReadAction\",\"target\":[[\"https:\/\/valika.eu\/fi\/toode\/palu-pro-master-bottle-gel-clear-11g\/\"]]}]},{\"@type\":\"ImageObject\",\"inLanguage\":\"fi\",\"@id\":\"https:\/\/valika.eu\/fi\/toode\/palu-pro-master-bottle-gel-clear-11g\/#primaryimage\",\"url\":\"https:\/\/valika.eu\/wp-content\/uploads\/2024\/10\/Zel-w-butelce-clear-1.webp\",\"contentUrl\":\"https:\/\/valika.eu\/wp-content\/uploads\/2024\/10\/Zel-w-butelce-clear-1.webp\",\"width\":1080,\"height\":1080},{\"@type\":\"BreadcrumbList\",\"@id\":\"https:\/\/valika.eu\/fi\/toode\/palu-pro-master-bottle-gel-clear-11g\/#breadcrumb\",\"itemListElement\":[{\"@type\":\"ListItem\",\"position\":1,\"name\":\"Koti\",\"item\":\"https:\/\/valika.eu\/fi\/\"},{\"@type\":\"ListItem\",\"position\":2,\"name\":\"Shop\",\"item\":\"https:\/\/valika.eu\/fi\/\"},{\"@type\":\"ListItem\",\"position\":3,\"name\":\"PALU PRO MASTER BOTTLE GEL &#8211; CLEAR 11g\"}]},{\"@type\":\"WebSite\",\"@id\":\"https:\/\/valika.eu\/fi\/#website\",\"url\":\"https:\/\/valika.eu\/fi\/\",\"name\":\"Valika.eu\",\"description\":\"Salonkituotteet ja kauneudenhoitotuotteet - Valika tarjoaa laajan valikoiman tuotteita ja tarvikkeita kynsiteknikoille, kauneushoitoloille, kampaamoille ja kampaamoille.\",\"publisher\":{\"@id\":\"https:\/\/valika.eu\/fi\/#organization\"},\"alternateName\":\"Valika\",\"potentialAction\":[{\"@type\":\"SearchAction\",\"target\":{\"@type\":\"EntryPoint\",\"urlTemplate\":\"https:\/\/valika.eu\/fi\/?s={search_term_string}\"},\"query-input\":{\"@type\":\"PropertyValueSpecification\",\"valueRequired\":true,\"valueName\":\"search_term_string\"}}],\"inLanguage\":\"fi\"},{\"@type\":\"Organization\",\"@id\":\"https:\/\/valika.eu\/fi\/#organization\",\"name\":\"Salongitoode O\u00dc\",\"alternateName\":\"Valika\",\"url\":\"https:\/\/valika.eu\/fi\/\",\"logo\":{\"@type\":\"ImageObject\",\"inLanguage\":\"fi\",\"@id\":\"https:\/\/valika.eu\/fi\/#\/schema\/logo\/image\/\",\"url\":\"https:\/\/valika.eu\/wp-content\/uploads\/2023\/11\/logo2-valika-footer.png\",\"contentUrl\":\"https:\/\/valika.eu\/wp-content\/uploads\/2023\/11\/logo2-valika-footer.png\",\"width\":200,\"height\":129,\"caption\":\"Salongitoode O\u00dc\"},\"image\":{\"@id\":\"https:\/\/valika.eu\/fi\/#\/schema\/logo\/image\/\"},\"sameAs\":[\"https:\/\/www.facebook.com\/tipsi.net\"]}]}<\/script>\n<!-- \/ Yoast SEO plugin. -->","yoast_head_json":{"title":"PALU  PRO MASTER BOTTLE GEL - CLEAR 11g | Valika","robots":{"index":"index","follow":"follow","max-snippet":"max-snippet:-1","max-image-preview":"max-image-preview:large","max-video-preview":"max-video-preview:-1"},"canonical":"https:\/\/valika.eu\/fi\/toode\/palu-pro-master-bottle-gel-clear-11g\/","og_locale":"fi_FI","og_type":"article","og_title":"PALU  PRO MASTER BOTTLE GEL - CLEAR 11g | Valika","og_description":"Etsitk\u00f6 tuotetta, joka tehostaisi ja nopeuttaisi p\u00e4ivitt\u00e4ist\u00e4 ty\u00f6t\u00e4si? Etsitk\u00f6 netist\u00e4 jotain, joka tekee enemm\u00e4n yhdell\u00e4 kerralla? Pro Master Bottle Gel","og_url":"https:\/\/valika.eu\/fi\/toode\/palu-pro-master-bottle-gel-clear-11g\/","og_site_name":"Valika","article_publisher":"https:\/\/www.facebook.com\/tipsi.net","article_modified_time":"2026-03-07T16:05:17+00:00","og_image":[{"width":1080,"height":1080,"url":"https:\/\/valika.eu\/wp-content\/uploads\/2024\/10\/Zel-w-butelce-clear-1.webp","type":"image\/webp"}],"twitter_card":"summary_large_image","schema":{"@context":"https:\/\/schema.org","@graph":[{"@type":"WebPage","@id":"https:\/\/valika.eu\/fi\/toode\/palu-pro-master-bottle-gel-clear-11g\/","url":"https:\/\/valika.eu\/fi\/toode\/palu-pro-master-bottle-gel-clear-11g\/","name":"PALU PRO MASTER BOTTLE GEL - CLEAR 11g | Valika","isPartOf":{"@id":"https:\/\/valika.eu\/fi\/#website"},"primaryImageOfPage":{"@id":"https:\/\/valika.eu\/fi\/toode\/palu-pro-master-bottle-gel-clear-11g\/#primaryimage"},"image":{"@id":"https:\/\/valika.eu\/toode\/palu-pro-master-bottle-gel-clear-11g\/#primaryimage"},"thumbnailUrl":"https:\/\/valika.eu\/wp-content\/uploads\/2024\/10\/Zel-w-butelce-clear-1.webp","datePublished":"2024-10-12T19:49:27+00:00","dateModified":"2026-03-07T16:05:17+00:00","breadcrumb":{"@id":"https:\/\/valika.eu\/fi\/toode\/palu-pro-master-bottle-gel-clear-11g\/#breadcrumb"},"inLanguage":"fi","potentialAction":[{"@type":"ReadAction","target":[["https:\/\/valika.eu\/fi\/toode\/palu-pro-master-bottle-gel-clear-11g\/"]]}]},{"@type":"ImageObject","inLanguage":"fi","@id":"https:\/\/valika.eu\/fi\/toode\/palu-pro-master-bottle-gel-clear-11g\/#primaryimage","url":"https:\/\/valika.eu\/wp-content\/uploads\/2024\/10\/Zel-w-butelce-clear-1.webp","contentUrl":"https:\/\/valika.eu\/wp-content\/uploads\/2024\/10\/Zel-w-butelce-clear-1.webp","width":1080,"height":1080},{"@type":"BreadcrumbList","@id":"https:\/\/valika.eu\/fi\/toode\/palu-pro-master-bottle-gel-clear-11g\/#breadcrumb","itemListElement":[{"@type":"ListItem","position":1,"name":"Koti","item":"https:\/\/valika.eu\/fi\/"},{"@type":"ListItem","position":2,"name":"Shop","item":"https:\/\/valika.eu\/fi\/"},{"@type":"ListItem","position":3,"name":"PALU PRO MASTER BOTTLE GEL &#8211; CLEAR 11g"}]},{"@type":"WebSite","@id":"https:\/\/valika.eu\/fi\/#website","url":"https:\/\/valika.eu\/fi\/","name":"Valika.eu","description":"Salonkituotteet ja kauneudenhoitotuotteet - Valika tarjoaa laajan valikoiman tuotteita ja tarvikkeita kynsiteknikoille, kauneushoitoloille, kampaamoille ja kampaamoille.","publisher":{"@id":"https:\/\/valika.eu\/fi\/#organization"},"alternateName":"Valika","potentialAction":[{"@type":"SearchAction","target":{"@type":"EntryPoint","urlTemplate":"https:\/\/valika.eu\/fi\/?s={search_term_string}"},"query-input":{"@type":"PropertyValueSpecification","valueRequired":true,"valueName":"search_term_string"}}],"inLanguage":"fi"},{"@type":"Organization","@id":"https:\/\/valika.eu\/fi\/#organization","name":"Salongitoode O\u00dc","alternateName":"Valika","url":"https:\/\/valika.eu\/fi\/","logo":{"@type":"ImageObject","inLanguage":"fi","@id":"https:\/\/valika.eu\/fi\/#\/schema\/logo\/image\/","url":"https:\/\/valika.eu\/wp-content\/uploads\/2023\/11\/logo2-valika-footer.png","contentUrl":"https:\/\/valika.eu\/wp-content\/uploads\/2023\/11\/logo2-valika-footer.png","width":200,"height":129,"caption":"Salongitoode O\u00dc"},"image":{"@id":"https:\/\/valika.eu\/fi\/#\/schema\/logo\/image\/"},"sameAs":["https:\/\/www.facebook.com\/tipsi.net"]}]}},"jetpack_sharing_enabled":true,"_links":{"self":[{"href":"https:\/\/valika.eu\/fi\/wp-json\/wp\/v2\/product\/6024","targetHints":{"allow":["GET"]}}],"collection":[{"href":"https:\/\/valika.eu\/fi\/wp-json\/wp\/v2\/product"}],"about":[{"href":"https:\/\/valika.eu\/fi\/wp-json\/wp\/v2\/types\/product"}],"wp:featuredmedia":[{"embeddable":true,"href":"https:\/\/valika.eu\/fi\/wp-json\/wp\/v2\/media\/6208"}],"wp:attachment":[{"href":"https:\/\/valika.eu\/fi\/wp-json\/wp\/v2\/media?parent=6024"}],"wp:term":[{"taxonomy":"product_brand","embeddable":true,"href":"https:\/\/valika.eu\/fi\/wp-json\/wp\/v2\/product_brand?post=6024"},{"taxonomy":"product_cat","embeddable":true,"href":"https:\/\/valika.eu\/fi\/wp-json\/wp\/v2\/product_cat?post=6024"},{"taxonomy":"product_tag","embeddable":true,"href":"https:\/\/valika.eu\/fi\/wp-json\/wp\/v2\/product_tag?post=6024"}],"curies":[{"name":"wp","href":"https:\/\/api.w.org\/{rel}","templated":true}]}}