{"id":6041,"date":"2024-10-12T22:49:46","date_gmt":"2024-10-12T19:49:46","guid":{"rendered":"https:\/\/valika.eu\/toode\/palu-base-gel-maxi-11g\/"},"modified":"2026-04-02T11:20:36","modified_gmt":"2026-04-02T08:20:36","slug":"palu-base-gel-maxi-11g","status":"publish","type":"product","link":"https:\/\/valika.eu\/fi\/toode\/palu-base-gel-maxi-11g\/","title":{"rendered":"PALU Base Gel Maxi\/ 11g"},"content":{"rendered":"<p><\/p>\n<p>Palu Maxi Base on paksu pohja, joka on tarkoitettu kovalle kynsilevylle, joka tarvitsee tasoitusta tai rakennetta. Koostumus takaa korkean tarttuvuuden ja mahdollistaa kynnen pidennyksen. Ongelmien kynsilevyn kohdalla voi k\u00e4ytt\u00e4\u00e4 happovapaata primeria.<\/p>\n<p>paksu koostumus<br \/>\nkorkea tarttuvuus<br \/>\nv\u00e4ri: l\u00e4pin\u00e4kyv\u00e4<br \/>\nhappovapaa<br \/>\nmahdollistaa levyn tasoituksen, rakentamisen ja pidennyksen<br \/>\nturvallinen k\u00e4sille ja kynsille<br \/>\ntarkoitettu ammattilaisk\u00e4ytt\u00f6\u00f6n<br \/>\ntilavuus: 11 g<br \/>\nK\u00c4YTT\u00d6OHJE:<\/p>\n<p>Levyjen tasoittaminen:<\/p>\n<p>Levit\u00e4 ohut kerros alustaa valmistellulle levylle ja lis\u00e4\u00e4 hetken kuluttua pieni tippa antaen sen tasaantua. Voit tarvittaessa k\u00e4ytt\u00e4\u00e4 ohutta sivellint\u00e4. M\u00e4\u00e4rit\u00e4 apex. Koveta lampussa ja levit\u00e4 sen j\u00e4lkeen kynsilakka.<\/p>\n<p>Levyjen pidennys:<\/p>\n<p>Aseta sabluuna valmistellun kynnen alle. Levit\u00e4 Maxi Base kynteen ja sabluunaan, koveta lampussa. Poista sabluuna, levit\u00e4 ohut kerros alustaa ja lis\u00e4\u00e4 tuote apexin alueelle, levit\u00e4 ohutta sivellint\u00e4 k\u00e4ytt\u00e4en. Koveta lampussa. Pyyhi tarvittaessa cleanerilla ja viilaa levy.<\/p>\n<p>KOVETUSAIKA:<\/p>\n<p>UV\/LED-lamppu \u2013 v\u00e4hint\u00e4\u00e4n 60 sekuntia, laitteen tehosta riippuen.<\/p>\n<p><\/p>","protected":false},"excerpt":{"rendered":"<p>Palu Maxi Base on paksu pohja, joka on tarkoitettu kovalle kynsilevylle, joka tarvitsee tasoitusta tai rakennetta. Koostumus takaa korkean tarttuvuuden<\/p>\n","protected":false},"featured_media":6040,"template":"","meta":[],"product_brand":[],"product_cat":[567,37],"product_tag":[],"class_list":{"0":"post-6041","1":"product","2":"type-product","3":"status-publish","4":"has-post-thumbnail","6":"product_cat-palutopbase","7":"product_cat-alusgeelid","9":"first","10":"instock","11":"taxable","12":"shipping-taxable","13":"purchasable","14":"product-type-simple"},"yoast_head":"<!-- This site is optimized with the Yoast SEO plugin v24.4 - https:\/\/yoast.com\/wordpress\/plugins\/seo\/ -->\n<title>PALU Base Gel Maxi\/ 11g | Valika<\/title>\n<meta name=\"robots\" content=\"index, follow, max-snippet:-1, max-image-preview:large, max-video-preview:-1\" \/>\n<link rel=\"canonical\" href=\"https:\/\/valika.eu\/fi\/toode\/palu-base-gel-maxi-11g\/\" \/>\n<meta property=\"og:locale\" content=\"fi_FI\" \/>\n<meta property=\"og:type\" content=\"article\" \/>\n<meta property=\"og:title\" content=\"PALU Base Gel Maxi\/ 11g | Valika\" \/>\n<meta property=\"og:description\" content=\"Palu Maxi Base on paksu pohja, joka on tarkoitettu kovalle kynsilevylle, joka tarvitsee tasoitusta tai rakennetta. Koostumus takaa korkean tarttuvuuden\" \/>\n<meta property=\"og:url\" content=\"https:\/\/valika.eu\/fi\/toode\/palu-base-gel-maxi-11g\/\" \/>\n<meta property=\"og:site_name\" content=\"Valika\" \/>\n<meta property=\"article:publisher\" content=\"https:\/\/www.facebook.com\/tipsi.net\" \/>\n<meta property=\"article:modified_time\" content=\"2026-04-02T08:20:36+00:00\" \/>\n<meta property=\"og:image\" content=\"https:\/\/valika.eu\/wp-content\/uploads\/2024\/10\/126.jpg\" \/>\n\t<meta property=\"og:image:width\" content=\"1843\" \/>\n\t<meta property=\"og:image:height\" content=\"2047\" \/>\n\t<meta property=\"og:image:type\" content=\"image\/jpeg\" \/>\n<meta name=\"twitter:card\" content=\"summary_large_image\" \/>\n<script type=\"application\/ld+json\" class=\"yoast-schema-graph\">{\"@context\":\"https:\/\/schema.org\",\"@graph\":[{\"@type\":\"WebPage\",\"@id\":\"https:\/\/valika.eu\/fi\/toode\/palu-base-gel-maxi-11g\/\",\"url\":\"https:\/\/valika.eu\/fi\/toode\/palu-base-gel-maxi-11g\/\",\"name\":\"PALU Base Gel Maxi\/ 11g | Valika\",\"isPartOf\":{\"@id\":\"https:\/\/valika.eu\/fi\/#website\"},\"primaryImageOfPage\":{\"@id\":\"https:\/\/valika.eu\/fi\/toode\/palu-base-gel-maxi-11g\/#primaryimage\"},\"image\":{\"@id\":\"https:\/\/valika.eu\/toode\/palu-base-gel-maxi-11g\/#primaryimage\"},\"thumbnailUrl\":\"https:\/\/valika.eu\/wp-content\/uploads\/2024\/10\/126.jpg\",\"datePublished\":\"2024-10-12T19:49:46+00:00\",\"dateModified\":\"2026-04-02T08:20:36+00:00\",\"breadcrumb\":{\"@id\":\"https:\/\/valika.eu\/fi\/toode\/palu-base-gel-maxi-11g\/#breadcrumb\"},\"inLanguage\":\"fi\",\"potentialAction\":[{\"@type\":\"ReadAction\",\"target\":[[\"https:\/\/valika.eu\/fi\/toode\/palu-base-gel-maxi-11g\/\"]]}]},{\"@type\":\"ImageObject\",\"inLanguage\":\"fi\",\"@id\":\"https:\/\/valika.eu\/fi\/toode\/palu-base-gel-maxi-11g\/#primaryimage\",\"url\":\"https:\/\/valika.eu\/wp-content\/uploads\/2024\/10\/126.jpg\",\"contentUrl\":\"https:\/\/valika.eu\/wp-content\/uploads\/2024\/10\/126.jpg\",\"width\":1843,\"height\":2047},{\"@type\":\"BreadcrumbList\",\"@id\":\"https:\/\/valika.eu\/fi\/toode\/palu-base-gel-maxi-11g\/#breadcrumb\",\"itemListElement\":[{\"@type\":\"ListItem\",\"position\":1,\"name\":\"Koti\",\"item\":\"https:\/\/valika.eu\/fi\/\"},{\"@type\":\"ListItem\",\"position\":2,\"name\":\"Shop\",\"item\":\"https:\/\/valika.eu\/fi\/\"},{\"@type\":\"ListItem\",\"position\":3,\"name\":\"PALU Base Gel Maxi\/ 11g\"}]},{\"@type\":\"WebSite\",\"@id\":\"https:\/\/valika.eu\/fi\/#website\",\"url\":\"https:\/\/valika.eu\/fi\/\",\"name\":\"Valika.eu\",\"description\":\"Salonkituotteet ja kauneudenhoitotuotteet - Valika tarjoaa laajan valikoiman tuotteita ja tarvikkeita kynsiteknikoille, kauneushoitoloille, kampaamoille ja kampaamoille.\",\"publisher\":{\"@id\":\"https:\/\/valika.eu\/fi\/#organization\"},\"alternateName\":\"Valika\",\"potentialAction\":[{\"@type\":\"SearchAction\",\"target\":{\"@type\":\"EntryPoint\",\"urlTemplate\":\"https:\/\/valika.eu\/fi\/?s={search_term_string}\"},\"query-input\":{\"@type\":\"PropertyValueSpecification\",\"valueRequired\":true,\"valueName\":\"search_term_string\"}}],\"inLanguage\":\"fi\"},{\"@type\":\"Organization\",\"@id\":\"https:\/\/valika.eu\/fi\/#organization\",\"name\":\"Salongitoode O\u00dc\",\"alternateName\":\"Valika\",\"url\":\"https:\/\/valika.eu\/fi\/\",\"logo\":{\"@type\":\"ImageObject\",\"inLanguage\":\"fi\",\"@id\":\"https:\/\/valika.eu\/fi\/#\/schema\/logo\/image\/\",\"url\":\"https:\/\/valika.eu\/wp-content\/uploads\/2023\/11\/logo2-valika-footer.png\",\"contentUrl\":\"https:\/\/valika.eu\/wp-content\/uploads\/2023\/11\/logo2-valika-footer.png\",\"width\":200,\"height\":129,\"caption\":\"Salongitoode O\u00dc\"},\"image\":{\"@id\":\"https:\/\/valika.eu\/fi\/#\/schema\/logo\/image\/\"},\"sameAs\":[\"https:\/\/www.facebook.com\/tipsi.net\"]}]}<\/script>\n<!-- \/ Yoast SEO plugin. -->","yoast_head_json":{"title":"PALU Base Gel Maxi\/ 11g | Valika","robots":{"index":"index","follow":"follow","max-snippet":"max-snippet:-1","max-image-preview":"max-image-preview:large","max-video-preview":"max-video-preview:-1"},"canonical":"https:\/\/valika.eu\/fi\/toode\/palu-base-gel-maxi-11g\/","og_locale":"fi_FI","og_type":"article","og_title":"PALU Base Gel Maxi\/ 11g | Valika","og_description":"Palu Maxi Base on paksu pohja, joka on tarkoitettu kovalle kynsilevylle, joka tarvitsee tasoitusta tai rakennetta. Koostumus takaa korkean tarttuvuuden","og_url":"https:\/\/valika.eu\/fi\/toode\/palu-base-gel-maxi-11g\/","og_site_name":"Valika","article_publisher":"https:\/\/www.facebook.com\/tipsi.net","article_modified_time":"2026-04-02T08:20:36+00:00","og_image":[{"width":1843,"height":2047,"url":"https:\/\/valika.eu\/wp-content\/uploads\/2024\/10\/126.jpg","type":"image\/jpeg"}],"twitter_card":"summary_large_image","schema":{"@context":"https:\/\/schema.org","@graph":[{"@type":"WebPage","@id":"https:\/\/valika.eu\/fi\/toode\/palu-base-gel-maxi-11g\/","url":"https:\/\/valika.eu\/fi\/toode\/palu-base-gel-maxi-11g\/","name":"PALU Base Gel Maxi\/ 11g | Valika","isPartOf":{"@id":"https:\/\/valika.eu\/fi\/#website"},"primaryImageOfPage":{"@id":"https:\/\/valika.eu\/fi\/toode\/palu-base-gel-maxi-11g\/#primaryimage"},"image":{"@id":"https:\/\/valika.eu\/toode\/palu-base-gel-maxi-11g\/#primaryimage"},"thumbnailUrl":"https:\/\/valika.eu\/wp-content\/uploads\/2024\/10\/126.jpg","datePublished":"2024-10-12T19:49:46+00:00","dateModified":"2026-04-02T08:20:36+00:00","breadcrumb":{"@id":"https:\/\/valika.eu\/fi\/toode\/palu-base-gel-maxi-11g\/#breadcrumb"},"inLanguage":"fi","potentialAction":[{"@type":"ReadAction","target":[["https:\/\/valika.eu\/fi\/toode\/palu-base-gel-maxi-11g\/"]]}]},{"@type":"ImageObject","inLanguage":"fi","@id":"https:\/\/valika.eu\/fi\/toode\/palu-base-gel-maxi-11g\/#primaryimage","url":"https:\/\/valika.eu\/wp-content\/uploads\/2024\/10\/126.jpg","contentUrl":"https:\/\/valika.eu\/wp-content\/uploads\/2024\/10\/126.jpg","width":1843,"height":2047},{"@type":"BreadcrumbList","@id":"https:\/\/valika.eu\/fi\/toode\/palu-base-gel-maxi-11g\/#breadcrumb","itemListElement":[{"@type":"ListItem","position":1,"name":"Koti","item":"https:\/\/valika.eu\/fi\/"},{"@type":"ListItem","position":2,"name":"Shop","item":"https:\/\/valika.eu\/fi\/"},{"@type":"ListItem","position":3,"name":"PALU Base Gel Maxi\/ 11g"}]},{"@type":"WebSite","@id":"https:\/\/valika.eu\/fi\/#website","url":"https:\/\/valika.eu\/fi\/","name":"Valika.eu","description":"Salonkituotteet ja kauneudenhoitotuotteet - Valika tarjoaa laajan valikoiman tuotteita ja tarvikkeita kynsiteknikoille, kauneushoitoloille, kampaamoille ja kampaamoille.","publisher":{"@id":"https:\/\/valika.eu\/fi\/#organization"},"alternateName":"Valika","potentialAction":[{"@type":"SearchAction","target":{"@type":"EntryPoint","urlTemplate":"https:\/\/valika.eu\/fi\/?s={search_term_string}"},"query-input":{"@type":"PropertyValueSpecification","valueRequired":true,"valueName":"search_term_string"}}],"inLanguage":"fi"},{"@type":"Organization","@id":"https:\/\/valika.eu\/fi\/#organization","name":"Salongitoode O\u00dc","alternateName":"Valika","url":"https:\/\/valika.eu\/fi\/","logo":{"@type":"ImageObject","inLanguage":"fi","@id":"https:\/\/valika.eu\/fi\/#\/schema\/logo\/image\/","url":"https:\/\/valika.eu\/wp-content\/uploads\/2023\/11\/logo2-valika-footer.png","contentUrl":"https:\/\/valika.eu\/wp-content\/uploads\/2023\/11\/logo2-valika-footer.png","width":200,"height":129,"caption":"Salongitoode O\u00dc"},"image":{"@id":"https:\/\/valika.eu\/fi\/#\/schema\/logo\/image\/"},"sameAs":["https:\/\/www.facebook.com\/tipsi.net"]}]}},"jetpack_sharing_enabled":true,"_links":{"self":[{"href":"https:\/\/valika.eu\/fi\/wp-json\/wp\/v2\/product\/6041","targetHints":{"allow":["GET"]}}],"collection":[{"href":"https:\/\/valika.eu\/fi\/wp-json\/wp\/v2\/product"}],"about":[{"href":"https:\/\/valika.eu\/fi\/wp-json\/wp\/v2\/types\/product"}],"wp:featuredmedia":[{"embeddable":true,"href":"https:\/\/valika.eu\/fi\/wp-json\/wp\/v2\/media\/6040"}],"wp:attachment":[{"href":"https:\/\/valika.eu\/fi\/wp-json\/wp\/v2\/media?parent=6041"}],"wp:term":[{"taxonomy":"product_brand","embeddable":true,"href":"https:\/\/valika.eu\/fi\/wp-json\/wp\/v2\/product_brand?post=6041"},{"taxonomy":"product_cat","embeddable":true,"href":"https:\/\/valika.eu\/fi\/wp-json\/wp\/v2\/product_cat?post=6041"},{"taxonomy":"product_tag","embeddable":true,"href":"https:\/\/valika.eu\/fi\/wp-json\/wp\/v2\/product_tag?post=6041"}],"curies":[{"name":"wp","href":"https:\/\/api.w.org\/{rel}","templated":true}]}}