{"id":6088,"date":"2024-10-12T22:50:39","date_gmt":"2024-10-12T19:50:39","guid":{"rendered":"https:\/\/valika.eu\/toode\/palu-base-gel-rubber-11-11-g\/"},"modified":"2025-10-02T16:23:52","modified_gmt":"2025-10-02T13:23:52","slug":"palu-base-gel-rubber-11-11-g","status":"publish","type":"product","link":"https:\/\/valika.eu\/fi\/toode\/palu-base-gel-rubber-11-11-g\/","title":{"rendered":"PALU Base Gel Rubber 11\/ 11 g"},"content":{"rendered":"<p><\/p>\n<p>L\u00e4pin\u00e4kyv\u00e4 kumin pohja Palu Rubber Base 11 on t\u00e4ydellinen ratkaisu kosteille, ohuille ja ongelmallisille kynsilevyille. Keskiviskositeettinen ja eritt\u00e4in joustava koostumus sopii geelikynsille ja flexi-geelikynsille. Tuote tasoittaa ja rakentaa kynsilevyn. Ei saa k\u00e4ytt\u00e4\u00e4 yhdess\u00e4 primerin kanssa.<\/p>\n<p>keskiviskositeettinen koostumus<br \/>\nkorkea tarttuvuus ja joustavuus<br \/>\nv\u00e4ri: l\u00e4pin\u00e4kyv\u00e4<br \/>\nhapan<br \/>\nmahdollistaa levyn tasoituksen ja rakentamisen<br \/>\nturvallinen k\u00e4sille ja kynsille<br \/>\ntarkoitettu ammattilaisk\u00e4ytt\u00f6\u00f6n<br \/>\ntilavuus: 11 g<br \/>\nK\u00c4YTT\u00d6OHJE:<\/p>\n<p>Levit\u00e4 ohut kerros alustaa valmistellulle levylle ja lis\u00e4\u00e4 hetken kuluttua pieni tippa antaen sen tasaantua. Voit tarvittaessa k\u00e4ytt\u00e4\u00e4 ohutta sivellint\u00e4. M\u00e4\u00e4rit\u00e4 apex. Koveta lampussa ja levit\u00e4 sen j\u00e4lkeen v\u00e4ri kynsilevylle.<\/p>\n<p>KOVETUSAIKA:<\/p>\n<p>UV\/LED-lamppu \u2013 v\u00e4hint\u00e4\u00e4n 60 sekuntia, laitteen tehosta riippuen.<\/p>\n<\/p>\n<div class=\"video-container\"><\/div>\n<\/p>\n<p><\/p>","protected":false},"excerpt":{"rendered":"<p>L\u00e4pin\u00e4kyv\u00e4 kumin pohja Palu Rubber Base 11 on t\u00e4ydellinen ratkaisu kosteille, ohuille ja ongelmallisille kynsilevyille. Keskiviskositeettinen ja eritt\u00e4in joustava koostumus<\/p>\n","protected":false},"featured_media":6087,"template":"","meta":[],"product_brand":[],"product_cat":[567,37],"product_tag":[],"class_list":{"0":"post-6088","1":"product","2":"type-product","3":"status-publish","4":"has-post-thumbnail","6":"product_cat-palutopbase","7":"product_cat-alusgeelid","9":"first","10":"outofstock","11":"taxable","12":"shipping-taxable","13":"purchasable","14":"product-type-simple"},"yoast_head":"<!-- This site is optimized with the Yoast SEO plugin v24.4 - https:\/\/yoast.com\/wordpress\/plugins\/seo\/ -->\n<title>PALU Base Gel Rubber 11\/ 11 g | Valika<\/title>\n<meta name=\"robots\" content=\"index, follow, max-snippet:-1, max-image-preview:large, max-video-preview:-1\" \/>\n<link rel=\"canonical\" href=\"https:\/\/valika.eu\/fi\/toode\/palu-base-gel-rubber-11-11-g\/\" \/>\n<meta property=\"og:locale\" content=\"fi_FI\" \/>\n<meta property=\"og:type\" content=\"article\" \/>\n<meta property=\"og:title\" content=\"PALU Base Gel Rubber 11\/ 11 g | Valika\" \/>\n<meta property=\"og:description\" content=\"L\u00e4pin\u00e4kyv\u00e4 kumin pohja Palu Rubber Base 11 on t\u00e4ydellinen ratkaisu kosteille, ohuille ja ongelmallisille kynsilevyille. Keskiviskositeettinen ja eritt\u00e4in joustava koostumus\" \/>\n<meta property=\"og:url\" content=\"https:\/\/valika.eu\/fi\/toode\/palu-base-gel-rubber-11-11-g\/\" \/>\n<meta property=\"og:site_name\" content=\"Valika\" \/>\n<meta property=\"article:publisher\" content=\"https:\/\/www.facebook.com\/tipsi.net\" \/>\n<meta property=\"article:modified_time\" content=\"2025-10-02T13:23:52+00:00\" \/>\n<meta property=\"og:image\" content=\"https:\/\/valika.eu\/wp-content\/uploads\/2024\/10\/5492.webp\" \/>\n\t<meta property=\"og:image:width\" content=\"1080\" \/>\n\t<meta property=\"og:image:height\" content=\"1080\" \/>\n\t<meta property=\"og:image:type\" content=\"image\/webp\" \/>\n<meta name=\"twitter:card\" content=\"summary_large_image\" \/>\n<script type=\"application\/ld+json\" class=\"yoast-schema-graph\">{\"@context\":\"https:\/\/schema.org\",\"@graph\":[{\"@type\":\"WebPage\",\"@id\":\"https:\/\/valika.eu\/fi\/toode\/palu-base-gel-rubber-11-11-g\/\",\"url\":\"https:\/\/valika.eu\/fi\/toode\/palu-base-gel-rubber-11-11-g\/\",\"name\":\"PALU Base Gel Rubber 11\/ 11 g | Valika\",\"isPartOf\":{\"@id\":\"https:\/\/valika.eu\/fi\/#website\"},\"primaryImageOfPage\":{\"@id\":\"https:\/\/valika.eu\/fi\/toode\/palu-base-gel-rubber-11-11-g\/#primaryimage\"},\"image\":{\"@id\":\"https:\/\/valika.eu\/toode\/palu-base-gel-rubber-11-11-g\/#primaryimage\"},\"thumbnailUrl\":\"https:\/\/valika.eu\/wp-content\/uploads\/2024\/10\/5492.webp\",\"datePublished\":\"2024-10-12T19:50:39+00:00\",\"dateModified\":\"2025-10-02T13:23:52+00:00\",\"breadcrumb\":{\"@id\":\"https:\/\/valika.eu\/fi\/toode\/palu-base-gel-rubber-11-11-g\/#breadcrumb\"},\"inLanguage\":\"fi\",\"potentialAction\":[{\"@type\":\"ReadAction\",\"target\":[[\"https:\/\/valika.eu\/fi\/toode\/palu-base-gel-rubber-11-11-g\/\"]]}]},{\"@type\":\"ImageObject\",\"inLanguage\":\"fi\",\"@id\":\"https:\/\/valika.eu\/fi\/toode\/palu-base-gel-rubber-11-11-g\/#primaryimage\",\"url\":\"https:\/\/valika.eu\/wp-content\/uploads\/2024\/10\/5492.webp\",\"contentUrl\":\"https:\/\/valika.eu\/wp-content\/uploads\/2024\/10\/5492.webp\",\"width\":1080,\"height\":1080},{\"@type\":\"BreadcrumbList\",\"@id\":\"https:\/\/valika.eu\/fi\/toode\/palu-base-gel-rubber-11-11-g\/#breadcrumb\",\"itemListElement\":[{\"@type\":\"ListItem\",\"position\":1,\"name\":\"Koti\",\"item\":\"https:\/\/valika.eu\/fi\/\"},{\"@type\":\"ListItem\",\"position\":2,\"name\":\"Shop\",\"item\":\"https:\/\/valika.eu\/fi\/\"},{\"@type\":\"ListItem\",\"position\":3,\"name\":\"PALU Base Gel Rubber 11\/ 11 g\"}]},{\"@type\":\"WebSite\",\"@id\":\"https:\/\/valika.eu\/fi\/#website\",\"url\":\"https:\/\/valika.eu\/fi\/\",\"name\":\"Valika.eu\",\"description\":\"Salonkituotteet ja kauneudenhoitotuotteet - Valika tarjoaa laajan valikoiman tuotteita ja tarvikkeita kynsiteknikoille, kauneushoitoloille, kampaamoille ja kampaamoille.\",\"publisher\":{\"@id\":\"https:\/\/valika.eu\/fi\/#organization\"},\"alternateName\":\"Valika\",\"potentialAction\":[{\"@type\":\"SearchAction\",\"target\":{\"@type\":\"EntryPoint\",\"urlTemplate\":\"https:\/\/valika.eu\/fi\/?s={search_term_string}\"},\"query-input\":{\"@type\":\"PropertyValueSpecification\",\"valueRequired\":true,\"valueName\":\"search_term_string\"}}],\"inLanguage\":\"fi\"},{\"@type\":\"Organization\",\"@id\":\"https:\/\/valika.eu\/fi\/#organization\",\"name\":\"Salongitoode O\u00dc\",\"alternateName\":\"Valika\",\"url\":\"https:\/\/valika.eu\/fi\/\",\"logo\":{\"@type\":\"ImageObject\",\"inLanguage\":\"fi\",\"@id\":\"https:\/\/valika.eu\/fi\/#\/schema\/logo\/image\/\",\"url\":\"https:\/\/valika.eu\/wp-content\/uploads\/2023\/11\/logo2-valika-footer.png\",\"contentUrl\":\"https:\/\/valika.eu\/wp-content\/uploads\/2023\/11\/logo2-valika-footer.png\",\"width\":200,\"height\":129,\"caption\":\"Salongitoode O\u00dc\"},\"image\":{\"@id\":\"https:\/\/valika.eu\/fi\/#\/schema\/logo\/image\/\"},\"sameAs\":[\"https:\/\/www.facebook.com\/tipsi.net\"]}]}<\/script>\n<!-- \/ Yoast SEO plugin. -->","yoast_head_json":{"title":"PALU Base Gel Rubber 11\/ 11 g | Valika","robots":{"index":"index","follow":"follow","max-snippet":"max-snippet:-1","max-image-preview":"max-image-preview:large","max-video-preview":"max-video-preview:-1"},"canonical":"https:\/\/valika.eu\/fi\/toode\/palu-base-gel-rubber-11-11-g\/","og_locale":"fi_FI","og_type":"article","og_title":"PALU Base Gel Rubber 11\/ 11 g | Valika","og_description":"L\u00e4pin\u00e4kyv\u00e4 kumin pohja Palu Rubber Base 11 on t\u00e4ydellinen ratkaisu kosteille, ohuille ja ongelmallisille kynsilevyille. Keskiviskositeettinen ja eritt\u00e4in joustava koostumus","og_url":"https:\/\/valika.eu\/fi\/toode\/palu-base-gel-rubber-11-11-g\/","og_site_name":"Valika","article_publisher":"https:\/\/www.facebook.com\/tipsi.net","article_modified_time":"2025-10-02T13:23:52+00:00","og_image":[{"width":1080,"height":1080,"url":"https:\/\/valika.eu\/wp-content\/uploads\/2024\/10\/5492.webp","type":"image\/webp"}],"twitter_card":"summary_large_image","schema":{"@context":"https:\/\/schema.org","@graph":[{"@type":"WebPage","@id":"https:\/\/valika.eu\/fi\/toode\/palu-base-gel-rubber-11-11-g\/","url":"https:\/\/valika.eu\/fi\/toode\/palu-base-gel-rubber-11-11-g\/","name":"PALU Base Gel Rubber 11\/ 11 g | Valika","isPartOf":{"@id":"https:\/\/valika.eu\/fi\/#website"},"primaryImageOfPage":{"@id":"https:\/\/valika.eu\/fi\/toode\/palu-base-gel-rubber-11-11-g\/#primaryimage"},"image":{"@id":"https:\/\/valika.eu\/toode\/palu-base-gel-rubber-11-11-g\/#primaryimage"},"thumbnailUrl":"https:\/\/valika.eu\/wp-content\/uploads\/2024\/10\/5492.webp","datePublished":"2024-10-12T19:50:39+00:00","dateModified":"2025-10-02T13:23:52+00:00","breadcrumb":{"@id":"https:\/\/valika.eu\/fi\/toode\/palu-base-gel-rubber-11-11-g\/#breadcrumb"},"inLanguage":"fi","potentialAction":[{"@type":"ReadAction","target":[["https:\/\/valika.eu\/fi\/toode\/palu-base-gel-rubber-11-11-g\/"]]}]},{"@type":"ImageObject","inLanguage":"fi","@id":"https:\/\/valika.eu\/fi\/toode\/palu-base-gel-rubber-11-11-g\/#primaryimage","url":"https:\/\/valika.eu\/wp-content\/uploads\/2024\/10\/5492.webp","contentUrl":"https:\/\/valika.eu\/wp-content\/uploads\/2024\/10\/5492.webp","width":1080,"height":1080},{"@type":"BreadcrumbList","@id":"https:\/\/valika.eu\/fi\/toode\/palu-base-gel-rubber-11-11-g\/#breadcrumb","itemListElement":[{"@type":"ListItem","position":1,"name":"Koti","item":"https:\/\/valika.eu\/fi\/"},{"@type":"ListItem","position":2,"name":"Shop","item":"https:\/\/valika.eu\/fi\/"},{"@type":"ListItem","position":3,"name":"PALU Base Gel Rubber 11\/ 11 g"}]},{"@type":"WebSite","@id":"https:\/\/valika.eu\/fi\/#website","url":"https:\/\/valika.eu\/fi\/","name":"Valika.eu","description":"Salonkituotteet ja kauneudenhoitotuotteet - Valika tarjoaa laajan valikoiman tuotteita ja tarvikkeita kynsiteknikoille, kauneushoitoloille, kampaamoille ja kampaamoille.","publisher":{"@id":"https:\/\/valika.eu\/fi\/#organization"},"alternateName":"Valika","potentialAction":[{"@type":"SearchAction","target":{"@type":"EntryPoint","urlTemplate":"https:\/\/valika.eu\/fi\/?s={search_term_string}"},"query-input":{"@type":"PropertyValueSpecification","valueRequired":true,"valueName":"search_term_string"}}],"inLanguage":"fi"},{"@type":"Organization","@id":"https:\/\/valika.eu\/fi\/#organization","name":"Salongitoode O\u00dc","alternateName":"Valika","url":"https:\/\/valika.eu\/fi\/","logo":{"@type":"ImageObject","inLanguage":"fi","@id":"https:\/\/valika.eu\/fi\/#\/schema\/logo\/image\/","url":"https:\/\/valika.eu\/wp-content\/uploads\/2023\/11\/logo2-valika-footer.png","contentUrl":"https:\/\/valika.eu\/wp-content\/uploads\/2023\/11\/logo2-valika-footer.png","width":200,"height":129,"caption":"Salongitoode O\u00dc"},"image":{"@id":"https:\/\/valika.eu\/fi\/#\/schema\/logo\/image\/"},"sameAs":["https:\/\/www.facebook.com\/tipsi.net"]}]}},"jetpack_sharing_enabled":true,"_links":{"self":[{"href":"https:\/\/valika.eu\/fi\/wp-json\/wp\/v2\/product\/6088","targetHints":{"allow":["GET"]}}],"collection":[{"href":"https:\/\/valika.eu\/fi\/wp-json\/wp\/v2\/product"}],"about":[{"href":"https:\/\/valika.eu\/fi\/wp-json\/wp\/v2\/types\/product"}],"wp:featuredmedia":[{"embeddable":true,"href":"https:\/\/valika.eu\/fi\/wp-json\/wp\/v2\/media\/6087"}],"wp:attachment":[{"href":"https:\/\/valika.eu\/fi\/wp-json\/wp\/v2\/media?parent=6088"}],"wp:term":[{"taxonomy":"product_brand","embeddable":true,"href":"https:\/\/valika.eu\/fi\/wp-json\/wp\/v2\/product_brand?post=6088"},{"taxonomy":"product_cat","embeddable":true,"href":"https:\/\/valika.eu\/fi\/wp-json\/wp\/v2\/product_cat?post=6088"},{"taxonomy":"product_tag","embeddable":true,"href":"https:\/\/valika.eu\/fi\/wp-json\/wp\/v2\/product_tag?post=6088"}],"curies":[{"name":"wp","href":"https:\/\/api.w.org\/{rel}","templated":true}]}}