{"id":6308,"date":"2024-10-13T12:38:27","date_gmt":"2024-10-13T09:38:27","guid":{"rendered":"https:\/\/valika.eu\/toode\/palu-gelpolish-buenos-aires-bu6-11g\/"},"modified":"2025-11-25T17:37:49","modified_gmt":"2025-11-25T15:37:49","slug":"palu-gelpolish-buenos-aires-bu6-11g","status":"publish","type":"product","link":"https:\/\/valika.eu\/fi\/toode\/palu-gelpolish-buenos-aires-bu6-11g\/","title":{"rendered":"PALU Gelpolish Buenos Aires BU6\/11g"},"content":{"rendered":"<p><\/p>\n<p>Haluatko pit\u00e4\u00e4 tauon pitk\u00e4n p\u00e4iv\u00e4n j\u00e4lkeen meluisassa kaupungissa, rauhoittaa kaikki \u00e4rsykkeet ja l\u00f6yt\u00e4\u00e4 suojaa kuumuudelta? L\u00f6yd\u00e4t hetken heng\u00e4hdystaukoa Caros Thaysin kasvitieteellisen puutarhan vehreyden keskell\u00e4 Palermon alueella. Voit unohtaa kaiken ymp\u00e4rill\u00e4si ja keskitty\u00e4 itseesi ja positiivisiin kokemuksiin. Nauti h\u00e4iri\u00f6tt\u00f6m\u00e4st\u00e4 rauhasta.<\/p>\n<p><strong>Tumma, intensiivinen vihre\u00e4, s\u00e4vy t\u00e4ynn\u00e4 harmoniaa ja ajatonta tyylikkyytt\u00e4. Eleganssi ja rikas v\u00e4risyvyys ovat hyv\u00e4 valinta moneen tilanteeseen.<\/strong><\/p>\n<p><strong>Tuote on tarkoitettu ammattik\u00e4ytt\u00f6\u00f6n.<\/strong><\/p>\n<ul>\n<li>peitt\u00e4vyys jo 1 kerroksen j\u00e4lkeen -2 kerrosta<\/li>\n<li>helppo levitys<\/li>\n<li>intensiivinen kiilto<\/li>\n<li>koostumus: keskipaksu<\/li>\n<li>kest\u00e4\u00e4 jopa 3 viikkoa<\/li>\n<li>kapasiteetti: 11 g<\/li>\n<\/ul>\n<p><strong>\u00a0<\/strong><\/p>\n<p><strong>K\u00e4ytt\u00f6:<\/strong><\/p>\n<p>Aiemmin kovettuneelle PALU-hybridialalle levit\u00e4 ohut kerros v\u00e4rillist\u00e4 hybridilakkaa ja koveta se UV\/LED-lampussa. Toiminto voidaan toistaa tyydytt\u00e4v\u00e4n vaikutuksen saavuttamiseksi. Varmista muotoilu levitt\u00e4m\u00e4ll\u00e4 ja kovettamalla TOP Palua.<\/p>\n<\/p>\n<p><em>Haluamme ilmoittaa, ett\u00e4 teemme kaikkemme varmistaaksemme, ett\u00e4 grafiikka sivustolla esitellyt heijastavat parhaiten tuotteidemme todellisia v\u00e4rej\u00e4. Emme voi vaikuttaa tekij\u00f6ihin, kuten: k\u00e4ytet\u00e4\u00e4n niit\u00e4 katseltaessa: valaistus, k\u00e4ytetyn elektronisen laitteen tyyppi, n\u00e4yt\u00f6n asetukset tai n\u00e4yt\u00f6nohjaimet &#8211; vaikuttavat katsotun grafiikan vastaanottoon\/tulkintaan.<\/em><\/p>\n<\/p>\n<div class=\" video- container\"><\/div>","protected":false},"excerpt":{"rendered":"<p>Haluatko pit\u00e4\u00e4 tauon pitk\u00e4n p\u00e4iv\u00e4n j\u00e4lkeen meluisassa kaupungissa, rauhoittaa kaikki \u00e4rsykkeet ja l\u00f6yt\u00e4\u00e4 suojaa kuumuudelta? L\u00f6yd\u00e4t hetken heng\u00e4hdystaukoa Caros Thaysin<\/p>\n","protected":false},"featured_media":6307,"template":"","meta":[],"product_brand":[],"product_cat":[341],"product_tag":[],"class_list":{"0":"post-6308","1":"product","2":"type-product","3":"status-publish","4":"has-post-thumbnail","6":"product_cat-hollywood","8":"first","9":"instock","10":"taxable","11":"shipping-taxable","12":"purchasable","13":"product-type-simple"},"yoast_head":"<!-- This site is optimized with the Yoast SEO plugin v24.4 - https:\/\/yoast.com\/wordpress\/plugins\/seo\/ -->\n<title>PALU Gelpolish Buenos Aires BU6\/11g | Valika<\/title>\n<meta name=\"robots\" content=\"index, follow, max-snippet:-1, max-image-preview:large, max-video-preview:-1\" \/>\n<link rel=\"canonical\" href=\"https:\/\/valika.eu\/fi\/toode\/palu-gelpolish-buenos-aires-bu6-11g\/\" \/>\n<meta property=\"og:locale\" content=\"fi_FI\" \/>\n<meta property=\"og:type\" content=\"article\" \/>\n<meta property=\"og:title\" content=\"PALU Gelpolish Buenos Aires BU6\/11g | Valika\" \/>\n<meta property=\"og:description\" content=\"Haluatko pit\u00e4\u00e4 tauon pitk\u00e4n p\u00e4iv\u00e4n j\u00e4lkeen meluisassa kaupungissa, rauhoittaa kaikki \u00e4rsykkeet ja l\u00f6yt\u00e4\u00e4 suojaa kuumuudelta? L\u00f6yd\u00e4t hetken heng\u00e4hdystaukoa Caros Thaysin\" \/>\n<meta property=\"og:url\" content=\"https:\/\/valika.eu\/fi\/toode\/palu-gelpolish-buenos-aires-bu6-11g\/\" \/>\n<meta property=\"og:site_name\" content=\"Valika\" \/>\n<meta property=\"article:publisher\" content=\"https:\/\/www.facebook.com\/tipsi.net\" \/>\n<meta property=\"article:modified_time\" content=\"2025-11-25T15:37:49+00:00\" \/>\n<meta property=\"og:image\" content=\"https:\/\/valika.eu\/wp-content\/uploads\/2024\/10\/5220.webp\" \/>\n\t<meta property=\"og:image:width\" content=\"1080\" \/>\n\t<meta property=\"og:image:height\" content=\"1080\" \/>\n\t<meta property=\"og:image:type\" content=\"image\/webp\" \/>\n<meta name=\"twitter:card\" content=\"summary_large_image\" \/>\n<script type=\"application\/ld+json\" class=\"yoast-schema-graph\">{\"@context\":\"https:\/\/schema.org\",\"@graph\":[{\"@type\":\"WebPage\",\"@id\":\"https:\/\/valika.eu\/fi\/toode\/palu-gelpolish-buenos-aires-bu6-11g\/\",\"url\":\"https:\/\/valika.eu\/fi\/toode\/palu-gelpolish-buenos-aires-bu6-11g\/\",\"name\":\"PALU Gelpolish Buenos Aires BU6\/11g | Valika\",\"isPartOf\":{\"@id\":\"https:\/\/valika.eu\/fi\/#website\"},\"primaryImageOfPage\":{\"@id\":\"https:\/\/valika.eu\/fi\/toode\/palu-gelpolish-buenos-aires-bu6-11g\/#primaryimage\"},\"image\":{\"@id\":\"https:\/\/valika.eu\/toode\/palu-gelpolish-buenos-aires-bu6-11g\/#primaryimage\"},\"thumbnailUrl\":\"https:\/\/valika.eu\/wp-content\/uploads\/2024\/10\/5220.webp\",\"datePublished\":\"2024-10-13T09:38:27+00:00\",\"dateModified\":\"2025-11-25T15:37:49+00:00\",\"breadcrumb\":{\"@id\":\"https:\/\/valika.eu\/fi\/toode\/palu-gelpolish-buenos-aires-bu6-11g\/#breadcrumb\"},\"inLanguage\":\"fi\",\"potentialAction\":[{\"@type\":\"ReadAction\",\"target\":[[\"https:\/\/valika.eu\/fi\/toode\/palu-gelpolish-buenos-aires-bu6-11g\/\"]]}]},{\"@type\":\"ImageObject\",\"inLanguage\":\"fi\",\"@id\":\"https:\/\/valika.eu\/fi\/toode\/palu-gelpolish-buenos-aires-bu6-11g\/#primaryimage\",\"url\":\"https:\/\/valika.eu\/wp-content\/uploads\/2024\/10\/5220.webp\",\"contentUrl\":\"https:\/\/valika.eu\/wp-content\/uploads\/2024\/10\/5220.webp\",\"width\":1080,\"height\":1080},{\"@type\":\"BreadcrumbList\",\"@id\":\"https:\/\/valika.eu\/fi\/toode\/palu-gelpolish-buenos-aires-bu6-11g\/#breadcrumb\",\"itemListElement\":[{\"@type\":\"ListItem\",\"position\":1,\"name\":\"Koti\",\"item\":\"https:\/\/valika.eu\/fi\/\"},{\"@type\":\"ListItem\",\"position\":2,\"name\":\"Shop\",\"item\":\"https:\/\/valika.eu\/fi\/\"},{\"@type\":\"ListItem\",\"position\":3,\"name\":\"PALU Gelpolish Buenos Aires BU6\/11g\"}]},{\"@type\":\"WebSite\",\"@id\":\"https:\/\/valika.eu\/fi\/#website\",\"url\":\"https:\/\/valika.eu\/fi\/\",\"name\":\"Valika.eu\",\"description\":\"Salonkituotteet ja kauneudenhoitotuotteet - Valika tarjoaa laajan valikoiman tuotteita ja tarvikkeita kynsiteknikoille, kauneushoitoloille, kampaamoille ja kampaamoille.\",\"publisher\":{\"@id\":\"https:\/\/valika.eu\/fi\/#organization\"},\"alternateName\":\"Valika\",\"potentialAction\":[{\"@type\":\"SearchAction\",\"target\":{\"@type\":\"EntryPoint\",\"urlTemplate\":\"https:\/\/valika.eu\/fi\/?s={search_term_string}\"},\"query-input\":{\"@type\":\"PropertyValueSpecification\",\"valueRequired\":true,\"valueName\":\"search_term_string\"}}],\"inLanguage\":\"fi\"},{\"@type\":\"Organization\",\"@id\":\"https:\/\/valika.eu\/fi\/#organization\",\"name\":\"Salongitoode O\u00dc\",\"alternateName\":\"Valika\",\"url\":\"https:\/\/valika.eu\/fi\/\",\"logo\":{\"@type\":\"ImageObject\",\"inLanguage\":\"fi\",\"@id\":\"https:\/\/valika.eu\/fi\/#\/schema\/logo\/image\/\",\"url\":\"https:\/\/valika.eu\/wp-content\/uploads\/2023\/11\/logo2-valika-footer.png\",\"contentUrl\":\"https:\/\/valika.eu\/wp-content\/uploads\/2023\/11\/logo2-valika-footer.png\",\"width\":200,\"height\":129,\"caption\":\"Salongitoode O\u00dc\"},\"image\":{\"@id\":\"https:\/\/valika.eu\/fi\/#\/schema\/logo\/image\/\"},\"sameAs\":[\"https:\/\/www.facebook.com\/tipsi.net\"]}]}<\/script>\n<!-- \/ Yoast SEO plugin. -->","yoast_head_json":{"title":"PALU Gelpolish Buenos Aires BU6\/11g | Valika","robots":{"index":"index","follow":"follow","max-snippet":"max-snippet:-1","max-image-preview":"max-image-preview:large","max-video-preview":"max-video-preview:-1"},"canonical":"https:\/\/valika.eu\/fi\/toode\/palu-gelpolish-buenos-aires-bu6-11g\/","og_locale":"fi_FI","og_type":"article","og_title":"PALU Gelpolish Buenos Aires BU6\/11g | Valika","og_description":"Haluatko pit\u00e4\u00e4 tauon pitk\u00e4n p\u00e4iv\u00e4n j\u00e4lkeen meluisassa kaupungissa, rauhoittaa kaikki \u00e4rsykkeet ja l\u00f6yt\u00e4\u00e4 suojaa kuumuudelta? L\u00f6yd\u00e4t hetken heng\u00e4hdystaukoa Caros Thaysin","og_url":"https:\/\/valika.eu\/fi\/toode\/palu-gelpolish-buenos-aires-bu6-11g\/","og_site_name":"Valika","article_publisher":"https:\/\/www.facebook.com\/tipsi.net","article_modified_time":"2025-11-25T15:37:49+00:00","og_image":[{"width":1080,"height":1080,"url":"https:\/\/valika.eu\/wp-content\/uploads\/2024\/10\/5220.webp","type":"image\/webp"}],"twitter_card":"summary_large_image","schema":{"@context":"https:\/\/schema.org","@graph":[{"@type":"WebPage","@id":"https:\/\/valika.eu\/fi\/toode\/palu-gelpolish-buenos-aires-bu6-11g\/","url":"https:\/\/valika.eu\/fi\/toode\/palu-gelpolish-buenos-aires-bu6-11g\/","name":"PALU Gelpolish Buenos Aires BU6\/11g | Valika","isPartOf":{"@id":"https:\/\/valika.eu\/fi\/#website"},"primaryImageOfPage":{"@id":"https:\/\/valika.eu\/fi\/toode\/palu-gelpolish-buenos-aires-bu6-11g\/#primaryimage"},"image":{"@id":"https:\/\/valika.eu\/toode\/palu-gelpolish-buenos-aires-bu6-11g\/#primaryimage"},"thumbnailUrl":"https:\/\/valika.eu\/wp-content\/uploads\/2024\/10\/5220.webp","datePublished":"2024-10-13T09:38:27+00:00","dateModified":"2025-11-25T15:37:49+00:00","breadcrumb":{"@id":"https:\/\/valika.eu\/fi\/toode\/palu-gelpolish-buenos-aires-bu6-11g\/#breadcrumb"},"inLanguage":"fi","potentialAction":[{"@type":"ReadAction","target":[["https:\/\/valika.eu\/fi\/toode\/palu-gelpolish-buenos-aires-bu6-11g\/"]]}]},{"@type":"ImageObject","inLanguage":"fi","@id":"https:\/\/valika.eu\/fi\/toode\/palu-gelpolish-buenos-aires-bu6-11g\/#primaryimage","url":"https:\/\/valika.eu\/wp-content\/uploads\/2024\/10\/5220.webp","contentUrl":"https:\/\/valika.eu\/wp-content\/uploads\/2024\/10\/5220.webp","width":1080,"height":1080},{"@type":"BreadcrumbList","@id":"https:\/\/valika.eu\/fi\/toode\/palu-gelpolish-buenos-aires-bu6-11g\/#breadcrumb","itemListElement":[{"@type":"ListItem","position":1,"name":"Koti","item":"https:\/\/valika.eu\/fi\/"},{"@type":"ListItem","position":2,"name":"Shop","item":"https:\/\/valika.eu\/fi\/"},{"@type":"ListItem","position":3,"name":"PALU Gelpolish Buenos Aires BU6\/11g"}]},{"@type":"WebSite","@id":"https:\/\/valika.eu\/fi\/#website","url":"https:\/\/valika.eu\/fi\/","name":"Valika.eu","description":"Salonkituotteet ja kauneudenhoitotuotteet - Valika tarjoaa laajan valikoiman tuotteita ja tarvikkeita kynsiteknikoille, kauneushoitoloille, kampaamoille ja kampaamoille.","publisher":{"@id":"https:\/\/valika.eu\/fi\/#organization"},"alternateName":"Valika","potentialAction":[{"@type":"SearchAction","target":{"@type":"EntryPoint","urlTemplate":"https:\/\/valika.eu\/fi\/?s={search_term_string}"},"query-input":{"@type":"PropertyValueSpecification","valueRequired":true,"valueName":"search_term_string"}}],"inLanguage":"fi"},{"@type":"Organization","@id":"https:\/\/valika.eu\/fi\/#organization","name":"Salongitoode O\u00dc","alternateName":"Valika","url":"https:\/\/valika.eu\/fi\/","logo":{"@type":"ImageObject","inLanguage":"fi","@id":"https:\/\/valika.eu\/fi\/#\/schema\/logo\/image\/","url":"https:\/\/valika.eu\/wp-content\/uploads\/2023\/11\/logo2-valika-footer.png","contentUrl":"https:\/\/valika.eu\/wp-content\/uploads\/2023\/11\/logo2-valika-footer.png","width":200,"height":129,"caption":"Salongitoode O\u00dc"},"image":{"@id":"https:\/\/valika.eu\/fi\/#\/schema\/logo\/image\/"},"sameAs":["https:\/\/www.facebook.com\/tipsi.net"]}]}},"jetpack_sharing_enabled":true,"_links":{"self":[{"href":"https:\/\/valika.eu\/fi\/wp-json\/wp\/v2\/product\/6308","targetHints":{"allow":["GET"]}}],"collection":[{"href":"https:\/\/valika.eu\/fi\/wp-json\/wp\/v2\/product"}],"about":[{"href":"https:\/\/valika.eu\/fi\/wp-json\/wp\/v2\/types\/product"}],"wp:featuredmedia":[{"embeddable":true,"href":"https:\/\/valika.eu\/fi\/wp-json\/wp\/v2\/media\/6307"}],"wp:attachment":[{"href":"https:\/\/valika.eu\/fi\/wp-json\/wp\/v2\/media?parent=6308"}],"wp:term":[{"taxonomy":"product_brand","embeddable":true,"href":"https:\/\/valika.eu\/fi\/wp-json\/wp\/v2\/product_brand?post=6308"},{"taxonomy":"product_cat","embeddable":true,"href":"https:\/\/valika.eu\/fi\/wp-json\/wp\/v2\/product_cat?post=6308"},{"taxonomy":"product_tag","embeddable":true,"href":"https:\/\/valika.eu\/fi\/wp-json\/wp\/v2\/product_tag?post=6308"}],"curies":[{"name":"wp","href":"https:\/\/api.w.org\/{rel}","templated":true}]}}