{"id":6330,"date":"2024-10-13T12:38:56","date_gmt":"2024-10-13T09:38:56","guid":{"rendered":"https:\/\/valika.eu\/toode\/palu-gelpolish-cat-eye-ce3-11g\/"},"modified":"2025-10-14T11:38:28","modified_gmt":"2025-10-14T08:38:28","slug":"palu-gelpolish-cat-eye-ce3-11g","status":"publish","type":"product","link":"https:\/\/valika.eu\/fi\/toode\/palu-gelpolish-cat-eye-ce3-11g\/","title":{"rendered":"PALU Gelpolish cat eye CE3\/11g"},"content":{"rendered":"<p><\/p>\n<p>T\u00e4ysin uusi hybridimaikyyrin laatu!\u00a0<\/p>\n<\/p>\n<p>PALU lakka on ainutlaatuinen yhdistelm\u00e4 kest\u00e4vyytt\u00e4 ja t\u00e4ydellisesti pigmentoituja v\u00e4rej\u00e4. Valmisteet eiv\u00e4t sis\u00e4ll\u00e4 haitallisia aineita ja yhdess\u00e4 PALU-em\u00e4sten kanssa ne muodostavat ihanteellisen tuotteen, joka t\u00e4ytt\u00e4\u00e4 vaativimmankin asiakkaan odotukset.<\/p>\n<\/p>\n<p>\u2022 peitt\u00e4vyys 1-2 j\u00e4lkeen. kerrokset<\/p>\n<p >\u2022 helppo levitt\u00e4\u00e4<\/p>\n<p>\u2022 voimakas kiilto<\/p>\n<p>\u2022 konsistenssi: keskipaksu<\/p>\n<p>\u2022 turvallinen koostumus<\/p>\n<p >\u2022 ammattik\u00e4ytt\u00f6\u00f6n tarkoitettu tuote <\/p>\n<p>\u2022 s\u00e4ilyvyys jopa 3 viikkoa<\/p>\n<p>\u2022 tilavuus: 11 ml<\/p>\n<\/p>\n<p><strong>MITEN K\u00c4YTT\u00d6:<\/strong>< \/p> <\/p>\n<p>Levit\u00e4 ohut kerros v\u00e4rillist\u00e4 hybridilakkaa (musta suositellaan) aiemmin kovetetulle PALU-hybridipohjalle ja koveta se UV\/LED-lampussa. Toiminto voidaan toistaa tyydytt\u00e4v\u00e4n vaikutuksen saavuttamiseksi.\u00a0<\/p>\n<p>Levit\u00e4 maalattuihin kynsiin valitun v\u00e4rin magneettinen hybridilakka ja pid\u00e4 magneettitikkua 2-3 sekuntia. Luo haluamasi koristelu. Kun olet saanut tyydytt\u00e4v\u00e4n vaikutuksen, koveta UV\/LED-lampussa.<\/p>\n<p>Suojaa muotoilu levitt\u00e4m\u00e4ll\u00e4 ja kovettamalla TOP Palu.<\/p>\n<\/p>\n<p><\/p>","protected":false},"excerpt":{"rendered":"<p>T\u00e4ysin uusi hybridimaikyyrin laatu!\u00a0 PALU lakka on ainutlaatuinen yhdistelm\u00e4 kest\u00e4vyytt\u00e4 ja t\u00e4ydellisesti pigmentoituja v\u00e4rej\u00e4. Valmisteet eiv\u00e4t sis\u00e4ll\u00e4 haitallisia aineita ja<\/p>\n","protected":false},"featured_media":6329,"template":"","meta":[],"product_brand":[],"product_cat":[341],"product_tag":[],"class_list":{"0":"post-6330","1":"product","2":"type-product","3":"status-publish","4":"has-post-thumbnail","6":"product_cat-hollywood","8":"first","9":"outofstock","10":"taxable","11":"shipping-taxable","12":"purchasable","13":"product-type-simple"},"yoast_head":"<!-- This site is optimized with the Yoast SEO plugin v24.4 - https:\/\/yoast.com\/wordpress\/plugins\/seo\/ -->\n<title>PALU Gelpolish cat eye CE3\/11g | Valika<\/title>\n<meta name=\"robots\" content=\"index, follow, max-snippet:-1, max-image-preview:large, max-video-preview:-1\" \/>\n<link rel=\"canonical\" href=\"https:\/\/valika.eu\/fi\/toode\/palu-gelpolish-cat-eye-ce3-11g\/\" \/>\n<meta property=\"og:locale\" content=\"fi_FI\" \/>\n<meta property=\"og:type\" content=\"article\" \/>\n<meta property=\"og:title\" content=\"PALU Gelpolish cat eye CE3\/11g | Valika\" \/>\n<meta property=\"og:description\" content=\"T\u00e4ysin uusi hybridimaikyyrin laatu!\u00a0 PALU lakka on ainutlaatuinen yhdistelm\u00e4 kest\u00e4vyytt\u00e4 ja t\u00e4ydellisesti pigmentoituja v\u00e4rej\u00e4. Valmisteet eiv\u00e4t sis\u00e4ll\u00e4 haitallisia aineita ja\" \/>\n<meta property=\"og:url\" content=\"https:\/\/valika.eu\/fi\/toode\/palu-gelpolish-cat-eye-ce3-11g\/\" \/>\n<meta property=\"og:site_name\" content=\"Valika\" \/>\n<meta property=\"article:publisher\" content=\"https:\/\/www.facebook.com\/tipsi.net\" \/>\n<meta property=\"article:modified_time\" content=\"2025-10-14T08:38:28+00:00\" \/>\n<meta property=\"og:image\" content=\"https:\/\/valika.eu\/wp-content\/uploads\/2024\/10\/5223.webp\" \/>\n\t<meta property=\"og:image:width\" content=\"1080\" \/>\n\t<meta property=\"og:image:height\" content=\"1080\" \/>\n\t<meta property=\"og:image:type\" content=\"image\/webp\" \/>\n<meta name=\"twitter:card\" content=\"summary_large_image\" \/>\n<script type=\"application\/ld+json\" class=\"yoast-schema-graph\">{\"@context\":\"https:\/\/schema.org\",\"@graph\":[{\"@type\":\"WebPage\",\"@id\":\"https:\/\/valika.eu\/fi\/toode\/palu-gelpolish-cat-eye-ce3-11g\/\",\"url\":\"https:\/\/valika.eu\/fi\/toode\/palu-gelpolish-cat-eye-ce3-11g\/\",\"name\":\"PALU Gelpolish cat eye CE3\/11g | Valika\",\"isPartOf\":{\"@id\":\"https:\/\/valika.eu\/fi\/#website\"},\"primaryImageOfPage\":{\"@id\":\"https:\/\/valika.eu\/fi\/toode\/palu-gelpolish-cat-eye-ce3-11g\/#primaryimage\"},\"image\":{\"@id\":\"https:\/\/valika.eu\/toode\/palu-gelpolish-cat-eye-ce3-11g\/#primaryimage\"},\"thumbnailUrl\":\"https:\/\/valika.eu\/wp-content\/uploads\/2024\/10\/5223.webp\",\"datePublished\":\"2024-10-13T09:38:56+00:00\",\"dateModified\":\"2025-10-14T08:38:28+00:00\",\"breadcrumb\":{\"@id\":\"https:\/\/valika.eu\/fi\/toode\/palu-gelpolish-cat-eye-ce3-11g\/#breadcrumb\"},\"inLanguage\":\"fi\",\"potentialAction\":[{\"@type\":\"ReadAction\",\"target\":[[\"https:\/\/valika.eu\/fi\/toode\/palu-gelpolish-cat-eye-ce3-11g\/\"]]}]},{\"@type\":\"ImageObject\",\"inLanguage\":\"fi\",\"@id\":\"https:\/\/valika.eu\/fi\/toode\/palu-gelpolish-cat-eye-ce3-11g\/#primaryimage\",\"url\":\"https:\/\/valika.eu\/wp-content\/uploads\/2024\/10\/5223.webp\",\"contentUrl\":\"https:\/\/valika.eu\/wp-content\/uploads\/2024\/10\/5223.webp\",\"width\":1080,\"height\":1080},{\"@type\":\"BreadcrumbList\",\"@id\":\"https:\/\/valika.eu\/fi\/toode\/palu-gelpolish-cat-eye-ce3-11g\/#breadcrumb\",\"itemListElement\":[{\"@type\":\"ListItem\",\"position\":1,\"name\":\"Koti\",\"item\":\"https:\/\/valika.eu\/fi\/\"},{\"@type\":\"ListItem\",\"position\":2,\"name\":\"Shop\",\"item\":\"https:\/\/valika.eu\/fi\/\"},{\"@type\":\"ListItem\",\"position\":3,\"name\":\"PALU Gelpolish cat eye CE3\/11g\"}]},{\"@type\":\"WebSite\",\"@id\":\"https:\/\/valika.eu\/fi\/#website\",\"url\":\"https:\/\/valika.eu\/fi\/\",\"name\":\"Valika.eu\",\"description\":\"Salonkituotteet ja kauneudenhoitotuotteet - Valika tarjoaa laajan valikoiman tuotteita ja tarvikkeita kynsiteknikoille, kauneushoitoloille, kampaamoille ja kampaamoille.\",\"publisher\":{\"@id\":\"https:\/\/valika.eu\/fi\/#organization\"},\"alternateName\":\"Valika\",\"potentialAction\":[{\"@type\":\"SearchAction\",\"target\":{\"@type\":\"EntryPoint\",\"urlTemplate\":\"https:\/\/valika.eu\/fi\/?s={search_term_string}\"},\"query-input\":{\"@type\":\"PropertyValueSpecification\",\"valueRequired\":true,\"valueName\":\"search_term_string\"}}],\"inLanguage\":\"fi\"},{\"@type\":\"Organization\",\"@id\":\"https:\/\/valika.eu\/fi\/#organization\",\"name\":\"Salongitoode O\u00dc\",\"alternateName\":\"Valika\",\"url\":\"https:\/\/valika.eu\/fi\/\",\"logo\":{\"@type\":\"ImageObject\",\"inLanguage\":\"fi\",\"@id\":\"https:\/\/valika.eu\/fi\/#\/schema\/logo\/image\/\",\"url\":\"https:\/\/valika.eu\/wp-content\/uploads\/2023\/11\/logo2-valika-footer.png\",\"contentUrl\":\"https:\/\/valika.eu\/wp-content\/uploads\/2023\/11\/logo2-valika-footer.png\",\"width\":200,\"height\":129,\"caption\":\"Salongitoode O\u00dc\"},\"image\":{\"@id\":\"https:\/\/valika.eu\/fi\/#\/schema\/logo\/image\/\"},\"sameAs\":[\"https:\/\/www.facebook.com\/tipsi.net\"]}]}<\/script>\n<!-- \/ Yoast SEO plugin. -->","yoast_head_json":{"title":"PALU Gelpolish cat eye CE3\/11g | Valika","robots":{"index":"index","follow":"follow","max-snippet":"max-snippet:-1","max-image-preview":"max-image-preview:large","max-video-preview":"max-video-preview:-1"},"canonical":"https:\/\/valika.eu\/fi\/toode\/palu-gelpolish-cat-eye-ce3-11g\/","og_locale":"fi_FI","og_type":"article","og_title":"PALU Gelpolish cat eye CE3\/11g | Valika","og_description":"T\u00e4ysin uusi hybridimaikyyrin laatu!\u00a0 PALU lakka on ainutlaatuinen yhdistelm\u00e4 kest\u00e4vyytt\u00e4 ja t\u00e4ydellisesti pigmentoituja v\u00e4rej\u00e4. Valmisteet eiv\u00e4t sis\u00e4ll\u00e4 haitallisia aineita ja","og_url":"https:\/\/valika.eu\/fi\/toode\/palu-gelpolish-cat-eye-ce3-11g\/","og_site_name":"Valika","article_publisher":"https:\/\/www.facebook.com\/tipsi.net","article_modified_time":"2025-10-14T08:38:28+00:00","og_image":[{"width":1080,"height":1080,"url":"https:\/\/valika.eu\/wp-content\/uploads\/2024\/10\/5223.webp","type":"image\/webp"}],"twitter_card":"summary_large_image","schema":{"@context":"https:\/\/schema.org","@graph":[{"@type":"WebPage","@id":"https:\/\/valika.eu\/fi\/toode\/palu-gelpolish-cat-eye-ce3-11g\/","url":"https:\/\/valika.eu\/fi\/toode\/palu-gelpolish-cat-eye-ce3-11g\/","name":"PALU Gelpolish cat eye CE3\/11g | Valika","isPartOf":{"@id":"https:\/\/valika.eu\/fi\/#website"},"primaryImageOfPage":{"@id":"https:\/\/valika.eu\/fi\/toode\/palu-gelpolish-cat-eye-ce3-11g\/#primaryimage"},"image":{"@id":"https:\/\/valika.eu\/toode\/palu-gelpolish-cat-eye-ce3-11g\/#primaryimage"},"thumbnailUrl":"https:\/\/valika.eu\/wp-content\/uploads\/2024\/10\/5223.webp","datePublished":"2024-10-13T09:38:56+00:00","dateModified":"2025-10-14T08:38:28+00:00","breadcrumb":{"@id":"https:\/\/valika.eu\/fi\/toode\/palu-gelpolish-cat-eye-ce3-11g\/#breadcrumb"},"inLanguage":"fi","potentialAction":[{"@type":"ReadAction","target":[["https:\/\/valika.eu\/fi\/toode\/palu-gelpolish-cat-eye-ce3-11g\/"]]}]},{"@type":"ImageObject","inLanguage":"fi","@id":"https:\/\/valika.eu\/fi\/toode\/palu-gelpolish-cat-eye-ce3-11g\/#primaryimage","url":"https:\/\/valika.eu\/wp-content\/uploads\/2024\/10\/5223.webp","contentUrl":"https:\/\/valika.eu\/wp-content\/uploads\/2024\/10\/5223.webp","width":1080,"height":1080},{"@type":"BreadcrumbList","@id":"https:\/\/valika.eu\/fi\/toode\/palu-gelpolish-cat-eye-ce3-11g\/#breadcrumb","itemListElement":[{"@type":"ListItem","position":1,"name":"Koti","item":"https:\/\/valika.eu\/fi\/"},{"@type":"ListItem","position":2,"name":"Shop","item":"https:\/\/valika.eu\/fi\/"},{"@type":"ListItem","position":3,"name":"PALU Gelpolish cat eye CE3\/11g"}]},{"@type":"WebSite","@id":"https:\/\/valika.eu\/fi\/#website","url":"https:\/\/valika.eu\/fi\/","name":"Valika.eu","description":"Salonkituotteet ja kauneudenhoitotuotteet - Valika tarjoaa laajan valikoiman tuotteita ja tarvikkeita kynsiteknikoille, kauneushoitoloille, kampaamoille ja kampaamoille.","publisher":{"@id":"https:\/\/valika.eu\/fi\/#organization"},"alternateName":"Valika","potentialAction":[{"@type":"SearchAction","target":{"@type":"EntryPoint","urlTemplate":"https:\/\/valika.eu\/fi\/?s={search_term_string}"},"query-input":{"@type":"PropertyValueSpecification","valueRequired":true,"valueName":"search_term_string"}}],"inLanguage":"fi"},{"@type":"Organization","@id":"https:\/\/valika.eu\/fi\/#organization","name":"Salongitoode O\u00dc","alternateName":"Valika","url":"https:\/\/valika.eu\/fi\/","logo":{"@type":"ImageObject","inLanguage":"fi","@id":"https:\/\/valika.eu\/fi\/#\/schema\/logo\/image\/","url":"https:\/\/valika.eu\/wp-content\/uploads\/2023\/11\/logo2-valika-footer.png","contentUrl":"https:\/\/valika.eu\/wp-content\/uploads\/2023\/11\/logo2-valika-footer.png","width":200,"height":129,"caption":"Salongitoode O\u00dc"},"image":{"@id":"https:\/\/valika.eu\/fi\/#\/schema\/logo\/image\/"},"sameAs":["https:\/\/www.facebook.com\/tipsi.net"]}]}},"jetpack_sharing_enabled":true,"_links":{"self":[{"href":"https:\/\/valika.eu\/fi\/wp-json\/wp\/v2\/product\/6330","targetHints":{"allow":["GET"]}}],"collection":[{"href":"https:\/\/valika.eu\/fi\/wp-json\/wp\/v2\/product"}],"about":[{"href":"https:\/\/valika.eu\/fi\/wp-json\/wp\/v2\/types\/product"}],"wp:featuredmedia":[{"embeddable":true,"href":"https:\/\/valika.eu\/fi\/wp-json\/wp\/v2\/media\/6329"}],"wp:attachment":[{"href":"https:\/\/valika.eu\/fi\/wp-json\/wp\/v2\/media?parent=6330"}],"wp:term":[{"taxonomy":"product_brand","embeddable":true,"href":"https:\/\/valika.eu\/fi\/wp-json\/wp\/v2\/product_brand?post=6330"},{"taxonomy":"product_cat","embeddable":true,"href":"https:\/\/valika.eu\/fi\/wp-json\/wp\/v2\/product_cat?post=6330"},{"taxonomy":"product_tag","embeddable":true,"href":"https:\/\/valika.eu\/fi\/wp-json\/wp\/v2\/product_tag?post=6330"}],"curies":[{"name":"wp","href":"https:\/\/api.w.org\/{rel}","templated":true}]}}