{"id":6379,"date":"2024-10-13T12:40:16","date_gmt":"2024-10-13T09:40:16","guid":{"rendered":"https:\/\/valika.eu\/toode\/palu-gelpolish-dubai-du6-11-g\/"},"modified":"2026-01-26T10:54:55","modified_gmt":"2026-01-26T08:54:55","slug":"palu-gelpolish-dubai-du6-11-g","status":"publish","type":"product","link":"https:\/\/valika.eu\/fi\/toode\/palu-gelpolish-dubai-du6-11-g\/","title":{"rendered":"PALU Gelpolish Dubai DU6\/11 g"},"content":{"rendered":"<p><\/p>\n<p>Musta, voimakkaasti paahdettua, lis\u00e4ttyn\u00e4 kardemummaa, joka korostaa sen t\u00e4ytel\u00e4ist\u00e4 aromia entisest\u00e4\u00e4n. Arabialainen kahvi on yksi suosikkimakuistasi Dubaissa. Voit nauttia siit\u00e4 hotellin terassilla, josta voit seurata kaupungin vilskett\u00e4 ja t\u00e4m\u00e4n ainutlaatuisen paikan asukkaiden el\u00e4m\u00e4\u00e4. <strong>Palu Dubai 6<\/strong> on syv\u00e4, tummanruskea, joka muistuttaa hienoimman kahvin paahdettuja papuja.<\/p>\n<p>Eloisa keidas, jota ymp\u00e4r\u00f6iv\u00e4t kuumat autiomaahiekat toiselta puolelta ja Persianlahden sininen toisaalta. Kontrastien kaupunki, jossa perinteisten hajuvesien ja kahvin tuoksu kardemummalla sekoittuu nykyaikaisuuteen. L\u00f6yd\u00e4 Arabiemiirikuntien helmi Palu Dubai -kokoelman avulla! Anna syv\u00e4n ruskean, pinkin, sinisen, appelsiinin ja vaimennetun punaisen paletin vied\u00e4 sinut vilkkaaseen Dubain soukiin \u2013 markkinoille, joka on t\u00e4ynn\u00e4 mausteita, suitsukkeita ja ylellisi\u00e4 kankaita.<\/p>\n<p>Palu on ammattilaisten kosmetiikkaa ammattilaisille. Haluamme antaa sinulle valinnanvapauden, laatutakuun ja mukavan ty\u00f6n. Oletko luonut tyyli\u00e4 tuotteillamme? Muista kertoa meille ja merkit\u00e4 kuvasi Instagramissa hashtagilla <strong>#palusalonsystem<\/strong><\/p>\n<p><strong>Ammattik\u00e4ytt\u00f6\u00f6n tarkoitettu tuote.<\/strong><\/p>\n<ul>\n<li> peitt\u00e4\u00e4 vain 1-2 kerroksella<\/li>\n<li>helppo levitys<\/li>\n<li>intensiivinen kiilto<\/li>\n<li>koostumus: keskipaksu<\/li>\n<li>kest\u00e4\u00e4 jopa 3 viikkoa<\/li>\n<li>kapasiteetti: 11 g<\/li>\n<\/ul>\n<p><strong> <\/strong><\/p>\n<div class=\"box loading\"><div class=\"woocommerce \">\n<div class=\"products elements-grid wd-products-holder  wd-spacing-20 grid-columns-4 products-bordered-grid-ins pagination-pagination wd-stretch-cont-lg align-items-start row\" data-source=\"main_loop\" data-min_price=\"\" data-max_price=\"\" data-columns=\"4\">\n<div class=\"product-grid-item product wd-hover-standard  col-lg-3 col-md-3 col-6 last  type-product post-20043 status-publish last instock product_cat-lisavarustus-varuosad has-post-thumbnail taxable shipping-taxable purchasable product-type-simple\" data-loop=\"4\" data-id=\"20043\">\n\t\n\t\n<div class=\"product-wrapper\">\n\t<div class=\"product-element-top wd-quick-shop\">\n\t\t<a href=\"https:\/\/valika.eu\/fi\/toode\/silverfox-3-mootoriga-voodile-pult\/\" class=\"product-image-link\">\n\t\t\t<img loading=\"lazy\" decoding=\"async\" width=\"600\" height=\"600\" src=\"https:\/\/valika.eu\/wp-content\/uploads\/2026\/03\/Hand-controler-for-SilverFox-beds-3-motors-valika.eu_-600x600-1.jpg\" class=\"attachment-woocommerce_thumbnail size-woocommerce_thumbnail\" alt=\"\" srcset=\"https:\/\/valika.eu\/wp-content\/uploads\/2026\/03\/Hand-controler-for-SilverFox-beds-3-motors-valika.eu_-600x600-1.jpg 600w, https:\/\/valika.eu\/wp-content\/uploads\/2026\/03\/Hand-controler-for-SilverFox-beds-3-motors-valika.eu_-600x600-1-300x300.jpg 300w, https:\/\/valika.eu\/wp-content\/uploads\/2026\/03\/Hand-controler-for-SilverFox-beds-3-motors-valika.eu_-600x600-1-150x150.jpg 150w\" sizes=\"auto, (max-width: 600px) 100vw, 600px\" \/>\t\t<\/a>\n\n\t\t\t\t\t<div class=\"hover-img\">\n\t\t\t\t<a href=\"https:\/\/valika.eu\/fi\/toode\/silverfox-3-mootoriga-voodile-pult\/\">\n\t\t\t\t\t<img loading=\"lazy\" decoding=\"async\" width=\"600\" height=\"600\" src=\"https:\/\/valika.eu\/wp-content\/uploads\/2026\/03\/Hand-controler-for-SilverFox-beds-3-motors-valika.eu_-600x600-1.jpg\" class=\"attachment-woocommerce_thumbnail size-woocommerce_thumbnail\" alt=\"\" srcset=\"https:\/\/valika.eu\/wp-content\/uploads\/2026\/03\/Hand-controler-for-SilverFox-beds-3-motors-valika.eu_-600x600-1.jpg 600w, https:\/\/valika.eu\/wp-content\/uploads\/2026\/03\/Hand-controler-for-SilverFox-beds-3-motors-valika.eu_-600x600-1-300x300.jpg 300w, https:\/\/valika.eu\/wp-content\/uploads\/2026\/03\/Hand-controler-for-SilverFox-beds-3-motors-valika.eu_-600x600-1-150x150.jpg 150w\" sizes=\"auto, (max-width: 600px) 100vw, 600px\" \/>\t\t\t\t<\/a>\n\t\t\t<\/div>\n\t\t\t\n\t\t<div class=\"wd-buttons wd-pos-r-t\">\n\t\t\t\t\t\t\t\t\t\t\t<div class=\"quick-view wd-action-btn wd-style-icon wd-quick-view-icon\">\n\t\t\t<a\n\t\t\t\thref=\"https:\/\/valika.eu\/fi\/toode\/silverfox-3-mootoriga-voodile-pult\/\"\n\t\t\t\tclass=\"open-quick-view quick-view-button\"\n\t\t\t\trel=\"nofollow\"\n\t\t\t\tdata-id=\"20043\"\n\t\t\t\t>Quick view<\/a>\n\t\t<\/div>\n\t\t\t\t\t\t\t<\/div>\n\t<\/div>\n\n\t\t<div class=\"product-element-bottom\">\n\t\n\t\n\t<h3 class=\"wd-entities-title\"><a href=\"https:\/\/valika.eu\/fi\/toode\/silverfox-3-mootoriga-voodile-pult\/\">Weelko Weelko SilverFox, Weelco Kaukos\u00e4\u00e4din johtolla 3-motor<\/a><\/h3>\n\t\t\t\t\t\t<p class=\"wd-product-stock stock wd-style-default in-stock\">Varastossa<\/p>\n\t\t\n\t\n\t<span class=\"price\"><span class=\"woocommerce-Price-amount amount\"><bdi>75,00&nbsp;<span class=\"woocommerce-Price-currencySymbol\">&euro;<\/span><\/bdi><\/span> <small class=\"woocommerce-price-suffix\">ilman ALV<span class=\"woocommerce-Price-amount amount\"><bdi>60,48&nbsp;<span class=\"woocommerce-Price-currencySymbol\">&euro;<\/span><\/bdi><\/span><\/small><\/span>\n\n\t<div class=\"wd-add-btn wd-add-btn-replace\">\n\t\t\n\t\t<a href=\"?add-to-cart=20043\" data-quantity=\"1\" class=\"button product_type_simple add_to_cart_button ajax_add_to_cart add-to-cart-loop\" data-product_id=\"20043\" data-product_sku=\"\" aria-label=\"Lis\u00e4\u00e4 ostoskoriin: &ldquo;Weelko Weelko SilverFox, Weelco Kaukos\u00e4\u00e4din johtolla 3-motor&rdquo;\" rel=\"nofollow\" data-success_message=\"&ldquo;Weelko Weelko SilverFox, Weelco Kaukos\u00e4\u00e4din johtolla 3-motor&rdquo; has been added to your cart\"><span>Lis\u00e4\u00e4 ostoskoriin<\/span><\/a>\t<\/div>\n\n\t\n\t\n\t\t\t<\/div>\n\t<\/div>\n<\/div>\n<\/div><\/div><\/div>\n<div class=\"video-container\"><\/div>","protected":false},"excerpt":{"rendered":"<p>Musta, voimakkaasti paahdettua, lis\u00e4ttyn\u00e4 kardemummaa, joka korostaa sen t\u00e4ytel\u00e4ist\u00e4 aromia entisest\u00e4\u00e4n. Arabialainen kahvi on yksi suosikkimakuistasi Dubaissa. Voit nauttia siit\u00e4<\/p>\n","protected":false},"featured_media":6378,"template":"","meta":[],"product_brand":[],"product_cat":[341],"product_tag":[],"class_list":{"0":"post-6379","1":"product","2":"type-product","3":"status-publish","4":"has-post-thumbnail","6":"product_cat-hollywood","8":"first","9":"outofstock","10":"taxable","11":"shipping-taxable","12":"purchasable","13":"product-type-simple"},"yoast_head":"<!-- This site is optimized with the Yoast SEO plugin v24.4 - https:\/\/yoast.com\/wordpress\/plugins\/seo\/ -->\n<title>PALU Gelpolish Dubai DU6\/11 g | Valika<\/title>\n<meta name=\"robots\" content=\"index, follow, max-snippet:-1, max-image-preview:large, max-video-preview:-1\" \/>\n<link rel=\"canonical\" href=\"https:\/\/valika.eu\/fi\/toode\/palu-gelpolish-dubai-du6-11-g\/\" \/>\n<meta property=\"og:locale\" content=\"fi_FI\" \/>\n<meta property=\"og:type\" content=\"article\" \/>\n<meta property=\"og:title\" content=\"PALU Gelpolish Dubai DU6\/11 g | Valika\" \/>\n<meta property=\"og:description\" content=\"Musta, voimakkaasti paahdettua, lis\u00e4ttyn\u00e4 kardemummaa, joka korostaa sen t\u00e4ytel\u00e4ist\u00e4 aromia entisest\u00e4\u00e4n. Arabialainen kahvi on yksi suosikkimakuistasi Dubaissa. Voit nauttia siit\u00e4\" \/>\n<meta property=\"og:url\" content=\"https:\/\/valika.eu\/fi\/toode\/palu-gelpolish-dubai-du6-11-g\/\" \/>\n<meta property=\"og:site_name\" content=\"Valika\" \/>\n<meta property=\"article:publisher\" content=\"https:\/\/www.facebook.com\/tipsi.net\" \/>\n<meta property=\"article:modified_time\" content=\"2026-01-26T08:54:55+00:00\" \/>\n<meta property=\"og:image\" content=\"https:\/\/valika.eu\/wp-content\/uploads\/2024\/10\/5229.webp\" \/>\n\t<meta property=\"og:image:width\" content=\"1080\" \/>\n\t<meta property=\"og:image:height\" content=\"1080\" \/>\n\t<meta property=\"og:image:type\" content=\"image\/webp\" \/>\n<meta name=\"twitter:card\" content=\"summary_large_image\" \/>\n<script type=\"application\/ld+json\" class=\"yoast-schema-graph\">{\"@context\":\"https:\/\/schema.org\",\"@graph\":[{\"@type\":\"WebPage\",\"@id\":\"https:\/\/valika.eu\/fi\/toode\/palu-gelpolish-dubai-du6-11-g\/\",\"url\":\"https:\/\/valika.eu\/fi\/toode\/palu-gelpolish-dubai-du6-11-g\/\",\"name\":\"PALU Gelpolish Dubai DU6\/11 g | Valika\",\"isPartOf\":{\"@id\":\"https:\/\/valika.eu\/fi\/#website\"},\"primaryImageOfPage\":{\"@id\":\"https:\/\/valika.eu\/fi\/toode\/palu-gelpolish-dubai-du6-11-g\/#primaryimage\"},\"image\":{\"@id\":\"https:\/\/valika.eu\/toode\/palu-gelpolish-dubai-du6-11-g\/#primaryimage\"},\"thumbnailUrl\":\"https:\/\/valika.eu\/wp-content\/uploads\/2024\/10\/5229.webp\",\"datePublished\":\"2024-10-13T09:40:16+00:00\",\"dateModified\":\"2026-01-26T08:54:55+00:00\",\"breadcrumb\":{\"@id\":\"https:\/\/valika.eu\/fi\/toode\/palu-gelpolish-dubai-du6-11-g\/#breadcrumb\"},\"inLanguage\":\"fi\",\"potentialAction\":[{\"@type\":\"ReadAction\",\"target\":[[\"https:\/\/valika.eu\/fi\/toode\/palu-gelpolish-dubai-du6-11-g\/\"]]}]},{\"@type\":\"ImageObject\",\"inLanguage\":\"fi\",\"@id\":\"https:\/\/valika.eu\/fi\/toode\/palu-gelpolish-dubai-du6-11-g\/#primaryimage\",\"url\":\"https:\/\/valika.eu\/wp-content\/uploads\/2024\/10\/5229.webp\",\"contentUrl\":\"https:\/\/valika.eu\/wp-content\/uploads\/2024\/10\/5229.webp\",\"width\":1080,\"height\":1080},{\"@type\":\"BreadcrumbList\",\"@id\":\"https:\/\/valika.eu\/fi\/toode\/palu-gelpolish-dubai-du6-11-g\/#breadcrumb\",\"itemListElement\":[{\"@type\":\"ListItem\",\"position\":1,\"name\":\"Koti\",\"item\":\"https:\/\/valika.eu\/fi\/\"},{\"@type\":\"ListItem\",\"position\":2,\"name\":\"Shop\",\"item\":\"https:\/\/valika.eu\/fi\/\"},{\"@type\":\"ListItem\",\"position\":3,\"name\":\"PALU Gelpolish Dubai DU6\/11 g\"}]},{\"@type\":\"WebSite\",\"@id\":\"https:\/\/valika.eu\/fi\/#website\",\"url\":\"https:\/\/valika.eu\/fi\/\",\"name\":\"Valika.eu\",\"description\":\"Salonkituotteet ja kauneudenhoitotuotteet - Valika tarjoaa laajan valikoiman tuotteita ja tarvikkeita kynsiteknikoille, kauneushoitoloille, kampaamoille ja kampaamoille.\",\"publisher\":{\"@id\":\"https:\/\/valika.eu\/fi\/#organization\"},\"alternateName\":\"Valika\",\"potentialAction\":[{\"@type\":\"SearchAction\",\"target\":{\"@type\":\"EntryPoint\",\"urlTemplate\":\"https:\/\/valika.eu\/fi\/?s={search_term_string}\"},\"query-input\":{\"@type\":\"PropertyValueSpecification\",\"valueRequired\":true,\"valueName\":\"search_term_string\"}}],\"inLanguage\":\"fi\"},{\"@type\":\"Organization\",\"@id\":\"https:\/\/valika.eu\/fi\/#organization\",\"name\":\"Salongitoode O\u00dc\",\"alternateName\":\"Valika\",\"url\":\"https:\/\/valika.eu\/fi\/\",\"logo\":{\"@type\":\"ImageObject\",\"inLanguage\":\"fi\",\"@id\":\"https:\/\/valika.eu\/fi\/#\/schema\/logo\/image\/\",\"url\":\"https:\/\/valika.eu\/wp-content\/uploads\/2023\/11\/logo2-valika-footer.png\",\"contentUrl\":\"https:\/\/valika.eu\/wp-content\/uploads\/2023\/11\/logo2-valika-footer.png\",\"width\":200,\"height\":129,\"caption\":\"Salongitoode O\u00dc\"},\"image\":{\"@id\":\"https:\/\/valika.eu\/fi\/#\/schema\/logo\/image\/\"},\"sameAs\":[\"https:\/\/www.facebook.com\/tipsi.net\"]}]}<\/script>\n<!-- \/ Yoast SEO plugin. -->","yoast_head_json":{"title":"PALU Gelpolish Dubai DU6\/11 g | Valika","robots":{"index":"index","follow":"follow","max-snippet":"max-snippet:-1","max-image-preview":"max-image-preview:large","max-video-preview":"max-video-preview:-1"},"canonical":"https:\/\/valika.eu\/fi\/toode\/palu-gelpolish-dubai-du6-11-g\/","og_locale":"fi_FI","og_type":"article","og_title":"PALU Gelpolish Dubai DU6\/11 g | Valika","og_description":"Musta, voimakkaasti paahdettua, lis\u00e4ttyn\u00e4 kardemummaa, joka korostaa sen t\u00e4ytel\u00e4ist\u00e4 aromia entisest\u00e4\u00e4n. Arabialainen kahvi on yksi suosikkimakuistasi Dubaissa. Voit nauttia siit\u00e4","og_url":"https:\/\/valika.eu\/fi\/toode\/palu-gelpolish-dubai-du6-11-g\/","og_site_name":"Valika","article_publisher":"https:\/\/www.facebook.com\/tipsi.net","article_modified_time":"2026-01-26T08:54:55+00:00","og_image":[{"width":1080,"height":1080,"url":"https:\/\/valika.eu\/wp-content\/uploads\/2024\/10\/5229.webp","type":"image\/webp"}],"twitter_card":"summary_large_image","schema":{"@context":"https:\/\/schema.org","@graph":[{"@type":"WebPage","@id":"https:\/\/valika.eu\/fi\/toode\/palu-gelpolish-dubai-du6-11-g\/","url":"https:\/\/valika.eu\/fi\/toode\/palu-gelpolish-dubai-du6-11-g\/","name":"PALU Gelpolish Dubai DU6\/11 g | Valika","isPartOf":{"@id":"https:\/\/valika.eu\/fi\/#website"},"primaryImageOfPage":{"@id":"https:\/\/valika.eu\/fi\/toode\/palu-gelpolish-dubai-du6-11-g\/#primaryimage"},"image":{"@id":"https:\/\/valika.eu\/toode\/palu-gelpolish-dubai-du6-11-g\/#primaryimage"},"thumbnailUrl":"https:\/\/valika.eu\/wp-content\/uploads\/2024\/10\/5229.webp","datePublished":"2024-10-13T09:40:16+00:00","dateModified":"2026-01-26T08:54:55+00:00","breadcrumb":{"@id":"https:\/\/valika.eu\/fi\/toode\/palu-gelpolish-dubai-du6-11-g\/#breadcrumb"},"inLanguage":"fi","potentialAction":[{"@type":"ReadAction","target":[["https:\/\/valika.eu\/fi\/toode\/palu-gelpolish-dubai-du6-11-g\/"]]}]},{"@type":"ImageObject","inLanguage":"fi","@id":"https:\/\/valika.eu\/fi\/toode\/palu-gelpolish-dubai-du6-11-g\/#primaryimage","url":"https:\/\/valika.eu\/wp-content\/uploads\/2024\/10\/5229.webp","contentUrl":"https:\/\/valika.eu\/wp-content\/uploads\/2024\/10\/5229.webp","width":1080,"height":1080},{"@type":"BreadcrumbList","@id":"https:\/\/valika.eu\/fi\/toode\/palu-gelpolish-dubai-du6-11-g\/#breadcrumb","itemListElement":[{"@type":"ListItem","position":1,"name":"Koti","item":"https:\/\/valika.eu\/fi\/"},{"@type":"ListItem","position":2,"name":"Shop","item":"https:\/\/valika.eu\/fi\/"},{"@type":"ListItem","position":3,"name":"PALU Gelpolish Dubai DU6\/11 g"}]},{"@type":"WebSite","@id":"https:\/\/valika.eu\/fi\/#website","url":"https:\/\/valika.eu\/fi\/","name":"Valika.eu","description":"Salonkituotteet ja kauneudenhoitotuotteet - Valika tarjoaa laajan valikoiman tuotteita ja tarvikkeita kynsiteknikoille, kauneushoitoloille, kampaamoille ja kampaamoille.","publisher":{"@id":"https:\/\/valika.eu\/fi\/#organization"},"alternateName":"Valika","potentialAction":[{"@type":"SearchAction","target":{"@type":"EntryPoint","urlTemplate":"https:\/\/valika.eu\/fi\/?s={search_term_string}"},"query-input":{"@type":"PropertyValueSpecification","valueRequired":true,"valueName":"search_term_string"}}],"inLanguage":"fi"},{"@type":"Organization","@id":"https:\/\/valika.eu\/fi\/#organization","name":"Salongitoode O\u00dc","alternateName":"Valika","url":"https:\/\/valika.eu\/fi\/","logo":{"@type":"ImageObject","inLanguage":"fi","@id":"https:\/\/valika.eu\/fi\/#\/schema\/logo\/image\/","url":"https:\/\/valika.eu\/wp-content\/uploads\/2023\/11\/logo2-valika-footer.png","contentUrl":"https:\/\/valika.eu\/wp-content\/uploads\/2023\/11\/logo2-valika-footer.png","width":200,"height":129,"caption":"Salongitoode O\u00dc"},"image":{"@id":"https:\/\/valika.eu\/fi\/#\/schema\/logo\/image\/"},"sameAs":["https:\/\/www.facebook.com\/tipsi.net"]}]}},"jetpack_sharing_enabled":true,"_links":{"self":[{"href":"https:\/\/valika.eu\/fi\/wp-json\/wp\/v2\/product\/6379","targetHints":{"allow":["GET"]}}],"collection":[{"href":"https:\/\/valika.eu\/fi\/wp-json\/wp\/v2\/product"}],"about":[{"href":"https:\/\/valika.eu\/fi\/wp-json\/wp\/v2\/types\/product"}],"wp:featuredmedia":[{"embeddable":true,"href":"https:\/\/valika.eu\/fi\/wp-json\/wp\/v2\/media\/6378"}],"wp:attachment":[{"href":"https:\/\/valika.eu\/fi\/wp-json\/wp\/v2\/media?parent=6379"}],"wp:term":[{"taxonomy":"product_brand","embeddable":true,"href":"https:\/\/valika.eu\/fi\/wp-json\/wp\/v2\/product_brand?post=6379"},{"taxonomy":"product_cat","embeddable":true,"href":"https:\/\/valika.eu\/fi\/wp-json\/wp\/v2\/product_cat?post=6379"},{"taxonomy":"product_tag","embeddable":true,"href":"https:\/\/valika.eu\/fi\/wp-json\/wp\/v2\/product_tag?post=6379"}],"curies":[{"name":"wp","href":"https:\/\/api.w.org\/{rel}","templated":true}]}}