{"id":6470,"date":"2024-10-13T12:42:19","date_gmt":"2024-10-13T09:42:19","guid":{"rendered":"https:\/\/valika.eu\/toode\/palu-gelpolish-hollywood-r6-11g\/"},"modified":"2026-01-19T15:53:56","modified_gmt":"2026-01-19T13:53:56","slug":"palu-gelpolish-hollywood-r6-11g","status":"publish","type":"product","link":"https:\/\/valika.eu\/fi\/toode\/palu-gelpolish-hollywood-r6-11g\/","title":{"rendered":"PALU Gelpolish Hollywood R6\/11g"},"content":{"rendered":"<p><\/p>\n<p>Oscar-ilta on elokuvamaailman odotetuin hetki. Dolby Theatre -rakennus Hollywoodissa on t\u00e4ynn\u00e4 valokuvajournalisteja ja tyylikk\u00e4\u00e4sti pukeutuneita julkkiksia. Odotat k\u00e4rsim\u00e4tt\u00f6m\u00e4n\u00e4 k\u00e4yt\u00e4vill\u00e4 ja s\u00e4\u00e4telet j\u00e4lleen pitk\u00e4\u00e4 punaista mekkoasi, jonka v\u00e4ri vastaa pitk\u00e4\u00e4 mattoa, jolla olet seisomassa.<\/p>\n<\/p>\n<p><strong>Klassinen, hieman l\u00e4mmin punainen sopii erinomaisesti puvun kanssa ty\u00f6tapaamiseen, ja illalla se sopii t\u00e4ydellisesti asuun suureen illanviettoon.<\/strong><\/p>\n<p><strong><\/strong><\/p>\n<p>Palu on ammattilaisten kosmetiikkaa ammattilaisille. Haluamme antaa sinulle valinnanvapauden, laatutakuun ja mukavan ty\u00f6n. Oletko luonut tyyli\u00e4 tuotteillamme? Muista kertoa meille ja merkit\u00e4 kuvasi Instagramissa hashtagilla <strong>#palusalonsystem<\/strong><\/p>\n<p><strong>Ammattik\u00e4ytt\u00f6\u00f6n tarkoitettu tuote.<\/strong><\/p>\n<ul>\n<li> peitt\u00e4\u00e4 vain 1-2 kerroksella<\/li>\n<li>helppo levitys<\/li>\n<li>intensiivinen kiilto<\/li>\n<li>koostumus: keskipaksu<\/li>\n<li>kest\u00e4\u00e4 jopa 3 viikkoa<\/li>\n<li>kapasiteetti: 11 g<\/li>\n<\/ul>\n<p><strong> <\/strong><\/p>\n<p><strong>K\u00e4ytt\u00f6:<\/strong><\/p>\n<p> Levit\u00e4 ohut kerros v\u00e4rillist\u00e4 hybridilakkaa aiemmin kovetetun Palu-hybridipohjan p\u00e4\u00e4lle ja koveta se UV\/LED-lampussa. Toimenpide voidaan toistaa tyydytt\u00e4v\u00e4n vaikutuksen saavuttamiseksi. Varmista muotoilu levitt\u00e4m\u00e4ll\u00e4 ja kovettamalla Palu toppi.<\/p>\n<p><em>Haluamme ilmoittaa, ett\u00e4 teemme kaikkemme varmistaaksemme, ett\u00e4 verkkosivuilla n\u00e4kyv\u00e4t grafiikat kuvastavat parhaiten tuotteidemme todellisia v\u00e4rej\u00e4. Meist\u00e4 riippumattomia tekij\u00f6it\u00e4, kuten mm. grafiikkaa katseltaessa k\u00e4ytetty valaistus, k\u00e4ytetyn elektronisen laitteen tyyppi, n\u00e4yt\u00f6n asetukset tai n\u00e4yt\u00f6nohjaimet &#8211; vaikuttavat katsotun grafiikan vastaanottoon\/tulkintaan.<\/em><\/p>\n<p><\/p>","protected":false},"excerpt":{"rendered":"<p>Oscar-ilta on elokuvamaailman odotetuin hetki. Dolby Theatre -rakennus Hollywoodissa on t\u00e4ynn\u00e4 valokuvajournalisteja ja tyylikk\u00e4\u00e4sti pukeutuneita julkkiksia. Odotat k\u00e4rsim\u00e4tt\u00f6m\u00e4n\u00e4 k\u00e4yt\u00e4vill\u00e4 ja<\/p>\n","protected":false},"featured_media":6469,"template":"","meta":[],"product_brand":[],"product_cat":[341],"product_tag":[],"class_list":{"0":"post-6470","1":"product","2":"type-product","3":"status-publish","4":"has-post-thumbnail","6":"product_cat-hollywood","8":"first","9":"instock","10":"taxable","11":"shipping-taxable","12":"purchasable","13":"product-type-simple"},"yoast_head":"<!-- This site is optimized with the Yoast SEO plugin v24.4 - https:\/\/yoast.com\/wordpress\/plugins\/seo\/ -->\n<title>PALU Gelpolish Hollywood R6\/11g | Valika<\/title>\n<meta name=\"robots\" content=\"index, follow, max-snippet:-1, max-image-preview:large, max-video-preview:-1\" \/>\n<link rel=\"canonical\" href=\"https:\/\/valika.eu\/fi\/toode\/palu-gelpolish-hollywood-r6-11g\/\" \/>\n<meta property=\"og:locale\" content=\"fi_FI\" \/>\n<meta property=\"og:type\" content=\"article\" \/>\n<meta property=\"og:title\" content=\"PALU Gelpolish Hollywood R6\/11g | Valika\" \/>\n<meta property=\"og:description\" content=\"Oscar-ilta on elokuvamaailman odotetuin hetki. Dolby Theatre -rakennus Hollywoodissa on t\u00e4ynn\u00e4 valokuvajournalisteja ja tyylikk\u00e4\u00e4sti pukeutuneita julkkiksia. Odotat k\u00e4rsim\u00e4tt\u00f6m\u00e4n\u00e4 k\u00e4yt\u00e4vill\u00e4 ja\" \/>\n<meta property=\"og:url\" content=\"https:\/\/valika.eu\/fi\/toode\/palu-gelpolish-hollywood-r6-11g\/\" \/>\n<meta property=\"og:site_name\" content=\"Valika\" \/>\n<meta property=\"article:publisher\" content=\"https:\/\/www.facebook.com\/tipsi.net\" \/>\n<meta property=\"article:modified_time\" content=\"2026-01-19T13:53:56+00:00\" \/>\n<meta property=\"og:image\" content=\"https:\/\/valika.eu\/wp-content\/uploads\/2024\/10\/5455.webp\" \/>\n\t<meta property=\"og:image:width\" content=\"1080\" \/>\n\t<meta property=\"og:image:height\" content=\"1080\" \/>\n\t<meta property=\"og:image:type\" content=\"image\/webp\" \/>\n<meta name=\"twitter:card\" content=\"summary_large_image\" \/>\n<script type=\"application\/ld+json\" class=\"yoast-schema-graph\">{\"@context\":\"https:\/\/schema.org\",\"@graph\":[{\"@type\":\"WebPage\",\"@id\":\"https:\/\/valika.eu\/fi\/toode\/palu-gelpolish-hollywood-r6-11g\/\",\"url\":\"https:\/\/valika.eu\/fi\/toode\/palu-gelpolish-hollywood-r6-11g\/\",\"name\":\"PALU Gelpolish Hollywood R6\/11g | Valika\",\"isPartOf\":{\"@id\":\"https:\/\/valika.eu\/fi\/#website\"},\"primaryImageOfPage\":{\"@id\":\"https:\/\/valika.eu\/fi\/toode\/palu-gelpolish-hollywood-r6-11g\/#primaryimage\"},\"image\":{\"@id\":\"https:\/\/valika.eu\/toode\/palu-gelpolish-hollywood-r6-11g\/#primaryimage\"},\"thumbnailUrl\":\"https:\/\/valika.eu\/wp-content\/uploads\/2024\/10\/5455.webp\",\"datePublished\":\"2024-10-13T09:42:19+00:00\",\"dateModified\":\"2026-01-19T13:53:56+00:00\",\"breadcrumb\":{\"@id\":\"https:\/\/valika.eu\/fi\/toode\/palu-gelpolish-hollywood-r6-11g\/#breadcrumb\"},\"inLanguage\":\"fi\",\"potentialAction\":[{\"@type\":\"ReadAction\",\"target\":[[\"https:\/\/valika.eu\/fi\/toode\/palu-gelpolish-hollywood-r6-11g\/\"]]}]},{\"@type\":\"ImageObject\",\"inLanguage\":\"fi\",\"@id\":\"https:\/\/valika.eu\/fi\/toode\/palu-gelpolish-hollywood-r6-11g\/#primaryimage\",\"url\":\"https:\/\/valika.eu\/wp-content\/uploads\/2024\/10\/5455.webp\",\"contentUrl\":\"https:\/\/valika.eu\/wp-content\/uploads\/2024\/10\/5455.webp\",\"width\":1080,\"height\":1080},{\"@type\":\"BreadcrumbList\",\"@id\":\"https:\/\/valika.eu\/fi\/toode\/palu-gelpolish-hollywood-r6-11g\/#breadcrumb\",\"itemListElement\":[{\"@type\":\"ListItem\",\"position\":1,\"name\":\"Koti\",\"item\":\"https:\/\/valika.eu\/fi\/\"},{\"@type\":\"ListItem\",\"position\":2,\"name\":\"Shop\",\"item\":\"https:\/\/valika.eu\/fi\/\"},{\"@type\":\"ListItem\",\"position\":3,\"name\":\"PALU Gelpolish Hollywood R6\/11g\"}]},{\"@type\":\"WebSite\",\"@id\":\"https:\/\/valika.eu\/fi\/#website\",\"url\":\"https:\/\/valika.eu\/fi\/\",\"name\":\"Valika.eu\",\"description\":\"Salonkituotteet ja kauneudenhoitotuotteet - Valika tarjoaa laajan valikoiman tuotteita ja tarvikkeita kynsiteknikoille, kauneushoitoloille, kampaamoille ja kampaamoille.\",\"publisher\":{\"@id\":\"https:\/\/valika.eu\/fi\/#organization\"},\"alternateName\":\"Valika\",\"potentialAction\":[{\"@type\":\"SearchAction\",\"target\":{\"@type\":\"EntryPoint\",\"urlTemplate\":\"https:\/\/valika.eu\/fi\/?s={search_term_string}\"},\"query-input\":{\"@type\":\"PropertyValueSpecification\",\"valueRequired\":true,\"valueName\":\"search_term_string\"}}],\"inLanguage\":\"fi\"},{\"@type\":\"Organization\",\"@id\":\"https:\/\/valika.eu\/fi\/#organization\",\"name\":\"Salongitoode O\u00dc\",\"alternateName\":\"Valika\",\"url\":\"https:\/\/valika.eu\/fi\/\",\"logo\":{\"@type\":\"ImageObject\",\"inLanguage\":\"fi\",\"@id\":\"https:\/\/valika.eu\/fi\/#\/schema\/logo\/image\/\",\"url\":\"https:\/\/valika.eu\/wp-content\/uploads\/2023\/11\/logo2-valika-footer.png\",\"contentUrl\":\"https:\/\/valika.eu\/wp-content\/uploads\/2023\/11\/logo2-valika-footer.png\",\"width\":200,\"height\":129,\"caption\":\"Salongitoode O\u00dc\"},\"image\":{\"@id\":\"https:\/\/valika.eu\/fi\/#\/schema\/logo\/image\/\"},\"sameAs\":[\"https:\/\/www.facebook.com\/tipsi.net\"]}]}<\/script>\n<!-- \/ Yoast SEO plugin. -->","yoast_head_json":{"title":"PALU Gelpolish Hollywood R6\/11g | Valika","robots":{"index":"index","follow":"follow","max-snippet":"max-snippet:-1","max-image-preview":"max-image-preview:large","max-video-preview":"max-video-preview:-1"},"canonical":"https:\/\/valika.eu\/fi\/toode\/palu-gelpolish-hollywood-r6-11g\/","og_locale":"fi_FI","og_type":"article","og_title":"PALU Gelpolish Hollywood R6\/11g | Valika","og_description":"Oscar-ilta on elokuvamaailman odotetuin hetki. Dolby Theatre -rakennus Hollywoodissa on t\u00e4ynn\u00e4 valokuvajournalisteja ja tyylikk\u00e4\u00e4sti pukeutuneita julkkiksia. Odotat k\u00e4rsim\u00e4tt\u00f6m\u00e4n\u00e4 k\u00e4yt\u00e4vill\u00e4 ja","og_url":"https:\/\/valika.eu\/fi\/toode\/palu-gelpolish-hollywood-r6-11g\/","og_site_name":"Valika","article_publisher":"https:\/\/www.facebook.com\/tipsi.net","article_modified_time":"2026-01-19T13:53:56+00:00","og_image":[{"width":1080,"height":1080,"url":"https:\/\/valika.eu\/wp-content\/uploads\/2024\/10\/5455.webp","type":"image\/webp"}],"twitter_card":"summary_large_image","schema":{"@context":"https:\/\/schema.org","@graph":[{"@type":"WebPage","@id":"https:\/\/valika.eu\/fi\/toode\/palu-gelpolish-hollywood-r6-11g\/","url":"https:\/\/valika.eu\/fi\/toode\/palu-gelpolish-hollywood-r6-11g\/","name":"PALU Gelpolish Hollywood R6\/11g | Valika","isPartOf":{"@id":"https:\/\/valika.eu\/fi\/#website"},"primaryImageOfPage":{"@id":"https:\/\/valika.eu\/fi\/toode\/palu-gelpolish-hollywood-r6-11g\/#primaryimage"},"image":{"@id":"https:\/\/valika.eu\/toode\/palu-gelpolish-hollywood-r6-11g\/#primaryimage"},"thumbnailUrl":"https:\/\/valika.eu\/wp-content\/uploads\/2024\/10\/5455.webp","datePublished":"2024-10-13T09:42:19+00:00","dateModified":"2026-01-19T13:53:56+00:00","breadcrumb":{"@id":"https:\/\/valika.eu\/fi\/toode\/palu-gelpolish-hollywood-r6-11g\/#breadcrumb"},"inLanguage":"fi","potentialAction":[{"@type":"ReadAction","target":[["https:\/\/valika.eu\/fi\/toode\/palu-gelpolish-hollywood-r6-11g\/"]]}]},{"@type":"ImageObject","inLanguage":"fi","@id":"https:\/\/valika.eu\/fi\/toode\/palu-gelpolish-hollywood-r6-11g\/#primaryimage","url":"https:\/\/valika.eu\/wp-content\/uploads\/2024\/10\/5455.webp","contentUrl":"https:\/\/valika.eu\/wp-content\/uploads\/2024\/10\/5455.webp","width":1080,"height":1080},{"@type":"BreadcrumbList","@id":"https:\/\/valika.eu\/fi\/toode\/palu-gelpolish-hollywood-r6-11g\/#breadcrumb","itemListElement":[{"@type":"ListItem","position":1,"name":"Koti","item":"https:\/\/valika.eu\/fi\/"},{"@type":"ListItem","position":2,"name":"Shop","item":"https:\/\/valika.eu\/fi\/"},{"@type":"ListItem","position":3,"name":"PALU Gelpolish Hollywood R6\/11g"}]},{"@type":"WebSite","@id":"https:\/\/valika.eu\/fi\/#website","url":"https:\/\/valika.eu\/fi\/","name":"Valika.eu","description":"Salonkituotteet ja kauneudenhoitotuotteet - Valika tarjoaa laajan valikoiman tuotteita ja tarvikkeita kynsiteknikoille, kauneushoitoloille, kampaamoille ja kampaamoille.","publisher":{"@id":"https:\/\/valika.eu\/fi\/#organization"},"alternateName":"Valika","potentialAction":[{"@type":"SearchAction","target":{"@type":"EntryPoint","urlTemplate":"https:\/\/valika.eu\/fi\/?s={search_term_string}"},"query-input":{"@type":"PropertyValueSpecification","valueRequired":true,"valueName":"search_term_string"}}],"inLanguage":"fi"},{"@type":"Organization","@id":"https:\/\/valika.eu\/fi\/#organization","name":"Salongitoode O\u00dc","alternateName":"Valika","url":"https:\/\/valika.eu\/fi\/","logo":{"@type":"ImageObject","inLanguage":"fi","@id":"https:\/\/valika.eu\/fi\/#\/schema\/logo\/image\/","url":"https:\/\/valika.eu\/wp-content\/uploads\/2023\/11\/logo2-valika-footer.png","contentUrl":"https:\/\/valika.eu\/wp-content\/uploads\/2023\/11\/logo2-valika-footer.png","width":200,"height":129,"caption":"Salongitoode O\u00dc"},"image":{"@id":"https:\/\/valika.eu\/fi\/#\/schema\/logo\/image\/"},"sameAs":["https:\/\/www.facebook.com\/tipsi.net"]}]}},"jetpack_sharing_enabled":true,"_links":{"self":[{"href":"https:\/\/valika.eu\/fi\/wp-json\/wp\/v2\/product\/6470","targetHints":{"allow":["GET"]}}],"collection":[{"href":"https:\/\/valika.eu\/fi\/wp-json\/wp\/v2\/product"}],"about":[{"href":"https:\/\/valika.eu\/fi\/wp-json\/wp\/v2\/types\/product"}],"wp:featuredmedia":[{"embeddable":true,"href":"https:\/\/valika.eu\/fi\/wp-json\/wp\/v2\/media\/6469"}],"wp:attachment":[{"href":"https:\/\/valika.eu\/fi\/wp-json\/wp\/v2\/media?parent=6470"}],"wp:term":[{"taxonomy":"product_brand","embeddable":true,"href":"https:\/\/valika.eu\/fi\/wp-json\/wp\/v2\/product_brand?post=6470"},{"taxonomy":"product_cat","embeddable":true,"href":"https:\/\/valika.eu\/fi\/wp-json\/wp\/v2\/product_cat?post=6470"},{"taxonomy":"product_tag","embeddable":true,"href":"https:\/\/valika.eu\/fi\/wp-json\/wp\/v2\/product_tag?post=6470"}],"curies":[{"name":"wp","href":"https:\/\/api.w.org\/{rel}","templated":true}]}}