{"id":6503,"date":"2024-10-13T12:43:13","date_gmt":"2024-10-13T09:43:13","guid":{"rendered":"https:\/\/valika.eu\/toode\/palu-gelpolish-hollywood-r11-11g\/"},"modified":"2025-11-07T13:27:06","modified_gmt":"2025-11-07T11:27:06","slug":"palu-gelpolish-hollywood-r11-11g","status":"publish","type":"product","link":"https:\/\/valika.eu\/fi\/toode\/palu-gelpolish-hollywood-r11-11g\/","title":{"rendered":"PALU Gelpolish Hollywood R11\/11g"},"content":{"rendered":"<p><\/p>\n<p>Pitk\u00e4t, vartaloa my\u00f6t\u00e4ilev\u00e4t mekot femme fatale -tyyliin, satiinik\u00e4sineet, t\u00e4ydellisen tyyliset kiharat ja herkulliset, piirretyt huulet. Rita Hayworth j\u00e4i historiaan paitsi ns &#8220;The Golden Age of Hollywood&#8221; ja seksin vetovoiman ruumiillistuma, mutta my\u00f6s ilmi\u00f6m\u00e4inen tanssija, jolla on suuri lahjakkuus.<\/p>\n<\/p>\n<p><strong>Tumma, viile\u00e4 punainen on eritt\u00e4in naisellinen s\u00e4vy, t\u00e4ydellinen romanttiseen tapaamiseen.<\/strong><\/p>\n<p>\u00a0<\/p>\n<p>Palu on ammattilaisten kosmetiikkaa ammattilaisille. Haluamme antaa sinulle valinnanvapauden, laatutakuun ja mukavan ty\u00f6n. Oletko luonut tyyli\u00e4 tuotteillamme? Muista kertoa meille ja merkit\u00e4 kuvasi Instagramissa hashtagilla <strong>#palusalonsystem<\/strong><\/p>\n<p><strong>Ammattik\u00e4ytt\u00f6\u00f6n tarkoitettu tuote.<\/strong><\/p>\n<ul>\n<li> peitt\u00e4\u00e4 vain 1-2 kerroksella<\/li>\n<li>helppo levitys<\/li>\n<li>intensiivinen kiilto<\/li>\n<li>koostumus: keskipaksu<\/li>\n<li>kest\u00e4\u00e4 jopa 3 viikkoa<\/li>\n<li>kapasiteetti: 11 g<\/li>\n<\/ul>\n<p><strong> <\/strong><\/p>\n<p><strong>K\u00e4ytt\u00f6:<\/strong><\/p>\n<p> Levit\u00e4 ohut kerros v\u00e4rillist\u00e4 hybridilakkaa aiemmin kovetetun Palu-hybridipohjan p\u00e4\u00e4lle ja koveta se UV\/LED-lampussa. Toimenpide voidaan toistaa tyydytt\u00e4v\u00e4n vaikutuksen saavuttamiseksi. Varmista muotoilu levitt\u00e4m\u00e4ll\u00e4 ja kovettamalla Palu toppi.<\/p>\n<p>\u00a0<\/p>\n<p><em>Haluamme ilmoittaa, ett\u00e4 teemme kaikkemme varmistaaksemme, ett\u00e4 sivustolla esitetyt grafiikat kuvastavat parhaiten tuotteidemme todelliset v\u00e4rit. Meist\u00e4 riippumattomia tekij\u00f6it\u00e4, kuten mm. grafiikkaa katseltaessa k\u00e4ytetty valaistus, k\u00e4ytetyn elektronisen laitteen tyyppi, n\u00e4yt\u00f6n asetukset tai n\u00e4yt\u00f6nohjaimet &#8211; vaikuttavat katsotun grafiikan vastaanottoon\/tulkintaan.<\/em><\/p><\/p>","protected":false},"excerpt":{"rendered":"<p>Pitk\u00e4t, vartaloa my\u00f6t\u00e4ilev\u00e4t mekot femme fatale -tyyliin, satiinik\u00e4sineet, t\u00e4ydellisen tyyliset kiharat ja herkulliset, piirretyt huulet. Rita Hayworth j\u00e4i historiaan paitsi<\/p>\n","protected":false},"featured_media":6502,"template":"","meta":[],"product_brand":[],"product_cat":[341],"product_tag":[],"class_list":{"0":"post-6503","1":"product","2":"type-product","3":"status-publish","4":"has-post-thumbnail","6":"product_cat-hollywood","8":"first","9":"instock","10":"taxable","11":"shipping-taxable","12":"purchasable","13":"product-type-simple"},"yoast_head":"<!-- This site is optimized with the Yoast SEO plugin v24.4 - https:\/\/yoast.com\/wordpress\/plugins\/seo\/ -->\n<title>PALU Gelpolish Hollywood R11\/11g | Valika<\/title>\n<meta name=\"robots\" content=\"index, follow, max-snippet:-1, max-image-preview:large, max-video-preview:-1\" \/>\n<link rel=\"canonical\" href=\"https:\/\/valika.eu\/fi\/toode\/palu-gelpolish-hollywood-r11-11g\/\" \/>\n<meta property=\"og:locale\" content=\"fi_FI\" \/>\n<meta property=\"og:type\" content=\"article\" \/>\n<meta property=\"og:title\" content=\"PALU Gelpolish Hollywood R11\/11g | Valika\" \/>\n<meta property=\"og:description\" content=\"Pitk\u00e4t, vartaloa my\u00f6t\u00e4ilev\u00e4t mekot femme fatale -tyyliin, satiinik\u00e4sineet, t\u00e4ydellisen tyyliset kiharat ja herkulliset, piirretyt huulet. Rita Hayworth j\u00e4i historiaan paitsi\" \/>\n<meta property=\"og:url\" content=\"https:\/\/valika.eu\/fi\/toode\/palu-gelpolish-hollywood-r11-11g\/\" \/>\n<meta property=\"og:site_name\" content=\"Valika\" \/>\n<meta property=\"article:publisher\" content=\"https:\/\/www.facebook.com\/tipsi.net\" \/>\n<meta property=\"article:modified_time\" content=\"2025-11-07T11:27:06+00:00\" \/>\n<meta property=\"og:image\" content=\"https:\/\/valika.eu\/wp-content\/uploads\/2024\/10\/5460.webp\" \/>\n\t<meta property=\"og:image:width\" content=\"1080\" \/>\n\t<meta property=\"og:image:height\" content=\"1080\" \/>\n\t<meta property=\"og:image:type\" content=\"image\/webp\" \/>\n<meta name=\"twitter:card\" content=\"summary_large_image\" \/>\n<script type=\"application\/ld+json\" class=\"yoast-schema-graph\">{\"@context\":\"https:\/\/schema.org\",\"@graph\":[{\"@type\":\"WebPage\",\"@id\":\"https:\/\/valika.eu\/fi\/toode\/palu-gelpolish-hollywood-r11-11g\/\",\"url\":\"https:\/\/valika.eu\/fi\/toode\/palu-gelpolish-hollywood-r11-11g\/\",\"name\":\"PALU Gelpolish Hollywood R11\/11g | Valika\",\"isPartOf\":{\"@id\":\"https:\/\/valika.eu\/fi\/#website\"},\"primaryImageOfPage\":{\"@id\":\"https:\/\/valika.eu\/fi\/toode\/palu-gelpolish-hollywood-r11-11g\/#primaryimage\"},\"image\":{\"@id\":\"https:\/\/valika.eu\/toode\/palu-gelpolish-hollywood-r11-11g\/#primaryimage\"},\"thumbnailUrl\":\"https:\/\/valika.eu\/wp-content\/uploads\/2024\/10\/5460.webp\",\"datePublished\":\"2024-10-13T09:43:13+00:00\",\"dateModified\":\"2025-11-07T11:27:06+00:00\",\"breadcrumb\":{\"@id\":\"https:\/\/valika.eu\/fi\/toode\/palu-gelpolish-hollywood-r11-11g\/#breadcrumb\"},\"inLanguage\":\"fi\",\"potentialAction\":[{\"@type\":\"ReadAction\",\"target\":[[\"https:\/\/valika.eu\/fi\/toode\/palu-gelpolish-hollywood-r11-11g\/\"]]}]},{\"@type\":\"ImageObject\",\"inLanguage\":\"fi\",\"@id\":\"https:\/\/valika.eu\/fi\/toode\/palu-gelpolish-hollywood-r11-11g\/#primaryimage\",\"url\":\"https:\/\/valika.eu\/wp-content\/uploads\/2024\/10\/5460.webp\",\"contentUrl\":\"https:\/\/valika.eu\/wp-content\/uploads\/2024\/10\/5460.webp\",\"width\":1080,\"height\":1080},{\"@type\":\"BreadcrumbList\",\"@id\":\"https:\/\/valika.eu\/fi\/toode\/palu-gelpolish-hollywood-r11-11g\/#breadcrumb\",\"itemListElement\":[{\"@type\":\"ListItem\",\"position\":1,\"name\":\"Koti\",\"item\":\"https:\/\/valika.eu\/fi\/\"},{\"@type\":\"ListItem\",\"position\":2,\"name\":\"Shop\",\"item\":\"https:\/\/valika.eu\/fi\/\"},{\"@type\":\"ListItem\",\"position\":3,\"name\":\"PALU Gelpolish Hollywood R11\/11g\"}]},{\"@type\":\"WebSite\",\"@id\":\"https:\/\/valika.eu\/fi\/#website\",\"url\":\"https:\/\/valika.eu\/fi\/\",\"name\":\"Valika.eu\",\"description\":\"Salonkituotteet ja kauneudenhoitotuotteet - Valika tarjoaa laajan valikoiman tuotteita ja tarvikkeita kynsiteknikoille, kauneushoitoloille, kampaamoille ja kampaamoille.\",\"publisher\":{\"@id\":\"https:\/\/valika.eu\/fi\/#organization\"},\"alternateName\":\"Valika\",\"potentialAction\":[{\"@type\":\"SearchAction\",\"target\":{\"@type\":\"EntryPoint\",\"urlTemplate\":\"https:\/\/valika.eu\/fi\/?s={search_term_string}\"},\"query-input\":{\"@type\":\"PropertyValueSpecification\",\"valueRequired\":true,\"valueName\":\"search_term_string\"}}],\"inLanguage\":\"fi\"},{\"@type\":\"Organization\",\"@id\":\"https:\/\/valika.eu\/fi\/#organization\",\"name\":\"Salongitoode O\u00dc\",\"alternateName\":\"Valika\",\"url\":\"https:\/\/valika.eu\/fi\/\",\"logo\":{\"@type\":\"ImageObject\",\"inLanguage\":\"fi\",\"@id\":\"https:\/\/valika.eu\/fi\/#\/schema\/logo\/image\/\",\"url\":\"https:\/\/valika.eu\/wp-content\/uploads\/2023\/11\/logo2-valika-footer.png\",\"contentUrl\":\"https:\/\/valika.eu\/wp-content\/uploads\/2023\/11\/logo2-valika-footer.png\",\"width\":200,\"height\":129,\"caption\":\"Salongitoode O\u00dc\"},\"image\":{\"@id\":\"https:\/\/valika.eu\/fi\/#\/schema\/logo\/image\/\"},\"sameAs\":[\"https:\/\/www.facebook.com\/tipsi.net\"]}]}<\/script>\n<!-- \/ Yoast SEO plugin. -->","yoast_head_json":{"title":"PALU Gelpolish Hollywood R11\/11g | Valika","robots":{"index":"index","follow":"follow","max-snippet":"max-snippet:-1","max-image-preview":"max-image-preview:large","max-video-preview":"max-video-preview:-1"},"canonical":"https:\/\/valika.eu\/fi\/toode\/palu-gelpolish-hollywood-r11-11g\/","og_locale":"fi_FI","og_type":"article","og_title":"PALU Gelpolish Hollywood R11\/11g | Valika","og_description":"Pitk\u00e4t, vartaloa my\u00f6t\u00e4ilev\u00e4t mekot femme fatale -tyyliin, satiinik\u00e4sineet, t\u00e4ydellisen tyyliset kiharat ja herkulliset, piirretyt huulet. Rita Hayworth j\u00e4i historiaan paitsi","og_url":"https:\/\/valika.eu\/fi\/toode\/palu-gelpolish-hollywood-r11-11g\/","og_site_name":"Valika","article_publisher":"https:\/\/www.facebook.com\/tipsi.net","article_modified_time":"2025-11-07T11:27:06+00:00","og_image":[{"width":1080,"height":1080,"url":"https:\/\/valika.eu\/wp-content\/uploads\/2024\/10\/5460.webp","type":"image\/webp"}],"twitter_card":"summary_large_image","schema":{"@context":"https:\/\/schema.org","@graph":[{"@type":"WebPage","@id":"https:\/\/valika.eu\/fi\/toode\/palu-gelpolish-hollywood-r11-11g\/","url":"https:\/\/valika.eu\/fi\/toode\/palu-gelpolish-hollywood-r11-11g\/","name":"PALU Gelpolish Hollywood R11\/11g | Valika","isPartOf":{"@id":"https:\/\/valika.eu\/fi\/#website"},"primaryImageOfPage":{"@id":"https:\/\/valika.eu\/fi\/toode\/palu-gelpolish-hollywood-r11-11g\/#primaryimage"},"image":{"@id":"https:\/\/valika.eu\/toode\/palu-gelpolish-hollywood-r11-11g\/#primaryimage"},"thumbnailUrl":"https:\/\/valika.eu\/wp-content\/uploads\/2024\/10\/5460.webp","datePublished":"2024-10-13T09:43:13+00:00","dateModified":"2025-11-07T11:27:06+00:00","breadcrumb":{"@id":"https:\/\/valika.eu\/fi\/toode\/palu-gelpolish-hollywood-r11-11g\/#breadcrumb"},"inLanguage":"fi","potentialAction":[{"@type":"ReadAction","target":[["https:\/\/valika.eu\/fi\/toode\/palu-gelpolish-hollywood-r11-11g\/"]]}]},{"@type":"ImageObject","inLanguage":"fi","@id":"https:\/\/valika.eu\/fi\/toode\/palu-gelpolish-hollywood-r11-11g\/#primaryimage","url":"https:\/\/valika.eu\/wp-content\/uploads\/2024\/10\/5460.webp","contentUrl":"https:\/\/valika.eu\/wp-content\/uploads\/2024\/10\/5460.webp","width":1080,"height":1080},{"@type":"BreadcrumbList","@id":"https:\/\/valika.eu\/fi\/toode\/palu-gelpolish-hollywood-r11-11g\/#breadcrumb","itemListElement":[{"@type":"ListItem","position":1,"name":"Koti","item":"https:\/\/valika.eu\/fi\/"},{"@type":"ListItem","position":2,"name":"Shop","item":"https:\/\/valika.eu\/fi\/"},{"@type":"ListItem","position":3,"name":"PALU Gelpolish Hollywood R11\/11g"}]},{"@type":"WebSite","@id":"https:\/\/valika.eu\/fi\/#website","url":"https:\/\/valika.eu\/fi\/","name":"Valika.eu","description":"Salonkituotteet ja kauneudenhoitotuotteet - Valika tarjoaa laajan valikoiman tuotteita ja tarvikkeita kynsiteknikoille, kauneushoitoloille, kampaamoille ja kampaamoille.","publisher":{"@id":"https:\/\/valika.eu\/fi\/#organization"},"alternateName":"Valika","potentialAction":[{"@type":"SearchAction","target":{"@type":"EntryPoint","urlTemplate":"https:\/\/valika.eu\/fi\/?s={search_term_string}"},"query-input":{"@type":"PropertyValueSpecification","valueRequired":true,"valueName":"search_term_string"}}],"inLanguage":"fi"},{"@type":"Organization","@id":"https:\/\/valika.eu\/fi\/#organization","name":"Salongitoode O\u00dc","alternateName":"Valika","url":"https:\/\/valika.eu\/fi\/","logo":{"@type":"ImageObject","inLanguage":"fi","@id":"https:\/\/valika.eu\/fi\/#\/schema\/logo\/image\/","url":"https:\/\/valika.eu\/wp-content\/uploads\/2023\/11\/logo2-valika-footer.png","contentUrl":"https:\/\/valika.eu\/wp-content\/uploads\/2023\/11\/logo2-valika-footer.png","width":200,"height":129,"caption":"Salongitoode O\u00dc"},"image":{"@id":"https:\/\/valika.eu\/fi\/#\/schema\/logo\/image\/"},"sameAs":["https:\/\/www.facebook.com\/tipsi.net"]}]}},"jetpack_sharing_enabled":true,"_links":{"self":[{"href":"https:\/\/valika.eu\/fi\/wp-json\/wp\/v2\/product\/6503","targetHints":{"allow":["GET"]}}],"collection":[{"href":"https:\/\/valika.eu\/fi\/wp-json\/wp\/v2\/product"}],"about":[{"href":"https:\/\/valika.eu\/fi\/wp-json\/wp\/v2\/types\/product"}],"wp:featuredmedia":[{"embeddable":true,"href":"https:\/\/valika.eu\/fi\/wp-json\/wp\/v2\/media\/6502"}],"wp:attachment":[{"href":"https:\/\/valika.eu\/fi\/wp-json\/wp\/v2\/media?parent=6503"}],"wp:term":[{"taxonomy":"product_brand","embeddable":true,"href":"https:\/\/valika.eu\/fi\/wp-json\/wp\/v2\/product_brand?post=6503"},{"taxonomy":"product_cat","embeddable":true,"href":"https:\/\/valika.eu\/fi\/wp-json\/wp\/v2\/product_cat?post=6503"},{"taxonomy":"product_tag","embeddable":true,"href":"https:\/\/valika.eu\/fi\/wp-json\/wp\/v2\/product_tag?post=6503"}],"curies":[{"name":"wp","href":"https:\/\/api.w.org\/{rel}","templated":true}]}}