{"id":6654,"date":"2024-10-13T12:53:53","date_gmt":"2024-10-13T09:53:53","guid":{"rendered":"https:\/\/valika.eu\/toode\/palu-gelpolish-kawasaki-ka3-11-g\/"},"modified":"2025-10-14T11:38:25","modified_gmt":"2025-10-14T08:38:25","slug":"palu-gelpolish-kawasaki-ka3-11-g","status":"publish","type":"product","link":"https:\/\/valika.eu\/fi\/toode\/palu-gelpolish-kawasaki-ka3-11-g\/","title":{"rendered":"PALU Gelpolish Kawasaki KA3 -11 g"},"content":{"rendered":"<p><\/p>\n<p><strong>Kawasaki 3<\/strong> on kirkkaan vihre\u00e4, joka muistuttaa tuoretta kev\u00e4\u00e4n ruohoa.<\/p>\n<p><strong>Kawasaki<\/strong> on yksi Japanin hieman piilossa olevista helmist\u00e4. Turistit yhdist\u00e4v\u00e4t sen ensisijaisesti <strong>Kanamara Matsuri<\/strong> -festivaaliin, joka on vuosittainen juhla jumalan <strong>Kanayama-hikon<\/strong> ja jumalattaren <strong>Kanayama-himen<\/strong> kunniaksi. Shinto-seuraajat uskovat, ett\u00e4 t\u00e4m\u00e4 jumalallinen pari takaa hedelm\u00e4llisyyden ja onnen avioliitossa ja perheess\u00e4. Festivaalin aikana kaupungin kadut ovat t\u00e4ynn\u00e4 v\u00e4kijoukkoja v\u00e4rikk\u00e4\u00e4sti pukeutuneita ihmisi\u00e4 (usein perinteisiss\u00e4 kimonoissa ja yukatoissa), jotka kantavat patsaita ja kannettavia pyh\u00e4kk\u00f6j\u00e4, ja niiden ymp\u00e4rill\u00e4 on runsaasti myyntikojuja, joissa myyd\u00e4\u00e4n paikallisia v\u00e4lipaloja ja matkamuistoja. Kanamara Matsuri on iloinen ihmisten seksuaalisuuden juhla, joka voi yll\u00e4tt\u00e4\u00e4 japanilaiseen pid\u00e4ttyvyyteen tottuneet eurooppalaiset. <strong>Kawasakissa<\/strong> sijaitsee my\u00f6s kaunis Daishi-temppeli, ulkoilmamuseot ja Ikuta Ryokuchi -puisto, joka ilahduttaa intensiivisill\u00e4 v\u00e4reill\u00e4 ymp\u00e4ri vuoden \u2013 kev\u00e4\u00e4ll\u00e4 kukkivista sakurakirsikoista kuuluisiin japanilaisiin punavaahteroihin. .<\/p>\n<p>T\u00e4m\u00e4 ilo, avoimuus ja v\u00e4rien r\u00e4j\u00e4hdys inspiroivat viimeisint\u00e4 kokoelmaamme. <strong>Palu Kawasaki<\/strong>on<strong>6 kirkasta, neons\u00e4vy\u00e4<\/strong>, jotka ovat kes\u00e4manikyyrin ydin. <strong>Mehukas oranssi, aurinkoinen keltainen, ruohonvihre\u00e4, syv\u00e4 koboltti, energinen violetti<\/strong> ja <strong>intensiivinen vaaleanpunainen<\/strong> n\u00e4ytt\u00e4v\u00e4t upeilta paitsi erikseen, my\u00f6s yhdistettyin\u00e4 &#8211; sek\u00e4 vierekk\u00e4isiss\u00e4 kynsiss\u00e4 ett\u00e4 osana yhdest\u00e4 koristeesta.<\/p>\n<p>Ja mik\u00e4 koriste voisi olla sopivampi japanilaiseen nenon-kokoelmaan kuin <strong>pisteet Yayoi Kusaman tyyliin? <\/strong>Kusama, jota kutsutaan <strong>pisteiden prinsessaksi<\/strong>, on yksi t\u00e4rkeimmist\u00e4 hahmoista japanilaisen nykytaiteen ja aktivismin maailmassa. H\u00e4net tunnetaan v\u00e4rikk\u00e4ist\u00e4 tilainstallaatioistaan, jotka muistuttavat hieman pop-taidetyyli\u00e4. H\u00e4nen teoksiaan l\u00f6ytyy paitsi museoista, my\u00f6s putiikeista, sill\u00e4 taiteilija on tehnyt yhteisty\u00f6t\u00e4 Louis Vuittonin kanssa. <strong>V\u00e4rikk\u00e4\u00e4t pisteet, jotka on tehty pallok\u00e4rjell\u00e4 varustetulla mittap\u00e4\u00e4ll\u00e4, <\/strong>ovat t\u00e4ydellinen tarjous el\u00e4vien kontrastien ja geometrian yst\u00e4ville, mutta my\u00f6s niille, jotka etsiv\u00e4t nopeaa ja tehokasta muotoiluideaa!<\/p>\n<p>Palun kosmetiikka ammattilaisilta ammattilaisille. Haluamme antaa sinulle valinnanvapauden, laatutakuun ja mukavan ty\u00f6n. Oletko luonut tyyli\u00e4 tuotteillamme? Muista kertoa meille ja merkit\u00e4 kuvasi Instagramissa hashtagilla <strong>#palusalonsystem<\/strong><\/p>\n<p><strong><\/strong><\/p>\n<p><em>Ole hyv\u00e4 neuvoi, ett\u00e4 teemme kaikkemme, jotta sivustolla esitetyt grafiikat kuvastavat parhaiten tuotteidemme todellisia v\u00e4rej\u00e4. Meist\u00e4 riippumattomia tekij\u00f6it\u00e4, kuten mm. grafiikkaa katseltaessa k\u00e4ytetty valaistus, k\u00e4ytetyn elektronisen laitteen tyyppi, n\u00e4yt\u00f6n asetukset tai n\u00e4yt\u00f6nohjaimet &#8211; vaikuttavat katsotun grafiikan vastaanottoon\/tulkintaan.<\/em><\/p>\n<p>\u00a0\u00a0<\/p>\n<p><strong> tuote on tarkoitettu ammattik\u00e4ytt\u00f6\u00f6n.<\/strong><\/p>\n<ul>\n<li>peitt\u00e4\u00e4 1-2 kerroksessa<\/li>\n<li>helppo levitys<\/li>\n<li>intensiivinen kiilto<\/li>\n<p> < li>konsistenssi : keskipaksu<\/li>\n<li>kest\u00e4vyys jopa 3 viikkoa<\/li>\n<li>kapasiteetti: 11 g<\/li>\n<\/ul>\n<div class=\"video-container\"><iframe loading=\"lazy\" title =\"YouTube-videosoitin\" src=\"https:\/\/www.youtube.com\/embed\/PLTDWe69OiY?si=L_4k44Rz9-YrIGSg\" width=\"560\" height=\"315\" frameborder=\"0\" allowfullscreen=\"allowfullscreen\"> <\/iframe> <\/div>\n<div class=\"video-container\"><iframe title=\"YouTube-videosoitin\" src=\"https:\/\/www.youtube.com\/embed\/xotVmzS5Nro?si=us4VhncWo7dCx0du\" width= \"560\" height =\"315\" frameborder=\"0\" allowfullscreen=\"allowfullscreen\"><\/iframe><\/div>\n<div class=\"video-container\"><iframe loading=\"lazy\" title=\"YouTube-videosoitin\" src=\"https :\/\/www .youtube.com\/embed\/L2qYzcrhnyM?si=zL7eCUSjKHIWAxHv\" width=\"560\" height=\"315\" frameborder=\"0\" allowfullscreen=\"allowfullscreen\"><\/iframe><\/div>\n<div class= \"video-container \"><iframe loading=\"lazy\" title=\"YouTube-videosoitin\" src=\"https:\/\/www.youtube.com\/embed\/qXr1B7JxR4Q?si=nflHfMQGo3rSY0kh\" width=\"560\" height=\"315\" frameborder=\"0 \" allowfullscreen=\" allowfullscreen\"><\/iframe><\/div>\n<div class=\"video-container\"><iframe loading=\"lazy\" title=\"YouTube-videosoitin\" src=\"https:\/\/www.youtube.com\/embed\/xVe -W8_9dgk?si =OSaFV_V05QiMvwdc\" width=\"560\" height=\"315\" frameborder=\"0\" allowfullscreen=\"allowfullscreen\"><\/iframe><\/div>\n<div class=\"video-container\"><iframe loading=\"lazy\" title= \"YouTube-videosoitin \" src=\"https:\/\/www.youtube.com\/embed\/JFRZ_vH6iAA?si=bM0xDkAqXxMIUzuX\" width=\"560\" height=\"315\" frameborder=\"0\" allowfullscreen=\"allowfullscreen\"><\/iframe ><\/div >\n<div class=\"video-container\"><iframe title=\"YouTube-videosoitin\" src=\"https:\/\/www.youtube.com\/embed\/IJxbyUvH7-Y?si=lypY5cQdjDBSvgxq\" width=\" 560\" height= \"315\" frameborder=\"0\" allowfullscreen=\"allowfullscreen\"><\/iframe><\/div>","protected":false},"excerpt":{"rendered":"<p>Kawasaki 3 on kirkkaan vihre\u00e4, joka muistuttaa tuoretta kev\u00e4\u00e4n ruohoa. Kawasaki on yksi Japanin hieman piilossa olevista helmist\u00e4. Turistit yhdist\u00e4v\u00e4t<\/p>\n","protected":false},"featured_media":6653,"template":"","meta":[],"product_brand":[],"product_cat":[341],"product_tag":[],"class_list":{"0":"post-6654","1":"product","2":"type-product","3":"status-publish","4":"has-post-thumbnail","6":"product_cat-hollywood","8":"first","9":"instock","10":"taxable","11":"shipping-taxable","12":"purchasable","13":"product-type-simple"},"yoast_head":"<!-- This site is optimized with the Yoast SEO plugin v24.4 - https:\/\/yoast.com\/wordpress\/plugins\/seo\/ -->\n<title>PALU Gelpolish Kawasaki KA3 -11 g | Valika<\/title>\n<meta name=\"robots\" content=\"index, follow, max-snippet:-1, max-image-preview:large, max-video-preview:-1\" \/>\n<link rel=\"canonical\" href=\"https:\/\/valika.eu\/fi\/toode\/palu-gelpolish-kawasaki-ka3-11-g\/\" \/>\n<meta property=\"og:locale\" content=\"fi_FI\" \/>\n<meta property=\"og:type\" content=\"article\" \/>\n<meta property=\"og:title\" content=\"PALU Gelpolish Kawasaki KA3 -11 g | Valika\" \/>\n<meta property=\"og:description\" content=\"Kawasaki 3 on kirkkaan vihre\u00e4, joka muistuttaa tuoretta kev\u00e4\u00e4n ruohoa. Kawasaki on yksi Japanin hieman piilossa olevista helmist\u00e4. Turistit yhdist\u00e4v\u00e4t\" \/>\n<meta property=\"og:url\" content=\"https:\/\/valika.eu\/fi\/toode\/palu-gelpolish-kawasaki-ka3-11-g\/\" \/>\n<meta property=\"og:site_name\" content=\"Valika\" \/>\n<meta property=\"article:publisher\" content=\"https:\/\/www.facebook.com\/tipsi.net\" \/>\n<meta property=\"article:modified_time\" content=\"2025-10-14T08:38:25+00:00\" \/>\n<meta property=\"og:image\" content=\"https:\/\/valika.eu\/wp-content\/uploads\/2024\/10\/5263.webp\" \/>\n\t<meta property=\"og:image:width\" content=\"1080\" \/>\n\t<meta property=\"og:image:height\" content=\"1080\" \/>\n\t<meta property=\"og:image:type\" content=\"image\/webp\" \/>\n<meta name=\"twitter:card\" content=\"summary_large_image\" \/>\n<script type=\"application\/ld+json\" class=\"yoast-schema-graph\">{\"@context\":\"https:\/\/schema.org\",\"@graph\":[{\"@type\":\"WebPage\",\"@id\":\"https:\/\/valika.eu\/fi\/toode\/palu-gelpolish-kawasaki-ka3-11-g\/\",\"url\":\"https:\/\/valika.eu\/fi\/toode\/palu-gelpolish-kawasaki-ka3-11-g\/\",\"name\":\"PALU Gelpolish Kawasaki KA3 -11 g | Valika\",\"isPartOf\":{\"@id\":\"https:\/\/valika.eu\/fi\/#website\"},\"primaryImageOfPage\":{\"@id\":\"https:\/\/valika.eu\/fi\/toode\/palu-gelpolish-kawasaki-ka3-11-g\/#primaryimage\"},\"image\":{\"@id\":\"https:\/\/valika.eu\/toode\/palu-gelpolish-kawasaki-ka3-11-g\/#primaryimage\"},\"thumbnailUrl\":\"https:\/\/valika.eu\/wp-content\/uploads\/2024\/10\/5263.webp\",\"datePublished\":\"2024-10-13T09:53:53+00:00\",\"dateModified\":\"2025-10-14T08:38:25+00:00\",\"breadcrumb\":{\"@id\":\"https:\/\/valika.eu\/fi\/toode\/palu-gelpolish-kawasaki-ka3-11-g\/#breadcrumb\"},\"inLanguage\":\"fi\",\"potentialAction\":[{\"@type\":\"ReadAction\",\"target\":[[\"https:\/\/valika.eu\/fi\/toode\/palu-gelpolish-kawasaki-ka3-11-g\/\"]]}]},{\"@type\":\"ImageObject\",\"inLanguage\":\"fi\",\"@id\":\"https:\/\/valika.eu\/fi\/toode\/palu-gelpolish-kawasaki-ka3-11-g\/#primaryimage\",\"url\":\"https:\/\/valika.eu\/wp-content\/uploads\/2024\/10\/5263.webp\",\"contentUrl\":\"https:\/\/valika.eu\/wp-content\/uploads\/2024\/10\/5263.webp\",\"width\":1080,\"height\":1080},{\"@type\":\"BreadcrumbList\",\"@id\":\"https:\/\/valika.eu\/fi\/toode\/palu-gelpolish-kawasaki-ka3-11-g\/#breadcrumb\",\"itemListElement\":[{\"@type\":\"ListItem\",\"position\":1,\"name\":\"Koti\",\"item\":\"https:\/\/valika.eu\/fi\/\"},{\"@type\":\"ListItem\",\"position\":2,\"name\":\"Shop\",\"item\":\"https:\/\/valika.eu\/fi\/\"},{\"@type\":\"ListItem\",\"position\":3,\"name\":\"PALU Gelpolish Kawasaki KA3 -11 g\"}]},{\"@type\":\"WebSite\",\"@id\":\"https:\/\/valika.eu\/fi\/#website\",\"url\":\"https:\/\/valika.eu\/fi\/\",\"name\":\"Valika.eu\",\"description\":\"Salonkituotteet ja kauneudenhoitotuotteet - Valika tarjoaa laajan valikoiman tuotteita ja tarvikkeita kynsiteknikoille, kauneushoitoloille, kampaamoille ja kampaamoille.\",\"publisher\":{\"@id\":\"https:\/\/valika.eu\/fi\/#organization\"},\"alternateName\":\"Valika\",\"potentialAction\":[{\"@type\":\"SearchAction\",\"target\":{\"@type\":\"EntryPoint\",\"urlTemplate\":\"https:\/\/valika.eu\/fi\/?s={search_term_string}\"},\"query-input\":{\"@type\":\"PropertyValueSpecification\",\"valueRequired\":true,\"valueName\":\"search_term_string\"}}],\"inLanguage\":\"fi\"},{\"@type\":\"Organization\",\"@id\":\"https:\/\/valika.eu\/fi\/#organization\",\"name\":\"Salongitoode O\u00dc\",\"alternateName\":\"Valika\",\"url\":\"https:\/\/valika.eu\/fi\/\",\"logo\":{\"@type\":\"ImageObject\",\"inLanguage\":\"fi\",\"@id\":\"https:\/\/valika.eu\/fi\/#\/schema\/logo\/image\/\",\"url\":\"https:\/\/valika.eu\/wp-content\/uploads\/2023\/11\/logo2-valika-footer.png\",\"contentUrl\":\"https:\/\/valika.eu\/wp-content\/uploads\/2023\/11\/logo2-valika-footer.png\",\"width\":200,\"height\":129,\"caption\":\"Salongitoode O\u00dc\"},\"image\":{\"@id\":\"https:\/\/valika.eu\/fi\/#\/schema\/logo\/image\/\"},\"sameAs\":[\"https:\/\/www.facebook.com\/tipsi.net\"]}]}<\/script>\n<!-- \/ Yoast SEO plugin. -->","yoast_head_json":{"title":"PALU Gelpolish Kawasaki KA3 -11 g | Valika","robots":{"index":"index","follow":"follow","max-snippet":"max-snippet:-1","max-image-preview":"max-image-preview:large","max-video-preview":"max-video-preview:-1"},"canonical":"https:\/\/valika.eu\/fi\/toode\/palu-gelpolish-kawasaki-ka3-11-g\/","og_locale":"fi_FI","og_type":"article","og_title":"PALU Gelpolish Kawasaki KA3 -11 g | Valika","og_description":"Kawasaki 3 on kirkkaan vihre\u00e4, joka muistuttaa tuoretta kev\u00e4\u00e4n ruohoa. Kawasaki on yksi Japanin hieman piilossa olevista helmist\u00e4. Turistit yhdist\u00e4v\u00e4t","og_url":"https:\/\/valika.eu\/fi\/toode\/palu-gelpolish-kawasaki-ka3-11-g\/","og_site_name":"Valika","article_publisher":"https:\/\/www.facebook.com\/tipsi.net","article_modified_time":"2025-10-14T08:38:25+00:00","og_image":[{"width":1080,"height":1080,"url":"https:\/\/valika.eu\/wp-content\/uploads\/2024\/10\/5263.webp","type":"image\/webp"}],"twitter_card":"summary_large_image","schema":{"@context":"https:\/\/schema.org","@graph":[{"@type":"WebPage","@id":"https:\/\/valika.eu\/fi\/toode\/palu-gelpolish-kawasaki-ka3-11-g\/","url":"https:\/\/valika.eu\/fi\/toode\/palu-gelpolish-kawasaki-ka3-11-g\/","name":"PALU Gelpolish Kawasaki KA3 -11 g | Valika","isPartOf":{"@id":"https:\/\/valika.eu\/fi\/#website"},"primaryImageOfPage":{"@id":"https:\/\/valika.eu\/fi\/toode\/palu-gelpolish-kawasaki-ka3-11-g\/#primaryimage"},"image":{"@id":"https:\/\/valika.eu\/toode\/palu-gelpolish-kawasaki-ka3-11-g\/#primaryimage"},"thumbnailUrl":"https:\/\/valika.eu\/wp-content\/uploads\/2024\/10\/5263.webp","datePublished":"2024-10-13T09:53:53+00:00","dateModified":"2025-10-14T08:38:25+00:00","breadcrumb":{"@id":"https:\/\/valika.eu\/fi\/toode\/palu-gelpolish-kawasaki-ka3-11-g\/#breadcrumb"},"inLanguage":"fi","potentialAction":[{"@type":"ReadAction","target":[["https:\/\/valika.eu\/fi\/toode\/palu-gelpolish-kawasaki-ka3-11-g\/"]]}]},{"@type":"ImageObject","inLanguage":"fi","@id":"https:\/\/valika.eu\/fi\/toode\/palu-gelpolish-kawasaki-ka3-11-g\/#primaryimage","url":"https:\/\/valika.eu\/wp-content\/uploads\/2024\/10\/5263.webp","contentUrl":"https:\/\/valika.eu\/wp-content\/uploads\/2024\/10\/5263.webp","width":1080,"height":1080},{"@type":"BreadcrumbList","@id":"https:\/\/valika.eu\/fi\/toode\/palu-gelpolish-kawasaki-ka3-11-g\/#breadcrumb","itemListElement":[{"@type":"ListItem","position":1,"name":"Koti","item":"https:\/\/valika.eu\/fi\/"},{"@type":"ListItem","position":2,"name":"Shop","item":"https:\/\/valika.eu\/fi\/"},{"@type":"ListItem","position":3,"name":"PALU Gelpolish Kawasaki KA3 -11 g"}]},{"@type":"WebSite","@id":"https:\/\/valika.eu\/fi\/#website","url":"https:\/\/valika.eu\/fi\/","name":"Valika.eu","description":"Salonkituotteet ja kauneudenhoitotuotteet - Valika tarjoaa laajan valikoiman tuotteita ja tarvikkeita kynsiteknikoille, kauneushoitoloille, kampaamoille ja kampaamoille.","publisher":{"@id":"https:\/\/valika.eu\/fi\/#organization"},"alternateName":"Valika","potentialAction":[{"@type":"SearchAction","target":{"@type":"EntryPoint","urlTemplate":"https:\/\/valika.eu\/fi\/?s={search_term_string}"},"query-input":{"@type":"PropertyValueSpecification","valueRequired":true,"valueName":"search_term_string"}}],"inLanguage":"fi"},{"@type":"Organization","@id":"https:\/\/valika.eu\/fi\/#organization","name":"Salongitoode O\u00dc","alternateName":"Valika","url":"https:\/\/valika.eu\/fi\/","logo":{"@type":"ImageObject","inLanguage":"fi","@id":"https:\/\/valika.eu\/fi\/#\/schema\/logo\/image\/","url":"https:\/\/valika.eu\/wp-content\/uploads\/2023\/11\/logo2-valika-footer.png","contentUrl":"https:\/\/valika.eu\/wp-content\/uploads\/2023\/11\/logo2-valika-footer.png","width":200,"height":129,"caption":"Salongitoode O\u00dc"},"image":{"@id":"https:\/\/valika.eu\/fi\/#\/schema\/logo\/image\/"},"sameAs":["https:\/\/www.facebook.com\/tipsi.net"]}]}},"jetpack_sharing_enabled":true,"_links":{"self":[{"href":"https:\/\/valika.eu\/fi\/wp-json\/wp\/v2\/product\/6654","targetHints":{"allow":["GET"]}}],"collection":[{"href":"https:\/\/valika.eu\/fi\/wp-json\/wp\/v2\/product"}],"about":[{"href":"https:\/\/valika.eu\/fi\/wp-json\/wp\/v2\/types\/product"}],"wp:featuredmedia":[{"embeddable":true,"href":"https:\/\/valika.eu\/fi\/wp-json\/wp\/v2\/media\/6653"}],"wp:attachment":[{"href":"https:\/\/valika.eu\/fi\/wp-json\/wp\/v2\/media?parent=6654"}],"wp:term":[{"taxonomy":"product_brand","embeddable":true,"href":"https:\/\/valika.eu\/fi\/wp-json\/wp\/v2\/product_brand?post=6654"},{"taxonomy":"product_cat","embeddable":true,"href":"https:\/\/valika.eu\/fi\/wp-json\/wp\/v2\/product_cat?post=6654"},{"taxonomy":"product_tag","embeddable":true,"href":"https:\/\/valika.eu\/fi\/wp-json\/wp\/v2\/product_tag?post=6654"}],"curies":[{"name":"wp","href":"https:\/\/api.w.org\/{rel}","templated":true}]}}