{"id":7008,"date":"2024-10-13T13:08:10","date_gmt":"2024-10-13T10:08:10","guid":{"rendered":"https:\/\/valika.eu\/toode\/palu-gelpolish-palermo-pa5-11g\/"},"modified":"2025-10-14T11:38:22","modified_gmt":"2025-10-14T08:38:22","slug":"palu-gelpolish-palermo-pa5-11g","status":"publish","type":"product","link":"https:\/\/valika.eu\/fi\/toode\/palu-gelpolish-palermo-pa5-11g\/","title":{"rendered":"PALU Gelpolish Palermo PA5\/11g"},"content":{"rendered":"<p><\/p>\n<p>Sisilian p\u00e4\u00e4kaupunki Palermo on kaupunki t\u00e4ynn\u00e4 kontrasteja. Historia kohtaa t\u00e4\u00e4ll\u00e4 nykyajan, ja vaikuttavat rakennukset kietoutuvat pieniin taloihin. Koet t\u00e4m\u00e4n h\u00e4mm\u00e4stytt\u00e4v\u00e4n sekoituksen itse, kun toimistorakennusten takaa ilmestyy maaginen jacarandapuiden katu. Sinut kuljetetaan v\u00e4litt\u00f6m\u00e4sti eksoottiseen maahan k\u00e4velem\u00e4ss\u00e4 aromaattisten vaalean violettien kukkien katoksen alla, joiden ter\u00e4lehdet luovat todellisen maton jalkojesi juureen.<\/p>\n<\/p>\n<p><strong>Pastellinpunainen on vuosia muuttumattomana s\u00e4ilynyt s\u00e4vy, joka inspiroi stylistej\u00e4 ja suunnittelijoita kev\u00e4\u00e4ll\u00e4. Siin\u00e4 on sek\u00e4 tytt\u00f6m\u00e4ist\u00e4 makeutta ett\u00e4 klassista eleganssia. Mitk\u00e4 kasvot saat siit\u00e4<\/strong><strong>?<\/strong><\/p>\n<p><strong><\/strong><\/p>\n<p><strong>Tuote on tarkoitettu ammattik\u00e4ytt\u00f6\u00f6n .<\/ strong><\/p>\n<ul>\n<li>peitt\u00e4\u00e4 1-2 kerroksessa<\/li>\n<li>helppo levitys<\/li>\n<li>intensiivinen kiilto<\/li>\n<li>koostumus: keskipaksu <\/li >\n<li>kest\u00e4vyys jopa 3 viikkoa<\/li>\n<li>kapasiteetti: 11 g<\/li>\n<\/ul>\n<div class=\"video-container\"><iframe loading=\"lazy\" title=\"YouTube-videosoitin\" src=\" https:\/\/www.youtube.com\/embed\/s_P6HHFFYPY?si=ItsDHv_K3sHFzVQl\" width=\"560\" height=\"315\" frameborder=\"0\" allowfullscreen=\"allowfullscreen\"><\/iframe><\/div>\n<div class =\"video-container\"><iframe loading=\"lazy\" title=\"YouTube-videosoitin\" src=\"https:\/\/www.youtube.com\/embed\/jXg1YX1F5JA?si=ZwlSX_BNr1f97hk-\" width=\"560\" height=\"315 \" frameborder= \"0\" allowfullscreen=\"allowfullscreen\"><\/iframe><\/div>\n<p><iframe loading=\"lazy\" title=\"YouTube-videosoitin\" src=\"https:\/\/www.youtube.com\/embed\/eAOQu23LCXM?si =Jxg- g28YLx3aVgkh\" width=\"560\" height=\"315\" frameborder=\"0\" allowfullscreen=\"allowfullscreen\"><\/iframe><\/p>\n<div class=\"video-container\"><iframe loading=\"lazy\" title=\"YouTube videosoitin\" src=\"https:\/\/www.youtube.com\/embed\/7iz92WGhKkw?si=1fNzq9vHFMxoOWUz\" width=\"560\" height=\"315\" frameborder=\"0\" allowfullscreen=\"allowfullscreen\"><\/iframe>< \/div> <\/p>\n<div class=\"video-container\"><iframe loading=\"lazy\" title=\"YouTube-videosoitin\" src=\"https:\/\/www.youtube.com\/embed\/FcQ-FalJpy4?si=HKxUTmJmJnQGjz1T\" width=\"560\" height=\" 315\" frameborder=\"0\" allowfullscreen=\"allowfullscreen\"><\/iframe><\/div>","protected":false},"excerpt":{"rendered":"<p>Sisilian p\u00e4\u00e4kaupunki Palermo on kaupunki t\u00e4ynn\u00e4 kontrasteja. Historia kohtaa t\u00e4\u00e4ll\u00e4 nykyajan, ja vaikuttavat rakennukset kietoutuvat pieniin taloihin. Koet t\u00e4m\u00e4n h\u00e4mm\u00e4stytt\u00e4v\u00e4n<\/p>\n","protected":false},"featured_media":7007,"template":"","meta":[],"product_brand":[],"product_cat":[341],"product_tag":[],"class_list":{"0":"post-7008","1":"product","2":"type-product","3":"status-publish","4":"has-post-thumbnail","6":"product_cat-hollywood","8":"first","9":"instock","10":"taxable","11":"shipping-taxable","12":"purchasable","13":"product-type-simple"},"yoast_head":"<!-- This site is optimized with the Yoast SEO plugin v24.4 - https:\/\/yoast.com\/wordpress\/plugins\/seo\/ -->\n<title>PALU Gelpolish Palermo PA5\/11g | Valika<\/title>\n<meta name=\"robots\" content=\"index, follow, max-snippet:-1, max-image-preview:large, max-video-preview:-1\" \/>\n<link rel=\"canonical\" href=\"https:\/\/valika.eu\/fi\/toode\/palu-gelpolish-palermo-pa5-11g\/\" \/>\n<meta property=\"og:locale\" content=\"fi_FI\" \/>\n<meta property=\"og:type\" content=\"article\" \/>\n<meta property=\"og:title\" content=\"PALU Gelpolish Palermo PA5\/11g | Valika\" \/>\n<meta property=\"og:description\" content=\"Sisilian p\u00e4\u00e4kaupunki Palermo on kaupunki t\u00e4ynn\u00e4 kontrasteja. Historia kohtaa t\u00e4\u00e4ll\u00e4 nykyajan, ja vaikuttavat rakennukset kietoutuvat pieniin taloihin. Koet t\u00e4m\u00e4n h\u00e4mm\u00e4stytt\u00e4v\u00e4n\" \/>\n<meta property=\"og:url\" content=\"https:\/\/valika.eu\/fi\/toode\/palu-gelpolish-palermo-pa5-11g\/\" \/>\n<meta property=\"og:site_name\" content=\"Valika\" \/>\n<meta property=\"article:publisher\" content=\"https:\/\/www.facebook.com\/tipsi.net\" \/>\n<meta property=\"article:modified_time\" content=\"2025-10-14T08:38:22+00:00\" \/>\n<meta property=\"og:image\" content=\"https:\/\/valika.eu\/wp-content\/uploads\/2024\/10\/5441.webp\" \/>\n\t<meta property=\"og:image:width\" content=\"1350\" \/>\n\t<meta property=\"og:image:height\" content=\"1350\" \/>\n\t<meta property=\"og:image:type\" content=\"image\/webp\" \/>\n<meta name=\"twitter:card\" content=\"summary_large_image\" \/>\n<script type=\"application\/ld+json\" class=\"yoast-schema-graph\">{\"@context\":\"https:\/\/schema.org\",\"@graph\":[{\"@type\":\"WebPage\",\"@id\":\"https:\/\/valika.eu\/fi\/toode\/palu-gelpolish-palermo-pa5-11g\/\",\"url\":\"https:\/\/valika.eu\/fi\/toode\/palu-gelpolish-palermo-pa5-11g\/\",\"name\":\"PALU Gelpolish Palermo PA5\/11g | Valika\",\"isPartOf\":{\"@id\":\"https:\/\/valika.eu\/fi\/#website\"},\"primaryImageOfPage\":{\"@id\":\"https:\/\/valika.eu\/fi\/toode\/palu-gelpolish-palermo-pa5-11g\/#primaryimage\"},\"image\":{\"@id\":\"https:\/\/valika.eu\/toode\/palu-gelpolish-palermo-pa5-11g\/#primaryimage\"},\"thumbnailUrl\":\"https:\/\/valika.eu\/wp-content\/uploads\/2024\/10\/5441.webp\",\"datePublished\":\"2024-10-13T10:08:10+00:00\",\"dateModified\":\"2025-10-14T08:38:22+00:00\",\"breadcrumb\":{\"@id\":\"https:\/\/valika.eu\/fi\/toode\/palu-gelpolish-palermo-pa5-11g\/#breadcrumb\"},\"inLanguage\":\"fi\",\"potentialAction\":[{\"@type\":\"ReadAction\",\"target\":[[\"https:\/\/valika.eu\/fi\/toode\/palu-gelpolish-palermo-pa5-11g\/\"]]}]},{\"@type\":\"ImageObject\",\"inLanguage\":\"fi\",\"@id\":\"https:\/\/valika.eu\/fi\/toode\/palu-gelpolish-palermo-pa5-11g\/#primaryimage\",\"url\":\"https:\/\/valika.eu\/wp-content\/uploads\/2024\/10\/5441.webp\",\"contentUrl\":\"https:\/\/valika.eu\/wp-content\/uploads\/2024\/10\/5441.webp\",\"width\":1350,\"height\":1350},{\"@type\":\"BreadcrumbList\",\"@id\":\"https:\/\/valika.eu\/fi\/toode\/palu-gelpolish-palermo-pa5-11g\/#breadcrumb\",\"itemListElement\":[{\"@type\":\"ListItem\",\"position\":1,\"name\":\"Koti\",\"item\":\"https:\/\/valika.eu\/fi\/\"},{\"@type\":\"ListItem\",\"position\":2,\"name\":\"Shop\",\"item\":\"https:\/\/valika.eu\/fi\/\"},{\"@type\":\"ListItem\",\"position\":3,\"name\":\"PALU Gelpolish Palermo PA5\/11g\"}]},{\"@type\":\"WebSite\",\"@id\":\"https:\/\/valika.eu\/fi\/#website\",\"url\":\"https:\/\/valika.eu\/fi\/\",\"name\":\"Valika.eu\",\"description\":\"Salonkituotteet ja kauneudenhoitotuotteet - Valika tarjoaa laajan valikoiman tuotteita ja tarvikkeita kynsiteknikoille, kauneushoitoloille, kampaamoille ja kampaamoille.\",\"publisher\":{\"@id\":\"https:\/\/valika.eu\/fi\/#organization\"},\"alternateName\":\"Valika\",\"potentialAction\":[{\"@type\":\"SearchAction\",\"target\":{\"@type\":\"EntryPoint\",\"urlTemplate\":\"https:\/\/valika.eu\/fi\/?s={search_term_string}\"},\"query-input\":{\"@type\":\"PropertyValueSpecification\",\"valueRequired\":true,\"valueName\":\"search_term_string\"}}],\"inLanguage\":\"fi\"},{\"@type\":\"Organization\",\"@id\":\"https:\/\/valika.eu\/fi\/#organization\",\"name\":\"Salongitoode O\u00dc\",\"alternateName\":\"Valika\",\"url\":\"https:\/\/valika.eu\/fi\/\",\"logo\":{\"@type\":\"ImageObject\",\"inLanguage\":\"fi\",\"@id\":\"https:\/\/valika.eu\/fi\/#\/schema\/logo\/image\/\",\"url\":\"https:\/\/valika.eu\/wp-content\/uploads\/2023\/11\/logo2-valika-footer.png\",\"contentUrl\":\"https:\/\/valika.eu\/wp-content\/uploads\/2023\/11\/logo2-valika-footer.png\",\"width\":200,\"height\":129,\"caption\":\"Salongitoode O\u00dc\"},\"image\":{\"@id\":\"https:\/\/valika.eu\/fi\/#\/schema\/logo\/image\/\"},\"sameAs\":[\"https:\/\/www.facebook.com\/tipsi.net\"]}]}<\/script>\n<!-- \/ Yoast SEO plugin. -->","yoast_head_json":{"title":"PALU Gelpolish Palermo PA5\/11g | Valika","robots":{"index":"index","follow":"follow","max-snippet":"max-snippet:-1","max-image-preview":"max-image-preview:large","max-video-preview":"max-video-preview:-1"},"canonical":"https:\/\/valika.eu\/fi\/toode\/palu-gelpolish-palermo-pa5-11g\/","og_locale":"fi_FI","og_type":"article","og_title":"PALU Gelpolish Palermo PA5\/11g | Valika","og_description":"Sisilian p\u00e4\u00e4kaupunki Palermo on kaupunki t\u00e4ynn\u00e4 kontrasteja. Historia kohtaa t\u00e4\u00e4ll\u00e4 nykyajan, ja vaikuttavat rakennukset kietoutuvat pieniin taloihin. Koet t\u00e4m\u00e4n h\u00e4mm\u00e4stytt\u00e4v\u00e4n","og_url":"https:\/\/valika.eu\/fi\/toode\/palu-gelpolish-palermo-pa5-11g\/","og_site_name":"Valika","article_publisher":"https:\/\/www.facebook.com\/tipsi.net","article_modified_time":"2025-10-14T08:38:22+00:00","og_image":[{"width":1350,"height":1350,"url":"https:\/\/valika.eu\/wp-content\/uploads\/2024\/10\/5441.webp","type":"image\/webp"}],"twitter_card":"summary_large_image","schema":{"@context":"https:\/\/schema.org","@graph":[{"@type":"WebPage","@id":"https:\/\/valika.eu\/fi\/toode\/palu-gelpolish-palermo-pa5-11g\/","url":"https:\/\/valika.eu\/fi\/toode\/palu-gelpolish-palermo-pa5-11g\/","name":"PALU Gelpolish Palermo PA5\/11g | Valika","isPartOf":{"@id":"https:\/\/valika.eu\/fi\/#website"},"primaryImageOfPage":{"@id":"https:\/\/valika.eu\/fi\/toode\/palu-gelpolish-palermo-pa5-11g\/#primaryimage"},"image":{"@id":"https:\/\/valika.eu\/toode\/palu-gelpolish-palermo-pa5-11g\/#primaryimage"},"thumbnailUrl":"https:\/\/valika.eu\/wp-content\/uploads\/2024\/10\/5441.webp","datePublished":"2024-10-13T10:08:10+00:00","dateModified":"2025-10-14T08:38:22+00:00","breadcrumb":{"@id":"https:\/\/valika.eu\/fi\/toode\/palu-gelpolish-palermo-pa5-11g\/#breadcrumb"},"inLanguage":"fi","potentialAction":[{"@type":"ReadAction","target":[["https:\/\/valika.eu\/fi\/toode\/palu-gelpolish-palermo-pa5-11g\/"]]}]},{"@type":"ImageObject","inLanguage":"fi","@id":"https:\/\/valika.eu\/fi\/toode\/palu-gelpolish-palermo-pa5-11g\/#primaryimage","url":"https:\/\/valika.eu\/wp-content\/uploads\/2024\/10\/5441.webp","contentUrl":"https:\/\/valika.eu\/wp-content\/uploads\/2024\/10\/5441.webp","width":1350,"height":1350},{"@type":"BreadcrumbList","@id":"https:\/\/valika.eu\/fi\/toode\/palu-gelpolish-palermo-pa5-11g\/#breadcrumb","itemListElement":[{"@type":"ListItem","position":1,"name":"Koti","item":"https:\/\/valika.eu\/fi\/"},{"@type":"ListItem","position":2,"name":"Shop","item":"https:\/\/valika.eu\/fi\/"},{"@type":"ListItem","position":3,"name":"PALU Gelpolish Palermo PA5\/11g"}]},{"@type":"WebSite","@id":"https:\/\/valika.eu\/fi\/#website","url":"https:\/\/valika.eu\/fi\/","name":"Valika.eu","description":"Salonkituotteet ja kauneudenhoitotuotteet - Valika tarjoaa laajan valikoiman tuotteita ja tarvikkeita kynsiteknikoille, kauneushoitoloille, kampaamoille ja kampaamoille.","publisher":{"@id":"https:\/\/valika.eu\/fi\/#organization"},"alternateName":"Valika","potentialAction":[{"@type":"SearchAction","target":{"@type":"EntryPoint","urlTemplate":"https:\/\/valika.eu\/fi\/?s={search_term_string}"},"query-input":{"@type":"PropertyValueSpecification","valueRequired":true,"valueName":"search_term_string"}}],"inLanguage":"fi"},{"@type":"Organization","@id":"https:\/\/valika.eu\/fi\/#organization","name":"Salongitoode O\u00dc","alternateName":"Valika","url":"https:\/\/valika.eu\/fi\/","logo":{"@type":"ImageObject","inLanguage":"fi","@id":"https:\/\/valika.eu\/fi\/#\/schema\/logo\/image\/","url":"https:\/\/valika.eu\/wp-content\/uploads\/2023\/11\/logo2-valika-footer.png","contentUrl":"https:\/\/valika.eu\/wp-content\/uploads\/2023\/11\/logo2-valika-footer.png","width":200,"height":129,"caption":"Salongitoode O\u00dc"},"image":{"@id":"https:\/\/valika.eu\/fi\/#\/schema\/logo\/image\/"},"sameAs":["https:\/\/www.facebook.com\/tipsi.net"]}]}},"jetpack_sharing_enabled":true,"_links":{"self":[{"href":"https:\/\/valika.eu\/fi\/wp-json\/wp\/v2\/product\/7008","targetHints":{"allow":["GET"]}}],"collection":[{"href":"https:\/\/valika.eu\/fi\/wp-json\/wp\/v2\/product"}],"about":[{"href":"https:\/\/valika.eu\/fi\/wp-json\/wp\/v2\/types\/product"}],"wp:featuredmedia":[{"embeddable":true,"href":"https:\/\/valika.eu\/fi\/wp-json\/wp\/v2\/media\/7007"}],"wp:attachment":[{"href":"https:\/\/valika.eu\/fi\/wp-json\/wp\/v2\/media?parent=7008"}],"wp:term":[{"taxonomy":"product_brand","embeddable":true,"href":"https:\/\/valika.eu\/fi\/wp-json\/wp\/v2\/product_brand?post=7008"},{"taxonomy":"product_cat","embeddable":true,"href":"https:\/\/valika.eu\/fi\/wp-json\/wp\/v2\/product_cat?post=7008"},{"taxonomy":"product_tag","embeddable":true,"href":"https:\/\/valika.eu\/fi\/wp-json\/wp\/v2\/product_tag?post=7008"}],"curies":[{"name":"wp","href":"https:\/\/api.w.org\/{rel}","templated":true}]}}